{"id":35048,"date":"2025-12-09T22:13:04","date_gmt":"2025-12-09T19:13:04","guid":{"rendered":"https:\/\/www.neolife.com.tr\/?page_id=35048"},"modified":"2025-12-09T22:14:28","modified_gmt":"2025-12-09T19:14:28","slug":"medicinska-genetika","status":"publish","type":"page","link":"https:\/\/www.neolife.com.tr\/sr\/medicinska-genetika\/","title":{"rendered":"Medicinska Genetika"},"content":{"rendered":"\t\t<div data-elementor-type=\"wp-page\" data-elementor-id=\"35048\" class=\"elementor elementor-35048\" data-elementor-post-type=\"page\">\n\t\t\t\t\t\t<section class=\"elementor-section elementor-top-section elementor-element elementor-element-4957c7b elementor-section-boxed elementor-section-height-default elementor-section-height-default\" data-id=\"4957c7b\" data-element_type=\"section\">\n\t\t\t\t\t\t<div class=\"elementor-container elementor-column-gap-default\">\n\t\t\t\t\t<div class=\"elementor-column elementor-col-100 elementor-top-column elementor-element elementor-element-31a93d2\" data-id=\"31a93d2\" data-element_type=\"column\">\n\t\t\t<div class=\"elementor-widget-wrap elementor-element-populated\">\n\t\t\t\t\t\t<div class=\"elementor-element elementor-element-f129bc6 elementor-widget elementor-widget-text-editor\" data-id=\"f129bc6\" data-element_type=\"widget\" data-widget_type=\"text-editor.default\">\n\t\t\t\t<div class=\"elementor-widget-container\">\n\t\t\t\t\t\t\t\t\t<p data-path-to-node=\"1\"><b>Medicinska Genetika<\/b><\/p><p data-path-to-node=\"1\"><img fetchpriority=\"high\" decoding=\"async\" class=\"wp-image-613 size-full\" src=\"https:\/\/neolife.com.tr\/wp-content\/uploads\/2016\/09\/tibbi-genetik.jpg\" alt=\"\" width=\"800\" height=\"416\" \/><\/p><p data-path-to-node=\"2\"><b>\u0160ta je test genetske predispozicije?<\/b> Genetski testovi, poznati i kao testovi DNK i genetskog koda, su medicinski testovi koji omogu\u0107avaju otkrivanje promena u hromozomima, genima ili proteinima. Pre nego \u0161to \u0107elije postanu kancerogene, moraju pro\u0107i kroz veliki broj genetskih promena. Genetski testovi omogu\u0107avaju identifikaciju ovih promena.<\/p><p data-path-to-node=\"3\"><\/p><p data-path-to-node=\"4\"><b>Ko bi trebalo da uradi test genetske predispozicije?<\/b> Zdrave osobe koje znaju da u njihovoj porodici postoji nasledna kancerogena bolest i \u017eele da saznaju sopstvene genetske rizike tako\u0111e mogu uraditi ove testove.<\/p><ul data-path-to-node=\"5\"><li><p data-path-to-node=\"5,0,0\">Ako u porodici postoji rak dojke, jajnika, pankreasa ili debelog creva za koji se smatra da mo\u017ee biti genetski,<\/p><\/li><li><p data-path-to-node=\"5,1,0\">Ako u porodici postoji osoba sa trostruko negativnim rakom dojke,<\/p><\/li><li><p data-path-to-node=\"5,2,0\">Pacijenti kojima je dijagnostikovan rak dojke pre 50. godine \u017eivota,<\/p><\/li><li><p data-path-to-node=\"5,3,0\">Pacijenti sa rakom jajnika u bilo kom \u017eivotnom dobu,<\/p><\/li><li><p data-path-to-node=\"5,4,0\">Pacijenti kod kojih se razvio rak dojke ili jajnika vi\u0161e puta (ili vi\u0161e primarnih tumora),<\/p><\/li><li><p data-path-to-node=\"5,5,0\">Pacijenti sa istorijom sindroma naslednog kancera,<\/p><\/li><li><p data-path-to-node=\"5,6,0\">Osobe koje dolaze iz regiona sa visokim rizikom od naslednog kancera,<\/p><\/li><li><p data-path-to-node=\"5,7,0\">Rak dojke kod mu\u0161karaca.<\/p><\/li><\/ul><p data-path-to-node=\"6\"><b>Kako se izvodi test genetske predispozicije?<\/b> Analiza testa genetske predispozicije se vr\u0161i ili putem epruvete krvi ili putem pljuva\u010dke.<\/p><p data-path-to-node=\"7\"><b>Koji geni se analiziraju testom genetske predispozicije?<\/b> Dostupni su nam paneli koji po\u010dinju od 21 gena pa sve do 508 gena. Glavnih 21 gena koji se skeniraju su slede\u0107i: BRCA1, BRCA2, CDH1, PTEN, TP53, PALB2, STK11, ATM, BARD1, BRIP1, CHEK2, MLH1, MSH2, MSH6, MRE11A, MUTHY, NBN, PMS2, PMS1, RAD51C, RAD50<\/p><p data-path-to-node=\"8\"><b>\u0160ta treba da radim ako imam genetsku predispoziciju za rak?<\/b> Rizik od raka je veoma visok kod osoba kod kojih je prona\u0111ena genetska mutacija povezana sa naslednim rakom dojke. Tuma\u010denje testova i planiranje rizika treba proceniti zajedni\u010dkim radom stru\u010dnjaka i napraviti planove upravljanja rizikom za budu\u0107nost.<\/p><p data-path-to-node=\"9\"><b>Koje su klini\u010dke prednosti testova na nasledni kancer?<\/b><\/p><ul data-path-to-node=\"10\"><li><p data-path-to-node=\"10,0,0\">Omogu\u0107ava preduzimanje medicinskih mera za prevenciju nastanka raka kod pacijenata za koje se utvrdi da su nosioci gena predispozicije,<\/p><\/li><li><p data-path-to-node=\"10,1,0\">Pru\u017ea mogu\u0107nost redovnog pra\u0107enja i rane intervencije za relevantne rizike od raka,<\/p><\/li><li><p data-path-to-node=\"10,2,0\">Osobe za koje se utvrdi da ne nose gene predispozicije prisutne u porodici, za\u0161ti\u0107ene su od nepotrebnog pra\u0107enja i intervencija,<\/p><\/li><li><p data-path-to-node=\"10,3,0\">Mogu se planirati personalizovane terapije prema genima predispozicije.<\/p><\/li><\/ul><p data-path-to-node=\"11\"><b>Imam preostali komad tkiva od prethodne biopsije. Mo\u017eemo li to koristiti umesto krvi za genetski test?<\/b> Ukoliko se radi test od 508 gena za individualnu terapiju, da. Ali za sve ostale somatske i nasledne testove na rak potrebna je krv ili pljuva\u010dka.<\/p><p data-path-to-node=\"12\"><b>Da li se rezultati iz inostranstva dostavljaju na engleskom jeziku?<\/b> Pored toga \u0161to se rezultati dostavljaju na engleskom, ukoliko \u017eelite, mogu se izvestiti i na turskom jeziku uz potpis na\u0161eg lekara.<\/p><p data-path-to-node=\"13\"><b>Mo\u017eemo li verovati bazi podataka koja se koristi tokom analize?<\/b> Baze podataka koje koriste ovakve laboratorije koje su zavr\u0161ile svoje akreditacije su zajedni\u010dke i otvorenog koda (open-source). Pored toga, vr\u0161i se pore\u0111enje i sa bankom genoma koju su prikupili u sopstvenoj infrastrukturi.<\/p><p data-path-to-node=\"14\"><b>Za koliko dana sti\u017eu rezultati?<\/b> Vreme varira u zavisnosti od kori\u0161\u0107enog panela; izve\u0161tavanje se vr\u0161i u proseku za 20-30 dana. Ovde je najva\u017eniji kriterijum da li je uzeti uzorak pro\u0161ao fazu kontrole kvaliteta i da li je pogodan za ulazak u analizu. U suprotnom, mo\u017ee se pristupiti besplatnom ponovnom uzorkovanju.<\/p>\t\t\t\t\t\t\t\t<\/div>\n\t\t\t\t<\/div>\n\t\t\t\t\t<\/div>\n\t\t<\/div>\n\t\t\t\t\t<\/div>\n\t\t<\/section>\n\t\t\t\t<\/div>\n\t\t","protected":false},"excerpt":{"rendered":"<p>Medicinska Genetika \u0160ta je test genetske predispozicije? Genetski testovi, poznati i kao testovi DNK i genetskog koda, su medicinski testovi koji omogu\u0107avaju otkrivanje promena u hromozomima, genima ili proteinima. Pre nego \u0161to \u0107elije postanu kancerogene, moraju pro\u0107i kroz veliki broj genetskih promena. Genetski testovi omogu\u0107avaju identifikaciju ovih promena. Ko bi trebalo da uradi test genetske [&hellip;]<\/p>\n","protected":false},"author":15,"featured_media":35049,"parent":0,"menu_order":0,"comment_status":"open","ping_status":"open","template":"","meta":{"footnotes":""},"class_list":["post-35048","page","type-page","status-publish","has-post-thumbnail","hentry"],"yoast_head":"<!-- This site is optimized with the Yoast SEO plugin v22.5 - https:\/\/yoast.com\/wordpress\/plugins\/seo\/ -->\n<title>Medicinska Genetika - Neolife T\u0131p Merkezi<\/title>\n<meta name=\"robots\" content=\"index, follow, max-snippet:-1, max-image-preview:large, max-video-preview:-1\" \/>\n<link rel=\"canonical\" href=\"https:\/\/www.neolife.com.tr\/sr\/medicinska-genetika\/\" \/>\n<meta name=\"twitter:label1\" content=\"\u041f\u0440\u043e\u0446\u0435\u045a\u0435\u043d\u043e \u0432\u0440\u0435\u043c\u0435 \u0447\u0438\u0442\u0430\u045a\u0430\" \/>\n\t<meta name=\"twitter:data1\" content=\"4 \u043c\u0438\u043d\u0443\u0442\u0430\" \/>\n<script type=\"application\/ld+json\" class=\"yoast-schema-graph\">{\"@context\":\"https:\/\/schema.org\",\"@graph\":[{\"@type\":\"WebPage\",\"@id\":\"https:\/\/www.neolife.com.tr\/sr\/medicinska-genetika\/\",\"url\":\"https:\/\/www.neolife.com.tr\/sr\/medicinska-genetika\/\",\"name\":\"Medicinska Genetika - Neolife T\u0131p Merkezi\",\"isPartOf\":{\"@id\":\"https:\/\/www.neolife.com.tr\/#website\"},\"primaryImageOfPage\":{\"@id\":\"https:\/\/www.neolife.com.tr\/sr\/medicinska-genetika\/#primaryimage\"},\"image\":{\"@id\":\"https:\/\/www.neolife.com.tr\/sr\/medicinska-genetika\/#primaryimage\"},\"thumbnailUrl\":\"https:\/\/www.neolife.com.tr\/wp-content\/uploads\/2016\/09\/tibbi-genetik.jpg\",\"datePublished\":\"2025-12-09T19:13:04+00:00\",\"dateModified\":\"2025-12-09T19:14:28+00:00\",\"breadcrumb\":{\"@id\":\"https:\/\/www.neolife.com.tr\/sr\/medicinska-genetika\/#breadcrumb\"},\"inLanguage\":\"sr-RS\",\"potentialAction\":[{\"@type\":\"ReadAction\",\"target\":[\"https:\/\/www.neolife.com.tr\/sr\/medicinska-genetika\/\"]}]},{\"@type\":\"ImageObject\",\"inLanguage\":\"sr-RS\",\"@id\":\"https:\/\/www.neolife.com.tr\/sr\/medicinska-genetika\/#primaryimage\",\"url\":\"https:\/\/www.neolife.com.tr\/wp-content\/uploads\/2016\/09\/tibbi-genetik.jpg\",\"contentUrl\":\"https:\/\/www.neolife.com.tr\/wp-content\/uploads\/2016\/09\/tibbi-genetik.jpg\",\"width\":1206,\"height\":416},{\"@type\":\"BreadcrumbList\",\"@id\":\"https:\/\/www.neolife.com.tr\/sr\/medicinska-genetika\/#breadcrumb\",\"itemListElement\":[{\"@type\":\"ListItem\",\"position\":1,\"name\":\"Ana Sayfa\",\"item\":\"https:\/\/www.neolife.com.tr\/sr\/\"},{\"@type\":\"ListItem\",\"position\":2,\"name\":\"Medicinska Genetika\"}]},{\"@type\":\"WebSite\",\"@id\":\"https:\/\/www.neolife.com.tr\/#website\",\"url\":\"https:\/\/www.neolife.com.tr\/\",\"name\":\"Neolife T\u0131p Merkezi\",\"description\":\"T\u00fcrkiye&#039;de kanser tedavisi - kanser te\u015fhisi ve tedavisi\",\"publisher\":{\"@id\":\"https:\/\/www.neolife.com.tr\/#organization\"},\"potentialAction\":[{\"@type\":\"SearchAction\",\"target\":{\"@type\":\"EntryPoint\",\"urlTemplate\":\"https:\/\/www.neolife.com.tr\/?s={search_term_string}\"},\"query-input\":\"required name=search_term_string\"}],\"inLanguage\":\"sr-RS\"},{\"@type\":\"Organization\",\"@id\":\"https:\/\/www.neolife.com.tr\/#organization\",\"name\":\"Neolife T\u0131p Merkezi\",\"url\":\"https:\/\/www.neolife.com.tr\/\",\"logo\":{\"@type\":\"ImageObject\",\"inLanguage\":\"sr-RS\",\"@id\":\"https:\/\/www.neolife.com.tr\/#\/schema\/logo\/image\/\",\"url\":\"https:\/\/www.neolife.com.tr\/wp-content\/uploads\/2021\/06\/Neolife-Logo.png\",\"contentUrl\":\"https:\/\/www.neolife.com.tr\/wp-content\/uploads\/2021\/06\/Neolife-Logo.png\",\"width\":348,\"height\":92,\"caption\":\"Neolife T\u0131p Merkezi\"},\"image\":{\"@id\":\"https:\/\/www.neolife.com.tr\/#\/schema\/logo\/image\/\"},\"sameAs\":[\"https:\/\/www.facebook.com\/NeoLifeIstanbul\/\",\"https:\/\/x.com\/NeoLifeIstanbul\",\"https:\/\/www.linkedin.com\/company\/neolife-oncology-center\/?originalSubdomain=tr\"]}]}<\/script>\n<!-- \/ Yoast SEO plugin. -->","yoast_head_json":{"title":"Medicinska Genetika - Neolife T\u0131p Merkezi","robots":{"index":"index","follow":"follow","max-snippet":"max-snippet:-1","max-image-preview":"max-image-preview:large","max-video-preview":"max-video-preview:-1"},"canonical":"https:\/\/www.neolife.com.tr\/sr\/medicinska-genetika\/","twitter_misc":{"\u041f\u0440\u043e\u0446\u0435\u045a\u0435\u043d\u043e \u0432\u0440\u0435\u043c\u0435 \u0447\u0438\u0442\u0430\u045a\u0430":"4 \u043c\u0438\u043d\u0443\u0442\u0430"},"schema":{"@context":"https:\/\/schema.org","@graph":[{"@type":"WebPage","@id":"https:\/\/www.neolife.com.tr\/sr\/medicinska-genetika\/","url":"https:\/\/www.neolife.com.tr\/sr\/medicinska-genetika\/","name":"Medicinska Genetika - Neolife T\u0131p Merkezi","isPartOf":{"@id":"https:\/\/www.neolife.com.tr\/#website"},"primaryImageOfPage":{"@id":"https:\/\/www.neolife.com.tr\/sr\/medicinska-genetika\/#primaryimage"},"image":{"@id":"https:\/\/www.neolife.com.tr\/sr\/medicinska-genetika\/#primaryimage"},"thumbnailUrl":"https:\/\/www.neolife.com.tr\/wp-content\/uploads\/2016\/09\/tibbi-genetik.jpg","datePublished":"2025-12-09T19:13:04+00:00","dateModified":"2025-12-09T19:14:28+00:00","breadcrumb":{"@id":"https:\/\/www.neolife.com.tr\/sr\/medicinska-genetika\/#breadcrumb"},"inLanguage":"sr-RS","potentialAction":[{"@type":"ReadAction","target":["https:\/\/www.neolife.com.tr\/sr\/medicinska-genetika\/"]}]},{"@type":"ImageObject","inLanguage":"sr-RS","@id":"https:\/\/www.neolife.com.tr\/sr\/medicinska-genetika\/#primaryimage","url":"https:\/\/www.neolife.com.tr\/wp-content\/uploads\/2016\/09\/tibbi-genetik.jpg","contentUrl":"https:\/\/www.neolife.com.tr\/wp-content\/uploads\/2016\/09\/tibbi-genetik.jpg","width":1206,"height":416},{"@type":"BreadcrumbList","@id":"https:\/\/www.neolife.com.tr\/sr\/medicinska-genetika\/#breadcrumb","itemListElement":[{"@type":"ListItem","position":1,"name":"Ana Sayfa","item":"https:\/\/www.neolife.com.tr\/sr\/"},{"@type":"ListItem","position":2,"name":"Medicinska Genetika"}]},{"@type":"WebSite","@id":"https:\/\/www.neolife.com.tr\/#website","url":"https:\/\/www.neolife.com.tr\/","name":"Neolife T\u0131p Merkezi","description":"T\u00fcrkiye&#039;de kanser tedavisi - kanser te\u015fhisi ve tedavisi","publisher":{"@id":"https:\/\/www.neolife.com.tr\/#organization"},"potentialAction":[{"@type":"SearchAction","target":{"@type":"EntryPoint","urlTemplate":"https:\/\/www.neolife.com.tr\/?s={search_term_string}"},"query-input":"required name=search_term_string"}],"inLanguage":"sr-RS"},{"@type":"Organization","@id":"https:\/\/www.neolife.com.tr\/#organization","name":"Neolife T\u0131p Merkezi","url":"https:\/\/www.neolife.com.tr\/","logo":{"@type":"ImageObject","inLanguage":"sr-RS","@id":"https:\/\/www.neolife.com.tr\/#\/schema\/logo\/image\/","url":"https:\/\/www.neolife.com.tr\/wp-content\/uploads\/2021\/06\/Neolife-Logo.png","contentUrl":"https:\/\/www.neolife.com.tr\/wp-content\/uploads\/2021\/06\/Neolife-Logo.png","width":348,"height":92,"caption":"Neolife T\u0131p Merkezi"},"image":{"@id":"https:\/\/www.neolife.com.tr\/#\/schema\/logo\/image\/"},"sameAs":["https:\/\/www.facebook.com\/NeoLifeIstanbul\/","https:\/\/x.com\/NeoLifeIstanbul","https:\/\/www.linkedin.com\/company\/neolife-oncology-center\/?originalSubdomain=tr"]}]}},"_links":{"self":[{"href":"https:\/\/www.neolife.com.tr\/sr\/wp-json\/wp\/v2\/pages\/35048","targetHints":{"allow":["GET"]}}],"collection":[{"href":"https:\/\/www.neolife.com.tr\/sr\/wp-json\/wp\/v2\/pages"}],"about":[{"href":"https:\/\/www.neolife.com.tr\/sr\/wp-json\/wp\/v2\/types\/page"}],"author":[{"embeddable":true,"href":"https:\/\/www.neolife.com.tr\/sr\/wp-json\/wp\/v2\/users\/15"}],"replies":[{"embeddable":true,"href":"https:\/\/www.neolife.com.tr\/sr\/wp-json\/wp\/v2\/comments?post=35048"}],"version-history":[{"count":3,"href":"https:\/\/www.neolife.com.tr\/sr\/wp-json\/wp\/v2\/pages\/35048\/revisions"}],"predecessor-version":[{"id":35056,"href":"https:\/\/www.neolife.com.tr\/sr\/wp-json\/wp\/v2\/pages\/35048\/revisions\/35056"}],"wp:featuredmedia":[{"embeddable":true,"href":"https:\/\/www.neolife.com.tr\/sr\/wp-json\/wp\/v2\/media\/35049"}],"wp:attachment":[{"href":"https:\/\/www.neolife.com.tr\/sr\/wp-json\/wp\/v2\/media?parent=35048"}],"curies":[{"name":"wp","href":"https:\/\/api.w.org\/{rel}","templated":true}]}}