{"id":27818,"date":"2025-08-04T23:04:31","date_gmt":"2025-08-04T20:04:31","guid":{"rendered":"https:\/\/www.neolife.com.tr\/?page_id=27818"},"modified":"2025-09-17T12:10:12","modified_gmt":"2025-09-17T09:10:12","slug":"check-up","status":"publish","type":"page","link":"https:\/\/www.neolife.com.tr\/sr\/check-up\/","title":{"rendered":"Check-up"},"content":{"rendered":"<h3 data-start=\"88\" data-end=\"103\"><strong data-start=\"92\" data-end=\"101\">\u010cekap<\/strong><\/h3>\n<p data-start=\"104\" data-end=\"177\"><strong data-start=\"104\" data-end=\"177\">Budite korak ispred bolesti uz na\u0161e \u010cekap programe nemojte kasniti\u2026<\/strong><\/p>\n<p data-start=\"179\" data-end=\"473\">Iako svi znamo da treba redovno raditi \u010dekap, \u010desto to odla\u017eemo iz raznih razloga. Bez obzira da li je u pitanju nedostatak vremena, finansijska ograni\u010denja ili neutemeljene misli poput \u201emeni se ni\u0161ta ne mo\u017ee dogoditi\u201c, \u010dekap programe treba posmatrati kao ulaganje u svoje zdravlje i budu\u0107nost.<\/p>\n<p data-start=\"475\" data-end=\"719\">Problemi koje svakodnevno do\u017eivljavamo mogu biti znakovi budu\u0107ih zdravstvenih problema. Ve\u0107 samo par sati izdvojenih za sebe mo\u017ee vam dodati godine \u017eivotu. Godi\u0161nji \u010dekap mo\u017ee otkriti uzroke zdravstvenih tegoba i omogu\u0107iti pravovremeno le\u010denje.<\/p>\n<p data-start=\"721\" data-end=\"884\">Uz pomo\u0107 savremenih dijagnosti\u010dkih metoda i laboratorijskih analiza, \u010dekap programi omogu\u0107avaju rano otkrivanje mnogih bolesti i spre\u010davanje njihovog napredovanja.<\/p>\n<h3 data-start=\"891\" data-end=\"914\"><strong data-start=\"895\" data-end=\"912\">\u0160ta je \u010cekap?<\/strong><\/h3>\n<p data-start=\"915\" data-end=\"1237\">\u010cekap, poznat i kao \u201ePregled op\u0161teg zdravstvenog stanja\u201c ili \u201ePeriodi\u010dni zdravstveni pregled\u201c, predstavlja redovnu zdravstvenu proveru koju svaka osoba treba da obavi jednom godi\u0161nje, bez obzira da li postoji neko oboljenje. Cilj programa je o\u010duvanje zdravlja, rano otkrivanje rizika i pravovremeno zapo\u010dinjanje le\u010denja.<\/p>\n<h3 data-start=\"1244\" data-end=\"1280\"><strong data-start=\"1248\" data-end=\"1278\">Za\u0161to treba uraditi \u010cekap?<\/strong><\/h3>\n<p data-start=\"1281\" data-end=\"1373\">Svrha \u010dekapa je da se preduzmu mere pre nego \u0161to se bolest razvije i da osoba ostane zdrava.<\/p>\n<p data-start=\"1375\" data-end=\"1580\">Ako se zbog obaveza i nedostatka vremena odla\u017ee, zanemaruju se faktori koji mogu ozbiljno ugroziti zdravlje. Potencijalni rizici koji se razvijaju neprimetno mogu se preduprediti jednim pregledom godi\u0161nje.<\/p>\n<h3 data-start=\"1587\" data-end=\"1629\"><strong data-start=\"1591\" data-end=\"1629\">Na \u0161ta obratiti pa\u017enju pre \u010dekapa?<\/strong><\/h3>\n<ul data-start=\"1631\" data-end=\"2160\">\n<li data-start=\"1631\" data-end=\"1688\">\n<p data-start=\"1633\" data-end=\"1688\">Ponesite prethodne nalaze i laboratorijske rezultate.<\/p>\n<\/li>\n<li data-start=\"1689\" data-end=\"1797\">\n<p data-start=\"1691\" data-end=\"1797\">Morate biti <strong data-start=\"1703\" data-end=\"1714\">nata\u0161te<\/strong>. Ne jedite ni\u0161ta nakon 00:00 prethodne no\u0107i (mo\u017eete piti umerenu koli\u010dinu vode).<\/p>\n<\/li>\n<li data-start=\"1798\" data-end=\"1860\">\n<p data-start=\"1800\" data-end=\"1860\"><strong data-start=\"1800\" data-end=\"1827\">Ne konzumirajte alkohol<\/strong> najmanje 24 sata pre pregleda.<\/p>\n<\/li>\n<li data-start=\"1861\" data-end=\"1939\">\n<p data-start=\"1863\" data-end=\"1939\">Ako ste trudni ili postoji sumnja na trudno\u0107u, <strong data-start=\"1910\" data-end=\"1936\">obavestite svog lekara<\/strong>.<\/p>\n<\/li>\n<li data-start=\"1940\" data-end=\"2012\">\n<p data-start=\"1942\" data-end=\"2012\">Lekove koje treba uzimati pre jela <strong data-start=\"1977\" data-end=\"2009\">nemojte piti na dan pregleda<\/strong>.<\/p>\n<\/li>\n<li data-start=\"2013\" data-end=\"2072\">\n<p data-start=\"2015\" data-end=\"2072\">\u017dene ne bi trebalo da imaju menstruaciju na dan \u010dekapa.<\/p>\n<\/li>\n<li data-start=\"2073\" data-end=\"2160\">\n<p data-start=\"2075\" data-end=\"2160\">Konsultujte se sa lekarom u vezi sa lekovima koje je potrebno prekinuti pre pregleda.<\/p>\n<\/li>\n<\/ul>\n<h3 data-start=\"2167\" data-end=\"2204\"><strong data-start=\"2171\" data-end=\"2204\">Pogledajte na\u0161e \u010cekap pakete:<\/strong><\/h3>\n<ul data-start=\"2206\" data-end=\"2686\">\n<li data-start=\"2206\" data-end=\"2237\">\n<p data-start=\"2208\" data-end=\"2237\">Standardni \u010cekap \u2013 Mu\u0161karci<\/p>\n<\/li>\n<li data-start=\"2238\" data-end=\"2265\">\n<p data-start=\"2240\" data-end=\"2265\">Standardni \u010cekap \u2013 \u017dene<\/p>\n<\/li>\n<li data-start=\"2266\" data-end=\"2295\">\n<p data-start=\"2268\" data-end=\"2295\">Detaljni \u010cekap \u2013 Mu\u0161karci<\/p>\n<\/li>\n<li data-start=\"2296\" data-end=\"2321\">\n<p data-start=\"2298\" data-end=\"2321\">Detaljni \u010cekap \u2013 \u017dene<\/p>\n<\/li>\n<li data-start=\"2322\" data-end=\"2343\">\n<p data-start=\"2324\" data-end=\"2343\">Neo Anemija \u010cekap<\/p>\n<\/li>\n<li data-start=\"2344\" data-end=\"2388\">\n<p data-start=\"2346\" data-end=\"2388\">Neo Pregled dojki \u2013 \u017dene preko 40 godina<\/p>\n<\/li>\n<li data-start=\"2389\" data-end=\"2433\">\n<p data-start=\"2391\" data-end=\"2433\">Neo Pregled dojki \u2013 \u017dene ispod 40 godina<\/p>\n<\/li>\n<li data-start=\"2434\" data-end=\"2475\">\n<p data-start=\"2436\" data-end=\"2475\">Neo \u010cekap za karcinom grli\u0107a materice<\/p>\n<\/li>\n<li data-start=\"2476\" data-end=\"2507\">\n<p data-start=\"2478\" data-end=\"2507\">Neo Digestivni Sistem \u010cekap<\/p>\n<\/li>\n<li data-start=\"2508\" data-end=\"2546\">\n<p data-start=\"2510\" data-end=\"2546\">Neo Polno prenosive bolesti \u2013 \u017dene<\/p>\n<\/li>\n<li data-start=\"2547\" data-end=\"2580\">\n<p data-start=\"2549\" data-end=\"2580\">Neo Urolo\u0161ki \u010cekap \u2013 Mu\u0161karci<\/p>\n<\/li>\n<li data-start=\"2581\" data-end=\"2606\">\n<p data-start=\"2583\" data-end=\"2606\">Neo Metabolizam \u010cekap<\/p>\n<\/li>\n<li data-start=\"2607\" data-end=\"2633\">\n<p data-start=\"2609\" data-end=\"2633\">Neo \u010cekap pre trudno\u0107e<\/p>\n<\/li>\n<li data-start=\"2634\" data-end=\"2660\">\n<p data-start=\"2636\" data-end=\"2660\">Neo Reumatolo\u0161ki \u010cekap<\/p>\n<\/li>\n<li data-start=\"2661\" data-end=\"2686\">\n<p data-start=\"2663\" data-end=\"2686\">Neo \u0160titna \u017dlezda \u010cekap<\/p>\n<\/li>\n<\/ul>\n","protected":false},"excerpt":{"rendered":"<p>\u010cekap Budite korak ispred bolesti uz na\u0161e \u010cekap programe nemojte kasniti\u2026 Iako svi znamo da treba redovno raditi \u010dekap, \u010desto to odla\u017eemo iz raznih razloga. Bez obzira da li je u pitanju nedostatak vremena, finansijska ograni\u010denja ili neutemeljene misli poput \u201emeni se ni\u0161ta ne mo\u017ee dogoditi\u201c, \u010dekap programe treba posmatrati kao ulaganje u svoje zdravlje [&hellip;]<\/p>\n","protected":false},"author":13,"featured_media":27819,"parent":0,"menu_order":0,"comment_status":"open","ping_status":"open","template":"","meta":{"footnotes":""},"class_list":["post-27818","page","type-page","status-publish","has-post-thumbnail","hentry"],"yoast_head":"<!-- This site is optimized with the Yoast SEO plugin v22.5 - https:\/\/yoast.com\/wordpress\/plugins\/seo\/ -->\n<title>Check-up - Neolife T\u0131p Merkezi<\/title>\n<meta name=\"robots\" content=\"index, follow, max-snippet:-1, max-image-preview:large, max-video-preview:-1\" \/>\n<link rel=\"canonical\" href=\"https:\/\/www.neolife.com.tr\/sr\/check-up\/\" \/>\n<meta name=\"twitter:label1\" content=\"\u041f\u0440\u043e\u0446\u0435\u045a\u0435\u043d\u043e \u0432\u0440\u0435\u043c\u0435 \u0447\u0438\u0442\u0430\u045a\u0430\" \/>\n\t<meta name=\"twitter:data1\" content=\"3 \u043c\u0438\u043d\u0443\u0442\u0430\" \/>\n<script type=\"application\/ld+json\" class=\"yoast-schema-graph\">{\"@context\":\"https:\/\/schema.org\",\"@graph\":[{\"@type\":\"WebPage\",\"@id\":\"https:\/\/www.neolife.com.tr\/sr\/check-up\/\",\"url\":\"https:\/\/www.neolife.com.tr\/sr\/check-up\/\",\"name\":\"Check-up - Neolife T\u0131p Merkezi\",\"isPartOf\":{\"@id\":\"https:\/\/www.neolife.com.tr\/#website\"},\"primaryImageOfPage\":{\"@id\":\"https:\/\/www.neolife.com.tr\/sr\/check-up\/#primaryimage\"},\"image\":{\"@id\":\"https:\/\/www.neolife.com.tr\/sr\/check-up\/#primaryimage\"},\"thumbnailUrl\":\"https:\/\/www.neolife.com.tr\/wp-content\/uploads\/2016\/09\/check-up-header.jpg\",\"datePublished\":\"2025-08-04T20:04:31+00:00\",\"dateModified\":\"2025-09-17T09:10:12+00:00\",\"breadcrumb\":{\"@id\":\"https:\/\/www.neolife.com.tr\/sr\/check-up\/#breadcrumb\"},\"inLanguage\":\"sr-RS\",\"potentialAction\":[{\"@type\":\"ReadAction\",\"target\":[\"https:\/\/www.neolife.com.tr\/sr\/check-up\/\"]}]},{\"@type\":\"ImageObject\",\"inLanguage\":\"sr-RS\",\"@id\":\"https:\/\/www.neolife.com.tr\/sr\/check-up\/#primaryimage\",\"url\":\"https:\/\/www.neolife.com.tr\/wp-content\/uploads\/2016\/09\/check-up-header.jpg\",\"contentUrl\":\"https:\/\/www.neolife.com.tr\/wp-content\/uploads\/2016\/09\/check-up-header.jpg\",\"width\":1206,\"height\":416},{\"@type\":\"BreadcrumbList\",\"@id\":\"https:\/\/www.neolife.com.tr\/sr\/check-up\/#breadcrumb\",\"itemListElement\":[{\"@type\":\"ListItem\",\"position\":1,\"name\":\"Ana Sayfa\",\"item\":\"https:\/\/www.neolife.com.tr\/sr\/\"},{\"@type\":\"ListItem\",\"position\":2,\"name\":\"Check-up\"}]},{\"@type\":\"WebSite\",\"@id\":\"https:\/\/www.neolife.com.tr\/#website\",\"url\":\"https:\/\/www.neolife.com.tr\/\",\"name\":\"Neolife T\u0131p Merkezi\",\"description\":\"T\u00fcrkiye&#039;de kanser tedavisi - kanser te\u015fhisi ve tedavisi\",\"publisher\":{\"@id\":\"https:\/\/www.neolife.com.tr\/#organization\"},\"potentialAction\":[{\"@type\":\"SearchAction\",\"target\":{\"@type\":\"EntryPoint\",\"urlTemplate\":\"https:\/\/www.neolife.com.tr\/?s={search_term_string}\"},\"query-input\":\"required name=search_term_string\"}],\"inLanguage\":\"sr-RS\"},{\"@type\":\"Organization\",\"@id\":\"https:\/\/www.neolife.com.tr\/#organization\",\"name\":\"Neolife T\u0131p Merkezi\",\"url\":\"https:\/\/www.neolife.com.tr\/\",\"logo\":{\"@type\":\"ImageObject\",\"inLanguage\":\"sr-RS\",\"@id\":\"https:\/\/www.neolife.com.tr\/#\/schema\/logo\/image\/\",\"url\":\"https:\/\/www.neolife.com.tr\/wp-content\/uploads\/2021\/06\/Neolife-Logo.png\",\"contentUrl\":\"https:\/\/www.neolife.com.tr\/wp-content\/uploads\/2021\/06\/Neolife-Logo.png\",\"width\":348,\"height\":92,\"caption\":\"Neolife T\u0131p Merkezi\"},\"image\":{\"@id\":\"https:\/\/www.neolife.com.tr\/#\/schema\/logo\/image\/\"},\"sameAs\":[\"https:\/\/www.facebook.com\/NeoLifeIstanbul\/\",\"https:\/\/x.com\/NeoLifeIstanbul\",\"https:\/\/www.linkedin.com\/company\/neolife-oncology-center\/?originalSubdomain=tr\"]}]}<\/script>\n<!-- \/ Yoast SEO plugin. -->","yoast_head_json":{"title":"Check-up - Neolife T\u0131p Merkezi","robots":{"index":"index","follow":"follow","max-snippet":"max-snippet:-1","max-image-preview":"max-image-preview:large","max-video-preview":"max-video-preview:-1"},"canonical":"https:\/\/www.neolife.com.tr\/sr\/check-up\/","twitter_misc":{"\u041f\u0440\u043e\u0446\u0435\u045a\u0435\u043d\u043e \u0432\u0440\u0435\u043c\u0435 \u0447\u0438\u0442\u0430\u045a\u0430":"3 \u043c\u0438\u043d\u0443\u0442\u0430"},"schema":{"@context":"https:\/\/schema.org","@graph":[{"@type":"WebPage","@id":"https:\/\/www.neolife.com.tr\/sr\/check-up\/","url":"https:\/\/www.neolife.com.tr\/sr\/check-up\/","name":"Check-up - Neolife T\u0131p Merkezi","isPartOf":{"@id":"https:\/\/www.neolife.com.tr\/#website"},"primaryImageOfPage":{"@id":"https:\/\/www.neolife.com.tr\/sr\/check-up\/#primaryimage"},"image":{"@id":"https:\/\/www.neolife.com.tr\/sr\/check-up\/#primaryimage"},"thumbnailUrl":"https:\/\/www.neolife.com.tr\/wp-content\/uploads\/2016\/09\/check-up-header.jpg","datePublished":"2025-08-04T20:04:31+00:00","dateModified":"2025-09-17T09:10:12+00:00","breadcrumb":{"@id":"https:\/\/www.neolife.com.tr\/sr\/check-up\/#breadcrumb"},"inLanguage":"sr-RS","potentialAction":[{"@type":"ReadAction","target":["https:\/\/www.neolife.com.tr\/sr\/check-up\/"]}]},{"@type":"ImageObject","inLanguage":"sr-RS","@id":"https:\/\/www.neolife.com.tr\/sr\/check-up\/#primaryimage","url":"https:\/\/www.neolife.com.tr\/wp-content\/uploads\/2016\/09\/check-up-header.jpg","contentUrl":"https:\/\/www.neolife.com.tr\/wp-content\/uploads\/2016\/09\/check-up-header.jpg","width":1206,"height":416},{"@type":"BreadcrumbList","@id":"https:\/\/www.neolife.com.tr\/sr\/check-up\/#breadcrumb","itemListElement":[{"@type":"ListItem","position":1,"name":"Ana Sayfa","item":"https:\/\/www.neolife.com.tr\/sr\/"},{"@type":"ListItem","position":2,"name":"Check-up"}]},{"@type":"WebSite","@id":"https:\/\/www.neolife.com.tr\/#website","url":"https:\/\/www.neolife.com.tr\/","name":"Neolife T\u0131p Merkezi","description":"T\u00fcrkiye&#039;de kanser tedavisi - kanser te\u015fhisi ve tedavisi","publisher":{"@id":"https:\/\/www.neolife.com.tr\/#organization"},"potentialAction":[{"@type":"SearchAction","target":{"@type":"EntryPoint","urlTemplate":"https:\/\/www.neolife.com.tr\/?s={search_term_string}"},"query-input":"required name=search_term_string"}],"inLanguage":"sr-RS"},{"@type":"Organization","@id":"https:\/\/www.neolife.com.tr\/#organization","name":"Neolife T\u0131p Merkezi","url":"https:\/\/www.neolife.com.tr\/","logo":{"@type":"ImageObject","inLanguage":"sr-RS","@id":"https:\/\/www.neolife.com.tr\/#\/schema\/logo\/image\/","url":"https:\/\/www.neolife.com.tr\/wp-content\/uploads\/2021\/06\/Neolife-Logo.png","contentUrl":"https:\/\/www.neolife.com.tr\/wp-content\/uploads\/2021\/06\/Neolife-Logo.png","width":348,"height":92,"caption":"Neolife T\u0131p Merkezi"},"image":{"@id":"https:\/\/www.neolife.com.tr\/#\/schema\/logo\/image\/"},"sameAs":["https:\/\/www.facebook.com\/NeoLifeIstanbul\/","https:\/\/x.com\/NeoLifeIstanbul","https:\/\/www.linkedin.com\/company\/neolife-oncology-center\/?originalSubdomain=tr"]}]}},"_links":{"self":[{"href":"https:\/\/www.neolife.com.tr\/sr\/wp-json\/wp\/v2\/pages\/27818","targetHints":{"allow":["GET"]}}],"collection":[{"href":"https:\/\/www.neolife.com.tr\/sr\/wp-json\/wp\/v2\/pages"}],"about":[{"href":"https:\/\/www.neolife.com.tr\/sr\/wp-json\/wp\/v2\/types\/page"}],"author":[{"embeddable":true,"href":"https:\/\/www.neolife.com.tr\/sr\/wp-json\/wp\/v2\/users\/13"}],"replies":[{"embeddable":true,"href":"https:\/\/www.neolife.com.tr\/sr\/wp-json\/wp\/v2\/comments?post=27818"}],"version-history":[{"count":8,"href":"https:\/\/www.neolife.com.tr\/sr\/wp-json\/wp\/v2\/pages\/27818\/revisions"}],"predecessor-version":[{"id":28711,"href":"https:\/\/www.neolife.com.tr\/sr\/wp-json\/wp\/v2\/pages\/27818\/revisions\/28711"}],"wp:featuredmedia":[{"embeddable":true,"href":"https:\/\/www.neolife.com.tr\/sr\/wp-json\/wp\/v2\/media\/27819"}],"wp:attachment":[{"href":"https:\/\/www.neolife.com.tr\/sr\/wp-json\/wp\/v2\/media?parent=27818"}],"curies":[{"name":"wp","href":"https:\/\/api.w.org\/{rel}","templated":true}]}}