{"id":27555,"date":"2025-07-21T19:38:13","date_gmt":"2025-07-21T16:38:13","guid":{"rendered":"https:\/\/www.neolife.com.tr\/?page_id=27555"},"modified":"2025-09-17T10:58:31","modified_gmt":"2025-09-17T07:58:31","slug":"brahiterapija","status":"publish","type":"page","link":"https:\/\/www.neolife.com.tr\/sr\/brahiterapija\/","title":{"rendered":"Brahiterapija"},"content":{"rendered":"\t\t<div data-elementor-type=\"wp-page\" data-elementor-id=\"27555\" class=\"elementor elementor-27555\" data-elementor-post-type=\"page\">\n\t\t\t\t\t\t<section class=\"elementor-section elementor-top-section elementor-element elementor-element-4873a581 elementor-section-boxed elementor-section-height-default elementor-section-height-default\" data-id=\"4873a581\" data-element_type=\"section\">\n\t\t\t\t\t\t<div class=\"elementor-container elementor-column-gap-default\">\n\t\t\t\t\t<div class=\"elementor-column elementor-col-100 elementor-top-column elementor-element elementor-element-5155ab32\" data-id=\"5155ab32\" data-element_type=\"column\">\n\t\t\t<div class=\"elementor-widget-wrap elementor-element-populated\">\n\t\t\t\t\t\t<div class=\"elementor-element elementor-element-4490234 elementor-widget elementor-widget-image\" data-id=\"4490234\" data-element_type=\"widget\" data-widget_type=\"image.default\">\n\t\t\t\t<div class=\"elementor-widget-container\">\n\t\t\t\t\t\t\t\t\t\t\t\t\t\t\t<img fetchpriority=\"high\" decoding=\"async\" width=\"1024\" height=\"872\" src=\"https:\/\/www.neolife.com.tr\/wp-content\/uploads\/2024\/12\/IMG_6296-kopya-min-1024x872.jpg\" class=\"attachment-large size-large wp-image-22347\" alt=\"brachytherapy didem caracetin\" srcset=\"https:\/\/www.neolife.com.tr\/wp-content\/uploads\/2024\/12\/IMG_6296-kopya-min-1024x872.jpg 1024w, https:\/\/www.neolife.com.tr\/wp-content\/uploads\/2024\/12\/IMG_6296-kopya-min-300x255.jpg 300w, https:\/\/www.neolife.com.tr\/wp-content\/uploads\/2024\/12\/IMG_6296-kopya-min-768x654.jpg 768w, https:\/\/www.neolife.com.tr\/wp-content\/uploads\/2024\/12\/IMG_6296-kopya-min-1536x1308.jpg 1536w, https:\/\/www.neolife.com.tr\/wp-content\/uploads\/2024\/12\/IMG_6296-kopya-min-2048x1744.jpg 2048w\" sizes=\"(max-width: 1024px) 100vw, 1024px\" \/>\t\t\t\t\t\t\t\t\t\t\t\t\t\t\t<\/div>\n\t\t\t\t<\/div>\n\t\t\t\t<div class=\"elementor-element elementor-element-636bb742 elementor-widget elementor-widget-text-editor\" data-id=\"636bb742\" data-element_type=\"widget\" data-widget_type=\"text-editor.default\">\n\t\t\t\t<div class=\"elementor-widget-container\">\n\t\t\t\t\t\t\t\t\t<h4 data-start=\"82\" data-end=\"112\"><strong data-start=\"87\" data-end=\"112\">\u0160ta je brahiterapija?<\/strong><\/h4><p data-start=\"114\" data-end=\"477\">Brahiterapija je vrsta radioterapije koja koristi radioaktivne izvore postavljene unutar ili blizu tumora kako bi se zra\u010denje isporu\u010dilo direktno u oblast le\u010denja. Izvori zra\u010denja u brahiterapiji mogu biti privremeno ili trajno postavljeni. Ako su postavljeni privremeno, uklanjaju se nakon tretmana, tako da ne postoji rizik od izlaganja zra\u010denju za druge osobe.<\/p><h4 data-start=\"479\" data-end=\"519\"><strong data-start=\"484\" data-end=\"519\">Kako se sprovodi brahiterapija?<\/strong><\/h4><p data-start=\"521\" data-end=\"924\">Brahiterapiju sprovodi tim iskusnih onkologa radioterapeuta, medicinskih fizi\u010dara i medicinskih sestara specijalizovanih za radioterapiju. Onkolog radioterapeut procenjuje pacijenta i odre\u0111uje odgovaraju\u0107i plan le\u010denja. Medicinski fizi\u010dar zatim vr\u0161i detaljne prora\u010dune potrebne za tretman. Medicinska sestra pru\u017ea pacijentu informacije o tretmanu i mogu\u0107im ne\u017eeljenim efektima, i poma\u017ee tokom procedure.<\/p>\t\t\t\t\t\t\t\t<\/div>\n\t\t\t\t<\/div>\n\t\t\t\t<div class=\"elementor-element elementor-element-d10014a elementor-widget elementor-widget-image\" data-id=\"d10014a\" data-element_type=\"widget\" data-widget_type=\"image.default\">\n\t\t\t\t<div class=\"elementor-widget-container\">\n\t\t\t\t\t\t\t\t\t\t\t\t\t\t\t<img decoding=\"async\" width=\"1024\" height=\"610\" src=\"https:\/\/www.neolife.com.tr\/wp-content\/uploads\/2024\/12\/04d53ab7-fb86-4f97-9a27-6c3fa3257055-kopya-1024x610.jpg\" class=\"attachment-large size-large wp-image-22289\" alt=\"Brachytherapy\" srcset=\"https:\/\/www.neolife.com.tr\/wp-content\/uploads\/2024\/12\/04d53ab7-fb86-4f97-9a27-6c3fa3257055-kopya-1024x610.jpg 1024w, https:\/\/www.neolife.com.tr\/wp-content\/uploads\/2024\/12\/04d53ab7-fb86-4f97-9a27-6c3fa3257055-kopya-300x179.jpg 300w, https:\/\/www.neolife.com.tr\/wp-content\/uploads\/2024\/12\/04d53ab7-fb86-4f97-9a27-6c3fa3257055-kopya-768x458.jpg 768w, https:\/\/www.neolife.com.tr\/wp-content\/uploads\/2024\/12\/04d53ab7-fb86-4f97-9a27-6c3fa3257055-kopya-1536x915.jpg 1536w, https:\/\/www.neolife.com.tr\/wp-content\/uploads\/2024\/12\/04d53ab7-fb86-4f97-9a27-6c3fa3257055-kopya-2048x1220.jpg 2048w\" sizes=\"(max-width: 1024px) 100vw, 1024px\" \/>\t\t\t\t\t\t\t\t\t\t\t\t\t\t\t<\/div>\n\t\t\t\t<\/div>\n\t\t\t\t<div class=\"elementor-element elementor-element-9cfeaaa elementor-widget elementor-widget-text-editor\" data-id=\"9cfeaaa\" data-element_type=\"widget\" data-widget_type=\"text-editor.default\">\n\t\t\t\t<div class=\"elementor-widget-container\">\n\t\t\t\t\t\t\t\t\t<h4 data-start=\"59\" data-end=\"106\"><strong data-start=\"63\" data-end=\"106\">Postoje dve glavne vrste brahiterapije:<\/strong><\/h4><p data-start=\"108\" data-end=\"366\"><strong data-start=\"108\" data-end=\"141\">Intrakavitarna brahiterapija:<\/strong><br data-start=\"141\" data-end=\"144\" \/>Ova vrsta brahiterapije koristi radioaktivne izvore koji se postavljaju u telesne \u0161upljine blizu tumora. Naj\u010de\u0161\u0107e se koristi za ginekolo\u0161ke karcinome (kao \u0161to su rak grli\u0107a materice, materice i vagine), kao i za rak plu\u0107a.<\/p><p data-start=\"368\" data-end=\"578\"><strong data-start=\"368\" data-end=\"402\">Intersticijalna brahiterapija:<\/strong><br data-start=\"402\" data-end=\"405\" \/>Ova vrsta brahiterapije koristi radioaktivne izvore koji se postavljaju direktno u tumor ili okolno tkivo. Naj\u010de\u0161\u0107e se koristi za le\u010denje raka prostate, mekih tkiva i dojke.<\/p><h4 data-start=\"585\" data-end=\"657\"><strong data-start=\"589\" data-end=\"657\">Postoje dva glavna na\u010dina primene doze zra\u010denja u brahiterapiji:<\/strong><\/h4><p data-start=\"659\" data-end=\"995\"><strong data-start=\"659\" data-end=\"727\">Brahiterapija visokog doznog intenziteta (HDR &#8211; High-Dose Rate):<\/strong><br data-start=\"727\" data-end=\"730\" \/>Ova vrsta brahiterapije isporu\u010duje dozu zra\u010denja brzo i u kratkom vremenskom periodu. To je naj\u010de\u0161\u0107i oblik brahiterapije. Zra\u010denje se isporu\u010duje putem katetera koji se postavljaju u tumor ili le\u017ei\u0161te tumora. Tretmani se obi\u010dno sprovode jednom ili dva puta nedeljno.<\/p><p data-start=\"997\" data-end=\"1266\"><strong data-start=\"997\" data-end=\"1063\">Brahiterapija niskog doznog intenziteta (LDR &#8211; Low-Dose Rate):<\/strong><br data-start=\"1063\" data-end=\"1066\" \/>Ova vrsta brahiterapije isporu\u010duje dozu zra\u010denja polako i tokom du\u017eeg vremenskog perioda. Pacijent mo\u017ee morati da ostane u bolnici tokom tretmana. Tretmani mogu da traju nekoliko dana ili \u010dak nedelja.<\/p>\t\t\t\t\t\t\t\t<\/div>\n\t\t\t\t<\/div>\n\t\t\t\t<div class=\"elementor-element elementor-element-7552e21 elementor-widget elementor-widget-image\" data-id=\"7552e21\" data-element_type=\"widget\" data-widget_type=\"image.default\">\n\t\t\t\t<div class=\"elementor-widget-container\">\n\t\t\t\t\t\t\t\t\t\t\t\t\t\t\t<img decoding=\"async\" width=\"1024\" height=\"353\" src=\"https:\/\/www.neolife.com.tr\/wp-content\/uploads\/2024\/12\/Brakiterapi_Nedir-1024x353.jpg\" class=\"attachment-large size-large wp-image-22310\" alt=\"What is Brachytherapy\" srcset=\"https:\/\/www.neolife.com.tr\/wp-content\/uploads\/2024\/12\/Brakiterapi_Nedir-1024x353.jpg 1024w, https:\/\/www.neolife.com.tr\/wp-content\/uploads\/2024\/12\/Brakiterapi_Nedir-300x103.jpg 300w, https:\/\/www.neolife.com.tr\/wp-content\/uploads\/2024\/12\/Brakiterapi_Nedir-768x265.jpg 768w, https:\/\/www.neolife.com.tr\/wp-content\/uploads\/2024\/12\/Brakiterapi_Nedir.jpg 1206w\" sizes=\"(max-width: 1024px) 100vw, 1024px\" \/>\t\t\t\t\t\t\t\t\t\t\t\t\t\t\t<\/div>\n\t\t\t\t<\/div>\n\t\t\t\t<div class=\"elementor-element elementor-element-0ab05cd elementor-widget elementor-widget-text-editor\" data-id=\"0ab05cd\" data-element_type=\"widget\" data-widget_type=\"text-editor.default\">\n\t\t\t\t<div class=\"elementor-widget-container\">\n\t\t\t\t\t\t\t\t\t<h3 data-start=\"59\" data-end=\"106\"><strong data-start=\"63\" data-end=\"106\">Koji su ne\u017eeljeni efekti brahiterapije?<\/strong><\/h3><p data-start=\"108\" data-end=\"296\">Ne\u017eeljeni efekti brahiterapije mogu da variraju u zavisnosti od vrste karcinoma koji se le\u010di i specifi\u010dne procedure brahiterapije koja se primenjuje. Uobi\u010dajeni ne\u017eeljeni efekti uklju\u010duju:<\/p><ul data-start=\"298\" data-end=\"412\"><li data-start=\"298\" data-end=\"306\"><p data-start=\"300\" data-end=\"306\">Umor<\/p><\/li><li data-start=\"307\" data-end=\"325\"><p data-start=\"309\" data-end=\"325\">Iritaciju ko\u017ee<\/p><\/li><li data-start=\"326\" data-end=\"350\"><p data-start=\"328\" data-end=\"350\">Mu\u010dninu i povra\u0107anje<\/p><\/li><li data-start=\"351\" data-end=\"363\"><p data-start=\"353\" data-end=\"363\">Dijareju<\/p><\/li><li data-start=\"364\" data-end=\"385\"><p data-start=\"366\" data-end=\"385\">U\u010destalo mokrenje<\/p><\/li><li data-start=\"386\" data-end=\"406\"><p data-start=\"388\" data-end=\"406\">Iritaciju be\u0161ike<\/p><\/li><li data-start=\"407\" data-end=\"412\"><p data-start=\"409\" data-end=\"412\">Bol<\/p><\/li><\/ul>\t\t\t\t\t\t\t\t<\/div>\n\t\t\t\t<\/div>\n\t\t\t\t<div class=\"elementor-element elementor-element-d9e26b1 elementor-widget elementor-widget-text-editor\" data-id=\"d9e26b1\" data-element_type=\"widget\" data-widget_type=\"text-editor.default\">\n\t\t\t\t<div class=\"elementor-widget-container\">\n\t\t\t\t\t\t\t\t\t<h3 data-start=\"59\" data-end=\"132\"><strong data-start=\"63\" data-end=\"132\">Da li treba da preduzmem posebne mere opreza nakon brahiterapije?<\/strong><\/h3><p data-start=\"134\" data-end=\"238\">Mere opreza koje treba da preduzmete nakon brahiterapije zavise od vrste brahiterapije koju ste primili.<\/p><p data-start=\"240\" data-end=\"499\"><strong data-start=\"240\" data-end=\"296\">Nakon HDR (brahiterapije visokog doznog intenziteta)<\/strong>, mo\u0107i \u0107ete da se vratite ku\u0107i istog dana. Potrebno je da izbegavate blizak kontakt sa decom i trudnicama tokom 24 \u010dasa. Tako\u0111e mo\u017ee biti potrebno da izbegavate kupanje u kadi ili plivanje u tom periodu.<\/p><p data-start=\"501\" data-end=\"820\"><strong data-start=\"501\" data-end=\"556\">Nakon LDR (brahiterapije niskog doznog intenziteta)<\/strong>, mo\u017eda \u0107ete morati da ostanete u bolnici nekoliko dana ili nedelja. Tokom boravka treba da izbegavate blizak kontakt sa decom i trudnicama. Mo\u017eda \u0107e tako\u0111e biti potrebno da nosite olovni prsluk ili za\u0161titni ogrta\u010d kako biste za\u0161titili druge od izlaganja zra\u010denju.<\/p><p data-start=\"822\" data-end=\"975\">Ako razmatrate mogu\u0107nost brahiterapije ili imate bilo kakva pitanja ili nedoumice u vezi sa ovom vrstom le\u010denja, kontaktirajte nas radi drugog mi\u0161ljenja.<\/p>\t\t\t\t\t\t\t\t<\/div>\n\t\t\t\t<\/div>\n\t\t\t\t\t<\/div>\n\t\t<\/div>\n\t\t\t\t\t<\/div>\n\t\t<\/section>\n\t\t\t\t<\/div>\n\t\t","protected":false},"excerpt":{"rendered":"<p>\u0160ta je brahiterapija? Brahiterapija je vrsta radioterapije koja koristi radioaktivne izvore postavljene unutar ili blizu tumora kako bi se zra\u010denje isporu\u010dilo direktno u oblast le\u010denja. Izvori zra\u010denja u brahiterapiji mogu biti privremeno ili trajno postavljeni. Ako su postavljeni privremeno, uklanjaju se nakon tretmana, tako da ne postoji rizik od izlaganja zra\u010denju za druge osobe. Kako [&hellip;]<\/p>\n","protected":false},"author":13,"featured_media":27558,"parent":0,"menu_order":0,"comment_status":"open","ping_status":"open","template":"","meta":{"footnotes":""},"class_list":["post-27555","page","type-page","status-publish","has-post-thumbnail","hentry"],"yoast_head":"<!-- This site is optimized with the Yoast SEO plugin v22.5 - https:\/\/yoast.com\/wordpress\/plugins\/seo\/ -->\n<title>Brahiterapija - Neolife T\u0131p Merkezi<\/title>\n<meta name=\"robots\" content=\"index, follow, max-snippet:-1, max-image-preview:large, max-video-preview:-1\" \/>\n<link rel=\"canonical\" href=\"https:\/\/www.neolife.com.tr\/sr\/brahiterapija\/\" \/>\n<meta name=\"twitter:label1\" content=\"\u041f\u0440\u043e\u0446\u0435\u045a\u0435\u043d\u043e \u0432\u0440\u0435\u043c\u0435 \u0447\u0438\u0442\u0430\u045a\u0430\" \/>\n\t<meta name=\"twitter:data1\" content=\"4 \u043c\u0438\u043d\u0443\u0442\u0430\" \/>\n<script type=\"application\/ld+json\" class=\"yoast-schema-graph\">{\"@context\":\"https:\/\/schema.org\",\"@graph\":[{\"@type\":\"WebPage\",\"@id\":\"https:\/\/www.neolife.com.tr\/sr\/brahiterapija\/\",\"url\":\"https:\/\/www.neolife.com.tr\/sr\/brahiterapija\/\",\"name\":\"Brahiterapija - Neolife T\u0131p Merkezi\",\"isPartOf\":{\"@id\":\"https:\/\/www.neolife.com.tr\/#website\"},\"primaryImageOfPage\":{\"@id\":\"https:\/\/www.neolife.com.tr\/sr\/brahiterapija\/#primaryimage\"},\"image\":{\"@id\":\"https:\/\/www.neolife.com.tr\/sr\/brahiterapija\/#primaryimage\"},\"thumbnailUrl\":\"https:\/\/www.neolife.com.tr\/wp-content\/uploads\/2016\/09\/brakiterapi-header.jpg\",\"datePublished\":\"2025-07-21T16:38:13+00:00\",\"dateModified\":\"2025-09-17T07:58:31+00:00\",\"breadcrumb\":{\"@id\":\"https:\/\/www.neolife.com.tr\/sr\/brahiterapija\/#breadcrumb\"},\"inLanguage\":\"sr-RS\",\"potentialAction\":[{\"@type\":\"ReadAction\",\"target\":[\"https:\/\/www.neolife.com.tr\/sr\/brahiterapija\/\"]}]},{\"@type\":\"ImageObject\",\"inLanguage\":\"sr-RS\",\"@id\":\"https:\/\/www.neolife.com.tr\/sr\/brahiterapija\/#primaryimage\",\"url\":\"https:\/\/www.neolife.com.tr\/wp-content\/uploads\/2016\/09\/brakiterapi-header.jpg\",\"contentUrl\":\"https:\/\/www.neolife.com.tr\/wp-content\/uploads\/2016\/09\/brakiterapi-header.jpg\",\"width\":1206,\"height\":416},{\"@type\":\"BreadcrumbList\",\"@id\":\"https:\/\/www.neolife.com.tr\/sr\/brahiterapija\/#breadcrumb\",\"itemListElement\":[{\"@type\":\"ListItem\",\"position\":1,\"name\":\"Ana Sayfa\",\"item\":\"https:\/\/www.neolife.com.tr\/sr\/\"},{\"@type\":\"ListItem\",\"position\":2,\"name\":\"Brahiterapija\"}]},{\"@type\":\"WebSite\",\"@id\":\"https:\/\/www.neolife.com.tr\/#website\",\"url\":\"https:\/\/www.neolife.com.tr\/\",\"name\":\"Neolife T\u0131p Merkezi\",\"description\":\"T\u00fcrkiye&#039;de kanser tedavisi - kanser te\u015fhisi ve tedavisi\",\"publisher\":{\"@id\":\"https:\/\/www.neolife.com.tr\/#organization\"},\"potentialAction\":[{\"@type\":\"SearchAction\",\"target\":{\"@type\":\"EntryPoint\",\"urlTemplate\":\"https:\/\/www.neolife.com.tr\/?s={search_term_string}\"},\"query-input\":\"required name=search_term_string\"}],\"inLanguage\":\"sr-RS\"},{\"@type\":\"Organization\",\"@id\":\"https:\/\/www.neolife.com.tr\/#organization\",\"name\":\"Neolife T\u0131p Merkezi\",\"url\":\"https:\/\/www.neolife.com.tr\/\",\"logo\":{\"@type\":\"ImageObject\",\"inLanguage\":\"sr-RS\",\"@id\":\"https:\/\/www.neolife.com.tr\/#\/schema\/logo\/image\/\",\"url\":\"https:\/\/www.neolife.com.tr\/wp-content\/uploads\/2021\/06\/Neolife-Logo.png\",\"contentUrl\":\"https:\/\/www.neolife.com.tr\/wp-content\/uploads\/2021\/06\/Neolife-Logo.png\",\"width\":348,\"height\":92,\"caption\":\"Neolife T\u0131p Merkezi\"},\"image\":{\"@id\":\"https:\/\/www.neolife.com.tr\/#\/schema\/logo\/image\/\"},\"sameAs\":[\"https:\/\/www.facebook.com\/NeoLifeIstanbul\/\",\"https:\/\/x.com\/NeoLifeIstanbul\",\"https:\/\/www.linkedin.com\/company\/neolife-oncology-center\/?originalSubdomain=tr\"]}]}<\/script>\n<!-- \/ Yoast SEO plugin. -->","yoast_head_json":{"title":"Brahiterapija - Neolife T\u0131p Merkezi","robots":{"index":"index","follow":"follow","max-snippet":"max-snippet:-1","max-image-preview":"max-image-preview:large","max-video-preview":"max-video-preview:-1"},"canonical":"https:\/\/www.neolife.com.tr\/sr\/brahiterapija\/","twitter_misc":{"\u041f\u0440\u043e\u0446\u0435\u045a\u0435\u043d\u043e \u0432\u0440\u0435\u043c\u0435 \u0447\u0438\u0442\u0430\u045a\u0430":"4 \u043c\u0438\u043d\u0443\u0442\u0430"},"schema":{"@context":"https:\/\/schema.org","@graph":[{"@type":"WebPage","@id":"https:\/\/www.neolife.com.tr\/sr\/brahiterapija\/","url":"https:\/\/www.neolife.com.tr\/sr\/brahiterapija\/","name":"Brahiterapija - Neolife T\u0131p Merkezi","isPartOf":{"@id":"https:\/\/www.neolife.com.tr\/#website"},"primaryImageOfPage":{"@id":"https:\/\/www.neolife.com.tr\/sr\/brahiterapija\/#primaryimage"},"image":{"@id":"https:\/\/www.neolife.com.tr\/sr\/brahiterapija\/#primaryimage"},"thumbnailUrl":"https:\/\/www.neolife.com.tr\/wp-content\/uploads\/2016\/09\/brakiterapi-header.jpg","datePublished":"2025-07-21T16:38:13+00:00","dateModified":"2025-09-17T07:58:31+00:00","breadcrumb":{"@id":"https:\/\/www.neolife.com.tr\/sr\/brahiterapija\/#breadcrumb"},"inLanguage":"sr-RS","potentialAction":[{"@type":"ReadAction","target":["https:\/\/www.neolife.com.tr\/sr\/brahiterapija\/"]}]},{"@type":"ImageObject","inLanguage":"sr-RS","@id":"https:\/\/www.neolife.com.tr\/sr\/brahiterapija\/#primaryimage","url":"https:\/\/www.neolife.com.tr\/wp-content\/uploads\/2016\/09\/brakiterapi-header.jpg","contentUrl":"https:\/\/www.neolife.com.tr\/wp-content\/uploads\/2016\/09\/brakiterapi-header.jpg","width":1206,"height":416},{"@type":"BreadcrumbList","@id":"https:\/\/www.neolife.com.tr\/sr\/brahiterapija\/#breadcrumb","itemListElement":[{"@type":"ListItem","position":1,"name":"Ana Sayfa","item":"https:\/\/www.neolife.com.tr\/sr\/"},{"@type":"ListItem","position":2,"name":"Brahiterapija"}]},{"@type":"WebSite","@id":"https:\/\/www.neolife.com.tr\/#website","url":"https:\/\/www.neolife.com.tr\/","name":"Neolife T\u0131p Merkezi","description":"T\u00fcrkiye&#039;de kanser tedavisi - kanser te\u015fhisi ve tedavisi","publisher":{"@id":"https:\/\/www.neolife.com.tr\/#organization"},"potentialAction":[{"@type":"SearchAction","target":{"@type":"EntryPoint","urlTemplate":"https:\/\/www.neolife.com.tr\/?s={search_term_string}"},"query-input":"required name=search_term_string"}],"inLanguage":"sr-RS"},{"@type":"Organization","@id":"https:\/\/www.neolife.com.tr\/#organization","name":"Neolife T\u0131p Merkezi","url":"https:\/\/www.neolife.com.tr\/","logo":{"@type":"ImageObject","inLanguage":"sr-RS","@id":"https:\/\/www.neolife.com.tr\/#\/schema\/logo\/image\/","url":"https:\/\/www.neolife.com.tr\/wp-content\/uploads\/2021\/06\/Neolife-Logo.png","contentUrl":"https:\/\/www.neolife.com.tr\/wp-content\/uploads\/2021\/06\/Neolife-Logo.png","width":348,"height":92,"caption":"Neolife T\u0131p Merkezi"},"image":{"@id":"https:\/\/www.neolife.com.tr\/#\/schema\/logo\/image\/"},"sameAs":["https:\/\/www.facebook.com\/NeoLifeIstanbul\/","https:\/\/x.com\/NeoLifeIstanbul","https:\/\/www.linkedin.com\/company\/neolife-oncology-center\/?originalSubdomain=tr"]}]}},"_links":{"self":[{"href":"https:\/\/www.neolife.com.tr\/sr\/wp-json\/wp\/v2\/pages\/27555","targetHints":{"allow":["GET"]}}],"collection":[{"href":"https:\/\/www.neolife.com.tr\/sr\/wp-json\/wp\/v2\/pages"}],"about":[{"href":"https:\/\/www.neolife.com.tr\/sr\/wp-json\/wp\/v2\/types\/page"}],"author":[{"embeddable":true,"href":"https:\/\/www.neolife.com.tr\/sr\/wp-json\/wp\/v2\/users\/13"}],"replies":[{"embeddable":true,"href":"https:\/\/www.neolife.com.tr\/sr\/wp-json\/wp\/v2\/comments?post=27555"}],"version-history":[{"count":9,"href":"https:\/\/www.neolife.com.tr\/sr\/wp-json\/wp\/v2\/pages\/27555\/revisions"}],"predecessor-version":[{"id":28645,"href":"https:\/\/www.neolife.com.tr\/sr\/wp-json\/wp\/v2\/pages\/27555\/revisions\/28645"}],"wp:featuredmedia":[{"embeddable":true,"href":"https:\/\/www.neolife.com.tr\/sr\/wp-json\/wp\/v2\/media\/27558"}],"wp:attachment":[{"href":"https:\/\/www.neolife.com.tr\/sr\/wp-json\/wp\/v2\/media?parent=27555"}],"curies":[{"name":"wp","href":"https:\/\/api.w.org\/{rel}","templated":true}]}}