{"id":27014,"date":"2025-07-11T15:01:00","date_gmt":"2025-07-11T12:01:00","guid":{"rendered":"https:\/\/www.neolife.com.tr\/?page_id=27014"},"modified":"2025-07-11T15:04:00","modified_gmt":"2025-07-11T12:04:00","slug":"spec-dr-nurten-isik-dinckal","status":"publish","type":"page","link":"https:\/\/www.neolife.com.tr\/sr\/spec-dr-nurten-isik-dinckal\/","title":{"rendered":"Spec. Dr. Nurten I\u015f\u0131k Din\u00e7kal"},"content":{"rendered":"\t\t<div data-elementor-type=\"wp-page\" data-elementor-id=\"27014\" class=\"elementor elementor-27014\" data-elementor-post-type=\"page\">\n\t\t\t\t\t\t<section class=\"elementor-section elementor-top-section elementor-element elementor-element-2841949 elementor-section-boxed elementor-section-height-default elementor-section-height-default\" data-id=\"2841949\" data-element_type=\"section\">\n\t\t\t\t\t\t<div class=\"elementor-container elementor-column-gap-default\">\n\t\t\t\t\t<div class=\"elementor-column elementor-col-50 elementor-top-column elementor-element elementor-element-cfacdb7\" data-id=\"cfacdb7\" data-element_type=\"column\">\n\t\t\t<div class=\"elementor-widget-wrap elementor-element-populated\">\n\t\t\t\t\t\t<section class=\"elementor-section elementor-inner-section elementor-element elementor-element-94d3aee elementor-section-boxed elementor-section-height-default elementor-section-height-default\" data-id=\"94d3aee\" data-element_type=\"section\">\n\t\t\t\t\t\t<div class=\"elementor-container elementor-column-gap-default\">\n\t\t\t\t\t<div class=\"elementor-column elementor-col-50 elementor-inner-column elementor-element elementor-element-18deec8\" data-id=\"18deec8\" data-element_type=\"column\">\n\t\t\t<div class=\"elementor-widget-wrap elementor-element-populated\">\n\t\t\t\t\t\t<div class=\"elementor-element elementor-element-674767d elementor-widget elementor-widget-image\" data-id=\"674767d\" data-element_type=\"widget\" data-widget_type=\"image.default\">\n\t\t\t\t<div class=\"elementor-widget-container\">\n\t\t\t\t\t\t\t\t\t\t\t\t\t\t\t<img fetchpriority=\"high\" decoding=\"async\" width=\"1024\" height=\"1024\" src=\"https:\/\/www.neolife.com.tr\/wp-content\/uploads\/2025\/04\/nURTEN-iSIK-dINCKAL-1024x1024.jpg\" class=\"attachment-large size-large wp-image-24778\" alt=\"Nurten I\u015f\u0131k Din\u00e7kal\" srcset=\"https:\/\/www.neolife.com.tr\/wp-content\/uploads\/2025\/04\/nURTEN-iSIK-dINCKAL-1024x1024.jpg 1024w, https:\/\/www.neolife.com.tr\/wp-content\/uploads\/2025\/04\/nURTEN-iSIK-dINCKAL-300x300.jpg 300w, https:\/\/www.neolife.com.tr\/wp-content\/uploads\/2025\/04\/nURTEN-iSIK-dINCKAL-150x150.jpg 150w, https:\/\/www.neolife.com.tr\/wp-content\/uploads\/2025\/04\/nURTEN-iSIK-dINCKAL-768x769.jpg 768w, https:\/\/www.neolife.com.tr\/wp-content\/uploads\/2025\/04\/nURTEN-iSIK-dINCKAL.jpg 1388w\" sizes=\"(max-width: 1024px) 100vw, 1024px\" \/>\t\t\t\t\t\t\t\t\t\t\t\t\t\t\t<\/div>\n\t\t\t\t<\/div>\n\t\t\t\t<div class=\"elementor-element elementor-element-4414ee7 elementor-widget elementor-widget-heading\" data-id=\"4414ee7\" data-element_type=\"widget\" data-widget_type=\"heading.default\">\n\t\t\t\t<div class=\"elementor-widget-container\">\n\t\t\t\t\t<h2 class=\"elementor-heading-title elementor-size-default\">\u0130nterna medicina<\/h2>\t\t\t\t<\/div>\n\t\t\t\t<\/div>\n\t\t\t\t\t<\/div>\n\t\t<\/div>\n\t\t\t\t<div class=\"elementor-column elementor-col-50 elementor-inner-column elementor-element elementor-element-4205fac\" data-id=\"4205fac\" data-element_type=\"column\">\n\t\t\t<div class=\"elementor-widget-wrap elementor-element-populated\">\n\t\t\t\t\t\t<div class=\"elementor-element elementor-element-df683bb elementor-widget elementor-widget-heading\" data-id=\"df683bb\" data-element_type=\"widget\" data-widget_type=\"heading.default\">\n\t\t\t\t<div class=\"elementor-widget-container\">\n\t\t\t\t\t<h2 class=\"elementor-heading-title elementor-size-default\">Spec. Dr. Nurten I\u015f\u0131k Din\u00e7kal\n<\/h2>\t\t\t\t<\/div>\n\t\t\t\t<\/div>\n\t\t\t\t\t<\/div>\n\t\t<\/div>\n\t\t\t\t\t<\/div>\n\t\t<\/section>\n\t\t\t\t<div class=\"elementor-element elementor-element-94dcfa1 elementor-widget-divider--view-line elementor-widget elementor-widget-divider\" data-id=\"94dcfa1\" data-element_type=\"widget\" data-widget_type=\"divider.default\">\n\t\t\t\t<div class=\"elementor-widget-container\">\n\t\t\t\t\t\t\t<div class=\"elementor-divider\">\n\t\t\t<span class=\"elementor-divider-separator\">\n\t\t\t\t\t\t<\/span>\n\t\t<\/div>\n\t\t\t\t\t\t<\/div>\n\t\t\t\t<\/div>\n\t\t\t\t<div class=\"elementor-element elementor-element-e1ebf55 elementor-widget elementor-widget-heading\" data-id=\"e1ebf55\" data-element_type=\"widget\" data-widget_type=\"heading.default\">\n\t\t\t\t<div class=\"elementor-widget-container\">\n\t\t\t\t\t<h2 class=\"elementor-heading-title elementor-size-default\">Oblasti interesovanja<\/h2>\t\t\t\t<\/div>\n\t\t\t\t<\/div>\n\t\t\t\t<div class=\"elementor-element elementor-element-8377fb6 elementor-widget elementor-widget-text-editor\" data-id=\"8377fb6\" data-element_type=\"widget\" data-widget_type=\"text-editor.default\">\n\t\t\t\t<div class=\"elementor-widget-container\">\n\t\t\t\t\t\t\t\t\t<div id=\"text_block-173-5342\" class=\"ct-text-block doktor-text\"><ul><li>Bolesti \u0161titne \u017elezde<\/li><li>Dijabetes<\/li><li>Anemija<\/li><li>Metaboli\u010dki sindrom<\/li><li>Plu\u0107ne infekcije<\/li><li>Masna jetra (steatoza)<\/li><li>Hiperlipidemija<\/li><\/ul><\/div>\t\t\t\t\t\t\t\t<\/div>\n\t\t\t\t<\/div>\n\t\t\t\t<div class=\"elementor-element elementor-element-21df56a elementor-widget elementor-widget-heading\" data-id=\"21df56a\" data-element_type=\"widget\" data-widget_type=\"heading.default\">\n\t\t\t\t<div class=\"elementor-widget-container\">\n\t\t\t\t\t<h2 class=\"elementor-heading-title elementor-size-default\">Obrazovanje<\/h2>\t\t\t\t<\/div>\n\t\t\t\t<\/div>\n\t\t\t\t<div class=\"elementor-element elementor-element-854ec2f elementor-widget elementor-widget-text-editor\" data-id=\"854ec2f\" data-element_type=\"widget\" data-widget_type=\"text-editor.default\">\n\t\t\t\t<div class=\"elementor-widget-container\">\n\t\t\t\t\t\t\t\t\t<div id=\"text_block-173-5342\" class=\"ct-text-block doktor-text\"><p><strong>1986 \u2013 1993<\/strong><br \/>Medicinski fakultet Univerziteta Marmara (na engleskom jeziku)<\/p><p><strong>1982 \u2013 1985<\/strong><br \/>Srednja \u0161kola Ankara Lisesi<\/p><\/div>\t\t\t\t\t\t\t\t<\/div>\n\t\t\t\t<\/div>\n\t\t\t\t<div class=\"elementor-element elementor-element-91cea0a elementor-widget elementor-widget-heading\" data-id=\"91cea0a\" data-element_type=\"widget\" data-widget_type=\"heading.default\">\n\t\t\t\t<div class=\"elementor-widget-container\">\n\t\t\t\t\t<h2 class=\"elementor-heading-title elementor-size-default\">Radno iskustvo<\/h2>\t\t\t\t<\/div>\n\t\t\t\t<\/div>\n\t\t\t\t<div class=\"elementor-element elementor-element-d534f81 elementor-widget elementor-widget-text-editor\" data-id=\"d534f81\" data-element_type=\"widget\" data-widget_type=\"text-editor.default\">\n\t\t\t\t<div class=\"elementor-widget-container\">\n\t\t\t\t\t\t\t\t\t<div id=\"text_block-177-5342\" class=\"ct-text-block doktor-text\"><p><strong>2025 \u2013<\/strong><br \/>Neolife Medicinski Centar<\/p><p><strong>2009 \u2013 2025<\/strong><br \/>Bay\u0131nd\u0131r Levent Hirur\u0161ki Medicinski Centar<\/p><p><strong>2008 \u2013 2009<\/strong><br \/>International Hospital Levent Medicinski Centar<\/p><p><strong>2002 \u2013 2007<\/strong><br \/>Dr\u017eavna bolnica Gaziantep (specijalista interne medicine)<\/p><p><strong>2000 \u2013 2001<\/strong><br \/>Obrazovna bolnica Atat\u00fcrk u Izmiru (specijalista interne medicine)<\/p><p><strong>1998 \u2013 2000<\/strong><br \/>Univerzitet Celal Bayar, Katedra interne medicine (specijalizant)<\/p><p><strong>1994 \u2013 1998<\/strong><br \/>Bolnica Haydarpa\u015fa Numune, Klinika za internu medicinu (specijalizant)<\/p><p><strong>1993 \u2013 1994<\/strong><br \/>Medicinski fakultet Univerziteta Marmara, Katedra op\u0161te hirurgije (asistent)<\/p><p><strong>Stru\u010dna usavr\u0161avanja<\/strong><\/p><p>Polo\u017een ispit za stru\u010dno zvanje iz interne medicine (Board ispit \u2013 11. decembar 2004), organizovan od strane Turskog udru\u017eenja internista.<\/p><\/div>\t\t\t\t\t\t\t\t<\/div>\n\t\t\t\t<\/div>\n\t\t\t\t<div class=\"elementor-element elementor-element-79c9f39 elementor-widget elementor-widget-heading\" data-id=\"79c9f39\" data-element_type=\"widget\" data-widget_type=\"heading.default\">\n\t\t\t\t<div class=\"elementor-widget-container\">\n\t\t\t\t\t<h2 class=\"elementor-heading-title elementor-size-default\">Stru\u010dna usavr\u0161avanja<\/h2>\t\t\t\t<\/div>\n\t\t\t\t<\/div>\n\t\t\t\t<div class=\"elementor-element elementor-element-021dd8f elementor-widget elementor-widget-text-editor\" data-id=\"021dd8f\" data-element_type=\"widget\" data-widget_type=\"text-editor.default\">\n\t\t\t\t<div class=\"elementor-widget-container\">\n\t\t\t\t\t\t\t\t\t<div id=\"text_block-173-5342\" class=\"ct-text-block doktor-text\"><ul><li><p>Polo\u017een ispit za stru\u010dno zvanje iz interne medicine (Board ispit \u2013 11. decembar 2004), organizovan od strane Turskog udru\u017eenja internista.<\/p><\/li><\/ul><\/div>\t\t\t\t\t\t\t\t<\/div>\n\t\t\t\t<\/div>\n\t\t\t\t<div class=\"elementor-element elementor-element-5766c03 elementor-widget elementor-widget-heading\" data-id=\"5766c03\" data-element_type=\"widget\" data-widget_type=\"heading.default\">\n\t\t\t\t<div class=\"elementor-widget-container\">\n\t\t\t\t\t<h2 class=\"elementor-heading-title elementor-size-default\">\u010clanstva<\/h2>\t\t\t\t<\/div>\n\t\t\t\t<\/div>\n\t\t\t\t<div class=\"elementor-element elementor-element-a3a64a2 elementor-widget elementor-widget-text-editor\" data-id=\"a3a64a2\" data-element_type=\"widget\" data-widget_type=\"text-editor.default\">\n\t\t\t\t<div class=\"elementor-widget-container\">\n\t\t\t\t\t\t\t\t\t<div id=\"text_block-173-5342\" class=\"ct-text-block doktor-text\"><ul><li>Udru\u017eenje internista Turske<\/li><li>Lekaarska komora<\/li><\/ul><\/div>\t\t\t\t\t\t\t\t<\/div>\n\t\t\t\t<\/div>\n\t\t\t\t<div class=\"elementor-element elementor-element-81be929 elementor-widget elementor-widget-accordion\" data-id=\"81be929\" data-element_type=\"widget\" data-widget_type=\"accordion.default\">\n\t\t\t\t<div class=\"elementor-widget-container\">\n\t\t\t\t\t\t\t<div class=\"elementor-accordion\">\n\t\t\t\t\t\t\t<div class=\"elementor-accordion-item\">\n\t\t\t\t\t<h4 id=\"elementor-tab-title-1361\" class=\"elementor-tab-title\" data-tab=\"1\" role=\"button\" aria-controls=\"elementor-tab-content-1361\" aria-expanded=\"false\">\n\t\t\t\t\t\t\t\t\t\t\t\t\t<span class=\"elementor-accordion-icon elementor-accordion-icon-left\" aria-hidden=\"true\">\n\t\t\t\t\t\t\t\t\t\t\t\t\t\t\t<span class=\"elementor-accordion-icon-closed\"><i class=\"fas fa-angle-down\"><\/i><\/span>\n\t\t\t\t\t\t\t\t<span class=\"elementor-accordion-icon-opened\"><i class=\"fas fa-minus\"><\/i><\/span>\n\t\t\t\t\t\t\t\t\t\t\t\t\t\t<\/span>\n\t\t\t\t\t\t\t\t\t\t\t\t<a class=\"elementor-accordion-title\" tabindex=\"0\">Nau\u010dni radovi<\/a>\n\t\t\t\t\t<\/h4>\n\t\t\t\t\t<div id=\"elementor-tab-content-1361\" class=\"elementor-tab-content elementor-clearfix\" data-tab=\"1\" role=\"region\" aria-labelledby=\"elementor-tab-title-1361\"><div id=\"text_block-173-5342\" class=\"ct-text-block doktor-text\"><p><strong>A- ULUSLARARASI\u00a0 HAKEML\u0130\u00a0 DERG\u0130LERDE YAYINLAR (makale, derleme, vaka raporu ve di\u011fer)<\/strong><\/p><p><strong>A1.\u00a0\u00a0\u00a0\u00a0\u00a0\u00a0 <\/strong>Dinckal, MH., Aksoy, N., Aksoy, M., Davutoglu, V., Soydinc, S., Kirilmaz, A., <u>Dinckal, N.<\/u> ve I Akdemir, \u201cEffect of homocysteine-lowering therapy on vascular endothelial function and exercise performance in coronary patients with hyperhomocysteinemia\u201d <em>Acta Cardiol<\/em>, <strong>58,<\/strong> 389-396 (2003).<strong>A2.\u00a0\u00a0\u00a0\u00a0\u00a0\u00a0 <\/strong>Dinckal, MH., Aksoy, N., Aksoy, M., Davutoglu, V., <u>Dinckal, N<\/u>. Soydinc, S., ve I Akdemir, \u201cAcute rest perfusion imaging in high risk unstable angina: association with troponin T and clinical endpoints\u201d <em>Int J Cardiovasc Imag<\/em>, <strong>19,<\/strong> 511-517 (2003).<\/p><p><strong>B-ULUSAL HAKEML\u0130 DERG\u0130LERDE YAYINLAR (makale, derleme, vaka raporu ve di\u011fer)<\/strong><\/p><ul><li>Y\u00fcceyar, H., G\u00f6ksel, G., Saru\u00e7, M., <u>I\u015f\u0131k, N., <\/u>\u00d6zbakkalo\u011flu, B., Ayhan, S., Kandilo\u011flu, AR ve AZ Sengil, \u201cIntragastric distribution of Helicobacter pylori after eradication thearpy,\u201d <em>Turkish Journal of Gastroenterology,<\/em> <strong>11<\/strong>, 20-24, (2000).<\/li><\/ul><p><strong>D-ULUSAL KONGRE B\u0130LD\u0130R\u0130LER\u0130<\/strong><\/p><ul><li>Y\u00fcksel, \u015e., Saru\u00e7, M., Arslan, \u015e., <u>I\u015f\u0131k, N<\/u>., P\u0131r\u0131ldar, T., G\u00f6ksel, G. ve H. Y\u00fcceyar, \u201cGlikojen depo hastal\u0131\u011f\u0131na ba\u011fl\u0131 karaci\u011fer sirozu olgusu\u201d, <em>Ulusal Gastroenteroloji Kongresi <\/em>Kongre \u00d6zet Kitap\u00e7\u0131\u011f\u0131, Vol 9, 377, \u0130stanbul, 1998<\/li><li>P\u0131r\u0131ldar, T., Saru\u00e7, M., Tarhan, S., Yorulmaz, \u0130., G\u00f6ksel, G., <u>I\u015f\u0131k, N<\/u>. ve H. Y\u00fcceyar, \u201c\u0130ritab\u0131l barsak sendromlu hastalarda tedavi ama\u00e7l\u0131 kullan\u0131lan Tributamine ve Alverine\u2019in safra kesesi bo\u015fal\u0131m\u0131 \u00fczerine etkileri\u201d, <em>Ulusal Gastroenteroloji Kongresi <\/em>Kongre \u00d6zet Kitap\u00e7\u0131\u011f\u0131, Vol 9, 270, \u0130stanbul, 1998<\/li><li>G\u00f6ksel, G., Y\u00fcceyar, M., Saru\u00e7, M., P\u0131r\u0131ldar, T., Arslan, \u015e., <u>I\u015f\u0131k, N,<\/u> \u00d6zbakkalo\u011flu, B., \u015eengil, AZ., \u00c7etinkaya, Z. ve P. T\u00fcrkdo\u011fan. \u201cHelikobakter pilorinin aile i\u00e7i eradikasyonu gerekli midir?\u201d, <em>Ulusal Gastroenteroloji Kongresi <\/em>Kongre \u00d6zet Kitap\u00e7\u0131\u011f\u0131, Vol 9, 120, \u0130stanbul, 1998<\/li><li>G\u00f6ksel, G., Saru\u00e7, M., P\u0131r\u0131ldar, T., <u>I\u015f\u0131k, N,<\/u> Arslan, \u015e.,. Al\u0131c\u0131, T. ve M. Y\u00fcceyar. \u201cHelikobakter pilorinin eradikasyon tedavisinde ranitidin bizmut sitratl\u0131 ve lansoprazollu protokollerin kar\u015f\u0131la\u015ft\u0131r\u0131lmas\u0131?\u201d, <em>Ulusal Gastroenteroloji Kongresi <\/em>Kongre \u00d6zet Kitap\u00e7\u0131\u011f\u0131, Vol 9, 122, \u0130stanbul, 1998<\/li><li>Y\u00fcceyar, H., G\u00f6ksel, G., Saru\u00e7, M., P\u0131r\u0131ldar, T., <u>I\u015f\u0131k, N,<\/u> Arslan, \u015e., Ayhan, S.,ve AZ \u015eengil. \u201cEradikasyon tedavisi sonras\u0131 Helikobakter pilorinin intragastrik da\u011f\u0131l\u0131m\u0131\u201d, <em>Ulusal Gastroenteroloji Kongresi <\/em>Kongre \u00d6zet Kitap\u00e7\u0131\u011f\u0131, Vol 9, 119, \u0130stanbul, 1998<\/li><li>Y\u00fcceyar, H., G\u00f6ksel, G., Saru\u00e7, M., P\u0131r\u0131ldar, T., Arslan, \u015e., <u>I\u015f\u0131k, N,<\/u> Ertilav, N., Kandilo\u011flu AR. ve AZ \u015eengil. \u201cEradikasyon tedavisi sonras\u0131 refl\u00fc \u00f6zofajit geli\u015fiminde risk fakt\u00f6rleri\u201d, <em>Ulusal Gastroenteroloji Kongresi <\/em>Kongre \u00d6zet Kitap\u00e7\u0131\u011f\u0131, Vol 9, 51, \u0130stanbul, 1998<\/li><li>Saru\u00e7, M., G\u00f6ksel, G., \u015eengil, AZ., <u>I\u015f\u0131k, N,<\/u> Arslan, \u015e., Yi\u011fito\u011flu, MR., Uyan\u0131k, BS. ve H. Y\u00fcceyar. \u201cTNF\u03ac Helikobakter pilori ile ili\u015fkili gastroduedonal hastal\u0131klar\u0131n belirlenmesinde bir g\u00f6sterge midir?\u201d, <em>Ulusal Gastroenteroloji Kongresi <\/em>Kongre \u00d6zet Kitap\u00e7\u0131\u011f\u0131, Vol 9, 23, \u0130stanbul, 1998.<\/li><\/ul><\/div><\/div>\n\t\t\t\t<\/div>\n\t\t\t\t\t\t\t\t<\/div>\n\t\t\t\t\t\t<\/div>\n\t\t\t\t<\/div>\n\t\t\t\t\t<\/div>\n\t\t<\/div>\n\t\t\t\t<div class=\"elementor-column elementor-col-50 elementor-top-column elementor-element elementor-element-ec94cdc\" data-id=\"ec94cdc\" data-element_type=\"column\">\n\t\t\t<div class=\"elementor-widget-wrap elementor-element-populated\">\n\t\t\t\t\t\t\t<\/div>\n\t\t<\/div>\n\t\t\t\t\t<\/div>\n\t\t<\/section>\n\t\t\t\t<\/div>\n\t\t","protected":false},"excerpt":{"rendered":"<p>\u0130nterna medicina Spec. Dr. Nurten I\u015f\u0131k Din\u00e7kal Oblasti interesovanja Bolesti \u0161titne \u017elezde Dijabetes Anemija Metaboli\u010dki sindrom Plu\u0107ne infekcije Masna jetra (steatoza) Hiperlipidemija Obrazovanje 1986 \u2013 1993Medicinski fakultet Univerziteta Marmara (na engleskom jeziku) 1982 \u2013 1985Srednja \u0161kola Ankara Lisesi Radno iskustvo 2025 \u2013Neolife Medicinski Centar 2009 \u2013 2025Bay\u0131nd\u0131r Levent Hirur\u0161ki Medicinski Centar 2008 \u2013 2009International Hospital [&hellip;]<\/p>\n","protected":false},"author":13,"featured_media":26540,"parent":0,"menu_order":0,"comment_status":"closed","ping_status":"closed","template":"","meta":{"footnotes":""},"class_list":["post-27014","page","type-page","status-publish","has-post-thumbnail","hentry"],"yoast_head":"<!-- This site is optimized with the Yoast SEO plugin v22.5 - https:\/\/yoast.com\/wordpress\/plugins\/seo\/ -->\n<title>Spec. Dr. Nurten I\u015f\u0131k Din\u00e7kal - Neolife T\u0131p Merkezi<\/title>\n<meta name=\"robots\" content=\"index, follow, max-snippet:-1, max-image-preview:large, max-video-preview:-1\" \/>\n<link rel=\"canonical\" href=\"https:\/\/www.neolife.com.tr\/sr\/spec-dr-nurten-isik-dinckal\/\" \/>\n<meta name=\"twitter:label1\" content=\"\u041f\u0440\u043e\u0446\u0435\u045a\u0435\u043d\u043e \u0432\u0440\u0435\u043c\u0435 \u0447\u0438\u0442\u0430\u045a\u0430\" \/>\n\t<meta name=\"twitter:data1\" content=\"20 \u043c\u0438\u043d\u0443\u0442\u0430\" \/>\n<script type=\"application\/ld+json\" class=\"yoast-schema-graph\">{\"@context\":\"https:\/\/schema.org\",\"@graph\":[{\"@type\":\"WebPage\",\"@id\":\"https:\/\/www.neolife.com.tr\/sr\/spec-dr-nurten-isik-dinckal\/\",\"url\":\"https:\/\/www.neolife.com.tr\/sr\/spec-dr-nurten-isik-dinckal\/\",\"name\":\"Spec. Dr. Nurten I\u015f\u0131k Din\u00e7kal - Neolife T\u0131p Merkezi\",\"isPartOf\":{\"@id\":\"https:\/\/www.neolife.com.tr\/#website\"},\"primaryImageOfPage\":{\"@id\":\"https:\/\/www.neolife.com.tr\/sr\/spec-dr-nurten-isik-dinckal\/#primaryimage\"},\"image\":{\"@id\":\"https:\/\/www.neolife.com.tr\/sr\/spec-dr-nurten-isik-dinckal\/#primaryimage\"},\"thumbnailUrl\":\"https:\/\/www.neolife.com.tr\/wp-content\/uploads\/2025\/06\/nURTEN-iSIK-dINCKAL.jpg\",\"datePublished\":\"2025-07-11T12:01:00+00:00\",\"dateModified\":\"2025-07-11T12:04:00+00:00\",\"breadcrumb\":{\"@id\":\"https:\/\/www.neolife.com.tr\/sr\/spec-dr-nurten-isik-dinckal\/#breadcrumb\"},\"inLanguage\":\"sr-RS\",\"potentialAction\":[{\"@type\":\"ReadAction\",\"target\":[\"https:\/\/www.neolife.com.tr\/sr\/spec-dr-nurten-isik-dinckal\/\"]}]},{\"@type\":\"ImageObject\",\"inLanguage\":\"sr-RS\",\"@id\":\"https:\/\/www.neolife.com.tr\/sr\/spec-dr-nurten-isik-dinckal\/#primaryimage\",\"url\":\"https:\/\/www.neolife.com.tr\/wp-content\/uploads\/2025\/06\/nURTEN-iSIK-dINCKAL.jpg\",\"contentUrl\":\"https:\/\/www.neolife.com.tr\/wp-content\/uploads\/2025\/06\/nURTEN-iSIK-dINCKAL.jpg\",\"width\":1388,\"height\":1389,\"caption\":\"\u0627\u0644\u062f\u0643\u062a\u0648\u0631\u0629 \u0627\u0644\u0645\u062a\u062e\u0635\u0635\u0629 \u0646\u0648\u0631 \u062a\u0646 \u0625\u0634\u0627\u0642 \u062f\u064a\u0646\u062c\u0643\u0627\u0644\"},{\"@type\":\"BreadcrumbList\",\"@id\":\"https:\/\/www.neolife.com.tr\/sr\/spec-dr-nurten-isik-dinckal\/#breadcrumb\",\"itemListElement\":[{\"@type\":\"ListItem\",\"position\":1,\"name\":\"Ana Sayfa\",\"item\":\"https:\/\/www.neolife.com.tr\/sr\/\"},{\"@type\":\"ListItem\",\"position\":2,\"name\":\"Spec. Dr. Nurten I\u015f\u0131k Din\u00e7kal\"}]},{\"@type\":\"WebSite\",\"@id\":\"https:\/\/www.neolife.com.tr\/#website\",\"url\":\"https:\/\/www.neolife.com.tr\/\",\"name\":\"Neolife T\u0131p Merkezi\",\"description\":\"T\u00fcrkiye&#039;de kanser tedavisi - kanser te\u015fhisi ve tedavisi\",\"publisher\":{\"@id\":\"https:\/\/www.neolife.com.tr\/#organization\"},\"potentialAction\":[{\"@type\":\"SearchAction\",\"target\":{\"@type\":\"EntryPoint\",\"urlTemplate\":\"https:\/\/www.neolife.com.tr\/?s={search_term_string}\"},\"query-input\":\"required name=search_term_string\"}],\"inLanguage\":\"sr-RS\"},{\"@type\":\"Organization\",\"@id\":\"https:\/\/www.neolife.com.tr\/#organization\",\"name\":\"Neolife T\u0131p Merkezi\",\"url\":\"https:\/\/www.neolife.com.tr\/\",\"logo\":{\"@type\":\"ImageObject\",\"inLanguage\":\"sr-RS\",\"@id\":\"https:\/\/www.neolife.com.tr\/#\/schema\/logo\/image\/\",\"url\":\"https:\/\/www.neolife.com.tr\/wp-content\/uploads\/2021\/06\/Neolife-Logo.png\",\"contentUrl\":\"https:\/\/www.neolife.com.tr\/wp-content\/uploads\/2021\/06\/Neolife-Logo.png\",\"width\":348,\"height\":92,\"caption\":\"Neolife T\u0131p Merkezi\"},\"image\":{\"@id\":\"https:\/\/www.neolife.com.tr\/#\/schema\/logo\/image\/\"},\"sameAs\":[\"https:\/\/www.facebook.com\/NeoLifeIstanbul\/\",\"https:\/\/x.com\/NeoLifeIstanbul\",\"https:\/\/www.linkedin.com\/company\/neolife-oncology-center\/?originalSubdomain=tr\"]}]}<\/script>\n<!-- \/ Yoast SEO plugin. -->","yoast_head_json":{"title":"Spec. Dr. Nurten I\u015f\u0131k Din\u00e7kal - Neolife T\u0131p Merkezi","robots":{"index":"index","follow":"follow","max-snippet":"max-snippet:-1","max-image-preview":"max-image-preview:large","max-video-preview":"max-video-preview:-1"},"canonical":"https:\/\/www.neolife.com.tr\/sr\/spec-dr-nurten-isik-dinckal\/","twitter_misc":{"\u041f\u0440\u043e\u0446\u0435\u045a\u0435\u043d\u043e \u0432\u0440\u0435\u043c\u0435 \u0447\u0438\u0442\u0430\u045a\u0430":"20 \u043c\u0438\u043d\u0443\u0442\u0430"},"schema":{"@context":"https:\/\/schema.org","@graph":[{"@type":"WebPage","@id":"https:\/\/www.neolife.com.tr\/sr\/spec-dr-nurten-isik-dinckal\/","url":"https:\/\/www.neolife.com.tr\/sr\/spec-dr-nurten-isik-dinckal\/","name":"Spec. Dr. Nurten I\u015f\u0131k Din\u00e7kal - Neolife T\u0131p Merkezi","isPartOf":{"@id":"https:\/\/www.neolife.com.tr\/#website"},"primaryImageOfPage":{"@id":"https:\/\/www.neolife.com.tr\/sr\/spec-dr-nurten-isik-dinckal\/#primaryimage"},"image":{"@id":"https:\/\/www.neolife.com.tr\/sr\/spec-dr-nurten-isik-dinckal\/#primaryimage"},"thumbnailUrl":"https:\/\/www.neolife.com.tr\/wp-content\/uploads\/2025\/06\/nURTEN-iSIK-dINCKAL.jpg","datePublished":"2025-07-11T12:01:00+00:00","dateModified":"2025-07-11T12:04:00+00:00","breadcrumb":{"@id":"https:\/\/www.neolife.com.tr\/sr\/spec-dr-nurten-isik-dinckal\/#breadcrumb"},"inLanguage":"sr-RS","potentialAction":[{"@type":"ReadAction","target":["https:\/\/www.neolife.com.tr\/sr\/spec-dr-nurten-isik-dinckal\/"]}]},{"@type":"ImageObject","inLanguage":"sr-RS","@id":"https:\/\/www.neolife.com.tr\/sr\/spec-dr-nurten-isik-dinckal\/#primaryimage","url":"https:\/\/www.neolife.com.tr\/wp-content\/uploads\/2025\/06\/nURTEN-iSIK-dINCKAL.jpg","contentUrl":"https:\/\/www.neolife.com.tr\/wp-content\/uploads\/2025\/06\/nURTEN-iSIK-dINCKAL.jpg","width":1388,"height":1389,"caption":"\u0627\u0644\u062f\u0643\u062a\u0648\u0631\u0629 \u0627\u0644\u0645\u062a\u062e\u0635\u0635\u0629 \u0646\u0648\u0631 \u062a\u0646 \u0625\u0634\u0627\u0642 \u062f\u064a\u0646\u062c\u0643\u0627\u0644"},{"@type":"BreadcrumbList","@id":"https:\/\/www.neolife.com.tr\/sr\/spec-dr-nurten-isik-dinckal\/#breadcrumb","itemListElement":[{"@type":"ListItem","position":1,"name":"Ana Sayfa","item":"https:\/\/www.neolife.com.tr\/sr\/"},{"@type":"ListItem","position":2,"name":"Spec. Dr. Nurten I\u015f\u0131k Din\u00e7kal"}]},{"@type":"WebSite","@id":"https:\/\/www.neolife.com.tr\/#website","url":"https:\/\/www.neolife.com.tr\/","name":"Neolife T\u0131p Merkezi","description":"T\u00fcrkiye&#039;de kanser tedavisi - kanser te\u015fhisi ve tedavisi","publisher":{"@id":"https:\/\/www.neolife.com.tr\/#organization"},"potentialAction":[{"@type":"SearchAction","target":{"@type":"EntryPoint","urlTemplate":"https:\/\/www.neolife.com.tr\/?s={search_term_string}"},"query-input":"required name=search_term_string"}],"inLanguage":"sr-RS"},{"@type":"Organization","@id":"https:\/\/www.neolife.com.tr\/#organization","name":"Neolife T\u0131p Merkezi","url":"https:\/\/www.neolife.com.tr\/","logo":{"@type":"ImageObject","inLanguage":"sr-RS","@id":"https:\/\/www.neolife.com.tr\/#\/schema\/logo\/image\/","url":"https:\/\/www.neolife.com.tr\/wp-content\/uploads\/2021\/06\/Neolife-Logo.png","contentUrl":"https:\/\/www.neolife.com.tr\/wp-content\/uploads\/2021\/06\/Neolife-Logo.png","width":348,"height":92,"caption":"Neolife T\u0131p Merkezi"},"image":{"@id":"https:\/\/www.neolife.com.tr\/#\/schema\/logo\/image\/"},"sameAs":["https:\/\/www.facebook.com\/NeoLifeIstanbul\/","https:\/\/x.com\/NeoLifeIstanbul","https:\/\/www.linkedin.com\/company\/neolife-oncology-center\/?originalSubdomain=tr"]}]}},"_links":{"self":[{"href":"https:\/\/www.neolife.com.tr\/sr\/wp-json\/wp\/v2\/pages\/27014","targetHints":{"allow":["GET"]}}],"collection":[{"href":"https:\/\/www.neolife.com.tr\/sr\/wp-json\/wp\/v2\/pages"}],"about":[{"href":"https:\/\/www.neolife.com.tr\/sr\/wp-json\/wp\/v2\/types\/page"}],"author":[{"embeddable":true,"href":"https:\/\/www.neolife.com.tr\/sr\/wp-json\/wp\/v2\/users\/13"}],"replies":[{"embeddable":true,"href":"https:\/\/www.neolife.com.tr\/sr\/wp-json\/wp\/v2\/comments?post=27014"}],"version-history":[{"count":4,"href":"https:\/\/www.neolife.com.tr\/sr\/wp-json\/wp\/v2\/pages\/27014\/revisions"}],"predecessor-version":[{"id":27020,"href":"https:\/\/www.neolife.com.tr\/sr\/wp-json\/wp\/v2\/pages\/27014\/revisions\/27020"}],"wp:featuredmedia":[{"embeddable":true,"href":"https:\/\/www.neolife.com.tr\/sr\/wp-json\/wp\/v2\/media\/26540"}],"wp:attachment":[{"href":"https:\/\/www.neolife.com.tr\/sr\/wp-json\/wp\/v2\/media?parent=27014"}],"curies":[{"name":"wp","href":"https:\/\/api.w.org\/{rel}","templated":true}]}}