{"id":27004,"date":"2025-07-11T14:38:57","date_gmt":"2025-07-11T11:38:57","guid":{"rendered":"https:\/\/www.neolife.com.tr\/?page_id=27004"},"modified":"2025-07-11T14:41:11","modified_gmt":"2025-07-11T11:41:11","slug":"op-dr-zeynep-civelek-caynak","status":"publish","type":"page","link":"https:\/\/www.neolife.com.tr\/sr\/op-dr-zeynep-civelek-caynak\/","title":{"rendered":"Op. Dr. Zeynep Civelek \u00c7aynak"},"content":{"rendered":"\t\t<div data-elementor-type=\"wp-page\" data-elementor-id=\"27004\" class=\"elementor elementor-27004\" data-elementor-post-type=\"page\">\n\t\t\t\t\t\t<section class=\"elementor-section elementor-top-section elementor-element elementor-element-d260624 elementor-section-boxed elementor-section-height-default elementor-section-height-default\" data-id=\"d260624\" data-element_type=\"section\">\n\t\t\t\t\t\t<div class=\"elementor-container elementor-column-gap-default\">\n\t\t\t\t\t<div class=\"elementor-column elementor-col-50 elementor-top-column elementor-element elementor-element-1bec146\" data-id=\"1bec146\" data-element_type=\"column\">\n\t\t\t<div class=\"elementor-widget-wrap elementor-element-populated\">\n\t\t\t\t\t\t<section class=\"elementor-section elementor-inner-section elementor-element elementor-element-1b6a37a elementor-section-boxed elementor-section-height-default elementor-section-height-default\" data-id=\"1b6a37a\" data-element_type=\"section\">\n\t\t\t\t\t\t<div class=\"elementor-container elementor-column-gap-default\">\n\t\t\t\t\t<div class=\"elementor-column elementor-col-50 elementor-inner-column elementor-element elementor-element-2218384\" data-id=\"2218384\" data-element_type=\"column\">\n\t\t\t<div class=\"elementor-widget-wrap elementor-element-populated\">\n\t\t\t\t\t\t<div class=\"elementor-element elementor-element-7e637e8 elementor-widget elementor-widget-image\" data-id=\"7e637e8\" data-element_type=\"widget\" data-widget_type=\"image.default\">\n\t\t\t\t<div class=\"elementor-widget-container\">\n\t\t\t\t\t\t\t\t\t\t\t\t\t\t\t<img fetchpriority=\"high\" decoding=\"async\" width=\"1024\" height=\"1024\" src=\"https:\/\/www.neolife.com.tr\/wp-content\/uploads\/2025\/04\/Zeynep-Civelek-Caynak-1024x1024.jpg\" class=\"attachment-large size-large wp-image-24707\" alt=\"Zeynep Civelek \u00c7aynak\" srcset=\"https:\/\/www.neolife.com.tr\/wp-content\/uploads\/2025\/04\/Zeynep-Civelek-Caynak-1024x1024.jpg 1024w, https:\/\/www.neolife.com.tr\/wp-content\/uploads\/2025\/04\/Zeynep-Civelek-Caynak-300x300.jpg 300w, https:\/\/www.neolife.com.tr\/wp-content\/uploads\/2025\/04\/Zeynep-Civelek-Caynak-150x150.jpg 150w, https:\/\/www.neolife.com.tr\/wp-content\/uploads\/2025\/04\/Zeynep-Civelek-Caynak-768x768.jpg 768w, https:\/\/www.neolife.com.tr\/wp-content\/uploads\/2025\/04\/Zeynep-Civelek-Caynak-1536x1536.jpg 1536w, https:\/\/www.neolife.com.tr\/wp-content\/uploads\/2025\/04\/Zeynep-Civelek-Caynak-2048x2048.jpg 2048w\" sizes=\"(max-width: 1024px) 100vw, 1024px\" \/>\t\t\t\t\t\t\t\t\t\t\t\t\t\t\t<\/div>\n\t\t\t\t<\/div>\n\t\t\t\t<div class=\"elementor-element elementor-element-e92c8b6 elementor-widget elementor-widget-heading\" data-id=\"e92c8b6\" data-element_type=\"widget\" data-widget_type=\"heading.default\">\n\t\t\t\t<div class=\"elementor-widget-container\">\n\t\t\t\t\t<h2 class=\"elementor-heading-title elementor-size-default\">Specijalistkinja op\u0161te hirurgije<\/h2>\t\t\t\t<\/div>\n\t\t\t\t<\/div>\n\t\t\t\t\t<\/div>\n\t\t<\/div>\n\t\t\t\t<div class=\"elementor-column elementor-col-50 elementor-inner-column elementor-element elementor-element-1029ff0\" data-id=\"1029ff0\" data-element_type=\"column\">\n\t\t\t<div class=\"elementor-widget-wrap elementor-element-populated\">\n\t\t\t\t\t\t<div class=\"elementor-element elementor-element-5f122d4 elementor-widget elementor-widget-heading\" data-id=\"5f122d4\" data-element_type=\"widget\" data-widget_type=\"heading.default\">\n\t\t\t\t<div class=\"elementor-widget-container\">\n\t\t\t\t\t<h2 class=\"elementor-heading-title elementor-size-default\">Op. Dr. Zeynep Civelek \u00c7aynak<\/h2>\t\t\t\t<\/div>\n\t\t\t\t<\/div>\n\t\t\t\t\t<\/div>\n\t\t<\/div>\n\t\t\t\t\t<\/div>\n\t\t<\/section>\n\t\t\t\t<div class=\"elementor-element elementor-element-0888e68 elementor-widget-divider--view-line elementor-widget elementor-widget-divider\" data-id=\"0888e68\" data-element_type=\"widget\" data-widget_type=\"divider.default\">\n\t\t\t\t<div class=\"elementor-widget-container\">\n\t\t\t\t\t\t\t<div class=\"elementor-divider\">\n\t\t\t<span class=\"elementor-divider-separator\">\n\t\t\t\t\t\t<\/span>\n\t\t<\/div>\n\t\t\t\t\t\t<\/div>\n\t\t\t\t<\/div>\n\t\t\t\t<div class=\"elementor-element elementor-element-ce97093 elementor-widget elementor-widget-heading\" data-id=\"ce97093\" data-element_type=\"widget\" data-widget_type=\"heading.default\">\n\t\t\t\t<div class=\"elementor-widget-container\">\n\t\t\t\t\t<h2 class=\"elementor-heading-title elementor-size-default\">Oblasti interesovanja<\/h2>\t\t\t\t<\/div>\n\t\t\t\t<\/div>\n\t\t\t\t<div class=\"elementor-element elementor-element-f3b85d1 elementor-widget elementor-widget-text-editor\" data-id=\"f3b85d1\" data-element_type=\"widget\" data-widget_type=\"text-editor.default\">\n\t\t\t\t<div class=\"elementor-widget-container\">\n\t\t\t\t\t\t\t\t\t<ul><li>Benigne perianalne bolesti<\/li><li>Hemoroidi<\/li><li>Analna fisura<\/li><li>Analna fistula<\/li><li>Analni kondilomi<\/li><li>Hirurgija pilonidalnog sinusa<\/li><li>Anoskopska ligacija gumenim prstenom (rubber band ligation)<\/li><li>Pra\u0107enje i le\u010denje bolesti dojke<\/li><li>Karcinom dojke<\/li><li>Karcinomi ko\u017ee<\/li><li>Hirur\u0161ko le\u010denje benignih lezija ko\u017ee i potko\u017enog tkiva<\/li><li>Hirur\u0161ko le\u010denje malignih lezija ko\u017ee i potko\u017enog tkiva<\/li><li>Laparoskopska holecistektomija<\/li><\/ul>\t\t\t\t\t\t\t\t<\/div>\n\t\t\t\t<\/div>\n\t\t\t\t<div class=\"elementor-element elementor-element-0aa2779 elementor-widget elementor-widget-heading\" data-id=\"0aa2779\" data-element_type=\"widget\" data-widget_type=\"heading.default\">\n\t\t\t\t<div class=\"elementor-widget-container\">\n\t\t\t\t\t<h2 class=\"elementor-heading-title elementor-size-default\">Obrazovanje<\/h2>\t\t\t\t<\/div>\n\t\t\t\t<\/div>\n\t\t\t\t<div class=\"elementor-element elementor-element-2608144 elementor-widget elementor-widget-text-editor\" data-id=\"2608144\" data-element_type=\"widget\" data-widget_type=\"text-editor.default\">\n\t\t\t\t<div class=\"elementor-widget-container\">\n\t\t\t\t\t\t\t\t\t<div id=\"div_block-13-344\" class=\"ct-div-block doktor-div\"><div id=\"text_block-15-344\" class=\"ct-text-block doktor-text\"><p><strong>1995 \u2013 1999<\/strong><br \/>Medicinski fakultet Univerziteta Marmara<br \/>(<em>zavr\u0161ila kao 12. u generaciji<\/em>)<\/p><p><strong>1993 \u2013 1995<\/strong><br \/>Medicinski fakultet Univerziteta Uluda\u011f<\/p><p><strong>1989 \u2013 1993<\/strong><br \/>Privatna Italijanska gimnazija<\/p><p><strong>1985 \u2013 1989<\/strong><br \/>Italijanska \u017eenska osnovna \u0161kola<\/p><\/div><\/div>\t\t\t\t\t\t\t\t<\/div>\n\t\t\t\t<\/div>\n\t\t\t\t<div class=\"elementor-element elementor-element-fc340cd elementor-widget elementor-widget-heading\" data-id=\"fc340cd\" data-element_type=\"widget\" data-widget_type=\"heading.default\">\n\t\t\t\t<div class=\"elementor-widget-container\">\n\t\t\t\t\t<h2 class=\"elementor-heading-title elementor-size-default\">Radno iskustvo<\/h2>\t\t\t\t<\/div>\n\t\t\t\t<\/div>\n\t\t\t\t<div class=\"elementor-element elementor-element-6a97b80 elementor-widget elementor-widget-text-editor\" data-id=\"6a97b80\" data-element_type=\"widget\" data-widget_type=\"text-editor.default\">\n\t\t\t\t<div class=\"elementor-widget-container\">\n\t\t\t\t\t\t\t\t\t<div id=\"div_block-13-344\" class=\"ct-div-block doktor-div\"><p><strong>2010 \u2013 2025<\/strong><br \/>Bay\u0131nd\u0131r Levent T\u0131p Merkezi \u2013 Puno radno vreme<\/p><p><strong>2014 \u2013 2019<\/strong><br \/>Odbornica Skup\u0161tine op\u0161tine Be\u015fikta\u015f \u2013 Predsednica odborni\u010dke grupe<\/p><p><strong>2011 \u2013 2018<\/strong><br \/>Bolnica Florence Nightingale \u015ei\u015fli \u2013 Jedinica za transplantaciju hematopoetskih mati\u010dnih \u0107elija<\/p><p><strong>2010 \u2013 2019<\/strong><br \/>Bolnica Florence Nightingale Gayrettepe \u2013 Polovi\u010dno radno vreme<\/p><p><strong>2007 \u2013 2010<\/strong><br \/>Dr\u017eavna bolnica Ba\u015fak\u015fehir<\/p><p><strong>2000 \u2013 2006<\/strong><br \/>Obrazovna bolnica SSK Okmeydan\u0131 \u2013 5. odeljenje op\u0161te hirurgije (specijalizacija)<\/p><\/div>\t\t\t\t\t\t\t\t<\/div>\n\t\t\t\t<\/div>\n\t\t\t\t<div class=\"elementor-element elementor-element-76453b6 elementor-widget elementor-widget-heading\" data-id=\"76453b6\" data-element_type=\"widget\" data-widget_type=\"heading.default\">\n\t\t\t\t<div class=\"elementor-widget-container\">\n\t\t\t\t\t<h2 class=\"elementor-heading-title elementor-size-default\">Stru\u010dna usavr\u0161avanja<\/h2>\t\t\t\t<\/div>\n\t\t\t\t<\/div>\n\t\t\t\t<div class=\"elementor-element elementor-element-7ff570e elementor-widget elementor-widget-text-editor\" data-id=\"7ff570e\" data-element_type=\"widget\" data-widget_type=\"text-editor.default\">\n\t\t\t\t<div class=\"elementor-widget-container\">\n\t\t\t\t\t\t\t\t\t<div id=\"div_block-13-344\" class=\"ct-div-block doktor-div\"><p><strong>2000\u00a0 <\/strong><\/p><p>Gastrointestinalna hirurgija (hirurgija inflamatornih bolesti creva)<br \/>Univerzitet u Firenci, Medicinski fakultet, Departman za klini\u010dku fiziopatologiju, Odeljenje za hirurgiju \u2013 ITALIJA<\/p><p>\u00a0<\/p><\/div>\t\t\t\t\t\t\t\t<\/div>\n\t\t\t\t<\/div>\n\t\t\t\t<div class=\"elementor-element elementor-element-63056c4 elementor-widget elementor-widget-heading\" data-id=\"63056c4\" data-element_type=\"widget\" data-widget_type=\"heading.default\">\n\t\t\t\t<div class=\"elementor-widget-container\">\n\t\t\t\t\t<h2 class=\"elementor-heading-title elementor-size-default\">Nau\u010dne publikacije i prezentacije<\/h2>\t\t\t\t<\/div>\n\t\t\t\t<\/div>\n\t\t\t\t<div class=\"elementor-element elementor-element-7324d5c elementor-widget elementor-widget-text-editor\" data-id=\"7324d5c\" data-element_type=\"widget\" data-widget_type=\"text-editor.default\">\n\t\t\t\t<div class=\"elementor-widget-container\">\n\t\t\t\t\t\t\t\t\t<div id=\"div_block-13-344\" class=\"ct-div-block doktor-div\"><ul><li>Doktorska teza: Le\u010denje visokim dozama interferona kod kutanog malignog melanoma (2006)<\/li><li><em>Prognosti\u010dka vrednost 2002 TNM klasifikacije kod karcinoma dojke prema broju metastatskih limfnih \u010dvorova<\/em> \u2013 Cancer, 2005<\/li><li><em>Perineuralna invazija nema prognosti\u010dki zna\u010daj kod invazivnog karcinoma dojke<\/em> \u2013 Breast, 2006<\/li><li><em>Postoji li prognosti\u010dki druga\u010dija podgrupa kod pacijenata sa stadijumom IIIC karcinoma dojke?<\/em> \u2013 Ann Surg Oncol, 2008<\/li><li><em>Tumori sa samo mikroskopskim zahvatanjem ko\u017ee imaju bolju prognozu od T4b tumora<\/em> \u2013 Breast J, 2011<\/li><li><em>Zna\u010daj odnosa uklonjenih i metastatskih limfnih \u010dvorova kod 1-3 pozitivna \u010dvora<\/em> \u2013 ISRN Oncol, 2011<\/li><li><em>Prednost postmastektomijske radioterapije kod T1\u2013T2 tumora sa 1\u20133 pozitivna \u010dvora<\/em> \u2013 Jpn J Clin Oncol, 2012<\/li><li><em>Odnos limfnih \u010dvorova kao dodatak TNM klasifikaciji kod karcinoma dojke<\/em> \u2013 World J Surg, 2013<\/li><li><em>Status aksilarnih limfnih \u010dvorova kod multifokalnog i multicentri\u010dnog karcinoma dojke<\/em> \u2013 Breast J, 2014<\/li><li><em>Uticaj resekcije primarnog tumora na pre\u017eivljavanje kod pacijenata sa neresektabilnim metastazama kolorektalnog karcinoma<\/em> \u2013 Int J Surg, 2014<\/li><li><em>Prognosti\u010dka vrednost broja uklonjenih limfnih \u010dvorova kod node-negativnog kolorektalnog karcinoma<\/em> \u2013 Int J Surg, 2014<\/li><li>Status aksilarnih limfnih \u010dvorova i prognoza kod multifokalnog i multicentri\u010dnog karcinoma dojke\u2013 Breast J, 2014<\/li><li><em>Odnos slobodnog\/ukupnog PSA kod \u017eena sa kolorektalnim karcinomom ima prognosti\u010dki zna\u010daj<\/em> \u2013 J Gastrointest Cancer, 2017<\/li><li><em>Klini\u010dko-patolo\u0161ke razlike i prognoza kod T4b i T4d karcinoma dojke<\/em> \u2013 Usmeno izlaganje, Nacionalni kongres bolesti dojke, 2007<\/li><li><em>Odnos slobodnog\/ukupnog PSA kod mu\u0161karaca sa kolorektalnim karcinomom<\/em> \u2013 Usmeno izlaganje, Nacionalni kongres hirurgije kolona i rektuma, 2009<\/li><\/ul><\/div>\t\t\t\t\t\t\t\t<\/div>\n\t\t\t\t<\/div>\n\t\t\t\t\t<\/div>\n\t\t<\/div>\n\t\t\t\t<div class=\"elementor-column elementor-col-50 elementor-top-column elementor-element elementor-element-98f8e94\" data-id=\"98f8e94\" data-element_type=\"column\">\n\t\t\t<div class=\"elementor-widget-wrap elementor-element-populated\">\n\t\t\t\t\t\t\t<\/div>\n\t\t<\/div>\n\t\t\t\t\t<\/div>\n\t\t<\/section>\n\t\t\t\t<\/div>\n\t\t","protected":false},"excerpt":{"rendered":"<p>Specijalistkinja op\u0161te hirurgije Op. Dr. Zeynep Civelek \u00c7aynak Oblasti interesovanja Benigne perianalne bolesti Hemoroidi Analna fisura Analna fistula Analni kondilomi Hirurgija pilonidalnog sinusa Anoskopska ligacija gumenim prstenom (rubber band ligation) Pra\u0107enje i le\u010denje bolesti dojke Karcinom dojke Karcinomi ko\u017ee Hirur\u0161ko le\u010denje benignih lezija ko\u017ee i potko\u017enog tkiva Hirur\u0161ko le\u010denje malignih lezija ko\u017ee i potko\u017enog tkiva [&hellip;]<\/p>\n","protected":false},"author":13,"featured_media":26526,"parent":0,"menu_order":0,"comment_status":"closed","ping_status":"closed","template":"","meta":{"footnotes":""},"class_list":["post-27004","page","type-page","status-publish","has-post-thumbnail","hentry"],"yoast_head":"<!-- This site is optimized with the Yoast SEO plugin v22.5 - https:\/\/yoast.com\/wordpress\/plugins\/seo\/ -->\n<title>Op. Dr. Zeynep Civelek \u00c7aynak - Neolife T\u0131p Merkezi<\/title>\n<meta name=\"robots\" content=\"index, follow, max-snippet:-1, max-image-preview:large, max-video-preview:-1\" \/>\n<link rel=\"canonical\" href=\"https:\/\/www.neolife.com.tr\/sr\/op-dr-zeynep-civelek-caynak\/\" \/>\n<meta name=\"twitter:label1\" content=\"\u041f\u0440\u043e\u0446\u0435\u045a\u0435\u043d\u043e \u0432\u0440\u0435\u043c\u0435 \u0447\u0438\u0442\u0430\u045a\u0430\" \/>\n\t<meta name=\"twitter:data1\" content=\"19 \u043c\u0438\u043d\u0443\u0442\u0430\" \/>\n<script type=\"application\/ld+json\" class=\"yoast-schema-graph\">{\"@context\":\"https:\/\/schema.org\",\"@graph\":[{\"@type\":\"WebPage\",\"@id\":\"https:\/\/www.neolife.com.tr\/sr\/op-dr-zeynep-civelek-caynak\/\",\"url\":\"https:\/\/www.neolife.com.tr\/sr\/op-dr-zeynep-civelek-caynak\/\",\"name\":\"Op. Dr. Zeynep Civelek \u00c7aynak - Neolife T\u0131p Merkezi\",\"isPartOf\":{\"@id\":\"https:\/\/www.neolife.com.tr\/#website\"},\"primaryImageOfPage\":{\"@id\":\"https:\/\/www.neolife.com.tr\/sr\/op-dr-zeynep-civelek-caynak\/#primaryimage\"},\"image\":{\"@id\":\"https:\/\/www.neolife.com.tr\/sr\/op-dr-zeynep-civelek-caynak\/#primaryimage\"},\"thumbnailUrl\":\"https:\/\/www.neolife.com.tr\/wp-content\/uploads\/2025\/06\/Zeynep-Civelek-Caynak.jpg\",\"datePublished\":\"2025-07-11T11:38:57+00:00\",\"dateModified\":\"2025-07-11T11:41:11+00:00\",\"breadcrumb\":{\"@id\":\"https:\/\/www.neolife.com.tr\/sr\/op-dr-zeynep-civelek-caynak\/#breadcrumb\"},\"inLanguage\":\"sr-RS\",\"potentialAction\":[{\"@type\":\"ReadAction\",\"target\":[\"https:\/\/www.neolife.com.tr\/sr\/op-dr-zeynep-civelek-caynak\/\"]}]},{\"@type\":\"ImageObject\",\"inLanguage\":\"sr-RS\",\"@id\":\"https:\/\/www.neolife.com.tr\/sr\/op-dr-zeynep-civelek-caynak\/#primaryimage\",\"url\":\"https:\/\/www.neolife.com.tr\/wp-content\/uploads\/2025\/06\/Zeynep-Civelek-Caynak.jpg\",\"contentUrl\":\"https:\/\/www.neolife.com.tr\/wp-content\/uploads\/2025\/06\/Zeynep-Civelek-Caynak.jpg\",\"width\":2545,\"height\":2545,\"caption\":\"\u0623\u0648\u0628. \u062f. \u0632\u064a\u0646\u0628 \u062c\u064a\u0641\u0644\u064a\u0643 \u062a\u0634\u0627\u064a\u0646\u0643\"},{\"@type\":\"BreadcrumbList\",\"@id\":\"https:\/\/www.neolife.com.tr\/sr\/op-dr-zeynep-civelek-caynak\/#breadcrumb\",\"itemListElement\":[{\"@type\":\"ListItem\",\"position\":1,\"name\":\"Ana Sayfa\",\"item\":\"https:\/\/www.neolife.com.tr\/sr\/\"},{\"@type\":\"ListItem\",\"position\":2,\"name\":\"Op. Dr. Zeynep Civelek \u00c7aynak\"}]},{\"@type\":\"WebSite\",\"@id\":\"https:\/\/www.neolife.com.tr\/#website\",\"url\":\"https:\/\/www.neolife.com.tr\/\",\"name\":\"Neolife T\u0131p Merkezi\",\"description\":\"T\u00fcrkiye&#039;de kanser tedavisi - kanser te\u015fhisi ve tedavisi\",\"publisher\":{\"@id\":\"https:\/\/www.neolife.com.tr\/#organization\"},\"potentialAction\":[{\"@type\":\"SearchAction\",\"target\":{\"@type\":\"EntryPoint\",\"urlTemplate\":\"https:\/\/www.neolife.com.tr\/?s={search_term_string}\"},\"query-input\":\"required name=search_term_string\"}],\"inLanguage\":\"sr-RS\"},{\"@type\":\"Organization\",\"@id\":\"https:\/\/www.neolife.com.tr\/#organization\",\"name\":\"Neolife T\u0131p Merkezi\",\"url\":\"https:\/\/www.neolife.com.tr\/\",\"logo\":{\"@type\":\"ImageObject\",\"inLanguage\":\"sr-RS\",\"@id\":\"https:\/\/www.neolife.com.tr\/#\/schema\/logo\/image\/\",\"url\":\"https:\/\/www.neolife.com.tr\/wp-content\/uploads\/2021\/06\/Neolife-Logo.png\",\"contentUrl\":\"https:\/\/www.neolife.com.tr\/wp-content\/uploads\/2021\/06\/Neolife-Logo.png\",\"width\":348,\"height\":92,\"caption\":\"Neolife T\u0131p Merkezi\"},\"image\":{\"@id\":\"https:\/\/www.neolife.com.tr\/#\/schema\/logo\/image\/\"},\"sameAs\":[\"https:\/\/www.facebook.com\/NeoLifeIstanbul\/\",\"https:\/\/x.com\/NeoLifeIstanbul\",\"https:\/\/www.linkedin.com\/company\/neolife-oncology-center\/?originalSubdomain=tr\"]}]}<\/script>\n<!-- \/ Yoast SEO plugin. -->","yoast_head_json":{"title":"Op. Dr. Zeynep Civelek \u00c7aynak - Neolife T\u0131p Merkezi","robots":{"index":"index","follow":"follow","max-snippet":"max-snippet:-1","max-image-preview":"max-image-preview:large","max-video-preview":"max-video-preview:-1"},"canonical":"https:\/\/www.neolife.com.tr\/sr\/op-dr-zeynep-civelek-caynak\/","twitter_misc":{"\u041f\u0440\u043e\u0446\u0435\u045a\u0435\u043d\u043e \u0432\u0440\u0435\u043c\u0435 \u0447\u0438\u0442\u0430\u045a\u0430":"19 \u043c\u0438\u043d\u0443\u0442\u0430"},"schema":{"@context":"https:\/\/schema.org","@graph":[{"@type":"WebPage","@id":"https:\/\/www.neolife.com.tr\/sr\/op-dr-zeynep-civelek-caynak\/","url":"https:\/\/www.neolife.com.tr\/sr\/op-dr-zeynep-civelek-caynak\/","name":"Op. Dr. Zeynep Civelek \u00c7aynak - Neolife T\u0131p Merkezi","isPartOf":{"@id":"https:\/\/www.neolife.com.tr\/#website"},"primaryImageOfPage":{"@id":"https:\/\/www.neolife.com.tr\/sr\/op-dr-zeynep-civelek-caynak\/#primaryimage"},"image":{"@id":"https:\/\/www.neolife.com.tr\/sr\/op-dr-zeynep-civelek-caynak\/#primaryimage"},"thumbnailUrl":"https:\/\/www.neolife.com.tr\/wp-content\/uploads\/2025\/06\/Zeynep-Civelek-Caynak.jpg","datePublished":"2025-07-11T11:38:57+00:00","dateModified":"2025-07-11T11:41:11+00:00","breadcrumb":{"@id":"https:\/\/www.neolife.com.tr\/sr\/op-dr-zeynep-civelek-caynak\/#breadcrumb"},"inLanguage":"sr-RS","potentialAction":[{"@type":"ReadAction","target":["https:\/\/www.neolife.com.tr\/sr\/op-dr-zeynep-civelek-caynak\/"]}]},{"@type":"ImageObject","inLanguage":"sr-RS","@id":"https:\/\/www.neolife.com.tr\/sr\/op-dr-zeynep-civelek-caynak\/#primaryimage","url":"https:\/\/www.neolife.com.tr\/wp-content\/uploads\/2025\/06\/Zeynep-Civelek-Caynak.jpg","contentUrl":"https:\/\/www.neolife.com.tr\/wp-content\/uploads\/2025\/06\/Zeynep-Civelek-Caynak.jpg","width":2545,"height":2545,"caption":"\u0623\u0648\u0628. \u062f. \u0632\u064a\u0646\u0628 \u062c\u064a\u0641\u0644\u064a\u0643 \u062a\u0634\u0627\u064a\u0646\u0643"},{"@type":"BreadcrumbList","@id":"https:\/\/www.neolife.com.tr\/sr\/op-dr-zeynep-civelek-caynak\/#breadcrumb","itemListElement":[{"@type":"ListItem","position":1,"name":"Ana Sayfa","item":"https:\/\/www.neolife.com.tr\/sr\/"},{"@type":"ListItem","position":2,"name":"Op. Dr. Zeynep Civelek \u00c7aynak"}]},{"@type":"WebSite","@id":"https:\/\/www.neolife.com.tr\/#website","url":"https:\/\/www.neolife.com.tr\/","name":"Neolife T\u0131p Merkezi","description":"T\u00fcrkiye&#039;de kanser tedavisi - kanser te\u015fhisi ve tedavisi","publisher":{"@id":"https:\/\/www.neolife.com.tr\/#organization"},"potentialAction":[{"@type":"SearchAction","target":{"@type":"EntryPoint","urlTemplate":"https:\/\/www.neolife.com.tr\/?s={search_term_string}"},"query-input":"required name=search_term_string"}],"inLanguage":"sr-RS"},{"@type":"Organization","@id":"https:\/\/www.neolife.com.tr\/#organization","name":"Neolife T\u0131p Merkezi","url":"https:\/\/www.neolife.com.tr\/","logo":{"@type":"ImageObject","inLanguage":"sr-RS","@id":"https:\/\/www.neolife.com.tr\/#\/schema\/logo\/image\/","url":"https:\/\/www.neolife.com.tr\/wp-content\/uploads\/2021\/06\/Neolife-Logo.png","contentUrl":"https:\/\/www.neolife.com.tr\/wp-content\/uploads\/2021\/06\/Neolife-Logo.png","width":348,"height":92,"caption":"Neolife T\u0131p Merkezi"},"image":{"@id":"https:\/\/www.neolife.com.tr\/#\/schema\/logo\/image\/"},"sameAs":["https:\/\/www.facebook.com\/NeoLifeIstanbul\/","https:\/\/x.com\/NeoLifeIstanbul","https:\/\/www.linkedin.com\/company\/neolife-oncology-center\/?originalSubdomain=tr"]}]}},"_links":{"self":[{"href":"https:\/\/www.neolife.com.tr\/sr\/wp-json\/wp\/v2\/pages\/27004","targetHints":{"allow":["GET"]}}],"collection":[{"href":"https:\/\/www.neolife.com.tr\/sr\/wp-json\/wp\/v2\/pages"}],"about":[{"href":"https:\/\/www.neolife.com.tr\/sr\/wp-json\/wp\/v2\/types\/page"}],"author":[{"embeddable":true,"href":"https:\/\/www.neolife.com.tr\/sr\/wp-json\/wp\/v2\/users\/13"}],"replies":[{"embeddable":true,"href":"https:\/\/www.neolife.com.tr\/sr\/wp-json\/wp\/v2\/comments?post=27004"}],"version-history":[{"count":4,"href":"https:\/\/www.neolife.com.tr\/sr\/wp-json\/wp\/v2\/pages\/27004\/revisions"}],"predecessor-version":[{"id":27010,"href":"https:\/\/www.neolife.com.tr\/sr\/wp-json\/wp\/v2\/pages\/27004\/revisions\/27010"}],"wp:featuredmedia":[{"embeddable":true,"href":"https:\/\/www.neolife.com.tr\/sr\/wp-json\/wp\/v2\/media\/26526"}],"wp:attachment":[{"href":"https:\/\/www.neolife.com.tr\/sr\/wp-json\/wp\/v2\/media?parent=27004"}],"curies":[{"name":"wp","href":"https:\/\/api.w.org\/{rel}","templated":true}]}}