{"id":26971,"date":"2025-07-11T14:08:11","date_gmt":"2025-07-11T11:08:11","guid":{"rendered":"https:\/\/www.neolife.com.tr\/?page_id=26971"},"modified":"2025-07-11T14:21:24","modified_gmt":"2025-07-11T11:21:24","slug":"spec-dr-vildan-kayku","status":"publish","type":"page","link":"https:\/\/www.neolife.com.tr\/sr\/spec-dr-vildan-kayku\/","title":{"rendered":"Spec. Dr. Vildan Kayku"},"content":{"rendered":"\t\t<div data-elementor-type=\"wp-page\" data-elementor-id=\"26971\" class=\"elementor elementor-26971\" data-elementor-post-type=\"page\">\n\t\t\t\t\t\t<section class=\"elementor-section elementor-top-section elementor-element elementor-element-0476f88 elementor-section-boxed elementor-section-height-default elementor-section-height-default\" data-id=\"0476f88\" data-element_type=\"section\">\n\t\t\t\t\t\t<div class=\"elementor-container elementor-column-gap-default\">\n\t\t\t\t\t<div class=\"elementor-column elementor-col-50 elementor-top-column elementor-element elementor-element-5a41099\" data-id=\"5a41099\" data-element_type=\"column\">\n\t\t\t<div class=\"elementor-widget-wrap elementor-element-populated\">\n\t\t\t\t\t\t<section class=\"elementor-section elementor-inner-section elementor-element elementor-element-361e44d elementor-section-boxed elementor-section-height-default elementor-section-height-default\" data-id=\"361e44d\" data-element_type=\"section\">\n\t\t\t\t\t\t<div class=\"elementor-container elementor-column-gap-default\">\n\t\t\t\t\t<div class=\"elementor-column elementor-col-50 elementor-inner-column elementor-element elementor-element-934549f\" data-id=\"934549f\" data-element_type=\"column\">\n\t\t\t<div class=\"elementor-widget-wrap elementor-element-populated\">\n\t\t\t\t\t\t<div class=\"elementor-element elementor-element-2430770 elementor-widget elementor-widget-image\" data-id=\"2430770\" data-element_type=\"widget\" data-widget_type=\"image.default\">\n\t\t\t\t<div class=\"elementor-widget-container\">\n\t\t\t\t\t\t\t\t\t\t\t\t\t\t\t<img fetchpriority=\"high\" decoding=\"async\" width=\"1024\" height=\"1024\" src=\"https:\/\/www.neolife.com.tr\/wp-content\/uploads\/2024\/07\/image00002-kopya.i85-min-2-1024x1024.jpg\" class=\"attachment-large size-large wp-image-20683\" alt=\"\u0414\u043e\u043a\u0442\u043e\u0440 \u0412\u0438\u043b\u044c\u0434\u0430\u043d \u041a\u0430\u0439\u043a\u0443\" srcset=\"https:\/\/www.neolife.com.tr\/wp-content\/uploads\/2024\/07\/image00002-kopya.i85-min-2-1024x1024.jpg 1024w, https:\/\/www.neolife.com.tr\/wp-content\/uploads\/2024\/07\/image00002-kopya.i85-min-2-300x300.jpg 300w, https:\/\/www.neolife.com.tr\/wp-content\/uploads\/2024\/07\/image00002-kopya.i85-min-2-150x150.jpg 150w, https:\/\/www.neolife.com.tr\/wp-content\/uploads\/2024\/07\/image00002-kopya.i85-min-2-768x768.jpg 768w, https:\/\/www.neolife.com.tr\/wp-content\/uploads\/2024\/07\/image00002-kopya.i85-min-2.jpg 1067w\" sizes=\"(max-width: 1024px) 100vw, 1024px\" \/>\t\t\t\t\t\t\t\t\t\t\t\t\t\t\t<\/div>\n\t\t\t\t<\/div>\n\t\t\t\t<div class=\"elementor-element elementor-element-e895d56 elementor-widget elementor-widget-heading\" data-id=\"e895d56\" data-element_type=\"widget\" data-widget_type=\"heading.default\">\n\t\t\t\t<div class=\"elementor-widget-container\">\n\t\t\t\t\t<h2 class=\"elementor-heading-title elementor-size-default\">Specijalistkinja internisti\u010dke (medicinske) onkologije<\/h2>\t\t\t\t<\/div>\n\t\t\t\t<\/div>\n\t\t\t\t\t<\/div>\n\t\t<\/div>\n\t\t\t\t<div class=\"elementor-column elementor-col-50 elementor-inner-column elementor-element elementor-element-8cb3035\" data-id=\"8cb3035\" data-element_type=\"column\">\n\t\t\t<div class=\"elementor-widget-wrap elementor-element-populated\">\n\t\t\t\t\t\t<div class=\"elementor-element elementor-element-a097e58 elementor-widget elementor-widget-heading\" data-id=\"a097e58\" data-element_type=\"widget\" data-widget_type=\"heading.default\">\n\t\t\t\t<div class=\"elementor-widget-container\">\n\t\t\t\t\t<h2 class=\"elementor-heading-title elementor-size-default\">Spec. Dr. Vildan Kayku<\/h2>\t\t\t\t<\/div>\n\t\t\t\t<\/div>\n\t\t\t\t\t<\/div>\n\t\t<\/div>\n\t\t\t\t\t<\/div>\n\t\t<\/section>\n\t\t\t\t<div class=\"elementor-element elementor-element-d971d9e elementor-widget-divider--view-line elementor-widget elementor-widget-divider\" data-id=\"d971d9e\" data-element_type=\"widget\" data-widget_type=\"divider.default\">\n\t\t\t\t<div class=\"elementor-widget-container\">\n\t\t\t\t\t\t\t<div class=\"elementor-divider\">\n\t\t\t<span class=\"elementor-divider-separator\">\n\t\t\t\t\t\t<\/span>\n\t\t<\/div>\n\t\t\t\t\t\t<\/div>\n\t\t\t\t<\/div>\n\t\t\t\t<div class=\"elementor-element elementor-element-27357ab elementor-widget elementor-widget-heading\" data-id=\"27357ab\" data-element_type=\"widget\" data-widget_type=\"heading.default\">\n\t\t\t\t<div class=\"elementor-widget-container\">\n\t\t\t\t\t<h2 class=\"elementor-heading-title elementor-size-default\">Oblasti interesovanja<\/h2>\t\t\t\t<\/div>\n\t\t\t\t<\/div>\n\t\t\t\t<div class=\"elementor-element elementor-element-337662c elementor-widget elementor-widget-text-editor\" data-id=\"337662c\" data-element_type=\"widget\" data-widget_type=\"text-editor.default\">\n\t\t\t\t<div class=\"elementor-widget-container\">\n\t\t\t\t\t\t\t\t\t<ul><li>Karcinom dojke<\/li><li>Karcinom plu\u0107a<\/li><li>Kolorektalni karcinom<\/li><li>Karcinom prostate<\/li><li>Karcinom ko\u017ee<\/li><li>Karcinom \u017eeluca<\/li><li>Karcinom jetre<\/li><li>Karcinom grli\u0107a materice<\/li><li>Karcinom bubrega<\/li><li>Karcinom pankreasa<\/li><li>Karcinom jednjaka (ezofagusa)<\/li><\/ul>\t\t\t\t\t\t\t\t<\/div>\n\t\t\t\t<\/div>\n\t\t\t\t<div class=\"elementor-element elementor-element-741eff1 elementor-widget elementor-widget-heading\" data-id=\"741eff1\" data-element_type=\"widget\" data-widget_type=\"heading.default\">\n\t\t\t\t<div class=\"elementor-widget-container\">\n\t\t\t\t\t<h2 class=\"elementor-heading-title elementor-size-default\">Obrazovanje<\/h2>\t\t\t\t<\/div>\n\t\t\t\t<\/div>\n\t\t\t\t<div class=\"elementor-element elementor-element-1c7af94 elementor-widget elementor-widget-text-editor\" data-id=\"1c7af94\" data-element_type=\"widget\" data-widget_type=\"text-editor.default\">\n\t\t\t\t<div class=\"elementor-widget-container\">\n\t\t\t\t\t\t\t\t\t<p><strong>2014 \u2013 2017<\/strong><br \/>Hacettepe Univerzitet \u2013 Institut za onkologiju, Odeljenje za medicinsku onkologiju<\/p><p><strong>2009 \u2013 2013<\/strong><br \/>Medicinski fakultet Univerziteta Ufuk \u2013 Odeljenje za internu medicinu<\/p><p><strong>1999 \u2013 2006<\/strong><br \/>Medicinski fakultet Univerziteta Eski\u015fehir Osmangazi<\/p>\t\t\t\t\t\t\t\t<\/div>\n\t\t\t\t<\/div>\n\t\t\t\t<div class=\"elementor-element elementor-element-083a849 elementor-widget elementor-widget-heading\" data-id=\"083a849\" data-element_type=\"widget\" data-widget_type=\"heading.default\">\n\t\t\t\t<div class=\"elementor-widget-container\">\n\t\t\t\t\t<h2 class=\"elementor-heading-title elementor-size-default\">Radno iskustvo<\/h2>\t\t\t\t<\/div>\n\t\t\t\t<\/div>\n\t\t\t\t<div class=\"elementor-element elementor-element-cbaea1e elementor-widget elementor-widget-text-editor\" data-id=\"cbaea1e\" data-element_type=\"widget\" data-widget_type=\"text-editor.default\">\n\t\t\t\t<div class=\"elementor-widget-container\">\n\t\t\t\t\t\t\t\t\t<p><strong>2024<\/strong><br \/>Neolife T\u0131p Merkezi<br \/>Kolan Beylikd\u00fcz\u00fc Bolnica<\/p><p><strong>2023 \u2013 2024<\/strong><br \/>Memorial Bah\u00e7elievler Bolnica<\/p><p><strong>2020 \u2013 2023<\/strong><br \/>Ac\u0131badem Maslak Bolnica<\/p><p><strong>2019 \u2013 2020<\/strong><br \/>Istanbul Ayd\u0131n Univerzitet \u2013 VM MedicalPark Florya Bolnica<\/p><p><strong>2017 \u2013 2019<\/strong><br \/>Dr\u017eavna bolnica Van \u2013 Univerzitet zdravstvenih nauka, Ministarstvo zdravlja<\/p><p><strong>2014 \u2013 2017<\/strong><br \/>Hacettepe Univerzitet \u2013 Institut za onkologiju, Odeljenje za medicinsku onkologiju<\/p><p><strong>2013 \u2013 2014<\/strong><br \/>Dr\u017eavna bolnica Kars<\/p><p><strong>2009 \u2013 2013<\/strong><br \/>Univerzitet Ufuk \u2013 Dr. R\u0131dvan Ege Bolnica, Odeljenje za internu medicinu<\/p><p><strong>2007 \u2013 2009<\/strong><br \/>Hacettepe Univerzitet \u2013 Medicinski fakultet, Odeljenje za fiziologiju<\/p>\t\t\t\t\t\t\t\t<\/div>\n\t\t\t\t<\/div>\n\t\t\t\t<div class=\"elementor-element elementor-element-1fb951b elementor-widget elementor-widget-heading\" data-id=\"1fb951b\" data-element_type=\"widget\" data-widget_type=\"heading.default\">\n\t\t\t\t<div class=\"elementor-widget-container\">\n\t\t\t\t\t<h2 class=\"elementor-heading-title elementor-size-default\">Profesionalna usavr\u0161avanja<\/h2>\t\t\t\t<\/div>\n\t\t\t\t<\/div>\n\t\t\t\t<div class=\"elementor-element elementor-element-c0dd6a2 elementor-widget elementor-widget-text-editor\" data-id=\"c0dd6a2\" data-element_type=\"widget\" data-widget_type=\"text-editor.default\">\n\t\t\t\t<div class=\"elementor-widget-container\">\n\t\t\t\t\t\t\t\t\t<ul><li>U\u010de\u0161\u0107e na nacionalnim kongresima medicinske onkologije, imunoterapije i borbe protiv raka<\/li><li>U\u010de\u0161\u0107e u edukativnim kursevima Turskog udru\u017eenja za medicinsku onkologiju<\/li><\/ul>\t\t\t\t\t\t\t\t<\/div>\n\t\t\t\t<\/div>\n\t\t\t\t<div class=\"elementor-element elementor-element-afaad8e elementor-widget elementor-widget-heading\" data-id=\"afaad8e\" data-element_type=\"widget\" data-widget_type=\"heading.default\">\n\t\t\t\t<div class=\"elementor-widget-container\">\n\t\t\t\t\t<h2 class=\"elementor-heading-title elementor-size-default\">\u010clanstva<\/h2>\t\t\t\t<\/div>\n\t\t\t\t<\/div>\n\t\t\t\t<div class=\"elementor-element elementor-element-0e51b4c elementor-widget elementor-widget-text-editor\" data-id=\"0e51b4c\" data-element_type=\"widget\" data-widget_type=\"text-editor.default\">\n\t\t\t\t<div class=\"elementor-widget-container\">\n\t\t\t\t\t\t\t\t\t<ul><li>Tursko udru\u017eenje za medicinsku onkologiju<\/li><li>Lekarska komora Istanbula<\/li><\/ul>\t\t\t\t\t\t\t\t<\/div>\n\t\t\t\t<\/div>\n\t\t\t\t<div class=\"elementor-element elementor-element-8c4cc05 elementor-widget elementor-widget-heading\" data-id=\"8c4cc05\" data-element_type=\"widget\" data-widget_type=\"heading.default\">\n\t\t\t\t<div class=\"elementor-widget-container\">\n\t\t\t\t\t<h2 class=\"elementor-heading-title elementor-size-default\">Nau\u010dne aktivnosti<\/h2>\t\t\t\t<\/div>\n\t\t\t\t<\/div>\n\t\t\t\t<div class=\"elementor-element elementor-element-46dccd8 elementor-widget-tablet__width-initial elementor-widget elementor-widget-text-editor\" data-id=\"46dccd8\" data-element_type=\"widget\" data-widget_type=\"text-editor.default\">\n\t\t\t\t<div class=\"elementor-widget-container\">\n\t\t\t\t\t\t\t\t\t<ul><li><strong>6 nau\u010dnih radova<\/strong> objavljenih u nacionalnim i me\u0111unarodnim \u010dasopisima<\/li><li><strong>21 poster\/saop\u0161tenje<\/strong> predstavljeno na nacionalnim kongresima<\/li><li><strong>3 saop\u0161tenja<\/strong> na me\u0111unarodnim kongresima<\/li><li><strong>1 prevod poglavlja iz ud\u017ebenika<\/strong>:<br \/><em>Atlas interne medicine, 3. izdanje \u2013 Poglavlje 12: Hepatologija (prevod na turski)<\/em><\/li><li><strong>3 autorska poglavlja u stru\u010dnim knjigama:<\/strong><\/li><li><em>Imunoterapija u onkologiji \u2013 Imunoterapija kod malih \u0107elijskih karcinoma plu\u0107a<\/em>, Poglavlje 13, 2020<\/li><li><em>Tumori endokrinog sistema \u2013 Uloga imunoterapije u neuroendokrinim tumorima<\/em>, Poglavlje 41, 2021<\/li><li><em>Antineoplasti\u010dni lekovi \u2013 Mehanizmi delovanja i klasifikacija antimetabolita<\/em>, Poglavlje 14, 2022<\/li><li><strong>1 usmeno izlaganje<\/strong> na nacionalnom kongresu:<br \/><em>Hemoterapija kod karcinoma grli\u0107a materice<\/em>, 3. Nacionalni kongres urogenitalnih karcinoma, 2019<\/li><\/ul>\t\t\t\t\t\t\t\t<\/div>\n\t\t\t\t<\/div>\n\t\t\t\t\t<\/div>\n\t\t<\/div>\n\t\t\t\t<div class=\"elementor-column elementor-col-50 elementor-top-column elementor-element elementor-element-679e975\" data-id=\"679e975\" data-element_type=\"column\">\n\t\t\t<div class=\"elementor-widget-wrap elementor-element-populated\">\n\t\t\t\t\t\t\t<\/div>\n\t\t<\/div>\n\t\t\t\t\t<\/div>\n\t\t<\/section>\n\t\t\t\t<\/div>\n\t\t","protected":false},"excerpt":{"rendered":"<p>Specijalistkinja internisti\u010dke (medicinske) onkologije Spec. Dr. Vildan Kayku Oblasti interesovanja Karcinom dojke Karcinom plu\u0107a Kolorektalni karcinom Karcinom prostate Karcinom ko\u017ee Karcinom \u017eeluca Karcinom jetre Karcinom grli\u0107a materice Karcinom bubrega Karcinom pankreasa Karcinom jednjaka (ezofagusa) Obrazovanje 2014 \u2013 2017 Hacettepe Univerzitet \u2013 Institut za onkologiju, Odeljenje za medicinsku onkologiju 2009 \u2013 2013 Medicinski fakultet Univerziteta Ufuk [&hellip;]<\/p>\n","protected":false},"author":13,"featured_media":21738,"parent":0,"menu_order":0,"comment_status":"closed","ping_status":"closed","template":"","meta":{"footnotes":""},"class_list":["post-26971","page","type-page","status-publish","has-post-thumbnail","hentry"],"yoast_head":"<!-- This site is optimized with the Yoast SEO plugin v22.5 - https:\/\/yoast.com\/wordpress\/plugins\/seo\/ -->\n<title>Spec. Dr. Vildan Kayku - Neolife T\u0131p Merkezi<\/title>\n<meta name=\"robots\" content=\"index, follow, max-snippet:-1, max-image-preview:large, max-video-preview:-1\" \/>\n<link rel=\"canonical\" href=\"https:\/\/www.neolife.com.tr\/sr\/spec-dr-vildan-kayku\/\" \/>\n<meta name=\"twitter:label1\" content=\"\u041f\u0440\u043e\u0446\u0435\u045a\u0435\u043d\u043e \u0432\u0440\u0435\u043c\u0435 \u0447\u0438\u0442\u0430\u045a\u0430\" \/>\n\t<meta name=\"twitter:data1\" content=\"2 \u043c\u0438\u043d\u0443\u0442\u0430\" \/>\n<script type=\"application\/ld+json\" class=\"yoast-schema-graph\">{\"@context\":\"https:\/\/schema.org\",\"@graph\":[{\"@type\":\"WebPage\",\"@id\":\"https:\/\/www.neolife.com.tr\/sr\/spec-dr-vildan-kayku\/\",\"url\":\"https:\/\/www.neolife.com.tr\/sr\/spec-dr-vildan-kayku\/\",\"name\":\"Spec. Dr. Vildan Kayku - Neolife T\u0131p Merkezi\",\"isPartOf\":{\"@id\":\"https:\/\/www.neolife.com.tr\/#website\"},\"primaryImageOfPage\":{\"@id\":\"https:\/\/www.neolife.com.tr\/sr\/spec-dr-vildan-kayku\/#primaryimage\"},\"image\":{\"@id\":\"https:\/\/www.neolife.com.tr\/sr\/spec-dr-vildan-kayku\/#primaryimage\"},\"thumbnailUrl\":\"https:\/\/www.neolife.com.tr\/wp-content\/uploads\/2024\/07\/image00002-kopya.i85-min-2.jpg\",\"datePublished\":\"2025-07-11T11:08:11+00:00\",\"dateModified\":\"2025-07-11T11:21:24+00:00\",\"breadcrumb\":{\"@id\":\"https:\/\/www.neolife.com.tr\/sr\/spec-dr-vildan-kayku\/#breadcrumb\"},\"inLanguage\":\"sr-RS\",\"potentialAction\":[{\"@type\":\"ReadAction\",\"target\":[\"https:\/\/www.neolife.com.tr\/sr\/spec-dr-vildan-kayku\/\"]}]},{\"@type\":\"ImageObject\",\"inLanguage\":\"sr-RS\",\"@id\":\"https:\/\/www.neolife.com.tr\/sr\/spec-dr-vildan-kayku\/#primaryimage\",\"url\":\"https:\/\/www.neolife.com.tr\/wp-content\/uploads\/2024\/07\/image00002-kopya.i85-min-2.jpg\",\"contentUrl\":\"https:\/\/www.neolife.com.tr\/wp-content\/uploads\/2024\/07\/image00002-kopya.i85-min-2.jpg\",\"width\":1067,\"height\":1067,\"caption\":\"\u0627\u0644\u062f\u0643\u062a\u0648\u0631\u0629 \u0627\u0644\u0645\u062a\u062e\u0635\u0635\u0629 \u0641\u064a\u0644\u062f\u0627\u0646 \u0643\u0627\u064a\u0643\u0648\"},{\"@type\":\"BreadcrumbList\",\"@id\":\"https:\/\/www.neolife.com.tr\/sr\/spec-dr-vildan-kayku\/#breadcrumb\",\"itemListElement\":[{\"@type\":\"ListItem\",\"position\":1,\"name\":\"Ana Sayfa\",\"item\":\"https:\/\/www.neolife.com.tr\/sr\/\"},{\"@type\":\"ListItem\",\"position\":2,\"name\":\"Spec. Dr. Vildan Kayku\"}]},{\"@type\":\"WebSite\",\"@id\":\"https:\/\/www.neolife.com.tr\/#website\",\"url\":\"https:\/\/www.neolife.com.tr\/\",\"name\":\"Neolife T\u0131p Merkezi\",\"description\":\"T\u00fcrkiye&#039;de kanser tedavisi - kanser te\u015fhisi ve tedavisi\",\"publisher\":{\"@id\":\"https:\/\/www.neolife.com.tr\/#organization\"},\"potentialAction\":[{\"@type\":\"SearchAction\",\"target\":{\"@type\":\"EntryPoint\",\"urlTemplate\":\"https:\/\/www.neolife.com.tr\/?s={search_term_string}\"},\"query-input\":\"required name=search_term_string\"}],\"inLanguage\":\"sr-RS\"},{\"@type\":\"Organization\",\"@id\":\"https:\/\/www.neolife.com.tr\/#organization\",\"name\":\"Neolife T\u0131p Merkezi\",\"url\":\"https:\/\/www.neolife.com.tr\/\",\"logo\":{\"@type\":\"ImageObject\",\"inLanguage\":\"sr-RS\",\"@id\":\"https:\/\/www.neolife.com.tr\/#\/schema\/logo\/image\/\",\"url\":\"https:\/\/www.neolife.com.tr\/wp-content\/uploads\/2021\/06\/Neolife-Logo.png\",\"contentUrl\":\"https:\/\/www.neolife.com.tr\/wp-content\/uploads\/2021\/06\/Neolife-Logo.png\",\"width\":348,\"height\":92,\"caption\":\"Neolife T\u0131p Merkezi\"},\"image\":{\"@id\":\"https:\/\/www.neolife.com.tr\/#\/schema\/logo\/image\/\"},\"sameAs\":[\"https:\/\/www.facebook.com\/NeoLifeIstanbul\/\",\"https:\/\/x.com\/NeoLifeIstanbul\",\"https:\/\/www.linkedin.com\/company\/neolife-oncology-center\/?originalSubdomain=tr\"]}]}<\/script>\n<!-- \/ Yoast SEO plugin. -->","yoast_head_json":{"title":"Spec. Dr. Vildan Kayku - Neolife T\u0131p Merkezi","robots":{"index":"index","follow":"follow","max-snippet":"max-snippet:-1","max-image-preview":"max-image-preview:large","max-video-preview":"max-video-preview:-1"},"canonical":"https:\/\/www.neolife.com.tr\/sr\/spec-dr-vildan-kayku\/","twitter_misc":{"\u041f\u0440\u043e\u0446\u0435\u045a\u0435\u043d\u043e \u0432\u0440\u0435\u043c\u0435 \u0447\u0438\u0442\u0430\u045a\u0430":"2 \u043c\u0438\u043d\u0443\u0442\u0430"},"schema":{"@context":"https:\/\/schema.org","@graph":[{"@type":"WebPage","@id":"https:\/\/www.neolife.com.tr\/sr\/spec-dr-vildan-kayku\/","url":"https:\/\/www.neolife.com.tr\/sr\/spec-dr-vildan-kayku\/","name":"Spec. Dr. Vildan Kayku - Neolife T\u0131p Merkezi","isPartOf":{"@id":"https:\/\/www.neolife.com.tr\/#website"},"primaryImageOfPage":{"@id":"https:\/\/www.neolife.com.tr\/sr\/spec-dr-vildan-kayku\/#primaryimage"},"image":{"@id":"https:\/\/www.neolife.com.tr\/sr\/spec-dr-vildan-kayku\/#primaryimage"},"thumbnailUrl":"https:\/\/www.neolife.com.tr\/wp-content\/uploads\/2024\/07\/image00002-kopya.i85-min-2.jpg","datePublished":"2025-07-11T11:08:11+00:00","dateModified":"2025-07-11T11:21:24+00:00","breadcrumb":{"@id":"https:\/\/www.neolife.com.tr\/sr\/spec-dr-vildan-kayku\/#breadcrumb"},"inLanguage":"sr-RS","potentialAction":[{"@type":"ReadAction","target":["https:\/\/www.neolife.com.tr\/sr\/spec-dr-vildan-kayku\/"]}]},{"@type":"ImageObject","inLanguage":"sr-RS","@id":"https:\/\/www.neolife.com.tr\/sr\/spec-dr-vildan-kayku\/#primaryimage","url":"https:\/\/www.neolife.com.tr\/wp-content\/uploads\/2024\/07\/image00002-kopya.i85-min-2.jpg","contentUrl":"https:\/\/www.neolife.com.tr\/wp-content\/uploads\/2024\/07\/image00002-kopya.i85-min-2.jpg","width":1067,"height":1067,"caption":"\u0627\u0644\u062f\u0643\u062a\u0648\u0631\u0629 \u0627\u0644\u0645\u062a\u062e\u0635\u0635\u0629 \u0641\u064a\u0644\u062f\u0627\u0646 \u0643\u0627\u064a\u0643\u0648"},{"@type":"BreadcrumbList","@id":"https:\/\/www.neolife.com.tr\/sr\/spec-dr-vildan-kayku\/#breadcrumb","itemListElement":[{"@type":"ListItem","position":1,"name":"Ana Sayfa","item":"https:\/\/www.neolife.com.tr\/sr\/"},{"@type":"ListItem","position":2,"name":"Spec. Dr. Vildan Kayku"}]},{"@type":"WebSite","@id":"https:\/\/www.neolife.com.tr\/#website","url":"https:\/\/www.neolife.com.tr\/","name":"Neolife T\u0131p Merkezi","description":"T\u00fcrkiye&#039;de kanser tedavisi - kanser te\u015fhisi ve tedavisi","publisher":{"@id":"https:\/\/www.neolife.com.tr\/#organization"},"potentialAction":[{"@type":"SearchAction","target":{"@type":"EntryPoint","urlTemplate":"https:\/\/www.neolife.com.tr\/?s={search_term_string}"},"query-input":"required name=search_term_string"}],"inLanguage":"sr-RS"},{"@type":"Organization","@id":"https:\/\/www.neolife.com.tr\/#organization","name":"Neolife T\u0131p Merkezi","url":"https:\/\/www.neolife.com.tr\/","logo":{"@type":"ImageObject","inLanguage":"sr-RS","@id":"https:\/\/www.neolife.com.tr\/#\/schema\/logo\/image\/","url":"https:\/\/www.neolife.com.tr\/wp-content\/uploads\/2021\/06\/Neolife-Logo.png","contentUrl":"https:\/\/www.neolife.com.tr\/wp-content\/uploads\/2021\/06\/Neolife-Logo.png","width":348,"height":92,"caption":"Neolife T\u0131p Merkezi"},"image":{"@id":"https:\/\/www.neolife.com.tr\/#\/schema\/logo\/image\/"},"sameAs":["https:\/\/www.facebook.com\/NeoLifeIstanbul\/","https:\/\/x.com\/NeoLifeIstanbul","https:\/\/www.linkedin.com\/company\/neolife-oncology-center\/?originalSubdomain=tr"]}]}},"_links":{"self":[{"href":"https:\/\/www.neolife.com.tr\/sr\/wp-json\/wp\/v2\/pages\/26971","targetHints":{"allow":["GET"]}}],"collection":[{"href":"https:\/\/www.neolife.com.tr\/sr\/wp-json\/wp\/v2\/pages"}],"about":[{"href":"https:\/\/www.neolife.com.tr\/sr\/wp-json\/wp\/v2\/types\/page"}],"author":[{"embeddable":true,"href":"https:\/\/www.neolife.com.tr\/sr\/wp-json\/wp\/v2\/users\/13"}],"replies":[{"embeddable":true,"href":"https:\/\/www.neolife.com.tr\/sr\/wp-json\/wp\/v2\/comments?post=26971"}],"version-history":[{"count":5,"href":"https:\/\/www.neolife.com.tr\/sr\/wp-json\/wp\/v2\/pages\/26971\/revisions"}],"predecessor-version":[{"id":26978,"href":"https:\/\/www.neolife.com.tr\/sr\/wp-json\/wp\/v2\/pages\/26971\/revisions\/26978"}],"wp:featuredmedia":[{"embeddable":true,"href":"https:\/\/www.neolife.com.tr\/sr\/wp-json\/wp\/v2\/media\/21738"}],"wp:attachment":[{"href":"https:\/\/www.neolife.com.tr\/sr\/wp-json\/wp\/v2\/media?parent=26971"}],"curies":[{"name":"wp","href":"https:\/\/api.w.org\/{rel}","templated":true}]}}