{"id":25099,"date":"2025-04-29T15:11:20","date_gmt":"2025-04-29T12:11:20","guid":{"rendered":"https:\/\/www.neolife.com.tr\/?page_id=25099"},"modified":"2025-09-17T14:03:38","modified_gmt":"2025-09-17T11:03:38","slug":"neolife-centar-za-zdravlje-zena-i-dojki","status":"publish","type":"page","link":"https:\/\/www.neolife.com.tr\/sr\/neolife-centar-za-zdravlje-zena-i-dojki\/","title":{"rendered":"Neolife Centar za Zdravlje \u017dena i Dojki"},"content":{"rendered":"\t\t<div data-elementor-type=\"wp-page\" data-elementor-id=\"25099\" class=\"elementor elementor-25099\" data-elementor-post-type=\"page\">\n\t\t\t\t\t\t<section class=\"elementor-section elementor-top-section elementor-element elementor-element-6db3d83f elementor-section-boxed elementor-section-height-default elementor-section-height-default\" data-id=\"6db3d83f\" data-element_type=\"section\">\n\t\t\t\t\t\t<div class=\"elementor-container elementor-column-gap-default\">\n\t\t\t\t\t<div class=\"elementor-column elementor-col-100 elementor-top-column elementor-element elementor-element-253295ea\" data-id=\"253295ea\" data-element_type=\"column\">\n\t\t\t<div class=\"elementor-widget-wrap elementor-element-populated\">\n\t\t\t\t\t\t<div class=\"elementor-element elementor-element-1baafc7e elementor-widget elementor-widget-text-editor\" data-id=\"1baafc7e\" data-element_type=\"widget\" data-widget_type=\"text-editor.default\">\n\t\t\t\t<div class=\"elementor-widget-container\">\n\t\t\t\t\t\t\t\t\t<p class=\"\" data-start=\"121\" data-end=\"406\">Razumemo da \u017eene imaju jedinstvene zdravstvene potrebe i sa velikim zadovoljstvom vam predstavljamo Neolife Centar za Zdravlje \u017dena i Dojki. Fokusirani smo na pra\u0107enje, dijagnostiku i le\u010denje zdravih \u017eena kroz redovne kontrole uz stru\u010dnjake iz svojih oblasti na ta\u010dan i bezbedan na\u010din.<\/p><p class=\"\" data-start=\"408\" data-end=\"573\">Sa sve\u0161\u0107u o preventivnom, personalizovanom i na dokazima zasnovanom pristupu zdravstvenim uslugama, stojimo uz na\u0161e \u017eene u svakom potencijalnom zdravstvenom izazovu.<\/p><p class=\"\" data-start=\"575\" data-end=\"857\">Kroz Savet za Zdravlje \u017dena i Dojki, koji se sastoji od na\u0161ih stru\u010dnih lekara iz oblasti ginekologije, op\u0161te hirurgije, radiologije, interne medicine, onkologije i nuklearne medicine, razvijamo multidisciplinarna i individualno prilago\u0111ena re\u0161enja za sve mogu\u0107e i postoje\u0107e bolesti.<\/p><p class=\"\" data-start=\"859\" data-end=\"1042\">Isti\u010demo va\u017enost rane dijagnoze i le\u010denja kada je u pitanju zdravlje dojki i \u017eena i kao Neolife Centar za Zdravlje \u017dena i Dojki, nastavljamo neumorno da radimo za dobrobit na\u0161ih \u017eena.<\/p>\t\t\t\t\t\t\t\t<\/div>\n\t\t\t\t<\/div>\n\t\t\t\t\t<\/div>\n\t\t<\/div>\n\t\t\t\t\t<\/div>\n\t\t<\/section>\n\t\t\t\t<\/div>\n\t\t","protected":false},"excerpt":{"rendered":"<p>Razumemo da \u017eene imaju jedinstvene zdravstvene potrebe i sa velikim zadovoljstvom vam predstavljamo Neolife Centar za Zdravlje \u017dena i Dojki. Fokusirani smo na pra\u0107enje, dijagnostiku i le\u010denje zdravih \u017eena kroz redovne kontrole uz stru\u010dnjake iz svojih oblasti na ta\u010dan i bezbedan na\u010din. Sa sve\u0161\u0107u o preventivnom, personalizovanom i na dokazima zasnovanom pristupu zdravstvenim uslugama, stojimo [&hellip;]<\/p>\n","protected":false},"author":13,"featured_media":25102,"parent":0,"menu_order":0,"comment_status":"closed","ping_status":"closed","template":"","meta":{"footnotes":""},"class_list":["post-25099","page","type-page","status-publish","has-post-thumbnail","hentry"],"yoast_head":"<!-- This site is optimized with the Yoast SEO plugin v22.5 - https:\/\/yoast.com\/wordpress\/plugins\/seo\/ -->\n<title>Neolife Centar za Zdravlje \u017dena i Dojki - Neolife T\u0131p Merkezi<\/title>\n<meta name=\"robots\" content=\"index, follow, max-snippet:-1, max-image-preview:large, max-video-preview:-1\" \/>\n<link rel=\"canonical\" href=\"https:\/\/www.neolife.com.tr\/sr\/neolife-centar-za-zdravlje-zena-i-dojki\/\" \/>\n<meta name=\"twitter:label1\" content=\"\u041f\u0440\u043e\u0446\u0435\u045a\u0435\u043d\u043e \u0432\u0440\u0435\u043c\u0435 \u0447\u0438\u0442\u0430\u045a\u0430\" \/>\n\t<meta name=\"twitter:data1\" content=\"7 \u043c\u0438\u043d\u0443\u0442\u0430\" \/>\n<script type=\"application\/ld+json\" class=\"yoast-schema-graph\">{\"@context\":\"https:\/\/schema.org\",\"@graph\":[{\"@type\":\"WebPage\",\"@id\":\"https:\/\/www.neolife.com.tr\/sr\/neolife-centar-za-zdravlje-zena-i-dojki\/\",\"url\":\"https:\/\/www.neolife.com.tr\/sr\/neolife-centar-za-zdravlje-zena-i-dojki\/\",\"name\":\"Neolife Centar za Zdravlje \u017dena i Dojki - Neolife T\u0131p Merkezi\",\"isPartOf\":{\"@id\":\"https:\/\/www.neolife.com.tr\/#website\"},\"primaryImageOfPage\":{\"@id\":\"https:\/\/www.neolife.com.tr\/sr\/neolife-centar-za-zdravlje-zena-i-dojki\/#primaryimage\"},\"image\":{\"@id\":\"https:\/\/www.neolife.com.tr\/sr\/neolife-centar-za-zdravlje-zena-i-dojki\/#primaryimage\"},\"thumbnailUrl\":\"https:\/\/www.neolife.com.tr\/wp-content\/uploads\/2023\/01\/Meme-ve-Kadin-Sagligi-Header.png\",\"datePublished\":\"2025-04-29T12:11:20+00:00\",\"dateModified\":\"2025-09-17T11:03:38+00:00\",\"breadcrumb\":{\"@id\":\"https:\/\/www.neolife.com.tr\/sr\/neolife-centar-za-zdravlje-zena-i-dojki\/#breadcrumb\"},\"inLanguage\":\"sr-RS\",\"potentialAction\":[{\"@type\":\"ReadAction\",\"target\":[\"https:\/\/www.neolife.com.tr\/sr\/neolife-centar-za-zdravlje-zena-i-dojki\/\"]}]},{\"@type\":\"ImageObject\",\"inLanguage\":\"sr-RS\",\"@id\":\"https:\/\/www.neolife.com.tr\/sr\/neolife-centar-za-zdravlje-zena-i-dojki\/#primaryimage\",\"url\":\"https:\/\/www.neolife.com.tr\/wp-content\/uploads\/2023\/01\/Meme-ve-Kadin-Sagligi-Header.png\",\"contentUrl\":\"https:\/\/www.neolife.com.tr\/wp-content\/uploads\/2023\/01\/Meme-ve-Kadin-Sagligi-Header.png\",\"width\":1200,\"height\":1193},{\"@type\":\"BreadcrumbList\",\"@id\":\"https:\/\/www.neolife.com.tr\/sr\/neolife-centar-za-zdravlje-zena-i-dojki\/#breadcrumb\",\"itemListElement\":[{\"@type\":\"ListItem\",\"position\":1,\"name\":\"Ana Sayfa\",\"item\":\"https:\/\/www.neolife.com.tr\/sr\/\"},{\"@type\":\"ListItem\",\"position\":2,\"name\":\"Neolife Centar za Zdravlje \u017dena i Dojki\"}]},{\"@type\":\"WebSite\",\"@id\":\"https:\/\/www.neolife.com.tr\/#website\",\"url\":\"https:\/\/www.neolife.com.tr\/\",\"name\":\"Neolife T\u0131p Merkezi\",\"description\":\"T\u00fcrkiye&#039;de kanser tedavisi - kanser te\u015fhisi ve tedavisi\",\"publisher\":{\"@id\":\"https:\/\/www.neolife.com.tr\/#organization\"},\"potentialAction\":[{\"@type\":\"SearchAction\",\"target\":{\"@type\":\"EntryPoint\",\"urlTemplate\":\"https:\/\/www.neolife.com.tr\/?s={search_term_string}\"},\"query-input\":\"required name=search_term_string\"}],\"inLanguage\":\"sr-RS\"},{\"@type\":\"Organization\",\"@id\":\"https:\/\/www.neolife.com.tr\/#organization\",\"name\":\"Neolife T\u0131p Merkezi\",\"url\":\"https:\/\/www.neolife.com.tr\/\",\"logo\":{\"@type\":\"ImageObject\",\"inLanguage\":\"sr-RS\",\"@id\":\"https:\/\/www.neolife.com.tr\/#\/schema\/logo\/image\/\",\"url\":\"https:\/\/www.neolife.com.tr\/wp-content\/uploads\/2021\/06\/Neolife-Logo.png\",\"contentUrl\":\"https:\/\/www.neolife.com.tr\/wp-content\/uploads\/2021\/06\/Neolife-Logo.png\",\"width\":348,\"height\":92,\"caption\":\"Neolife T\u0131p Merkezi\"},\"image\":{\"@id\":\"https:\/\/www.neolife.com.tr\/#\/schema\/logo\/image\/\"},\"sameAs\":[\"https:\/\/www.facebook.com\/NeoLifeIstanbul\/\",\"https:\/\/x.com\/NeoLifeIstanbul\",\"https:\/\/www.linkedin.com\/company\/neolife-oncology-center\/?originalSubdomain=tr\"]}]}<\/script>\n<!-- \/ Yoast SEO plugin. -->","yoast_head_json":{"title":"Neolife Centar za Zdravlje \u017dena i Dojki - Neolife T\u0131p Merkezi","robots":{"index":"index","follow":"follow","max-snippet":"max-snippet:-1","max-image-preview":"max-image-preview:large","max-video-preview":"max-video-preview:-1"},"canonical":"https:\/\/www.neolife.com.tr\/sr\/neolife-centar-za-zdravlje-zena-i-dojki\/","twitter_misc":{"\u041f\u0440\u043e\u0446\u0435\u045a\u0435\u043d\u043e \u0432\u0440\u0435\u043c\u0435 \u0447\u0438\u0442\u0430\u045a\u0430":"7 \u043c\u0438\u043d\u0443\u0442\u0430"},"schema":{"@context":"https:\/\/schema.org","@graph":[{"@type":"WebPage","@id":"https:\/\/www.neolife.com.tr\/sr\/neolife-centar-za-zdravlje-zena-i-dojki\/","url":"https:\/\/www.neolife.com.tr\/sr\/neolife-centar-za-zdravlje-zena-i-dojki\/","name":"Neolife Centar za Zdravlje \u017dena i Dojki - Neolife T\u0131p Merkezi","isPartOf":{"@id":"https:\/\/www.neolife.com.tr\/#website"},"primaryImageOfPage":{"@id":"https:\/\/www.neolife.com.tr\/sr\/neolife-centar-za-zdravlje-zena-i-dojki\/#primaryimage"},"image":{"@id":"https:\/\/www.neolife.com.tr\/sr\/neolife-centar-za-zdravlje-zena-i-dojki\/#primaryimage"},"thumbnailUrl":"https:\/\/www.neolife.com.tr\/wp-content\/uploads\/2023\/01\/Meme-ve-Kadin-Sagligi-Header.png","datePublished":"2025-04-29T12:11:20+00:00","dateModified":"2025-09-17T11:03:38+00:00","breadcrumb":{"@id":"https:\/\/www.neolife.com.tr\/sr\/neolife-centar-za-zdravlje-zena-i-dojki\/#breadcrumb"},"inLanguage":"sr-RS","potentialAction":[{"@type":"ReadAction","target":["https:\/\/www.neolife.com.tr\/sr\/neolife-centar-za-zdravlje-zena-i-dojki\/"]}]},{"@type":"ImageObject","inLanguage":"sr-RS","@id":"https:\/\/www.neolife.com.tr\/sr\/neolife-centar-za-zdravlje-zena-i-dojki\/#primaryimage","url":"https:\/\/www.neolife.com.tr\/wp-content\/uploads\/2023\/01\/Meme-ve-Kadin-Sagligi-Header.png","contentUrl":"https:\/\/www.neolife.com.tr\/wp-content\/uploads\/2023\/01\/Meme-ve-Kadin-Sagligi-Header.png","width":1200,"height":1193},{"@type":"BreadcrumbList","@id":"https:\/\/www.neolife.com.tr\/sr\/neolife-centar-za-zdravlje-zena-i-dojki\/#breadcrumb","itemListElement":[{"@type":"ListItem","position":1,"name":"Ana Sayfa","item":"https:\/\/www.neolife.com.tr\/sr\/"},{"@type":"ListItem","position":2,"name":"Neolife Centar za Zdravlje \u017dena i Dojki"}]},{"@type":"WebSite","@id":"https:\/\/www.neolife.com.tr\/#website","url":"https:\/\/www.neolife.com.tr\/","name":"Neolife T\u0131p Merkezi","description":"T\u00fcrkiye&#039;de kanser tedavisi - kanser te\u015fhisi ve tedavisi","publisher":{"@id":"https:\/\/www.neolife.com.tr\/#organization"},"potentialAction":[{"@type":"SearchAction","target":{"@type":"EntryPoint","urlTemplate":"https:\/\/www.neolife.com.tr\/?s={search_term_string}"},"query-input":"required name=search_term_string"}],"inLanguage":"sr-RS"},{"@type":"Organization","@id":"https:\/\/www.neolife.com.tr\/#organization","name":"Neolife T\u0131p Merkezi","url":"https:\/\/www.neolife.com.tr\/","logo":{"@type":"ImageObject","inLanguage":"sr-RS","@id":"https:\/\/www.neolife.com.tr\/#\/schema\/logo\/image\/","url":"https:\/\/www.neolife.com.tr\/wp-content\/uploads\/2021\/06\/Neolife-Logo.png","contentUrl":"https:\/\/www.neolife.com.tr\/wp-content\/uploads\/2021\/06\/Neolife-Logo.png","width":348,"height":92,"caption":"Neolife T\u0131p Merkezi"},"image":{"@id":"https:\/\/www.neolife.com.tr\/#\/schema\/logo\/image\/"},"sameAs":["https:\/\/www.facebook.com\/NeoLifeIstanbul\/","https:\/\/x.com\/NeoLifeIstanbul","https:\/\/www.linkedin.com\/company\/neolife-oncology-center\/?originalSubdomain=tr"]}]}},"_links":{"self":[{"href":"https:\/\/www.neolife.com.tr\/sr\/wp-json\/wp\/v2\/pages\/25099","targetHints":{"allow":["GET"]}}],"collection":[{"href":"https:\/\/www.neolife.com.tr\/sr\/wp-json\/wp\/v2\/pages"}],"about":[{"href":"https:\/\/www.neolife.com.tr\/sr\/wp-json\/wp\/v2\/types\/page"}],"author":[{"embeddable":true,"href":"https:\/\/www.neolife.com.tr\/sr\/wp-json\/wp\/v2\/users\/13"}],"replies":[{"embeddable":true,"href":"https:\/\/www.neolife.com.tr\/sr\/wp-json\/wp\/v2\/comments?post=25099"}],"version-history":[{"count":11,"href":"https:\/\/www.neolife.com.tr\/sr\/wp-json\/wp\/v2\/pages\/25099\/revisions"}],"predecessor-version":[{"id":28985,"href":"https:\/\/www.neolife.com.tr\/sr\/wp-json\/wp\/v2\/pages\/25099\/revisions\/28985"}],"wp:featuredmedia":[{"embeddable":true,"href":"https:\/\/www.neolife.com.tr\/sr\/wp-json\/wp\/v2\/media\/25102"}],"wp:attachment":[{"href":"https:\/\/www.neolife.com.tr\/sr\/wp-json\/wp\/v2\/media?parent=25099"}],"curies":[{"name":"wp","href":"https:\/\/api.w.org\/{rel}","templated":true}]}}