{"id":25048,"date":"2025-04-29T10:09:08","date_gmt":"2025-04-29T07:09:08","guid":{"rendered":"https:\/\/www.neolife.com.tr\/?page_id=25048"},"modified":"2025-09-17T14:11:03","modified_gmt":"2025-09-17T11:11:03","slug":"nova-generacija-pet-ct-uredaja-general-electric-discovery-iq","status":"publish","type":"page","link":"https:\/\/www.neolife.com.tr\/sr\/nova-generacija-pet-ct-uredaja-general-electric-discovery-iq\/","title":{"rendered":"Nova generacija PET\/CT ure\u0111aja General Electric Discovery IQ"},"content":{"rendered":"<h4 data-start=\"0\" data-end=\"26\"><strong>ZA\u0160TO DISCOVERY IQ PET\/CT?<\/strong><\/h4>\n<p data-start=\"28\" data-end=\"432\">Neolife Medicinski Centar, koji nastavlja da ula\u017ee u nove tehnologije u oblasti zdravstva za dobrobit na\u0161ih pacijenata i lekara, pa\u017eljivo prati inovacije u svetu medicine. Po\u010deo je prijem pacijenata sa novom generacijom General Electric Discovery IQ PET\/CT ure\u0111aja, koji donosi novu perspektivu u dijagnostiku i le\u010denje raka, omogu\u0107avaju\u0107i dobijanje jasnijih snimaka za kra\u0107e vreme uz ni\u017ee doze zra\u010denja.<\/p>\n<p data-start=\"434\" data-end=\"676\">Discovery IQ je naj\u010de\u0161\u0107e kori\u0161\u0107en i najpouzdaniji PET\/CT sistem me\u0111u klini\u010darima \u0161irom sveta. Dizajniran je i proizveden kao skalabilni, visokoperformansni dijagnosti\u010dki sistem sa mogu\u0107no\u0161\u0107u postizanja izuzetnog kvaliteta slike uz manju dozu.<\/p>\n<p><img fetchpriority=\"high\" decoding=\"async\" src=\"https:\/\/www.neolife.com.tr\/wp-content\/uploads\/2025\/04\/Sirpca-gorsel-01-01-01-1024x576.jpg\" sizes=\"(max-width: 1024px) 100vw, 1024px\" srcset=\"https:\/\/www.neolife.com.tr\/wp-content\/uploads\/2025\/04\/Sirpca-gorsel-01-01-01-1024x576.jpg 1024w, https:\/\/www.neolife.com.tr\/wp-content\/uploads\/2025\/04\/Sirpca-gorsel-01-01-01-300x169.jpg 300w, https:\/\/www.neolife.com.tr\/wp-content\/uploads\/2025\/04\/Sirpca-gorsel-01-01-01-768x432.jpg 768w, https:\/\/www.neolife.com.tr\/wp-content\/uploads\/2025\/04\/Sirpca-gorsel-01-01-01-1536x864.jpg 1536w, https:\/\/www.neolife.com.tr\/wp-content\/uploads\/2025\/04\/Sirpca-gorsel-01-01-01-2048x1152.jpg 2048w\" alt=\"Electric Discovery IQ PET\/CT\" width=\"1024\" height=\"576\" \/><\/p>\n<h4 data-start=\"0\" data-end=\"27\"><strong>DIJAGNOZA BRZINOM SVETLOSTI<\/strong><\/h4>\n<p data-start=\"29\" data-end=\"330\">Discovery IQ koristi LightBurst PET detektor koji prepolovljava vreme skeniranja i koli\u010dinu zra\u010denja. Kada se kombinuje sa najnovijim unapre\u0111enjima u preciznosti, korekciji pokreta i kvantifikaciji, pru\u017ea izuzetno jasne informacije u pogledu kvaliteta slike, brzine snimanja i detekcije manjih lezija.<\/p>\n<h4 data-start=\"332\" data-end=\"350\"><strong>\u0160TA JE MOTIONFREE?<\/strong><\/h4>\n<p data-start=\"352\" data-end=\"653\">MotionFree funkcija neprekidno prati respiratorne pokrete pacijenta tokom PET\/CT procedure, automatski prilago\u0111ava skeniranje i zatim u realnom vremenu integri\u0161e dobijene podatke sa kona\u010dnim snimkom. MotionFree predstavlja novi standard u PET snimanju i klju\u010dni je alat za postizanje boljih rezultata.<\/p>\n<p><img decoding=\"async\" src=\"https:\/\/www.neolife.com.tr\/wp-content\/uploads\/2025\/04\/Sirpca-01-1024x576.jpg\" sizes=\"(max-width: 1024px) 100vw, 1024px\" srcset=\"https:\/\/www.neolife.com.tr\/wp-content\/uploads\/2025\/04\/Sirpca-01-1024x576.jpg 1024w, https:\/\/www.neolife.com.tr\/wp-content\/uploads\/2025\/04\/Sirpca-01-300x169.jpg 300w, https:\/\/www.neolife.com.tr\/wp-content\/uploads\/2025\/04\/Sirpca-01-768x432.jpg 768w, https:\/\/www.neolife.com.tr\/wp-content\/uploads\/2025\/04\/Sirpca-01-1536x864.jpg 1536w, https:\/\/www.neolife.com.tr\/wp-content\/uploads\/2025\/04\/Sirpca-01-2048x1152.jpg 2048w\" alt=\"DISCOVERY IQ NOVA GENERACIJA PET\/CT\" width=\"1024\" height=\"576\" \/><\/p>\n<h4 data-start=\"0\" data-end=\"20\"><strong>\u0160IROKO POLJE PRIKAZA<\/strong><\/h4>\n<p data-start=\"22\" data-end=\"350\">Discovery IQ ima sposobnost snimanja sa \u0161ireg polja u pore\u0111enju sa klasi\u010dnim PET\/CT ure\u0111ajima. Zbog toga zna\u010dajno smanjuje vreme skeniranja i koli\u010dinu zra\u010denja za pacijenta. Pored ovih karakteristika, Discovery IQ poseduje i Smart MAR funkciju koja poma\u017ee u smanjenju metalnih artefakata i omogu\u0107ava postizanje jasnijih snimaka.<\/p>\n<p data-start=\"352\" data-end=\"671\">*Sa velikim ponosom obave\u0161tavamo na\u0161e pacijente i lekare da je u Neolife Medicinskom Centru po\u010deo sa radom ure\u0111aj za snimanje sa najvi\u0161im mogu\u0107im performansama, koji koristi nisku dozu zra\u010denja i kra\u0107e vreme skeniranja kako bi obezbedio slike izuzetne jasno\u0107e \u2013 nivo koji mnogi PET\/CT sistemi danas ne mogu da dostignu.<\/p>\n<p data-start=\"673\" data-end=\"758\">*<a href=\"https:\/\/www.gehealthcare.com.tr\/products\/molecular-imaging\/pet-ct\/discovery-iq-gen-2\" target=\"_new\" rel=\"noopener\" data-start=\"674\" data-end=\"758\" data-is-last-node=\"\">https:\/\/www.gehealthcare.com.tr\/products\/molecular-imaging\/pet-ct\/discovery-iq-gen-2<\/a><\/p>\n","protected":false},"excerpt":{"rendered":"<p>ZA\u0160TO DISCOVERY IQ PET\/CT? Neolife Medicinski Centar, koji nastavlja da ula\u017ee u nove tehnologije u oblasti zdravstva za dobrobit na\u0161ih pacijenata i lekara, pa\u017eljivo prati inovacije u svetu medicine. Po\u010deo je prijem pacijenata sa novom generacijom General Electric Discovery IQ PET\/CT ure\u0111aja, koji donosi novu perspektivu u dijagnostiku i le\u010denje raka, omogu\u0107avaju\u0107i dobijanje jasnijih snimaka [&hellip;]<\/p>\n","protected":false},"author":13,"featured_media":0,"parent":0,"menu_order":0,"comment_status":"closed","ping_status":"closed","template":"","meta":{"footnotes":""},"class_list":["post-25048","page","type-page","status-publish","hentry"],"yoast_head":"<!-- This site is optimized with the Yoast SEO plugin v22.5 - https:\/\/yoast.com\/wordpress\/plugins\/seo\/ -->\n<title>Nova generacija PET\/CT ure\u0111aja General Electric Discovery IQ - Neolife T\u0131p Merkezi<\/title>\n<meta name=\"robots\" content=\"index, follow, max-snippet:-1, max-image-preview:large, max-video-preview:-1\" \/>\n<link rel=\"canonical\" href=\"https:\/\/www.neolife.com.tr\/sr\/nova-generacija-pet-ct-uredaja-general-electric-discovery-iq\/\" \/>\n<meta name=\"twitter:label1\" content=\"\u041f\u0440\u043e\u0446\u0435\u045a\u0435\u043d\u043e \u0432\u0440\u0435\u043c\u0435 \u0447\u0438\u0442\u0430\u045a\u0430\" \/>\n\t<meta name=\"twitter:data1\" content=\"3 \u043c\u0438\u043d\u0443\u0442\u0430\" \/>\n<script type=\"application\/ld+json\" class=\"yoast-schema-graph\">{\"@context\":\"https:\/\/schema.org\",\"@graph\":[{\"@type\":\"WebPage\",\"@id\":\"https:\/\/www.neolife.com.tr\/sr\/nova-generacija-pet-ct-uredaja-general-electric-discovery-iq\/\",\"url\":\"https:\/\/www.neolife.com.tr\/sr\/nova-generacija-pet-ct-uredaja-general-electric-discovery-iq\/\",\"name\":\"Nova generacija PET\/CT ure\u0111aja General Electric Discovery IQ - Neolife T\u0131p Merkezi\",\"isPartOf\":{\"@id\":\"https:\/\/www.neolife.com.tr\/#website\"},\"primaryImageOfPage\":{\"@id\":\"https:\/\/www.neolife.com.tr\/sr\/nova-generacija-pet-ct-uredaja-general-electric-discovery-iq\/#primaryimage\"},\"image\":{\"@id\":\"https:\/\/www.neolife.com.tr\/sr\/nova-generacija-pet-ct-uredaja-general-electric-discovery-iq\/#primaryimage\"},\"thumbnailUrl\":\"https:\/\/www.neolife.com.tr\/wp-content\/uploads\/2025\/04\/Sirpca-gorsel-01-01-01-1024x576.jpg\",\"datePublished\":\"2025-04-29T07:09:08+00:00\",\"dateModified\":\"2025-09-17T11:11:03+00:00\",\"breadcrumb\":{\"@id\":\"https:\/\/www.neolife.com.tr\/sr\/nova-generacija-pet-ct-uredaja-general-electric-discovery-iq\/#breadcrumb\"},\"inLanguage\":\"sr-RS\",\"potentialAction\":[{\"@type\":\"ReadAction\",\"target\":[\"https:\/\/www.neolife.com.tr\/sr\/nova-generacija-pet-ct-uredaja-general-electric-discovery-iq\/\"]}]},{\"@type\":\"ImageObject\",\"inLanguage\":\"sr-RS\",\"@id\":\"https:\/\/www.neolife.com.tr\/sr\/nova-generacija-pet-ct-uredaja-general-electric-discovery-iq\/#primaryimage\",\"url\":\"https:\/\/www.neolife.com.tr\/wp-content\/uploads\/2025\/04\/Sirpca-gorsel-01-01-01-1024x576.jpg\",\"contentUrl\":\"https:\/\/www.neolife.com.tr\/wp-content\/uploads\/2025\/04\/Sirpca-gorsel-01-01-01-1024x576.jpg\"},{\"@type\":\"BreadcrumbList\",\"@id\":\"https:\/\/www.neolife.com.tr\/sr\/nova-generacija-pet-ct-uredaja-general-electric-discovery-iq\/#breadcrumb\",\"itemListElement\":[{\"@type\":\"ListItem\",\"position\":1,\"name\":\"Ana Sayfa\",\"item\":\"https:\/\/www.neolife.com.tr\/sr\/\"},{\"@type\":\"ListItem\",\"position\":2,\"name\":\"Nova generacija PET\/CT ure\u0111aja General Electric Discovery IQ\"}]},{\"@type\":\"WebSite\",\"@id\":\"https:\/\/www.neolife.com.tr\/#website\",\"url\":\"https:\/\/www.neolife.com.tr\/\",\"name\":\"Neolife T\u0131p Merkezi\",\"description\":\"T\u00fcrkiye&#039;de kanser tedavisi - kanser te\u015fhisi ve tedavisi\",\"publisher\":{\"@id\":\"https:\/\/www.neolife.com.tr\/#organization\"},\"potentialAction\":[{\"@type\":\"SearchAction\",\"target\":{\"@type\":\"EntryPoint\",\"urlTemplate\":\"https:\/\/www.neolife.com.tr\/?s={search_term_string}\"},\"query-input\":\"required name=search_term_string\"}],\"inLanguage\":\"sr-RS\"},{\"@type\":\"Organization\",\"@id\":\"https:\/\/www.neolife.com.tr\/#organization\",\"name\":\"Neolife T\u0131p Merkezi\",\"url\":\"https:\/\/www.neolife.com.tr\/\",\"logo\":{\"@type\":\"ImageObject\",\"inLanguage\":\"sr-RS\",\"@id\":\"https:\/\/www.neolife.com.tr\/#\/schema\/logo\/image\/\",\"url\":\"https:\/\/www.neolife.com.tr\/wp-content\/uploads\/2021\/06\/Neolife-Logo.png\",\"contentUrl\":\"https:\/\/www.neolife.com.tr\/wp-content\/uploads\/2021\/06\/Neolife-Logo.png\",\"width\":348,\"height\":92,\"caption\":\"Neolife T\u0131p Merkezi\"},\"image\":{\"@id\":\"https:\/\/www.neolife.com.tr\/#\/schema\/logo\/image\/\"},\"sameAs\":[\"https:\/\/www.facebook.com\/NeoLifeIstanbul\/\",\"https:\/\/x.com\/NeoLifeIstanbul\",\"https:\/\/www.linkedin.com\/company\/neolife-oncology-center\/?originalSubdomain=tr\"]}]}<\/script>\n<!-- \/ Yoast SEO plugin. -->","yoast_head_json":{"title":"Nova generacija PET\/CT ure\u0111aja General Electric Discovery IQ - Neolife T\u0131p Merkezi","robots":{"index":"index","follow":"follow","max-snippet":"max-snippet:-1","max-image-preview":"max-image-preview:large","max-video-preview":"max-video-preview:-1"},"canonical":"https:\/\/www.neolife.com.tr\/sr\/nova-generacija-pet-ct-uredaja-general-electric-discovery-iq\/","twitter_misc":{"\u041f\u0440\u043e\u0446\u0435\u045a\u0435\u043d\u043e \u0432\u0440\u0435\u043c\u0435 \u0447\u0438\u0442\u0430\u045a\u0430":"3 \u043c\u0438\u043d\u0443\u0442\u0430"},"schema":{"@context":"https:\/\/schema.org","@graph":[{"@type":"WebPage","@id":"https:\/\/www.neolife.com.tr\/sr\/nova-generacija-pet-ct-uredaja-general-electric-discovery-iq\/","url":"https:\/\/www.neolife.com.tr\/sr\/nova-generacija-pet-ct-uredaja-general-electric-discovery-iq\/","name":"Nova generacija PET\/CT ure\u0111aja General Electric Discovery IQ - Neolife T\u0131p Merkezi","isPartOf":{"@id":"https:\/\/www.neolife.com.tr\/#website"},"primaryImageOfPage":{"@id":"https:\/\/www.neolife.com.tr\/sr\/nova-generacija-pet-ct-uredaja-general-electric-discovery-iq\/#primaryimage"},"image":{"@id":"https:\/\/www.neolife.com.tr\/sr\/nova-generacija-pet-ct-uredaja-general-electric-discovery-iq\/#primaryimage"},"thumbnailUrl":"https:\/\/www.neolife.com.tr\/wp-content\/uploads\/2025\/04\/Sirpca-gorsel-01-01-01-1024x576.jpg","datePublished":"2025-04-29T07:09:08+00:00","dateModified":"2025-09-17T11:11:03+00:00","breadcrumb":{"@id":"https:\/\/www.neolife.com.tr\/sr\/nova-generacija-pet-ct-uredaja-general-electric-discovery-iq\/#breadcrumb"},"inLanguage":"sr-RS","potentialAction":[{"@type":"ReadAction","target":["https:\/\/www.neolife.com.tr\/sr\/nova-generacija-pet-ct-uredaja-general-electric-discovery-iq\/"]}]},{"@type":"ImageObject","inLanguage":"sr-RS","@id":"https:\/\/www.neolife.com.tr\/sr\/nova-generacija-pet-ct-uredaja-general-electric-discovery-iq\/#primaryimage","url":"https:\/\/www.neolife.com.tr\/wp-content\/uploads\/2025\/04\/Sirpca-gorsel-01-01-01-1024x576.jpg","contentUrl":"https:\/\/www.neolife.com.tr\/wp-content\/uploads\/2025\/04\/Sirpca-gorsel-01-01-01-1024x576.jpg"},{"@type":"BreadcrumbList","@id":"https:\/\/www.neolife.com.tr\/sr\/nova-generacija-pet-ct-uredaja-general-electric-discovery-iq\/#breadcrumb","itemListElement":[{"@type":"ListItem","position":1,"name":"Ana Sayfa","item":"https:\/\/www.neolife.com.tr\/sr\/"},{"@type":"ListItem","position":2,"name":"Nova generacija PET\/CT ure\u0111aja General Electric Discovery IQ"}]},{"@type":"WebSite","@id":"https:\/\/www.neolife.com.tr\/#website","url":"https:\/\/www.neolife.com.tr\/","name":"Neolife T\u0131p Merkezi","description":"T\u00fcrkiye&#039;de kanser tedavisi - kanser te\u015fhisi ve tedavisi","publisher":{"@id":"https:\/\/www.neolife.com.tr\/#organization"},"potentialAction":[{"@type":"SearchAction","target":{"@type":"EntryPoint","urlTemplate":"https:\/\/www.neolife.com.tr\/?s={search_term_string}"},"query-input":"required name=search_term_string"}],"inLanguage":"sr-RS"},{"@type":"Organization","@id":"https:\/\/www.neolife.com.tr\/#organization","name":"Neolife T\u0131p Merkezi","url":"https:\/\/www.neolife.com.tr\/","logo":{"@type":"ImageObject","inLanguage":"sr-RS","@id":"https:\/\/www.neolife.com.tr\/#\/schema\/logo\/image\/","url":"https:\/\/www.neolife.com.tr\/wp-content\/uploads\/2021\/06\/Neolife-Logo.png","contentUrl":"https:\/\/www.neolife.com.tr\/wp-content\/uploads\/2021\/06\/Neolife-Logo.png","width":348,"height":92,"caption":"Neolife T\u0131p Merkezi"},"image":{"@id":"https:\/\/www.neolife.com.tr\/#\/schema\/logo\/image\/"},"sameAs":["https:\/\/www.facebook.com\/NeoLifeIstanbul\/","https:\/\/x.com\/NeoLifeIstanbul","https:\/\/www.linkedin.com\/company\/neolife-oncology-center\/?originalSubdomain=tr"]}]}},"_links":{"self":[{"href":"https:\/\/www.neolife.com.tr\/sr\/wp-json\/wp\/v2\/pages\/25048","targetHints":{"allow":["GET"]}}],"collection":[{"href":"https:\/\/www.neolife.com.tr\/sr\/wp-json\/wp\/v2\/pages"}],"about":[{"href":"https:\/\/www.neolife.com.tr\/sr\/wp-json\/wp\/v2\/types\/page"}],"author":[{"embeddable":true,"href":"https:\/\/www.neolife.com.tr\/sr\/wp-json\/wp\/v2\/users\/13"}],"replies":[{"embeddable":true,"href":"https:\/\/www.neolife.com.tr\/sr\/wp-json\/wp\/v2\/comments?post=25048"}],"version-history":[{"count":12,"href":"https:\/\/www.neolife.com.tr\/sr\/wp-json\/wp\/v2\/pages\/25048\/revisions"}],"predecessor-version":[{"id":29003,"href":"https:\/\/www.neolife.com.tr\/sr\/wp-json\/wp\/v2\/pages\/25048\/revisions\/29003"}],"wp:attachment":[{"href":"https:\/\/www.neolife.com.tr\/sr\/wp-json\/wp\/v2\/media?parent=25048"}],"curies":[{"name":"wp","href":"https:\/\/api.w.org\/{rel}","templated":true}]}}