{"id":23010,"date":"2025-02-19T17:25:31","date_gmt":"2025-02-19T14:25:31","guid":{"rendered":"https:\/\/www.neolife.com.tr\/?page_id=23010"},"modified":"2025-02-19T17:26:25","modified_gmt":"2025-02-19T14:26:25","slug":"terapija-usmerena-na-cilj","status":"publish","type":"page","link":"https:\/\/www.neolife.com.tr\/sr\/terapija-usmerena-na-cilj\/","title":{"rendered":"Terapija Usmerena na Cilj"},"content":{"rendered":"<h3 data-start=\"33\" data-end=\"82\"><strong data-start=\"33\" data-end=\"80\">Kako funkcioni\u0161e terapija usmerena na cilj?<\/strong><\/h3>\n<p data-start=\"84\" data-end=\"222\">Ona uzrokuje smrt \u0107elija tumora tako \u0161to zaustavlja mehanizme reprodukcije \u0107elija ciljanjem enzima unutar receptora ili \u0107elija na njima.<\/p>\n<p data-start=\"224\" data-end=\"468\">Neke od njih spre\u010davaju rast krvnih sudova koji hrane tumor, druge onesposobljavaju receptore na povr\u0161ini \u0107elija koji su povezani sa rastom tako \u0161to ih blokiraju, dok neke spre\u010davaju reprodukciju zatvaranjem puteva komunikacije unutar \u0107elija.<\/p>\n<p data-start=\"470\" data-end=\"698\">Terapije usmerene na cilj mogu se primenjivati intravenozno ili oralno. Danas se ove terapije koriste u le\u010denju mnogih vrsta raka, od raka dojke, koji je jedan od naj\u010de\u0161\u0107ih tipova raka, do raka ko\u017ee i retkog malignog melanoma.<\/p>\n<p data-start=\"700\" data-end=\"909\">Iako se terapije usmerene na cilj uglavnom koriste u uznapredovalim fazama bolesti, postoji jedna koja se primenjuje u ranoj fazi raka dojke, a istra\u017eivanja o njihovoj primeni u ranijim fazama i dalje traju.<\/p>\n<p data-start=\"911\" data-end=\"1046\" data-is-last-node=\"\">U trenutnoj situaciji, ovi lekovi \u010dine rak hroni\u010dnom bole\u0161\u0107u. Mogu se koristiti zajedno sa hemoterapijom i pove\u0107avaju njenu efikasnost.<\/p>\n","protected":false},"excerpt":{"rendered":"<p>Kako funkcioni\u0161e terapija usmerena na cilj? Ona uzrokuje smrt \u0107elija tumora tako \u0161to zaustavlja mehanizme reprodukcije \u0107elija ciljanjem enzima unutar receptora ili \u0107elija na njima. Neke od njih spre\u010davaju rast krvnih sudova koji hrane tumor, druge onesposobljavaju receptore na povr\u0161ini \u0107elija koji su povezani sa rastom tako \u0161to ih blokiraju, dok neke spre\u010davaju reprodukciju zatvaranjem [&hellip;]<\/p>\n","protected":false},"author":13,"featured_media":0,"parent":0,"menu_order":0,"comment_status":"open","ping_status":"open","template":"","meta":{"footnotes":""},"class_list":["post-23010","page","type-page","status-publish","hentry"],"yoast_head":"<!-- This site is optimized with the Yoast SEO plugin v22.5 - https:\/\/yoast.com\/wordpress\/plugins\/seo\/ -->\n<title>Terapija Usmerena na Cilj - Neolife T\u0131p Merkezi<\/title>\n<meta name=\"robots\" content=\"index, follow, max-snippet:-1, max-image-preview:large, max-video-preview:-1\" \/>\n<link rel=\"canonical\" href=\"https:\/\/www.neolife.com.tr\/sr\/terapija-usmerena-na-cilj\/\" \/>\n<meta name=\"twitter:label1\" content=\"\u041f\u0440\u043e\u0446\u0435\u045a\u0435\u043d\u043e \u0432\u0440\u0435\u043c\u0435 \u0447\u0438\u0442\u0430\u045a\u0430\" \/>\n\t<meta name=\"twitter:data1\" content=\"3 \u043c\u0438\u043d\u0443\u0442\u0430\" \/>\n<script type=\"application\/ld+json\" class=\"yoast-schema-graph\">{\"@context\":\"https:\/\/schema.org\",\"@graph\":[{\"@type\":\"WebPage\",\"@id\":\"https:\/\/www.neolife.com.tr\/sr\/terapija-usmerena-na-cilj\/\",\"url\":\"https:\/\/www.neolife.com.tr\/sr\/terapija-usmerena-na-cilj\/\",\"name\":\"Terapija Usmerena na Cilj - Neolife T\u0131p Merkezi\",\"isPartOf\":{\"@id\":\"https:\/\/www.neolife.com.tr\/#website\"},\"datePublished\":\"2025-02-19T14:25:31+00:00\",\"dateModified\":\"2025-02-19T14:26:25+00:00\",\"breadcrumb\":{\"@id\":\"https:\/\/www.neolife.com.tr\/sr\/terapija-usmerena-na-cilj\/#breadcrumb\"},\"inLanguage\":\"sr-RS\",\"potentialAction\":[{\"@type\":\"ReadAction\",\"target\":[\"https:\/\/www.neolife.com.tr\/sr\/terapija-usmerena-na-cilj\/\"]}]},{\"@type\":\"BreadcrumbList\",\"@id\":\"https:\/\/www.neolife.com.tr\/sr\/terapija-usmerena-na-cilj\/#breadcrumb\",\"itemListElement\":[{\"@type\":\"ListItem\",\"position\":1,\"name\":\"Ana Sayfa\",\"item\":\"https:\/\/www.neolife.com.tr\/sr\/\"},{\"@type\":\"ListItem\",\"position\":2,\"name\":\"Terapija Usmerena na Cilj\"}]},{\"@type\":\"WebSite\",\"@id\":\"https:\/\/www.neolife.com.tr\/#website\",\"url\":\"https:\/\/www.neolife.com.tr\/\",\"name\":\"Neolife T\u0131p Merkezi\",\"description\":\"T\u00fcrkiye&#039;de kanser tedavisi - kanser te\u015fhisi ve tedavisi\",\"publisher\":{\"@id\":\"https:\/\/www.neolife.com.tr\/#organization\"},\"potentialAction\":[{\"@type\":\"SearchAction\",\"target\":{\"@type\":\"EntryPoint\",\"urlTemplate\":\"https:\/\/www.neolife.com.tr\/?s={search_term_string}\"},\"query-input\":\"required name=search_term_string\"}],\"inLanguage\":\"sr-RS\"},{\"@type\":\"Organization\",\"@id\":\"https:\/\/www.neolife.com.tr\/#organization\",\"name\":\"Neolife T\u0131p Merkezi\",\"url\":\"https:\/\/www.neolife.com.tr\/\",\"logo\":{\"@type\":\"ImageObject\",\"inLanguage\":\"sr-RS\",\"@id\":\"https:\/\/www.neolife.com.tr\/#\/schema\/logo\/image\/\",\"url\":\"https:\/\/www.neolife.com.tr\/wp-content\/uploads\/2021\/06\/Neolife-Logo.png\",\"contentUrl\":\"https:\/\/www.neolife.com.tr\/wp-content\/uploads\/2021\/06\/Neolife-Logo.png\",\"width\":348,\"height\":92,\"caption\":\"Neolife T\u0131p Merkezi\"},\"image\":{\"@id\":\"https:\/\/www.neolife.com.tr\/#\/schema\/logo\/image\/\"},\"sameAs\":[\"https:\/\/www.facebook.com\/NeoLifeIstanbul\/\",\"https:\/\/x.com\/NeoLifeIstanbul\",\"https:\/\/www.linkedin.com\/company\/neolife-oncology-center\/?originalSubdomain=tr\"]}]}<\/script>\n<!-- \/ Yoast SEO plugin. -->","yoast_head_json":{"title":"Terapija Usmerena na Cilj - Neolife T\u0131p Merkezi","robots":{"index":"index","follow":"follow","max-snippet":"max-snippet:-1","max-image-preview":"max-image-preview:large","max-video-preview":"max-video-preview:-1"},"canonical":"https:\/\/www.neolife.com.tr\/sr\/terapija-usmerena-na-cilj\/","twitter_misc":{"\u041f\u0440\u043e\u0446\u0435\u045a\u0435\u043d\u043e \u0432\u0440\u0435\u043c\u0435 \u0447\u0438\u0442\u0430\u045a\u0430":"3 \u043c\u0438\u043d\u0443\u0442\u0430"},"schema":{"@context":"https:\/\/schema.org","@graph":[{"@type":"WebPage","@id":"https:\/\/www.neolife.com.tr\/sr\/terapija-usmerena-na-cilj\/","url":"https:\/\/www.neolife.com.tr\/sr\/terapija-usmerena-na-cilj\/","name":"Terapija Usmerena na Cilj - Neolife T\u0131p Merkezi","isPartOf":{"@id":"https:\/\/www.neolife.com.tr\/#website"},"datePublished":"2025-02-19T14:25:31+00:00","dateModified":"2025-02-19T14:26:25+00:00","breadcrumb":{"@id":"https:\/\/www.neolife.com.tr\/sr\/terapija-usmerena-na-cilj\/#breadcrumb"},"inLanguage":"sr-RS","potentialAction":[{"@type":"ReadAction","target":["https:\/\/www.neolife.com.tr\/sr\/terapija-usmerena-na-cilj\/"]}]},{"@type":"BreadcrumbList","@id":"https:\/\/www.neolife.com.tr\/sr\/terapija-usmerena-na-cilj\/#breadcrumb","itemListElement":[{"@type":"ListItem","position":1,"name":"Ana Sayfa","item":"https:\/\/www.neolife.com.tr\/sr\/"},{"@type":"ListItem","position":2,"name":"Terapija Usmerena na Cilj"}]},{"@type":"WebSite","@id":"https:\/\/www.neolife.com.tr\/#website","url":"https:\/\/www.neolife.com.tr\/","name":"Neolife T\u0131p Merkezi","description":"T\u00fcrkiye&#039;de kanser tedavisi - kanser te\u015fhisi ve tedavisi","publisher":{"@id":"https:\/\/www.neolife.com.tr\/#organization"},"potentialAction":[{"@type":"SearchAction","target":{"@type":"EntryPoint","urlTemplate":"https:\/\/www.neolife.com.tr\/?s={search_term_string}"},"query-input":"required name=search_term_string"}],"inLanguage":"sr-RS"},{"@type":"Organization","@id":"https:\/\/www.neolife.com.tr\/#organization","name":"Neolife T\u0131p Merkezi","url":"https:\/\/www.neolife.com.tr\/","logo":{"@type":"ImageObject","inLanguage":"sr-RS","@id":"https:\/\/www.neolife.com.tr\/#\/schema\/logo\/image\/","url":"https:\/\/www.neolife.com.tr\/wp-content\/uploads\/2021\/06\/Neolife-Logo.png","contentUrl":"https:\/\/www.neolife.com.tr\/wp-content\/uploads\/2021\/06\/Neolife-Logo.png","width":348,"height":92,"caption":"Neolife T\u0131p Merkezi"},"image":{"@id":"https:\/\/www.neolife.com.tr\/#\/schema\/logo\/image\/"},"sameAs":["https:\/\/www.facebook.com\/NeoLifeIstanbul\/","https:\/\/x.com\/NeoLifeIstanbul","https:\/\/www.linkedin.com\/company\/neolife-oncology-center\/?originalSubdomain=tr"]}]}},"_links":{"self":[{"href":"https:\/\/www.neolife.com.tr\/sr\/wp-json\/wp\/v2\/pages\/23010","targetHints":{"allow":["GET"]}}],"collection":[{"href":"https:\/\/www.neolife.com.tr\/sr\/wp-json\/wp\/v2\/pages"}],"about":[{"href":"https:\/\/www.neolife.com.tr\/sr\/wp-json\/wp\/v2\/types\/page"}],"author":[{"embeddable":true,"href":"https:\/\/www.neolife.com.tr\/sr\/wp-json\/wp\/v2\/users\/13"}],"replies":[{"embeddable":true,"href":"https:\/\/www.neolife.com.tr\/sr\/wp-json\/wp\/v2\/comments?post=23010"}],"version-history":[{"count":4,"href":"https:\/\/www.neolife.com.tr\/sr\/wp-json\/wp\/v2\/pages\/23010\/revisions"}],"predecessor-version":[{"id":23016,"href":"https:\/\/www.neolife.com.tr\/sr\/wp-json\/wp\/v2\/pages\/23010\/revisions\/23016"}],"wp:attachment":[{"href":"https:\/\/www.neolife.com.tr\/sr\/wp-json\/wp\/v2\/media?parent=23010"}],"curies":[{"name":"wp","href":"https:\/\/api.w.org\/{rel}","templated":true}]}}