{"id":22932,"date":"2025-01-28T17:53:11","date_gmt":"2025-01-28T14:53:11","guid":{"rendered":"https:\/\/www.neolife.com.tr\/?page_id=22932"},"modified":"2025-08-14T19:52:02","modified_gmt":"2025-08-14T16:52:02","slug":"sta-je-hemoterapija","status":"publish","type":"page","link":"https:\/\/www.neolife.com.tr\/sr\/sta-je-hemoterapija\/","title":{"rendered":"Hemoterapija"},"content":{"rendered":"<h3><strong>Hemoterapija \u2013 \u0161ta je i kako se koristi?<\/strong><\/h3>\n<p data-start=\"93\" data-end=\"243\">Hemoterapija predstavlja terapiju lekovima koji sadr\u017ee sna\u017ene hemijske supstance namenjene uni\u0161tavanju \u0107elija koje se brzo razmno\u017eavaju u organizmu.<\/p>\n<p data-start=\"245\" data-end=\"378\" data-is-last-node=\"\" data-is-only-node=\"\">Ova metoda se naj\u010de\u0161\u0107e primenjuje u borbi protiv karcinoma, jer maligne \u0107elije rastu i dele se znatno br\u017ee od ve\u0107ine drugih u telu.<\/p>\n<p>Postoji mnogo razli\u010ditih lekova za hemoterapiju. Lekovi za hemoterapiju mogu se koristiti sami ili u kombinaciji za le\u010denje \u0161irokog spektra karcinoma.<\/p>\n<p>Iako je hemoterapija efikasan na\u010din za le\u010denje mnogih vrsta raka, le\u010denje nosi rizik od ne\u017eeljenih efekata. Dok su neki ne\u017eeljeni efekti hemoterapije blagi i izle\u010divi, drugi mogu izazvati ozbiljne probleme.<\/p>\n<h3 id=\"nicin\"><img fetchpriority=\"high\" decoding=\"async\" class=\"alignnone wp-image-28002\" src=\"https:\/\/www.neolife.com.tr\/wp-content\/uploads\/2025\/08\/kemotederapi-nedir-kopya-1-295x300.jpg\" alt=\"\u0160TA JE HEMOTERAPIJA?\" width=\"954\" height=\"970\" srcset=\"https:\/\/www.neolife.com.tr\/wp-content\/uploads\/2025\/08\/kemotederapi-nedir-kopya-1-295x300.jpg 295w, https:\/\/www.neolife.com.tr\/wp-content\/uploads\/2025\/08\/kemotederapi-nedir-kopya-1-768x782.jpg 768w, https:\/\/www.neolife.com.tr\/wp-content\/uploads\/2025\/08\/kemotederapi-nedir-kopya-1.jpg 1000w\" sizes=\"(max-width: 954px) 100vw, 954px\" \/><\/h3>\n<h3><strong>Koja je svrha hemoterapije?<\/strong><\/h3>\n<p>Hemoterapija se koristi kod pacijenata sa rakom za ubijanje \u0107elija raka.<\/p>\n<p>Postoje razli\u010diti propisi u vezi sa upotrebom hemoterapije kod pacijenata sa rakom:<\/p>\n<p>\u2022 Le\u010denje raka bez drugih tretmana. Hemoterapija se mo\u017ee koristiti kao primarni tretman ili jedini tretman za rak.<br \/>\n\u2022 Ubijanje \u0107elija raka preostalih nakon drugih tretmana. Hemoterapija se mo\u017ee koristiti za ubijanje \u0107elija raka koje ostaju u telu nakon drugih tretmana, kao \u0161to je operacija. Lekari ovo zovu \u201eadjuvantna (preventivna) terapija\u201c.<\/p>\n<p>\u2022 Da se pripremi za druge tretmane. Mo\u017ee se koristiti za smanjenje tumora kako bi se omogu\u0107ili drugi tretmani kao \u0161to su hemoterapija, zra\u010denje i operacija. Lekari ovo zovu &#8222;neoadjuvantna terapija&#8220;.<\/p>\n<p>\u2022 Za ubla\u017eavanje znakova i simptoma. Hemoterapija mo\u017ee ubla\u017eiti znake i simptome raka ubijanjem nekih \u0107elija raka. Lekari ovo zovu &#8222;palijativna hemoterapija&#8220;.<\/p>\n<p>Hemoterapija u slu\u010dajevima koji nisu rak<br \/>\nNeki lekovi za hemoterapiju su se tako\u0111e pokazali korisnim u uslovima kao \u0161to su:<br \/>\n\u2022 Bolesti ko\u0161tane sr\u017ei. Bolesti koje uti\u010du na ko\u0161tanu sr\u017e i krvna zrnca mogu se le\u010diti transplantacijom ko\u0161tane sr\u017ei (mati\u010dne \u0107elije). Hemoterapija se \u010desto koristi u pripremi za transplantaciju ko\u0161tane sr\u017ei.<br \/>\n\u2022 Nepravilnosti imunolo\u0161kog sistema. Niske doze lekova za hemoterapiju mogu pomo\u0107i u kontroli odre\u0111enih bolesti kod kojih je imuni sistem preaktivan, kao \u0161to su lupus ili reumatoidni artritis.<\/p>\n<h3><strong>Koji su rizici hemoterapije?<\/strong><\/h3>\n<p>Ne\u017eeljeni efekti lekova za hemoterapiju mogu biti zna\u010dajni. Me\u0111utim, svaki lek ima razli\u010dite ne\u017eeljene efekte i ne izaziva svaki lek svaki ne\u017eeljeni efekat. Razgovarajte sa svojim lekarom o ne\u017eeljenim efektima leka koji \u0107ete uzimati.<\/p>\n<h3><strong>Koji su ne\u017eeljeni efekti uo\u010deni tokom hemoterapije?<\/strong><\/h3>\n<p>Uobi\u010dajeni ne\u017eeljeni efekti lekova za hemoterapiju uklju\u010duju:<\/p>\n<ul>\n<li>Ose\u0107aj mu\u010dne<\/li>\n<\/ul>\n<article class=\"text-token-text-primary w-full focus:outline-none scroll-mt-\" dir=\"auto\" tabindex=\"-1\" data-turn-id=\"request-WEB:820dd2dc-a754-47e8-987f-69a9b8fd71f5-7\" data-testid=\"conversation-turn-16\" data-scroll-anchor=\"true\" data-turn=\"assistant\">\n<div class=\"text-base my-auto mx-auto pb-10  @: @: px-(--thread-content-margin)\">\n<div class=\" @: @: mx-auto max-w-(--thread-content-max-width) flex-1 group\/turn-messages focus-visible:outline-hidden relative flex w-full min-w-0 flex-col agent-turn\" tabindex=\"-1\">\n<div class=\"flex max-w-full flex-col grow\">\n<div class=\"min-h-8 text-message relative flex w-full flex-col items-end gap-2 text-start break-words whitespace-normal :mt-5\" dir=\"auto\" data-message-author-role=\"assistant\" data-message-id=\"9065247f-4132-4a4d-abd0-7c830bb32ea7\" data-message-model-slug=\"gpt-5\">\n<div class=\"flex w-full flex-col gap-1 empty:hidden first:pt-\">\n<div class=\"markdown prose dark:prose-invert w-full break-words dark markdown-new-styling\">\n<ul data-start=\"62\" data-end=\"317\" data-is-last-node=\"\" data-is-only-node=\"\">\n<li data-start=\"79\" data-end=\"103\">\n<p data-start=\"81\" data-end=\"103\">Nagon za povra\u0107anjem<\/p>\n<\/li>\n<li data-start=\"104\" data-end=\"114\">\n<p data-start=\"106\" data-end=\"114\">Proliv<\/p>\n<\/li>\n<li data-start=\"115\" data-end=\"132\">\n<p data-start=\"117\" data-end=\"132\">Opadanje kose<\/p>\n<\/li>\n<li data-start=\"133\" data-end=\"151\">\n<p data-start=\"135\" data-end=\"151\">Smanjen apetit<\/p>\n<\/li>\n<li data-start=\"152\" data-end=\"171\">\n<p data-start=\"154\" data-end=\"171\">Ose\u0107aj slabosti<\/p>\n<\/li>\n<li data-start=\"172\" data-end=\"196\">\n<p data-start=\"174\" data-end=\"196\">Povi\u0161ena temperatura<\/p>\n<\/li>\n<li data-start=\"197\" data-end=\"224\">\n<p data-start=\"199\" data-end=\"224\">\u010cirevi u usnoj \u0161upljini<\/p>\n<\/li>\n<li data-start=\"225\" data-end=\"248\">\n<p data-start=\"227\" data-end=\"248\">Nelagodnost ili bol<\/p>\n<\/li>\n<li data-start=\"249\" data-end=\"282\">\n<p data-start=\"251\" data-end=\"282\">Problemi sa pra\u017enjenjem creva<\/p>\n<\/li>\n<li data-start=\"283\" data-end=\"317\" data-is-last-node=\"\">\n<p data-start=\"285\" data-end=\"317\" data-is-last-node=\"\">Pove\u0107ana sklonost ka povredama<\/p>\n<\/li>\n<\/ul>\n<\/div>\n<\/div>\n<\/div>\n<\/div>\n<\/div>\n<\/div>\n<\/article>\n<p>Mnogi od ovih ne\u017eeljenih efekata mogu se spre\u010diti ili le\u010diti. Nakon tretmana, ve\u0107ina ne\u017eeljenih efekata se smanjuje.<\/p>\n<h3><strong>Koji su dugotrajni ne\u017eeljeni efekti koji se kasno razvijaju?<\/strong><\/h3>\n<p>\u0160tavi\u0161e, pored toga, lekovi za hemoterapiju mogu izazvati ne\u017eeljene efekte koji se, s druge strane, ne pojavljuju mesecima ili godinama nakon le\u010denja.Kasni ne\u017eeljeni efekti variraju u zavisnosti od leka za hemoterapiju, ali mogu uklju\u010divati:<\/p>\n<ul>\n<li data-start=\"90\" data-end=\"113\">\n<p data-start=\"92\" data-end=\"113\">Povreda tkiva plu\u0107a<\/p>\n<\/li>\n<li data-start=\"114\" data-end=\"133\">\n<p data-start=\"116\" data-end=\"133\">Tegobe sa srcem<\/p>\n<\/li>\n<li data-start=\"134\" data-end=\"182\">\n<p data-start=\"136\" data-end=\"182\">Sterilitet (nemogu\u0107nost dobijanja potomstva)<\/p>\n<\/li>\n<li data-start=\"183\" data-end=\"214\">\n<p data-start=\"185\" data-end=\"214\">Tegobe sa funkcijom bubrega<\/p>\n<\/li>\n<li data-start=\"215\" data-end=\"268\">\n<p data-start=\"217\" data-end=\"268\">O\u0161te\u0107enja nervnog sistema (periferna neuropatija)<\/p>\n<\/li>\n<li data-start=\"269\" data-end=\"306\" data-is-last-node=\"\">\n<p data-start=\"271\" data-end=\"306\" data-is-last-node=\"\">Mogu\u0107nost razvoja novog karcinoma<\/p>\n<\/li>\n<\/ul>\n<p>Pitajte svog doktora o riziku od bilo kakvih ne\u017eeljenih efekata kasnog po\u010detka. Pitajte koji znaci i simptomi mogu signalizirati problem ili biti alarm za vas.<\/p>\n<h2 data-start=\"108\" data-end=\"148\">Kako se pripremiti za hemoterapiju?<\/h2>\n<p data-start=\"150\" data-end=\"321\">Priprema za hemoterapiju zavisi od vrste lekova koje dobijate i na\u010dina njihove primene. Va\u0161 lekar \u0107e vam pru\u017eiti ta\u010dne upute za pripremu. Mo\u017eda \u0107e vam zatrebati slede\u0107e:<\/p>\n<h3 data-start=\"323\" data-end=\"381\">1. Hirur\u0161ko postavljanje ure\u0111aja pre IV hemoterapije<\/h3>\n<p data-start=\"382\" data-end=\"614\">Ako primate hemoterapiju intravenski (IV), lekar mo\u017ee preporu\u010diti postavljanje katetera, porta ili pumpe. Ovi ure\u0111aji se hirur\u0161ki ugra\u0111uju u veliku venu, naj\u010de\u0161\u0107e u predelu grudnog ko\u0161a, i kroz njih se daju lekovi za hemoterapiju.<\/p>\n<h3 data-start=\"616\" data-end=\"673\">2. Provere zdravstvenog stanja pre po\u010detka terapije<\/h3>\n<p data-start=\"674\" data-end=\"899\">Mogu se obaviti testovi krvi radi provere funkcije bubrega i jetre, kao i testovi srca kako bi se procenilo op\u0161te zdravstveno stanje. Ukoliko se utvrde problemi, le\u010denje se mo\u017ee odlo\u017eiti ili se bira bezbedniji lek ili doza.<\/p>\n<h3 data-start=\"901\" data-end=\"933\">3. Pregled kod stomatologa<\/h3>\n<p data-start=\"934\" data-end=\"1094\">Lekar mo\u017ee preporu\u010diti posetu zubaru radi provere i le\u010denja eventualnih infekcija, jer hemoterapija smanjuje sposobnost organizma da se bori protiv infekcija.<\/p>\n<h3 data-start=\"1096\" data-end=\"1150\">4. Planiranje unapred za mogu\u0107e ne\u017eeljene efekte<\/h3>\n<p data-start=\"1151\" data-end=\"1228\">Razgovarajte sa lekarom o mogu\u0107im ne\u017eeljenim efektima pre i posle terapije.<\/p>\n<ul data-start=\"1229\" data-end=\"1391\">\n<li data-start=\"1229\" data-end=\"1312\">\n<p data-start=\"1231\" data-end=\"1312\">Ako postoji rizik od neplodnosti, razmotrite o\u010duvanje sperme ili jajnih \u0107elija.<\/p>\n<\/li>\n<li data-start=\"1313\" data-end=\"1391\">\n<p data-start=\"1315\" data-end=\"1391\">Ako terapija izaziva gubitak kose, planirajte na\u010dine za prekrivanje glave.<\/p>\n<\/li>\n<\/ul>\n<h3 data-start=\"1393\" data-end=\"1439\">5. Korisni aran\u017emani kod ku\u0107e i na poslu<\/h3>\n<p data-start=\"1440\" data-end=\"1724\">Mnogi tretmani hemoterapije se daju ambulantno (bez hospitalizacije), \u0161to zna\u010di da ve\u0107ina ljudi mo\u017ee da nastavi sa radom i svakodnevnim aktivnostima. Ipak, lekar mo\u017ee dati procenu koliko \u0107e terapija uticati na va\u0161 \u017eivot, iako je to te\u0161ko precizno predvideti.<br data-start=\"1698\" data-end=\"1701\" \/>Pitajte svog doktora:<\/p>\n<ul data-start=\"1725\" data-end=\"1886\">\n<li data-start=\"1725\" data-end=\"1766\">\n<p data-start=\"1727\" data-end=\"1766\">Da li treba da pravite pauzu od posla<\/p>\n<\/li>\n<li data-start=\"1767\" data-end=\"1804\">\n<p data-start=\"1769\" data-end=\"1804\">Da li \u0107ete trebati pomo\u0107 kod ku\u0107e<\/p>\n<\/li>\n<li data-start=\"1805\" data-end=\"1886\">\n<p data-start=\"1807\" data-end=\"1886\">Kako da se organizujete za brigu o deci, ku\u0107nim ljubimcima i drugim obavezama<\/p>\n<\/li>\n<\/ul>\n<h3 data-start=\"1888\" data-end=\"1921\">6. Priprema za prvi tretman<\/h3>\n<ul data-start=\"1922\" data-end=\"2121\">\n<li data-start=\"1922\" data-end=\"2003\">\n<p data-start=\"1924\" data-end=\"2003\">Razgovarajte sa lekarom ili medicinskom sestrom o tome kako da se pripremite.<\/p>\n<\/li>\n<li data-start=\"2004\" data-end=\"2045\">\n<p data-start=\"2006\" data-end=\"2045\">Dobro se odmorite pre prvog tretmana.<\/p>\n<\/li>\n<li data-start=\"2046\" data-end=\"2121\">\n<p data-start=\"2048\" data-end=\"2121\">Po\u0161to lekovi mogu izazvati mu\u010dninu, pojedite lagani obrok pre terapije.<\/p>\n<\/li>\n<\/ul>\n<h3 data-start=\"2123\" data-end=\"2159\">7. Prevoz do i sa hemoterapije<\/h3>\n<p data-start=\"2160\" data-end=\"2375\">Prona\u0111ite prijatelja ili \u010dlana porodice koji \u0107e vas odvesti na prvi tretman. Ve\u0107ina pacijenata mo\u017ee samostalno putovati, ali tokom prve sesije lekovi mogu izazvati pospanost ili druge efekte koji ote\u017eavaju vo\u017enju.<\/p>\n<h3 data-start=\"2377\" data-end=\"2413\">8. Odabir leka za hemoterapiju<\/h3>\n<p data-start=\"2414\" data-end=\"2458\">Va\u0161 lekar odlu\u010duje o vrsti leka na osnovu:<\/p>\n<ul data-start=\"2459\" data-end=\"2573\">\n<li data-start=\"2459\" data-end=\"2485\">\n<p data-start=\"2461\" data-end=\"2485\">Vrste i stadijuma raka<\/p>\n<\/li>\n<li data-start=\"2486\" data-end=\"2516\">\n<p data-start=\"2488\" data-end=\"2516\">Op\u0161teg zdravstvenog stanja<\/p>\n<\/li>\n<li data-start=\"2517\" data-end=\"2540\">\n<p data-start=\"2519\" data-end=\"2540\">Prethodnih tretmana<\/p>\n<\/li>\n<li data-start=\"2541\" data-end=\"2573\">\n<p data-start=\"2543\" data-end=\"2573\">Va\u0161ih ciljeva i preferencija<\/p>\n<\/li>\n<\/ul>\n<p><strong>Va\u0161 lekar bira koji lek za hemoterapiju \u0107ete dobiti na osnovu nekoliko faktora:<\/strong><\/p>\n<ul>\n<li data-start=\"90\" data-end=\"107\">\n<p data-start=\"92\" data-end=\"107\">Tip karcinoma<\/p>\n<\/li>\n<li data-start=\"108\" data-end=\"124\">\n<p data-start=\"110\" data-end=\"124\">Faza bolesti<\/p>\n<\/li>\n<li data-start=\"125\" data-end=\"163\">\n<p data-start=\"127\" data-end=\"163\">Op\u0161te zdravstveno stanje pacijenta<\/p>\n<\/li>\n<li data-start=\"164\" data-end=\"194\">\n<p data-start=\"166\" data-end=\"194\">Ranije sprovedeni tretmani<\/p>\n<\/li>\n<li data-start=\"195\" data-end=\"230\" data-is-last-node=\"\">\n<p data-start=\"197\" data-end=\"230\" data-is-last-node=\"\">Li\u010dni ciljevi i \u017eelje pacijenta<\/p>\n<\/li>\n<\/ul>\n<p>Razgovarajte o mogu\u0107nostima le\u010denja sa svojim lekarom. Zajedno mo\u017eete odlu\u010diti \u0161ta je pravo za vas.<\/p>\n<p><strong>Kako se daju lekovi za hemoterapiju?<\/strong><br \/>\nHemoterapijski lekovi se mogu davati na razli\u010dite na\u010dine:<\/p>\n<p>\u2022 Infuzija hemoterapije. Hemoterapija se obi\u010dno daje infuzijom u venu (intravenozno). Lekovi se mogu davati kroz iglu u venu na ruci ili preko ure\u0111aja u venu na grudima.<br \/>\n\u2022 Tablete za hemoterapiju. Neki lekovi za hemoterapiju mogu se uzimati u obliku tableta ili kapsula.<br \/>\n\u2022 Injekcije hemoterapije. Lekovi za hemoterapiju mogu se ubrizgati iglom.<br \/>\n\u2022 Kreme za hemoterapiju. Kreme ili gelovi koji sadr\u017ee lekove za hemoterapiju mogu se nanositi na ko\u017eu za le\u010denje odre\u0111enih karcinoma ko\u017ee.<br \/>\n\u2022 Lekovi za hemoterapiju koji se koriste za le\u010denje nekog dela tela. Lekovi za hemoterapiju se mogu davati direktno u deo tela. Na primer, lekovi za hemoterapiju se mogu davati direktno u abdomen (intraperitonealna hemoterapija), u grudnu \u0161upljinu (intrapleuralna hemoterapija) i u centralni nervni sistem (intratekalna hemoterapija). Hemoterapija se tako\u0111e mo\u017ee dati u be\u0161iku kroz uretru (intravezikalna hemoterapija).<br \/>\n\u2022 Hemoterapija koja se daje direktno na rak. Hemoterapija se mo\u017ee dati direktno na rak ili na podru\u010dje gde je rak uklonjen nakon operacije. Na primer, tanke kapsule okruglog oblika koje sadr\u017ee lekove za hemoterapiju mogu se postaviti blizu tumora tokom operacije. Kapsule se vremenom rastvaraju, osloba\u0111aju\u0107i lekove za hemoterapiju. Pored toga, lekovi za hemoterapiju se mogu davati direktno u arteriju ili venu koja hrani tumor.<\/p>\n<p><strong>Koliko \u010desto treba da primate hemoterapiju?<\/strong><\/p>\n<p>Va\u0161 lekar odlu\u010duje koje \u0107ete lekove uzimati, koliko \u010desto \u0107ete primati hemoterapiju na osnovu karakteristika va\u0161eg raka i stepena do kojeg se va\u0161e telo oporavlja od le\u010denja. Programi le\u010denja hemoterapijom su raznovrsni. Hemoterapijski tretman mo\u017ee biti kontinuiran ili mo\u017ee uklju\u010divati naizmeni\u010dne periode le\u010denja i oporavka.<\/p>\n<p><strong>Gde treba da primate hemoterapiju?<\/strong><br \/>\nGde primate hemoterapiju zavisi od va\u0161e situacije. Hemoterapijski tretman se mo\u017ee dati na slede\u0107e na\u010dine:<\/p>\n<ul>\n<li data-start=\"118\" data-end=\"174\">\n<p data-start=\"120\" data-end=\"174\">Hemoterapija se mo\u017ee primati u ambulantnom odeljenju<\/p>\n<\/li>\n<li data-start=\"175\" data-end=\"201\">\n<p data-start=\"177\" data-end=\"201\">U lekarskoj ordinaciji<\/p>\n<\/li>\n<li data-start=\"202\" data-end=\"225\">\n<p data-start=\"204\" data-end=\"225\">Na bolni\u010dkom odseku<\/p>\n<\/li>\n<li data-start=\"226\" data-end=\"301\" data-is-last-node=\"\">\n<p data-start=\"228\" data-end=\"301\" data-is-last-node=\"\">Kod ku\u0107e, na primer kod pacijenata koji koriste tablete za ovu terapiju<\/p>\n<\/li>\n<\/ul>\n<p>Rezultati<br \/>\nRedovno se sastajajte sa svojim doktorom raka (onkologom) tokom hemoterapije. Onkolog \u0107e vas pitati za sve ne\u017eeljene efekte koje ste iskusili jer se mnogi mogu kontrolisati.<\/p>\n<p>U zavisnosti od va\u0161e situacije, skeniranje i drugi testovi se mogu obaviti za pra\u0107enje va\u0161eg raka tokom hemoterapije. Ovi testovi daju va\u0161em lekaru ideju o odgovoru raka na le\u010denje i va\u0161 tretman se mo\u017ee prilagoditi u skladu sa tim.<\/p>\n","protected":false},"excerpt":{"rendered":"<p>Hemoterapija \u2013 \u0161ta je i kako se koristi? Hemoterapija predstavlja terapiju lekovima koji sadr\u017ee sna\u017ene hemijske supstance namenjene uni\u0161tavanju \u0107elija koje se brzo razmno\u017eavaju u organizmu. Ova metoda se naj\u010de\u0161\u0107e primenjuje u borbi protiv karcinoma, jer maligne \u0107elije rastu i dele se znatno br\u017ee od ve\u0107ine drugih u telu. Postoji mnogo razli\u010ditih lekova za hemoterapiju. [&hellip;]<\/p>\n","protected":false},"author":13,"featured_media":28009,"parent":0,"menu_order":0,"comment_status":"open","ping_status":"open","template":"","meta":{"footnotes":""},"class_list":["post-22932","page","type-page","status-publish","has-post-thumbnail","hentry"],"yoast_head":"<!-- This site is optimized with the Yoast SEO plugin v22.5 - https:\/\/yoast.com\/wordpress\/plugins\/seo\/ -->\n<title>Hemoterapija - Neolife T\u0131p Merkezi<\/title>\n<meta name=\"description\" content=\"Hemoterapija je tretman lekovima koji koristi mo\u0107ne hemikalije za ubijanje brzorastu\u0107ih \u0107elija u va\u0161em telu.\" \/>\n<meta name=\"robots\" content=\"index, follow, max-snippet:-1, max-image-preview:large, max-video-preview:-1\" \/>\n<link rel=\"canonical\" href=\"https:\/\/www.neolife.com.tr\/sr\/sta-je-hemoterapija\/\" \/>\n<meta name=\"twitter:label1\" content=\"\u041f\u0440\u043e\u0446\u0435\u045a\u0435\u043d\u043e \u0432\u0440\u0435\u043c\u0435 \u0447\u0438\u0442\u0430\u045a\u0430\" \/>\n\t<meta name=\"twitter:data1\" content=\"9 \u043c\u0438\u043d\u0443\u0442\u0430\" \/>\n<script type=\"application\/ld+json\" class=\"yoast-schema-graph\">{\"@context\":\"https:\/\/schema.org\",\"@graph\":[{\"@type\":\"WebPage\",\"@id\":\"https:\/\/www.neolife.com.tr\/sr\/sta-je-hemoterapija\/\",\"url\":\"https:\/\/www.neolife.com.tr\/sr\/sta-je-hemoterapija\/\",\"name\":\"Hemoterapija - Neolife T\u0131p Merkezi\",\"isPartOf\":{\"@id\":\"https:\/\/www.neolife.com.tr\/#website\"},\"primaryImageOfPage\":{\"@id\":\"https:\/\/www.neolife.com.tr\/sr\/sta-je-hemoterapija\/#primaryimage\"},\"image\":{\"@id\":\"https:\/\/www.neolife.com.tr\/sr\/sta-je-hemoterapija\/#primaryimage\"},\"thumbnailUrl\":\"https:\/\/www.neolife.com.tr\/wp-content\/uploads\/2025\/08\/kemotederapi-nedir-kopya-2.jpg\",\"datePublished\":\"2025-01-28T14:53:11+00:00\",\"dateModified\":\"2025-08-14T16:52:02+00:00\",\"description\":\"Hemoterapija je tretman lekovima koji koristi mo\u0107ne hemikalije za ubijanje brzorastu\u0107ih \u0107elija u va\u0161em telu.\",\"breadcrumb\":{\"@id\":\"https:\/\/www.neolife.com.tr\/sr\/sta-je-hemoterapija\/#breadcrumb\"},\"inLanguage\":\"sr-RS\",\"potentialAction\":[{\"@type\":\"ReadAction\",\"target\":[\"https:\/\/www.neolife.com.tr\/sr\/sta-je-hemoterapija\/\"]}]},{\"@type\":\"ImageObject\",\"inLanguage\":\"sr-RS\",\"@id\":\"https:\/\/www.neolife.com.tr\/sr\/sta-je-hemoterapija\/#primaryimage\",\"url\":\"https:\/\/www.neolife.com.tr\/wp-content\/uploads\/2025\/08\/kemotederapi-nedir-kopya-2.jpg\",\"contentUrl\":\"https:\/\/www.neolife.com.tr\/wp-content\/uploads\/2025\/08\/kemotederapi-nedir-kopya-2.jpg\",\"width\":1000,\"height\":1018},{\"@type\":\"BreadcrumbList\",\"@id\":\"https:\/\/www.neolife.com.tr\/sr\/sta-je-hemoterapija\/#breadcrumb\",\"itemListElement\":[{\"@type\":\"ListItem\",\"position\":1,\"name\":\"Ana Sayfa\",\"item\":\"https:\/\/www.neolife.com.tr\/sr\/\"},{\"@type\":\"ListItem\",\"position\":2,\"name\":\"Hemoterapija\"}]},{\"@type\":\"WebSite\",\"@id\":\"https:\/\/www.neolife.com.tr\/#website\",\"url\":\"https:\/\/www.neolife.com.tr\/\",\"name\":\"Neolife T\u0131p Merkezi\",\"description\":\"T\u00fcrkiye&#039;de kanser tedavisi - kanser te\u015fhisi ve tedavisi\",\"publisher\":{\"@id\":\"https:\/\/www.neolife.com.tr\/#organization\"},\"potentialAction\":[{\"@type\":\"SearchAction\",\"target\":{\"@type\":\"EntryPoint\",\"urlTemplate\":\"https:\/\/www.neolife.com.tr\/?s={search_term_string}\"},\"query-input\":\"required name=search_term_string\"}],\"inLanguage\":\"sr-RS\"},{\"@type\":\"Organization\",\"@id\":\"https:\/\/www.neolife.com.tr\/#organization\",\"name\":\"Neolife T\u0131p Merkezi\",\"url\":\"https:\/\/www.neolife.com.tr\/\",\"logo\":{\"@type\":\"ImageObject\",\"inLanguage\":\"sr-RS\",\"@id\":\"https:\/\/www.neolife.com.tr\/#\/schema\/logo\/image\/\",\"url\":\"https:\/\/www.neolife.com.tr\/wp-content\/uploads\/2021\/06\/Neolife-Logo.png\",\"contentUrl\":\"https:\/\/www.neolife.com.tr\/wp-content\/uploads\/2021\/06\/Neolife-Logo.png\",\"width\":348,\"height\":92,\"caption\":\"Neolife T\u0131p Merkezi\"},\"image\":{\"@id\":\"https:\/\/www.neolife.com.tr\/#\/schema\/logo\/image\/\"},\"sameAs\":[\"https:\/\/www.facebook.com\/NeoLifeIstanbul\/\",\"https:\/\/x.com\/NeoLifeIstanbul\",\"https:\/\/www.linkedin.com\/company\/neolife-oncology-center\/?originalSubdomain=tr\"]}]}<\/script>\n<!-- \/ Yoast SEO plugin. -->","yoast_head_json":{"title":"Hemoterapija - Neolife T\u0131p Merkezi","description":"Hemoterapija je tretman lekovima koji koristi mo\u0107ne hemikalije za ubijanje brzorastu\u0107ih \u0107elija u va\u0161em telu.","robots":{"index":"index","follow":"follow","max-snippet":"max-snippet:-1","max-image-preview":"max-image-preview:large","max-video-preview":"max-video-preview:-1"},"canonical":"https:\/\/www.neolife.com.tr\/sr\/sta-je-hemoterapija\/","twitter_misc":{"\u041f\u0440\u043e\u0446\u0435\u045a\u0435\u043d\u043e \u0432\u0440\u0435\u043c\u0435 \u0447\u0438\u0442\u0430\u045a\u0430":"9 \u043c\u0438\u043d\u0443\u0442\u0430"},"schema":{"@context":"https:\/\/schema.org","@graph":[{"@type":"WebPage","@id":"https:\/\/www.neolife.com.tr\/sr\/sta-je-hemoterapija\/","url":"https:\/\/www.neolife.com.tr\/sr\/sta-je-hemoterapija\/","name":"Hemoterapija - Neolife T\u0131p Merkezi","isPartOf":{"@id":"https:\/\/www.neolife.com.tr\/#website"},"primaryImageOfPage":{"@id":"https:\/\/www.neolife.com.tr\/sr\/sta-je-hemoterapija\/#primaryimage"},"image":{"@id":"https:\/\/www.neolife.com.tr\/sr\/sta-je-hemoterapija\/#primaryimage"},"thumbnailUrl":"https:\/\/www.neolife.com.tr\/wp-content\/uploads\/2025\/08\/kemotederapi-nedir-kopya-2.jpg","datePublished":"2025-01-28T14:53:11+00:00","dateModified":"2025-08-14T16:52:02+00:00","description":"Hemoterapija je tretman lekovima koji koristi mo\u0107ne hemikalije za ubijanje brzorastu\u0107ih \u0107elija u va\u0161em telu.","breadcrumb":{"@id":"https:\/\/www.neolife.com.tr\/sr\/sta-je-hemoterapija\/#breadcrumb"},"inLanguage":"sr-RS","potentialAction":[{"@type":"ReadAction","target":["https:\/\/www.neolife.com.tr\/sr\/sta-je-hemoterapija\/"]}]},{"@type":"ImageObject","inLanguage":"sr-RS","@id":"https:\/\/www.neolife.com.tr\/sr\/sta-je-hemoterapija\/#primaryimage","url":"https:\/\/www.neolife.com.tr\/wp-content\/uploads\/2025\/08\/kemotederapi-nedir-kopya-2.jpg","contentUrl":"https:\/\/www.neolife.com.tr\/wp-content\/uploads\/2025\/08\/kemotederapi-nedir-kopya-2.jpg","width":1000,"height":1018},{"@type":"BreadcrumbList","@id":"https:\/\/www.neolife.com.tr\/sr\/sta-je-hemoterapija\/#breadcrumb","itemListElement":[{"@type":"ListItem","position":1,"name":"Ana Sayfa","item":"https:\/\/www.neolife.com.tr\/sr\/"},{"@type":"ListItem","position":2,"name":"Hemoterapija"}]},{"@type":"WebSite","@id":"https:\/\/www.neolife.com.tr\/#website","url":"https:\/\/www.neolife.com.tr\/","name":"Neolife T\u0131p Merkezi","description":"T\u00fcrkiye&#039;de kanser tedavisi - kanser te\u015fhisi ve tedavisi","publisher":{"@id":"https:\/\/www.neolife.com.tr\/#organization"},"potentialAction":[{"@type":"SearchAction","target":{"@type":"EntryPoint","urlTemplate":"https:\/\/www.neolife.com.tr\/?s={search_term_string}"},"query-input":"required name=search_term_string"}],"inLanguage":"sr-RS"},{"@type":"Organization","@id":"https:\/\/www.neolife.com.tr\/#organization","name":"Neolife T\u0131p Merkezi","url":"https:\/\/www.neolife.com.tr\/","logo":{"@type":"ImageObject","inLanguage":"sr-RS","@id":"https:\/\/www.neolife.com.tr\/#\/schema\/logo\/image\/","url":"https:\/\/www.neolife.com.tr\/wp-content\/uploads\/2021\/06\/Neolife-Logo.png","contentUrl":"https:\/\/www.neolife.com.tr\/wp-content\/uploads\/2021\/06\/Neolife-Logo.png","width":348,"height":92,"caption":"Neolife T\u0131p Merkezi"},"image":{"@id":"https:\/\/www.neolife.com.tr\/#\/schema\/logo\/image\/"},"sameAs":["https:\/\/www.facebook.com\/NeoLifeIstanbul\/","https:\/\/x.com\/NeoLifeIstanbul","https:\/\/www.linkedin.com\/company\/neolife-oncology-center\/?originalSubdomain=tr"]}]}},"_links":{"self":[{"href":"https:\/\/www.neolife.com.tr\/sr\/wp-json\/wp\/v2\/pages\/22932","targetHints":{"allow":["GET"]}}],"collection":[{"href":"https:\/\/www.neolife.com.tr\/sr\/wp-json\/wp\/v2\/pages"}],"about":[{"href":"https:\/\/www.neolife.com.tr\/sr\/wp-json\/wp\/v2\/types\/page"}],"author":[{"embeddable":true,"href":"https:\/\/www.neolife.com.tr\/sr\/wp-json\/wp\/v2\/users\/13"}],"replies":[{"embeddable":true,"href":"https:\/\/www.neolife.com.tr\/sr\/wp-json\/wp\/v2\/comments?post=22932"}],"version-history":[{"count":8,"href":"https:\/\/www.neolife.com.tr\/sr\/wp-json\/wp\/v2\/pages\/22932\/revisions"}],"predecessor-version":[{"id":28019,"href":"https:\/\/www.neolife.com.tr\/sr\/wp-json\/wp\/v2\/pages\/22932\/revisions\/28019"}],"wp:featuredmedia":[{"embeddable":true,"href":"https:\/\/www.neolife.com.tr\/sr\/wp-json\/wp\/v2\/media\/28009"}],"wp:attachment":[{"href":"https:\/\/www.neolife.com.tr\/sr\/wp-json\/wp\/v2\/media?parent=22932"}],"curies":[{"name":"wp","href":"https:\/\/api.w.org\/{rel}","templated":true}]}}