{"id":22816,"date":"2025-01-24T09:49:25","date_gmt":"2025-01-24T06:49:25","guid":{"rendered":"https:\/\/www.neolife.com.tr\/?page_id=22816"},"modified":"2025-01-24T15:53:16","modified_gmt":"2025-01-24T12:53:16","slug":"multidisciplinarna-onkoloska-konsultacija-opd-srbija","status":"publish","type":"page","link":"https:\/\/www.neolife.com.tr\/sr\/multidisciplinarna-onkoloska-konsultacija-opd-srbija\/","title":{"rendered":"Multidisciplinarna Onkolo\u0161ka Konsultacija (OPD) \u2013 Srbija"},"content":{"rendered":"\t\t<div data-elementor-type=\"wp-page\" data-elementor-id=\"22816\" class=\"elementor elementor-22816\" data-elementor-post-type=\"page\">\n\t\t\t\t\t\t<\/div>\n\t\t","protected":false},"excerpt":{"rendered":"<p>Besplatne Onkolo\u0161ke Konsultacije sa Vode\u0107im Stru\u010dnjacima za Le\u010denje Raka U Beogradu organizujemo besplatne onkolo\u0161ke konsultacije za pacijente koji tra\u017ee drugo mi\u0161ljenje;\u00a0 Tra\u017eite besplatne onkolo\u0161ke konsultacije i drugo mi\u0161ljenje od vode\u0107ih stru\u010dnjaka za le\u010denje raka? Pridru\u017eite se Sirius Medical &amp; Neolife multidisciplinarnom OPD doga\u0111aju! Na\u0161i iskusni lekari iz oblasti radioterapije, nuklearne medicine i medicinske onkologije pomo\u0107i [&hellip;]<\/p>\n","protected":false},"author":13,"featured_media":0,"parent":0,"menu_order":0,"comment_status":"closed","ping_status":"closed","template":"","meta":{"footnotes":""},"class_list":["post-22816","page","type-page","status-publish","hentry"],"yoast_head":"<!-- This site is optimized with the Yoast SEO plugin v22.5 - https:\/\/yoast.com\/wordpress\/plugins\/seo\/ -->\n<title>Multidisciplinarna Onkolo\u0161ka Konsultacija (OPD) \u2013 Srbija - Neolife T\u0131p Merkezi<\/title>\n<meta name=\"robots\" content=\"index, follow, max-snippet:-1, max-image-preview:large, max-video-preview:-1\" \/>\n<link rel=\"canonical\" href=\"https:\/\/www.neolife.com.tr\/sr\/multidisciplinarna-onkoloska-konsultacija-opd-srbija\/\" \/>\n<meta name=\"twitter:label1\" content=\"\u041f\u0440\u043e\u0446\u0435\u045a\u0435\u043d\u043e \u0432\u0440\u0435\u043c\u0435 \u0447\u0438\u0442\u0430\u045a\u0430\" \/>\n\t<meta name=\"twitter:data1\" content=\"6 \u043c\u0438\u043d\u0443\u0442\u0430\" \/>\n<script type=\"application\/ld+json\" class=\"yoast-schema-graph\">{\"@context\":\"https:\/\/schema.org\",\"@graph\":[{\"@type\":\"WebPage\",\"@id\":\"https:\/\/www.neolife.com.tr\/sr\/multidisciplinarna-onkoloska-konsultacija-opd-srbija\/\",\"url\":\"https:\/\/www.neolife.com.tr\/sr\/multidisciplinarna-onkoloska-konsultacija-opd-srbija\/\",\"name\":\"Multidisciplinarna Onkolo\u0161ka Konsultacija (OPD) \u2013 Srbija - Neolife T\u0131p Merkezi\",\"isPartOf\":{\"@id\":\"https:\/\/www.neolife.com.tr\/#website\"},\"primaryImageOfPage\":{\"@id\":\"https:\/\/www.neolife.com.tr\/sr\/multidisciplinarna-onkoloska-konsultacija-opd-srbija\/#primaryimage\"},\"image\":{\"@id\":\"https:\/\/www.neolife.com.tr\/sr\/multidisciplinarna-onkoloska-konsultacija-opd-srbija\/#primaryimage\"},\"thumbnailUrl\":\"https:\/\/www.neolife.com.tr\/wp-content\/uploads\/2025\/01\/opd-yatayy_wCalisma-Yuzeyi-1-min-kopya-min-min-1024x487.jpg\",\"datePublished\":\"2025-01-24T06:49:25+00:00\",\"dateModified\":\"2025-01-24T12:53:16+00:00\",\"breadcrumb\":{\"@id\":\"https:\/\/www.neolife.com.tr\/sr\/multidisciplinarna-onkoloska-konsultacija-opd-srbija\/#breadcrumb\"},\"inLanguage\":\"sr-RS\",\"potentialAction\":[{\"@type\":\"ReadAction\",\"target\":[\"https:\/\/www.neolife.com.tr\/sr\/multidisciplinarna-onkoloska-konsultacija-opd-srbija\/\"]}]},{\"@type\":\"ImageObject\",\"inLanguage\":\"sr-RS\",\"@id\":\"https:\/\/www.neolife.com.tr\/sr\/multidisciplinarna-onkoloska-konsultacija-opd-srbija\/#primaryimage\",\"url\":\"https:\/\/www.neolife.com.tr\/wp-content\/uploads\/2025\/01\/opd-yatayy_wCalisma-Yuzeyi-1-min-kopya-min-min-1024x487.jpg\",\"contentUrl\":\"https:\/\/www.neolife.com.tr\/wp-content\/uploads\/2025\/01\/opd-yatayy_wCalisma-Yuzeyi-1-min-kopya-min-min-1024x487.jpg\"},{\"@type\":\"BreadcrumbList\",\"@id\":\"https:\/\/www.neolife.com.tr\/sr\/multidisciplinarna-onkoloska-konsultacija-opd-srbija\/#breadcrumb\",\"itemListElement\":[{\"@type\":\"ListItem\",\"position\":1,\"name\":\"Ana Sayfa\",\"item\":\"https:\/\/www.neolife.com.tr\/sr\/\"},{\"@type\":\"ListItem\",\"position\":2,\"name\":\"Multidisciplinarna Onkolo\u0161ka Konsultacija (OPD) \u2013 Srbija\"}]},{\"@type\":\"WebSite\",\"@id\":\"https:\/\/www.neolife.com.tr\/#website\",\"url\":\"https:\/\/www.neolife.com.tr\/\",\"name\":\"Neolife T\u0131p Merkezi\",\"description\":\"T\u00fcrkiye&#039;de kanser tedavisi - kanser te\u015fhisi ve tedavisi\",\"publisher\":{\"@id\":\"https:\/\/www.neolife.com.tr\/#organization\"},\"potentialAction\":[{\"@type\":\"SearchAction\",\"target\":{\"@type\":\"EntryPoint\",\"urlTemplate\":\"https:\/\/www.neolife.com.tr\/?s={search_term_string}\"},\"query-input\":\"required name=search_term_string\"}],\"inLanguage\":\"sr-RS\"},{\"@type\":\"Organization\",\"@id\":\"https:\/\/www.neolife.com.tr\/#organization\",\"name\":\"Neolife T\u0131p Merkezi\",\"url\":\"https:\/\/www.neolife.com.tr\/\",\"logo\":{\"@type\":\"ImageObject\",\"inLanguage\":\"sr-RS\",\"@id\":\"https:\/\/www.neolife.com.tr\/#\/schema\/logo\/image\/\",\"url\":\"https:\/\/www.neolife.com.tr\/wp-content\/uploads\/2021\/06\/Neolife-Logo.png\",\"contentUrl\":\"https:\/\/www.neolife.com.tr\/wp-content\/uploads\/2021\/06\/Neolife-Logo.png\",\"width\":348,\"height\":92,\"caption\":\"Neolife T\u0131p Merkezi\"},\"image\":{\"@id\":\"https:\/\/www.neolife.com.tr\/#\/schema\/logo\/image\/\"},\"sameAs\":[\"https:\/\/www.facebook.com\/NeoLifeIstanbul\/\",\"https:\/\/x.com\/NeoLifeIstanbul\",\"https:\/\/www.linkedin.com\/company\/neolife-oncology-center\/?originalSubdomain=tr\"]}]}<\/script>\n<!-- \/ Yoast SEO plugin. -->","yoast_head_json":{"title":"Multidisciplinarna Onkolo\u0161ka Konsultacija (OPD) \u2013 Srbija - Neolife T\u0131p Merkezi","robots":{"index":"index","follow":"follow","max-snippet":"max-snippet:-1","max-image-preview":"max-image-preview:large","max-video-preview":"max-video-preview:-1"},"canonical":"https:\/\/www.neolife.com.tr\/sr\/multidisciplinarna-onkoloska-konsultacija-opd-srbija\/","twitter_misc":{"\u041f\u0440\u043e\u0446\u0435\u045a\u0435\u043d\u043e \u0432\u0440\u0435\u043c\u0435 \u0447\u0438\u0442\u0430\u045a\u0430":"6 \u043c\u0438\u043d\u0443\u0442\u0430"},"schema":{"@context":"https:\/\/schema.org","@graph":[{"@type":"WebPage","@id":"https:\/\/www.neolife.com.tr\/sr\/multidisciplinarna-onkoloska-konsultacija-opd-srbija\/","url":"https:\/\/www.neolife.com.tr\/sr\/multidisciplinarna-onkoloska-konsultacija-opd-srbija\/","name":"Multidisciplinarna Onkolo\u0161ka Konsultacija (OPD) \u2013 Srbija - Neolife T\u0131p Merkezi","isPartOf":{"@id":"https:\/\/www.neolife.com.tr\/#website"},"primaryImageOfPage":{"@id":"https:\/\/www.neolife.com.tr\/sr\/multidisciplinarna-onkoloska-konsultacija-opd-srbija\/#primaryimage"},"image":{"@id":"https:\/\/www.neolife.com.tr\/sr\/multidisciplinarna-onkoloska-konsultacija-opd-srbija\/#primaryimage"},"thumbnailUrl":"https:\/\/www.neolife.com.tr\/wp-content\/uploads\/2025\/01\/opd-yatayy_wCalisma-Yuzeyi-1-min-kopya-min-min-1024x487.jpg","datePublished":"2025-01-24T06:49:25+00:00","dateModified":"2025-01-24T12:53:16+00:00","breadcrumb":{"@id":"https:\/\/www.neolife.com.tr\/sr\/multidisciplinarna-onkoloska-konsultacija-opd-srbija\/#breadcrumb"},"inLanguage":"sr-RS","potentialAction":[{"@type":"ReadAction","target":["https:\/\/www.neolife.com.tr\/sr\/multidisciplinarna-onkoloska-konsultacija-opd-srbija\/"]}]},{"@type":"ImageObject","inLanguage":"sr-RS","@id":"https:\/\/www.neolife.com.tr\/sr\/multidisciplinarna-onkoloska-konsultacija-opd-srbija\/#primaryimage","url":"https:\/\/www.neolife.com.tr\/wp-content\/uploads\/2025\/01\/opd-yatayy_wCalisma-Yuzeyi-1-min-kopya-min-min-1024x487.jpg","contentUrl":"https:\/\/www.neolife.com.tr\/wp-content\/uploads\/2025\/01\/opd-yatayy_wCalisma-Yuzeyi-1-min-kopya-min-min-1024x487.jpg"},{"@type":"BreadcrumbList","@id":"https:\/\/www.neolife.com.tr\/sr\/multidisciplinarna-onkoloska-konsultacija-opd-srbija\/#breadcrumb","itemListElement":[{"@type":"ListItem","position":1,"name":"Ana Sayfa","item":"https:\/\/www.neolife.com.tr\/sr\/"},{"@type":"ListItem","position":2,"name":"Multidisciplinarna Onkolo\u0161ka Konsultacija (OPD) \u2013 Srbija"}]},{"@type":"WebSite","@id":"https:\/\/www.neolife.com.tr\/#website","url":"https:\/\/www.neolife.com.tr\/","name":"Neolife T\u0131p Merkezi","description":"T\u00fcrkiye&#039;de kanser tedavisi - kanser te\u015fhisi ve tedavisi","publisher":{"@id":"https:\/\/www.neolife.com.tr\/#organization"},"potentialAction":[{"@type":"SearchAction","target":{"@type":"EntryPoint","urlTemplate":"https:\/\/www.neolife.com.tr\/?s={search_term_string}"},"query-input":"required name=search_term_string"}],"inLanguage":"sr-RS"},{"@type":"Organization","@id":"https:\/\/www.neolife.com.tr\/#organization","name":"Neolife T\u0131p Merkezi","url":"https:\/\/www.neolife.com.tr\/","logo":{"@type":"ImageObject","inLanguage":"sr-RS","@id":"https:\/\/www.neolife.com.tr\/#\/schema\/logo\/image\/","url":"https:\/\/www.neolife.com.tr\/wp-content\/uploads\/2021\/06\/Neolife-Logo.png","contentUrl":"https:\/\/www.neolife.com.tr\/wp-content\/uploads\/2021\/06\/Neolife-Logo.png","width":348,"height":92,"caption":"Neolife T\u0131p Merkezi"},"image":{"@id":"https:\/\/www.neolife.com.tr\/#\/schema\/logo\/image\/"},"sameAs":["https:\/\/www.facebook.com\/NeoLifeIstanbul\/","https:\/\/x.com\/NeoLifeIstanbul","https:\/\/www.linkedin.com\/company\/neolife-oncology-center\/?originalSubdomain=tr"]}]}},"_links":{"self":[{"href":"https:\/\/www.neolife.com.tr\/sr\/wp-json\/wp\/v2\/pages\/22816","targetHints":{"allow":["GET"]}}],"collection":[{"href":"https:\/\/www.neolife.com.tr\/sr\/wp-json\/wp\/v2\/pages"}],"about":[{"href":"https:\/\/www.neolife.com.tr\/sr\/wp-json\/wp\/v2\/types\/page"}],"author":[{"embeddable":true,"href":"https:\/\/www.neolife.com.tr\/sr\/wp-json\/wp\/v2\/users\/13"}],"replies":[{"embeddable":true,"href":"https:\/\/www.neolife.com.tr\/sr\/wp-json\/wp\/v2\/comments?post=22816"}],"version-history":[{"count":29,"href":"https:\/\/www.neolife.com.tr\/sr\/wp-json\/wp\/v2\/pages\/22816\/revisions"}],"predecessor-version":[{"id":22895,"href":"https:\/\/www.neolife.com.tr\/sr\/wp-json\/wp\/v2\/pages\/22816\/revisions\/22895"}],"wp:attachment":[{"href":"https:\/\/www.neolife.com.tr\/sr\/wp-json\/wp\/v2\/media?parent=22816"}],"curies":[{"name":"wp","href":"https:\/\/api.w.org\/{rel}","templated":true}]}}