{"id":22639,"date":"2025-01-09T17:46:00","date_gmt":"2025-01-09T14:46:00","guid":{"rendered":"https:\/\/www.neolife.com.tr\/?page_id=22639"},"modified":"2025-09-17T14:00:24","modified_gmt":"2025-09-17T11:00:24","slug":"multiparametarski-mri-prostate","status":"publish","type":"page","link":"https:\/\/www.neolife.com.tr\/sr\/multiparametarski-mri-prostate\/","title":{"rendered":"Multiparametarski MRI prostate"},"content":{"rendered":"<p><img fetchpriority=\"high\" decoding=\"async\" src=\"https:\/\/www.neolife.com.tr\/wp-content\/uploads\/2022\/06\/Multiparametric_prostate_mri.jpg\" alt=\"\" width=\"1000\" height=\"345\" \/><\/p>\n<p><strong>\u0160ta je multiparametrijski MRI prostate podr\u017ean 3 Tesla ve\u0161ta\u010dkom inteligencijom?<\/strong><\/p>\n<p>Multiparametrijska magnetna rezonanca prostate podr\u017eana 3 Teslinom ve\u0161ta\u010dkom inteligencijom je veoma osetljiv, neinvazivan MRI pregled u dijagnostici raka prostate. Pribli\u017eno 1\/6 mu\u0161karaca u svetu i kod nas \u0107e tokom \u017eivota imati dijagnozu raka prostate. Rak prostate je drugi naj\u010de\u0161\u0107i tip raka kod mu\u0161karaca. Iz tog razloga, multiparametrijski MRI prostate podr\u017ean ve\u0161ta\u010dkom inteligencijom ima veoma va\u017eno mesto u otkrivanju raka prostate. Osim \u0161to otkriva anatomiju i funkcije prostate, koristi se kao veoma va\u017ean vodi\u010d u otkrivanju i stadijumu raka prostate. Sa multiparametrijskim MRI ure\u0111ajem sa podr\u0161kom ve\u0161ta\u010dkom inteligencijom u na\u0161em centru, multiparametarski MRI pregled prostate se izvodi pod rukovodstvom dr \u00dcmita T\u00fcz\u00fcna, koji ima veliko iskustvo u MR prostate. Detaljne informacije mo\u017eete dobiti od dr \u00dcmita T\u00fcz\u00fcna.<\/p>\n<hr \/>\n<p><strong>Za\u0161to se vr\u0161i multiparametrijska MRI prostate podr\u017eana ve\u0161ta\u010dkom inteligencijom 3 Tesla?<\/strong><\/p>\n<p>Vi\u0161e od 300.000 mu\u0161kih pacijenata umre od raka prostate svake godine u svetu. Multiparametrijska magnetna rezonanca prostate je po\u017eeljna jer je istovremeno najosetljivija metoda za otkrivanje raka prostate i dijagnosti\u010dka metoda koja pokazuje rak prostate u najranijoj fazi.<\/p>\n<hr \/>\n<p><strong>Kome se radi multiparametrijski MRI?<\/strong><\/p>\n<p>Multiparametrijska magnetna rezonanca prostate podr\u017eana 3 Tesla ve\u0161ta\u010dkom inteligencijom otkriva tumor u prostati ili dokazuje odsustvo tumora, pre nego \u0161to se uradi biopsija prostate. Radi se na pacijentima sa klini\u010dkom sumnjom na rak prostate, pacijentima sa karcinomom prostate koji se prate i onima sa klini\u010dkom sumnjom na rak prostate iako im je biopsija negativna.<\/p>\n<hr \/>\n<p><strong>Koja je va\u017enost multiparametrijske MR prostate?<\/strong><\/p>\n<ul>\n<li>To je dijagnosti\u010dka metoda koja otkriva rak prostate na rani i osetljiv na\u010din.<\/li>\n<li>Slike dobijene multiparametrijskom MRI prostate odre\u0111uju lokalizaciju i usmeravaju biopsiju prostate.<\/li>\n<li>Mu\u0161karci sa porodi\u010dnom istorijom raka prostate se dijagnostikuju u ranoj fazi.<\/li>\n<li>Rak prostate se dijagnostikuje u ranoj fazi kod mu\u0161karaca sa visokim nivoom PSA.<\/li>\n<\/ul>\n<hr \/>\n<p><strong>Multiparametrijski MRI pregled i priprema prostate<\/strong><\/p>\n<p>Pre pregleda primenjuje se te\u010dna dijeta jedan dan pre dana snimanja kako bi se osiguralo da pacijent zadovolji svoje potrebe za toaletom i da smanji pokrete creva. Kao i drugi MR pregledi, pregled ne nanosi nikakvu \u0161tetu ljudskom zdravlju. Nakon pregleda, mo\u017eete se odmah vratiti svom normalnom \u017eivotu.<\/p>\n","protected":false},"excerpt":{"rendered":"<p>\u0160ta je multiparametrijski MRI prostate podr\u017ean 3 Tesla ve\u0161ta\u010dkom inteligencijom? Multiparametrijska magnetna rezonanca prostate podr\u017eana 3 Teslinom ve\u0161ta\u010dkom inteligencijom je veoma osetljiv, neinvazivan MRI pregled u dijagnostici raka prostate. Pribli\u017eno 1\/6 mu\u0161karaca u svetu i kod nas \u0107e tokom \u017eivota imati dijagnozu raka prostate. Rak prostate je drugi naj\u010de\u0161\u0107i tip raka kod mu\u0161karaca. Iz tog [&hellip;]<\/p>\n","protected":false},"author":13,"featured_media":22642,"parent":0,"menu_order":0,"comment_status":"open","ping_status":"open","template":"","meta":{"footnotes":""},"class_list":["post-22639","page","type-page","status-publish","has-post-thumbnail","hentry"],"yoast_head":"<!-- This site is optimized with the Yoast SEO plugin v22.5 - https:\/\/yoast.com\/wordpress\/plugins\/seo\/ -->\n<title>Multiparametarski MRI prostate - Neolife T\u0131p Merkezi<\/title>\n<meta name=\"robots\" content=\"index, follow, max-snippet:-1, max-image-preview:large, max-video-preview:-1\" \/>\n<link rel=\"canonical\" href=\"https:\/\/www.neolife.com.tr\/sr\/multiparametarski-mri-prostate\/\" \/>\n<meta name=\"twitter:label1\" content=\"\u041f\u0440\u043e\u0446\u0435\u045a\u0435\u043d\u043e \u0432\u0440\u0435\u043c\u0435 \u0447\u0438\u0442\u0430\u045a\u0430\" \/>\n\t<meta name=\"twitter:data1\" content=\"3 \u043c\u0438\u043d\u0443\u0442\u0430\" \/>\n<script type=\"application\/ld+json\" class=\"yoast-schema-graph\">{\"@context\":\"https:\/\/schema.org\",\"@graph\":[{\"@type\":\"WebPage\",\"@id\":\"https:\/\/www.neolife.com.tr\/sr\/multiparametarski-mri-prostate\/\",\"url\":\"https:\/\/www.neolife.com.tr\/sr\/multiparametarski-mri-prostate\/\",\"name\":\"Multiparametarski MRI prostate - Neolife T\u0131p Merkezi\",\"isPartOf\":{\"@id\":\"https:\/\/www.neolife.com.tr\/#website\"},\"primaryImageOfPage\":{\"@id\":\"https:\/\/www.neolife.com.tr\/sr\/multiparametarski-mri-prostate\/#primaryimage\"},\"image\":{\"@id\":\"https:\/\/www.neolife.com.tr\/sr\/multiparametarski-mri-prostate\/#primaryimage\"},\"thumbnailUrl\":\"https:\/\/www.neolife.com.tr\/wp-content\/uploads\/2022\/04\/Multiparametrik_Prostat_MR_OCG.png\",\"datePublished\":\"2025-01-09T14:46:00+00:00\",\"dateModified\":\"2025-09-17T11:00:24+00:00\",\"breadcrumb\":{\"@id\":\"https:\/\/www.neolife.com.tr\/sr\/multiparametarski-mri-prostate\/#breadcrumb\"},\"inLanguage\":\"sr-RS\",\"potentialAction\":[{\"@type\":\"ReadAction\",\"target\":[\"https:\/\/www.neolife.com.tr\/sr\/multiparametarski-mri-prostate\/\"]}]},{\"@type\":\"ImageObject\",\"inLanguage\":\"sr-RS\",\"@id\":\"https:\/\/www.neolife.com.tr\/sr\/multiparametarski-mri-prostate\/#primaryimage\",\"url\":\"https:\/\/www.neolife.com.tr\/wp-content\/uploads\/2022\/04\/Multiparametrik_Prostat_MR_OCG.png\",\"contentUrl\":\"https:\/\/www.neolife.com.tr\/wp-content\/uploads\/2022\/04\/Multiparametrik_Prostat_MR_OCG.png\",\"width\":600,\"height\":600},{\"@type\":\"BreadcrumbList\",\"@id\":\"https:\/\/www.neolife.com.tr\/sr\/multiparametarski-mri-prostate\/#breadcrumb\",\"itemListElement\":[{\"@type\":\"ListItem\",\"position\":1,\"name\":\"Ana Sayfa\",\"item\":\"https:\/\/www.neolife.com.tr\/sr\/\"},{\"@type\":\"ListItem\",\"position\":2,\"name\":\"Multiparametarski MRI prostate\"}]},{\"@type\":\"WebSite\",\"@id\":\"https:\/\/www.neolife.com.tr\/#website\",\"url\":\"https:\/\/www.neolife.com.tr\/\",\"name\":\"Neolife T\u0131p Merkezi\",\"description\":\"T\u00fcrkiye&#039;de kanser tedavisi - kanser te\u015fhisi ve tedavisi\",\"publisher\":{\"@id\":\"https:\/\/www.neolife.com.tr\/#organization\"},\"potentialAction\":[{\"@type\":\"SearchAction\",\"target\":{\"@type\":\"EntryPoint\",\"urlTemplate\":\"https:\/\/www.neolife.com.tr\/?s={search_term_string}\"},\"query-input\":\"required name=search_term_string\"}],\"inLanguage\":\"sr-RS\"},{\"@type\":\"Organization\",\"@id\":\"https:\/\/www.neolife.com.tr\/#organization\",\"name\":\"Neolife T\u0131p Merkezi\",\"url\":\"https:\/\/www.neolife.com.tr\/\",\"logo\":{\"@type\":\"ImageObject\",\"inLanguage\":\"sr-RS\",\"@id\":\"https:\/\/www.neolife.com.tr\/#\/schema\/logo\/image\/\",\"url\":\"https:\/\/www.neolife.com.tr\/wp-content\/uploads\/2021\/06\/Neolife-Logo.png\",\"contentUrl\":\"https:\/\/www.neolife.com.tr\/wp-content\/uploads\/2021\/06\/Neolife-Logo.png\",\"width\":348,\"height\":92,\"caption\":\"Neolife T\u0131p Merkezi\"},\"image\":{\"@id\":\"https:\/\/www.neolife.com.tr\/#\/schema\/logo\/image\/\"},\"sameAs\":[\"https:\/\/www.facebook.com\/NeoLifeIstanbul\/\",\"https:\/\/x.com\/NeoLifeIstanbul\",\"https:\/\/www.linkedin.com\/company\/neolife-oncology-center\/?originalSubdomain=tr\"]}]}<\/script>\n<!-- \/ Yoast SEO plugin. -->","yoast_head_json":{"title":"Multiparametarski MRI prostate - Neolife T\u0131p Merkezi","robots":{"index":"index","follow":"follow","max-snippet":"max-snippet:-1","max-image-preview":"max-image-preview:large","max-video-preview":"max-video-preview:-1"},"canonical":"https:\/\/www.neolife.com.tr\/sr\/multiparametarski-mri-prostate\/","twitter_misc":{"\u041f\u0440\u043e\u0446\u0435\u045a\u0435\u043d\u043e \u0432\u0440\u0435\u043c\u0435 \u0447\u0438\u0442\u0430\u045a\u0430":"3 \u043c\u0438\u043d\u0443\u0442\u0430"},"schema":{"@context":"https:\/\/schema.org","@graph":[{"@type":"WebPage","@id":"https:\/\/www.neolife.com.tr\/sr\/multiparametarski-mri-prostate\/","url":"https:\/\/www.neolife.com.tr\/sr\/multiparametarski-mri-prostate\/","name":"Multiparametarski MRI prostate - Neolife T\u0131p Merkezi","isPartOf":{"@id":"https:\/\/www.neolife.com.tr\/#website"},"primaryImageOfPage":{"@id":"https:\/\/www.neolife.com.tr\/sr\/multiparametarski-mri-prostate\/#primaryimage"},"image":{"@id":"https:\/\/www.neolife.com.tr\/sr\/multiparametarski-mri-prostate\/#primaryimage"},"thumbnailUrl":"https:\/\/www.neolife.com.tr\/wp-content\/uploads\/2022\/04\/Multiparametrik_Prostat_MR_OCG.png","datePublished":"2025-01-09T14:46:00+00:00","dateModified":"2025-09-17T11:00:24+00:00","breadcrumb":{"@id":"https:\/\/www.neolife.com.tr\/sr\/multiparametarski-mri-prostate\/#breadcrumb"},"inLanguage":"sr-RS","potentialAction":[{"@type":"ReadAction","target":["https:\/\/www.neolife.com.tr\/sr\/multiparametarski-mri-prostate\/"]}]},{"@type":"ImageObject","inLanguage":"sr-RS","@id":"https:\/\/www.neolife.com.tr\/sr\/multiparametarski-mri-prostate\/#primaryimage","url":"https:\/\/www.neolife.com.tr\/wp-content\/uploads\/2022\/04\/Multiparametrik_Prostat_MR_OCG.png","contentUrl":"https:\/\/www.neolife.com.tr\/wp-content\/uploads\/2022\/04\/Multiparametrik_Prostat_MR_OCG.png","width":600,"height":600},{"@type":"BreadcrumbList","@id":"https:\/\/www.neolife.com.tr\/sr\/multiparametarski-mri-prostate\/#breadcrumb","itemListElement":[{"@type":"ListItem","position":1,"name":"Ana Sayfa","item":"https:\/\/www.neolife.com.tr\/sr\/"},{"@type":"ListItem","position":2,"name":"Multiparametarski MRI prostate"}]},{"@type":"WebSite","@id":"https:\/\/www.neolife.com.tr\/#website","url":"https:\/\/www.neolife.com.tr\/","name":"Neolife T\u0131p Merkezi","description":"T\u00fcrkiye&#039;de kanser tedavisi - kanser te\u015fhisi ve tedavisi","publisher":{"@id":"https:\/\/www.neolife.com.tr\/#organization"},"potentialAction":[{"@type":"SearchAction","target":{"@type":"EntryPoint","urlTemplate":"https:\/\/www.neolife.com.tr\/?s={search_term_string}"},"query-input":"required name=search_term_string"}],"inLanguage":"sr-RS"},{"@type":"Organization","@id":"https:\/\/www.neolife.com.tr\/#organization","name":"Neolife T\u0131p Merkezi","url":"https:\/\/www.neolife.com.tr\/","logo":{"@type":"ImageObject","inLanguage":"sr-RS","@id":"https:\/\/www.neolife.com.tr\/#\/schema\/logo\/image\/","url":"https:\/\/www.neolife.com.tr\/wp-content\/uploads\/2021\/06\/Neolife-Logo.png","contentUrl":"https:\/\/www.neolife.com.tr\/wp-content\/uploads\/2021\/06\/Neolife-Logo.png","width":348,"height":92,"caption":"Neolife T\u0131p Merkezi"},"image":{"@id":"https:\/\/www.neolife.com.tr\/#\/schema\/logo\/image\/"},"sameAs":["https:\/\/www.facebook.com\/NeoLifeIstanbul\/","https:\/\/x.com\/NeoLifeIstanbul","https:\/\/www.linkedin.com\/company\/neolife-oncology-center\/?originalSubdomain=tr"]}]}},"_links":{"self":[{"href":"https:\/\/www.neolife.com.tr\/sr\/wp-json\/wp\/v2\/pages\/22639","targetHints":{"allow":["GET"]}}],"collection":[{"href":"https:\/\/www.neolife.com.tr\/sr\/wp-json\/wp\/v2\/pages"}],"about":[{"href":"https:\/\/www.neolife.com.tr\/sr\/wp-json\/wp\/v2\/types\/page"}],"author":[{"embeddable":true,"href":"https:\/\/www.neolife.com.tr\/sr\/wp-json\/wp\/v2\/users\/13"}],"replies":[{"embeddable":true,"href":"https:\/\/www.neolife.com.tr\/sr\/wp-json\/wp\/v2\/comments?post=22639"}],"version-history":[{"count":8,"href":"https:\/\/www.neolife.com.tr\/sr\/wp-json\/wp\/v2\/pages\/22639\/revisions"}],"predecessor-version":[{"id":28968,"href":"https:\/\/www.neolife.com.tr\/sr\/wp-json\/wp\/v2\/pages\/22639\/revisions\/28968"}],"wp:featuredmedia":[{"embeddable":true,"href":"https:\/\/www.neolife.com.tr\/sr\/wp-json\/wp\/v2\/media\/22642"}],"wp:attachment":[{"href":"https:\/\/www.neolife.com.tr\/sr\/wp-json\/wp\/v2\/media?parent=22639"}],"curies":[{"name":"wp","href":"https:\/\/api.w.org\/{rel}","templated":true}]}}