{"id":22622,"date":"2025-01-09T17:41:46","date_gmt":"2025-01-09T14:41:46","guid":{"rendered":"https:\/\/www.neolife.com.tr\/?page_id=22622"},"modified":"2025-01-09T17:43:38","modified_gmt":"2025-01-09T14:43:38","slug":"mri-celog-tela","status":"publish","type":"page","link":"https:\/\/www.neolife.com.tr\/sr\/mri-celog-tela\/","title":{"rendered":"MRI celog tela"},"content":{"rendered":"<h3><img fetchpriority=\"high\" decoding=\"async\" src=\"https:\/\/www.neolife.com.tr\/wp-content\/uploads\/2022\/06\/wholebodymri.jpg\" alt=\"\" width=\"1000\" height=\"345\" \/><\/h3>\n<p><strong>\u0160ta je MRI celog tela?<\/strong><br \/>MRI celog tela, koji je nedavno po\u010deo da se primenjuje sa 3 Tesla MRI snimanja, koristi se za otkrivanje tumora u ranoj fazi skeniranjem celokupne ljudske anatomije. Sa MR aparatom marke Siemens sa podr\u0161kom ve\u0161ta\u010dkom inteligencijom od 3 Tesla koji smo instalirali u na\u0161em centru 2022. godine, ovaj pregled traje 40 minuta i snima se celo telo.<\/p>\n<p>U MRI celog tela, osoba ne prima zra\u010denje. Nema poznatih ne\u017eeljenih efekata na ljudsko zdravlje.<\/p>\n<p>Dok se sumnjiva podru\u010dja skeniraju odvojeno u klasi\u010dnom MRI snimanju, skeniranje celog tela se obavlja u jednoj sesiji sa aplikacijom za ve\u0161ta\u010dku inteligenciju koja se nalazi na 3 Tesla MRI ure\u0111aju koji podr\u017eava ve\u0161ta\u010dku inteligenciju.<\/p>\n<p>Pregled obavljen pomo\u0107u 3 Tesla MRI ure\u0111aja sa podr\u0161kom ve\u0161ta\u010dkom inteligencijom ima za cilj da dijagnostikuje tumore u mnogim organima u telu u ranoj fazi pre nego \u0161to rastu i \u0161ire se.<\/p>\n<hr \/>\n<p><strong>\u0160ta je MR pregled celog tela?<\/strong><br \/>Tehnologija MRI celog tela nije \u0161iroko kori\u0161\u0107ena u klasi\u010dnim MRI ure\u0111ajima zbog razloga kao \u0161to su nedostatak relevantnog softvera i veoma dugo vreme snimanja. Danas su i razvoj tehnologije ve\u0161ta\u010dke inteligencije i razvoj MR ure\u0111aja od 3 Tesla eliminisali ove probleme i MR pregled celog tela je po\u010deo da se intenzivno koristi.<\/p>\n<p>U svetlu ovih razvoja, MRI provera celog tela je po\u010dela da se koristi u svrhe skrininga kod zdravih osoba, zajedno sa klasi\u010dnim pregledima.<\/p>\n<hr \/>\n<p><strong>Ko mo\u017ee da ima MR pregled celog tela?<\/strong><br \/>S obzirom da pregled nema ne\u017eeljene efekte na zdravlje ljudi, ovaj pregled mo\u017ee obaviti svako ko brine o svom zdravlju. Tako\u0111e, zdrave osobe sa porodi\u010dnom istorijom tumora ili rizikom od tumora mogu da imaju ovaj pregled.<\/p>\n<hr \/>\n<p><strong>Ko ne mo\u017ee da ima MR pregled celog tela?<\/strong><br \/>Pacijenti sa klaustrofobijom, pacijenti sa implantatima metalnog tela za koje nije poznato da su kompatibilni sa MRI i pacijenti sa pejsmejkerima ne mogu da se podvrgnu MRI.<\/p>\n<hr \/>\n<p><strong>Koji organi se snimaju pomo\u0107u magnetne rezonance celog tela?<\/strong><br \/>MRI pregled celog tela obuhvata:<\/p>\n<ul>\n<li>Mozak, vrat,<\/li>\n<li>Plu\u0107a, grudni ko\u0161, jetra, pankreas, bubreg, nadbubre\u017ena \u017elezda, drugi intraabdominalni organi, be\u0161ika,<\/li>\n<li>Kod mu\u0161karaca, prostate, testisa,<\/li>\n<li>Materica i jajnici kod \u017eena,<\/li>\n<li>U pregled su uklju\u010dene ko\u0161tane strukture i mi\u0161i\u0107i, osim ruku.<\/li>\n<\/ul>\n<hr \/>\n<p><strong>Da li se MR pregled celog tela mo\u017ee ponoviti?<\/strong><br \/>Po\u0161to pregled ne sadr\u017ei zra\u010denje i nema poznatih ne\u017eeljenih efekata na zdravlje ljudi, mo\u017ee se ponavljati svake godine ili po \u017eelji.<\/p>\n<hr \/>\n<p><strong>Kako se radi MRI celog tela?<\/strong><br \/>Procedura je zavr\u0161ena tako \u0161to na\u0161i pacijenti ostanu u le\u017ee\u0107em polo\u017eaju 40 minuta u MR aparatu od 3 Tesla, koji je prostraniji i ve\u0107eg pre\u010dnika od standardnih MR. Ne postoji prethodna priprema za ispitivanje. Na\u0161im pacijentima je dovoljno da odvoje 40 minuta za ovu proceduru.<\/p>\n<hr \/>\n<p><strong>Mogu li dobiti detaljne informacije o cenama MR pregleda celog tela i drugim pitanjima?<\/strong><br \/>Mo\u017eete nas kontaktirati putem na\u0161ih kanala komunikacije za cenu MR pregleda celog tela, naknade za osiguranje i informacije o ugovorenoj instituciji. Ukoliko \u017eelite detaljne informacije o pregledu, mo\u017eete se obratiti na\u0161im MRI lekarima na na\u0161e telefone i postaviti sva pitanja.<\/p>\n","protected":false},"excerpt":{"rendered":"<p>\u0160ta je MRI celog tela?MRI celog tela, koji je nedavno po\u010deo da se primenjuje sa 3 Tesla MRI snimanja, koristi se za otkrivanje tumora u ranoj fazi skeniranjem celokupne ljudske anatomije. Sa MR aparatom marke Siemens sa podr\u0161kom ve\u0161ta\u010dkom inteligencijom od 3 Tesla koji smo instalirali u na\u0161em centru 2022. godine, ovaj pregled traje 40 [&hellip;]<\/p>\n","protected":false},"author":13,"featured_media":22629,"parent":0,"menu_order":0,"comment_status":"closed","ping_status":"closed","template":"","meta":{"footnotes":""},"class_list":["post-22622","page","type-page","status-publish","has-post-thumbnail","hentry"],"yoast_head":"<!-- This site is optimized with the Yoast SEO plugin v22.5 - https:\/\/yoast.com\/wordpress\/plugins\/seo\/ -->\n<title>MRI celog tela - Neolife T\u0131p Merkezi<\/title>\n<meta name=\"robots\" content=\"index, follow, max-snippet:-1, max-image-preview:large, max-video-preview:-1\" \/>\n<link rel=\"canonical\" href=\"https:\/\/www.neolife.com.tr\/sr\/mri-celog-tela\/\" \/>\n<script type=\"application\/ld+json\" class=\"yoast-schema-graph\">{\"@context\":\"https:\/\/schema.org\",\"@graph\":[{\"@type\":\"WebPage\",\"@id\":\"https:\/\/www.neolife.com.tr\/sr\/mri-celog-tela\/\",\"url\":\"https:\/\/www.neolife.com.tr\/sr\/mri-celog-tela\/\",\"name\":\"MRI celog tela - Neolife T\u0131p Merkezi\",\"isPartOf\":{\"@id\":\"https:\/\/www.neolife.com.tr\/#website\"},\"primaryImageOfPage\":{\"@id\":\"https:\/\/www.neolife.com.tr\/sr\/mri-celog-tela\/#primaryimage\"},\"image\":{\"@id\":\"https:\/\/www.neolife.com.tr\/sr\/mri-celog-tela\/#primaryimage\"},\"thumbnailUrl\":\"https:\/\/www.neolife.com.tr\/wp-content\/uploads\/2022\/06\/WHOLE_BODY_Image.jpg\",\"datePublished\":\"2025-01-09T14:41:46+00:00\",\"dateModified\":\"2025-01-09T14:43:38+00:00\",\"breadcrumb\":{\"@id\":\"https:\/\/www.neolife.com.tr\/sr\/mri-celog-tela\/#breadcrumb\"},\"inLanguage\":\"sr-RS\",\"potentialAction\":[{\"@type\":\"ReadAction\",\"target\":[\"https:\/\/www.neolife.com.tr\/sr\/mri-celog-tela\/\"]}]},{\"@type\":\"ImageObject\",\"inLanguage\":\"sr-RS\",\"@id\":\"https:\/\/www.neolife.com.tr\/sr\/mri-celog-tela\/#primaryimage\",\"url\":\"https:\/\/www.neolife.com.tr\/wp-content\/uploads\/2022\/06\/WHOLE_BODY_Image.jpg\",\"contentUrl\":\"https:\/\/www.neolife.com.tr\/wp-content\/uploads\/2022\/06\/WHOLE_BODY_Image.jpg\",\"width\":600,\"height\":600},{\"@type\":\"BreadcrumbList\",\"@id\":\"https:\/\/www.neolife.com.tr\/sr\/mri-celog-tela\/#breadcrumb\",\"itemListElement\":[{\"@type\":\"ListItem\",\"position\":1,\"name\":\"Ana Sayfa\",\"item\":\"https:\/\/www.neolife.com.tr\/sr\/\"},{\"@type\":\"ListItem\",\"position\":2,\"name\":\"MRI celog tela\"}]},{\"@type\":\"WebSite\",\"@id\":\"https:\/\/www.neolife.com.tr\/#website\",\"url\":\"https:\/\/www.neolife.com.tr\/\",\"name\":\"Neolife T\u0131p Merkezi\",\"description\":\"T\u00fcrkiye&#039;de kanser tedavisi - kanser te\u015fhisi ve tedavisi\",\"publisher\":{\"@id\":\"https:\/\/www.neolife.com.tr\/#organization\"},\"potentialAction\":[{\"@type\":\"SearchAction\",\"target\":{\"@type\":\"EntryPoint\",\"urlTemplate\":\"https:\/\/www.neolife.com.tr\/?s={search_term_string}\"},\"query-input\":\"required name=search_term_string\"}],\"inLanguage\":\"sr-RS\"},{\"@type\":\"Organization\",\"@id\":\"https:\/\/www.neolife.com.tr\/#organization\",\"name\":\"Neolife T\u0131p Merkezi\",\"url\":\"https:\/\/www.neolife.com.tr\/\",\"logo\":{\"@type\":\"ImageObject\",\"inLanguage\":\"sr-RS\",\"@id\":\"https:\/\/www.neolife.com.tr\/#\/schema\/logo\/image\/\",\"url\":\"https:\/\/www.neolife.com.tr\/wp-content\/uploads\/2021\/06\/Neolife-Logo.png\",\"contentUrl\":\"https:\/\/www.neolife.com.tr\/wp-content\/uploads\/2021\/06\/Neolife-Logo.png\",\"width\":348,\"height\":92,\"caption\":\"Neolife T\u0131p Merkezi\"},\"image\":{\"@id\":\"https:\/\/www.neolife.com.tr\/#\/schema\/logo\/image\/\"},\"sameAs\":[\"https:\/\/www.facebook.com\/NeoLifeIstanbul\/\",\"https:\/\/x.com\/NeoLifeIstanbul\",\"https:\/\/www.linkedin.com\/company\/neolife-oncology-center\/?originalSubdomain=tr\"]}]}<\/script>\n<!-- \/ Yoast SEO plugin. -->","yoast_head_json":{"title":"MRI celog tela - Neolife T\u0131p Merkezi","robots":{"index":"index","follow":"follow","max-snippet":"max-snippet:-1","max-image-preview":"max-image-preview:large","max-video-preview":"max-video-preview:-1"},"canonical":"https:\/\/www.neolife.com.tr\/sr\/mri-celog-tela\/","schema":{"@context":"https:\/\/schema.org","@graph":[{"@type":"WebPage","@id":"https:\/\/www.neolife.com.tr\/sr\/mri-celog-tela\/","url":"https:\/\/www.neolife.com.tr\/sr\/mri-celog-tela\/","name":"MRI celog tela - Neolife T\u0131p Merkezi","isPartOf":{"@id":"https:\/\/www.neolife.com.tr\/#website"},"primaryImageOfPage":{"@id":"https:\/\/www.neolife.com.tr\/sr\/mri-celog-tela\/#primaryimage"},"image":{"@id":"https:\/\/www.neolife.com.tr\/sr\/mri-celog-tela\/#primaryimage"},"thumbnailUrl":"https:\/\/www.neolife.com.tr\/wp-content\/uploads\/2022\/06\/WHOLE_BODY_Image.jpg","datePublished":"2025-01-09T14:41:46+00:00","dateModified":"2025-01-09T14:43:38+00:00","breadcrumb":{"@id":"https:\/\/www.neolife.com.tr\/sr\/mri-celog-tela\/#breadcrumb"},"inLanguage":"sr-RS","potentialAction":[{"@type":"ReadAction","target":["https:\/\/www.neolife.com.tr\/sr\/mri-celog-tela\/"]}]},{"@type":"ImageObject","inLanguage":"sr-RS","@id":"https:\/\/www.neolife.com.tr\/sr\/mri-celog-tela\/#primaryimage","url":"https:\/\/www.neolife.com.tr\/wp-content\/uploads\/2022\/06\/WHOLE_BODY_Image.jpg","contentUrl":"https:\/\/www.neolife.com.tr\/wp-content\/uploads\/2022\/06\/WHOLE_BODY_Image.jpg","width":600,"height":600},{"@type":"BreadcrumbList","@id":"https:\/\/www.neolife.com.tr\/sr\/mri-celog-tela\/#breadcrumb","itemListElement":[{"@type":"ListItem","position":1,"name":"Ana Sayfa","item":"https:\/\/www.neolife.com.tr\/sr\/"},{"@type":"ListItem","position":2,"name":"MRI celog tela"}]},{"@type":"WebSite","@id":"https:\/\/www.neolife.com.tr\/#website","url":"https:\/\/www.neolife.com.tr\/","name":"Neolife T\u0131p Merkezi","description":"T\u00fcrkiye&#039;de kanser tedavisi - kanser te\u015fhisi ve tedavisi","publisher":{"@id":"https:\/\/www.neolife.com.tr\/#organization"},"potentialAction":[{"@type":"SearchAction","target":{"@type":"EntryPoint","urlTemplate":"https:\/\/www.neolife.com.tr\/?s={search_term_string}"},"query-input":"required name=search_term_string"}],"inLanguage":"sr-RS"},{"@type":"Organization","@id":"https:\/\/www.neolife.com.tr\/#organization","name":"Neolife T\u0131p Merkezi","url":"https:\/\/www.neolife.com.tr\/","logo":{"@type":"ImageObject","inLanguage":"sr-RS","@id":"https:\/\/www.neolife.com.tr\/#\/schema\/logo\/image\/","url":"https:\/\/www.neolife.com.tr\/wp-content\/uploads\/2021\/06\/Neolife-Logo.png","contentUrl":"https:\/\/www.neolife.com.tr\/wp-content\/uploads\/2021\/06\/Neolife-Logo.png","width":348,"height":92,"caption":"Neolife T\u0131p Merkezi"},"image":{"@id":"https:\/\/www.neolife.com.tr\/#\/schema\/logo\/image\/"},"sameAs":["https:\/\/www.facebook.com\/NeoLifeIstanbul\/","https:\/\/x.com\/NeoLifeIstanbul","https:\/\/www.linkedin.com\/company\/neolife-oncology-center\/?originalSubdomain=tr"]}]}},"_links":{"self":[{"href":"https:\/\/www.neolife.com.tr\/sr\/wp-json\/wp\/v2\/pages\/22622","targetHints":{"allow":["GET"]}}],"collection":[{"href":"https:\/\/www.neolife.com.tr\/sr\/wp-json\/wp\/v2\/pages"}],"about":[{"href":"https:\/\/www.neolife.com.tr\/sr\/wp-json\/wp\/v2\/types\/page"}],"author":[{"embeddable":true,"href":"https:\/\/www.neolife.com.tr\/sr\/wp-json\/wp\/v2\/users\/13"}],"replies":[{"embeddable":true,"href":"https:\/\/www.neolife.com.tr\/sr\/wp-json\/wp\/v2\/comments?post=22622"}],"version-history":[{"count":4,"href":"https:\/\/www.neolife.com.tr\/sr\/wp-json\/wp\/v2\/pages\/22622\/revisions"}],"predecessor-version":[{"id":22637,"href":"https:\/\/www.neolife.com.tr\/sr\/wp-json\/wp\/v2\/pages\/22622\/revisions\/22637"}],"wp:featuredmedia":[{"embeddable":true,"href":"https:\/\/www.neolife.com.tr\/sr\/wp-json\/wp\/v2\/media\/22629"}],"wp:attachment":[{"href":"https:\/\/www.neolife.com.tr\/sr\/wp-json\/wp\/v2\/media?parent=22622"}],"curies":[{"name":"wp","href":"https:\/\/api.w.org\/{rel}","templated":true}]}}