{"id":22600,"date":"2025-01-09T17:35:23","date_gmt":"2025-01-09T14:35:23","guid":{"rendered":"https:\/\/www.neolife.com.tr\/?page_id=22600"},"modified":"2025-04-29T15:09:39","modified_gmt":"2025-04-29T12:09:39","slug":"3-tesla-mri","status":"publish","type":"page","link":"https:\/\/www.neolife.com.tr\/sr\/3-tesla-mri\/","title":{"rendered":"3 Tesla MRI"},"content":{"rendered":"\t\t<div data-elementor-type=\"wp-page\" data-elementor-id=\"22600\" class=\"elementor elementor-22600\" data-elementor-post-type=\"page\">\n\t\t\t\t\t\t<section class=\"elementor-section elementor-top-section elementor-element elementor-element-570f6208 elementor-section-boxed elementor-section-height-default elementor-section-height-default\" data-id=\"570f6208\" data-element_type=\"section\">\n\t\t\t\t\t\t<div class=\"elementor-container elementor-column-gap-default\">\n\t\t\t\t\t<div class=\"elementor-column elementor-col-50 elementor-top-column elementor-element elementor-element-445ba7e\" data-id=\"445ba7e\" data-element_type=\"column\">\n\t\t\t<div class=\"elementor-widget-wrap elementor-element-populated\">\n\t\t\t\t\t\t<div class=\"elementor-element elementor-element-2a23b50 elementor-widget elementor-widget-image\" data-id=\"2a23b50\" data-element_type=\"widget\" data-widget_type=\"image.default\">\n\t\t\t\t<div class=\"elementor-widget-container\">\n\t\t\t\t\t\t\t\t\t\t\t\t\t\t\t<img fetchpriority=\"high\" decoding=\"async\" width=\"1024\" height=\"431\" src=\"https:\/\/www.neolife.com.tr\/wp-content\/uploads\/2025\/04\/3-tesla-sirpca-01-1024x431.jpg\" class=\"attachment-large size-large wp-image-25086\" alt=\"3 TESLA\" srcset=\"https:\/\/www.neolife.com.tr\/wp-content\/uploads\/2025\/04\/3-tesla-sirpca-01-1024x431.jpg 1024w, https:\/\/www.neolife.com.tr\/wp-content\/uploads\/2025\/04\/3-tesla-sirpca-01-300x126.jpg 300w, https:\/\/www.neolife.com.tr\/wp-content\/uploads\/2025\/04\/3-tesla-sirpca-01-768x323.jpg 768w, https:\/\/www.neolife.com.tr\/wp-content\/uploads\/2025\/04\/3-tesla-sirpca-01-1536x646.jpg 1536w, https:\/\/www.neolife.com.tr\/wp-content\/uploads\/2025\/04\/3-tesla-sirpca-01-2048x861.jpg 2048w\" sizes=\"(max-width: 1024px) 100vw, 1024px\" \/>\t\t\t\t\t\t\t\t\t\t\t\t\t\t\t<\/div>\n\t\t\t\t<\/div>\n\t\t\t\t<div class=\"elementor-element elementor-element-2d75471e elementor-widget elementor-widget-text-editor\" data-id=\"2d75471e\" data-element_type=\"widget\" data-widget_type=\"text-editor.default\">\n\t\t\t\t<div class=\"elementor-widget-container\">\n\t\t\t\t\t\t\t\t\t<p><strong>\u0160ta je ve\u0161ta\u010dka inteligencija 3 Tesla MRI?<\/strong><\/p><p><b><\/b>Sa uvo\u0111enjem MR tehnologije ve\u0161ta\u010dke inteligencije korisnicima zdravstvene za\u0161tite 2022. godine, to je izazvalo zna\u010dajne promene u MR snimanju. Sa MR tehnologijom ve\u0161ta\u010dke inteligencije, sada mo\u017eemo da uradimo veoma kvalitetno MR snimanje za veoma kratko vreme. Radiolo\u0161ka jedinica Neolife centra, dr. Prepisujemo pravila radiologije sa ure\u0111ajem SIEMENS 3 TESLA VIDA AI MR (EMAR), koji smo instalirali u martu 2022. godine pod upravom Umit TUZUN-a.<\/p>\t\t\t\t\t\t\t\t<\/div>\n\t\t\t\t<\/div>\n\t\t\t\t<div class=\"elementor-element elementor-element-f03b16b elementor-widget elementor-widget-text-editor\" data-id=\"f03b16b\" data-element_type=\"widget\" data-widget_type=\"text-editor.default\">\n\t\t\t\t<div class=\"elementor-widget-container\">\n\t\t\t\t\t\t\t\t\t<p>Najva\u017enija karakteristika koja razlikuje MR aparat od 3 Tesla, koji je veoma udoban i pouzdan ure\u0111aj za na\u0161e pacijente, od ostalih MR ure\u0111aja jeste to \u0161to mo\u017ee da napravi veoma kvalitetne snimke svih delova ljudskog tela. Lekari koji zahtevaju MRI pregled; Preferiraju MR aparat od 3 Tesla u cilju ta\u010dne dijagnoze i pravilnog le\u010denja svojih pacijenata.<\/p><p>Kako napraviti magnetnu rezonancu sa ve\u0161ta\u010dkom inteligencijom od 3 Tesla?<br \/>Zahvaljuju\u0107i svojoj visokoj tehnologiji, MRI ure\u0111aj sa ve\u0161ta\u010dkom inteligencijom 3 Tesla daje veoma uspe\u0161ne i jasne slike za rizi\u010dna podru\u010dja ljudske anatomije koja nisu pogodna za snimanje. Zahvaljuju\u0107i visokoj tehnologiji, vrlo brzo se dobijaju slike visokog kvaliteta.<\/p><p>Svi ovi problemi otklonjeni su brzinom, \u0161irinom i prostrano\u0161\u0107u EMAR ure\u0111aja sa ve\u0161ta\u010dkom inteligencijom 3 Tesla, koji je savr\u0161eno re\u0161enje posebno za na\u0161e pacijente koji imaju vi\u0161ak kilograma i imaju strah od zatvorenih prostora (klaustrofobija). Svi pregledi na\u0161ih gojaznih pacijenata se lako mogu obaviti na MRI aparatu u mom centru.<\/p><p>Sve \u0161to na\u0161i pacijenti treba da urade tokom MR skeniranja je da ostanu nepomi\u010dni na stolu ure\u0111aja.<\/p><p><strong>Koje su prednosti ve\u0161ta\u010dke inteligencije 3 Tesla MRI?<\/strong><\/p><p>Ure\u0111aj sa ve\u0161ta\u010dkom inteligencijom 3 Tesla MRI (EMAR) daje zdravije i jasnije slike za kratko vreme. Ve\u0161ta\u010dka inteligencija Najva\u017enija karakteristika koja razlikuje 3 Tesla MRI ure\u0111aj od drugih MRI ure\u0111aja je da je opremljen aplikacijama ve\u0161ta\u010dke inteligencije nove generacije. Primene ve\u0161ta\u010dke inteligencije, koje su po\u010dele da ulaze u svaki aspekt na\u0161ih \u017eivota danas, izazvale su zna\u010dajan napredak u MRI imid\u017eingu i postale su nezamenljiv alat za radiologe za postavljanje ta\u010dne dijagnoze. 3 Tesla MRI ure\u0111aj u na\u0161em centru opremljen je svim aplikacijama ve\u0161ta\u010dke inteligencije i nudi se na\u0161im lekarima i pacijentima besplatno.<\/p><p><strong>Postoje li dodatne naknade za aplikacije ve\u0161ta\u010dke inteligencije?<\/strong><\/p><p>Nema dodatne naknade za aplikacije ve\u0161ta\u010dke inteligencije koje se primenjuju na na\u0161e pacijente na ure\u0111aju sa ve\u0161ta\u010dkom inteligencijom MRI (emar) instaliranom u na\u0161em centru 2023. godine. Napla\u0107uje se samo naknada za glavni pregled obavljen pacijentu. Cene transakcija koje se obavljaju mo\u017eete dobiti pozivom na\u0161eg call centra.<br \/>Koliko dugo traje MRI od 3 Tesla?<br \/>Pregledi na 3 Tesla MRI ure\u0111aju variraju u zavisnosti od podru\u010dja pacijenta koji se snima. Me\u0111utim, generalno pregledi traju izme\u0111u 10 i 45 minuta. Najdu\u017ei pregled, MR pregled celog tela, traje 45 minuta. U ovom pregledu, celokupno ljudsko telo se skenira pomo\u0107u MRI ure\u0111aja i pretra\u017euju se patologije i \u0107elije raka u celoj anatomiji. Za detaljne informacije o MR skeniranju celog tela, koje se sada koristi kao metoda skrininga raka, mo\u017eete kliknuti na link ispod za detaljne informacije.<\/p><p><strong>MRI pregled celog tela<\/strong><\/p><p><strong>Kada \u0107e biti dostupni 3 Tesla MRI rezultati?<\/strong><br \/>3 Tesla MRI rezultati na\u0161eg radiologa, dr. Ocenjuje ga Umit Tuzun. U zavisnosti od obavljenog snimanja, na\u0161 lekar bira najbr\u017eu opciju izve\u0161tavanja u korist pacijenta i lekara.<\/p><p>Cilj nam je da lekarima i pacijentima dostavimo op\u0161ti rezultat izve\u0161taja istog dana. Svim na\u0161im pacijentima, dr. Informacije nakon ekstrakcije daje Umit Tuzun, a vreme isporuke izve\u0161taja se odlu\u010duje zajedno sa pacijentom i lekarom.<\/p><p><strong>3 Tesla MRI cene?<\/strong><\/p><p>Detaljne informacije o naknadama za 3 Tesla Emar mo\u017eete dobiti u kol centru na\u0161e ustanove. 3 Tesla MRI cene variraju u zavisnosti od dela tela na kome \u0107e se skenirati. Stoga znamo vrednost va\u0161eg zdravlja; Sa na\u0161im najsavremenijim 3 Tesla MRI ure\u0111ajem, nastojimo da obezbedimo najbolje snimke, najprikladnije izve\u0161tavanje i najpristupa\u010dniju cenu.<\/p>\t\t\t\t\t\t\t\t<\/div>\n\t\t\t\t<\/div>\n\t\t\t\t\t<\/div>\n\t\t<\/div>\n\t\t\t\t<div class=\"elementor-column elementor-col-50 elementor-top-column elementor-element elementor-element-6e113c8\" data-id=\"6e113c8\" data-element_type=\"column\">\n\t\t\t<div class=\"elementor-widget-wrap elementor-element-populated\">\n\t\t\t\t\t\t<div class=\"elementor-element elementor-element-1b1e286 elementor-widget elementor-widget-sidebar\" data-id=\"1b1e286\" data-element_type=\"widget\" data-widget_type=\"sidebar.default\">\n\t\t\t\t<div class=\"elementor-widget-container\">\n\t\t\t\t\t<div class=\"widget_text chw-widget\"><div class=\"textwidget custom-html-widget\">\t\t<div data-elementor-type=\"section\" data-elementor-id=\"22654\" class=\"elementor elementor-22654\" data-elementor-post-type=\"elementor_library\">\n\t\t\t\t\t<section class=\"elementor-section elementor-top-section elementor-element elementor-element-3a2a9f1 elementor-section-boxed elementor-section-height-default elementor-section-height-default\" data-id=\"3a2a9f1\" data-element_type=\"section\">\n\t\t\t\t\t\t<div class=\"elementor-container elementor-column-gap-default\">\n\t\t\t\t\t<div class=\"elementor-column elementor-col-33 elementor-top-column elementor-element elementor-element-fd2e319\" data-id=\"fd2e319\" data-element_type=\"column\">\n\t\t\t<div class=\"elementor-widget-wrap elementor-element-populated\">\n\t\t\t\t\t\t<div class=\"elementor-element elementor-element-c12a220 elementor-position-left elementor-vertical-align-middle elementor-widget elementor-widget-image-box\" data-id=\"c12a220\" data-element_type=\"widget\" data-widget_type=\"image-box.default\">\n\t\t\t\t<div class=\"elementor-widget-container\">\n\t\t\t\t\t<div class=\"elementor-image-box-wrapper\"><figure class=\"elementor-image-box-img\"><a href=\"https:\/\/www.neolife.com.tr\/sr\/skrining-raka\/\" tabindex=\"-1\"><img decoding=\"async\" width=\"65\" height=\"65\" src=\"https:\/\/www.neolife.com.tr\/wp-content\/uploads\/2025\/09\/66.png\" class=\"attachment-full size-full wp-image-29625\" alt=\"\" \/><\/a><\/figure><div class=\"elementor-image-box-content\"><p class=\"elementor-image-box-description\"><a href=\"https:\/\/www.neolife.com.tr\/sr\/skrining-raka\/\"> Skrining Raka\n  <\/a><\/p><\/div><\/div>\t\t\t\t<\/div>\n\t\t\t\t<\/div>\n\t\t\t\t\t<\/div>\n\t\t<\/div>\n\t\t\t\t<div class=\"elementor-column elementor-col-33 elementor-top-column elementor-element elementor-element-d46d5bd\" data-id=\"d46d5bd\" data-element_type=\"column\">\n\t\t\t<div class=\"elementor-widget-wrap elementor-element-populated\">\n\t\t\t\t\t\t<div class=\"elementor-element elementor-element-ef0373f elementor-position-left elementor-vertical-align-middle elementor-widget elementor-widget-image-box\" data-id=\"ef0373f\" data-element_type=\"widget\" data-widget_type=\"image-box.default\">\n\t\t\t\t<div class=\"elementor-widget-container\">\n\t\t\t\t\t<div class=\"elementor-image-box-wrapper\"><figure class=\"elementor-image-box-img\"><a href=\"https:\/\/www.neolife.com.tr\/sr\/nasi-lekari\/\" tabindex=\"-1\"><img decoding=\"async\" width=\"65\" height=\"65\" src=\"https:\/\/www.neolife.com.tr\/wp-content\/uploads\/2025\/09\/indir.png\" class=\"attachment-full size-full wp-image-29632\" alt=\"\" \/><\/a><\/figure><div class=\"elementor-image-box-content\"><p class=\"elementor-image-box-description\"><a href=\"https:\/\/www.neolife.com.tr\/sr\/nasi-lekari\/\"> Upoznajte na\u0161e stru\u010dno osoblje\n<\/a><\/p><\/div><\/div>\t\t\t\t<\/div>\n\t\t\t\t<\/div>\n\t\t\t\t\t<\/div>\n\t\t<\/div>\n\t\t\t\t<div class=\"elementor-column elementor-col-33 elementor-top-column elementor-element elementor-element-a1c5e73\" data-id=\"a1c5e73\" data-element_type=\"column\">\n\t\t\t<div class=\"elementor-widget-wrap elementor-element-populated\">\n\t\t\t\t\t\t<div class=\"elementor-element elementor-element-b7b23ff elementor-position-left elementor-vertical-align-middle elementor-widget elementor-widget-image-box\" data-id=\"b7b23ff\" data-element_type=\"widget\" data-widget_type=\"image-box.default\">\n\t\t\t\t<div class=\"elementor-widget-container\">\n\t\t\t\t\t<div class=\"elementor-image-box-wrapper\"><figure class=\"elementor-image-box-img\"><a href=\"https:\/\/www.neolife.com.tr\/sr\/neolife-kontrolni-centar\/\" tabindex=\"-1\"><img loading=\"lazy\" decoding=\"async\" width=\"65\" height=\"65\" src=\"https:\/\/www.neolife.com.tr\/wp-content\/uploads\/2025\/09\/indir-1.png\" class=\"attachment-full size-full wp-image-29639\" alt=\"\" \/><\/a><\/figure><div class=\"elementor-image-box-content\"><p class=\"elementor-image-box-description\"><a href=\"https:\/\/www.neolife.com.tr\/sr\/neolife-kontrolni-centar\/\"> Neolife Kontrolni Centar\n  <\/a><\/p><\/div><\/div>\t\t\t\t<\/div>\n\t\t\t\t<\/div>\n\t\t\t\t\t<\/div>\n\t\t<\/div>\n\t\t\t\t\t<\/div>\n\t\t<\/section>\n\t\t\t\t<\/div>\n\t\t<\/div><\/div>\t\t\t\t<\/div>\n\t\t\t\t<\/div>\n\t\t\t\t\t<\/div>\n\t\t<\/div>\n\t\t\t\t\t<\/div>\n\t\t<\/section>\n\t\t\t\t<\/div>\n\t\t","protected":false},"excerpt":{"rendered":"<p>\u0160ta je ve\u0161ta\u010dka inteligencija 3 Tesla MRI? Sa uvo\u0111enjem MR tehnologije ve\u0161ta\u010dke inteligencije korisnicima zdravstvene za\u0161tite 2022. godine, to je izazvalo zna\u010dajne promene u MR snimanju. Sa MR tehnologijom ve\u0161ta\u010dke inteligencije, sada mo\u017eemo da uradimo veoma kvalitetno MR snimanje za veoma kratko vreme. Radiolo\u0161ka jedinica Neolife centra, dr. Prepisujemo pravila radiologije sa ure\u0111ajem SIEMENS 3 [&hellip;]<\/p>\n","protected":false},"author":13,"featured_media":22611,"parent":0,"menu_order":0,"comment_status":"open","ping_status":"open","template":"","meta":{"footnotes":""},"class_list":["post-22600","page","type-page","status-publish","has-post-thumbnail","hentry"],"yoast_head":"<!-- This site is optimized with the Yoast SEO plugin v22.5 - https:\/\/yoast.com\/wordpress\/plugins\/seo\/ -->\n<title>3 Tesla MRI - Neolife T\u0131p Merkezi<\/title>\n<meta name=\"robots\" content=\"index, follow, max-snippet:-1, max-image-preview:large, max-video-preview:-1\" \/>\n<link rel=\"canonical\" href=\"https:\/\/www.neolife.com.tr\/sr\/3-tesla-mri\/\" \/>\n<meta name=\"twitter:label1\" content=\"\u041f\u0440\u043e\u0446\u0435\u045a\u0435\u043d\u043e \u0432\u0440\u0435\u043c\u0435 \u0447\u0438\u0442\u0430\u045a\u0430\" \/>\n\t<meta name=\"twitter:data1\" content=\"6 \u043c\u0438\u043d\u0443\u0442\u0430\" \/>\n<script type=\"application\/ld+json\" class=\"yoast-schema-graph\">{\"@context\":\"https:\/\/schema.org\",\"@graph\":[{\"@type\":\"WebPage\",\"@id\":\"https:\/\/www.neolife.com.tr\/sr\/3-tesla-mri\/\",\"url\":\"https:\/\/www.neolife.com.tr\/sr\/3-tesla-mri\/\",\"name\":\"3 Tesla MRI - Neolife T\u0131p Merkezi\",\"isPartOf\":{\"@id\":\"https:\/\/www.neolife.com.tr\/#website\"},\"primaryImageOfPage\":{\"@id\":\"https:\/\/www.neolife.com.tr\/sr\/3-tesla-mri\/#primaryimage\"},\"image\":{\"@id\":\"https:\/\/www.neolife.com.tr\/sr\/3-tesla-mri\/#primaryimage\"},\"thumbnailUrl\":\"https:\/\/www.neolife.com.tr\/wp-content\/uploads\/2022\/06\/3TESLAGORSEL-1.jpg\",\"datePublished\":\"2025-01-09T14:35:23+00:00\",\"dateModified\":\"2025-04-29T12:09:39+00:00\",\"breadcrumb\":{\"@id\":\"https:\/\/www.neolife.com.tr\/sr\/3-tesla-mri\/#breadcrumb\"},\"inLanguage\":\"sr-RS\",\"potentialAction\":[{\"@type\":\"ReadAction\",\"target\":[\"https:\/\/www.neolife.com.tr\/sr\/3-tesla-mri\/\"]}]},{\"@type\":\"ImageObject\",\"inLanguage\":\"sr-RS\",\"@id\":\"https:\/\/www.neolife.com.tr\/sr\/3-tesla-mri\/#primaryimage\",\"url\":\"https:\/\/www.neolife.com.tr\/wp-content\/uploads\/2022\/06\/3TESLAGORSEL-1.jpg\",\"contentUrl\":\"https:\/\/www.neolife.com.tr\/wp-content\/uploads\/2022\/06\/3TESLAGORSEL-1.jpg\",\"width\":600,\"height\":600},{\"@type\":\"BreadcrumbList\",\"@id\":\"https:\/\/www.neolife.com.tr\/sr\/3-tesla-mri\/#breadcrumb\",\"itemListElement\":[{\"@type\":\"ListItem\",\"position\":1,\"name\":\"Ana Sayfa\",\"item\":\"https:\/\/www.neolife.com.tr\/sr\/\"},{\"@type\":\"ListItem\",\"position\":2,\"name\":\"3 Tesla MRI\"}]},{\"@type\":\"WebSite\",\"@id\":\"https:\/\/www.neolife.com.tr\/#website\",\"url\":\"https:\/\/www.neolife.com.tr\/\",\"name\":\"Neolife T\u0131p Merkezi\",\"description\":\"T\u00fcrkiye&#039;de kanser tedavisi - kanser te\u015fhisi ve tedavisi\",\"publisher\":{\"@id\":\"https:\/\/www.neolife.com.tr\/#organization\"},\"potentialAction\":[{\"@type\":\"SearchAction\",\"target\":{\"@type\":\"EntryPoint\",\"urlTemplate\":\"https:\/\/www.neolife.com.tr\/?s={search_term_string}\"},\"query-input\":\"required name=search_term_string\"}],\"inLanguage\":\"sr-RS\"},{\"@type\":\"Organization\",\"@id\":\"https:\/\/www.neolife.com.tr\/#organization\",\"name\":\"Neolife T\u0131p Merkezi\",\"url\":\"https:\/\/www.neolife.com.tr\/\",\"logo\":{\"@type\":\"ImageObject\",\"inLanguage\":\"sr-RS\",\"@id\":\"https:\/\/www.neolife.com.tr\/#\/schema\/logo\/image\/\",\"url\":\"https:\/\/www.neolife.com.tr\/wp-content\/uploads\/2021\/06\/Neolife-Logo.png\",\"contentUrl\":\"https:\/\/www.neolife.com.tr\/wp-content\/uploads\/2021\/06\/Neolife-Logo.png\",\"width\":348,\"height\":92,\"caption\":\"Neolife T\u0131p Merkezi\"},\"image\":{\"@id\":\"https:\/\/www.neolife.com.tr\/#\/schema\/logo\/image\/\"},\"sameAs\":[\"https:\/\/www.facebook.com\/NeoLifeIstanbul\/\",\"https:\/\/x.com\/NeoLifeIstanbul\",\"https:\/\/www.linkedin.com\/company\/neolife-oncology-center\/?originalSubdomain=tr\"]}]}<\/script>\n<!-- \/ Yoast SEO plugin. -->","yoast_head_json":{"title":"3 Tesla MRI - Neolife T\u0131p Merkezi","robots":{"index":"index","follow":"follow","max-snippet":"max-snippet:-1","max-image-preview":"max-image-preview:large","max-video-preview":"max-video-preview:-1"},"canonical":"https:\/\/www.neolife.com.tr\/sr\/3-tesla-mri\/","twitter_misc":{"\u041f\u0440\u043e\u0446\u0435\u045a\u0435\u043d\u043e \u0432\u0440\u0435\u043c\u0435 \u0447\u0438\u0442\u0430\u045a\u0430":"6 \u043c\u0438\u043d\u0443\u0442\u0430"},"schema":{"@context":"https:\/\/schema.org","@graph":[{"@type":"WebPage","@id":"https:\/\/www.neolife.com.tr\/sr\/3-tesla-mri\/","url":"https:\/\/www.neolife.com.tr\/sr\/3-tesla-mri\/","name":"3 Tesla MRI - Neolife T\u0131p Merkezi","isPartOf":{"@id":"https:\/\/www.neolife.com.tr\/#website"},"primaryImageOfPage":{"@id":"https:\/\/www.neolife.com.tr\/sr\/3-tesla-mri\/#primaryimage"},"image":{"@id":"https:\/\/www.neolife.com.tr\/sr\/3-tesla-mri\/#primaryimage"},"thumbnailUrl":"https:\/\/www.neolife.com.tr\/wp-content\/uploads\/2022\/06\/3TESLAGORSEL-1.jpg","datePublished":"2025-01-09T14:35:23+00:00","dateModified":"2025-04-29T12:09:39+00:00","breadcrumb":{"@id":"https:\/\/www.neolife.com.tr\/sr\/3-tesla-mri\/#breadcrumb"},"inLanguage":"sr-RS","potentialAction":[{"@type":"ReadAction","target":["https:\/\/www.neolife.com.tr\/sr\/3-tesla-mri\/"]}]},{"@type":"ImageObject","inLanguage":"sr-RS","@id":"https:\/\/www.neolife.com.tr\/sr\/3-tesla-mri\/#primaryimage","url":"https:\/\/www.neolife.com.tr\/wp-content\/uploads\/2022\/06\/3TESLAGORSEL-1.jpg","contentUrl":"https:\/\/www.neolife.com.tr\/wp-content\/uploads\/2022\/06\/3TESLAGORSEL-1.jpg","width":600,"height":600},{"@type":"BreadcrumbList","@id":"https:\/\/www.neolife.com.tr\/sr\/3-tesla-mri\/#breadcrumb","itemListElement":[{"@type":"ListItem","position":1,"name":"Ana Sayfa","item":"https:\/\/www.neolife.com.tr\/sr\/"},{"@type":"ListItem","position":2,"name":"3 Tesla MRI"}]},{"@type":"WebSite","@id":"https:\/\/www.neolife.com.tr\/#website","url":"https:\/\/www.neolife.com.tr\/","name":"Neolife T\u0131p Merkezi","description":"T\u00fcrkiye&#039;de kanser tedavisi - kanser te\u015fhisi ve tedavisi","publisher":{"@id":"https:\/\/www.neolife.com.tr\/#organization"},"potentialAction":[{"@type":"SearchAction","target":{"@type":"EntryPoint","urlTemplate":"https:\/\/www.neolife.com.tr\/?s={search_term_string}"},"query-input":"required name=search_term_string"}],"inLanguage":"sr-RS"},{"@type":"Organization","@id":"https:\/\/www.neolife.com.tr\/#organization","name":"Neolife T\u0131p Merkezi","url":"https:\/\/www.neolife.com.tr\/","logo":{"@type":"ImageObject","inLanguage":"sr-RS","@id":"https:\/\/www.neolife.com.tr\/#\/schema\/logo\/image\/","url":"https:\/\/www.neolife.com.tr\/wp-content\/uploads\/2021\/06\/Neolife-Logo.png","contentUrl":"https:\/\/www.neolife.com.tr\/wp-content\/uploads\/2021\/06\/Neolife-Logo.png","width":348,"height":92,"caption":"Neolife T\u0131p Merkezi"},"image":{"@id":"https:\/\/www.neolife.com.tr\/#\/schema\/logo\/image\/"},"sameAs":["https:\/\/www.facebook.com\/NeoLifeIstanbul\/","https:\/\/x.com\/NeoLifeIstanbul","https:\/\/www.linkedin.com\/company\/neolife-oncology-center\/?originalSubdomain=tr"]}]}},"_links":{"self":[{"href":"https:\/\/www.neolife.com.tr\/sr\/wp-json\/wp\/v2\/pages\/22600","targetHints":{"allow":["GET"]}}],"collection":[{"href":"https:\/\/www.neolife.com.tr\/sr\/wp-json\/wp\/v2\/pages"}],"about":[{"href":"https:\/\/www.neolife.com.tr\/sr\/wp-json\/wp\/v2\/types\/page"}],"author":[{"embeddable":true,"href":"https:\/\/www.neolife.com.tr\/sr\/wp-json\/wp\/v2\/users\/13"}],"replies":[{"embeddable":true,"href":"https:\/\/www.neolife.com.tr\/sr\/wp-json\/wp\/v2\/comments?post=22600"}],"version-history":[{"count":16,"href":"https:\/\/www.neolife.com.tr\/sr\/wp-json\/wp\/v2\/pages\/22600\/revisions"}],"predecessor-version":[{"id":25098,"href":"https:\/\/www.neolife.com.tr\/sr\/wp-json\/wp\/v2\/pages\/22600\/revisions\/25098"}],"wp:featuredmedia":[{"embeddable":true,"href":"https:\/\/www.neolife.com.tr\/sr\/wp-json\/wp\/v2\/media\/22611"}],"wp:attachment":[{"href":"https:\/\/www.neolife.com.tr\/sr\/wp-json\/wp\/v2\/media?parent=22600"}],"curies":[{"name":"wp","href":"https:\/\/api.w.org\/{rel}","templated":true}]}}