{"id":22567,"date":"2025-01-09T17:11:03","date_gmt":"2025-01-09T14:11:03","guid":{"rendered":"https:\/\/www.neolife.com.tr\/?page_id=22567"},"modified":"2025-01-09T17:25:28","modified_gmt":"2025-01-09T14:25:28","slug":"pet-ct-zlatni-standard","status":"publish","type":"page","link":"https:\/\/www.neolife.com.tr\/sr\/pet-ct-zlatni-standard\/","title":{"rendered":"PET-CT Zlatni standard"},"content":{"rendered":"\t\t<div data-elementor-type=\"wp-page\" data-elementor-id=\"22567\" class=\"elementor elementor-22567\" data-elementor-post-type=\"page\">\n\t\t\t\t\t\t<section class=\"elementor-section elementor-top-section elementor-element elementor-element-618c7dcc elementor-section-boxed elementor-section-height-default elementor-section-height-default\" data-id=\"618c7dcc\" data-element_type=\"section\">\n\t\t\t\t\t\t<div class=\"elementor-container elementor-column-gap-default\">\n\t\t\t\t\t<div class=\"elementor-column elementor-col-50 elementor-top-column elementor-element elementor-element-75a68c6e\" data-id=\"75a68c6e\" data-element_type=\"column\">\n\t\t\t<div class=\"elementor-widget-wrap elementor-element-populated\">\n\t\t\t\t\t\t<div class=\"elementor-element elementor-element-4c2ebf2b elementor-widget elementor-widget-text-editor\" data-id=\"4c2ebf2b\" data-element_type=\"widget\" data-widget_type=\"text-editor.default\">\n\t\t\t\t<div class=\"elementor-widget-container\">\n\t\t\t\t\t\t\t\t\t<p>Zlatni standard: \u0160ta je PET\/CT?<\/p><p>PET\/CT je dijagnosti\u010dka metoda koja kombinuje PET (pozitronsku emisijsku tomografiju) i CT (kompjuterizovanu tomografiju), omogu\u0107avaju\u0107i dobijanje metaboli\u010dkih i anatomskih informacija o organima.<\/p><p>Pozitronska emisiona tomografija (PET) je metoda snimanja koja poma\u017ee u otkrivanju kako funkcioni\u0161u va\u0161a tkiva i organi. PET skeniranje koristi radioaktivnu supstancu (tracer) kako bi prikazalo ovu aktivnost.<\/p><p>Ova supstanca mo\u017ee biti ubrizgana, progutana ili udahnuta, u zavisnosti od organa i tkiva koja se ispituju. Tracer se akumulira u delovima tela sa visokim nivoom hemijske aktivnosti, \u0161to \u010desto odgovara podru\u010djima bolesti. Na PET snimku, ta podru\u010dja se vide kao svetle ta\u010dke.<\/p><p>PET\/CT skeniranje je korisno za otkrivanje ili procenu raznih bolesti, uklju\u010duju\u0107i odre\u0111ene vrste raka, bolesti srca i poreme\u0107aje mozga.<\/p><p>Za\u0161to se radi PET\/CT skeniranje?<\/p><p>PET skeniranje je efikasan na\u010din ispitivanja hemijske aktivnosti u delovima tela. Korisno je za otkrivanje ili procenu razli\u010ditih bolesti, uklju\u010duju\u0107i odre\u0111ene vrste raka, sr\u010danih oboljenja i mo\u017edanih poreme\u0107aja. Snimci dobijeni PET skeniranjem pru\u017eaju druga\u010dije informacije od drugih metoda snimanja, poput kompjuterizovane tomografije (CT) ili magnetne rezonance (MR). PET skeniranje ili kombinovano CT-PET skeniranje omogu\u0107ava lekaru da preciznije postavi dijagnozu bolesti.<\/p><p>Rak<br \/>Po\u0161to \u0107elije raka imaju vi\u0161u metaboli\u010dku aktivnost od normalnih \u0107elija, one se na PET snimcima vide kao svetle ta\u010dke. PET skeniranje mo\u017ee pomo\u0107i u slede\u0107em:<\/p><p>Dijagnoza raka<br \/>Otkrivanje \u0161irenja raka<br \/>Provera efikasnosti terapije raka<br \/>Utvr\u0111ivanje povratka raka<br \/>PET snimci moraju biti pa\u017eljivo interpretirani, jer mnoge nekancerogene bolesti mogu izgledati kao rak, a mnoge vrste raka nisu vidljive na PET skenovima. Vrste raka koje se naj\u010de\u0161\u0107e vide na PET skenovima uklju\u010duju:<\/p><p>Tumor mozga<br \/>Rak dojke<br \/>Rak grli\u0107a materice<br \/>Kolorektalni karcinom<br \/>Rak jednjaka<br \/>Rak glave i vrata<br \/>Rak plu\u0107a<br \/>Limfom<br \/>Melanom<br \/>Rak pankreasa<br \/>Rak prostate<br \/>Rak \u0161titaste \u017elezde<br \/>Bolesti srca<br \/>PET skeniranje mo\u017ee prikazati podru\u010dja sa smanjenim protokom krvi u srcu, \u0161to mo\u017ee pomo\u0107i vama i va\u0161em lekaru da odlu\u010dite da li vam je potrebna operacija za otvaranje arterije (angioplastika) ili koronarna arterijska bajpas operacija.<\/p><p>Poreme\u0107aji mozga<br \/>PET skeniranje mo\u017ee pomo\u0107i u dijagnostikovanju odre\u0111enih poreme\u0107aja mozga, uklju\u010duju\u0107i:<\/p><p>Tumore<br \/>Alchajmerovu bolest<br \/>Epilepsiju<br \/>Koje su koristi i rizici PET\/CT-a?<\/p><p>Koristi<\/p><p>Nuklearna medicina pru\u017ea jedinstvene informacije koje se \u010desto ne mogu dobiti drugim metodama snimanja.<br \/>Omogu\u0107ava ranu dijagnozu mnogih bolesti, \u010desto pre pojave simptoma.<br \/>PET skeniranje mo\u017ee eliminisati potrebu za hirur\u0161kom biopsijom ili odrediti najbolju lokaciju za biopsiju.<br \/>Korisno je za planiranje terapije zra\u010denjem.<br \/>Rizici<br \/>U PET skeniranju se koristi radioaktivna supstanca (tracer) koja ima mali rizik od negativnih efekata, ali mo\u017ee:<\/p><p>Izazvati ozbiljnu alergijsku reakciju u retkim situacijama.<br \/>Izlo\u017eiti nero\u0111enu bebu zra\u010denju, ako ste trudni.<br \/>Izlo\u017eiti dete zra\u010denju, ako dojite.<br \/>Konsultujte se sa lekarom o koristima i rizicima PET skeniranja.<\/p><p>Kako se pripremiti?<\/p><p>Obavestite svog lekara ako:<\/p><p>Ste imali bilo kakvu alergijsku reakciju ranije.<br \/>Ste nedavno bili bolesni ili imate medicinsko stanje poput dijabetesa.<br \/>Uzimajte lekove, vitamine ili biljne suplemente.<br \/>Ste trudni ili sumnjate na trudno\u0107u.<br \/>Dojite.<br \/>Imate strah od zatvorenog prostora (klaustrofobija).<br \/>Va\u0161 lekar \u0107e vam dati detaljna uputstva o pripremi za skeniranje. Osnovno pravilo je da izbegavate te\u017ee fizi\u010dke aktivnosti nekoliko dana pre skeniranja i prestanete jesti nekoliko sati pre pregleda.<\/p><p>\u0160ta o\u010dekivati?<br \/>Skeniranje traje otprilike dva sata i obavlja se ambulantno. Radioaktivna supstanca se daje ubrizgavanjem, udisanjem ili gutanjem, u zavisnosti od ispitivanog organa. Nakon injekcije, potrebno je \u010dekati 30-60 minuta da telo apsorbuje tracer.<\/p><p>Za vreme skeniranja le\u017eite mirno, dok ure\u0111aj pravi snimke. Ceo proces je bezbolan, ali mo\u017ee izazvati nelagodnost kod osoba sa klaustrofobijom.<\/p><p>Nakon skeniranja, mo\u017eete nastaviti sa svojim uobi\u010dajenim aktivnostima, osim ako lekar ne ka\u017ee druga\u010dije.<\/p>\t\t\t\t\t\t\t\t<\/div>\n\t\t\t\t<\/div>\n\t\t\t\t\t<\/div>\n\t\t<\/div>\n\t\t\t\t<div class=\"elementor-column elementor-col-50 elementor-top-column elementor-element elementor-element-a797519\" data-id=\"a797519\" data-element_type=\"column\">\n\t\t\t<div class=\"elementor-widget-wrap elementor-element-populated\">\n\t\t\t\t\t\t<div class=\"elementor-element elementor-element-6a03d55 elementor-widget elementor-widget-sidebar\" data-id=\"6a03d55\" data-element_type=\"widget\" data-widget_type=\"sidebar.default\">\n\t\t\t\t<div class=\"elementor-widget-container\">\n\t\t\t\t\t<div class=\"widget_text chw-widget\"><div class=\"textwidget custom-html-widget\">\t\t<div data-elementor-type=\"section\" data-elementor-id=\"22654\" class=\"elementor elementor-22654\" data-elementor-post-type=\"elementor_library\">\n\t\t\t\t\t<section class=\"elementor-section elementor-top-section elementor-element elementor-element-3a2a9f1 elementor-section-boxed elementor-section-height-default elementor-section-height-default\" data-id=\"3a2a9f1\" data-element_type=\"section\">\n\t\t\t\t\t\t<div class=\"elementor-container elementor-column-gap-default\">\n\t\t\t\t\t<div class=\"elementor-column elementor-col-33 elementor-top-column elementor-element elementor-element-fd2e319\" data-id=\"fd2e319\" data-element_type=\"column\">\n\t\t\t<div class=\"elementor-widget-wrap elementor-element-populated\">\n\t\t\t\t\t\t<div class=\"elementor-element elementor-element-c12a220 elementor-position-left elementor-vertical-align-middle elementor-widget elementor-widget-image-box\" data-id=\"c12a220\" data-element_type=\"widget\" data-widget_type=\"image-box.default\">\n\t\t\t\t<div class=\"elementor-widget-container\">\n\t\t\t\t\t<div class=\"elementor-image-box-wrapper\"><figure class=\"elementor-image-box-img\"><a href=\"https:\/\/www.neolife.com.tr\/sr\/skrining-raka\/\" tabindex=\"-1\"><img decoding=\"async\" width=\"65\" height=\"65\" src=\"https:\/\/www.neolife.com.tr\/wp-content\/uploads\/2025\/09\/66.png\" class=\"attachment-full size-full wp-image-29625\" alt=\"\" \/><\/a><\/figure><div class=\"elementor-image-box-content\"><p class=\"elementor-image-box-description\"><a href=\"https:\/\/www.neolife.com.tr\/sr\/skrining-raka\/\"> Skrining Raka\n  <\/a><\/p><\/div><\/div>\t\t\t\t<\/div>\n\t\t\t\t<\/div>\n\t\t\t\t\t<\/div>\n\t\t<\/div>\n\t\t\t\t<div class=\"elementor-column elementor-col-33 elementor-top-column elementor-element elementor-element-d46d5bd\" data-id=\"d46d5bd\" data-element_type=\"column\">\n\t\t\t<div class=\"elementor-widget-wrap elementor-element-populated\">\n\t\t\t\t\t\t<div class=\"elementor-element elementor-element-ef0373f elementor-position-left elementor-vertical-align-middle elementor-widget elementor-widget-image-box\" data-id=\"ef0373f\" data-element_type=\"widget\" data-widget_type=\"image-box.default\">\n\t\t\t\t<div class=\"elementor-widget-container\">\n\t\t\t\t\t<div class=\"elementor-image-box-wrapper\"><figure class=\"elementor-image-box-img\"><a href=\"https:\/\/www.neolife.com.tr\/sr\/nasi-lekari\/\" tabindex=\"-1\"><img decoding=\"async\" width=\"65\" height=\"65\" src=\"https:\/\/www.neolife.com.tr\/wp-content\/uploads\/2025\/09\/indir.png\" class=\"attachment-full size-full wp-image-29632\" alt=\"\" \/><\/a><\/figure><div class=\"elementor-image-box-content\"><p class=\"elementor-image-box-description\"><a href=\"https:\/\/www.neolife.com.tr\/sr\/nasi-lekari\/\"> Upoznajte na\u0161e stru\u010dno osoblje\n<\/a><\/p><\/div><\/div>\t\t\t\t<\/div>\n\t\t\t\t<\/div>\n\t\t\t\t\t<\/div>\n\t\t<\/div>\n\t\t\t\t<div class=\"elementor-column elementor-col-33 elementor-top-column elementor-element elementor-element-a1c5e73\" data-id=\"a1c5e73\" data-element_type=\"column\">\n\t\t\t<div class=\"elementor-widget-wrap elementor-element-populated\">\n\t\t\t\t\t\t<div class=\"elementor-element elementor-element-b7b23ff elementor-position-left elementor-vertical-align-middle elementor-widget elementor-widget-image-box\" data-id=\"b7b23ff\" data-element_type=\"widget\" data-widget_type=\"image-box.default\">\n\t\t\t\t<div class=\"elementor-widget-container\">\n\t\t\t\t\t<div class=\"elementor-image-box-wrapper\"><figure class=\"elementor-image-box-img\"><a href=\"https:\/\/www.neolife.com.tr\/sr\/neolife-kontrolni-centar\/\" tabindex=\"-1\"><img decoding=\"async\" width=\"65\" height=\"65\" src=\"https:\/\/www.neolife.com.tr\/wp-content\/uploads\/2025\/09\/indir-1.png\" class=\"attachment-full size-full wp-image-29639\" alt=\"\" \/><\/a><\/figure><div class=\"elementor-image-box-content\"><p class=\"elementor-image-box-description\"><a href=\"https:\/\/www.neolife.com.tr\/sr\/neolife-kontrolni-centar\/\"> Neolife Kontrolni Centar\n  <\/a><\/p><\/div><\/div>\t\t\t\t<\/div>\n\t\t\t\t<\/div>\n\t\t\t\t\t<\/div>\n\t\t<\/div>\n\t\t\t\t\t<\/div>\n\t\t<\/section>\n\t\t\t\t<\/div>\n\t\t<\/div><\/div>\t\t\t\t<\/div>\n\t\t\t\t<\/div>\n\t\t\t\t\t<\/div>\n\t\t<\/div>\n\t\t\t\t\t<\/div>\n\t\t<\/section>\n\t\t\t\t<\/div>\n\t\t","protected":false},"excerpt":{"rendered":"<p>Zlatni standard: \u0160ta je PET\/CT? PET\/CT je dijagnosti\u010dka metoda koja kombinuje PET (pozitronsku emisijsku tomografiju) i CT (kompjuterizovanu tomografiju), omogu\u0107avaju\u0107i dobijanje metaboli\u010dkih i anatomskih informacija o organima. Pozitronska emisiona tomografija (PET) je metoda snimanja koja poma\u017ee u otkrivanju kako funkcioni\u0161u va\u0161a tkiva i organi. PET skeniranje koristi radioaktivnu supstancu (tracer) kako bi prikazalo ovu aktivnost. [&hellip;]<\/p>\n","protected":false},"author":13,"featured_media":22570,"parent":0,"menu_order":0,"comment_status":"open","ping_status":"open","template":"","meta":{"footnotes":""},"class_list":["post-22567","page","type-page","status-publish","has-post-thumbnail","hentry"],"yoast_head":"<!-- This site is optimized with the Yoast SEO plugin v22.5 - https:\/\/yoast.com\/wordpress\/plugins\/seo\/ -->\n<title>PET-CT Zlatni standard - Neolife T\u0131p Merkezi<\/title>\n<meta name=\"robots\" content=\"index, follow, max-snippet:-1, max-image-preview:large, max-video-preview:-1\" \/>\n<link rel=\"canonical\" href=\"https:\/\/www.neolife.com.tr\/sr\/pet-ct-zlatni-standard\/\" \/>\n<meta name=\"twitter:label1\" content=\"\u041f\u0440\u043e\u0446\u0435\u045a\u0435\u043d\u043e \u0432\u0440\u0435\u043c\u0435 \u0447\u0438\u0442\u0430\u045a\u0430\" \/>\n\t<meta name=\"twitter:data1\" content=\"10 \u043c\u0438\u043d\u0443\u0442\u0430\" \/>\n<script type=\"application\/ld+json\" class=\"yoast-schema-graph\">{\"@context\":\"https:\/\/schema.org\",\"@graph\":[{\"@type\":\"WebPage\",\"@id\":\"https:\/\/www.neolife.com.tr\/sr\/pet-ct-zlatni-standard\/\",\"url\":\"https:\/\/www.neolife.com.tr\/sr\/pet-ct-zlatni-standard\/\",\"name\":\"PET-CT Zlatni standard - Neolife T\u0131p Merkezi\",\"isPartOf\":{\"@id\":\"https:\/\/www.neolife.com.tr\/#website\"},\"primaryImageOfPage\":{\"@id\":\"https:\/\/www.neolife.com.tr\/sr\/pet-ct-zlatni-standard\/#primaryimage\"},\"image\":{\"@id\":\"https:\/\/www.neolife.com.tr\/sr\/pet-ct-zlatni-standard\/#primaryimage\"},\"thumbnailUrl\":\"https:\/\/www.neolife.com.tr\/wp-content\/uploads\/2022\/06\/PETCTYENICIHAZ.jpg\",\"datePublished\":\"2025-01-09T14:11:03+00:00\",\"dateModified\":\"2025-01-09T14:25:28+00:00\",\"breadcrumb\":{\"@id\":\"https:\/\/www.neolife.com.tr\/sr\/pet-ct-zlatni-standard\/#breadcrumb\"},\"inLanguage\":\"sr-RS\",\"potentialAction\":[{\"@type\":\"ReadAction\",\"target\":[\"https:\/\/www.neolife.com.tr\/sr\/pet-ct-zlatni-standard\/\"]}]},{\"@type\":\"ImageObject\",\"inLanguage\":\"sr-RS\",\"@id\":\"https:\/\/www.neolife.com.tr\/sr\/pet-ct-zlatni-standard\/#primaryimage\",\"url\":\"https:\/\/www.neolife.com.tr\/wp-content\/uploads\/2022\/06\/PETCTYENICIHAZ.jpg\",\"contentUrl\":\"https:\/\/www.neolife.com.tr\/wp-content\/uploads\/2022\/06\/PETCTYENICIHAZ.jpg\",\"width\":1920,\"height\":1080},{\"@type\":\"BreadcrumbList\",\"@id\":\"https:\/\/www.neolife.com.tr\/sr\/pet-ct-zlatni-standard\/#breadcrumb\",\"itemListElement\":[{\"@type\":\"ListItem\",\"position\":1,\"name\":\"Ana Sayfa\",\"item\":\"https:\/\/www.neolife.com.tr\/sr\/\"},{\"@type\":\"ListItem\",\"position\":2,\"name\":\"PET-CT Zlatni standard\"}]},{\"@type\":\"WebSite\",\"@id\":\"https:\/\/www.neolife.com.tr\/#website\",\"url\":\"https:\/\/www.neolife.com.tr\/\",\"name\":\"Neolife T\u0131p Merkezi\",\"description\":\"T\u00fcrkiye&#039;de kanser tedavisi - kanser te\u015fhisi ve tedavisi\",\"publisher\":{\"@id\":\"https:\/\/www.neolife.com.tr\/#organization\"},\"potentialAction\":[{\"@type\":\"SearchAction\",\"target\":{\"@type\":\"EntryPoint\",\"urlTemplate\":\"https:\/\/www.neolife.com.tr\/?s={search_term_string}\"},\"query-input\":\"required name=search_term_string\"}],\"inLanguage\":\"sr-RS\"},{\"@type\":\"Organization\",\"@id\":\"https:\/\/www.neolife.com.tr\/#organization\",\"name\":\"Neolife T\u0131p Merkezi\",\"url\":\"https:\/\/www.neolife.com.tr\/\",\"logo\":{\"@type\":\"ImageObject\",\"inLanguage\":\"sr-RS\",\"@id\":\"https:\/\/www.neolife.com.tr\/#\/schema\/logo\/image\/\",\"url\":\"https:\/\/www.neolife.com.tr\/wp-content\/uploads\/2021\/06\/Neolife-Logo.png\",\"contentUrl\":\"https:\/\/www.neolife.com.tr\/wp-content\/uploads\/2021\/06\/Neolife-Logo.png\",\"width\":348,\"height\":92,\"caption\":\"Neolife T\u0131p Merkezi\"},\"image\":{\"@id\":\"https:\/\/www.neolife.com.tr\/#\/schema\/logo\/image\/\"},\"sameAs\":[\"https:\/\/www.facebook.com\/NeoLifeIstanbul\/\",\"https:\/\/x.com\/NeoLifeIstanbul\",\"https:\/\/www.linkedin.com\/company\/neolife-oncology-center\/?originalSubdomain=tr\"]}]}<\/script>\n<!-- \/ Yoast SEO plugin. -->","yoast_head_json":{"title":"PET-CT Zlatni standard - Neolife T\u0131p Merkezi","robots":{"index":"index","follow":"follow","max-snippet":"max-snippet:-1","max-image-preview":"max-image-preview:large","max-video-preview":"max-video-preview:-1"},"canonical":"https:\/\/www.neolife.com.tr\/sr\/pet-ct-zlatni-standard\/","twitter_misc":{"\u041f\u0440\u043e\u0446\u0435\u045a\u0435\u043d\u043e \u0432\u0440\u0435\u043c\u0435 \u0447\u0438\u0442\u0430\u045a\u0430":"10 \u043c\u0438\u043d\u0443\u0442\u0430"},"schema":{"@context":"https:\/\/schema.org","@graph":[{"@type":"WebPage","@id":"https:\/\/www.neolife.com.tr\/sr\/pet-ct-zlatni-standard\/","url":"https:\/\/www.neolife.com.tr\/sr\/pet-ct-zlatni-standard\/","name":"PET-CT Zlatni standard - Neolife T\u0131p Merkezi","isPartOf":{"@id":"https:\/\/www.neolife.com.tr\/#website"},"primaryImageOfPage":{"@id":"https:\/\/www.neolife.com.tr\/sr\/pet-ct-zlatni-standard\/#primaryimage"},"image":{"@id":"https:\/\/www.neolife.com.tr\/sr\/pet-ct-zlatni-standard\/#primaryimage"},"thumbnailUrl":"https:\/\/www.neolife.com.tr\/wp-content\/uploads\/2022\/06\/PETCTYENICIHAZ.jpg","datePublished":"2025-01-09T14:11:03+00:00","dateModified":"2025-01-09T14:25:28+00:00","breadcrumb":{"@id":"https:\/\/www.neolife.com.tr\/sr\/pet-ct-zlatni-standard\/#breadcrumb"},"inLanguage":"sr-RS","potentialAction":[{"@type":"ReadAction","target":["https:\/\/www.neolife.com.tr\/sr\/pet-ct-zlatni-standard\/"]}]},{"@type":"ImageObject","inLanguage":"sr-RS","@id":"https:\/\/www.neolife.com.tr\/sr\/pet-ct-zlatni-standard\/#primaryimage","url":"https:\/\/www.neolife.com.tr\/wp-content\/uploads\/2022\/06\/PETCTYENICIHAZ.jpg","contentUrl":"https:\/\/www.neolife.com.tr\/wp-content\/uploads\/2022\/06\/PETCTYENICIHAZ.jpg","width":1920,"height":1080},{"@type":"BreadcrumbList","@id":"https:\/\/www.neolife.com.tr\/sr\/pet-ct-zlatni-standard\/#breadcrumb","itemListElement":[{"@type":"ListItem","position":1,"name":"Ana Sayfa","item":"https:\/\/www.neolife.com.tr\/sr\/"},{"@type":"ListItem","position":2,"name":"PET-CT Zlatni standard"}]},{"@type":"WebSite","@id":"https:\/\/www.neolife.com.tr\/#website","url":"https:\/\/www.neolife.com.tr\/","name":"Neolife T\u0131p Merkezi","description":"T\u00fcrkiye&#039;de kanser tedavisi - kanser te\u015fhisi ve tedavisi","publisher":{"@id":"https:\/\/www.neolife.com.tr\/#organization"},"potentialAction":[{"@type":"SearchAction","target":{"@type":"EntryPoint","urlTemplate":"https:\/\/www.neolife.com.tr\/?s={search_term_string}"},"query-input":"required name=search_term_string"}],"inLanguage":"sr-RS"},{"@type":"Organization","@id":"https:\/\/www.neolife.com.tr\/#organization","name":"Neolife T\u0131p Merkezi","url":"https:\/\/www.neolife.com.tr\/","logo":{"@type":"ImageObject","inLanguage":"sr-RS","@id":"https:\/\/www.neolife.com.tr\/#\/schema\/logo\/image\/","url":"https:\/\/www.neolife.com.tr\/wp-content\/uploads\/2021\/06\/Neolife-Logo.png","contentUrl":"https:\/\/www.neolife.com.tr\/wp-content\/uploads\/2021\/06\/Neolife-Logo.png","width":348,"height":92,"caption":"Neolife T\u0131p Merkezi"},"image":{"@id":"https:\/\/www.neolife.com.tr\/#\/schema\/logo\/image\/"},"sameAs":["https:\/\/www.facebook.com\/NeoLifeIstanbul\/","https:\/\/x.com\/NeoLifeIstanbul","https:\/\/www.linkedin.com\/company\/neolife-oncology-center\/?originalSubdomain=tr"]}]}},"_links":{"self":[{"href":"https:\/\/www.neolife.com.tr\/sr\/wp-json\/wp\/v2\/pages\/22567","targetHints":{"allow":["GET"]}}],"collection":[{"href":"https:\/\/www.neolife.com.tr\/sr\/wp-json\/wp\/v2\/pages"}],"about":[{"href":"https:\/\/www.neolife.com.tr\/sr\/wp-json\/wp\/v2\/types\/page"}],"author":[{"embeddable":true,"href":"https:\/\/www.neolife.com.tr\/sr\/wp-json\/wp\/v2\/users\/13"}],"replies":[{"embeddable":true,"href":"https:\/\/www.neolife.com.tr\/sr\/wp-json\/wp\/v2\/comments?post=22567"}],"version-history":[{"count":3,"href":"https:\/\/www.neolife.com.tr\/sr\/wp-json\/wp\/v2\/pages\/22567\/revisions"}],"predecessor-version":[{"id":22585,"href":"https:\/\/www.neolife.com.tr\/sr\/wp-json\/wp\/v2\/pages\/22567\/revisions\/22585"}],"wp:featuredmedia":[{"embeddable":true,"href":"https:\/\/www.neolife.com.tr\/sr\/wp-json\/wp\/v2\/media\/22570"}],"wp:attachment":[{"href":"https:\/\/www.neolife.com.tr\/sr\/wp-json\/wp\/v2\/media?parent=22567"}],"curies":[{"name":"wp","href":"https:\/\/api.w.org\/{rel}","templated":true}]}}