{"id":21947,"date":"2024-11-18T17:46:12","date_gmt":"2024-11-18T14:46:12","guid":{"rendered":"https:\/\/www.neolife.com.tr\/?page_id=21947"},"modified":"2025-09-17T14:34:20","modified_gmt":"2025-09-17T11:34:20","slug":"prava-i-odgovornosti-pacijenata","status":"publish","type":"page","link":"https:\/\/www.neolife.com.tr\/sr\/prava-i-odgovornosti-pacijenata\/","title":{"rendered":"Prava i Odgovornosti Pacijenata"},"content":{"rendered":"\t\t<div data-elementor-type=\"wp-page\" data-elementor-id=\"21947\" class=\"elementor elementor-21947\" data-elementor-post-type=\"page\">\n\t\t\t\t\t\t<section class=\"elementor-section elementor-top-section elementor-element elementor-element-08b3c53 elementor-section-boxed elementor-section-height-default elementor-section-height-default\" data-id=\"08b3c53\" data-element_type=\"section\">\n\t\t\t\t\t\t<div class=\"elementor-container elementor-column-gap-default\">\n\t\t\t\t\t<div class=\"elementor-column elementor-col-100 elementor-top-column elementor-element elementor-element-dd5ba8f\" data-id=\"dd5ba8f\" data-element_type=\"column\">\n\t\t\t<div class=\"elementor-widget-wrap elementor-element-populated\">\n\t\t\t\t\t\t<div class=\"elementor-element elementor-element-33e95dc elementor-widget elementor-widget-text-editor\" data-id=\"33e95dc\" data-element_type=\"widget\" data-widget_type=\"text-editor.default\">\n\t\t\t\t<div class=\"elementor-widget-container\">\n\t\t\t\t\t\t\t\t\t<p><strong>Va\u0161a prava<\/strong><\/p><p>(Uredba o pravima pacijenata, Slu\u017ebeni glasnik RS, 01.08.1998\/23420)<\/p><p>\u010covek, samo zbog \u010dinjenice \u0161to je \u010dovek, dolazi na svet sa odre\u0111enim pravima. Koncept prava je univerzalan. Ukratko, pravo se mo\u017ee definisati kao \u201eovla\u0161\u0107enje koje pravo daje pojedincima\u201c.<\/p><p>Ljudska prava su prvi put priznata 1215. godine u Engleskoj. Slu\u017ebeno su priznata krajem 18. veka Deklaracijom prava \u010doveka u Americi i Univerzalnom deklaracijom o pravima \u010doveka i gra\u0111anina u Francuskoj 1789. godine. Osnivanjem Ujedinjenih nacija, ljudska prava su postala univerzalna. Usvojena je Univerzalna deklaracija o ljudskim pravima. Prema toj deklaraciji, svi ljudi su slobodni, dostojanstveni i jednaki u pravima.<\/p><p>Ljudska prava se ukratko mogu definisati kao: pravo svih ljudi da budu jednaki i slobodni od ro\u0111enja. Ova sloboda je izbalansirana obavezom po\u0161tovanja tu\u0111ih prava i izbegavanja njihovog kr\u0161enja. Postoji mnogo razli\u010ditih ljudskih prava, a prava pacijenata su jedno od osnovnih ljudskih prava.<\/p><p><strong>Pravo na op\u0161te kori\u0161\u0107enje usluga:<\/strong> U okviru principa pravde i pravi\u010dnosti, svi imaju pravo na zdravstvene usluge, bez obzira na rasu, jezik, religiju, pol, filozofska uverenja, ekonomski ili dru\u0161tveni status.<br \/><strong>Pravo na informisanje i tra\u017eenje informacija:<\/strong> Pacijent ima pravo da se informi\u0161e o svim dostupnim zdravstvenim uslugama i svom zdravstvenom stanju, bilo usmeno ili pismeno.<br \/><strong>Pravo na izbor i promenu zdravstvene ustanove i osoblja:<\/strong> Pacijent ima pravo da izabere i promeni zdravstvenu ustanovu, kao i da sazna identitet, zvanje i funkciju zdravstvenog osoblja.<br \/><strong>Pravo na privatnost:<\/strong> Pacijent ima pravo da prima zdravstvene usluge u skladu sa principom poverljivosti.<br \/>Pravo na odbijanje, prekid i pristanak: Pacijent ima pravo da odbije le\u010denje, zahteva njegov prekid, kao i da daje saglasnost za medicinske intervencije.<br \/><strong>Pravo na sigurnost:<\/strong> Pacijent ima pravo da prima zdravstvene usluge u sigurnom okru\u017eenju.<br \/><strong>Pravo na obavljanje verskih du\u017enosti:<\/strong> Pacijent ima pravo da, u okviru mogu\u0107nosti zdravstvene ustanove, obavlja svoje verske obaveze.<br \/><strong>Pravo na po\u0161tovanje ljudskih vrednosti i dostojanstva:<\/strong> Pacijent ima pravo da prima zdravstvene usluge u atmosferi po\u0161tovanja, ljubaznosti i higijenskih uslova.<br \/><strong>Pravo na posete i prisustvo pratilaca:<\/strong> Pacijent ima pravo da prima posete i, u skladu sa procenom lekara i mogu\u0107nostima ustanove, ima pratioca.<br \/><strong>Pravo na prigovor i tu\u017ebu:<\/strong> Pacijent ima pravo da, u slu\u010daju kr\u0161enja prava, podnese prigovor, \u017ealbu ili pokrene sudski postupak.<br \/>Va\u0161e obaveze<\/p><p>U poslednje vreme, pored prava pacijenata, pojavio se i koncept \u201eOdgovornosti pacijenata\u201c. To su du\u017enosti i obaveze pacijenata pre i nakon prijema u zdravstvenu ustanovu.<\/p><p><strong>Op\u0161te obaveze:<\/strong><br \/>Pacijenti treba da vode ra\u010duna o svom zdravlju i pridr\u017eavaju se saveta za zdrav na\u010din \u017eivota. Ako je mogu\u0107e, pacijenti treba da daju krv ili doniraju organe. U jednostavnim situacijama treba da brinu o sebi.<br \/>Socijalna sigurnost:<br \/>Pacijent je du\u017ean da blagovremeno prijavi promene u zdravstvenom, socijalnom i li\u010dnom statusu. Tako\u0111e, zdravstvene dokumente treba pravovremeno overavati.<br \/><strong>Informisanje zdravstvenih radnika:<\/strong><br \/>Pacijent je du\u017ean da ta\u010dno i potpuno obavesti zdravstvene radnike o svojim tegobama, prethodnim bolestima, eventualnim hospitalizacijama i svim lekovima koje koristi.<br \/>Po\u0161tovanje pravila bolnice:<br \/>Pacijent je du\u017ean da se pridr\u017eava pravila zdravstvene ustanove i sara\u0111uje sa zdravstvenim osobljem tokom le\u010denja. Tako\u0111e, pacijent treba da po\u0161tuje prava ostalih pacijenata i osoblja.<br \/><strong>Pridr\u017eavanje terapijskih preporuka:<\/strong><br \/>Pacijent je du\u017ean da pa\u017eljivo prati preporuke lekara i obavesti zdravstvene radnike ako ne mo\u017ee da ih ispo\u0161tuje. Pacijent snosi odgovornost za posledice u slu\u010daju odbijanja ili nepridr\u017eavanja terapije.<\/p>\t\t\t\t\t\t\t\t<\/div>\n\t\t\t\t<\/div>\n\t\t\t\t\t<\/div>\n\t\t<\/div>\n\t\t\t\t\t<\/div>\n\t\t<\/section>\n\t\t\t\t<\/div>\n\t\t","protected":false},"excerpt":{"rendered":"<p>Va\u0161a prava (Uredba o pravima pacijenata, Slu\u017ebeni glasnik RS, 01.08.1998\/23420) \u010covek, samo zbog \u010dinjenice \u0161to je \u010dovek, dolazi na svet sa odre\u0111enim pravima. Koncept prava je univerzalan. Ukratko, pravo se mo\u017ee definisati kao \u201eovla\u0161\u0107enje koje pravo daje pojedincima\u201c. Ljudska prava su prvi put priznata 1215. godine u Engleskoj. Slu\u017ebeno su priznata krajem 18. veka Deklaracijom [&hellip;]<\/p>\n","protected":false},"author":13,"featured_media":0,"parent":0,"menu_order":0,"comment_status":"closed","ping_status":"closed","template":"","meta":{"footnotes":""},"class_list":["post-21947","page","type-page","status-publish","hentry"],"yoast_head":"<!-- This site is optimized with the Yoast SEO plugin v22.5 - https:\/\/yoast.com\/wordpress\/plugins\/seo\/ -->\n<title>Prava i Odgovornosti Pacijenata - Neolife T\u0131p Merkezi<\/title>\n<meta name=\"robots\" content=\"index, follow, max-snippet:-1, max-image-preview:large, max-video-preview:-1\" \/>\n<link rel=\"canonical\" href=\"https:\/\/www.neolife.com.tr\/sr\/prava-i-odgovornosti-pacijenata\/\" \/>\n<meta name=\"twitter:label1\" content=\"\u041f\u0440\u043e\u0446\u0435\u045a\u0435\u043d\u043e \u0432\u0440\u0435\u043c\u0435 \u0447\u0438\u0442\u0430\u045a\u0430\" \/>\n\t<meta name=\"twitter:data1\" content=\"4 \u043c\u0438\u043d\u0443\u0442\u0430\" \/>\n<script type=\"application\/ld+json\" class=\"yoast-schema-graph\">{\"@context\":\"https:\/\/schema.org\",\"@graph\":[{\"@type\":\"WebPage\",\"@id\":\"https:\/\/www.neolife.com.tr\/sr\/prava-i-odgovornosti-pacijenata\/\",\"url\":\"https:\/\/www.neolife.com.tr\/sr\/prava-i-odgovornosti-pacijenata\/\",\"name\":\"Prava i Odgovornosti Pacijenata - Neolife T\u0131p Merkezi\",\"isPartOf\":{\"@id\":\"https:\/\/www.neolife.com.tr\/#website\"},\"datePublished\":\"2024-11-18T14:46:12+00:00\",\"dateModified\":\"2025-09-17T11:34:20+00:00\",\"breadcrumb\":{\"@id\":\"https:\/\/www.neolife.com.tr\/sr\/prava-i-odgovornosti-pacijenata\/#breadcrumb\"},\"inLanguage\":\"sr-RS\",\"potentialAction\":[{\"@type\":\"ReadAction\",\"target\":[\"https:\/\/www.neolife.com.tr\/sr\/prava-i-odgovornosti-pacijenata\/\"]}]},{\"@type\":\"BreadcrumbList\",\"@id\":\"https:\/\/www.neolife.com.tr\/sr\/prava-i-odgovornosti-pacijenata\/#breadcrumb\",\"itemListElement\":[{\"@type\":\"ListItem\",\"position\":1,\"name\":\"Ana Sayfa\",\"item\":\"https:\/\/www.neolife.com.tr\/sr\/\"},{\"@type\":\"ListItem\",\"position\":2,\"name\":\"Prava i Odgovornosti Pacijenata\"}]},{\"@type\":\"WebSite\",\"@id\":\"https:\/\/www.neolife.com.tr\/#website\",\"url\":\"https:\/\/www.neolife.com.tr\/\",\"name\":\"Neolife T\u0131p Merkezi\",\"description\":\"T\u00fcrkiye&#039;de kanser tedavisi - kanser te\u015fhisi ve tedavisi\",\"publisher\":{\"@id\":\"https:\/\/www.neolife.com.tr\/#organization\"},\"potentialAction\":[{\"@type\":\"SearchAction\",\"target\":{\"@type\":\"EntryPoint\",\"urlTemplate\":\"https:\/\/www.neolife.com.tr\/?s={search_term_string}\"},\"query-input\":\"required name=search_term_string\"}],\"inLanguage\":\"sr-RS\"},{\"@type\":\"Organization\",\"@id\":\"https:\/\/www.neolife.com.tr\/#organization\",\"name\":\"Neolife T\u0131p Merkezi\",\"url\":\"https:\/\/www.neolife.com.tr\/\",\"logo\":{\"@type\":\"ImageObject\",\"inLanguage\":\"sr-RS\",\"@id\":\"https:\/\/www.neolife.com.tr\/#\/schema\/logo\/image\/\",\"url\":\"https:\/\/www.neolife.com.tr\/wp-content\/uploads\/2021\/06\/Neolife-Logo.png\",\"contentUrl\":\"https:\/\/www.neolife.com.tr\/wp-content\/uploads\/2021\/06\/Neolife-Logo.png\",\"width\":348,\"height\":92,\"caption\":\"Neolife T\u0131p Merkezi\"},\"image\":{\"@id\":\"https:\/\/www.neolife.com.tr\/#\/schema\/logo\/image\/\"},\"sameAs\":[\"https:\/\/www.facebook.com\/NeoLifeIstanbul\/\",\"https:\/\/x.com\/NeoLifeIstanbul\",\"https:\/\/www.linkedin.com\/company\/neolife-oncology-center\/?originalSubdomain=tr\"]}]}<\/script>\n<!-- \/ Yoast SEO plugin. -->","yoast_head_json":{"title":"Prava i Odgovornosti Pacijenata - Neolife T\u0131p Merkezi","robots":{"index":"index","follow":"follow","max-snippet":"max-snippet:-1","max-image-preview":"max-image-preview:large","max-video-preview":"max-video-preview:-1"},"canonical":"https:\/\/www.neolife.com.tr\/sr\/prava-i-odgovornosti-pacijenata\/","twitter_misc":{"\u041f\u0440\u043e\u0446\u0435\u045a\u0435\u043d\u043e \u0432\u0440\u0435\u043c\u0435 \u0447\u0438\u0442\u0430\u045a\u0430":"4 \u043c\u0438\u043d\u0443\u0442\u0430"},"schema":{"@context":"https:\/\/schema.org","@graph":[{"@type":"WebPage","@id":"https:\/\/www.neolife.com.tr\/sr\/prava-i-odgovornosti-pacijenata\/","url":"https:\/\/www.neolife.com.tr\/sr\/prava-i-odgovornosti-pacijenata\/","name":"Prava i Odgovornosti Pacijenata - Neolife T\u0131p Merkezi","isPartOf":{"@id":"https:\/\/www.neolife.com.tr\/#website"},"datePublished":"2024-11-18T14:46:12+00:00","dateModified":"2025-09-17T11:34:20+00:00","breadcrumb":{"@id":"https:\/\/www.neolife.com.tr\/sr\/prava-i-odgovornosti-pacijenata\/#breadcrumb"},"inLanguage":"sr-RS","potentialAction":[{"@type":"ReadAction","target":["https:\/\/www.neolife.com.tr\/sr\/prava-i-odgovornosti-pacijenata\/"]}]},{"@type":"BreadcrumbList","@id":"https:\/\/www.neolife.com.tr\/sr\/prava-i-odgovornosti-pacijenata\/#breadcrumb","itemListElement":[{"@type":"ListItem","position":1,"name":"Ana Sayfa","item":"https:\/\/www.neolife.com.tr\/sr\/"},{"@type":"ListItem","position":2,"name":"Prava i Odgovornosti Pacijenata"}]},{"@type":"WebSite","@id":"https:\/\/www.neolife.com.tr\/#website","url":"https:\/\/www.neolife.com.tr\/","name":"Neolife T\u0131p Merkezi","description":"T\u00fcrkiye&#039;de kanser tedavisi - kanser te\u015fhisi ve tedavisi","publisher":{"@id":"https:\/\/www.neolife.com.tr\/#organization"},"potentialAction":[{"@type":"SearchAction","target":{"@type":"EntryPoint","urlTemplate":"https:\/\/www.neolife.com.tr\/?s={search_term_string}"},"query-input":"required name=search_term_string"}],"inLanguage":"sr-RS"},{"@type":"Organization","@id":"https:\/\/www.neolife.com.tr\/#organization","name":"Neolife T\u0131p Merkezi","url":"https:\/\/www.neolife.com.tr\/","logo":{"@type":"ImageObject","inLanguage":"sr-RS","@id":"https:\/\/www.neolife.com.tr\/#\/schema\/logo\/image\/","url":"https:\/\/www.neolife.com.tr\/wp-content\/uploads\/2021\/06\/Neolife-Logo.png","contentUrl":"https:\/\/www.neolife.com.tr\/wp-content\/uploads\/2021\/06\/Neolife-Logo.png","width":348,"height":92,"caption":"Neolife T\u0131p Merkezi"},"image":{"@id":"https:\/\/www.neolife.com.tr\/#\/schema\/logo\/image\/"},"sameAs":["https:\/\/www.facebook.com\/NeoLifeIstanbul\/","https:\/\/x.com\/NeoLifeIstanbul","https:\/\/www.linkedin.com\/company\/neolife-oncology-center\/?originalSubdomain=tr"]}]}},"_links":{"self":[{"href":"https:\/\/www.neolife.com.tr\/sr\/wp-json\/wp\/v2\/pages\/21947","targetHints":{"allow":["GET"]}}],"collection":[{"href":"https:\/\/www.neolife.com.tr\/sr\/wp-json\/wp\/v2\/pages"}],"about":[{"href":"https:\/\/www.neolife.com.tr\/sr\/wp-json\/wp\/v2\/types\/page"}],"author":[{"embeddable":true,"href":"https:\/\/www.neolife.com.tr\/sr\/wp-json\/wp\/v2\/users\/13"}],"replies":[{"embeddable":true,"href":"https:\/\/www.neolife.com.tr\/sr\/wp-json\/wp\/v2\/comments?post=21947"}],"version-history":[{"count":9,"href":"https:\/\/www.neolife.com.tr\/sr\/wp-json\/wp\/v2\/pages\/21947\/revisions"}],"predecessor-version":[{"id":29047,"href":"https:\/\/www.neolife.com.tr\/sr\/wp-json\/wp\/v2\/pages\/21947\/revisions\/29047"}],"wp:attachment":[{"href":"https:\/\/www.neolife.com.tr\/sr\/wp-json\/wp\/v2\/media?parent=21947"}],"curies":[{"name":"wp","href":"https:\/\/api.w.org\/{rel}","templated":true}]}}