{"id":21758,"date":"2024-10-11T14:32:14","date_gmt":"2024-10-11T11:32:14","guid":{"rendered":"https:\/\/www.neolife.com.tr\/?page_id=21758"},"modified":"2025-09-17T13:41:28","modified_gmt":"2025-09-17T10:41:28","slug":"ljudski-resursi","status":"publish","type":"page","link":"https:\/\/www.neolife.com.tr\/sr\/ljudski-resursi\/","title":{"rendered":"Ljudski Resursi"},"content":{"rendered":"\t\t<div data-elementor-type=\"wp-page\" data-elementor-id=\"21758\" class=\"elementor elementor-21758\" data-elementor-post-type=\"page\">\n\t\t\t\t\t\t<section class=\"elementor-section elementor-top-section elementor-element elementor-element-13dbeb4 elementor-section-boxed elementor-section-height-default elementor-section-height-default\" data-id=\"13dbeb4\" data-element_type=\"section\">\n\t\t\t\t\t\t<div class=\"elementor-container elementor-column-gap-default\">\n\t\t\t\t\t<div class=\"elementor-column elementor-col-100 elementor-top-column elementor-element elementor-element-04c5f9b\" data-id=\"04c5f9b\" data-element_type=\"column\">\n\t\t\t<div class=\"elementor-widget-wrap elementor-element-populated\">\n\t\t\t\t\t\t<section class=\"elementor-section elementor-inner-section elementor-element elementor-element-8b31830 elementor-section-boxed elementor-section-height-default elementor-section-height-default\" data-id=\"8b31830\" data-element_type=\"section\" data-settings=\"{&quot;background_background&quot;:&quot;classic&quot;}\">\n\t\t\t\t\t\t<div class=\"elementor-container elementor-column-gap-default\">\n\t\t\t\t\t<div class=\"elementor-column elementor-col-100 elementor-inner-column elementor-element elementor-element-19bed4c\" data-id=\"19bed4c\" data-element_type=\"column\">\n\t\t\t<div class=\"elementor-widget-wrap elementor-element-populated\">\n\t\t\t\t\t\t<div class=\"elementor-element elementor-element-8061e02 elementor-widget elementor-widget-heading\" data-id=\"8061e02\" data-element_type=\"widget\" data-widget_type=\"heading.default\">\n\t\t\t\t<div class=\"elementor-widget-container\">\n\t\t\t\t\t<h2 class=\"elementor-heading-title elementor-size-default\">\u0130nsan Kaynaklar\u0131 Politikam\u0131z<\/h2>\t\t\t\t<\/div>\n\t\t\t\t<\/div>\n\t\t\t\t<div class=\"elementor-element elementor-element-04d9f13 elementor-widget elementor-widget-text-editor\" data-id=\"04d9f13\" data-element_type=\"widget\" data-widget_type=\"text-editor.default\">\n\t\t\t\t<div class=\"elementor-widget-container\">\n\t\t\t\t\t\t\t\t\t<p>\u0130nsan Kaynaklar\u0131 olarak; hizmet verdi\u011fimiz kanser tan\u0131 ve tedavisinde, yetkin insan g\u00fcc\u00fcm\u00fcz\u00fc kal\u0131c\u0131 \u00fcst\u00fcnl\u00fc\u011f\u00fcm\u00fcz haline getirmeyi ama\u00e7l\u0131yoruz. Bu ama\u00e7 do\u011frultusunda;<\/p><ul><li>Misyon, vizyon ve de\u011ferlerimizde belirtilen hedeflere ula\u015fmak i\u00e7in kalite odakl\u0131, enerjik ve yenilik\u00e7i ekiplerle \u00e7al\u0131\u015fmay\u0131,<\/li><li>\u00c7al\u0131\u015fanlar\u0131m\u0131za; istihdam edilmelerinde ve kendilerini geli\u015ftirmelerinde adil ve e\u015fit imk\u00e2nlar sa\u011flamay\u0131,<\/li><li>\u00c7al\u0131\u015fanlar\u0131m\u0131z\u0131n potansiyellerini en \u00fcst d\u00fczeyde g\u00f6sterebilmelerine uygun \u00e7al\u0131\u015fma ortamlar\u0131 yaratmay\u0131,<\/li><li>Ba\u015far\u0131l\u0131 \u00e7al\u0131\u015fanlar\u0131m\u0131z\u0131 \u00f6d\u00fcllendirmeyi ve geli\u015fimlerini desteklemeyi,<\/li><li>\u00c7al\u0131\u015fanlar\u0131m\u0131z\u0131n ki\u015filiklerine sayg\u0131 g\u00f6stermeyi, haklar\u0131n\u0131 korumay\u0131 ve g\u00f6zetmeyi,<\/li><li>Hasta memnuniyetini \u00f6n plana \u00e7\u0131karan kalite ve m\u00fc\u015fteri odakl\u0131 ekipler olu\u015fturmak,<\/li><li>Her zaman \u00e7al\u0131\u015fanlar\u0131n tercih etti\u011fi bir kurum olmay\u0131 esas al\u0131r\u0131z.<\/li><\/ul><p>A\u00e7\u0131k pozisyonlar\u0131m\u0131z\u0131 <span style=\"color: #333399;\"><strong><a style=\"color: #333399;\" href=\"https:\/\/www.kariyer.net\/is-ilanlari?fpi=223140\" target=\"_blank\" rel=\"noopener\">www.kariyer.net<\/a><\/strong> <\/span>\u00fczerinden takip edebilir, genel ba\u015fvuru yapmak i\u00e7in a\u015fa\u011f\u0131daki formu doldurabilirsiniz.<\/p><p><span style=\"color: #333399;\"><strong><a style=\"color: #333399;\" href=\"https:\/\/www.neolife.com.tr\/wp-content\/uploads\/2024\/06\/IS-BASVURU-FORMU-CV.pdf\">\u0130\u015f Ba\u015fvuru formu i\u00e7in l\u00fctfen linke t\u0131klay\u0131n\u0131z.<\/a> <\/strong><\/span>\u0130ndirilen formu doldurduktan sonra a\u015fa\u011f\u0131daki &#8222;CV Y\u00fckle&#8220; alan\u0131na doldurdu\u011funuz CV&#8217;nizi y\u00fckleyebilirsiniz.<\/p>\t\t\t\t\t\t\t\t<\/div>\n\t\t\t\t<\/div>\n\t\t\t\t\t<\/div>\n\t\t<\/div>\n\t\t\t\t\t<\/div>\n\t\t<\/section>\n\t\t\t\t\t<\/div>\n\t\t<\/div>\n\t\t\t\t\t<\/div>\n\t\t<\/section>\n\t\t\t\t<\/div>\n\t\t","protected":false},"excerpt":{"rendered":"<p>\u0130nsan Kaynaklar\u0131 Politikam\u0131z \u0130nsan Kaynaklar\u0131 olarak; hizmet verdi\u011fimiz kanser tan\u0131 ve tedavisinde, yetkin insan g\u00fcc\u00fcm\u00fcz\u00fc kal\u0131c\u0131 \u00fcst\u00fcnl\u00fc\u011f\u00fcm\u00fcz haline getirmeyi ama\u00e7l\u0131yoruz. Bu ama\u00e7 do\u011frultusunda; Misyon, vizyon ve de\u011ferlerimizde belirtilen hedeflere ula\u015fmak i\u00e7in kalite odakl\u0131, enerjik ve yenilik\u00e7i ekiplerle \u00e7al\u0131\u015fmay\u0131, \u00c7al\u0131\u015fanlar\u0131m\u0131za; istihdam edilmelerinde ve kendilerini geli\u015ftirmelerinde adil ve e\u015fit imk\u00e2nlar sa\u011flamay\u0131, \u00c7al\u0131\u015fanlar\u0131m\u0131z\u0131n potansiyellerini en \u00fcst d\u00fczeyde g\u00f6sterebilmelerine [&hellip;]<\/p>\n","protected":false},"author":13,"featured_media":0,"parent":0,"menu_order":0,"comment_status":"closed","ping_status":"closed","template":"elementor_header_footer","meta":{"footnotes":""},"class_list":["post-21758","page","type-page","status-publish","hentry"],"yoast_head":"<!-- This site is optimized with the Yoast SEO plugin v22.5 - https:\/\/yoast.com\/wordpress\/plugins\/seo\/ -->\n<title>Ljudski Resursi - Neolife T\u0131p Merkezi<\/title>\n<meta name=\"robots\" content=\"index, follow, max-snippet:-1, max-image-preview:large, max-video-preview:-1\" \/>\n<link rel=\"canonical\" href=\"https:\/\/www.neolife.com.tr\/sr\/ljudski-resursi\/\" \/>\n<meta name=\"twitter:label1\" content=\"\u041f\u0440\u043e\u0446\u0435\u045a\u0435\u043d\u043e \u0432\u0440\u0435\u043c\u0435 \u0447\u0438\u0442\u0430\u045a\u0430\" \/>\n\t<meta name=\"twitter:data1\" content=\"1 \u043c\u0438\u043d\u0443\u0442\" \/>\n<script type=\"application\/ld+json\" class=\"yoast-schema-graph\">{\"@context\":\"https:\/\/schema.org\",\"@graph\":[{\"@type\":\"WebPage\",\"@id\":\"https:\/\/www.neolife.com.tr\/sr\/ljudski-resursi\/\",\"url\":\"https:\/\/www.neolife.com.tr\/sr\/ljudski-resursi\/\",\"name\":\"Ljudski Resursi - Neolife T\u0131p Merkezi\",\"isPartOf\":{\"@id\":\"https:\/\/www.neolife.com.tr\/#website\"},\"datePublished\":\"2024-10-11T11:32:14+00:00\",\"dateModified\":\"2025-09-17T10:41:28+00:00\",\"breadcrumb\":{\"@id\":\"https:\/\/www.neolife.com.tr\/sr\/ljudski-resursi\/#breadcrumb\"},\"inLanguage\":\"sr-RS\",\"potentialAction\":[{\"@type\":\"ReadAction\",\"target\":[\"https:\/\/www.neolife.com.tr\/sr\/ljudski-resursi\/\"]}]},{\"@type\":\"BreadcrumbList\",\"@id\":\"https:\/\/www.neolife.com.tr\/sr\/ljudski-resursi\/#breadcrumb\",\"itemListElement\":[{\"@type\":\"ListItem\",\"position\":1,\"name\":\"Ana Sayfa\",\"item\":\"https:\/\/www.neolife.com.tr\/sr\/\"},{\"@type\":\"ListItem\",\"position\":2,\"name\":\"Ljudski Resursi\"}]},{\"@type\":\"WebSite\",\"@id\":\"https:\/\/www.neolife.com.tr\/#website\",\"url\":\"https:\/\/www.neolife.com.tr\/\",\"name\":\"Neolife T\u0131p Merkezi\",\"description\":\"T\u00fcrkiye&#039;de kanser tedavisi - kanser te\u015fhisi ve tedavisi\",\"publisher\":{\"@id\":\"https:\/\/www.neolife.com.tr\/#organization\"},\"potentialAction\":[{\"@type\":\"SearchAction\",\"target\":{\"@type\":\"EntryPoint\",\"urlTemplate\":\"https:\/\/www.neolife.com.tr\/?s={search_term_string}\"},\"query-input\":\"required name=search_term_string\"}],\"inLanguage\":\"sr-RS\"},{\"@type\":\"Organization\",\"@id\":\"https:\/\/www.neolife.com.tr\/#organization\",\"name\":\"Neolife T\u0131p Merkezi\",\"url\":\"https:\/\/www.neolife.com.tr\/\",\"logo\":{\"@type\":\"ImageObject\",\"inLanguage\":\"sr-RS\",\"@id\":\"https:\/\/www.neolife.com.tr\/#\/schema\/logo\/image\/\",\"url\":\"https:\/\/www.neolife.com.tr\/wp-content\/uploads\/2021\/06\/Neolife-Logo.png\",\"contentUrl\":\"https:\/\/www.neolife.com.tr\/wp-content\/uploads\/2021\/06\/Neolife-Logo.png\",\"width\":348,\"height\":92,\"caption\":\"Neolife T\u0131p Merkezi\"},\"image\":{\"@id\":\"https:\/\/www.neolife.com.tr\/#\/schema\/logo\/image\/\"},\"sameAs\":[\"https:\/\/www.facebook.com\/NeoLifeIstanbul\/\",\"https:\/\/x.com\/NeoLifeIstanbul\",\"https:\/\/www.linkedin.com\/company\/neolife-oncology-center\/?originalSubdomain=tr\"]}]}<\/script>\n<!-- \/ Yoast SEO plugin. -->","yoast_head_json":{"title":"Ljudski Resursi - Neolife T\u0131p Merkezi","robots":{"index":"index","follow":"follow","max-snippet":"max-snippet:-1","max-image-preview":"max-image-preview:large","max-video-preview":"max-video-preview:-1"},"canonical":"https:\/\/www.neolife.com.tr\/sr\/ljudski-resursi\/","twitter_misc":{"\u041f\u0440\u043e\u0446\u0435\u045a\u0435\u043d\u043e \u0432\u0440\u0435\u043c\u0435 \u0447\u0438\u0442\u0430\u045a\u0430":"1 \u043c\u0438\u043d\u0443\u0442"},"schema":{"@context":"https:\/\/schema.org","@graph":[{"@type":"WebPage","@id":"https:\/\/www.neolife.com.tr\/sr\/ljudski-resursi\/","url":"https:\/\/www.neolife.com.tr\/sr\/ljudski-resursi\/","name":"Ljudski Resursi - Neolife T\u0131p Merkezi","isPartOf":{"@id":"https:\/\/www.neolife.com.tr\/#website"},"datePublished":"2024-10-11T11:32:14+00:00","dateModified":"2025-09-17T10:41:28+00:00","breadcrumb":{"@id":"https:\/\/www.neolife.com.tr\/sr\/ljudski-resursi\/#breadcrumb"},"inLanguage":"sr-RS","potentialAction":[{"@type":"ReadAction","target":["https:\/\/www.neolife.com.tr\/sr\/ljudski-resursi\/"]}]},{"@type":"BreadcrumbList","@id":"https:\/\/www.neolife.com.tr\/sr\/ljudski-resursi\/#breadcrumb","itemListElement":[{"@type":"ListItem","position":1,"name":"Ana Sayfa","item":"https:\/\/www.neolife.com.tr\/sr\/"},{"@type":"ListItem","position":2,"name":"Ljudski Resursi"}]},{"@type":"WebSite","@id":"https:\/\/www.neolife.com.tr\/#website","url":"https:\/\/www.neolife.com.tr\/","name":"Neolife T\u0131p Merkezi","description":"T\u00fcrkiye&#039;de kanser tedavisi - kanser te\u015fhisi ve tedavisi","publisher":{"@id":"https:\/\/www.neolife.com.tr\/#organization"},"potentialAction":[{"@type":"SearchAction","target":{"@type":"EntryPoint","urlTemplate":"https:\/\/www.neolife.com.tr\/?s={search_term_string}"},"query-input":"required name=search_term_string"}],"inLanguage":"sr-RS"},{"@type":"Organization","@id":"https:\/\/www.neolife.com.tr\/#organization","name":"Neolife T\u0131p Merkezi","url":"https:\/\/www.neolife.com.tr\/","logo":{"@type":"ImageObject","inLanguage":"sr-RS","@id":"https:\/\/www.neolife.com.tr\/#\/schema\/logo\/image\/","url":"https:\/\/www.neolife.com.tr\/wp-content\/uploads\/2021\/06\/Neolife-Logo.png","contentUrl":"https:\/\/www.neolife.com.tr\/wp-content\/uploads\/2021\/06\/Neolife-Logo.png","width":348,"height":92,"caption":"Neolife T\u0131p Merkezi"},"image":{"@id":"https:\/\/www.neolife.com.tr\/#\/schema\/logo\/image\/"},"sameAs":["https:\/\/www.facebook.com\/NeoLifeIstanbul\/","https:\/\/x.com\/NeoLifeIstanbul","https:\/\/www.linkedin.com\/company\/neolife-oncology-center\/?originalSubdomain=tr"]}]}},"_links":{"self":[{"href":"https:\/\/www.neolife.com.tr\/sr\/wp-json\/wp\/v2\/pages\/21758","targetHints":{"allow":["GET"]}}],"collection":[{"href":"https:\/\/www.neolife.com.tr\/sr\/wp-json\/wp\/v2\/pages"}],"about":[{"href":"https:\/\/www.neolife.com.tr\/sr\/wp-json\/wp\/v2\/types\/page"}],"author":[{"embeddable":true,"href":"https:\/\/www.neolife.com.tr\/sr\/wp-json\/wp\/v2\/users\/13"}],"replies":[{"embeddable":true,"href":"https:\/\/www.neolife.com.tr\/sr\/wp-json\/wp\/v2\/comments?post=21758"}],"version-history":[{"count":5,"href":"https:\/\/www.neolife.com.tr\/sr\/wp-json\/wp\/v2\/pages\/21758\/revisions"}],"predecessor-version":[{"id":28887,"href":"https:\/\/www.neolife.com.tr\/sr\/wp-json\/wp\/v2\/pages\/21758\/revisions\/28887"}],"wp:attachment":[{"href":"https:\/\/www.neolife.com.tr\/sr\/wp-json\/wp\/v2\/media?parent=21758"}],"curies":[{"name":"wp","href":"https:\/\/api.w.org\/{rel}","templated":true}]}}