{"id":26733,"date":"2025-07-09T17:47:41","date_gmt":"2025-07-09T14:47:41","guid":{"rendered":"https:\/\/www.neolife.com.tr\/?page_id=26733"},"modified":"2025-07-09T17:50:06","modified_gmt":"2025-07-09T14:50:06","slug":"%d1%83%d0%b7%d0%bc-%d0%b4%d0%be%d0%ba%d1%82%d0%be%d1%80-%d1%8e%d1%81%d1%83%d1%84-%d0%b7%d0%b8%d1%8f-%d0%b1%d0%b5%d0%bd%d0%b5%d0%ba","status":"publish","type":"page","link":"https:\/\/www.neolife.com.tr\/ru\/%d1%83%d0%b7%d0%bc-%d0%b4%d0%be%d0%ba%d1%82%d0%be%d1%80-%d1%8e%d1%81%d1%83%d1%84-%d0%b7%d0%b8%d1%8f-%d0%b1%d0%b5%d0%bd%d0%b5%d0%ba\/","title":{"rendered":"\u0423\u0437\u043c. \u0414\u043e\u043a\u0442\u043e\u0440 \u042e\u0441\u0443\u0444 \u0417\u0438\u044f \u0411\u0435\u043d\u0435\u043a"},"content":{"rendered":"\t\t<div data-elementor-type=\"wp-page\" data-elementor-id=\"26733\" class=\"elementor elementor-26733\" data-elementor-post-type=\"page\">\n\t\t\t\t\t\t<section class=\"elementor-section elementor-top-section elementor-element elementor-element-2a40d61 elementor-section-boxed elementor-section-height-default elementor-section-height-default\" data-id=\"2a40d61\" data-element_type=\"section\">\n\t\t\t\t\t\t<div class=\"elementor-container elementor-column-gap-default\">\n\t\t\t\t\t<div class=\"elementor-column elementor-col-50 elementor-top-column elementor-element elementor-element-5f3c786\" data-id=\"5f3c786\" data-element_type=\"column\">\n\t\t\t<div class=\"elementor-widget-wrap elementor-element-populated\">\n\t\t\t\t\t\t<section class=\"elementor-section elementor-inner-section elementor-element elementor-element-e04d392 elementor-section-boxed elementor-section-height-default elementor-section-height-default\" data-id=\"e04d392\" data-element_type=\"section\">\n\t\t\t\t\t\t<div class=\"elementor-container elementor-column-gap-default\">\n\t\t\t\t\t<div class=\"elementor-column elementor-col-50 elementor-inner-column elementor-element elementor-element-f7a9149\" data-id=\"f7a9149\" data-element_type=\"column\">\n\t\t\t<div class=\"elementor-widget-wrap elementor-element-populated\">\n\t\t\t\t\t\t<div class=\"elementor-element elementor-element-37b83e4 elementor-widget elementor-widget-image\" data-id=\"37b83e4\" data-element_type=\"widget\" data-widget_type=\"image.default\">\n\t\t\t\t<div class=\"elementor-widget-container\">\n\t\t\t\t\t\t\t\t\t\t\t\t\t\t\t<img fetchpriority=\"high\" decoding=\"async\" width=\"1024\" height=\"1024\" src=\"https:\/\/www.neolife.com.tr\/wp-content\/uploads\/2024\/09\/Yusuf-Ziya-Benek-256x256-min-1024x1024.jpg\" class=\"attachment-large size-large wp-image-21501\" alt=\"Yusuf Ziya Benek Radyoloji Uzman\u0131 Yusuf Ziya Benek radiology specialist\" srcset=\"https:\/\/www.neolife.com.tr\/wp-content\/uploads\/2024\/09\/Yusuf-Ziya-Benek-256x256-min-1024x1024.jpg 1024w, https:\/\/www.neolife.com.tr\/wp-content\/uploads\/2024\/09\/Yusuf-Ziya-Benek-256x256-min-300x300.jpg 300w, https:\/\/www.neolife.com.tr\/wp-content\/uploads\/2024\/09\/Yusuf-Ziya-Benek-256x256-min-150x150.jpg 150w, https:\/\/www.neolife.com.tr\/wp-content\/uploads\/2024\/09\/Yusuf-Ziya-Benek-256x256-min-768x768.jpg 768w, https:\/\/www.neolife.com.tr\/wp-content\/uploads\/2024\/09\/Yusuf-Ziya-Benek-256x256-min.jpg 1067w\" sizes=\"(max-width: 1024px) 100vw, 1024px\" \/>\t\t\t\t\t\t\t\t\t\t\t\t\t\t\t<\/div>\n\t\t\t\t<\/div>\n\t\t\t\t<div class=\"elementor-element elementor-element-f6f56a6 elementor-widget elementor-widget-heading\" data-id=\"f6f56a6\" data-element_type=\"widget\" data-widget_type=\"heading.default\">\n\t\t\t\t<div class=\"elementor-widget-container\">\n\t\t\t\t\t<h2 class=\"elementor-heading-title elementor-size-default\">\u0421\u043f\u0435\u0446\u0438\u0430\u043b\u0438\u0441\u0442 \u043f\u043e \u0440\u0430\u0434\u0438\u043e\u043b\u043e\u0433\u0438\u0438<\/h2>\t\t\t\t<\/div>\n\t\t\t\t<\/div>\n\t\t\t\t\t<\/div>\n\t\t<\/div>\n\t\t\t\t<div class=\"elementor-column elementor-col-50 elementor-inner-column elementor-element elementor-element-b0d88ce\" data-id=\"b0d88ce\" data-element_type=\"column\">\n\t\t\t<div class=\"elementor-widget-wrap elementor-element-populated\">\n\t\t\t\t\t\t<div class=\"elementor-element elementor-element-a28621c elementor-widget elementor-widget-heading\" data-id=\"a28621c\" data-element_type=\"widget\" data-widget_type=\"heading.default\">\n\t\t\t\t<div class=\"elementor-widget-container\">\n\t\t\t\t\t<h2 class=\"elementor-heading-title elementor-size-default\">\u0423\u0437\u043c. \u0414\u043e\u043a\u0442\u043e\u0440 \u042e\u0441\u0443\u0444 \u0417\u0438\u044f \u0411\u0435\u043d\u0435\u043a<\/h2>\t\t\t\t<\/div>\n\t\t\t\t<\/div>\n\t\t\t\t\t<\/div>\n\t\t<\/div>\n\t\t\t\t\t<\/div>\n\t\t<\/section>\n\t\t\t\t<div class=\"elementor-element elementor-element-bde6b75 elementor-widget-divider--view-line elementor-widget elementor-widget-divider\" data-id=\"bde6b75\" data-element_type=\"widget\" data-widget_type=\"divider.default\">\n\t\t\t\t<div class=\"elementor-widget-container\">\n\t\t\t\t\t\t\t<div class=\"elementor-divider\">\n\t\t\t<span class=\"elementor-divider-separator\">\n\t\t\t\t\t\t<\/span>\n\t\t<\/div>\n\t\t\t\t\t\t<\/div>\n\t\t\t\t<\/div>\n\t\t\t\t<div class=\"elementor-element elementor-element-4b89baa elementor-widget elementor-widget-heading\" data-id=\"4b89baa\" data-element_type=\"widget\" data-widget_type=\"heading.default\">\n\t\t\t\t<div class=\"elementor-widget-container\">\n\t\t\t\t\t<h2 class=\"elementor-heading-title elementor-size-default\">\u0421\u043f\u0435\u0446\u0438\u0430\u043b\u0438\u0437\u0430\u0446\u0438\u044f<\/h2>\t\t\t\t<\/div>\n\t\t\t\t<\/div>\n\t\t\t\t<div class=\"elementor-element elementor-element-237cc5a elementor-widget elementor-widget-text-editor\" data-id=\"237cc5a\" data-element_type=\"widget\" data-widget_type=\"text-editor.default\">\n\t\t\t\t<div class=\"elementor-widget-container\">\n\t\t\t\t\t\t\t\t\t<ul><li>\u0418\u043d\u0442\u0435\u0440\u0432\u0435\u043d\u0446\u0438\u043e\u043d\u043d\u0430\u044f \u0440\u0430\u0434\u0438\u043e\u043b\u043e\u0433\u0438\u044f<\/li><li>\u0429\u0438\u0442\u043e\u0432\u0438\u0434\u043d\u0430\u044f \u0436\u0435\u043b\u0435\u0437\u0430<\/li><li>\u041f\u0440\u043e\u0441\u0442\u0430\u0442\u0430<\/li><\/ul>\t\t\t\t\t\t\t\t<\/div>\n\t\t\t\t<\/div>\n\t\t\t\t<div class=\"elementor-element elementor-element-8edf697 elementor-widget elementor-widget-heading\" data-id=\"8edf697\" data-element_type=\"widget\" data-widget_type=\"heading.default\">\n\t\t\t\t<div class=\"elementor-widget-container\">\n\t\t\t\t\t<h2 class=\"elementor-heading-title elementor-size-default\">\u041e\u0431\u0440\u0430\u0437\u043e\u0432\u0430\u043d\u0438\u0435\n<\/h2>\t\t\t\t<\/div>\n\t\t\t\t<\/div>\n\t\t\t\t<div class=\"elementor-element elementor-element-71c65b2 elementor-widget elementor-widget-text-editor\" data-id=\"71c65b2\" data-element_type=\"widget\" data-widget_type=\"text-editor.default\">\n\t\t\t\t<div class=\"elementor-widget-container\">\n\t\t\t\t\t\t\t\t\t<div id=\"text_block-173-5342\" class=\"ct-text-block doktor-text\"><p><strong>1980\u20131986<\/strong><\/p><p>\u041c\u0435\u0434\u0438\u0446\u0438\u043d\u0441\u043a\u0438\u0439 \u0444\u0430\u043a\u0443\u043b\u044c\u0442\u0435\u0442 \u0423\u043d\u0438\u0432\u0435\u0440\u0441\u0438\u0442\u0435\u0442\u0430 \u0414\u0436\u0435\u0440\u0440\u0430\u0445\u043f\u0430\u0448\u0430<\/p><p><strong>1976\u20131980<\/strong><\/p><p>\u041c\u0443\u0436\u0441\u043a\u0430\u044f \u0433\u0438\u043c\u043d\u0430\u0437\u0438\u044f \u041a\u0430\u0431\u0430\u0442\u0430\u0448<\/p><\/div>\t\t\t\t\t\t\t\t<\/div>\n\t\t\t\t<\/div>\n\t\t\t\t<div class=\"elementor-element elementor-element-d7eb9f7 elementor-widget elementor-widget-heading\" data-id=\"d7eb9f7\" data-element_type=\"widget\" data-widget_type=\"heading.default\">\n\t\t\t\t<div class=\"elementor-widget-container\">\n\t\t\t\t\t<h2 class=\"elementor-heading-title elementor-size-default\">\u041e\u043f\u044b\u0442 \u0440\u0430\u0431\u043e\u0442\u044b<\/h2>\t\t\t\t<\/div>\n\t\t\t\t<\/div>\n\t\t\t\t<div class=\"elementor-element elementor-element-a3745ea elementor-widget elementor-widget-text-editor\" data-id=\"a3745ea\" data-element_type=\"widget\" data-widget_type=\"text-editor.default\">\n\t\t\t\t<div class=\"elementor-widget-container\">\n\t\t\t\t\t\t\t\t\t<div id=\"text_block-177-5342\" class=\"ct-text-block doktor-text\"><ul><li>\u0421\u0442\u0430\u043c\u0431\u0443\u043b\u0441\u043a\u0430\u044f \u0431\u043e\u043b\u044c\u043d\u0438\u0446\u0430 \u0443\u043d\u0438\u0432\u0435\u0440\u0441\u0438\u0442\u0435\u0442\u0430 \u0411\u0430\u0448\u043a\u0435\u043d\u0442<\/li><li>\u041e\u0431\u0440\u0430\u0437\u0446\u043e\u0432\u0430\u044f \u0443\u0447\u0435\u0431\u043d\u0430\u044f \u0438 \u0438\u0441\u0441\u043b\u0435\u0434\u043e\u0432\u0430\u0442\u0435\u043b\u044c\u0441\u043a\u0430\u044f \u0431\u043e\u043b\u044c\u043d\u0438\u0446\u0430 \u0425\u0430\u0439\u0434\u0430\u0440\u043f\u0430\u0448\u0430<\/li><\/ul><\/div>\t\t\t\t\t\t\t\t<\/div>\n\t\t\t\t<\/div>\n\t\t\t\t<div class=\"elementor-element elementor-element-9b7f37d elementor-widget elementor-widget-heading\" data-id=\"9b7f37d\" data-element_type=\"widget\" data-widget_type=\"heading.default\">\n\t\t\t\t<div class=\"elementor-widget-container\">\n\t\t\t\t\t<h2 class=\"elementor-heading-title elementor-size-default\">\u041f\u0440\u043e\u0444\u0435\u0441\u0441\u0438\u043e\u043d\u0430\u043b\u044c\u043d\u043e\u0435 \u043e\u0431\u0443\u0447\u0435\u043d\u0438\u0435<\/h2>\t\t\t\t<\/div>\n\t\t\t\t<\/div>\n\t\t\t\t<div class=\"elementor-element elementor-element-b650351 elementor-widget elementor-widget-text-editor\" data-id=\"b650351\" data-element_type=\"widget\" data-widget_type=\"text-editor.default\">\n\t\t\t\t<div class=\"elementor-widget-container\">\n\t\t\t\t\t\t\t\t\t<ul><li>\u0424\u0430\u043a\u0443\u043b\u044c\u0442\u0435\u0442 \u043c\u0435\u0434\u0438\u0446\u0438\u043d\u044b, \u0443\u043d\u0438\u0432\u0435\u0440\u0441\u0438\u0442\u0435\u0442 \u0414\u0436\u0435\u0440\u0440\u0430\u0445\u043f\u0430\u0448\u0430<\/li><li>\u041e\u0431\u0440\u0430\u0437\u0446\u043e\u0432\u0430\u044f \u0443\u0447\u0435\u0431\u043d\u0430\u044f \u0438 \u0438\u0441\u0441\u043b\u0435\u0434\u043e\u0432\u0430\u0442\u0435\u043b\u044c\u0441\u043a\u0430\u044f \u0431\u043e\u043b\u044c\u043d\u0438\u0446\u0430 \u0425\u0430\u0439\u0434\u0430\u0440\u043f\u0430\u0448\u0430 (\u0420\u0430\u0434\u0438\u043e\u043b\u043e\u0433)<\/li><li>\u0423\u043f\u0440\u0430\u0432\u043b\u0435\u043d\u0438\u0435 \u0437\u0434\u0440\u0430\u0432\u043e\u043e\u0445\u0440\u0430\u043d\u0435\u043d\u0438\u0435\u043c \u0423\u043d\u0438\u0432\u0435\u0440\u0441\u0438\u0442\u0435\u0442 \u0410\u043d\u0430\u0434\u043e\u043b\u0443<\/li><\/ul>\t\t\t\t\t\t\t\t<\/div>\n\t\t\t\t<\/div>\n\t\t\t\t<div class=\"elementor-element elementor-element-7e1280a elementor-widget elementor-widget-heading\" data-id=\"7e1280a\" data-element_type=\"widget\" data-widget_type=\"heading.default\">\n\t\t\t\t<div class=\"elementor-widget-container\">\n\t\t\t\t\t<h2 class=\"elementor-heading-title elementor-size-default\">\u0427\u043b\u0435\u043d\u0441\u0442\u0432\u043e<\/h2>\t\t\t\t<\/div>\n\t\t\t\t<\/div>\n\t\t\t\t<div class=\"elementor-element elementor-element-cc6fb40 elementor-widget elementor-widget-text-editor\" data-id=\"cc6fb40\" data-element_type=\"widget\" data-widget_type=\"text-editor.default\">\n\t\t\t\t<div class=\"elementor-widget-container\">\n\t\t\t\t\t\t\t\t\t<ul><li>\u0421\u0442\u0430\u043c\u0431\u0443\u043b\u044c\u0441\u043a\u0430\u044f \u043a\u043e\u043b\u043b\u0435\u0433\u0438\u044f \u0432\u0440\u0430\u0447\u0435\u0439<\/li><li>\u0421\u0442\u0430\u043c\u0431\u0443\u043b\u044c\u0441\u043a\u0430\u044f \u0430\u0441\u0441\u043e\u0446\u0438\u0430\u0446\u0438\u044f \u0440\u0430\u0434\u0438\u043e\u043b\u043e\u0433\u043e\u0432<\/li><\/ul>\t\t\t\t\t\t\t\t<\/div>\n\t\t\t\t<\/div>\n\t\t\t\t\t<\/div>\n\t\t<\/div>\n\t\t\t\t<div class=\"elementor-column elementor-col-50 elementor-top-column elementor-element elementor-element-d7e9231\" data-id=\"d7e9231\" data-element_type=\"column\">\n\t\t\t<div class=\"elementor-widget-wrap elementor-element-populated\">\n\t\t\t\t\t\t<div class=\"elementor-element elementor-element-fbf8531 elementor-widget elementor-widget-sidebar\" data-id=\"fbf8531\" data-element_type=\"widget\" data-widget_type=\"sidebar.default\">\n\t\t\t\t<div class=\"elementor-widget-container\">\n\t\t\t\t\t<div class=\"widget_text chw-widget\"><div class=\"textwidget custom-html-widget\">\t\t<div data-elementor-type=\"section\" data-elementor-id=\"17719\" class=\"elementor elementor-17719\" data-elementor-post-type=\"elementor_library\">\n\t\t\t\t\t<\/div>\n\t\t<\/div><\/div>\t\t\t\t<\/div>\n\t\t\t\t<\/div>\n\t\t\t\t\t<\/div>\n\t\t<\/div>\n\t\t\t\t\t<\/div>\n\t\t<\/section>\n\t\t\t\t<\/div>\n\t\t","protected":false},"excerpt":{"rendered":"<p>\u0421\u043f\u0435\u0446\u0438\u0430\u043b\u0438\u0441\u0442 \u043f\u043e \u0440\u0430\u0434\u0438\u043e\u043b\u043e\u0433\u0438\u0438 \u0423\u0437\u043c. \u0414\u043e\u043a\u0442\u043e\u0440 \u042e\u0441\u0443\u0444 \u0417\u0438\u044f \u0411\u0435\u043d\u0435\u043a \u0421\u043f\u0435\u0446\u0438\u0430\u043b\u0438\u0437\u0430\u0446\u0438\u044f \u0418\u043d\u0442\u0435\u0440\u0432\u0435\u043d\u0446\u0438\u043e\u043d\u043d\u0430\u044f \u0440\u0430\u0434\u0438\u043e\u043b\u043e\u0433\u0438\u044f \u0429\u0438\u0442\u043e\u0432\u0438\u0434\u043d\u0430\u044f \u0436\u0435\u043b\u0435\u0437\u0430 \u041f\u0440\u043e\u0441\u0442\u0430\u0442\u0430 \u041e\u0431\u0440\u0430\u0437\u043e\u0432\u0430\u043d\u0438\u0435 1980\u20131986 \u041c\u0435\u0434\u0438\u0446\u0438\u043d\u0441\u043a\u0438\u0439 \u0444\u0430\u043a\u0443\u043b\u044c\u0442\u0435\u0442 \u0423\u043d\u0438\u0432\u0435\u0440\u0441\u0438\u0442\u0435\u0442\u0430 \u0414\u0436\u0435\u0440\u0440\u0430\u0445\u043f\u0430\u0448\u0430 1976\u20131980 \u041c\u0443\u0436\u0441\u043a\u0430\u044f \u0433\u0438\u043c\u043d\u0430\u0437\u0438\u044f \u041a\u0430\u0431\u0430\u0442\u0430\u0448 \u041e\u043f\u044b\u0442 \u0440\u0430\u0431\u043e\u0442\u044b \u0421\u0442\u0430\u043c\u0431\u0443\u043b\u0441\u043a\u0430\u044f \u0431\u043e\u043b\u044c\u043d\u0438\u0446\u0430 \u0443\u043d\u0438\u0432\u0435\u0440\u0441\u0438\u0442\u0435\u0442\u0430 \u0411\u0430\u0448\u043a\u0435\u043d\u0442 \u041e\u0431\u0440\u0430\u0437\u0446\u043e\u0432\u0430\u044f \u0443\u0447\u0435\u0431\u043d\u0430\u044f \u0438 \u0438\u0441\u0441\u043b\u0435\u0434\u043e\u0432\u0430\u0442\u0435\u043b\u044c\u0441\u043a\u0430\u044f \u0431\u043e\u043b\u044c\u043d\u0438\u0446\u0430 \u0425\u0430\u0439\u0434\u0430\u0440\u043f\u0430\u0448\u0430 \u041f\u0440\u043e\u0444\u0435\u0441\u0441\u0438\u043e\u043d\u0430\u043b\u044c\u043d\u043e\u0435 \u043e\u0431\u0443\u0447\u0435\u043d\u0438\u0435 \u0424\u0430\u043a\u0443\u043b\u044c\u0442\u0435\u0442 \u043c\u0435\u0434\u0438\u0446\u0438\u043d\u044b, \u0443\u043d\u0438\u0432\u0435\u0440\u0441\u0438\u0442\u0435\u0442 \u0414\u0436\u0435\u0440\u0440\u0430\u0445\u043f\u0430\u0448\u0430 \u041e\u0431\u0440\u0430\u0437\u0446\u043e\u0432\u0430\u044f \u0443\u0447\u0435\u0431\u043d\u0430\u044f \u0438 \u0438\u0441\u0441\u043b\u0435\u0434\u043e\u0432\u0430\u0442\u0435\u043b\u044c\u0441\u043a\u0430\u044f \u0431\u043e\u043b\u044c\u043d\u0438\u0446\u0430 \u0425\u0430\u0439\u0434\u0430\u0440\u043f\u0430\u0448\u0430 (\u0420\u0430\u0434\u0438\u043e\u043b\u043e\u0433) \u0423\u043f\u0440\u0430\u0432\u043b\u0435\u043d\u0438\u0435 \u0437\u0434\u0440\u0430\u0432\u043e\u043e\u0445\u0440\u0430\u043d\u0435\u043d\u0438\u0435\u043c \u0423\u043d\u0438\u0432\u0435\u0440\u0441\u0438\u0442\u0435\u0442 \u0410\u043d\u0430\u0434\u043e\u043b\u0443 \u0427\u043b\u0435\u043d\u0441\u0442\u0432\u043e \u0421\u0442\u0430\u043c\u0431\u0443\u043b\u044c\u0441\u043a\u0430\u044f [&hellip;]<\/p>\n","protected":false},"author":13,"featured_media":0,"parent":0,"menu_order":0,"comment_status":"closed","ping_status":"closed","template":"","meta":{"footnotes":""},"class_list":["post-26733","page","type-page","status-publish","hentry"],"yoast_head":"<!-- This site is optimized with the Yoast SEO plugin v22.5 - https:\/\/yoast.com\/wordpress\/plugins\/seo\/ -->\n<title>\u0423\u0437\u043c. \u0414\u043e\u043a\u0442\u043e\u0440 \u042e\u0441\u0443\u0444 \u0417\u0438\u044f \u0411\u0435\u043d\u0435\u043a - Neolife T\u0131p Merkezi<\/title>\n<meta name=\"robots\" content=\"index, follow, max-snippet:-1, max-image-preview:large, max-video-preview:-1\" \/>\n<link rel=\"canonical\" href=\"https:\/\/www.neolife.com.tr\/ru\/%d1%83%d0%b7%d0%bc-%d0%b4%d0%be%d0%ba%d1%82%d0%be%d1%80-%d1%8e%d1%81%d1%83%d1%84-%d0%b7%d0%b8%d1%8f-%d0%b1%d0%b5%d0%bd%d0%b5%d0%ba\/\" \/>\n<meta name=\"twitter:label1\" content=\"\u041f\u0440\u0438\u043c\u0435\u0440\u043d\u043e\u0435 \u0432\u0440\u0435\u043c\u044f \u0434\u043b\u044f \u0447\u0442\u0435\u043d\u0438\u044f\" \/>\n\t<meta name=\"twitter:data1\" content=\"17 \u043c\u0438\u043d\u0443\u0442\" \/>\n<script type=\"application\/ld+json\" class=\"yoast-schema-graph\">{\"@context\":\"https:\/\/schema.org\",\"@graph\":[{\"@type\":\"WebPage\",\"@id\":\"https:\/\/www.neolife.com.tr\/ru\/%d1%83%d0%b7%d0%bc-%d0%b4%d0%be%d0%ba%d1%82%d0%be%d1%80-%d1%8e%d1%81%d1%83%d1%84-%d0%b7%d0%b8%d1%8f-%d0%b1%d0%b5%d0%bd%d0%b5%d0%ba\/\",\"url\":\"https:\/\/www.neolife.com.tr\/ru\/%d1%83%d0%b7%d0%bc-%d0%b4%d0%be%d0%ba%d1%82%d0%be%d1%80-%d1%8e%d1%81%d1%83%d1%84-%d0%b7%d0%b8%d1%8f-%d0%b1%d0%b5%d0%bd%d0%b5%d0%ba\/\",\"name\":\"\u0423\u0437\u043c. \u0414\u043e\u043a\u0442\u043e\u0440 \u042e\u0441\u0443\u0444 \u0417\u0438\u044f \u0411\u0435\u043d\u0435\u043a - Neolife T\u0131p Merkezi\",\"isPartOf\":{\"@id\":\"https:\/\/www.neolife.com.tr\/#website\"},\"primaryImageOfPage\":{\"@id\":\"https:\/\/www.neolife.com.tr\/ru\/%d1%83%d0%b7%d0%bc-%d0%b4%d0%be%d0%ba%d1%82%d0%be%d1%80-%d1%8e%d1%81%d1%83%d1%84-%d0%b7%d0%b8%d1%8f-%d0%b1%d0%b5%d0%bd%d0%b5%d0%ba\/#primaryimage\"},\"image\":{\"@id\":\"https:\/\/www.neolife.com.tr\/ru\/%d1%83%d0%b7%d0%bc-%d0%b4%d0%be%d0%ba%d1%82%d0%be%d1%80-%d1%8e%d1%81%d1%83%d1%84-%d0%b7%d0%b8%d1%8f-%d0%b1%d0%b5%d0%bd%d0%b5%d0%ba\/#primaryimage\"},\"thumbnailUrl\":\"https:\/\/www.neolife.com.tr\/wp-content\/uploads\/2024\/09\/Yusuf-Ziya-Benek-256x256-min-1024x1024.jpg\",\"datePublished\":\"2025-07-09T14:47:41+00:00\",\"dateModified\":\"2025-07-09T14:50:06+00:00\",\"breadcrumb\":{\"@id\":\"https:\/\/www.neolife.com.tr\/ru\/%d1%83%d0%b7%d0%bc-%d0%b4%d0%be%d0%ba%d1%82%d0%be%d1%80-%d1%8e%d1%81%d1%83%d1%84-%d0%b7%d0%b8%d1%8f-%d0%b1%d0%b5%d0%bd%d0%b5%d0%ba\/#breadcrumb\"},\"inLanguage\":\"ru-RU\",\"potentialAction\":[{\"@type\":\"ReadAction\",\"target\":[\"https:\/\/www.neolife.com.tr\/ru\/%d1%83%d0%b7%d0%bc-%d0%b4%d0%be%d0%ba%d1%82%d0%be%d1%80-%d1%8e%d1%81%d1%83%d1%84-%d0%b7%d0%b8%d1%8f-%d0%b1%d0%b5%d0%bd%d0%b5%d0%ba\/\"]}]},{\"@type\":\"ImageObject\",\"inLanguage\":\"ru-RU\",\"@id\":\"https:\/\/www.neolife.com.tr\/ru\/%d1%83%d0%b7%d0%bc-%d0%b4%d0%be%d0%ba%d1%82%d0%be%d1%80-%d1%8e%d1%81%d1%83%d1%84-%d0%b7%d0%b8%d1%8f-%d0%b1%d0%b5%d0%bd%d0%b5%d0%ba\/#primaryimage\",\"url\":\"https:\/\/www.neolife.com.tr\/wp-content\/uploads\/2024\/09\/Yusuf-Ziya-Benek-256x256-min-1024x1024.jpg\",\"contentUrl\":\"https:\/\/www.neolife.com.tr\/wp-content\/uploads\/2024\/09\/Yusuf-Ziya-Benek-256x256-min-1024x1024.jpg\"},{\"@type\":\"BreadcrumbList\",\"@id\":\"https:\/\/www.neolife.com.tr\/ru\/%d1%83%d0%b7%d0%bc-%d0%b4%d0%be%d0%ba%d1%82%d0%be%d1%80-%d1%8e%d1%81%d1%83%d1%84-%d0%b7%d0%b8%d1%8f-%d0%b1%d0%b5%d0%bd%d0%b5%d0%ba\/#breadcrumb\",\"itemListElement\":[{\"@type\":\"ListItem\",\"position\":1,\"name\":\"Ana Sayfa\",\"item\":\"https:\/\/www.neolife.com.tr\/ru\/\"},{\"@type\":\"ListItem\",\"position\":2,\"name\":\"\u0423\u0437\u043c. \u0414\u043e\u043a\u0442\u043e\u0440 \u042e\u0441\u0443\u0444 \u0417\u0438\u044f \u0411\u0435\u043d\u0435\u043a\"}]},{\"@type\":\"WebSite\",\"@id\":\"https:\/\/www.neolife.com.tr\/#website\",\"url\":\"https:\/\/www.neolife.com.tr\/\",\"name\":\"Neolife T\u0131p Merkezi\",\"description\":\"T\u00fcrkiye&#039;de kanser tedavisi - kanser te\u015fhisi ve tedavisi\",\"publisher\":{\"@id\":\"https:\/\/www.neolife.com.tr\/#organization\"},\"potentialAction\":[{\"@type\":\"SearchAction\",\"target\":{\"@type\":\"EntryPoint\",\"urlTemplate\":\"https:\/\/www.neolife.com.tr\/?s={search_term_string}\"},\"query-input\":\"required name=search_term_string\"}],\"inLanguage\":\"ru-RU\"},{\"@type\":\"Organization\",\"@id\":\"https:\/\/www.neolife.com.tr\/#organization\",\"name\":\"Neolife T\u0131p Merkezi\",\"url\":\"https:\/\/www.neolife.com.tr\/\",\"logo\":{\"@type\":\"ImageObject\",\"inLanguage\":\"ru-RU\",\"@id\":\"https:\/\/www.neolife.com.tr\/#\/schema\/logo\/image\/\",\"url\":\"https:\/\/www.neolife.com.tr\/wp-content\/uploads\/2021\/06\/Neolife-Logo.png\",\"contentUrl\":\"https:\/\/www.neolife.com.tr\/wp-content\/uploads\/2021\/06\/Neolife-Logo.png\",\"width\":348,\"height\":92,\"caption\":\"Neolife T\u0131p Merkezi\"},\"image\":{\"@id\":\"https:\/\/www.neolife.com.tr\/#\/schema\/logo\/image\/\"},\"sameAs\":[\"https:\/\/www.facebook.com\/NeoLifeIstanbul\/\",\"https:\/\/x.com\/NeoLifeIstanbul\",\"https:\/\/www.linkedin.com\/company\/neolife-oncology-center\/?originalSubdomain=tr\"]}]}<\/script>\n<!-- \/ Yoast SEO plugin. -->","yoast_head_json":{"title":"\u0423\u0437\u043c. \u0414\u043e\u043a\u0442\u043e\u0440 \u042e\u0441\u0443\u0444 \u0417\u0438\u044f \u0411\u0435\u043d\u0435\u043a - Neolife T\u0131p Merkezi","robots":{"index":"index","follow":"follow","max-snippet":"max-snippet:-1","max-image-preview":"max-image-preview:large","max-video-preview":"max-video-preview:-1"},"canonical":"https:\/\/www.neolife.com.tr\/ru\/%d1%83%d0%b7%d0%bc-%d0%b4%d0%be%d0%ba%d1%82%d0%be%d1%80-%d1%8e%d1%81%d1%83%d1%84-%d0%b7%d0%b8%d1%8f-%d0%b1%d0%b5%d0%bd%d0%b5%d0%ba\/","twitter_misc":{"\u041f\u0440\u0438\u043c\u0435\u0440\u043d\u043e\u0435 \u0432\u0440\u0435\u043c\u044f \u0434\u043b\u044f \u0447\u0442\u0435\u043d\u0438\u044f":"17 \u043c\u0438\u043d\u0443\u0442"},"schema":{"@context":"https:\/\/schema.org","@graph":[{"@type":"WebPage","@id":"https:\/\/www.neolife.com.tr\/ru\/%d1%83%d0%b7%d0%bc-%d0%b4%d0%be%d0%ba%d1%82%d0%be%d1%80-%d1%8e%d1%81%d1%83%d1%84-%d0%b7%d0%b8%d1%8f-%d0%b1%d0%b5%d0%bd%d0%b5%d0%ba\/","url":"https:\/\/www.neolife.com.tr\/ru\/%d1%83%d0%b7%d0%bc-%d0%b4%d0%be%d0%ba%d1%82%d0%be%d1%80-%d1%8e%d1%81%d1%83%d1%84-%d0%b7%d0%b8%d1%8f-%d0%b1%d0%b5%d0%bd%d0%b5%d0%ba\/","name":"\u0423\u0437\u043c. \u0414\u043e\u043a\u0442\u043e\u0440 \u042e\u0441\u0443\u0444 \u0417\u0438\u044f \u0411\u0435\u043d\u0435\u043a - Neolife T\u0131p Merkezi","isPartOf":{"@id":"https:\/\/www.neolife.com.tr\/#website"},"primaryImageOfPage":{"@id":"https:\/\/www.neolife.com.tr\/ru\/%d1%83%d0%b7%d0%bc-%d0%b4%d0%be%d0%ba%d1%82%d0%be%d1%80-%d1%8e%d1%81%d1%83%d1%84-%d0%b7%d0%b8%d1%8f-%d0%b1%d0%b5%d0%bd%d0%b5%d0%ba\/#primaryimage"},"image":{"@id":"https:\/\/www.neolife.com.tr\/ru\/%d1%83%d0%b7%d0%bc-%d0%b4%d0%be%d0%ba%d1%82%d0%be%d1%80-%d1%8e%d1%81%d1%83%d1%84-%d0%b7%d0%b8%d1%8f-%d0%b1%d0%b5%d0%bd%d0%b5%d0%ba\/#primaryimage"},"thumbnailUrl":"https:\/\/www.neolife.com.tr\/wp-content\/uploads\/2024\/09\/Yusuf-Ziya-Benek-256x256-min-1024x1024.jpg","datePublished":"2025-07-09T14:47:41+00:00","dateModified":"2025-07-09T14:50:06+00:00","breadcrumb":{"@id":"https:\/\/www.neolife.com.tr\/ru\/%d1%83%d0%b7%d0%bc-%d0%b4%d0%be%d0%ba%d1%82%d0%be%d1%80-%d1%8e%d1%81%d1%83%d1%84-%d0%b7%d0%b8%d1%8f-%d0%b1%d0%b5%d0%bd%d0%b5%d0%ba\/#breadcrumb"},"inLanguage":"ru-RU","potentialAction":[{"@type":"ReadAction","target":["https:\/\/www.neolife.com.tr\/ru\/%d1%83%d0%b7%d0%bc-%d0%b4%d0%be%d0%ba%d1%82%d0%be%d1%80-%d1%8e%d1%81%d1%83%d1%84-%d0%b7%d0%b8%d1%8f-%d0%b1%d0%b5%d0%bd%d0%b5%d0%ba\/"]}]},{"@type":"ImageObject","inLanguage":"ru-RU","@id":"https:\/\/www.neolife.com.tr\/ru\/%d1%83%d0%b7%d0%bc-%d0%b4%d0%be%d0%ba%d1%82%d0%be%d1%80-%d1%8e%d1%81%d1%83%d1%84-%d0%b7%d0%b8%d1%8f-%d0%b1%d0%b5%d0%bd%d0%b5%d0%ba\/#primaryimage","url":"https:\/\/www.neolife.com.tr\/wp-content\/uploads\/2024\/09\/Yusuf-Ziya-Benek-256x256-min-1024x1024.jpg","contentUrl":"https:\/\/www.neolife.com.tr\/wp-content\/uploads\/2024\/09\/Yusuf-Ziya-Benek-256x256-min-1024x1024.jpg"},{"@type":"BreadcrumbList","@id":"https:\/\/www.neolife.com.tr\/ru\/%d1%83%d0%b7%d0%bc-%d0%b4%d0%be%d0%ba%d1%82%d0%be%d1%80-%d1%8e%d1%81%d1%83%d1%84-%d0%b7%d0%b8%d1%8f-%d0%b1%d0%b5%d0%bd%d0%b5%d0%ba\/#breadcrumb","itemListElement":[{"@type":"ListItem","position":1,"name":"Ana Sayfa","item":"https:\/\/www.neolife.com.tr\/ru\/"},{"@type":"ListItem","position":2,"name":"\u0423\u0437\u043c. \u0414\u043e\u043a\u0442\u043e\u0440 \u042e\u0441\u0443\u0444 \u0417\u0438\u044f \u0411\u0435\u043d\u0435\u043a"}]},{"@type":"WebSite","@id":"https:\/\/www.neolife.com.tr\/#website","url":"https:\/\/www.neolife.com.tr\/","name":"Neolife T\u0131p Merkezi","description":"T\u00fcrkiye&#039;de kanser tedavisi - kanser te\u015fhisi ve tedavisi","publisher":{"@id":"https:\/\/www.neolife.com.tr\/#organization"},"potentialAction":[{"@type":"SearchAction","target":{"@type":"EntryPoint","urlTemplate":"https:\/\/www.neolife.com.tr\/?s={search_term_string}"},"query-input":"required name=search_term_string"}],"inLanguage":"ru-RU"},{"@type":"Organization","@id":"https:\/\/www.neolife.com.tr\/#organization","name":"Neolife T\u0131p Merkezi","url":"https:\/\/www.neolife.com.tr\/","logo":{"@type":"ImageObject","inLanguage":"ru-RU","@id":"https:\/\/www.neolife.com.tr\/#\/schema\/logo\/image\/","url":"https:\/\/www.neolife.com.tr\/wp-content\/uploads\/2021\/06\/Neolife-Logo.png","contentUrl":"https:\/\/www.neolife.com.tr\/wp-content\/uploads\/2021\/06\/Neolife-Logo.png","width":348,"height":92,"caption":"Neolife T\u0131p Merkezi"},"image":{"@id":"https:\/\/www.neolife.com.tr\/#\/schema\/logo\/image\/"},"sameAs":["https:\/\/www.facebook.com\/NeoLifeIstanbul\/","https:\/\/x.com\/NeoLifeIstanbul","https:\/\/www.linkedin.com\/company\/neolife-oncology-center\/?originalSubdomain=tr"]}]}},"_links":{"self":[{"href":"https:\/\/www.neolife.com.tr\/ru\/wp-json\/wp\/v2\/pages\/26733","targetHints":{"allow":["GET"]}}],"collection":[{"href":"https:\/\/www.neolife.com.tr\/ru\/wp-json\/wp\/v2\/pages"}],"about":[{"href":"https:\/\/www.neolife.com.tr\/ru\/wp-json\/wp\/v2\/types\/page"}],"author":[{"embeddable":true,"href":"https:\/\/www.neolife.com.tr\/ru\/wp-json\/wp\/v2\/users\/13"}],"replies":[{"embeddable":true,"href":"https:\/\/www.neolife.com.tr\/ru\/wp-json\/wp\/v2\/comments?post=26733"}],"version-history":[{"count":4,"href":"https:\/\/www.neolife.com.tr\/ru\/wp-json\/wp\/v2\/pages\/26733\/revisions"}],"predecessor-version":[{"id":26737,"href":"https:\/\/www.neolife.com.tr\/ru\/wp-json\/wp\/v2\/pages\/26733\/revisions\/26737"}],"wp:attachment":[{"href":"https:\/\/www.neolife.com.tr\/ru\/wp-json\/wp\/v2\/media?parent=26733"}],"curies":[{"name":"wp","href":"https:\/\/api.w.org\/{rel}","templated":true}]}}