{"id":26668,"date":"2025-07-08T16:28:29","date_gmt":"2025-07-08T13:28:29","guid":{"rendered":"https:\/\/www.neolife.com.tr\/?page_id=26668"},"modified":"2025-07-08T16:34:08","modified_gmt":"2025-07-08T13:34:08","slug":"%d0%b4%d1%82-%d0%b7%d0%b5%d1%80%d1%80%d0%b8%d0%bd-%d0%b0%d0%b9%d0%b4%d1%8b%d0%bd","status":"publish","type":"page","link":"https:\/\/www.neolife.com.tr\/ru\/%d0%b4%d1%82-%d0%b7%d0%b5%d1%80%d1%80%d0%b8%d0%bd-%d0%b0%d0%b9%d0%b4%d1%8b%d0%bd\/","title":{"rendered":"\u0414\u0442.\u0417\u0435\u0440\u0440\u0438\u043d \u0410\u0439\u0434\u044b\u043d"},"content":{"rendered":"\t\t<div data-elementor-type=\"wp-page\" data-elementor-id=\"26668\" class=\"elementor elementor-26668\" data-elementor-post-type=\"page\">\n\t\t\t\t\t\t<section class=\"elementor-section elementor-top-section elementor-element elementor-element-3f219f9 elementor-section-boxed elementor-section-height-default elementor-section-height-default\" data-id=\"3f219f9\" data-element_type=\"section\">\n\t\t\t\t\t\t<div class=\"elementor-container elementor-column-gap-default\">\n\t\t\t\t\t<div class=\"elementor-column elementor-col-50 elementor-top-column elementor-element elementor-element-c6f738a\" data-id=\"c6f738a\" data-element_type=\"column\">\n\t\t\t<div class=\"elementor-widget-wrap elementor-element-populated\">\n\t\t\t\t\t\t<section class=\"elementor-section elementor-inner-section elementor-element elementor-element-5c47eb4 elementor-section-boxed elementor-section-height-default elementor-section-height-default\" data-id=\"5c47eb4\" data-element_type=\"section\">\n\t\t\t\t\t\t<div class=\"elementor-container elementor-column-gap-default\">\n\t\t\t\t\t<div class=\"elementor-column elementor-col-50 elementor-inner-column elementor-element elementor-element-58b8798\" data-id=\"58b8798\" data-element_type=\"column\">\n\t\t\t<div class=\"elementor-widget-wrap elementor-element-populated\">\n\t\t\t\t\t\t<div class=\"elementor-element elementor-element-d2bfa1a elementor-widget elementor-widget-image\" data-id=\"d2bfa1a\" data-element_type=\"widget\" data-widget_type=\"image.default\">\n\t\t\t\t<div class=\"elementor-widget-container\">\n\t\t\t\t\t\t\t\t\t\t\t\t\t\t\t<img fetchpriority=\"high\" decoding=\"async\" width=\"1024\" height=\"1024\" src=\"https:\/\/www.neolife.com.tr\/wp-content\/uploads\/2025\/04\/Zerrin-Aydin-1024x1024.jpg\" class=\"attachment-large size-large wp-image-24721\" alt=\"Zerrin Ayd\u0131n\" srcset=\"https:\/\/www.neolife.com.tr\/wp-content\/uploads\/2025\/04\/Zerrin-Aydin-1024x1024.jpg 1024w, https:\/\/www.neolife.com.tr\/wp-content\/uploads\/2025\/04\/Zerrin-Aydin-300x300.jpg 300w, https:\/\/www.neolife.com.tr\/wp-content\/uploads\/2025\/04\/Zerrin-Aydin-150x150.jpg 150w, https:\/\/www.neolife.com.tr\/wp-content\/uploads\/2025\/04\/Zerrin-Aydin-768x768.jpg 768w, https:\/\/www.neolife.com.tr\/wp-content\/uploads\/2025\/04\/Zerrin-Aydin-1536x1536.jpg 1536w, https:\/\/www.neolife.com.tr\/wp-content\/uploads\/2025\/04\/Zerrin-Aydin-2048x2048.jpg 2048w\" sizes=\"(max-width: 1024px) 100vw, 1024px\" \/>\t\t\t\t\t\t\t\t\t\t\t\t\t\t\t<\/div>\n\t\t\t\t<\/div>\n\t\t\t\t<div class=\"elementor-element elementor-element-f55638f elementor-widget elementor-widget-heading\" data-id=\"f55638f\" data-element_type=\"widget\" data-widget_type=\"heading.default\">\n\t\t\t\t<div class=\"elementor-widget-container\">\n\t\t\t\t\t<h2 class=\"elementor-heading-title elementor-size-default\">\u0422\u0435\u0440\u0430\u043f\u0435\u0432\u0442 <\/h2>\t\t\t\t<\/div>\n\t\t\t\t<\/div>\n\t\t\t\t\t<\/div>\n\t\t<\/div>\n\t\t\t\t<div class=\"elementor-column elementor-col-50 elementor-inner-column elementor-element elementor-element-e6243f8\" data-id=\"e6243f8\" data-element_type=\"column\">\n\t\t\t<div class=\"elementor-widget-wrap elementor-element-populated\">\n\t\t\t\t\t\t<div class=\"elementor-element elementor-element-5fe7269 elementor-widget elementor-widget-heading\" data-id=\"5fe7269\" data-element_type=\"widget\" data-widget_type=\"heading.default\">\n\t\t\t\t<div class=\"elementor-widget-container\">\n\t\t\t\t\t<h2 class=\"elementor-heading-title elementor-size-default\">\u0414\u0442.\u0417\u0435\u0440\u0440\u0438\u043d \u0410\u0439\u0434\u044b\u043d<\/h2>\t\t\t\t<\/div>\n\t\t\t\t<\/div>\n\t\t\t\t\t<\/div>\n\t\t<\/div>\n\t\t\t\t\t<\/div>\n\t\t<\/section>\n\t\t\t\t<div class=\"elementor-element elementor-element-053e077 elementor-widget-divider--view-line elementor-widget elementor-widget-divider\" data-id=\"053e077\" data-element_type=\"widget\" data-widget_type=\"divider.default\">\n\t\t\t\t<div class=\"elementor-widget-container\">\n\t\t\t\t\t\t\t<div class=\"elementor-divider\">\n\t\t\t<span class=\"elementor-divider-separator\">\n\t\t\t\t\t\t<\/span>\n\t\t<\/div>\n\t\t\t\t\t\t<\/div>\n\t\t\t\t<\/div>\n\t\t\t\t<div class=\"elementor-element elementor-element-0cc6917 elementor-widget elementor-widget-heading\" data-id=\"0cc6917\" data-element_type=\"widget\" data-widget_type=\"heading.default\">\n\t\t\t\t<div class=\"elementor-widget-container\">\n\t\t\t\t\t<h2 class=\"elementor-heading-title elementor-size-default\">\u041e\u0431\u0440\u0430\u0437\u043e\u0432\u0430\u043d\u0438\u0435<\/h2>\t\t\t\t<\/div>\n\t\t\t\t<\/div>\n\t\t\t\t<div class=\"elementor-element elementor-element-54b4ad1 elementor-widget elementor-widget-text-editor\" data-id=\"54b4ad1\" data-element_type=\"widget\" data-widget_type=\"text-editor.default\">\n\t\t\t\t<div class=\"elementor-widget-container\">\n\t\t\t\t\t\t\t\t\t<div id=\"text_block-173-5342\" class=\"ct-text-block doktor-text\"><p><b>1979 \u2013 1984<\/b><\/p><\/div><div id=\"text_block-174-5342\" class=\"ct-text-block doktor-text\">Hacettepe \u00dcniversitesi<\/div>\t\t\t\t\t\t\t\t<\/div>\n\t\t\t\t<\/div>\n\t\t\t\t<div class=\"elementor-element elementor-element-f004ec9 elementor-widget elementor-widget-heading\" data-id=\"f004ec9\" data-element_type=\"widget\" data-widget_type=\"heading.default\">\n\t\t\t\t<div class=\"elementor-widget-container\">\n\t\t\t\t\t<h2 class=\"elementor-heading-title elementor-size-default\">\u041e\u043f\u044b\u0442 \u0440\u0430\u0431\u043e\u0442\u044b<\/h2>\t\t\t\t<\/div>\n\t\t\t\t<\/div>\n\t\t\t\t<div class=\"elementor-element elementor-element-03b56e5 elementor-widget elementor-widget-text-editor\" data-id=\"03b56e5\" data-element_type=\"widget\" data-widget_type=\"text-editor.default\">\n\t\t\t\t<div class=\"elementor-widget-container\">\n\t\t\t\t\t\t\t\t\t<div id=\"text_block-173-5342\" class=\"ct-text-block doktor-text\"><p data-start=\"98\" data-end=\"117\"><strong>2025 \u2013 \u0441\u0435\u0439\u0447\u0430\u0441<\/strong><\/p><p data-start=\"118\" data-end=\"160\">\u0414\u0438\u0435\u0442\u043e\u043b\u043e\u0433<br data-start=\"130\" data-end=\"133\" \/>\u041c\u0435\u0434\u0438\u0446\u0438\u043d\u0441\u043a\u0438\u0439 \u0446\u0435\u043d\u0442\u0440 \u201c\u041d\u0435\u043e\u043b\u0430\u0439\u0444\u201d<\/p><p data-start=\"162\" data-end=\"179\"><strong>2006 \u2013 2021<\/strong><\/p><p data-start=\"180\" data-end=\"219\">\u0414\u0438\u0435\u0442\u043e\u043b\u043e\u0433<br data-start=\"192\" data-end=\"195\" \/>\u041a\u043b\u0438\u043d\u0438\u043a\u0430 \u0411\u0430\u0439\u044b\u043d\u0434\u044b\u0440, \u0415\u0442\u0438\u043b\u0435\u0440<\/p><p data-start=\"221\" data-end=\"238\"><strong>1999 \u2013 2006<\/strong><\/p><p data-start=\"239\" data-end=\"292\">\u0414\u0438\u0435\u0442\u043e\u043b\u043e\u0433<br data-start=\"251\" data-end=\"254\" \/>\u041a\u043b\u0438\u043d\u0438\u043a\u0430 International Hospital, \u0415\u0442\u0438\u043b\u0435\u0440<\/p><p data-start=\"294\" data-end=\"311\"><strong>1994 \u2013 1997<\/strong><\/p><p data-start=\"312\" data-end=\"360\">\u0414\u0438\u0435\u0442\u043e\u043b\u043e\u0433<br data-start=\"324\" data-end=\"327\" \/>\u041c\u0435\u0436\u0434\u0443\u043d\u0430\u0440\u043e\u0434\u043d\u0430\u044f \u0431\u043e\u043b\u044c\u043d\u0438\u0446\u0430, \u0419\u0435\u0448\u0438\u043b\u044c\u043a\u0451\u0439<\/p><strong>1992 \u2013 1994<\/strong><p data-start=\"380\" data-end=\"421\">\u0414\u0438\u0435\u0442\u043e\u043b\u043e\u0433<br data-start=\"392\" data-end=\"395\" \/>\u0426\u0435\u043d\u0442\u0440 \u043f\u043e\u0445\u0443\u0434\u0435\u043d\u0438\u044f Nurta Slim<\/p><p data-start=\"423\" data-end=\"440\"><strong>1984 \u2013 1989<\/strong><\/p><p data-start=\"441\" data-end=\"484\">\u0414\u0438\u0435\u0442\u043e\u043b\u043e\u0433<br data-start=\"453\" data-end=\"456\" \/>\u0414\u043e\u043c \u0434\u0435\u0442\u0435\u0439 \u0411\u0430\u043a\u044b\u0440\u043a\u0451\u0439, \u0411\u0430\u043a\u044b\u0440\u043a\u0451\u0439<\/p><\/div>\t\t\t\t\t\t\t\t<\/div>\n\t\t\t\t<\/div>\n\t\t\t\t\t<\/div>\n\t\t<\/div>\n\t\t\t\t<div class=\"elementor-column elementor-col-50 elementor-top-column elementor-element elementor-element-151b42e\" data-id=\"151b42e\" data-element_type=\"column\">\n\t\t\t<div class=\"elementor-widget-wrap elementor-element-populated\">\n\t\t\t\t\t\t<div class=\"elementor-element elementor-element-19ea968 elementor-widget elementor-widget-sidebar\" data-id=\"19ea968\" data-element_type=\"widget\" data-widget_type=\"sidebar.default\">\n\t\t\t\t<div class=\"elementor-widget-container\">\n\t\t\t\t\t<div class=\"widget_text chw-widget\"><div class=\"textwidget custom-html-widget\">\t\t<div data-elementor-type=\"section\" data-elementor-id=\"17719\" class=\"elementor elementor-17719\" data-elementor-post-type=\"elementor_library\">\n\t\t\t\t\t<\/div>\n\t\t<\/div><\/div>\t\t\t\t<\/div>\n\t\t\t\t<\/div>\n\t\t\t\t\t<\/div>\n\t\t<\/div>\n\t\t\t\t\t<\/div>\n\t\t<\/section>\n\t\t\t\t<\/div>\n\t\t","protected":false},"excerpt":{"rendered":"<p>\u0422\u0435\u0440\u0430\u043f\u0435\u0432\u0442 \u0414\u0442.\u0417\u0435\u0440\u0440\u0438\u043d \u0410\u0439\u0434\u044b\u043d \u041e\u0431\u0440\u0430\u0437\u043e\u0432\u0430\u043d\u0438\u0435 1979 \u2013 1984 Hacettepe \u00dcniversitesi \u041e\u043f\u044b\u0442 \u0440\u0430\u0431\u043e\u0442\u044b 2025 \u2013 \u0441\u0435\u0439\u0447\u0430\u0441 \u0414\u0438\u0435\u0442\u043e\u043b\u043e\u0433\u041c\u0435\u0434\u0438\u0446\u0438\u043d\u0441\u043a\u0438\u0439 \u0446\u0435\u043d\u0442\u0440 \u201c\u041d\u0435\u043e\u043b\u0430\u0439\u0444\u201d 2006 \u2013 2021 \u0414\u0438\u0435\u0442\u043e\u043b\u043e\u0433\u041a\u043b\u0438\u043d\u0438\u043a\u0430 \u0411\u0430\u0439\u044b\u043d\u0434\u044b\u0440, \u0415\u0442\u0438\u043b\u0435\u0440 1999 \u2013 2006 \u0414\u0438\u0435\u0442\u043e\u043b\u043e\u0433\u041a\u043b\u0438\u043d\u0438\u043a\u0430 International Hospital, \u0415\u0442\u0438\u043b\u0435\u0440 1994 \u2013 1997 \u0414\u0438\u0435\u0442\u043e\u043b\u043e\u0433\u041c\u0435\u0436\u0434\u0443\u043d\u0430\u0440\u043e\u0434\u043d\u0430\u044f \u0431\u043e\u043b\u044c\u043d\u0438\u0446\u0430, \u0419\u0435\u0448\u0438\u043b\u044c\u043a\u0451\u0439 1992 \u2013 1994 \u0414\u0438\u0435\u0442\u043e\u043b\u043e\u0433\u0426\u0435\u043d\u0442\u0440 \u043f\u043e\u0445\u0443\u0434\u0435\u043d\u0438\u044f Nurta Slim 1984 \u2013 1989 \u0414\u0438\u0435\u0442\u043e\u043b\u043e\u0433\u0414\u043e\u043c \u0434\u0435\u0442\u0435\u0439 \u0411\u0430\u043a\u044b\u0440\u043a\u0451\u0439, \u0411\u0430\u043a\u044b\u0440\u043a\u0451\u0439<\/p>\n","protected":false},"author":13,"featured_media":0,"parent":0,"menu_order":0,"comment_status":"closed","ping_status":"closed","template":"","meta":{"footnotes":""},"class_list":["post-26668","page","type-page","status-publish","hentry"],"yoast_head":"<!-- This site is optimized with the Yoast SEO plugin v22.5 - https:\/\/yoast.com\/wordpress\/plugins\/seo\/ -->\n<title>\u0414\u0442.\u0417\u0435\u0440\u0440\u0438\u043d \u0410\u0439\u0434\u044b\u043d - Neolife T\u0131p Merkezi<\/title>\n<meta name=\"robots\" content=\"index, follow, max-snippet:-1, max-image-preview:large, max-video-preview:-1\" \/>\n<link rel=\"canonical\" href=\"https:\/\/www.neolife.com.tr\/ru\/%d0%b4%d1%82-%d0%b7%d0%b5%d1%80%d1%80%d0%b8%d0%bd-%d0%b0%d0%b9%d0%b4%d1%8b%d0%bd\/\" \/>\n<meta name=\"twitter:label1\" content=\"\u041f\u0440\u0438\u043c\u0435\u0440\u043d\u043e\u0435 \u0432\u0440\u0435\u043c\u044f \u0434\u043b\u044f \u0447\u0442\u0435\u043d\u0438\u044f\" \/>\n\t<meta name=\"twitter:data1\" content=\"17 \u043c\u0438\u043d\u0443\u0442\" \/>\n<script type=\"application\/ld+json\" class=\"yoast-schema-graph\">{\"@context\":\"https:\/\/schema.org\",\"@graph\":[{\"@type\":\"WebPage\",\"@id\":\"https:\/\/www.neolife.com.tr\/ru\/%d0%b4%d1%82-%d0%b7%d0%b5%d1%80%d1%80%d0%b8%d0%bd-%d0%b0%d0%b9%d0%b4%d1%8b%d0%bd\/\",\"url\":\"https:\/\/www.neolife.com.tr\/ru\/%d0%b4%d1%82-%d0%b7%d0%b5%d1%80%d1%80%d0%b8%d0%bd-%d0%b0%d0%b9%d0%b4%d1%8b%d0%bd\/\",\"name\":\"\u0414\u0442.\u0417\u0435\u0440\u0440\u0438\u043d \u0410\u0439\u0434\u044b\u043d - Neolife T\u0131p Merkezi\",\"isPartOf\":{\"@id\":\"https:\/\/www.neolife.com.tr\/#website\"},\"primaryImageOfPage\":{\"@id\":\"https:\/\/www.neolife.com.tr\/ru\/%d0%b4%d1%82-%d0%b7%d0%b5%d1%80%d1%80%d0%b8%d0%bd-%d0%b0%d0%b9%d0%b4%d1%8b%d0%bd\/#primaryimage\"},\"image\":{\"@id\":\"https:\/\/www.neolife.com.tr\/ru\/%d0%b4%d1%82-%d0%b7%d0%b5%d1%80%d1%80%d0%b8%d0%bd-%d0%b0%d0%b9%d0%b4%d1%8b%d0%bd\/#primaryimage\"},\"thumbnailUrl\":\"https:\/\/www.neolife.com.tr\/wp-content\/uploads\/2025\/04\/Zerrin-Aydin-1024x1024.jpg\",\"datePublished\":\"2025-07-08T13:28:29+00:00\",\"dateModified\":\"2025-07-08T13:34:08+00:00\",\"breadcrumb\":{\"@id\":\"https:\/\/www.neolife.com.tr\/ru\/%d0%b4%d1%82-%d0%b7%d0%b5%d1%80%d1%80%d0%b8%d0%bd-%d0%b0%d0%b9%d0%b4%d1%8b%d0%bd\/#breadcrumb\"},\"inLanguage\":\"ru-RU\",\"potentialAction\":[{\"@type\":\"ReadAction\",\"target\":[\"https:\/\/www.neolife.com.tr\/ru\/%d0%b4%d1%82-%d0%b7%d0%b5%d1%80%d1%80%d0%b8%d0%bd-%d0%b0%d0%b9%d0%b4%d1%8b%d0%bd\/\"]}]},{\"@type\":\"ImageObject\",\"inLanguage\":\"ru-RU\",\"@id\":\"https:\/\/www.neolife.com.tr\/ru\/%d0%b4%d1%82-%d0%b7%d0%b5%d1%80%d1%80%d0%b8%d0%bd-%d0%b0%d0%b9%d0%b4%d1%8b%d0%bd\/#primaryimage\",\"url\":\"https:\/\/www.neolife.com.tr\/wp-content\/uploads\/2025\/04\/Zerrin-Aydin-1024x1024.jpg\",\"contentUrl\":\"https:\/\/www.neolife.com.tr\/wp-content\/uploads\/2025\/04\/Zerrin-Aydin-1024x1024.jpg\"},{\"@type\":\"BreadcrumbList\",\"@id\":\"https:\/\/www.neolife.com.tr\/ru\/%d0%b4%d1%82-%d0%b7%d0%b5%d1%80%d1%80%d0%b8%d0%bd-%d0%b0%d0%b9%d0%b4%d1%8b%d0%bd\/#breadcrumb\",\"itemListElement\":[{\"@type\":\"ListItem\",\"position\":1,\"name\":\"Ana Sayfa\",\"item\":\"https:\/\/www.neolife.com.tr\/ru\/\"},{\"@type\":\"ListItem\",\"position\":2,\"name\":\"\u0414\u0442.\u0417\u0435\u0440\u0440\u0438\u043d \u0410\u0439\u0434\u044b\u043d\"}]},{\"@type\":\"WebSite\",\"@id\":\"https:\/\/www.neolife.com.tr\/#website\",\"url\":\"https:\/\/www.neolife.com.tr\/\",\"name\":\"Neolife T\u0131p Merkezi\",\"description\":\"T\u00fcrkiye&#039;de kanser tedavisi - kanser te\u015fhisi ve tedavisi\",\"publisher\":{\"@id\":\"https:\/\/www.neolife.com.tr\/#organization\"},\"potentialAction\":[{\"@type\":\"SearchAction\",\"target\":{\"@type\":\"EntryPoint\",\"urlTemplate\":\"https:\/\/www.neolife.com.tr\/?s={search_term_string}\"},\"query-input\":\"required name=search_term_string\"}],\"inLanguage\":\"ru-RU\"},{\"@type\":\"Organization\",\"@id\":\"https:\/\/www.neolife.com.tr\/#organization\",\"name\":\"Neolife T\u0131p Merkezi\",\"url\":\"https:\/\/www.neolife.com.tr\/\",\"logo\":{\"@type\":\"ImageObject\",\"inLanguage\":\"ru-RU\",\"@id\":\"https:\/\/www.neolife.com.tr\/#\/schema\/logo\/image\/\",\"url\":\"https:\/\/www.neolife.com.tr\/wp-content\/uploads\/2021\/06\/Neolife-Logo.png\",\"contentUrl\":\"https:\/\/www.neolife.com.tr\/wp-content\/uploads\/2021\/06\/Neolife-Logo.png\",\"width\":348,\"height\":92,\"caption\":\"Neolife T\u0131p Merkezi\"},\"image\":{\"@id\":\"https:\/\/www.neolife.com.tr\/#\/schema\/logo\/image\/\"},\"sameAs\":[\"https:\/\/www.facebook.com\/NeoLifeIstanbul\/\",\"https:\/\/x.com\/NeoLifeIstanbul\",\"https:\/\/www.linkedin.com\/company\/neolife-oncology-center\/?originalSubdomain=tr\"]}]}<\/script>\n<!-- \/ Yoast SEO plugin. -->","yoast_head_json":{"title":"\u0414\u0442.\u0417\u0435\u0440\u0440\u0438\u043d \u0410\u0439\u0434\u044b\u043d - Neolife T\u0131p Merkezi","robots":{"index":"index","follow":"follow","max-snippet":"max-snippet:-1","max-image-preview":"max-image-preview:large","max-video-preview":"max-video-preview:-1"},"canonical":"https:\/\/www.neolife.com.tr\/ru\/%d0%b4%d1%82-%d0%b7%d0%b5%d1%80%d1%80%d0%b8%d0%bd-%d0%b0%d0%b9%d0%b4%d1%8b%d0%bd\/","twitter_misc":{"\u041f\u0440\u0438\u043c\u0435\u0440\u043d\u043e\u0435 \u0432\u0440\u0435\u043c\u044f \u0434\u043b\u044f \u0447\u0442\u0435\u043d\u0438\u044f":"17 \u043c\u0438\u043d\u0443\u0442"},"schema":{"@context":"https:\/\/schema.org","@graph":[{"@type":"WebPage","@id":"https:\/\/www.neolife.com.tr\/ru\/%d0%b4%d1%82-%d0%b7%d0%b5%d1%80%d1%80%d0%b8%d0%bd-%d0%b0%d0%b9%d0%b4%d1%8b%d0%bd\/","url":"https:\/\/www.neolife.com.tr\/ru\/%d0%b4%d1%82-%d0%b7%d0%b5%d1%80%d1%80%d0%b8%d0%bd-%d0%b0%d0%b9%d0%b4%d1%8b%d0%bd\/","name":"\u0414\u0442.\u0417\u0435\u0440\u0440\u0438\u043d \u0410\u0439\u0434\u044b\u043d - Neolife T\u0131p Merkezi","isPartOf":{"@id":"https:\/\/www.neolife.com.tr\/#website"},"primaryImageOfPage":{"@id":"https:\/\/www.neolife.com.tr\/ru\/%d0%b4%d1%82-%d0%b7%d0%b5%d1%80%d1%80%d0%b8%d0%bd-%d0%b0%d0%b9%d0%b4%d1%8b%d0%bd\/#primaryimage"},"image":{"@id":"https:\/\/www.neolife.com.tr\/ru\/%d0%b4%d1%82-%d0%b7%d0%b5%d1%80%d1%80%d0%b8%d0%bd-%d0%b0%d0%b9%d0%b4%d1%8b%d0%bd\/#primaryimage"},"thumbnailUrl":"https:\/\/www.neolife.com.tr\/wp-content\/uploads\/2025\/04\/Zerrin-Aydin-1024x1024.jpg","datePublished":"2025-07-08T13:28:29+00:00","dateModified":"2025-07-08T13:34:08+00:00","breadcrumb":{"@id":"https:\/\/www.neolife.com.tr\/ru\/%d0%b4%d1%82-%d0%b7%d0%b5%d1%80%d1%80%d0%b8%d0%bd-%d0%b0%d0%b9%d0%b4%d1%8b%d0%bd\/#breadcrumb"},"inLanguage":"ru-RU","potentialAction":[{"@type":"ReadAction","target":["https:\/\/www.neolife.com.tr\/ru\/%d0%b4%d1%82-%d0%b7%d0%b5%d1%80%d1%80%d0%b8%d0%bd-%d0%b0%d0%b9%d0%b4%d1%8b%d0%bd\/"]}]},{"@type":"ImageObject","inLanguage":"ru-RU","@id":"https:\/\/www.neolife.com.tr\/ru\/%d0%b4%d1%82-%d0%b7%d0%b5%d1%80%d1%80%d0%b8%d0%bd-%d0%b0%d0%b9%d0%b4%d1%8b%d0%bd\/#primaryimage","url":"https:\/\/www.neolife.com.tr\/wp-content\/uploads\/2025\/04\/Zerrin-Aydin-1024x1024.jpg","contentUrl":"https:\/\/www.neolife.com.tr\/wp-content\/uploads\/2025\/04\/Zerrin-Aydin-1024x1024.jpg"},{"@type":"BreadcrumbList","@id":"https:\/\/www.neolife.com.tr\/ru\/%d0%b4%d1%82-%d0%b7%d0%b5%d1%80%d1%80%d0%b8%d0%bd-%d0%b0%d0%b9%d0%b4%d1%8b%d0%bd\/#breadcrumb","itemListElement":[{"@type":"ListItem","position":1,"name":"Ana Sayfa","item":"https:\/\/www.neolife.com.tr\/ru\/"},{"@type":"ListItem","position":2,"name":"\u0414\u0442.\u0417\u0435\u0440\u0440\u0438\u043d \u0410\u0439\u0434\u044b\u043d"}]},{"@type":"WebSite","@id":"https:\/\/www.neolife.com.tr\/#website","url":"https:\/\/www.neolife.com.tr\/","name":"Neolife T\u0131p Merkezi","description":"T\u00fcrkiye&#039;de kanser tedavisi - kanser te\u015fhisi ve tedavisi","publisher":{"@id":"https:\/\/www.neolife.com.tr\/#organization"},"potentialAction":[{"@type":"SearchAction","target":{"@type":"EntryPoint","urlTemplate":"https:\/\/www.neolife.com.tr\/?s={search_term_string}"},"query-input":"required name=search_term_string"}],"inLanguage":"ru-RU"},{"@type":"Organization","@id":"https:\/\/www.neolife.com.tr\/#organization","name":"Neolife T\u0131p Merkezi","url":"https:\/\/www.neolife.com.tr\/","logo":{"@type":"ImageObject","inLanguage":"ru-RU","@id":"https:\/\/www.neolife.com.tr\/#\/schema\/logo\/image\/","url":"https:\/\/www.neolife.com.tr\/wp-content\/uploads\/2021\/06\/Neolife-Logo.png","contentUrl":"https:\/\/www.neolife.com.tr\/wp-content\/uploads\/2021\/06\/Neolife-Logo.png","width":348,"height":92,"caption":"Neolife T\u0131p Merkezi"},"image":{"@id":"https:\/\/www.neolife.com.tr\/#\/schema\/logo\/image\/"},"sameAs":["https:\/\/www.facebook.com\/NeoLifeIstanbul\/","https:\/\/x.com\/NeoLifeIstanbul","https:\/\/www.linkedin.com\/company\/neolife-oncology-center\/?originalSubdomain=tr"]}]}},"_links":{"self":[{"href":"https:\/\/www.neolife.com.tr\/ru\/wp-json\/wp\/v2\/pages\/26668","targetHints":{"allow":["GET"]}}],"collection":[{"href":"https:\/\/www.neolife.com.tr\/ru\/wp-json\/wp\/v2\/pages"}],"about":[{"href":"https:\/\/www.neolife.com.tr\/ru\/wp-json\/wp\/v2\/types\/page"}],"author":[{"embeddable":true,"href":"https:\/\/www.neolife.com.tr\/ru\/wp-json\/wp\/v2\/users\/13"}],"replies":[{"embeddable":true,"href":"https:\/\/www.neolife.com.tr\/ru\/wp-json\/wp\/v2\/comments?post=26668"}],"version-history":[{"count":4,"href":"https:\/\/www.neolife.com.tr\/ru\/wp-json\/wp\/v2\/pages\/26668\/revisions"}],"predecessor-version":[{"id":26673,"href":"https:\/\/www.neolife.com.tr\/ru\/wp-json\/wp\/v2\/pages\/26668\/revisions\/26673"}],"wp:attachment":[{"href":"https:\/\/www.neolife.com.tr\/ru\/wp-json\/wp\/v2\/media?parent=26668"}],"curies":[{"name":"wp","href":"https:\/\/api.w.org\/{rel}","templated":true}]}}