{"id":2418,"date":"2020-03-23T14:38:07","date_gmt":"2020-03-23T11:38:07","guid":{"rendered":"https:\/\/neolife.com.tr\/diagnostika-raka-nosoglotki-lechenie\/"},"modified":"2020-03-23T14:38:07","modified_gmt":"2020-03-23T11:38:07","slug":"diagnostika-raka-nosoglotki-lechenie","status":"publish","type":"page","link":"https:\/\/www.neolife.com.tr\/ru\/diagnostika-raka-nosoglotki-lechenie\/","title":{"rendered":"\u0414\u0438\u0430\u0433\u043d\u043e\u0437 \u0440\u0430\u043a\u0430 \u043d\u043e\u0441\u043e\u0433\u043b\u043e\u0442\u043a\u0438"},"content":{"rendered":"<h2 class=\"icindekiler\">\u041a\u0430\u043a \u0441\u0442\u0430\u0432\u044f\u0442 \u0434\u0438\u0430\u0433\u043d\u043e\u0437 \u0440\u0430\u043a\u0430 \u043d\u043e\u0441\u043e\u0433\u043b\u043e\u0442\u043a\u0438?<\/h2>\n<ul>\n<li><a href=\"#rak\">\u041a\u0430\u043a \u0441\u0442\u0430\u0432\u044f\u0442 \u0434\u0438\u0430\u0433\u043d\u043e\u0437 \u0440\u0430\u043a\u0430 \u043d\u043e\u0441\u043e\u0433\u043b\u043e\u0442\u043a\u0438?<\/a><\/li>\n<li><a href=\"#\u041a\u0430\u043a\">\u041a\u0430\u043a \u043e\u043f\u0440\u0435\u0434\u0435\u043b\u0438\u0442\u044c \u0440\u0430\u0441\u043f\u0440\u043e\u0441\u0442\u0440\u0430\u043d\u0435\u043d\u0438\u0435 \u0440\u0430\u043a\u0430 \u043d\u043e\u0441\u043e\u0433\u043b\u043e\u0442\u043a\u0438?<\/a><\/li>\n<\/ul>\n<p>&nbsp;<\/p>\n<div class=\"page-header\">\n<h3 id=\"rak\">\u041a\u0430\u043a \u0441\u0442\u0430\u0432\u044f\u0442 \u0434\u0438\u0430\u0433\u043d\u043e\u0437 \u0440\u0430\u043a\u0430 \u043d\u043e\u0441\u043e\u0433\u043b\u043e\u0442\u043a\u0438?<\/h3>\n<\/div>\n<p><strong>\u0421\u043b\u0435\u0434\u0443\u044e\u0449\u0438\u0435 \u0442\u0435\u0441\u0442\u044b \u0438 \u043f\u0440\u043e\u0446\u0435\u0434\u0443\u0440\u044b \u0438\u0441\u043f\u043e\u043b\u044c\u0437\u0443\u044e\u0442\u0441\u044f \u0434\u043b\u044f \u0434\u0438\u0430\u0433\u043d\u043e\u0441\u0442\u0438\u0440\u043e\u0432\u0430\u043d\u0438\u044f \u0440\u0430\u043a\u0430 \u043d\u043e\u0441\u043e\u0433\u043b\u043e\u0442\u043a\u0438:<\/strong><\/p>\n<p>\u2022 \u0424\u0438\u0437\u0438\u0447\u0435\u0441\u043a\u0438\u0439 \u043e\u0441\u043c\u043e\u0442\u0440: \u0414\u0438\u0430\u0433\u043d\u043e\u0441\u0442\u0438\u0440\u043e\u0432\u0430\u043d\u0438\u0435 \u0440\u0430\u043a\u0430 \u043d\u043e\u0441\u043e\u0433\u043b\u043e\u0442\u043a\u0438 \u043e\u0431\u044b\u0447\u043d\u043e \u043d\u0430\u0447\u0438\u043d\u0430\u0435\u0442\u0441\u044f \u0441 \u0434\u0435\u0442\u0430\u043b\u044c\u043d\u043e\u0433\u043e \u0444\u0438\u0437\u0438\u0447\u0435\u0441\u043a\u043e\u0433\u043e \u043e\u0441\u043c\u043e\u0442\u0440\u0430. \u0412\u0440\u0430\u0447 \u0441\u043f\u0440\u043e\u0441\u0438\u0442 \u043e \u0441\u0438\u043c\u043f\u0442\u043e\u043c\u0430\u0445. \u041e\u043d \/\u0430 \u043c\u043e\u0436\u0435\u0442 \u043d\u0430\u0436\u0430\u0442\u044c \u043d\u0430 \u0433\u043e\u0440\u043b\u043e, \u0447\u0442\u043e\u0431\u044b \u043f\u043e\u0447\u0443\u0432\u0441\u0442\u0432\u043e\u0432\u0430\u0442\u044c \u043e\u043f\u0443\u0445\u043e\u043b\u044c \u0432 \u043b\u0438\u043c\u0444\u0430\u0442\u0438\u0447\u0435\u0441\u043a\u0438\u0445 \u0443\u0437\u043b\u0430\u0445.<\/p>\n<p>\u2022 \u0418\u0441\u043f\u043e\u043b\u044c\u0437\u043e\u0432\u0430\u043d\u0438\u0435 \u043a\u0430\u043c\u0435\u0440\u044b \u0434\u043b\u044f \u043e\u0441\u043c\u043e\u0442\u0440\u0430 \u0432\u043d\u0443\u0442\u0440\u0435\u043d\u043d\u0435\u0439 \u043f\u043e\u0432\u0435\u0440\u0445\u043d\u043e\u0441\u0442\u0438 \u043d\u043e\u0441\u043e\u0433\u043b\u043e\u0442\u043a\u0438: \u0415\u0441\u043b\u0438 \u0435\u0441\u0442\u044c \u043f\u043e\u0434\u043e\u0437\u0440\u0435\u043d\u0438\u0435 \u0440\u0430\u043a\u0430 \u043d\u043e\u0441\u043e\u0433\u043b\u043e\u0442\u043a\u0438, \u0432\u0440\u0430\u0447 \u043c\u043e\u0436\u0435\u0442 \u0440\u0435\u043a\u043e\u043c\u0435\u043d\u0434\u043e\u0432\u0430\u0442\u044c \u043d\u0430\u0437\u0430\u043b\u044c\u043d\u0443\u044e \u044d\u043d\u0434\u043e\u0441\u043a\u043e\u043f\u0438\u044e. \u041f\u0440\u0438 \u044d\u0442\u043e\u0439 \u043f\u0440\u043e\u0446\u0435\u0434\u0443\u0440\u0435 \u0438\u0441\u043f\u043e\u043b\u044c\u0437\u0443\u0435\u0442\u0441\u044f \u0442\u043e\u043d\u043a\u0430\u044f \u0438 \u0433\u0438\u0431\u043a\u0430\u044f \u0442\u0440\u0443\u0431\u043a\u0430 \u0441 \u043a\u0430\u043c\u0435\u0440\u043e\u0439 \u043d\u0430 \u043a\u043e\u043d\u0446\u0435 \u0434\u043b\u044f \u043e\u0441\u043c\u043e\u0442\u0440\u0430 \u0432\u043d\u0443\u0442\u0440\u0435\u043d\u043d\u0435\u0439 \u043f\u043e\u0432\u0435\u0440\u0445\u043d\u043e\u0441\u0442\u0438 \u043d\u043e\u0441\u043e\u0433\u043b\u043e\u0442\u043a\u0438 \u0438 \u043f\u043e\u0438\u0441\u043a\u0430 \u043f\u0430\u0442\u043e\u043b\u043e\u0433\u0438\u0447\u0435\u0441\u043a\u0438\u0445 \u0438\u0437\u043c\u0435\u043d\u0435\u043d\u0438\u0439. \u041a\u0430\u043c\u0435\u0440\u0430 \u043c\u043e\u0436\u0435\u0442 \u0431\u044b\u0442\u044c \u0432\u0441\u0442\u0430\u0432\u043b\u0435\u043d\u0430 \u0447\u0435\u0440\u0435\u0437 \u043d\u043e\u0441 \u0438\u043b\u0438 \u043e\u0442\u0432\u0435\u0440\u0441\u0442\u0438\u0435 \u0432 \u0437\u0430\u0434\u043d\u0435\u0439 \u0441\u0442\u0435\u043d\u043a\u0438 \u0433\u043b\u043e\u0442\u043a\u0438, \u043a\u043e\u0442\u043e\u0440\u043e\u0435 \u0432\u0435\u0434\u0435\u0442 \u0432 \u043d\u043e\u0441\u043e\u0433\u043b\u043e\u0442\u043a\u0443. \u0414\u043b\u044f \u043d\u0430\u0437\u0430\u043b\u044c\u043d\u043e\u0439 \u044d\u043d\u0434\u043e\u0441\u043a\u043e\u043f\u0438\u0438 \u043c\u043e\u0436\u0435\u0442 \u043f\u043e\u0442\u0440\u0435\u0431\u043e\u0432\u0430\u0442\u044c\u0441\u044f \u043c\u0435\u0441\u0442\u043d\u0430\u044f \u0430\u043d\u0435\u0441\u0442\u0435\u0437\u0438\u044f.<\/p>\n<p>\u2022 \u0421\u0431\u043e\u0440 \u043e\u0431\u0440\u0430\u0437\u0446\u0430 \u043f\u043e\u0434\u043e\u0437\u0440\u0438\u0442\u0435\u043b\u044c\u043d\u044b\u0445 \u043a\u043b\u0435\u0442\u043e\u043a: \u0412\u0440\u0430\u0447 \u043c\u043e\u0436\u0435\u0442 \u0432\u0437\u044f\u0442\u044c \u043d\u0435\u0431\u043e\u043b\u044c\u0448\u043e\u0439 \u043e\u0431\u0440\u0430\u0437\u0435\u0446 \u0442\u043a\u0430\u043d\u0438 (\u0431\u0438\u043e\u043f\u0441\u0438\u044e), \u0438\u0441\u043f\u043e\u043b\u044c\u0437\u0443\u044f \u044d\u043d\u0434\u043e\u0441\u043a\u043e\u043f \u0438\u043b\u0438 \u0434\u0440\u0443\u0433\u043e\u0439 \u0438\u043d\u0441\u0442\u0440\u0443\u043c\u0435\u043d\u0442, \u0447\u0442\u043e\u0431\u044b \u043f\u0440\u043e\u0432\u0435\u0440\u0438\u0442\u044c \u0442\u043a\u0430\u043d\u044c \u043d\u0430 \u043d\u0430\u043b\u0438\u0447\u0438\u0435 \u0440\u0430\u043a\u0430.<\/p>\n<p><img fetchpriority=\"high\" decoding=\"async\" src=\"https:\/\/neolife.com.tr\/wp-content\/uploads\/2020\/03\/d0b4d0b8d0b0d0b3d0bdd0bed0b7-d180d0b0d0bad0b0-d0bdd0bed181d0bed0b3d0bbd0bed182d0bad0b8.jpg\" alt=\"\" width=\"800\" height=\"400\" class=\"alignnone size-full wp-image-6736\" \/><\/p>\n<h3 id=\"\u041a\u0430\u043a\">\u041a\u0430\u043a \u043e\u043f\u0440\u0435\u0434\u0435\u043b\u0438\u0442\u044c \u0440\u0430\u0441\u043f\u0440\u043e\u0441\u0442\u0440\u0430\u043d\u0435\u043d\u0438\u0435 \u0440\u0430\u043a\u0430 \u043d\u043e\u0441\u043e\u0433\u043b\u043e\u0442\u043a\u0438?<\/h3>\n<p>\u041f\u043e\u0441\u043b\u0435 \u0442\u043e\u0433\u043e, \u043a\u0430\u043a \u0434\u0438\u0430\u0433\u043d\u043e\u0437 \u0440\u0430\u043a\u0430 \u043f\u043e\u0434\u0442\u0432\u0435\u0440\u0436\u0434\u0435\u043d, \u0432\u0440\u0430\u0447 \u043d\u0430\u0437\u043d\u0430\u0447\u0438\u0442 \u043e\u043f\u0440\u0435\u0434\u0435\u043b\u0435\u043d\u043d\u044b\u0435 \u0430\u043d\u0430\u043b\u0438\u0437\u044b \u0438 \u0438\u0441\u0441\u043b\u0435\u0434\u043e\u0432\u0430\u043d\u0438\u044f, \u0442\u0430\u043a\u0438\u0435 \u043a\u0430\u043a \u0432\u0438\u0437\u0443\u0430\u043b\u0438\u0437\u0438\u0440\u0443\u044e\u0449\u0438\u0435 \u0438\u0441\u0441\u043b\u0435\u0434\u043e\u0432\u0430\u043d\u0438\u044f, \u0447\u0442\u043e\u0431\u044b \u043e\u043f\u0440\u0435\u0434\u0435\u043b\u0438\u0442\u044c \u0441\u0442\u0430\u0434\u0438\u044e \u0440\u0430\u043a\u0430.<\/p>\n<p><strong>\u0412\u0438\u0437\u0443\u0430\u043b\u0438\u0437\u0438\u0440\u0443\u044e\u0449\u0438\u0435 \u0438\u0441\u0441\u043b\u0435\u0434\u043e\u0432\u0430\u043d\u0438\u044f \u0432\u043a\u043b\u044e\u0447\u0430\u044e\u0442 \u0441\u043b\u0435\u0434\u0443\u044e\u0449\u0435\u0435:<\/strong><\/p>\n<p>\u2022 \u041a\u043e\u043c\u043f\u044c\u044e\u0442\u0435\u0440\u043d\u0430\u044f \u0442\u043e\u043c\u043e\u0433\u0440\u0430\u0444\u0438\u044f (\u041a\u0422)<br \/>\n\u2022 \u041c\u0420\u0418 (\u043c\u0430\u0433\u043d\u0438\u0442\u043d\u043e-\u0440\u0435\u0437\u043e\u043d\u0430\u043d\u0441\u043d\u043e\u0435 \u0438\u0441\u0441\u043b\u0435\u0434\u043e\u0432\u0430\u043d\u0438\u0435)<br \/>\n\u2022 \u041f\u043e\u0437\u0438\u0442\u0440\u043e\u043d\u043d\u043e-\u044d\u043c\u0438\u0441\u0441\u0438\u043e\u043d\u043d\u0430\u044f \u0442\u043e\u043c\u043e\u0433\u0440\u0430\u0444\u0438\u044f (\u041f\u042d\u0422)<br \/>\n\u2022 \u0420\u0435\u043d\u0442\u0433\u0435\u043d<\/p>\n<p>\u041f\u043e\u0441\u043b\u0435 \u0442\u043e\u0433\u043e, \u043a\u0430\u043a \u0441\u0442\u0430\u0434\u0438\u044f \u0440\u0430\u043a\u0430 \u043e\u043f\u0440\u0435\u0434\u0435\u043b\u0435\u043d\u0430, \u0434\u043b\u044f \u043e\u0431\u043e\u0437\u043d\u0430\u0447\u0435\u043d\u0438\u044f \u0441\u0442\u0430\u0434\u0438\u0438 \u0438\u0441\u043f\u043e\u043b\u044c\u0437\u0443\u044e\u0442\u0441\u044f \u0440\u0438\u043c\u0441\u043a\u0438\u0435 \u0446\u0438\u0444\u0440\u044b. \u0421\u0442\u0430\u0434\u0438\u0438 \u0440\u0430\u043a\u0430 \u043d\u043e\u0441\u043e\u0433\u043b\u043e\u0442\u043a\u0438 \u043e\u0431\u043e\u0437\u043d\u0430\u0447\u0430\u044e\u0442\u0441\u044f \u0446\u0438\u0444\u0440\u0430\u043c\u0438 \u043e\u0442 I \u0434\u043e IV. \u0421\u0442\u0430\u0434\u0438\u044f \u0438 \u043d\u0435\u0441\u043a\u043e\u043b\u044c\u043a\u043e \u0434\u0440\u0443\u0433\u0438\u0445 \u0444\u0430\u043a\u0442\u043e\u0440\u043e\u0432 \u0431\u0443\u0434\u0443\u0442 \u043e\u043f\u0440\u0435\u0434\u0435\u043b\u044f\u0442\u044c \u043f\u043b\u0430\u043d \u043b\u0435\u0447\u0435\u043d\u0438\u044f \u0438 \u043f\u0440\u043e\u0433\u043d\u043e\u0437. \u041d\u0435\u0431\u043e\u043b\u044c\u0448\u0438\u0435 \u0440\u0430\u043a\u043e\u0432\u044b\u0435 \u043e\u0431\u0440\u0430\u0437\u043e\u0432\u0430\u043d\u0438\u044f, \u043e\u0433\u0440\u0430\u043d\u0438\u0447\u0438\u0432\u0430\u044e\u0449\u0438\u0435\u0441\u044f \u043d\u043e\u0441\u043e\u0433\u043b\u043e\u0442\u043a\u043e\u0439, \u043e\u0431\u043e\u0437\u043d\u0430\u0447\u0430\u044e\u0442\u0441\u044f \u043c\u0435\u043d\u044c\u0448\u0438\u043c\u0438 \u0446\u0438\u0444\u0440\u0430\u043c\u0438. \u0421 \u0434\u0440\u0443\u0433\u043e\u0439 \u0441\u0442\u043e\u0440\u043e\u043d\u044b, \u0431\u043e\u043b\u0435\u0435 \u0432\u044b\u0441\u043e\u043a\u0438\u0435 \u0446\u0438\u0444\u0440\u044b \u0443\u043a\u0430\u0437\u044b\u0432\u0430\u044e\u0442 \u043d\u0430 \u0440\u0430\u043a, \u043a\u043e\u0442\u043e\u0440\u044b\u0439 \u0432\u044b\u0448\u0435\u043b \u0437\u0430 \u043f\u0440\u0435\u0434\u0435\u043b\u044b \u043d\u043e\u0441\u043e\u0433\u043b\u043e\u0442\u043a\u0438 \u043d\u0430 \u043b\u0438\u043c\u0444\u0430\u0442\u0438\u0447\u0435\u0441\u043a\u0438\u0435 \u0443\u0437\u043b\u044b \u0448\u0435\u0438 \u0438\u043b\u0438 \u043d\u0430 \u0434\u0440\u0443\u0433\u0438\u0435 \u0447\u0430\u0441\u0442\u0438 \u0442\u0435\u043b\u0430.<\/p>\n","protected":false},"excerpt":{"rendered":"<p>\u041a\u0430\u043a \u0441\u0442\u0430\u0432\u044f\u0442 \u0434\u0438\u0430\u0433\u043d\u043e\u0437 \u0440\u0430\u043a\u0430 \u043d\u043e\u0441\u043e\u0433\u043b\u043e\u0442\u043a\u0438? \u041a\u0430\u043a \u0441\u0442\u0430\u0432\u044f\u0442 \u0434\u0438\u0430\u0433\u043d\u043e\u0437 \u0440\u0430\u043a\u0430 \u043d\u043e\u0441\u043e\u0433\u043b\u043e\u0442\u043a\u0438? \u041a\u0430\u043a \u043e\u043f\u0440\u0435\u0434\u0435\u043b\u0438\u0442\u044c \u0440\u0430\u0441\u043f\u0440\u043e\u0441\u0442\u0440\u0430\u043d\u0435\u043d\u0438\u0435 \u0440\u0430\u043a\u0430 \u043d\u043e\u0441\u043e\u0433\u043b\u043e\u0442\u043a\u0438? &nbsp; \u041a\u0430\u043a \u0441\u0442\u0430\u0432\u044f\u0442 \u0434\u0438\u0430\u0433\u043d\u043e\u0437 \u0440\u0430\u043a\u0430 \u043d\u043e\u0441\u043e\u0433\u043b\u043e\u0442\u043a\u0438? \u0421\u043b\u0435\u0434\u0443\u044e\u0449\u0438\u0435 \u0442\u0435\u0441\u0442\u044b \u0438 \u043f\u0440\u043e\u0446\u0435\u0434\u0443\u0440\u044b \u0438\u0441\u043f\u043e\u043b\u044c\u0437\u0443\u044e\u0442\u0441\u044f \u0434\u043b\u044f \u0434\u0438\u0430\u0433\u043d\u043e\u0441\u0442\u0438\u0440\u043e\u0432\u0430\u043d\u0438\u044f \u0440\u0430\u043a\u0430 \u043d\u043e\u0441\u043e\u0433\u043b\u043e\u0442\u043a\u0438: \u2022 \u0424\u0438\u0437\u0438\u0447\u0435\u0441\u043a\u0438\u0439 \u043e\u0441\u043c\u043e\u0442\u0440: \u0414\u0438\u0430\u0433\u043d\u043e\u0441\u0442\u0438\u0440\u043e\u0432\u0430\u043d\u0438\u0435 \u0440\u0430\u043a\u0430 \u043d\u043e\u0441\u043e\u0433\u043b\u043e\u0442\u043a\u0438 \u043e\u0431\u044b\u0447\u043d\u043e \u043d\u0430\u0447\u0438\u043d\u0430\u0435\u0442\u0441\u044f \u0441 \u0434\u0435\u0442\u0430\u043b\u044c\u043d\u043e\u0433\u043e \u0444\u0438\u0437\u0438\u0447\u0435\u0441\u043a\u043e\u0433\u043e \u043e\u0441\u043c\u043e\u0442\u0440\u0430. \u0412\u0440\u0430\u0447 \u0441\u043f\u0440\u043e\u0441\u0438\u0442 \u043e \u0441\u0438\u043c\u043f\u0442\u043e\u043c\u0430\u0445. \u041e\u043d \/\u0430 \u043c\u043e\u0436\u0435\u0442 \u043d\u0430\u0436\u0430\u0442\u044c \u043d\u0430 \u0433\u043e\u0440\u043b\u043e, \u0447\u0442\u043e\u0431\u044b \u043f\u043e\u0447\u0443\u0432\u0441\u0442\u0432\u043e\u0432\u0430\u0442\u044c \u043e\u043f\u0443\u0445\u043e\u043b\u044c [&hellip;]<\/p>\n","protected":false},"author":3,"featured_media":2424,"parent":0,"menu_order":0,"comment_status":"open","ping_status":"open","template":"","meta":{"footnotes":""},"class_list":["post-2418","page","type-page","status-publish","has-post-thumbnail","hentry"],"yoast_head":"<!-- This site is optimized with the Yoast SEO plugin v22.5 - https:\/\/yoast.com\/wordpress\/plugins\/seo\/ -->\n<title>\u041b\u0435\u0447\u0435\u043d\u0438\u0435 \u0440\u0430\u043a\u0430 \u0432 \u0422\u0443\u0440\u0446\u0438\u0438- \u041e\u043d\u043a\u043e\u043b\u043e\u0433\u0438\u0447\u0435\u043a\u0438\u0439 \u0446\u0435\u043d\u0442\u0440 \u041d\u0435\u043e\u043b\u0430\u0439\u0444<\/title>\n<meta name=\"description\" content=\"\u041b\u0435\u0447\u0435\u043d\u0438\u0435 \u0440\u0430\u043a\u0430 \u0432 \u0422\u0443\u0440\u0446\u0438\u0438- \u041e\u043d\u043a\u043e\u043b\u043e\u0433\u0438\u0447\u0435\u043a\u0438\u0439 \u0446\u0435\u043d\u0442\u0440 \u041d\u0435\u043e\u043b\u0430\u0439\u0444 \u041a\u0430\u043a \u0441\u0442\u0430\u0432\u044f\u0442 \u0434\u0438\u0430\u0433\u043d\u043e\u0437 \u0440\u0430\u043a\u0430 \u043d\u043e\u0441\u043e\u0433\u043b\u043e\u0442\u043a\u0438? \u0414\u0438\u0430\u0433\u043d\u043e\u0441\u0442\u0438\u0440\u043e\u0432\u0430\u043d\u0438\u0435 \u0440\u0430\u043a\u0430 \u043d\u043e\u0441\u043e\u0433\u043b\u043e\u0442\u043a\u0438 \u043e\u0431\u044b\u0447\u043d\u043e \u043d\u0430\u0447\u0438\u043d\u0430\u0435\u0442\u0441\u044f \u0441 \u0434\u0435\u0442\u0430\u043b\u044c\u043d\u043e\u0433\u043e \u0444\u0438\u0437\u0438\u0447\u0435\u0441\u043a\u043e\u0433\u043e \u043e\u0441\u043c\u043e\u0442\u0440\u0430.\" \/>\n<meta name=\"robots\" content=\"index, follow, max-snippet:-1, max-image-preview:large, max-video-preview:-1\" \/>\n<link rel=\"canonical\" href=\"https:\/\/www.neolife.com.tr\/ru\/diagnostika-raka-nosoglotki-lechenie\/\" \/>\n<script type=\"application\/ld+json\" class=\"yoast-schema-graph\">{\"@context\":\"https:\/\/schema.org\",\"@graph\":[{\"@type\":\"WebPage\",\"@id\":\"https:\/\/www.neolife.com.tr\/ru\/diagnostika-raka-nosoglotki-lechenie\/\",\"url\":\"https:\/\/www.neolife.com.tr\/ru\/diagnostika-raka-nosoglotki-lechenie\/\",\"name\":\"\u041b\u0435\u0447\u0435\u043d\u0438\u0435 \u0440\u0430\u043a\u0430 \u0432 \u0422\u0443\u0440\u0446\u0438\u0438- \u041e\u043d\u043a\u043e\u043b\u043e\u0433\u0438\u0447\u0435\u043a\u0438\u0439 \u0446\u0435\u043d\u0442\u0440 \u041d\u0435\u043e\u043b\u0430\u0439\u0444\",\"isPartOf\":{\"@id\":\"https:\/\/www.neolife.com.tr\/#website\"},\"primaryImageOfPage\":{\"@id\":\"https:\/\/www.neolife.com.tr\/ru\/diagnostika-raka-nosoglotki-lechenie\/#primaryimage\"},\"image\":{\"@id\":\"https:\/\/www.neolife.com.tr\/ru\/diagnostika-raka-nosoglotki-lechenie\/#primaryimage\"},\"thumbnailUrl\":\"https:\/\/www.neolife.com.tr\/wp-content\/uploads\/2020\/03\/d0bad0b0d0ba-d181d182d0b0d0b2d18fd182-d0b4d0b8d0b0d0b3d0bdd0bed0b7-d180d0b0d0bad0b0-d0bdd0bed181d0bed0b3d0bbd0bed182d0bad0b8.jpg\",\"datePublished\":\"2020-03-23T11:38:07+00:00\",\"dateModified\":\"2020-03-23T11:38:07+00:00\",\"description\":\"\u041b\u0435\u0447\u0435\u043d\u0438\u0435 \u0440\u0430\u043a\u0430 \u0432 \u0422\u0443\u0440\u0446\u0438\u0438- \u041e\u043d\u043a\u043e\u043b\u043e\u0433\u0438\u0447\u0435\u043a\u0438\u0439 \u0446\u0435\u043d\u0442\u0440 \u041d\u0435\u043e\u043b\u0430\u0439\u0444 \u041a\u0430\u043a \u0441\u0442\u0430\u0432\u044f\u0442 \u0434\u0438\u0430\u0433\u043d\u043e\u0437 \u0440\u0430\u043a\u0430 \u043d\u043e\u0441\u043e\u0433\u043b\u043e\u0442\u043a\u0438? \u0414\u0438\u0430\u0433\u043d\u043e\u0441\u0442\u0438\u0440\u043e\u0432\u0430\u043d\u0438\u0435 \u0440\u0430\u043a\u0430 \u043d\u043e\u0441\u043e\u0433\u043b\u043e\u0442\u043a\u0438 \u043e\u0431\u044b\u0447\u043d\u043e \u043d\u0430\u0447\u0438\u043d\u0430\u0435\u0442\u0441\u044f \u0441 \u0434\u0435\u0442\u0430\u043b\u044c\u043d\u043e\u0433\u043e \u0444\u0438\u0437\u0438\u0447\u0435\u0441\u043a\u043e\u0433\u043e \u043e\u0441\u043c\u043e\u0442\u0440\u0430.\",\"breadcrumb\":{\"@id\":\"https:\/\/www.neolife.com.tr\/ru\/diagnostika-raka-nosoglotki-lechenie\/#breadcrumb\"},\"inLanguage\":\"ru-RU\",\"potentialAction\":[{\"@type\":\"ReadAction\",\"target\":[\"https:\/\/www.neolife.com.tr\/ru\/diagnostika-raka-nosoglotki-lechenie\/\"]}]},{\"@type\":\"ImageObject\",\"inLanguage\":\"ru-RU\",\"@id\":\"https:\/\/www.neolife.com.tr\/ru\/diagnostika-raka-nosoglotki-lechenie\/#primaryimage\",\"url\":\"https:\/\/www.neolife.com.tr\/wp-content\/uploads\/2020\/03\/d0bad0b0d0ba-d181d182d0b0d0b2d18fd182-d0b4d0b8d0b0d0b3d0bdd0bed0b7-d180d0b0d0bad0b0-d0bdd0bed181d0bed0b3d0bbd0bed182d0bad0b8.jpg\",\"contentUrl\":\"https:\/\/www.neolife.com.tr\/wp-content\/uploads\/2020\/03\/d0bad0b0d0ba-d181d182d0b0d0b2d18fd182-d0b4d0b8d0b0d0b3d0bdd0bed0b7-d180d0b0d0bad0b0-d0bdd0bed181d0bed0b3d0bbd0bed182d0bad0b8.jpg\",\"width\":500,\"height\":500},{\"@type\":\"BreadcrumbList\",\"@id\":\"https:\/\/www.neolife.com.tr\/ru\/diagnostika-raka-nosoglotki-lechenie\/#breadcrumb\",\"itemListElement\":[{\"@type\":\"ListItem\",\"position\":1,\"name\":\"Ana Sayfa\",\"item\":\"https:\/\/www.neolife.com.tr\/ru\/\"},{\"@type\":\"ListItem\",\"position\":2,\"name\":\"\u0414\u0438\u0430\u0433\u043d\u043e\u0437 \u0440\u0430\u043a\u0430 \u043d\u043e\u0441\u043e\u0433\u043b\u043e\u0442\u043a\u0438\"}]},{\"@type\":\"WebSite\",\"@id\":\"https:\/\/www.neolife.com.tr\/#website\",\"url\":\"https:\/\/www.neolife.com.tr\/\",\"name\":\"Neolife T\u0131p Merkezi\",\"description\":\"T\u00fcrkiye&#039;de kanser tedavisi - kanser te\u015fhisi ve tedavisi\",\"publisher\":{\"@id\":\"https:\/\/www.neolife.com.tr\/#organization\"},\"potentialAction\":[{\"@type\":\"SearchAction\",\"target\":{\"@type\":\"EntryPoint\",\"urlTemplate\":\"https:\/\/www.neolife.com.tr\/?s={search_term_string}\"},\"query-input\":\"required name=search_term_string\"}],\"inLanguage\":\"ru-RU\"},{\"@type\":\"Organization\",\"@id\":\"https:\/\/www.neolife.com.tr\/#organization\",\"name\":\"Neolife T\u0131p Merkezi\",\"url\":\"https:\/\/www.neolife.com.tr\/\",\"logo\":{\"@type\":\"ImageObject\",\"inLanguage\":\"ru-RU\",\"@id\":\"https:\/\/www.neolife.com.tr\/#\/schema\/logo\/image\/\",\"url\":\"https:\/\/www.neolife.com.tr\/wp-content\/uploads\/2021\/06\/Neolife-Logo.png\",\"contentUrl\":\"https:\/\/www.neolife.com.tr\/wp-content\/uploads\/2021\/06\/Neolife-Logo.png\",\"width\":348,\"height\":92,\"caption\":\"Neolife T\u0131p Merkezi\"},\"image\":{\"@id\":\"https:\/\/www.neolife.com.tr\/#\/schema\/logo\/image\/\"},\"sameAs\":[\"https:\/\/www.facebook.com\/NeoLifeIstanbul\/\",\"https:\/\/x.com\/NeoLifeIstanbul\",\"https:\/\/www.linkedin.com\/company\/neolife-oncology-center\/?originalSubdomain=tr\"]}]}<\/script>\n<!-- \/ Yoast SEO plugin. -->","yoast_head_json":{"title":"\u041b\u0435\u0447\u0435\u043d\u0438\u0435 \u0440\u0430\u043a\u0430 \u0432 \u0422\u0443\u0440\u0446\u0438\u0438- \u041e\u043d\u043a\u043e\u043b\u043e\u0433\u0438\u0447\u0435\u043a\u0438\u0439 \u0446\u0435\u043d\u0442\u0440 \u041d\u0435\u043e\u043b\u0430\u0439\u0444","description":"\u041b\u0435\u0447\u0435\u043d\u0438\u0435 \u0440\u0430\u043a\u0430 \u0432 \u0422\u0443\u0440\u0446\u0438\u0438- \u041e\u043d\u043a\u043e\u043b\u043e\u0433\u0438\u0447\u0435\u043a\u0438\u0439 \u0446\u0435\u043d\u0442\u0440 \u041d\u0435\u043e\u043b\u0430\u0439\u0444 \u041a\u0430\u043a \u0441\u0442\u0430\u0432\u044f\u0442 \u0434\u0438\u0430\u0433\u043d\u043e\u0437 \u0440\u0430\u043a\u0430 \u043d\u043e\u0441\u043e\u0433\u043b\u043e\u0442\u043a\u0438? \u0414\u0438\u0430\u0433\u043d\u043e\u0441\u0442\u0438\u0440\u043e\u0432\u0430\u043d\u0438\u0435 \u0440\u0430\u043a\u0430 \u043d\u043e\u0441\u043e\u0433\u043b\u043e\u0442\u043a\u0438 \u043e\u0431\u044b\u0447\u043d\u043e \u043d\u0430\u0447\u0438\u043d\u0430\u0435\u0442\u0441\u044f \u0441 \u0434\u0435\u0442\u0430\u043b\u044c\u043d\u043e\u0433\u043e \u0444\u0438\u0437\u0438\u0447\u0435\u0441\u043a\u043e\u0433\u043e \u043e\u0441\u043c\u043e\u0442\u0440\u0430.","robots":{"index":"index","follow":"follow","max-snippet":"max-snippet:-1","max-image-preview":"max-image-preview:large","max-video-preview":"max-video-preview:-1"},"canonical":"https:\/\/www.neolife.com.tr\/ru\/diagnostika-raka-nosoglotki-lechenie\/","schema":{"@context":"https:\/\/schema.org","@graph":[{"@type":"WebPage","@id":"https:\/\/www.neolife.com.tr\/ru\/diagnostika-raka-nosoglotki-lechenie\/","url":"https:\/\/www.neolife.com.tr\/ru\/diagnostika-raka-nosoglotki-lechenie\/","name":"\u041b\u0435\u0447\u0435\u043d\u0438\u0435 \u0440\u0430\u043a\u0430 \u0432 \u0422\u0443\u0440\u0446\u0438\u0438- \u041e\u043d\u043a\u043e\u043b\u043e\u0433\u0438\u0447\u0435\u043a\u0438\u0439 \u0446\u0435\u043d\u0442\u0440 \u041d\u0435\u043e\u043b\u0430\u0439\u0444","isPartOf":{"@id":"https:\/\/www.neolife.com.tr\/#website"},"primaryImageOfPage":{"@id":"https:\/\/www.neolife.com.tr\/ru\/diagnostika-raka-nosoglotki-lechenie\/#primaryimage"},"image":{"@id":"https:\/\/www.neolife.com.tr\/ru\/diagnostika-raka-nosoglotki-lechenie\/#primaryimage"},"thumbnailUrl":"https:\/\/www.neolife.com.tr\/wp-content\/uploads\/2020\/03\/d0bad0b0d0ba-d181d182d0b0d0b2d18fd182-d0b4d0b8d0b0d0b3d0bdd0bed0b7-d180d0b0d0bad0b0-d0bdd0bed181d0bed0b3d0bbd0bed182d0bad0b8.jpg","datePublished":"2020-03-23T11:38:07+00:00","dateModified":"2020-03-23T11:38:07+00:00","description":"\u041b\u0435\u0447\u0435\u043d\u0438\u0435 \u0440\u0430\u043a\u0430 \u0432 \u0422\u0443\u0440\u0446\u0438\u0438- \u041e\u043d\u043a\u043e\u043b\u043e\u0433\u0438\u0447\u0435\u043a\u0438\u0439 \u0446\u0435\u043d\u0442\u0440 \u041d\u0435\u043e\u043b\u0430\u0439\u0444 \u041a\u0430\u043a \u0441\u0442\u0430\u0432\u044f\u0442 \u0434\u0438\u0430\u0433\u043d\u043e\u0437 \u0440\u0430\u043a\u0430 \u043d\u043e\u0441\u043e\u0433\u043b\u043e\u0442\u043a\u0438? \u0414\u0438\u0430\u0433\u043d\u043e\u0441\u0442\u0438\u0440\u043e\u0432\u0430\u043d\u0438\u0435 \u0440\u0430\u043a\u0430 \u043d\u043e\u0441\u043e\u0433\u043b\u043e\u0442\u043a\u0438 \u043e\u0431\u044b\u0447\u043d\u043e \u043d\u0430\u0447\u0438\u043d\u0430\u0435\u0442\u0441\u044f \u0441 \u0434\u0435\u0442\u0430\u043b\u044c\u043d\u043e\u0433\u043e \u0444\u0438\u0437\u0438\u0447\u0435\u0441\u043a\u043e\u0433\u043e \u043e\u0441\u043c\u043e\u0442\u0440\u0430.","breadcrumb":{"@id":"https:\/\/www.neolife.com.tr\/ru\/diagnostika-raka-nosoglotki-lechenie\/#breadcrumb"},"inLanguage":"ru-RU","potentialAction":[{"@type":"ReadAction","target":["https:\/\/www.neolife.com.tr\/ru\/diagnostika-raka-nosoglotki-lechenie\/"]}]},{"@type":"ImageObject","inLanguage":"ru-RU","@id":"https:\/\/www.neolife.com.tr\/ru\/diagnostika-raka-nosoglotki-lechenie\/#primaryimage","url":"https:\/\/www.neolife.com.tr\/wp-content\/uploads\/2020\/03\/d0bad0b0d0ba-d181d182d0b0d0b2d18fd182-d0b4d0b8d0b0d0b3d0bdd0bed0b7-d180d0b0d0bad0b0-d0bdd0bed181d0bed0b3d0bbd0bed182d0bad0b8.jpg","contentUrl":"https:\/\/www.neolife.com.tr\/wp-content\/uploads\/2020\/03\/d0bad0b0d0ba-d181d182d0b0d0b2d18fd182-d0b4d0b8d0b0d0b3d0bdd0bed0b7-d180d0b0d0bad0b0-d0bdd0bed181d0bed0b3d0bbd0bed182d0bad0b8.jpg","width":500,"height":500},{"@type":"BreadcrumbList","@id":"https:\/\/www.neolife.com.tr\/ru\/diagnostika-raka-nosoglotki-lechenie\/#breadcrumb","itemListElement":[{"@type":"ListItem","position":1,"name":"Ana Sayfa","item":"https:\/\/www.neolife.com.tr\/ru\/"},{"@type":"ListItem","position":2,"name":"\u0414\u0438\u0430\u0433\u043d\u043e\u0437 \u0440\u0430\u043a\u0430 \u043d\u043e\u0441\u043e\u0433\u043b\u043e\u0442\u043a\u0438"}]},{"@type":"WebSite","@id":"https:\/\/www.neolife.com.tr\/#website","url":"https:\/\/www.neolife.com.tr\/","name":"Neolife T\u0131p Merkezi","description":"T\u00fcrkiye&#039;de kanser tedavisi - kanser te\u015fhisi ve tedavisi","publisher":{"@id":"https:\/\/www.neolife.com.tr\/#organization"},"potentialAction":[{"@type":"SearchAction","target":{"@type":"EntryPoint","urlTemplate":"https:\/\/www.neolife.com.tr\/?s={search_term_string}"},"query-input":"required name=search_term_string"}],"inLanguage":"ru-RU"},{"@type":"Organization","@id":"https:\/\/www.neolife.com.tr\/#organization","name":"Neolife T\u0131p Merkezi","url":"https:\/\/www.neolife.com.tr\/","logo":{"@type":"ImageObject","inLanguage":"ru-RU","@id":"https:\/\/www.neolife.com.tr\/#\/schema\/logo\/image\/","url":"https:\/\/www.neolife.com.tr\/wp-content\/uploads\/2021\/06\/Neolife-Logo.png","contentUrl":"https:\/\/www.neolife.com.tr\/wp-content\/uploads\/2021\/06\/Neolife-Logo.png","width":348,"height":92,"caption":"Neolife T\u0131p Merkezi"},"image":{"@id":"https:\/\/www.neolife.com.tr\/#\/schema\/logo\/image\/"},"sameAs":["https:\/\/www.facebook.com\/NeoLifeIstanbul\/","https:\/\/x.com\/NeoLifeIstanbul","https:\/\/www.linkedin.com\/company\/neolife-oncology-center\/?originalSubdomain=tr"]}]}},"_links":{"self":[{"href":"https:\/\/www.neolife.com.tr\/ru\/wp-json\/wp\/v2\/pages\/2418","targetHints":{"allow":["GET"]}}],"collection":[{"href":"https:\/\/www.neolife.com.tr\/ru\/wp-json\/wp\/v2\/pages"}],"about":[{"href":"https:\/\/www.neolife.com.tr\/ru\/wp-json\/wp\/v2\/types\/page"}],"author":[{"embeddable":true,"href":"https:\/\/www.neolife.com.tr\/ru\/wp-json\/wp\/v2\/users\/3"}],"replies":[{"embeddable":true,"href":"https:\/\/www.neolife.com.tr\/ru\/wp-json\/wp\/v2\/comments?post=2418"}],"version-history":[{"count":0,"href":"https:\/\/www.neolife.com.tr\/ru\/wp-json\/wp\/v2\/pages\/2418\/revisions"}],"wp:featuredmedia":[{"embeddable":true,"href":"https:\/\/www.neolife.com.tr\/ru\/wp-json\/wp\/v2\/media\/2424"}],"wp:attachment":[{"href":"https:\/\/www.neolife.com.tr\/ru\/wp-json\/wp\/v2\/media?parent=2418"}],"curies":[{"name":"wp","href":"https:\/\/api.w.org\/{rel}","templated":true}]}}