{"id":2403,"date":"2020-03-11T10:59:05","date_gmt":"2020-03-11T07:59:05","guid":{"rendered":"https:\/\/neolife.com.tr\/landing-page-1\/"},"modified":"2021-08-12T09:47:03","modified_gmt":"2021-08-12T06:47:03","slug":"landing-page-1","status":"publish","type":"page","link":"https:\/\/www.neolife.com.tr\/ru\/landing-page-1\/","title":{"rendered":"Landing page 1"},"content":{"rendered":"<p><\/p>\n<h3 id=\"rak-jeludka\" data-id=\"#rak-jeludka\">\u0427\u0442\u043e \u0442\u0430\u043a\u043e\u0435 \u0440\u0430\u043a \u0436\u0435\u043b\u0443\u0434\u043a\u0430?<\/h3>\n<p>\u0417\u043b\u043e\u043a\u0430\u0447\u0435\u0441\u0442\u0432\u0435\u043d\u043d\u043e\u043c\u0443 \u043f\u0435\u0440\u0435\u0440\u043e\u0436\u0434\u0435\u043d\u0438\u044e \u043c\u043e\u0433\u0443\u0442 \u043f\u043e\u0434\u0432\u0435\u0440\u0433\u0430\u0442\u044c\u0441\u044f \u043b\u044e\u0431\u044b\u0435 \u043a\u043b\u0435\u0442\u043a\u0438, \u0432\u044b\u0441\u0442\u0438\u043b\u0430\u044e\u0449\u0438\u0435 \u0441\u0442\u0435\u043d\u043a\u0443 \u0436\u0435\u043b\u0443\u0434\u043a\u0430 \u0438\u0437\u043d\u0443\u0442\u0440\u0438. \u0420\u0430\u043a\u043e\u0432\u0430\u044f \u043e\u043f\u0443\u0445\u043e\u043b\u044c \u0441\u043f\u043e\u0441\u043e\u0431\u043d\u0430 \u0444\u043e\u0440\u043c\u0438\u0440\u043e\u0432\u0430\u0442\u044c \u0440\u0430\u0437\u0440\u0430\u0441\u0442\u0430\u043d\u0438\u0435 \u0438\u043b\u0438 \u044f\u0437\u0432\u0443 \u043d\u0430 \u0432\u043d\u0443\u0442\u0440\u0435\u043d\u043d\u0435\u0439 \u043e\u0431\u043e\u043b\u043e\u0447\u043a\u0435 \u043e\u0440\u0433\u0430\u043d\u0430 \u043b\u0438\u0431\u043e \u043f\u0440\u043e\u043d\u0438\u043a\u0430\u0435\u0442 \u0447\u0435\u0440\u0435\u0437 \u0432\u0441\u0435 \u0441\u043b\u043e\u0438 \u0436\u0435\u043b\u0443\u0434\u043e\u0447\u043d\u043e\u0439 \u0441\u0442\u0435\u043d\u043a\u0438. \u0421\u0430\u043c\u044b\u043c \u0440\u0430\u0441\u043f\u0440\u043e\u0441\u0442\u0440\u0430\u043d\u0435\u043d\u043d\u044b\u043c \u0432\u0438\u0434\u043e\u043c (\u0431\u043e\u043b\u0435\u0435 95%) \u0440\u0430\u043a\u0430 \u0436\u0435\u043b\u0443\u0434\u043a\u0430 \u044f\u0432\u043b\u044f\u0435\u0442\u0441\u044f \u0430\u0434\u0435\u043d\u043e\u043a\u0430\u0440\u0446\u0438\u043d\u043e\u043c\u0430.<\/p>\n<p>\u041e\u0431\u044b\u0447\u043d\u043e \u0440\u0430\u043a \u0436\u0435\u043b\u0443\u0434\u043a\u0430 \u0440\u0430\u0437\u0432\u0438\u0432\u0430\u0435\u0442\u0441\u044f \u0443 \u043b\u044e\u0434\u0435\u0439 \u0432 \u0432\u043e\u0437\u0440\u0430\u0441\u0442\u0435 \u043e\u0442 50 \u0434\u043e 70 \u043b\u0435\u0442. \u041a\u0430\u043a \u043f\u0440\u0430\u0432\u0438\u043b\u043e, \u0434\u0430\u043d\u043d\u0430\u044f \u043e\u043f\u0443\u0445\u043e\u043b\u044c \u043f\u043e\u0440\u0430\u0436\u0430\u0435\u0442 \u043c\u0443\u0436\u0447\u0438\u043d.<\/p>\n<h3 id=\"prichiny\" data-id=\"#prichiny\">\u041f\u0440\u0438\u0447\u0438\u043d\u044b \u0440\u0430\u0437\u0432\u0438\u0442\u0438\u044f \u043e\u043f\u0443\u0445\u043e\u043b\u0438 \u0436\u0435\u043b\u0443\u0434\u043a\u0430<\/h3>\n<p>\u0423 \u043f\u0430\u0446\u0438\u0435\u043d\u0442\u043e\u0432 \u0441 \u0430\u0434\u0435\u043d\u043e\u043a\u0430\u0440\u0446\u0438\u043d\u043e\u043c\u043e\u0439 \u0436\u0435\u043b\u0443\u0434\u043a\u0430\u00a0<strong>\u043a\u0440\u0430\u0439\u043d\u0435 \u0447\u0430\u0441\u0442\u043e \u043e\u0431\u043d\u0430\u0440\u0443\u0436\u0438\u0432\u0430\u0435\u0442\u0441\u044f \u0438\u043d\u0444\u0438\u0446\u0438\u0440\u043e\u0432\u0430\u043d\u0438\u0435 \u0431\u0430\u043a\u0442\u0435\u0440\u0438\u0435\u0439<\/strong>\u00a0\u043f\u043e\u0434 \u043d\u0430\u0437\u0432\u0430\u043d\u0438\u0435\u00a0<strong>\u0425\u0435\u043b\u0438\u043a\u043e\u0431\u0430\u043a\u0442\u0435\u0440 \u043f\u0438\u043b\u043e\u0440\u0438<\/strong>\u00a0(Helicobacter pylori).<\/p>\n<p>\u0422\u0435\u043c \u043d\u0435 \u043c\u0435\u043d\u0435\u0435, \u0443 \u043f\u043e\u0434\u0430\u0432\u043b\u044f\u044e\u0449\u0435\u0433\u043e \u0431\u043e\u043b\u044c\u0448\u0438\u043d\u0441\u0442\u0432\u0430 \u043b\u044e\u0434\u0435\u0439 \u043f\u0440\u0438\u0441\u0443\u0442\u0441\u0442\u0432\u0438\u0435 \u0434\u0430\u043d\u043d\u043e\u0433\u043e \u043c\u0438\u043a\u0440\u043e\u043e\u0440\u0433\u0430\u043d\u0438\u0437\u043c\u0430 \u0432 \u0436\u0435\u043b\u0443\u0434\u043a\u0435 \u0440\u0430\u0437\u0432\u0438\u0442\u0438\u0435\u043c \u0437\u043b\u043e\u043a\u0430\u0447\u0435\u0441\u0442\u0432\u0435\u043d\u043d\u043e\u0439 \u043e\u043f\u0443\u0445\u043e\u043b\u0438 \u043d\u0435 \u0441\u043e\u043f\u0440\u043e\u0432\u043e\u0436\u0434\u0430\u0435\u0442\u0441\u044f. \u0420\u0438\u0441\u043a \u0440\u0430\u0437\u0432\u0438\u0442\u0438\u044f \u0430\u0434\u0435\u043d\u043e\u043a\u0430\u0440\u0446\u0438\u043d\u043e\u043c\u044b \u0436\u0435\u043b\u0443\u0434\u043a\u0430 \u0441\u0443\u0449\u0435\u0441\u0442\u0432\u0435\u043d\u043d\u043e \u0443\u0432\u0435\u043b\u0438\u0447\u0438\u0432\u0430\u0435\u0442\u0441\u044f \u043f\u0440\u0438 \u0437\u043b\u043e\u0443\u043f\u043e\u0442\u0440\u0435\u0431\u043b\u0435\u043d\u0438\u0438 \u043a\u043e\u043f\u0447\u0435\u043d\u044b\u043c\u0438 \u043f\u0440\u043e\u0434\u0443\u043a\u0442\u0430\u043c\u0438, \u0441\u043e\u043b\u0435\u043d\u044b\u043c \u043c\u044f\u0441\u043e\u043c \u0438 \u0440\u044b\u0431\u043e\u0439, \u043c\u0430\u0440\u0438\u043d\u043e\u0432\u0430\u043d\u043d\u043e\u0439 \u043f\u0438\u0449\u0435\u0439.<\/p>\n<p>\u0421 \u0434\u0440\u0443\u0433\u043e\u0439 \u0441\u0442\u043e\u0440\u043e\u043d\u044b, \u0431\u043e\u043b\u044c\u0448\u043e\u0435 \u043a\u043e\u043b\u0438\u0447\u0435\u0441\u0442\u0432\u043e \u0432 \u0440\u0430\u0446\u0438\u043e\u043d\u0435 \u043e\u0432\u043e\u0449\u0435\u0439 \u0438 \u0444\u0440\u0443\u043a\u0442\u043e\u0432, \u0431\u043e\u0433\u0430\u0442\u044b\u0445 \u0432\u0438\u0442\u0430\u043c\u0438\u043d\u0430\u043c\u0438 \u0421 \u0438 \u0410, \u0441\u043d\u0438\u0436\u0430\u0435\u0442 \u0440\u0438\u0441\u043a \u0440\u0430\u0437\u0432\u0438\u0442\u0438\u044f \u0430\u0434\u0435\u043d\u043e\u043a\u0430\u0440\u0446\u0438\u043d\u043e\u043c\u044b \u0436\u0435\u043b\u0443\u0434\u043a\u0430.<\/p>\n<h3 id=\"simptomy\" data-id=\"#simptomy\">\u0421\u0438\u043c\u043f\u0442\u043e\u043c\u044b \u0438 \u043f\u0440\u0438\u0437\u043d\u0430\u043a\u0438<\/h3>\n<p>\u0423 \u0431\u043e\u043b\u044c\u0448\u0438\u043d\u0441\u0442\u0432\u0430 \u043f\u0430\u0446\u0438\u0435\u043d\u0442\u043e\u0432 \u043f\u043e\u044f\u0432\u043b\u044f\u044e\u0442\u0441\u044f \u0442\u0430\u043a\u0438\u0435 \u043d\u0435\u0441\u043f\u0435\u0446\u0438\u0444\u0438\u0447\u0435\u0441\u043a\u0438\u0435 \u0436\u0430\u043b\u043e\u0431\u044b, \u043a\u0430\u043a \u043d\u0435\u043f\u0440\u0438\u044f\u0442\u043d\u044b\u0435 \u043e\u0449\u0443\u0449\u0435\u043d\u0438\u044f \u0432 \u043e\u0431\u043b\u0430\u0441\u0442\u0438 \u0436\u0438\u0432\u043e\u0442\u0430 \u0438\u043b\u0438 \u043d\u0430\u0440\u0443\u0448\u0435\u043d\u0438\u044f \u043f\u0438\u0449\u0435\u0432\u0430\u0440\u0435\u043d\u0438\u044f. \u0412 \u0440\u0435\u0434\u043a\u0438\u0445 \u0441\u043b\u0443\u0447\u0430\u044f\u0445, \u043e\u043f\u0443\u0445\u043e\u043b\u044c \u043d\u0430\u0440\u0443\u0448\u0430\u0435\u0442 \u043f\u0440\u043e\u0445\u043e\u0434\u0438\u043c\u043e\u0441\u0442\u044c \u043f\u0438\u0449\u0438 \u0438\u0437 \u0436\u0435\u043b\u0443\u0434\u043a\u0430 \u0432 \u043a\u0438\u0448\u0435\u0447\u043d\u0438\u043a, \u043f\u043e\u0441\u043a\u043e\u043b\u044c\u043a\u0443 \u043f\u0440\u0435\u0434\u0441\u0442\u0430\u0432\u043b\u044f\u0435\u0442 \u0441\u043e\u0431\u043e\u0439 \u0440\u0430\u0437\u0440\u0430\u0441\u0442\u0430\u043d\u0438\u0435 \u0442\u043a\u0430\u043d\u0438. \u0421\u043b\u0435\u0434\u043e\u0432\u0430\u0442\u0435\u043b\u044c\u043d\u043e, \u0443 \u043f\u0430\u0446\u0438\u0435\u043d\u0442\u0430 \u0432\u043e\u0437\u043d\u0438\u043a\u0430\u0435\u0442 \u0440\u0432\u043e\u0442\u0430. \u041a\u0440\u043e\u043c\u0435 \u044d\u0442\u043e\u0433\u043e, \u043d\u0430 \u0444\u043e\u043d\u0435 \u0445\u0440\u043e\u043d\u0438\u0447\u0435\u0441\u043a\u043e\u0439 \u043a\u0440\u043e\u0432\u043e\u043f\u043e\u0442\u0435\u0440\u0438 \u0432\u043e\u0437\u043c\u043e\u0436\u043d\u043e \u043f\u043e\u044f\u0432\u043b\u0435\u043d\u0438\u0435 \u0441\u0438\u043c\u043f\u0442\u043e\u043c\u043e\u0432 \u0430\u043d\u0435\u043c\u0438\u0438.<\/p>\n<h3 id=\"obsledovanie\" data-id=\"#obsledovanie\">\u0414\u0438\u0430\u0433\u043d\u043e\u0441\u0442\u0438\u043a\u0430 \u0436\u0435\u043b\u0443\u0434\u043a\u0430 \u043d\u0430 \u0440\u0430\u043a<\/h3>\n<p><strong>\u041e\u0431\u0441\u043b\u0435\u0434\u043e\u0432\u0430\u043d\u0438\u0435<\/strong><\/p>\n<p>\u041d\u0430\u0441\u0442\u043e\u0440\u043e\u0436\u0435\u043d\u043d\u043e\u0441\u0442\u044c \u0443 \u0432\u0440\u0430\u0447\u0430 \u0434\u043e\u043b\u0436\u043d\u044b \u0432\u044b\u0437\u0432\u0430\u0442\u044c \u043e\u0431\u0449\u0435\u043a\u043b\u0438\u043d\u0438\u0447\u0435\u0441\u043a\u0438\u0435 \u0430\u043d\u0430\u043b\u0438\u0437\u044b \u043a\u0440\u043e\u0432\u0438, \u0432 \u043a\u043e\u0442\u043e\u0440\u044b\u0445 \u043e\u0431\u043d\u0430\u0440\u0443\u0436\u0438\u0432\u0430\u0435\u0442\u0441\u044f \u0430\u043d\u0435\u043c\u0438\u044f \u0438\u043b\u0438 \u0434\u0435\u0444\u0438\u0446\u0438\u0442 \u044d\u0440\u0438\u0442\u0440\u043e\u0446\u0438\u0442\u043e\u0432 (\u044d\u0440\u0438\u0442\u0440\u043e\u0446\u0438\u0442\u043e\u043f\u0435\u043d\u0438\u044f). \u0414\u0440\u0443\u0433\u0438\u043c \u043d\u0435\u043c\u0430\u043b\u043e\u0432\u0430\u0436\u043d\u044b\u043c \u043f\u0440\u0438\u0437\u043d\u0430\u043a\u043e\u043c \u0430\u0434\u0435\u043d\u043e\u043a\u0430\u0440\u0446\u0438\u043d\u043e\u043c\u044b \u0436\u0435\u043b\u0443\u0434\u043a\u0430 \u0441\u0447\u0438\u0442\u0430\u0435\u0442\u0441\u044f \u043f\u043e\u044f\u0432\u043b\u0435\u043d\u0438\u0435 \u043a\u0440\u043e\u0432\u0438 \u0432 \u0441\u0442\u0443\u043b\u0435.<\/p>\n<p><strong>\u0420\u0435\u043d\u0442\u0433\u0435\u043d<\/strong>. \u0412 \u0445\u043e\u0434\u0435 \u0434\u0438\u0430\u0433\u043d\u043e\u0441\u0442\u0438\u043a\u0438 \u043e\u043f\u0443\u0445\u043e\u043b\u0438 \u0436\u0435\u043b\u0443\u0434\u043a\u0430 \u043d\u0430\u0437\u043d\u0430\u0447\u0430\u0435\u0442\u0441\u044f \u0440\u0435\u043d\u0442\u0433\u0435\u043d\u043e\u0432\u0441\u043a\u043e\u0435 \u043e\u0431\u0441\u043b\u0435\u0434\u043e\u0432\u0430\u043d\u0438\u0435 \u0441 \u0432\u0437\u0432\u0435\u0441\u044c\u044e \u0431\u0430\u0440\u0438\u044f. \u0412\u043e \u0432\u0440\u0435\u043c\u044f \u043f\u0440\u043e\u0446\u0435\u0434\u0443\u0440\u044b \u043f\u0430\u0446\u0438\u0435\u043d\u0442 \u0432\u044b\u043f\u0438\u0432\u0430\u0435\u0442 \u0436\u0438\u0434\u043a\u0438\u0439 \u0440\u0430\u0441\u0442\u0432\u043e\u0440, \u0441\u043e\u0434\u0435\u0440\u0436\u0430\u0449\u0438\u0439 \u0431\u0430\u0440\u0438\u0439. \u041f\u043e\u0441\u043b\u0435 \u044d\u0442\u043e\u0433\u043e \u043f\u0440\u043e\u0432\u043e\u0434\u0438\u0442\u0441\u044f \u0440\u0435\u043d\u0442\u0433\u0435\u043d\u043e\u0432\u0441\u043a\u043e\u0435 \u0438\u0441\u0441\u043b\u0435\u0434\u043e\u0432\u0430\u043d\u0438\u0435 \u0434\u043b\u044f \u043e\u0442\u043e\u0431\u0440\u0430\u0436\u0435\u043d\u0438\u044f \u043a\u043e\u043d\u0442\u0443\u0440\u043e\u0432 \u0436\u0435\u043b\u0443\u0434\u043e\u0447\u043d\u043e\u0439 \u0441\u0442\u0435\u043d\u043a\u0438, \u043a\u043e\u0442\u043e\u0440\u043e\u0435 \u043f\u043e\u0437\u0432\u043e\u043b\u044f\u0435\u0442 \u0432\u044b\u044f\u0432\u0438\u0442\u044c \u0438\u0437\u044a\u044f\u0437\u0432\u043b\u0435\u043d\u0438\u0435 \u0438 \u043d\u043e\u0432\u043e\u043e\u0431\u0440\u0430\u0437\u043e\u0432\u0430\u043d\u0438\u044f. \u0417\u0430\u0442\u0435\u043c \u0442\u0440\u0435\u0431\u0443\u0435\u0442\u0441\u044f \u043f\u0440\u043e\u0432\u0435\u0434\u0435\u043d\u0438\u0435 \u044d\u043d\u0434\u043e\u0441\u043a\u043e\u043f\u0438\u0447\u0435\u0441\u043a\u043e\u0433\u043e \u0438\u0441\u0441\u043b\u0435\u0434\u043e\u0432\u0430\u043d\u0438\u044f, \u0432 \u0445\u043e\u0434\u0435 \u043a\u043e\u0442\u043e\u0440\u043e\u0433\u043e \u0432 \u0436\u0435\u043b\u0443\u0434\u043e\u043a \u0447\u0435\u0440\u0435\u0437 \u0440\u043e\u0442 \u0432\u0432\u043e\u0434\u0438\u0442\u0441\u044f \u043e\u043f\u0442\u043e\u0432\u043e\u043b\u043e\u043a\u043e\u043d\u043d\u044b\u0439 \u043f\u0440\u0438\u0431\u043e\u0440, \u0447\u0442\u043e \u043f\u043e\u0437\u0432\u043e\u043b\u044f\u0435\u0442 \u0442\u0430\u043a\u0436\u0435 \u043f\u0440\u043e\u0438\u0437\u0432\u0435\u0441\u0442\u0438 \u0431\u0438\u043e\u043f\u0441\u0438\u044e \u0442\u043a\u0430\u043d\u0435\u0439 \u0436\u0435\u043b\u0443\u0434\u043e\u0447\u043d\u043e\u0439 \u0441\u0442\u0435\u043d\u043a\u0438.<\/p>\n<h3 id=\"biopsiya\" data-id=\"#biopsiya\">\u0411\u0438\u043e\u043f\u0441\u0438\u044f<\/h3>\n<p><strong>\u0411\u0438\u043e\u043f\u0441\u0438\u044f<\/strong>. \u0414\u0430\u043d\u043d\u0430\u044f \u043f\u0440\u043e\u0446\u0435\u0434\u0443\u0440\u0430 \u043d\u0435\u043f\u0440\u0438\u044f\u0442\u043d\u0430, \u043d\u043e \u0434\u043b\u0438\u0442\u0441\u044f \u0432\u0441\u0435\u0433\u043e 10-20 \u043c\u0438\u043d\u0443\u0442. \u041e\u043d\u0430 \u043f\u0440\u043e\u0432\u043e\u0434\u0438\u0442\u0441\u044f \u0430\u043c\u0431\u0443\u043b\u0430\u0442\u043e\u0440\u043d\u043e \u0441 \u0438\u0441\u043f\u043e\u043b\u044c\u0437\u043e\u0432\u0430\u043d\u0438\u0435\u043c \u043b\u0435\u0433\u043a\u0438\u0445 \u043e\u0431\u0435\u0437\u0431\u043e\u043b\u0438\u0432\u0430\u044e\u0449\u0438\u0445 \u043f\u0440\u0435\u043f\u0430\u0440\u0430\u0442\u043e\u0432. \u0412 \u0445\u043e\u0434\u0435 \u0431\u0438\u043e\u043f\u0441\u0438\u0438 \u0443\u0434\u0430\u043b\u044f\u0435\u0442\u0441\u044f \u043d\u0435\u0431\u043e\u043b\u044c\u0448\u043e\u0439 \u0443\u0447\u0430\u0441\u0442\u043e\u043a \u0442\u043a\u0430\u043d\u0438, \u043a\u043e\u0442\u043e\u0440\u0430\u044f \u0437\u0430\u0442\u0435\u043c \u0438\u0441\u0441\u043b\u0435\u0434\u0443\u0435\u0442\u0441\u044f \u043f\u043e\u0434 \u043c\u0438\u043a\u0440\u043e\u0441\u043a\u043e\u043f\u043e\u043c. \u042d\u0442\u043e \u043f\u043e\u0437\u0432\u043e\u043b\u044f\u0435\u0442 \u0432\u0440\u0430\u0447\u0443 \u0441\u043a\u0430\u0437\u0430\u0442\u044c, \u044f\u0432\u043b\u044f\u0435\u0442\u0441\u044f \u043b\u0438 \u0438\u0437\u044a\u044f\u0437\u0432\u043b\u0435\u043d\u0438\u0435 \u0438\u043b\u0438 \u043d\u043e\u0432\u043e\u043e\u0431\u0440\u0430\u0437\u043e\u0432\u0430\u043d\u0438\u0435 \u0434\u043e\u0431\u0440\u043e\u043a\u0430\u0447\u0435\u0441\u0442\u0432\u0435\u043d\u043d\u044b\u043c \u0438\u043b\u0438 \u0437\u043b\u043e\u043a\u0430\u0447\u0435\u0441\u0442\u0432\u0435\u043d\u043d\u044b\u043c. \u0412 \u0446\u0435\u043b\u043e\u043c, \u0442\u043e\u0447\u043d\u043e\u0441\u0442\u044c \u044d\u043d\u0434\u043e\u0441\u043a\u043e\u043f\u0438\u0447\u0435\u0441\u043a\u043e\u0433\u043e \u0438\u0441\u0441\u043b\u0435\u0434\u043e\u0432\u0430\u043d\u0438\u044f, \u043f\u043e \u0441\u0440\u0430\u0432\u043d\u0435\u043d\u0438\u044e \u0441 \u0440\u0435\u043d\u0442\u0433\u0435\u043d\u043e\u0441\u043a\u043e\u043f\u0438\u0435\u0439 \u0441 \u0431\u0430\u0440\u0438\u0435\u0432\u043e\u0439 \u0432\u0437\u0432\u0435\u0441\u044c\u044e, \u0431\u043e\u043b\u0435\u0435 \u0432\u044b\u0441\u043e\u043a\u0430.<\/p>\n<p><strong>\u0420\u0435\u043d\u0442\u0433\u0435\u043d\u043e\u0433\u0440\u0430\u0444\u0438\u044f<\/strong>\u00a0\u2014 \u0432\u044b\u044f\u0432\u043b\u0435\u043d\u0438\u0435 \u043c\u0435\u0442\u0430\u0441\u0442\u0430\u0437 \u0440\u0430\u043a\u0430 \u0436\u0435\u043b\u0443\u0434\u043a\u0430. \u041f\u043e\u0441\u043b\u0435 \u043f\u043e\u0441\u0442\u0430\u043d\u043e\u0432\u043a\u0438 \u0434\u0438\u0430\u0433\u043d\u043e\u0437\u0430 \u0430\u0434\u0435\u043d\u043e\u043a\u0430\u0440\u0446\u0438\u043d\u043e\u043c\u044b \u0436\u0435\u043b\u0443\u0434\u043a\u0430 \u043f\u0440\u043e\u0432\u043e\u0434\u0438\u0442\u0441\u044f \u0440\u0435\u043d\u0442\u0433\u0435\u043d\u043e\u0433\u0440\u0430\u0444\u0438\u044f \u0433\u0440\u0443\u0434\u043d\u043e\u0439 \u043a\u043b\u0435\u0442\u043a\u0438 \u0438 \u041a\u0422 \u043e\u0440\u0433\u0430\u043d\u043e\u0432 \u0431\u0440\u044e\u0448\u043d\u043e\u0439 \u043f\u043e\u043b\u043e\u0441\u0442\u0438, \u0447\u0442\u043e \u043f\u043e\u0437\u0432\u043e\u043b\u044f\u0435\u0442 \u0432\u044b\u044f\u0432\u0438\u0442\u044c \u043c\u0435\u0442\u0430\u0441\u0442\u0430\u0437\u0438\u0440\u043e\u0432\u0430\u043d\u0438\u0435 \u043e\u043f\u0443\u0445\u043e\u043b\u0438.<p class=\"wpcf7-contact-form-not-found\"><strong>\u041e\u0448\u0438\u0431\u043a\u0430:<\/strong> \u041a\u043e\u043d\u0442\u0430\u043a\u0442\u043d\u0430\u044f \u0444\u043e\u0440\u043c\u0430 \u043d\u0435 \u043d\u0430\u0439\u0434\u0435\u043d\u0430.<\/p>JTNDJTIxLS0lMjBHb29nbGUlMjBDb2RlJTIwZm9yJTIwJTI2JTIzMzA0JTNCbGV0aSUyNiUyMzM1MSUzQmltJTIwU2F5ZmFzJTI2JTIzMzA1JTNCJTIwQ29udmVyc2lvbiUyMFBhZ2UlMjAtLSUzRSUyMCUzQ3NjcmlwdCUyMHR5cGUlM0QlMjJ0ZXh0JTJGamF2YXNjcmlwdCUyMiUzRSUwQSUyRiUyQSUyMCUyMCUyQSUyRiUyMHZhciUyMGdvb2dsZV9jb252ZXJzaW9uX2lkJTIwJTNEJTIwODY3ODQ2ODYzJTNCJTIwdmFyJTIwZ29vZ2xlX2NvbnZlcnNpb25fbGFuZ3VhZ2UlMjAlM0QlMjAlMjJlbiUyMiUzQiUyMHZhciUyMGdvb2dsZV9jb252ZXJzaW9uX2Zvcm1hdCUyMCUzRCUyMCUyMjMlMjIlM0IlMjB2YXIlMjBnb29nbGVfY29udmVyc2lvbl9jb2xvciUyMCUzRCUyMCUyMmZmZmZmZiUyMiUzQiUyMHZhciUyMGdvb2dsZV9jb252ZXJzaW9uX2xhYmVsJTIwJTNEJTIwJTIyTFZiMENJMkU1V3dRejVYcG5RTSUyMiUzQiUyMHZhciUyMGdvb2dsZV9yZW1hcmtldGluZ19vbmx5JTIwJTNEJTIwZmFsc2UlM0IlMjAlMkYlMkElMjAlMjAlMkElMkYlMEElM0MlMkZzY3JpcHQlM0UlMEElM0NzY3JpcHQlMjB0eXBlJTNEJTIydGV4dCUyRmphdmFzY3JpcHQlMjIlMjBzcmMlM0QlMjIlMkYlMkZ3d3cuZ29vZ2xlYWRzZXJ2aWNlcy5jb20lMkZwYWdlYWQlMkZjb252ZXJzaW9uLmpzJTIyJTNFJTBBJTNDJTJGc2NyaXB0JTNFJTBBJTNDbm9zY3JpcHQlM0UlMEElM0NkaXYlMjBzdHlsZSUzRCUyMmRpc3BsYXklM0FpbmxpbmUlM0IlMjIlM0UlMEElM0NpbWclMjBoZWlnaHQlM0QlMjIxJTIyJTIwd2lkdGglM0QlMjIxJTIyJTIwc3R5bGUlM0QlMjJib3JkZXItc3R5bGUlM0Fub25lJTNCJTIyJTIwYWx0JTNEJTIyJTIyJTIwc3JjJTNEJTIyJTJGJTJGd3d3Lmdvb2dsZWFkc2VydmljZXMuY29tJTJGcGFnZWFkJTJGY29udmVyc2lvbiUyRjg2Nzg0Njg2MyUyRiUzRmxhYmVsJTNETFZiMENJMkU1V3dRejVYcG5RTSUyNmFtcCUzQmd1aWQlM0RPTiUyNmFtcCUzQnNjcmlwdCUzRDAlMjIlMkYlM0UlM0MlMkZkaXYlM0UlMEElM0MlMkZub3NjcmlwdCUzRQ==<\/p>\n","protected":false},"excerpt":{"rendered":"<p>\u0427\u0442\u043e \u0442\u0430\u043a\u043e\u0435 \u0440\u0430\u043a \u0436\u0435\u043b\u0443\u0434\u043a\u0430? \u0417\u043b\u043e\u043a\u0430\u0447\u0435\u0441\u0442\u0432\u0435\u043d\u043d\u043e\u043c\u0443 \u043f\u0435\u0440\u0435\u0440\u043e\u0436\u0434\u0435\u043d\u0438\u044e \u043c\u043e\u0433\u0443\u0442 \u043f\u043e\u0434\u0432\u0435\u0440\u0433\u0430\u0442\u044c\u0441\u044f \u043b\u044e\u0431\u044b\u0435 \u043a\u043b\u0435\u0442\u043a\u0438, \u0432\u044b\u0441\u0442\u0438\u043b\u0430\u044e\u0449\u0438\u0435 \u0441\u0442\u0435\u043d\u043a\u0443 \u0436\u0435\u043b\u0443\u0434\u043a\u0430 \u0438\u0437\u043d\u0443\u0442\u0440\u0438. \u0420\u0430\u043a\u043e\u0432\u0430\u044f \u043e\u043f\u0443\u0445\u043e\u043b\u044c \u0441\u043f\u043e\u0441\u043e\u0431\u043d\u0430 \u0444\u043e\u0440\u043c\u0438\u0440\u043e\u0432\u0430\u0442\u044c \u0440\u0430\u0437\u0440\u0430\u0441\u0442\u0430\u043d\u0438\u0435 \u0438\u043b\u0438 \u044f\u0437\u0432\u0443 \u043d\u0430 \u0432\u043d\u0443\u0442\u0440\u0435\u043d\u043d\u0435\u0439 \u043e\u0431\u043e\u043b\u043e\u0447\u043a\u0435 \u043e\u0440\u0433\u0430\u043d\u0430 \u043b\u0438\u0431\u043e \u043f\u0440\u043e\u043d\u0438\u043a\u0430\u0435\u0442 \u0447\u0435\u0440\u0435\u0437 \u0432\u0441\u0435 \u0441\u043b\u043e\u0438 \u0436\u0435\u043b\u0443\u0434\u043e\u0447\u043d\u043e\u0439 \u0441\u0442\u0435\u043d\u043a\u0438. \u0421\u0430\u043c\u044b\u043c \u0440\u0430\u0441\u043f\u0440\u043e\u0441\u0442\u0440\u0430\u043d\u0435\u043d\u043d\u044b\u043c \u0432\u0438\u0434\u043e\u043c (\u0431\u043e\u043b\u0435\u0435 95%) \u0440\u0430\u043a\u0430 \u0436\u0435\u043b\u0443\u0434\u043a\u0430 \u044f\u0432\u043b\u044f\u0435\u0442\u0441\u044f \u0430\u0434\u0435\u043d\u043e\u043a\u0430\u0440\u0446\u0438\u043d\u043e\u043c\u0430. \u041e\u0431\u044b\u0447\u043d\u043e \u0440\u0430\u043a \u0436\u0435\u043b\u0443\u0434\u043a\u0430 \u0440\u0430\u0437\u0432\u0438\u0432\u0430\u0435\u0442\u0441\u044f \u0443 \u043b\u044e\u0434\u0435\u0439 \u0432 \u0432\u043e\u0437\u0440\u0430\u0441\u0442\u0435 \u043e\u0442 50 \u0434\u043e 70 \u043b\u0435\u0442. \u041a\u0430\u043a [&hellip;]<\/p>\n","protected":false},"author":3,"featured_media":0,"parent":0,"menu_order":0,"comment_status":"open","ping_status":"open","template":"","meta":{"footnotes":""},"class_list":["post-2403","page","type-page","status-publish","hentry"],"yoast_head":"<!-- This site is optimized with the Yoast SEO plugin v22.5 - https:\/\/yoast.com\/wordpress\/plugins\/seo\/ -->\n<title>Landing page 1 - Neolife T\u0131p Merkezi<\/title>\n<meta name=\"robots\" content=\"index, follow, max-snippet:-1, max-image-preview:large, max-video-preview:-1\" \/>\n<link rel=\"canonical\" href=\"https:\/\/www.neolife.com.tr\/ru\/landing-page-1\/\" \/>\n<meta name=\"twitter:label1\" content=\"\u041f\u0440\u0438\u043c\u0435\u0440\u043d\u043e\u0435 \u0432\u0440\u0435\u043c\u044f \u0434\u043b\u044f \u0447\u0442\u0435\u043d\u0438\u044f\" \/>\n\t<meta name=\"twitter:data1\" content=\"3 \u043c\u0438\u043d\u0443\u0442\u044b\" \/>\n<script type=\"application\/ld+json\" class=\"yoast-schema-graph\">{\"@context\":\"https:\/\/schema.org\",\"@graph\":[{\"@type\":\"WebPage\",\"@id\":\"https:\/\/www.neolife.com.tr\/ru\/landing-page-1\/\",\"url\":\"https:\/\/www.neolife.com.tr\/ru\/landing-page-1\/\",\"name\":\"Landing page 1 - Neolife T\u0131p Merkezi\",\"isPartOf\":{\"@id\":\"https:\/\/www.neolife.com.tr\/#website\"},\"datePublished\":\"2020-03-11T07:59:05+00:00\",\"dateModified\":\"2021-08-12T06:47:03+00:00\",\"breadcrumb\":{\"@id\":\"https:\/\/www.neolife.com.tr\/ru\/landing-page-1\/#breadcrumb\"},\"inLanguage\":\"ru-RU\",\"potentialAction\":[{\"@type\":\"ReadAction\",\"target\":[\"https:\/\/www.neolife.com.tr\/ru\/landing-page-1\/\"]}]},{\"@type\":\"BreadcrumbList\",\"@id\":\"https:\/\/www.neolife.com.tr\/ru\/landing-page-1\/#breadcrumb\",\"itemListElement\":[{\"@type\":\"ListItem\",\"position\":1,\"name\":\"Ana Sayfa\",\"item\":\"https:\/\/www.neolife.com.tr\/ru\/\"},{\"@type\":\"ListItem\",\"position\":2,\"name\":\"Landing page 1\"}]},{\"@type\":\"WebSite\",\"@id\":\"https:\/\/www.neolife.com.tr\/#website\",\"url\":\"https:\/\/www.neolife.com.tr\/\",\"name\":\"Neolife T\u0131p Merkezi\",\"description\":\"T\u00fcrkiye&#039;de kanser tedavisi - kanser te\u015fhisi ve tedavisi\",\"publisher\":{\"@id\":\"https:\/\/www.neolife.com.tr\/#organization\"},\"potentialAction\":[{\"@type\":\"SearchAction\",\"target\":{\"@type\":\"EntryPoint\",\"urlTemplate\":\"https:\/\/www.neolife.com.tr\/?s={search_term_string}\"},\"query-input\":\"required name=search_term_string\"}],\"inLanguage\":\"ru-RU\"},{\"@type\":\"Organization\",\"@id\":\"https:\/\/www.neolife.com.tr\/#organization\",\"name\":\"Neolife T\u0131p Merkezi\",\"url\":\"https:\/\/www.neolife.com.tr\/\",\"logo\":{\"@type\":\"ImageObject\",\"inLanguage\":\"ru-RU\",\"@id\":\"https:\/\/www.neolife.com.tr\/#\/schema\/logo\/image\/\",\"url\":\"https:\/\/www.neolife.com.tr\/wp-content\/uploads\/2021\/06\/Neolife-Logo.png\",\"contentUrl\":\"https:\/\/www.neolife.com.tr\/wp-content\/uploads\/2021\/06\/Neolife-Logo.png\",\"width\":348,\"height\":92,\"caption\":\"Neolife T\u0131p Merkezi\"},\"image\":{\"@id\":\"https:\/\/www.neolife.com.tr\/#\/schema\/logo\/image\/\"},\"sameAs\":[\"https:\/\/www.facebook.com\/NeoLifeIstanbul\/\",\"https:\/\/x.com\/NeoLifeIstanbul\",\"https:\/\/www.linkedin.com\/company\/neolife-oncology-center\/?originalSubdomain=tr\"]}]}<\/script>\n<!-- \/ Yoast SEO plugin. -->","yoast_head_json":{"title":"Landing page 1 - Neolife T\u0131p Merkezi","robots":{"index":"index","follow":"follow","max-snippet":"max-snippet:-1","max-image-preview":"max-image-preview:large","max-video-preview":"max-video-preview:-1"},"canonical":"https:\/\/www.neolife.com.tr\/ru\/landing-page-1\/","twitter_misc":{"\u041f\u0440\u0438\u043c\u0435\u0440\u043d\u043e\u0435 \u0432\u0440\u0435\u043c\u044f \u0434\u043b\u044f \u0447\u0442\u0435\u043d\u0438\u044f":"3 \u043c\u0438\u043d\u0443\u0442\u044b"},"schema":{"@context":"https:\/\/schema.org","@graph":[{"@type":"WebPage","@id":"https:\/\/www.neolife.com.tr\/ru\/landing-page-1\/","url":"https:\/\/www.neolife.com.tr\/ru\/landing-page-1\/","name":"Landing page 1 - Neolife T\u0131p Merkezi","isPartOf":{"@id":"https:\/\/www.neolife.com.tr\/#website"},"datePublished":"2020-03-11T07:59:05+00:00","dateModified":"2021-08-12T06:47:03+00:00","breadcrumb":{"@id":"https:\/\/www.neolife.com.tr\/ru\/landing-page-1\/#breadcrumb"},"inLanguage":"ru-RU","potentialAction":[{"@type":"ReadAction","target":["https:\/\/www.neolife.com.tr\/ru\/landing-page-1\/"]}]},{"@type":"BreadcrumbList","@id":"https:\/\/www.neolife.com.tr\/ru\/landing-page-1\/#breadcrumb","itemListElement":[{"@type":"ListItem","position":1,"name":"Ana Sayfa","item":"https:\/\/www.neolife.com.tr\/ru\/"},{"@type":"ListItem","position":2,"name":"Landing page 1"}]},{"@type":"WebSite","@id":"https:\/\/www.neolife.com.tr\/#website","url":"https:\/\/www.neolife.com.tr\/","name":"Neolife T\u0131p Merkezi","description":"T\u00fcrkiye&#039;de kanser tedavisi - kanser te\u015fhisi ve tedavisi","publisher":{"@id":"https:\/\/www.neolife.com.tr\/#organization"},"potentialAction":[{"@type":"SearchAction","target":{"@type":"EntryPoint","urlTemplate":"https:\/\/www.neolife.com.tr\/?s={search_term_string}"},"query-input":"required name=search_term_string"}],"inLanguage":"ru-RU"},{"@type":"Organization","@id":"https:\/\/www.neolife.com.tr\/#organization","name":"Neolife T\u0131p Merkezi","url":"https:\/\/www.neolife.com.tr\/","logo":{"@type":"ImageObject","inLanguage":"ru-RU","@id":"https:\/\/www.neolife.com.tr\/#\/schema\/logo\/image\/","url":"https:\/\/www.neolife.com.tr\/wp-content\/uploads\/2021\/06\/Neolife-Logo.png","contentUrl":"https:\/\/www.neolife.com.tr\/wp-content\/uploads\/2021\/06\/Neolife-Logo.png","width":348,"height":92,"caption":"Neolife T\u0131p Merkezi"},"image":{"@id":"https:\/\/www.neolife.com.tr\/#\/schema\/logo\/image\/"},"sameAs":["https:\/\/www.facebook.com\/NeoLifeIstanbul\/","https:\/\/x.com\/NeoLifeIstanbul","https:\/\/www.linkedin.com\/company\/neolife-oncology-center\/?originalSubdomain=tr"]}]}},"_links":{"self":[{"href":"https:\/\/www.neolife.com.tr\/ru\/wp-json\/wp\/v2\/pages\/2403","targetHints":{"allow":["GET"]}}],"collection":[{"href":"https:\/\/www.neolife.com.tr\/ru\/wp-json\/wp\/v2\/pages"}],"about":[{"href":"https:\/\/www.neolife.com.tr\/ru\/wp-json\/wp\/v2\/types\/page"}],"author":[{"embeddable":true,"href":"https:\/\/www.neolife.com.tr\/ru\/wp-json\/wp\/v2\/users\/3"}],"replies":[{"embeddable":true,"href":"https:\/\/www.neolife.com.tr\/ru\/wp-json\/wp\/v2\/comments?post=2403"}],"version-history":[{"count":2,"href":"https:\/\/www.neolife.com.tr\/ru\/wp-json\/wp\/v2\/pages\/2403\/revisions"}],"predecessor-version":[{"id":3330,"href":"https:\/\/www.neolife.com.tr\/ru\/wp-json\/wp\/v2\/pages\/2403\/revisions\/3330"}],"wp:attachment":[{"href":"https:\/\/www.neolife.com.tr\/ru\/wp-json\/wp\/v2\/media?parent=2403"}],"curies":[{"name":"wp","href":"https:\/\/api.w.org\/{rel}","templated":true}]}}