{"id":22955,"date":"2025-02-04T17:49:58","date_gmt":"2025-02-04T14:49:58","guid":{"rendered":"https:\/\/www.neolife.com.tr\/?page_id=22955"},"modified":"2025-02-05T13:21:14","modified_gmt":"2025-02-05T10:21:14","slug":"%d0%bc%d0%bd%d0%be%d0%b3%d0%be%d0%bf%d1%80%d0%be%d1%84%d0%b8%d0%bb%d1%8c%d0%bd%d0%b0%d1%8f-%d0%be%d0%bd%d0%ba%d0%be%d0%bb%d0%be%d0%b3%d0%b8%d1%87%d0%b5%d1%81%d0%ba%d0%b0%d1%8f-%d0%ba%d0%be%d0%bd%d1%81","status":"publish","type":"page","link":"https:\/\/www.neolife.com.tr\/ru\/%d0%bc%d0%bd%d0%be%d0%b3%d0%be%d0%bf%d1%80%d0%be%d1%84%d0%b8%d0%bb%d1%8c%d0%bd%d0%b0%d1%8f-%d0%be%d0%bd%d0%ba%d0%be%d0%bb%d0%be%d0%b3%d0%b8%d1%87%d0%b5%d1%81%d0%ba%d0%b0%d1%8f-%d0%ba%d0%be%d0%bd%d1%81\/","title":{"rendered":"\u041c\u043d\u043e\u0433\u043e\u043f\u0440\u043e\u0444\u0438\u043b\u044c\u043d\u0430\u044f \u043e\u043d\u043a\u043e\u043b\u043e\u0433\u0438\u0447\u0435\u0441\u043a\u0430\u044f \u043a\u043e\u043d\u0441\u0443\u043b\u044c\u0442\u0430\u0446\u0438\u044f (OPD) \u2013 \u041a\u0430\u0437\u0430\u0445\u0441\u0442\u0430\u043d, \u0410\u043b\u043c\u0430\u0442\u044b"},"content":{"rendered":"\t\t<div data-elementor-type=\"wp-page\" data-elementor-id=\"22955\" class=\"elementor elementor-22955\" data-elementor-post-type=\"page\">\n\t\t\t\t\t\t<\/div>\n\t\t","protected":false},"excerpt":{"rendered":"<p>\u041e\u043d\u043a\u043e\u043b\u043e\u0433\u0438\u0447\u0435\u0441\u043a\u0438\u0439 \u043a\u043e\u043d\u0441\u0438\u043b\u0438\u0443\u043c \u043f\u043e \u0432\u0430\u0448\u0435\u043c\u0443 \u0434\u0438\u0430\u0433\u043d\u043e\u0437\u0443 \u043e\u0442 \u0432\u0435\u0434\u0443\u0449\u0438\u0445 \u0441\u043f\u0435\u0446\u0438\u0430\u043b\u0438\u0441\u0442\u043e\u0432 \u043f\u043e \u043b\u0435\u0447\u0435\u043d\u0438\u044e \u0440\u0430\u043a\u0430 \u0412\u043f\u0435\u0440\u0432\u044b\u0435 \u0432 \u0433\u043e\u0440\u043e\u0434\u0435 \u0410\u043b\u043c\u0430\u0442\u044b \u043c\u044b \u043e\u0440\u0433\u0430\u043d\u0438\u0437\u0443\u0435\u043c \u043e\u043d\u043a\u043e\u043b\u043e\u0433\u0438\u0447\u0435\u0441\u043a\u0438\u0435 \u043a\u043e\u043d\u0441\u0443\u043b\u044c\u0442\u0430\u0446\u0438\u0438 \u0434\u043b\u044f \u043f\u0430\u0446\u0438\u0435\u043d\u0442\u043e\u0432, \u0436\u0435\u043b\u0430\u044e\u0449\u0438\u0445 \u043f\u043e\u043b\u0443\u0447\u0438\u0442\u044c \u0432\u0442\u043e\u0440\u043e\u0435 \u043c\u043d\u0435\u043d\u0438\u0435;\u00a0 \u0418\u0449\u0435\u0442\u0435 \u043a\u043e\u043d\u0441\u0443\u043b\u044c\u0442\u0430\u0446\u0438\u0438 \u043f\u043e \u043e\u043d\u043a\u043e\u043b\u043e\u0433\u0438\u0438 \u0438 \u0432\u0442\u043e\u0440\u043e\u0435 \u043c\u043d\u0435\u043d\u0438\u0435 \u043e\u0442 \u0432\u0435\u0434\u0443\u0449\u0438\u0445 \u043c\u0435\u0436\u0434\u0443\u043d\u0430\u0440\u043e\u0434\u043d\u044b\u0445 \u044d\u043a\u0441\u043f\u0435\u0440\u0442\u043e\u0432 \u043f\u043e \u043b\u0435\u0447\u0435\u043d\u0438\u044e \u0440\u0430\u043a\u0430? \u041f\u0440\u0438\u0441\u043e\u0435\u0434\u0438\u043d\u044f\u0439\u0442\u0435\u0441\u044c \u043a \u043c\u0435\u0436\u0434\u0438\u0441\u0446\u0438\u043f\u043b\u0438\u043d\u0430\u0440\u043d\u043e\u043c\u0443 \u043c\u0435\u0440\u043e\u043f\u0440\u0438\u044f\u0442\u0438\u044e OPD Kazmed \u0438 Neolife! \u041d\u0430\u0448\u0438 \u043e\u043f\u044b\u0442\u043d\u044b\u0435 \u0432\u0440\u0430\u0447\u0438 \u0432 \u043e\u0431\u043b\u0430\u0441\u0442\u0438 \u0440\u0430\u0434\u0438\u043e\u0442\u0435\u0440\u0430\u043f\u0438\u0438, \u044f\u0434\u0435\u0440\u043d\u043e\u0439 \u043c\u0435\u0434\u0438\u0446\u0438\u043d\u044b [&hellip;]<\/p>\n","protected":false},"author":13,"featured_media":0,"parent":0,"menu_order":0,"comment_status":"closed","ping_status":"closed","template":"","meta":{"footnotes":""},"class_list":["post-22955","page","type-page","status-publish","hentry"],"yoast_head":"<!-- This site is optimized with the Yoast SEO plugin v22.5 - https:\/\/yoast.com\/wordpress\/plugins\/seo\/ -->\n<title>\u041c\u043d\u043e\u0433\u043e\u043f\u0440\u043e\u0444\u0438\u043b\u044c\u043d\u0430\u044f \u043e\u043d\u043a\u043e\u043b\u043e\u0433\u0438\u0447\u0435\u0441\u043a\u0430\u044f \u043a\u043e\u043d\u0441\u0443\u043b\u044c\u0442\u0430\u0446\u0438\u044f (OPD) \u2013 \u041a\u0430\u0437\u0430\u0445\u0441\u0442\u0430\u043d, \u0410\u043b\u043c\u0430\u0442\u044b - Neolife T\u0131p Merkezi<\/title>\n<meta name=\"robots\" content=\"index, follow, max-snippet:-1, max-image-preview:large, max-video-preview:-1\" \/>\n<link rel=\"canonical\" href=\"https:\/\/www.neolife.com.tr\/ru\/%d0%bc%d0%bd%d0%be%d0%b3%d0%be%d0%bf%d1%80%d0%be%d1%84%d0%b8%d0%bb%d1%8c%d0%bd%d0%b0%d1%8f-%d0%be%d0%bd%d0%ba%d0%be%d0%bb%d0%be%d0%b3%d0%b8%d1%87%d0%b5%d1%81%d0%ba%d0%b0%d1%8f-%d0%ba%d0%be%d0%bd%d1%81\/\" \/>\n<meta name=\"twitter:label1\" content=\"\u041f\u0440\u0438\u043c\u0435\u0440\u043d\u043e\u0435 \u0432\u0440\u0435\u043c\u044f \u0434\u043b\u044f \u0447\u0442\u0435\u043d\u0438\u044f\" \/>\n\t<meta name=\"twitter:data1\" content=\"6 \u043c\u0438\u043d\u0443\u0442\" \/>\n<script type=\"application\/ld+json\" class=\"yoast-schema-graph\">{\"@context\":\"https:\/\/schema.org\",\"@graph\":[{\"@type\":\"WebPage\",\"@id\":\"https:\/\/www.neolife.com.tr\/ru\/%d0%bc%d0%bd%d0%be%d0%b3%d0%be%d0%bf%d1%80%d0%be%d1%84%d0%b8%d0%bb%d1%8c%d0%bd%d0%b0%d1%8f-%d0%be%d0%bd%d0%ba%d0%be%d0%bb%d0%be%d0%b3%d0%b8%d1%87%d0%b5%d1%81%d0%ba%d0%b0%d1%8f-%d0%ba%d0%be%d0%bd%d1%81\/\",\"url\":\"https:\/\/www.neolife.com.tr\/ru\/%d0%bc%d0%bd%d0%be%d0%b3%d0%be%d0%bf%d1%80%d0%be%d1%84%d0%b8%d0%bb%d1%8c%d0%bd%d0%b0%d1%8f-%d0%be%d0%bd%d0%ba%d0%be%d0%bb%d0%be%d0%b3%d0%b8%d1%87%d0%b5%d1%81%d0%ba%d0%b0%d1%8f-%d0%ba%d0%be%d0%bd%d1%81\/\",\"name\":\"\u041c\u043d\u043e\u0433\u043e\u043f\u0440\u043e\u0444\u0438\u043b\u044c\u043d\u0430\u044f \u043e\u043d\u043a\u043e\u043b\u043e\u0433\u0438\u0447\u0435\u0441\u043a\u0430\u044f \u043a\u043e\u043d\u0441\u0443\u043b\u044c\u0442\u0430\u0446\u0438\u044f (OPD) \u2013 \u041a\u0430\u0437\u0430\u0445\u0441\u0442\u0430\u043d, \u0410\u043b\u043c\u0430\u0442\u044b - Neolife T\u0131p Merkezi\",\"isPartOf\":{\"@id\":\"https:\/\/www.neolife.com.tr\/#website\"},\"primaryImageOfPage\":{\"@id\":\"https:\/\/www.neolife.com.tr\/ru\/%d0%bc%d0%bd%d0%be%d0%b3%d0%be%d0%bf%d1%80%d0%be%d1%84%d0%b8%d0%bb%d1%8c%d0%bd%d0%b0%d1%8f-%d0%be%d0%bd%d0%ba%d0%be%d0%bb%d0%be%d0%b3%d0%b8%d1%87%d0%b5%d1%81%d0%ba%d0%b0%d1%8f-%d0%ba%d0%be%d0%bd%d1%81\/#primaryimage\"},\"image\":{\"@id\":\"https:\/\/www.neolife.com.tr\/ru\/%d0%bc%d0%bd%d0%be%d0%b3%d0%be%d0%bf%d1%80%d0%be%d1%84%d0%b8%d0%bb%d1%8c%d0%bd%d0%b0%d1%8f-%d0%be%d0%bd%d0%ba%d0%be%d0%bb%d0%be%d0%b3%d0%b8%d1%87%d0%b5%d1%81%d0%ba%d0%b0%d1%8f-%d0%ba%d0%be%d0%bd%d1%81\/#primaryimage\"},\"thumbnailUrl\":\"https:\/\/www.neolife.com.tr\/wp-content\/uploads\/2025\/02\/ALMATI-OPD-GORSEL-LANDING-PAGE_Calisma-Yuzeyi-1-1024x536.jpg\",\"datePublished\":\"2025-02-04T14:49:58+00:00\",\"dateModified\":\"2025-02-05T10:21:14+00:00\",\"breadcrumb\":{\"@id\":\"https:\/\/www.neolife.com.tr\/ru\/%d0%bc%d0%bd%d0%be%d0%b3%d0%be%d0%bf%d1%80%d0%be%d1%84%d0%b8%d0%bb%d1%8c%d0%bd%d0%b0%d1%8f-%d0%be%d0%bd%d0%ba%d0%be%d0%bb%d0%be%d0%b3%d0%b8%d1%87%d0%b5%d1%81%d0%ba%d0%b0%d1%8f-%d0%ba%d0%be%d0%bd%d1%81\/#breadcrumb\"},\"inLanguage\":\"ru-RU\",\"potentialAction\":[{\"@type\":\"ReadAction\",\"target\":[\"https:\/\/www.neolife.com.tr\/ru\/%d0%bc%d0%bd%d0%be%d0%b3%d0%be%d0%bf%d1%80%d0%be%d1%84%d0%b8%d0%bb%d1%8c%d0%bd%d0%b0%d1%8f-%d0%be%d0%bd%d0%ba%d0%be%d0%bb%d0%be%d0%b3%d0%b8%d1%87%d0%b5%d1%81%d0%ba%d0%b0%d1%8f-%d0%ba%d0%be%d0%bd%d1%81\/\"]}]},{\"@type\":\"ImageObject\",\"inLanguage\":\"ru-RU\",\"@id\":\"https:\/\/www.neolife.com.tr\/ru\/%d0%bc%d0%bd%d0%be%d0%b3%d0%be%d0%bf%d1%80%d0%be%d1%84%d0%b8%d0%bb%d1%8c%d0%bd%d0%b0%d1%8f-%d0%be%d0%bd%d0%ba%d0%be%d0%bb%d0%be%d0%b3%d0%b8%d1%87%d0%b5%d1%81%d0%ba%d0%b0%d1%8f-%d0%ba%d0%be%d0%bd%d1%81\/#primaryimage\",\"url\":\"https:\/\/www.neolife.com.tr\/wp-content\/uploads\/2025\/02\/ALMATI-OPD-GORSEL-LANDING-PAGE_Calisma-Yuzeyi-1-1024x536.jpg\",\"contentUrl\":\"https:\/\/www.neolife.com.tr\/wp-content\/uploads\/2025\/02\/ALMATI-OPD-GORSEL-LANDING-PAGE_Calisma-Yuzeyi-1-1024x536.jpg\"},{\"@type\":\"BreadcrumbList\",\"@id\":\"https:\/\/www.neolife.com.tr\/ru\/%d0%bc%d0%bd%d0%be%d0%b3%d0%be%d0%bf%d1%80%d0%be%d1%84%d0%b8%d0%bb%d1%8c%d0%bd%d0%b0%d1%8f-%d0%be%d0%bd%d0%ba%d0%be%d0%bb%d0%be%d0%b3%d0%b8%d1%87%d0%b5%d1%81%d0%ba%d0%b0%d1%8f-%d0%ba%d0%be%d0%bd%d1%81\/#breadcrumb\",\"itemListElement\":[{\"@type\":\"ListItem\",\"position\":1,\"name\":\"Ana Sayfa\",\"item\":\"https:\/\/www.neolife.com.tr\/ru\/\"},{\"@type\":\"ListItem\",\"position\":2,\"name\":\"\u041c\u043d\u043e\u0433\u043e\u043f\u0440\u043e\u0444\u0438\u043b\u044c\u043d\u0430\u044f \u043e\u043d\u043a\u043e\u043b\u043e\u0433\u0438\u0447\u0435\u0441\u043a\u0430\u044f \u043a\u043e\u043d\u0441\u0443\u043b\u044c\u0442\u0430\u0446\u0438\u044f (OPD) \u2013 \u041a\u0430\u0437\u0430\u0445\u0441\u0442\u0430\u043d, \u0410\u043b\u043c\u0430\u0442\u044b\"}]},{\"@type\":\"WebSite\",\"@id\":\"https:\/\/www.neolife.com.tr\/#website\",\"url\":\"https:\/\/www.neolife.com.tr\/\",\"name\":\"Neolife T\u0131p Merkezi\",\"description\":\"T\u00fcrkiye&#039;de kanser tedavisi - kanser te\u015fhisi ve tedavisi\",\"publisher\":{\"@id\":\"https:\/\/www.neolife.com.tr\/#organization\"},\"potentialAction\":[{\"@type\":\"SearchAction\",\"target\":{\"@type\":\"EntryPoint\",\"urlTemplate\":\"https:\/\/www.neolife.com.tr\/?s={search_term_string}\"},\"query-input\":\"required name=search_term_string\"}],\"inLanguage\":\"ru-RU\"},{\"@type\":\"Organization\",\"@id\":\"https:\/\/www.neolife.com.tr\/#organization\",\"name\":\"Neolife T\u0131p Merkezi\",\"url\":\"https:\/\/www.neolife.com.tr\/\",\"logo\":{\"@type\":\"ImageObject\",\"inLanguage\":\"ru-RU\",\"@id\":\"https:\/\/www.neolife.com.tr\/#\/schema\/logo\/image\/\",\"url\":\"https:\/\/www.neolife.com.tr\/wp-content\/uploads\/2021\/06\/Neolife-Logo.png\",\"contentUrl\":\"https:\/\/www.neolife.com.tr\/wp-content\/uploads\/2021\/06\/Neolife-Logo.png\",\"width\":348,\"height\":92,\"caption\":\"Neolife T\u0131p Merkezi\"},\"image\":{\"@id\":\"https:\/\/www.neolife.com.tr\/#\/schema\/logo\/image\/\"},\"sameAs\":[\"https:\/\/www.facebook.com\/NeoLifeIstanbul\/\",\"https:\/\/x.com\/NeoLifeIstanbul\",\"https:\/\/www.linkedin.com\/company\/neolife-oncology-center\/?originalSubdomain=tr\"]}]}<\/script>\n<!-- \/ Yoast SEO plugin. -->","yoast_head_json":{"title":"\u041c\u043d\u043e\u0433\u043e\u043f\u0440\u043e\u0444\u0438\u043b\u044c\u043d\u0430\u044f \u043e\u043d\u043a\u043e\u043b\u043e\u0433\u0438\u0447\u0435\u0441\u043a\u0430\u044f \u043a\u043e\u043d\u0441\u0443\u043b\u044c\u0442\u0430\u0446\u0438\u044f (OPD) \u2013 \u041a\u0430\u0437\u0430\u0445\u0441\u0442\u0430\u043d, \u0410\u043b\u043c\u0430\u0442\u044b - Neolife T\u0131p Merkezi","robots":{"index":"index","follow":"follow","max-snippet":"max-snippet:-1","max-image-preview":"max-image-preview:large","max-video-preview":"max-video-preview:-1"},"canonical":"https:\/\/www.neolife.com.tr\/ru\/%d0%bc%d0%bd%d0%be%d0%b3%d0%be%d0%bf%d1%80%d0%be%d1%84%d0%b8%d0%bb%d1%8c%d0%bd%d0%b0%d1%8f-%d0%be%d0%bd%d0%ba%d0%be%d0%bb%d0%be%d0%b3%d0%b8%d1%87%d0%b5%d1%81%d0%ba%d0%b0%d1%8f-%d0%ba%d0%be%d0%bd%d1%81\/","twitter_misc":{"\u041f\u0440\u0438\u043c\u0435\u0440\u043d\u043e\u0435 \u0432\u0440\u0435\u043c\u044f \u0434\u043b\u044f \u0447\u0442\u0435\u043d\u0438\u044f":"6 \u043c\u0438\u043d\u0443\u0442"},"schema":{"@context":"https:\/\/schema.org","@graph":[{"@type":"WebPage","@id":"https:\/\/www.neolife.com.tr\/ru\/%d0%bc%d0%bd%d0%be%d0%b3%d0%be%d0%bf%d1%80%d0%be%d1%84%d0%b8%d0%bb%d1%8c%d0%bd%d0%b0%d1%8f-%d0%be%d0%bd%d0%ba%d0%be%d0%bb%d0%be%d0%b3%d0%b8%d1%87%d0%b5%d1%81%d0%ba%d0%b0%d1%8f-%d0%ba%d0%be%d0%bd%d1%81\/","url":"https:\/\/www.neolife.com.tr\/ru\/%d0%bc%d0%bd%d0%be%d0%b3%d0%be%d0%bf%d1%80%d0%be%d1%84%d0%b8%d0%bb%d1%8c%d0%bd%d0%b0%d1%8f-%d0%be%d0%bd%d0%ba%d0%be%d0%bb%d0%be%d0%b3%d0%b8%d1%87%d0%b5%d1%81%d0%ba%d0%b0%d1%8f-%d0%ba%d0%be%d0%bd%d1%81\/","name":"\u041c\u043d\u043e\u0433\u043e\u043f\u0440\u043e\u0444\u0438\u043b\u044c\u043d\u0430\u044f \u043e\u043d\u043a\u043e\u043b\u043e\u0433\u0438\u0447\u0435\u0441\u043a\u0430\u044f \u043a\u043e\u043d\u0441\u0443\u043b\u044c\u0442\u0430\u0446\u0438\u044f (OPD) \u2013 \u041a\u0430\u0437\u0430\u0445\u0441\u0442\u0430\u043d, \u0410\u043b\u043c\u0430\u0442\u044b - Neolife T\u0131p Merkezi","isPartOf":{"@id":"https:\/\/www.neolife.com.tr\/#website"},"primaryImageOfPage":{"@id":"https:\/\/www.neolife.com.tr\/ru\/%d0%bc%d0%bd%d0%be%d0%b3%d0%be%d0%bf%d1%80%d0%be%d1%84%d0%b8%d0%bb%d1%8c%d0%bd%d0%b0%d1%8f-%d0%be%d0%bd%d0%ba%d0%be%d0%bb%d0%be%d0%b3%d0%b8%d1%87%d0%b5%d1%81%d0%ba%d0%b0%d1%8f-%d0%ba%d0%be%d0%bd%d1%81\/#primaryimage"},"image":{"@id":"https:\/\/www.neolife.com.tr\/ru\/%d0%bc%d0%bd%d0%be%d0%b3%d0%be%d0%bf%d1%80%d0%be%d1%84%d0%b8%d0%bb%d1%8c%d0%bd%d0%b0%d1%8f-%d0%be%d0%bd%d0%ba%d0%be%d0%bb%d0%be%d0%b3%d0%b8%d1%87%d0%b5%d1%81%d0%ba%d0%b0%d1%8f-%d0%ba%d0%be%d0%bd%d1%81\/#primaryimage"},"thumbnailUrl":"https:\/\/www.neolife.com.tr\/wp-content\/uploads\/2025\/02\/ALMATI-OPD-GORSEL-LANDING-PAGE_Calisma-Yuzeyi-1-1024x536.jpg","datePublished":"2025-02-04T14:49:58+00:00","dateModified":"2025-02-05T10:21:14+00:00","breadcrumb":{"@id":"https:\/\/www.neolife.com.tr\/ru\/%d0%bc%d0%bd%d0%be%d0%b3%d0%be%d0%bf%d1%80%d0%be%d1%84%d0%b8%d0%bb%d1%8c%d0%bd%d0%b0%d1%8f-%d0%be%d0%bd%d0%ba%d0%be%d0%bb%d0%be%d0%b3%d0%b8%d1%87%d0%b5%d1%81%d0%ba%d0%b0%d1%8f-%d0%ba%d0%be%d0%bd%d1%81\/#breadcrumb"},"inLanguage":"ru-RU","potentialAction":[{"@type":"ReadAction","target":["https:\/\/www.neolife.com.tr\/ru\/%d0%bc%d0%bd%d0%be%d0%b3%d0%be%d0%bf%d1%80%d0%be%d1%84%d0%b8%d0%bb%d1%8c%d0%bd%d0%b0%d1%8f-%d0%be%d0%bd%d0%ba%d0%be%d0%bb%d0%be%d0%b3%d0%b8%d1%87%d0%b5%d1%81%d0%ba%d0%b0%d1%8f-%d0%ba%d0%be%d0%bd%d1%81\/"]}]},{"@type":"ImageObject","inLanguage":"ru-RU","@id":"https:\/\/www.neolife.com.tr\/ru\/%d0%bc%d0%bd%d0%be%d0%b3%d0%be%d0%bf%d1%80%d0%be%d1%84%d0%b8%d0%bb%d1%8c%d0%bd%d0%b0%d1%8f-%d0%be%d0%bd%d0%ba%d0%be%d0%bb%d0%be%d0%b3%d0%b8%d1%87%d0%b5%d1%81%d0%ba%d0%b0%d1%8f-%d0%ba%d0%be%d0%bd%d1%81\/#primaryimage","url":"https:\/\/www.neolife.com.tr\/wp-content\/uploads\/2025\/02\/ALMATI-OPD-GORSEL-LANDING-PAGE_Calisma-Yuzeyi-1-1024x536.jpg","contentUrl":"https:\/\/www.neolife.com.tr\/wp-content\/uploads\/2025\/02\/ALMATI-OPD-GORSEL-LANDING-PAGE_Calisma-Yuzeyi-1-1024x536.jpg"},{"@type":"BreadcrumbList","@id":"https:\/\/www.neolife.com.tr\/ru\/%d0%bc%d0%bd%d0%be%d0%b3%d0%be%d0%bf%d1%80%d0%be%d1%84%d0%b8%d0%bb%d1%8c%d0%bd%d0%b0%d1%8f-%d0%be%d0%bd%d0%ba%d0%be%d0%bb%d0%be%d0%b3%d0%b8%d1%87%d0%b5%d1%81%d0%ba%d0%b0%d1%8f-%d0%ba%d0%be%d0%bd%d1%81\/#breadcrumb","itemListElement":[{"@type":"ListItem","position":1,"name":"Ana Sayfa","item":"https:\/\/www.neolife.com.tr\/ru\/"},{"@type":"ListItem","position":2,"name":"\u041c\u043d\u043e\u0433\u043e\u043f\u0440\u043e\u0444\u0438\u043b\u044c\u043d\u0430\u044f \u043e\u043d\u043a\u043e\u043b\u043e\u0433\u0438\u0447\u0435\u0441\u043a\u0430\u044f \u043a\u043e\u043d\u0441\u0443\u043b\u044c\u0442\u0430\u0446\u0438\u044f (OPD) \u2013 \u041a\u0430\u0437\u0430\u0445\u0441\u0442\u0430\u043d, \u0410\u043b\u043c\u0430\u0442\u044b"}]},{"@type":"WebSite","@id":"https:\/\/www.neolife.com.tr\/#website","url":"https:\/\/www.neolife.com.tr\/","name":"Neolife T\u0131p Merkezi","description":"T\u00fcrkiye&#039;de kanser tedavisi - kanser te\u015fhisi ve tedavisi","publisher":{"@id":"https:\/\/www.neolife.com.tr\/#organization"},"potentialAction":[{"@type":"SearchAction","target":{"@type":"EntryPoint","urlTemplate":"https:\/\/www.neolife.com.tr\/?s={search_term_string}"},"query-input":"required name=search_term_string"}],"inLanguage":"ru-RU"},{"@type":"Organization","@id":"https:\/\/www.neolife.com.tr\/#organization","name":"Neolife T\u0131p Merkezi","url":"https:\/\/www.neolife.com.tr\/","logo":{"@type":"ImageObject","inLanguage":"ru-RU","@id":"https:\/\/www.neolife.com.tr\/#\/schema\/logo\/image\/","url":"https:\/\/www.neolife.com.tr\/wp-content\/uploads\/2021\/06\/Neolife-Logo.png","contentUrl":"https:\/\/www.neolife.com.tr\/wp-content\/uploads\/2021\/06\/Neolife-Logo.png","width":348,"height":92,"caption":"Neolife T\u0131p Merkezi"},"image":{"@id":"https:\/\/www.neolife.com.tr\/#\/schema\/logo\/image\/"},"sameAs":["https:\/\/www.facebook.com\/NeoLifeIstanbul\/","https:\/\/x.com\/NeoLifeIstanbul","https:\/\/www.linkedin.com\/company\/neolife-oncology-center\/?originalSubdomain=tr"]}]}},"_links":{"self":[{"href":"https:\/\/www.neolife.com.tr\/ru\/wp-json\/wp\/v2\/pages\/22955","targetHints":{"allow":["GET"]}}],"collection":[{"href":"https:\/\/www.neolife.com.tr\/ru\/wp-json\/wp\/v2\/pages"}],"about":[{"href":"https:\/\/www.neolife.com.tr\/ru\/wp-json\/wp\/v2\/types\/page"}],"author":[{"embeddable":true,"href":"https:\/\/www.neolife.com.tr\/ru\/wp-json\/wp\/v2\/users\/13"}],"replies":[{"embeddable":true,"href":"https:\/\/www.neolife.com.tr\/ru\/wp-json\/wp\/v2\/comments?post=22955"}],"version-history":[{"count":17,"href":"https:\/\/www.neolife.com.tr\/ru\/wp-json\/wp\/v2\/pages\/22955\/revisions"}],"predecessor-version":[{"id":23002,"href":"https:\/\/www.neolife.com.tr\/ru\/wp-json\/wp\/v2\/pages\/22955\/revisions\/23002"}],"wp:attachment":[{"href":"https:\/\/www.neolife.com.tr\/ru\/wp-json\/wp\/v2\/media?parent=22955"}],"curies":[{"name":"wp","href":"https:\/\/api.w.org\/{rel}","templated":true}]}}