{"id":2231,"date":"2016-09-25T21:00:00","date_gmt":"2016-09-25T18:00:00","guid":{"rendered":"https:\/\/neolife.com.tr\/ask-your-doctor\/"},"modified":"2016-09-25T21:00:00","modified_gmt":"2016-09-25T18:00:00","slug":"ask-your-doctor","status":"publish","type":"page","link":"https:\/\/www.neolife.com.tr\/ru\/ask-your-doctor\/","title":{"rendered":"\u0421\u043f\u0440\u043e\u0441\u0438\u0442\u0435 \u0441\u0432\u043e\u0435\u0433\u043e \u0432\u0440\u0430\u0447\u0430"},"content":{"rendered":"<p><p class=\"wpcf7-contact-form-not-found\"><strong>\u041e\u0448\u0438\u0431\u043a\u0430:<\/strong> \u041a\u043e\u043d\u0442\u0430\u043a\u0442\u043d\u0430\u044f \u0444\u043e\u0440\u043c\u0430 \u043d\u0435 \u043d\u0430\u0439\u0434\u0435\u043d\u0430.<\/p><\/p>\n","protected":false},"excerpt":{"rendered":"","protected":false},"author":3,"featured_media":0,"parent":0,"menu_order":0,"comment_status":"open","ping_status":"open","template":"","meta":{"footnotes":""},"class_list":["post-2231","page","type-page","status-publish","hentry"],"yoast_head":"<!-- This site is optimized with the Yoast SEO plugin v22.5 - https:\/\/yoast.com\/wordpress\/plugins\/seo\/ -->\n<title>Kanser Belirtileri ve Kanser Tedavisi Hakk\u0131nda Doktorunuza Sorun<\/title>\n<meta name=\"description\" content=\"Kanser belirtileri, kanser tan\u0131s\u0131 ve kanser tedavisi hakk\u0131nda merak ettiklerinizi n\u00fckleer t\u0131p uzman\u0131, medikal onkolog ve radyoloji uzmanlar\u0131maza sorabilirsiniz.\" \/>\n<meta name=\"robots\" content=\"index, follow, max-snippet:-1, max-image-preview:large, max-video-preview:-1\" \/>\n<link rel=\"canonical\" href=\"https:\/\/www.neolife.com.tr\/ru\/ask-your-doctor\/\" \/>\n<script type=\"application\/ld+json\" class=\"yoast-schema-graph\">{\"@context\":\"https:\/\/schema.org\",\"@graph\":[{\"@type\":\"WebPage\",\"@id\":\"https:\/\/www.neolife.com.tr\/ru\/ask-your-doctor\/\",\"url\":\"https:\/\/www.neolife.com.tr\/ru\/ask-your-doctor\/\",\"name\":\"Kanser Belirtileri ve Kanser Tedavisi Hakk\u0131nda Doktorunuza Sorun\",\"isPartOf\":{\"@id\":\"https:\/\/www.neolife.com.tr\/#website\"},\"datePublished\":\"2016-09-25T18:00:00+00:00\",\"dateModified\":\"2016-09-25T18:00:00+00:00\",\"description\":\"Kanser belirtileri, kanser tan\u0131s\u0131 ve kanser tedavisi hakk\u0131nda merak ettiklerinizi n\u00fckleer t\u0131p uzman\u0131, medikal onkolog ve radyoloji uzmanlar\u0131maza sorabilirsiniz.\",\"breadcrumb\":{\"@id\":\"https:\/\/www.neolife.com.tr\/ru\/ask-your-doctor\/#breadcrumb\"},\"inLanguage\":\"ru-RU\",\"potentialAction\":[{\"@type\":\"ReadAction\",\"target\":[\"https:\/\/www.neolife.com.tr\/ru\/ask-your-doctor\/\"]}]},{\"@type\":\"BreadcrumbList\",\"@id\":\"https:\/\/www.neolife.com.tr\/ru\/ask-your-doctor\/#breadcrumb\",\"itemListElement\":[{\"@type\":\"ListItem\",\"position\":1,\"name\":\"Ana Sayfa\",\"item\":\"https:\/\/www.neolife.com.tr\/ru\/\"},{\"@type\":\"ListItem\",\"position\":2,\"name\":\"\u0421\u043f\u0440\u043e\u0441\u0438\u0442\u0435 \u0441\u0432\u043e\u0435\u0433\u043e \u0432\u0440\u0430\u0447\u0430\"}]},{\"@type\":\"WebSite\",\"@id\":\"https:\/\/www.neolife.com.tr\/#website\",\"url\":\"https:\/\/www.neolife.com.tr\/\",\"name\":\"Neolife T\u0131p Merkezi\",\"description\":\"T\u00fcrkiye&#039;de kanser tedavisi - kanser te\u015fhisi ve tedavisi\",\"publisher\":{\"@id\":\"https:\/\/www.neolife.com.tr\/#organization\"},\"potentialAction\":[{\"@type\":\"SearchAction\",\"target\":{\"@type\":\"EntryPoint\",\"urlTemplate\":\"https:\/\/www.neolife.com.tr\/?s={search_term_string}\"},\"query-input\":\"required name=search_term_string\"}],\"inLanguage\":\"ru-RU\"},{\"@type\":\"Organization\",\"@id\":\"https:\/\/www.neolife.com.tr\/#organization\",\"name\":\"Neolife T\u0131p Merkezi\",\"url\":\"https:\/\/www.neolife.com.tr\/\",\"logo\":{\"@type\":\"ImageObject\",\"inLanguage\":\"ru-RU\",\"@id\":\"https:\/\/www.neolife.com.tr\/#\/schema\/logo\/image\/\",\"url\":\"https:\/\/www.neolife.com.tr\/wp-content\/uploads\/2021\/06\/Neolife-Logo.png\",\"contentUrl\":\"https:\/\/www.neolife.com.tr\/wp-content\/uploads\/2021\/06\/Neolife-Logo.png\",\"width\":348,\"height\":92,\"caption\":\"Neolife T\u0131p Merkezi\"},\"image\":{\"@id\":\"https:\/\/www.neolife.com.tr\/#\/schema\/logo\/image\/\"},\"sameAs\":[\"https:\/\/www.facebook.com\/NeoLifeIstanbul\/\",\"https:\/\/x.com\/NeoLifeIstanbul\",\"https:\/\/www.linkedin.com\/company\/neolife-oncology-center\/?originalSubdomain=tr\"]}]}<\/script>\n<!-- \/ Yoast SEO plugin. -->","yoast_head_json":{"title":"Kanser Belirtileri ve Kanser Tedavisi Hakk\u0131nda Doktorunuza Sorun","description":"Kanser belirtileri, kanser tan\u0131s\u0131 ve kanser tedavisi hakk\u0131nda merak ettiklerinizi n\u00fckleer t\u0131p uzman\u0131, medikal onkolog ve radyoloji uzmanlar\u0131maza sorabilirsiniz.","robots":{"index":"index","follow":"follow","max-snippet":"max-snippet:-1","max-image-preview":"max-image-preview:large","max-video-preview":"max-video-preview:-1"},"canonical":"https:\/\/www.neolife.com.tr\/ru\/ask-your-doctor\/","schema":{"@context":"https:\/\/schema.org","@graph":[{"@type":"WebPage","@id":"https:\/\/www.neolife.com.tr\/ru\/ask-your-doctor\/","url":"https:\/\/www.neolife.com.tr\/ru\/ask-your-doctor\/","name":"Kanser Belirtileri ve Kanser Tedavisi Hakk\u0131nda Doktorunuza Sorun","isPartOf":{"@id":"https:\/\/www.neolife.com.tr\/#website"},"datePublished":"2016-09-25T18:00:00+00:00","dateModified":"2016-09-25T18:00:00+00:00","description":"Kanser belirtileri, kanser tan\u0131s\u0131 ve kanser tedavisi hakk\u0131nda merak ettiklerinizi n\u00fckleer t\u0131p uzman\u0131, medikal onkolog ve radyoloji uzmanlar\u0131maza sorabilirsiniz.","breadcrumb":{"@id":"https:\/\/www.neolife.com.tr\/ru\/ask-your-doctor\/#breadcrumb"},"inLanguage":"ru-RU","potentialAction":[{"@type":"ReadAction","target":["https:\/\/www.neolife.com.tr\/ru\/ask-your-doctor\/"]}]},{"@type":"BreadcrumbList","@id":"https:\/\/www.neolife.com.tr\/ru\/ask-your-doctor\/#breadcrumb","itemListElement":[{"@type":"ListItem","position":1,"name":"Ana Sayfa","item":"https:\/\/www.neolife.com.tr\/ru\/"},{"@type":"ListItem","position":2,"name":"\u0421\u043f\u0440\u043e\u0441\u0438\u0442\u0435 \u0441\u0432\u043e\u0435\u0433\u043e \u0432\u0440\u0430\u0447\u0430"}]},{"@type":"WebSite","@id":"https:\/\/www.neolife.com.tr\/#website","url":"https:\/\/www.neolife.com.tr\/","name":"Neolife T\u0131p Merkezi","description":"T\u00fcrkiye&#039;de kanser tedavisi - kanser te\u015fhisi ve tedavisi","publisher":{"@id":"https:\/\/www.neolife.com.tr\/#organization"},"potentialAction":[{"@type":"SearchAction","target":{"@type":"EntryPoint","urlTemplate":"https:\/\/www.neolife.com.tr\/?s={search_term_string}"},"query-input":"required name=search_term_string"}],"inLanguage":"ru-RU"},{"@type":"Organization","@id":"https:\/\/www.neolife.com.tr\/#organization","name":"Neolife T\u0131p Merkezi","url":"https:\/\/www.neolife.com.tr\/","logo":{"@type":"ImageObject","inLanguage":"ru-RU","@id":"https:\/\/www.neolife.com.tr\/#\/schema\/logo\/image\/","url":"https:\/\/www.neolife.com.tr\/wp-content\/uploads\/2021\/06\/Neolife-Logo.png","contentUrl":"https:\/\/www.neolife.com.tr\/wp-content\/uploads\/2021\/06\/Neolife-Logo.png","width":348,"height":92,"caption":"Neolife T\u0131p Merkezi"},"image":{"@id":"https:\/\/www.neolife.com.tr\/#\/schema\/logo\/image\/"},"sameAs":["https:\/\/www.facebook.com\/NeoLifeIstanbul\/","https:\/\/x.com\/NeoLifeIstanbul","https:\/\/www.linkedin.com\/company\/neolife-oncology-center\/?originalSubdomain=tr"]}]}},"_links":{"self":[{"href":"https:\/\/www.neolife.com.tr\/ru\/wp-json\/wp\/v2\/pages\/2231","targetHints":{"allow":["GET"]}}],"collection":[{"href":"https:\/\/www.neolife.com.tr\/ru\/wp-json\/wp\/v2\/pages"}],"about":[{"href":"https:\/\/www.neolife.com.tr\/ru\/wp-json\/wp\/v2\/types\/page"}],"author":[{"embeddable":true,"href":"https:\/\/www.neolife.com.tr\/ru\/wp-json\/wp\/v2\/users\/3"}],"replies":[{"embeddable":true,"href":"https:\/\/www.neolife.com.tr\/ru\/wp-json\/wp\/v2\/comments?post=2231"}],"version-history":[{"count":0,"href":"https:\/\/www.neolife.com.tr\/ru\/wp-json\/wp\/v2\/pages\/2231\/revisions"}],"wp:attachment":[{"href":"https:\/\/www.neolife.com.tr\/ru\/wp-json\/wp\/v2\/media?parent=2231"}],"curies":[{"name":"wp","href":"https:\/\/api.w.org\/{rel}","templated":true}]}}