{"id":27139,"date":"2025-07-15T18:20:56","date_gmt":"2025-07-15T15:20:56","guid":{"rendered":"https:\/\/www.neolife.com.tr\/?page_id=27139"},"modified":"2025-07-15T18:27:24","modified_gmt":"2025-07-15T15:27:24","slug":"le-cancer-de-la-peau","status":"publish","type":"page","link":"https:\/\/www.neolife.com.tr\/fr\/le-cancer-de-la-peau\/","title":{"rendered":"Le cancer de la peau"},"content":{"rendered":"<figure><img decoding=\"async\" width=\"200\" height=\"200\" src=\"https:\/\/www.neolife.com.tr\/wp-content\/uploads\/2023\/05\/cilt-kanseri-kurdele-1.png\" alt=\"\" \/><\/figure>\n<h3>Skin Cancer<\/h3>\n<p><strong>Qu\u2019est-ce que le cancer de la peau ? <\/strong><\/p>\n<p>Le cancer de la peau est une prolif\u00e9ration anormale des cellules cutan\u00e9es, survenant le plus souvent dans les zones fr\u00e9quemment expos\u00e9es au soleil. Cependant, ce type de cancer peut \u00e9galement appara\u00eetre dans des zones de la peau habituellement non expos\u00e9es \u00e0 la lumi\u00e8re solaire.<\/p>\n<p>Il existe trois principaux types de cancer de la peau : le carcinome basocellulaire, le carcinome \u00e9pidermo\u00efde et le m\u00e9lanome.<\/p>\n<p>Limiter ou \u00e9viter l\u2019exposition aux rayons ultraviolets (UV) peut r\u00e9duire le risque de d\u00e9velopper un cancer de la peau. Une \u00e9valuation r\u00e9guli\u00e8re de la peau \u00e0 la recherche de changements suspects peut permettre un diagnostic pr\u00e9coce du cancer. Un diagnostic pr\u00e9coce offre les meilleures chances de succ\u00e8s du traitement.<\/p>\n<p><img fetchpriority=\"high\" decoding=\"async\" src=\"https:\/\/neolife.com.tr\/wp-content\/uploads\/2018\/11\/Cilt-Kanseri-Neolife-Kanser-Merkezi-1.jpg\" alt=\"\" width=\"607\" height=\"263\" \/><\/p>\n<p><strong>O\u00f9 se d\u00e9veloppe le cancer de la peau ? <\/strong><\/p>\n<p>Les cancers de la peau apparaissent principalement dans les zones cutan\u00e9es expos\u00e9es au soleil, comme le cuir chevelu, le visage, les l\u00e8vres, les oreilles, le cou, la poitrine, les bras, les mains et, chez les femmes, les jambes. Cependant, ils peuvent \u00e9galement se d\u00e9velopper dans des zones rarement expos\u00e9es au soleil, telles que les paumes des mains, la peau sous les ongles des doigts et des orteils, ainsi que la r\u00e9gion g\u00e9nitale.<\/p>\n<p>Le cancer de la peau peut toucher toutes les personnes, quel que soit leur type ou couleur de peau, y compris les personnes \u00e0 la peau fonc\u00e9e. Le m\u00e9lanome est d\u2019ailleurs plus fr\u00e9quemment diagnostiqu\u00e9 chez les personnes \u00e0 la peau fonc\u00e9e, o\u00f9 il se manifeste principalement dans des zones non expos\u00e9es au soleil.<\/p>\n<p><strong><img decoding=\"async\" src=\"https:\/\/neolife.com.tr\/wp-content\/uploads\/2018\/11\/Cilt-Kanseri-Belirtileri-Neolife-Kanser-Merkezi-1.jpg\" alt=\"\" width=\"495\" height=\"274\" \/><\/strong><\/p>\n<p><strong>Quels sont les types de cancer de la peau ?<\/strong><\/p>\n<p><strong>Carcinome basocellulaire :<\/strong><\/p>\n<p>Le carcinome basocellulaire se d\u00e9veloppe g\u00e9n\u00e9ralement sur les parties du corps expos\u00e9es au soleil, comme le visage ou le cou.<\/p>\n<p>Il peut se manifester de la mani\u00e8re suivante :<\/p>\n<ul>\n<li>Une bosse cireuse ayant l&rsquo;apparence d&rsquo;une perle.<\/li>\n<li>Une l\u00e9sion plate, de couleur chair ou brun\u00e2tre, ressemblant \u00e0 une cicatrice.<\/li>\n<\/ul>\n<p><strong>Carcinome \u00e9pidermo\u00efde : <\/strong><\/p>\n<p>Le carcinome \u00e9pidermo\u00efde se d\u00e9veloppe g\u00e9n\u00e9ralement dans les zones expos\u00e9es au soleil, comme le visage, les oreilles ou les mains. Chez les personnes \u00e0 la peau fonc\u00e9e, ce type de cancer a plus de chances d\u2019appara\u00eetre dans des zones de la peau qui ne sont pas habituellement expos\u00e9es au soleil.<br \/>Il peut se manifester par\u00a0<\/p>\n<p>\u2022 Un nodule rouge et ferme<br \/>\u2022 Une l\u00e9sion plate avec une surface squameuse ou cro\u00fbteuse<\/p>\n<p><strong>M\u00e9lanome :<\/strong><\/p>\n<p>Le m\u00e9lanome peut appara\u00eetre sur n\u2019importe quelle partie du corps, sans signe ou sympt\u00f4me sp\u00e9cifique, ou bien se d\u00e9velopper \u00e0 partir d\u2019un grain de beaut\u00e9 existant qui devient canc\u00e9reux.<\/p>\n<p>Chez les hommes, le m\u00e9lanome appara\u00eet g\u00e9n\u00e9ralement sur le visage ou le tronc. Chez les femmes, il est plus fr\u00e9quemment observ\u00e9 sur les jambes. Il peut \u00e9galement se d\u00e9velopper dans des zones non expos\u00e9es au soleil, chez les deux sexes.<\/p>\n<p>Le m\u00e9lanome peut toucher toutes les personnes, ind\u00e9pendamment de leur couleur de peau. Toutefois, chez les personnes \u00e0 la peau fonc\u00e9e, il a tendance \u00e0 appara\u00eetre sur les paumes des mains, les plantes des pieds, ou sous les ongles des doigts ou des orteils.<\/p>\n<p>Les signes du m\u00e9lanome incluent :<\/p>\n<p>\u2022Une grande tache brun\u00e2tre avec des points plus fonc\u00e9s<br \/>\u2022 Un grain de beaut\u00e9 qui change de taille, de couleur, de texture ou qui saigne<br \/>\u2022 Une petite l\u00e9sion rouge, blanche, bleue ou bleu-noir aux bords irr\u00e9guliers<br \/>\u2022 Des l\u00e9sions sombres sur les paumes, les plantes des pieds, le bout des doigts ou des orteils, ou sur les muqueuses de la bouche, du nez, du vagin ou de l\u2019anus<\/p>\n<p><img loading=\"lazy\" decoding=\"async\" src=\"https:\/\/neolife.com.tr\/wp-content\/uploads\/2018\/11\/Cilt-Kanseri-Nedenleri-Neolife-Kanser-Merkezi.jpg\" alt=\"\" width=\"454\" height=\"227\" \/><\/p>\n<p><strong>Types de cellules dans le cancer de la peau :<\/strong><br \/>Le cancer de la peau prend naissance dans l\u2019\u00e9piderme, la couche sup\u00e9rieure de la peau.<br \/>L\u2019\u00e9piderme est une fine couche protectrice compos\u00e9e de cellules cutan\u00e9es qui se renouvellent continuellement.<br \/>Il comprend trois types principaux de cellules :<br \/><strong>\u2022 Cellules squameuses<br \/>\u2022 Cellules basales<br \/>\u2022 M\u00e9lanocytes <\/strong><\/p>\n<p>Identifier le type de cellule \u00e0 l\u2019origine du cancer permet de d\u00e9terminer le type de cancer et les options de traitement.<\/p>\n<p><strong>Lumi\u00e8re ultraviolette et autres causes potentielles : <\/strong><\/p>\n<p>Les dommages \u00e0 l\u2019ADN des cellules cutan\u00e9es sont principalement caus\u00e9s par les rayonnements ultraviolets (UV) pr\u00e9sents dans les rayons du soleil et les lampes des cabines de bronzage. Cependant, l\u2019exposition au soleil n\u2019explique pas toujours l\u2019apparition de cancers dans des zones non expos\u00e9es au soleil, ce qui sugg\u00e8re l\u2019implication d\u2019autres facteurs de risque, comme l\u2019exposition \u00e0 des substances toxiques ou la pr\u00e9sence de maladies affaiblissant le syst\u00e8me immunitaire.<\/p>\n<p><strong>Quels sont les facteurs de risque du cancer de la peau ?<\/strong><\/p>\n<p>Les facteurs suivants augmentent le risque :<\/p>\n<p><strong> \u2022Peau claire<br \/>\u2022 Ant\u00e9c\u00e9dents de coups de soleil<br \/>\u2022 Exposition excessive au soleil<br \/>\u2022 Climat ensoleill\u00e9 ou en altitude<br \/>\u2022 Pr\u00e9sence de grains de beaut\u00e9<br \/>\u2022 L\u00e9sions pr\u00e9canc\u00e9reuses<br \/>\u2022 Ant\u00e9c\u00e9dents familiaux de cancer de la peau<br \/>\u2022 Ant\u00e9c\u00e9dents personnels de cancer de la peau<br \/>\u2022 Syst\u00e8me immunitaire affaibli<br \/>\u2022 Exposition \u00e0 des radiations<br \/>\u2022 Exposition \u00e0 certaines substances chimiques\u00a0<\/strong><\/p>\n<p><strong>Comment diagnostique-t-on le cancer de la peau ? <\/strong><\/p>\n<p>Votre m\u00e9decin peut r\u00e9aliser les examens suivants pour \u00e9tablir un diagnostic :<br \/>\u2022 Examen de la peau<br \/>\u2022 Pr\u00e9l\u00e8vement d\u2019un \u00e9chantillon de peau sur une zone suspecte (biopsie cutan\u00e9e)<\/p>\n<p><strong>Comment pr\u00e9venir le cancer de la peau ? <\/strong><\/p>\n<p>La plupart des cancers de la peau peuvent \u00eatre \u00e9vit\u00e9s. Voici quelques conseils pr\u00e9ventifs :<\/p>\n<ul>\n<li><strong>\u00c9vitez le soleil en milieu de journ\u00e9e.<\/strong> Les rayons UV sont les plus forts entre 10h et 16h. Planifiez vos activit\u00e9s ext\u00e9rieures en dehors de ces heures, m\u00eame en hiver ou par temps nuageux.<\/li>\n<\/ul>\n<p>\u00a0Les rayons UV peuvent traverser les nuages et provoquer des dommages cutan\u00e9s.<\/p>\n<ul>\n<li><strong>Utilisez de la cr\u00e8me solaire toute l\u2019ann\u00e9e.<\/strong><\/li>\n<\/ul>\n<p>Bien que les cr\u00e8mes solaires ne filtrent pas tous les rayons UV, elles sont essentielles dans un programme global de protection solaire. Choisissez une cr\u00e8me \u00e0 large spectre avec un facteur de protection solaire (FPS) d\u2019au moins 15. Appliquez-en g\u00e9n\u00e9reusement toutes les deux heures, ou plus fr\u00e9quemment si vous nagez ou transpirez. N\u2019oubliez pas les l\u00e8vres, les lobes d\u2019oreilles et le dos des mains.<\/p>\n<ul>\n<li><strong>Portez des v\u00eatements de protection.<\/strong> omme les cr\u00e8mes solaires ne prot\u00e8gent pas compl\u00e8tement, portez des v\u00eatements en tissu serr\u00e9, de couleur fonc\u00e9e, qui couvrent les bras et les jambes, et un chapeau \u00e0 larges bords.\u00a0<\/li>\n<\/ul>\n<p>\u00a0<\/p>\n<ul>\n<li><strong>Portez des lunettes de soleil.<\/strong> Choisissez des lunettes offrant une protection contre les deux types de rayons UV : UVA et UVB.<\/li>\n<\/ul>\n<p><strong>\u00c9vitez les cabines de bronzage.<\/strong><\/p>\n<p><strong>Auto-surveillez votre peau.<\/strong> Examinez r\u00e9guli\u00e8rement votre peau pour d\u00e9tecter toute nouvelle l\u00e9sion ou tout changement au niveau des grains de beaut\u00e9, taches de rousseur, boutons ou taches de naissance. Signalez toute anomalie \u00e0 votre m\u00e9decin.<\/p>\n","protected":false},"excerpt":{"rendered":"<p>Skin Cancer Qu\u2019est-ce que le cancer de la peau ? Le cancer de la peau est une prolif\u00e9ration anormale des cellules cutan\u00e9es, survenant le plus souvent dans les zones fr\u00e9quemment expos\u00e9es au soleil. Cependant, ce type de cancer peut \u00e9galement appara\u00eetre dans des zones de la peau habituellement non expos\u00e9es \u00e0 la lumi\u00e8re solaire. Il [&hellip;]<\/p>\n","protected":false},"author":13,"featured_media":27144,"parent":0,"menu_order":0,"comment_status":"open","ping_status":"open","template":"","meta":{"footnotes":""},"class_list":["post-27139","page","type-page","status-publish","has-post-thumbnail","hentry"],"yoast_head":"<!-- This site is optimized with the Yoast SEO plugin v22.5 - https:\/\/yoast.com\/wordpress\/plugins\/seo\/ -->\n<title>Le cancer de la peau - Neolife T\u0131p Merkezi<\/title>\n<meta name=\"robots\" content=\"index, follow, max-snippet:-1, max-image-preview:large, max-video-preview:-1\" \/>\n<link rel=\"canonical\" href=\"https:\/\/www.neolife.com.tr\/fr\/le-cancer-de-la-peau\/\" \/>\n<meta name=\"twitter:label1\" content=\"Dur\u00e9e de lecture estim\u00e9e\" \/>\n\t<meta name=\"twitter:data1\" content=\"9 minutes\" \/>\n<script type=\"application\/ld+json\" class=\"yoast-schema-graph\">{\"@context\":\"https:\/\/schema.org\",\"@graph\":[{\"@type\":\"WebPage\",\"@id\":\"https:\/\/www.neolife.com.tr\/fr\/le-cancer-de-la-peau\/\",\"url\":\"https:\/\/www.neolife.com.tr\/fr\/le-cancer-de-la-peau\/\",\"name\":\"Le cancer de la peau - Neolife T\u0131p Merkezi\",\"isPartOf\":{\"@id\":\"https:\/\/www.neolife.com.tr\/#website\"},\"primaryImageOfPage\":{\"@id\":\"https:\/\/www.neolife.com.tr\/fr\/le-cancer-de-la-peau\/#primaryimage\"},\"image\":{\"@id\":\"https:\/\/www.neolife.com.tr\/fr\/le-cancer-de-la-peau\/#primaryimage\"},\"thumbnailUrl\":\"https:\/\/www.neolife.com.tr\/wp-content\/uploads\/2018\/11\/Cilt-Kanseri-Belirtileri-Neolife-Kanser-Merkezi-1.jpg\",\"datePublished\":\"2025-07-15T15:20:56+00:00\",\"dateModified\":\"2025-07-15T15:27:24+00:00\",\"breadcrumb\":{\"@id\":\"https:\/\/www.neolife.com.tr\/fr\/le-cancer-de-la-peau\/#breadcrumb\"},\"inLanguage\":\"fr-FR\",\"potentialAction\":[{\"@type\":\"ReadAction\",\"target\":[\"https:\/\/www.neolife.com.tr\/fr\/le-cancer-de-la-peau\/\"]}]},{\"@type\":\"ImageObject\",\"inLanguage\":\"fr-FR\",\"@id\":\"https:\/\/www.neolife.com.tr\/fr\/le-cancer-de-la-peau\/#primaryimage\",\"url\":\"https:\/\/www.neolife.com.tr\/wp-content\/uploads\/2018\/11\/Cilt-Kanseri-Belirtileri-Neolife-Kanser-Merkezi-1.jpg\",\"contentUrl\":\"https:\/\/www.neolife.com.tr\/wp-content\/uploads\/2018\/11\/Cilt-Kanseri-Belirtileri-Neolife-Kanser-Merkezi-1.jpg\",\"width\":1000,\"height\":553},{\"@type\":\"BreadcrumbList\",\"@id\":\"https:\/\/www.neolife.com.tr\/fr\/le-cancer-de-la-peau\/#breadcrumb\",\"itemListElement\":[{\"@type\":\"ListItem\",\"position\":1,\"name\":\"Ana Sayfa\",\"item\":\"https:\/\/www.neolife.com.tr\/fr\/\"},{\"@type\":\"ListItem\",\"position\":2,\"name\":\"Le cancer de la peau\"}]},{\"@type\":\"WebSite\",\"@id\":\"https:\/\/www.neolife.com.tr\/#website\",\"url\":\"https:\/\/www.neolife.com.tr\/\",\"name\":\"Neolife T\u0131p Merkezi\",\"description\":\"T\u00fcrkiye&#039;de kanser tedavisi - kanser te\u015fhisi ve tedavisi\",\"publisher\":{\"@id\":\"https:\/\/www.neolife.com.tr\/#organization\"},\"potentialAction\":[{\"@type\":\"SearchAction\",\"target\":{\"@type\":\"EntryPoint\",\"urlTemplate\":\"https:\/\/www.neolife.com.tr\/?s={search_term_string}\"},\"query-input\":\"required name=search_term_string\"}],\"inLanguage\":\"fr-FR\"},{\"@type\":\"Organization\",\"@id\":\"https:\/\/www.neolife.com.tr\/#organization\",\"name\":\"Neolife T\u0131p Merkezi\",\"url\":\"https:\/\/www.neolife.com.tr\/\",\"logo\":{\"@type\":\"ImageObject\",\"inLanguage\":\"fr-FR\",\"@id\":\"https:\/\/www.neolife.com.tr\/#\/schema\/logo\/image\/\",\"url\":\"https:\/\/www.neolife.com.tr\/wp-content\/uploads\/2021\/06\/Neolife-Logo.png\",\"contentUrl\":\"https:\/\/www.neolife.com.tr\/wp-content\/uploads\/2021\/06\/Neolife-Logo.png\",\"width\":348,\"height\":92,\"caption\":\"Neolife T\u0131p Merkezi\"},\"image\":{\"@id\":\"https:\/\/www.neolife.com.tr\/#\/schema\/logo\/image\/\"},\"sameAs\":[\"https:\/\/www.facebook.com\/NeoLifeIstanbul\/\",\"https:\/\/x.com\/NeoLifeIstanbul\",\"https:\/\/www.linkedin.com\/company\/neolife-oncology-center\/?originalSubdomain=tr\"]}]}<\/script>\n<!-- \/ Yoast SEO plugin. -->","yoast_head_json":{"title":"Le cancer de la peau - Neolife T\u0131p Merkezi","robots":{"index":"index","follow":"follow","max-snippet":"max-snippet:-1","max-image-preview":"max-image-preview:large","max-video-preview":"max-video-preview:-1"},"canonical":"https:\/\/www.neolife.com.tr\/fr\/le-cancer-de-la-peau\/","twitter_misc":{"Dur\u00e9e de lecture estim\u00e9e":"9 minutes"},"schema":{"@context":"https:\/\/schema.org","@graph":[{"@type":"WebPage","@id":"https:\/\/www.neolife.com.tr\/fr\/le-cancer-de-la-peau\/","url":"https:\/\/www.neolife.com.tr\/fr\/le-cancer-de-la-peau\/","name":"Le cancer de la peau - Neolife T\u0131p Merkezi","isPartOf":{"@id":"https:\/\/www.neolife.com.tr\/#website"},"primaryImageOfPage":{"@id":"https:\/\/www.neolife.com.tr\/fr\/le-cancer-de-la-peau\/#primaryimage"},"image":{"@id":"https:\/\/www.neolife.com.tr\/fr\/le-cancer-de-la-peau\/#primaryimage"},"thumbnailUrl":"https:\/\/www.neolife.com.tr\/wp-content\/uploads\/2018\/11\/Cilt-Kanseri-Belirtileri-Neolife-Kanser-Merkezi-1.jpg","datePublished":"2025-07-15T15:20:56+00:00","dateModified":"2025-07-15T15:27:24+00:00","breadcrumb":{"@id":"https:\/\/www.neolife.com.tr\/fr\/le-cancer-de-la-peau\/#breadcrumb"},"inLanguage":"fr-FR","potentialAction":[{"@type":"ReadAction","target":["https:\/\/www.neolife.com.tr\/fr\/le-cancer-de-la-peau\/"]}]},{"@type":"ImageObject","inLanguage":"fr-FR","@id":"https:\/\/www.neolife.com.tr\/fr\/le-cancer-de-la-peau\/#primaryimage","url":"https:\/\/www.neolife.com.tr\/wp-content\/uploads\/2018\/11\/Cilt-Kanseri-Belirtileri-Neolife-Kanser-Merkezi-1.jpg","contentUrl":"https:\/\/www.neolife.com.tr\/wp-content\/uploads\/2018\/11\/Cilt-Kanseri-Belirtileri-Neolife-Kanser-Merkezi-1.jpg","width":1000,"height":553},{"@type":"BreadcrumbList","@id":"https:\/\/www.neolife.com.tr\/fr\/le-cancer-de-la-peau\/#breadcrumb","itemListElement":[{"@type":"ListItem","position":1,"name":"Ana Sayfa","item":"https:\/\/www.neolife.com.tr\/fr\/"},{"@type":"ListItem","position":2,"name":"Le cancer de la peau"}]},{"@type":"WebSite","@id":"https:\/\/www.neolife.com.tr\/#website","url":"https:\/\/www.neolife.com.tr\/","name":"Neolife T\u0131p Merkezi","description":"T\u00fcrkiye&#039;de kanser tedavisi - kanser te\u015fhisi ve tedavisi","publisher":{"@id":"https:\/\/www.neolife.com.tr\/#organization"},"potentialAction":[{"@type":"SearchAction","target":{"@type":"EntryPoint","urlTemplate":"https:\/\/www.neolife.com.tr\/?s={search_term_string}"},"query-input":"required name=search_term_string"}],"inLanguage":"fr-FR"},{"@type":"Organization","@id":"https:\/\/www.neolife.com.tr\/#organization","name":"Neolife T\u0131p Merkezi","url":"https:\/\/www.neolife.com.tr\/","logo":{"@type":"ImageObject","inLanguage":"fr-FR","@id":"https:\/\/www.neolife.com.tr\/#\/schema\/logo\/image\/","url":"https:\/\/www.neolife.com.tr\/wp-content\/uploads\/2021\/06\/Neolife-Logo.png","contentUrl":"https:\/\/www.neolife.com.tr\/wp-content\/uploads\/2021\/06\/Neolife-Logo.png","width":348,"height":92,"caption":"Neolife T\u0131p Merkezi"},"image":{"@id":"https:\/\/www.neolife.com.tr\/#\/schema\/logo\/image\/"},"sameAs":["https:\/\/www.facebook.com\/NeoLifeIstanbul\/","https:\/\/x.com\/NeoLifeIstanbul","https:\/\/www.linkedin.com\/company\/neolife-oncology-center\/?originalSubdomain=tr"]}]}},"_links":{"self":[{"href":"https:\/\/www.neolife.com.tr\/fr\/wp-json\/wp\/v2\/pages\/27139","targetHints":{"allow":["GET"]}}],"collection":[{"href":"https:\/\/www.neolife.com.tr\/fr\/wp-json\/wp\/v2\/pages"}],"about":[{"href":"https:\/\/www.neolife.com.tr\/fr\/wp-json\/wp\/v2\/types\/page"}],"author":[{"embeddable":true,"href":"https:\/\/www.neolife.com.tr\/fr\/wp-json\/wp\/v2\/users\/13"}],"replies":[{"embeddable":true,"href":"https:\/\/www.neolife.com.tr\/fr\/wp-json\/wp\/v2\/comments?post=27139"}],"version-history":[{"count":4,"href":"https:\/\/www.neolife.com.tr\/fr\/wp-json\/wp\/v2\/pages\/27139\/revisions"}],"predecessor-version":[{"id":27154,"href":"https:\/\/www.neolife.com.tr\/fr\/wp-json\/wp\/v2\/pages\/27139\/revisions\/27154"}],"wp:featuredmedia":[{"embeddable":true,"href":"https:\/\/www.neolife.com.tr\/fr\/wp-json\/wp\/v2\/media\/27144"}],"wp:attachment":[{"href":"https:\/\/www.neolife.com.tr\/fr\/wp-json\/wp\/v2\/media?parent=27139"}],"curies":[{"name":"wp","href":"https:\/\/api.w.org\/{rel}","templated":true}]}}