{"id":27084,"date":"2025-07-15T17:56:24","date_gmt":"2025-07-15T14:56:24","guid":{"rendered":"https:\/\/www.neolife.com.tr\/?page_id=27084"},"modified":"2025-09-17T11:52:41","modified_gmt":"2025-09-17T08:52:41","slug":"cancer-du-foie","status":"publish","type":"page","link":"https:\/\/www.neolife.com.tr\/fr\/cancer-du-foie\/","title":{"rendered":"Cancer du foie"},"content":{"rendered":"<figure><img decoding=\"async\" src=\"https:\/\/www.neolife.com.tr\/wp-content\/uploads\/2023\/05\/karaciger-kanseri-kurdele.png\" alt=\"\" width=\"200\" height=\"200\" \/><\/figure>\n<h3>Liver Cancer<\/h3>\n<p><strong>Qu&rsquo;est-ce que le cancer du foie ? <\/strong><\/p>\n<p>Le cancer du foie est un cancer qui se d\u00e9veloppe dans les cellules du foie. Le foie est un organe de la taille d\u2019un ballon de football, situ\u00e9 dans la partie sup\u00e9rieure droite de l\u2019abdomen, sous le diaphragme et au-dessus de l\u2019estomac.<\/p>\n<p>Plusieurs types de cancer peuvent appara\u00eetre dans le foie. Le type le plus courant est le carcinome h\u00e9patocellulaire, qui prend naissance dans la cellule principale du foie appel\u00e9e h\u00e9patocyte. D&rsquo;autres types de cancer du foie, comme le cholangiocarcinome intra-h\u00e9patique et l&rsquo;h\u00e9patoblastome, sont plus rares.<\/p>\n<p>Tous les cancers qui touchent le foie ne sont pas consid\u00e9r\u00e9s comme des cancers du foie. Si un cancer commence dans une autre partie du corps \u2013 comme le c\u00f4lon, les poumons ou les seins \u2013 et se propage au foie, il s\u2019agit alors d\u2019un cancer m\u00e9tastatique et non d\u2019un cancer primitif du foie. Ce type de cancer est nomm\u00e9 en fonction de l\u2019organe d\u2019origine \u2013 par exemple, un cancer du c\u00f4lon m\u00e9tastatique d\u00e9signe un cancer apparu dans le c\u00f4lon et qui s\u2019est propag\u00e9 au foie.<\/p>\n<p>Les cancers qui se propagent au foie sont plus fr\u00e9quents que ceux qui prennent naissance dans les cellules h\u00e9patiques.<\/p>\n<p><strong>Quels sont les signes et sympt\u00f4mes du cancer du foie ? <\/strong><\/p>\n<p>La plupart des personnes atteintes d\u2019un cancer primitif du foie \u00e0 un stade pr\u00e9coce ne pr\u00e9sentent aucun signe ni sympt\u00f4me. Lorsque les signes et sympt\u00f4mes apparaissent, ils peuvent inclure :<\/p>\n<ul>\n<li>Une perte de poids involontaire<\/li>\n<li>Une perte d\u2019app\u00e9tit<\/li>\n<li>Des douleurs dans la partie sup\u00e9rieure de l\u2019abdomen<\/li>\n<li>Des naus\u00e9es et des vomissements<\/li>\n<li>Une sensation g\u00e9n\u00e9rale de faiblesse et de fatigue<\/li>\n<li>Un gonflement abdominal<\/li>\n<li>Une coloration jaune de la peau et du blanc des yeux (jaunisse)<\/li>\n<li>Des selles blanches ou de couleur argile<\/li>\n<\/ul>\n<p><strong>Quels sont les facteurs de risque du cancer du foie ? <\/strong><\/p>\n<p>Les facteurs qui augmentent le risque de d\u00e9velopper un cancer primitif du foie sont :<\/p>\n<ul>\n<li>Une infection chronique par le virus de l\u2019h\u00e9patite B (VHB) ou de l\u2019h\u00e9patite C (VHC)<\/li>\n<li>La cirrhose<\/li>\n<li>Certaines maladies h\u00e9r\u00e9ditaires du foie<\/li>\n<li>Le diab\u00e8te<\/li>\n<li>La st\u00e9atose h\u00e9patique non alcoolique<\/li>\n<li>L\u2019exposition aux aflatoxines<\/li>\n<li>La consommation excessive d\u2019alcool<\/li>\n<\/ul>\n<p><strong>Que peut-on faire pour pr\u00e9venir le cancer du foie ? <\/strong><\/p>\n<p><em>R\u00e9duire votre risque de cirrhose<\/em><br \/>\nLa cirrhose correspond \u00e0 des l\u00e9sions h\u00e9patiques chroniques et augmente le risque de cancer du foie. Vous pouvez r\u00e9duire ce risque en :<\/p>\n<ul>\n<li>Limitant votre consommation d\u2019alcool (ou en l\u2019\u00e9vitant compl\u00e8tement)<\/li>\n<li>Maintenant un poids corporel sain<\/li>\n<li>Faisant attention \u00e0 l\u2019exposition aux substances chimiques<\/li>\n<li>Vous faisant vacciner contre l\u2019h\u00e9patite B<\/li>\n<li>Prenant des mesures pour pr\u00e9venir l\u2019h\u00e9patite C<\/li>\n<\/ul>\n<p><strong>Comment diagnostique-t-on le cancer du foie ? <\/strong><\/p>\n<p>Les examens et proc\u00e9dures utilis\u00e9s pour diagnostiquer le cancer du foie incluent :<\/p>\n<ul>\n<li>Une analyse sanguine compl\u00e8te<\/li>\n<li>Des examens d\u2019imagerie m\u00e9dicale (\u00e9chographie, scanner, IRM)<\/li>\n<li>Une biopsie h\u00e9patique (pr\u00e9l\u00e8vement d\u2019un \u00e9chantillon du tissu h\u00e9patique pour analyse)<\/li>\n<\/ul>\n<p><strong>Quels sont les traitements du cancer du foie ? <\/strong><\/p>\n<p>Le traitement du cancer primitif du foie d\u00e9pend du stade d\u2019\u00e9volution du cancer, ainsi que de votre \u00e2ge, de votre \u00e9tat de sant\u00e9 g\u00e9n\u00e9ral et de vos pr\u00e9f\u00e9rences personnelles. Les options de traitement comprennent :<\/p>\n<ul>\n<li>La chirurgie pour retirer la tumeur<\/li>\n<li>La transplantation h\u00e9patique<\/li>\n<li>Les traitements localis\u00e9s (comme l\u2019ablation par radiofr\u00e9quence ou la chimioembolisation)<\/li>\n<li>La radioth\u00e9rapie<\/li>\n<li>La th\u00e9rapie cibl\u00e9e<\/li>\n<li>Les soins de support (soins palliatifs)<\/li>\n<\/ul>\n","protected":false},"excerpt":{"rendered":"<p>Liver Cancer Qu&rsquo;est-ce que le cancer du foie ? Le cancer du foie est un cancer qui se d\u00e9veloppe dans les cellules du foie. Le foie est un organe de la taille d\u2019un ballon de football, situ\u00e9 dans la partie sup\u00e9rieure droite de l\u2019abdomen, sous le diaphragme et au-dessus de l\u2019estomac. Plusieurs types de cancer [&hellip;]<\/p>\n","protected":false},"author":13,"featured_media":27090,"parent":0,"menu_order":0,"comment_status":"open","ping_status":"open","template":"","meta":{"footnotes":""},"class_list":["post-27084","page","type-page","status-publish","has-post-thumbnail","hentry"],"yoast_head":"<!-- This site is optimized with the Yoast SEO plugin v22.5 - https:\/\/yoast.com\/wordpress\/plugins\/seo\/ -->\n<title>Cancer du foie - Neolife T\u0131p Merkezi<\/title>\n<meta name=\"robots\" content=\"index, follow, max-snippet:-1, max-image-preview:large, max-video-preview:-1\" \/>\n<link rel=\"canonical\" href=\"https:\/\/www.neolife.com.tr\/fr\/cancer-du-foie\/\" \/>\n<meta name=\"twitter:label1\" content=\"Dur\u00e9e de lecture estim\u00e9e\" \/>\n\t<meta name=\"twitter:data1\" content=\"4 minutes\" \/>\n<script type=\"application\/ld+json\" class=\"yoast-schema-graph\">{\"@context\":\"https:\/\/schema.org\",\"@graph\":[{\"@type\":\"WebPage\",\"@id\":\"https:\/\/www.neolife.com.tr\/fr\/cancer-du-foie\/\",\"url\":\"https:\/\/www.neolife.com.tr\/fr\/cancer-du-foie\/\",\"name\":\"Cancer du foie - Neolife T\u0131p Merkezi\",\"isPartOf\":{\"@id\":\"https:\/\/www.neolife.com.tr\/#website\"},\"primaryImageOfPage\":{\"@id\":\"https:\/\/www.neolife.com.tr\/fr\/cancer-du-foie\/#primaryimage\"},\"image\":{\"@id\":\"https:\/\/www.neolife.com.tr\/fr\/cancer-du-foie\/#primaryimage\"},\"thumbnailUrl\":\"https:\/\/www.neolife.com.tr\/wp-content\/uploads\/2021\/09\/karaciger-kanseri.webp\",\"datePublished\":\"2025-07-15T14:56:24+00:00\",\"dateModified\":\"2025-09-17T08:52:41+00:00\",\"breadcrumb\":{\"@id\":\"https:\/\/www.neolife.com.tr\/fr\/cancer-du-foie\/#breadcrumb\"},\"inLanguage\":\"fr-FR\",\"potentialAction\":[{\"@type\":\"ReadAction\",\"target\":[\"https:\/\/www.neolife.com.tr\/fr\/cancer-du-foie\/\"]}]},{\"@type\":\"ImageObject\",\"inLanguage\":\"fr-FR\",\"@id\":\"https:\/\/www.neolife.com.tr\/fr\/cancer-du-foie\/#primaryimage\",\"url\":\"https:\/\/www.neolife.com.tr\/wp-content\/uploads\/2021\/09\/karaciger-kanseri.webp\",\"contentUrl\":\"https:\/\/www.neolife.com.tr\/wp-content\/uploads\/2021\/09\/karaciger-kanseri.webp\",\"width\":1791,\"height\":838},{\"@type\":\"BreadcrumbList\",\"@id\":\"https:\/\/www.neolife.com.tr\/fr\/cancer-du-foie\/#breadcrumb\",\"itemListElement\":[{\"@type\":\"ListItem\",\"position\":1,\"name\":\"Ana Sayfa\",\"item\":\"https:\/\/www.neolife.com.tr\/fr\/\"},{\"@type\":\"ListItem\",\"position\":2,\"name\":\"Cancer du foie\"}]},{\"@type\":\"WebSite\",\"@id\":\"https:\/\/www.neolife.com.tr\/#website\",\"url\":\"https:\/\/www.neolife.com.tr\/\",\"name\":\"Neolife T\u0131p Merkezi\",\"description\":\"T\u00fcrkiye&#039;de kanser tedavisi - kanser te\u015fhisi ve tedavisi\",\"publisher\":{\"@id\":\"https:\/\/www.neolife.com.tr\/#organization\"},\"potentialAction\":[{\"@type\":\"SearchAction\",\"target\":{\"@type\":\"EntryPoint\",\"urlTemplate\":\"https:\/\/www.neolife.com.tr\/?s={search_term_string}\"},\"query-input\":\"required name=search_term_string\"}],\"inLanguage\":\"fr-FR\"},{\"@type\":\"Organization\",\"@id\":\"https:\/\/www.neolife.com.tr\/#organization\",\"name\":\"Neolife T\u0131p Merkezi\",\"url\":\"https:\/\/www.neolife.com.tr\/\",\"logo\":{\"@type\":\"ImageObject\",\"inLanguage\":\"fr-FR\",\"@id\":\"https:\/\/www.neolife.com.tr\/#\/schema\/logo\/image\/\",\"url\":\"https:\/\/www.neolife.com.tr\/wp-content\/uploads\/2021\/06\/Neolife-Logo.png\",\"contentUrl\":\"https:\/\/www.neolife.com.tr\/wp-content\/uploads\/2021\/06\/Neolife-Logo.png\",\"width\":348,\"height\":92,\"caption\":\"Neolife T\u0131p Merkezi\"},\"image\":{\"@id\":\"https:\/\/www.neolife.com.tr\/#\/schema\/logo\/image\/\"},\"sameAs\":[\"https:\/\/www.facebook.com\/NeoLifeIstanbul\/\",\"https:\/\/x.com\/NeoLifeIstanbul\",\"https:\/\/www.linkedin.com\/company\/neolife-oncology-center\/?originalSubdomain=tr\"]}]}<\/script>\n<!-- \/ Yoast SEO plugin. -->","yoast_head_json":{"title":"Cancer du foie - Neolife T\u0131p Merkezi","robots":{"index":"index","follow":"follow","max-snippet":"max-snippet:-1","max-image-preview":"max-image-preview:large","max-video-preview":"max-video-preview:-1"},"canonical":"https:\/\/www.neolife.com.tr\/fr\/cancer-du-foie\/","twitter_misc":{"Dur\u00e9e de lecture estim\u00e9e":"4 minutes"},"schema":{"@context":"https:\/\/schema.org","@graph":[{"@type":"WebPage","@id":"https:\/\/www.neolife.com.tr\/fr\/cancer-du-foie\/","url":"https:\/\/www.neolife.com.tr\/fr\/cancer-du-foie\/","name":"Cancer du foie - Neolife T\u0131p Merkezi","isPartOf":{"@id":"https:\/\/www.neolife.com.tr\/#website"},"primaryImageOfPage":{"@id":"https:\/\/www.neolife.com.tr\/fr\/cancer-du-foie\/#primaryimage"},"image":{"@id":"https:\/\/www.neolife.com.tr\/fr\/cancer-du-foie\/#primaryimage"},"thumbnailUrl":"https:\/\/www.neolife.com.tr\/wp-content\/uploads\/2021\/09\/karaciger-kanseri.webp","datePublished":"2025-07-15T14:56:24+00:00","dateModified":"2025-09-17T08:52:41+00:00","breadcrumb":{"@id":"https:\/\/www.neolife.com.tr\/fr\/cancer-du-foie\/#breadcrumb"},"inLanguage":"fr-FR","potentialAction":[{"@type":"ReadAction","target":["https:\/\/www.neolife.com.tr\/fr\/cancer-du-foie\/"]}]},{"@type":"ImageObject","inLanguage":"fr-FR","@id":"https:\/\/www.neolife.com.tr\/fr\/cancer-du-foie\/#primaryimage","url":"https:\/\/www.neolife.com.tr\/wp-content\/uploads\/2021\/09\/karaciger-kanseri.webp","contentUrl":"https:\/\/www.neolife.com.tr\/wp-content\/uploads\/2021\/09\/karaciger-kanseri.webp","width":1791,"height":838},{"@type":"BreadcrumbList","@id":"https:\/\/www.neolife.com.tr\/fr\/cancer-du-foie\/#breadcrumb","itemListElement":[{"@type":"ListItem","position":1,"name":"Ana Sayfa","item":"https:\/\/www.neolife.com.tr\/fr\/"},{"@type":"ListItem","position":2,"name":"Cancer du foie"}]},{"@type":"WebSite","@id":"https:\/\/www.neolife.com.tr\/#website","url":"https:\/\/www.neolife.com.tr\/","name":"Neolife T\u0131p Merkezi","description":"T\u00fcrkiye&#039;de kanser tedavisi - kanser te\u015fhisi ve tedavisi","publisher":{"@id":"https:\/\/www.neolife.com.tr\/#organization"},"potentialAction":[{"@type":"SearchAction","target":{"@type":"EntryPoint","urlTemplate":"https:\/\/www.neolife.com.tr\/?s={search_term_string}"},"query-input":"required name=search_term_string"}],"inLanguage":"fr-FR"},{"@type":"Organization","@id":"https:\/\/www.neolife.com.tr\/#organization","name":"Neolife T\u0131p Merkezi","url":"https:\/\/www.neolife.com.tr\/","logo":{"@type":"ImageObject","inLanguage":"fr-FR","@id":"https:\/\/www.neolife.com.tr\/#\/schema\/logo\/image\/","url":"https:\/\/www.neolife.com.tr\/wp-content\/uploads\/2021\/06\/Neolife-Logo.png","contentUrl":"https:\/\/www.neolife.com.tr\/wp-content\/uploads\/2021\/06\/Neolife-Logo.png","width":348,"height":92,"caption":"Neolife T\u0131p Merkezi"},"image":{"@id":"https:\/\/www.neolife.com.tr\/#\/schema\/logo\/image\/"},"sameAs":["https:\/\/www.facebook.com\/NeoLifeIstanbul\/","https:\/\/x.com\/NeoLifeIstanbul","https:\/\/www.linkedin.com\/company\/neolife-oncology-center\/?originalSubdomain=tr"]}]}},"_links":{"self":[{"href":"https:\/\/www.neolife.com.tr\/fr\/wp-json\/wp\/v2\/pages\/27084","targetHints":{"allow":["GET"]}}],"collection":[{"href":"https:\/\/www.neolife.com.tr\/fr\/wp-json\/wp\/v2\/pages"}],"about":[{"href":"https:\/\/www.neolife.com.tr\/fr\/wp-json\/wp\/v2\/types\/page"}],"author":[{"embeddable":true,"href":"https:\/\/www.neolife.com.tr\/fr\/wp-json\/wp\/v2\/users\/13"}],"replies":[{"embeddable":true,"href":"https:\/\/www.neolife.com.tr\/fr\/wp-json\/wp\/v2\/comments?post=27084"}],"version-history":[{"count":8,"href":"https:\/\/www.neolife.com.tr\/fr\/wp-json\/wp\/v2\/pages\/27084\/revisions"}],"predecessor-version":[{"id":28671,"href":"https:\/\/www.neolife.com.tr\/fr\/wp-json\/wp\/v2\/pages\/27084\/revisions\/28671"}],"wp:featuredmedia":[{"embeddable":true,"href":"https:\/\/www.neolife.com.tr\/fr\/wp-json\/wp\/v2\/media\/27090"}],"wp:attachment":[{"href":"https:\/\/www.neolife.com.tr\/fr\/wp-json\/wp\/v2\/media?parent=27084"}],"curies":[{"name":"wp","href":"https:\/\/api.w.org\/{rel}","templated":true}]}}