{"id":27052,"date":"2025-07-15T17:20:23","date_gmt":"2025-07-15T14:20:23","guid":{"rendered":"https:\/\/www.neolife.com.tr\/?page_id=27052"},"modified":"2025-07-15T17:25:55","modified_gmt":"2025-07-15T14:25:55","slug":"traitement-au-lutetium-177-psma","status":"publish","type":"page","link":"https:\/\/www.neolife.com.tr\/fr\/traitement-au-lutetium-177-psma\/","title":{"rendered":"Traitement au Lut\u00e9tium \u2013 177 PSMA"},"content":{"rendered":"<h4><strong>Qu&rsquo;est-ce que la th\u00e9rapie au Lut\u00e9tium PSMA ? <\/strong><\/h4>\n<p>La th\u00e9rapie au Lut\u00e9tium-177 PSMA (Antig\u00e8ne membranaire sp\u00e9cifique de la prostate) est une m\u00e9thode de traitement par radionucl\u00e9ide visant \u00e0 \u00e9liminer les cellules canc\u00e9reuses de la prostate qui se sont propag\u00e9es \u00e0 des zones telles que les ganglions lymphatiques et la moelle osseuse.<br \/>La destruction des cellules canc\u00e9reuses de la prostate peut potentiellement am\u00e9liorer le taux de survie et soulager des sympt\u00f4mes comme les douleurs osseuses associ\u00e9es aux m\u00e9tastases osseuses.<br \/>La th\u00e9rapie au Lut\u00e9tium est g\u00e9n\u00e9ralement propos\u00e9e aux patients atteints d\u2019un cancer de la prostate r\u00e9sistant, pour lesquels la chimioth\u00e9rapie, la radioth\u00e9rapie et d&rsquo;autres m\u00e9thodes de traitement se sont r\u00e9v\u00e9l\u00e9es inefficaces.<\/p>\n<h4><strong>Comment fonctionne la th\u00e9rapie au Lut\u00e9tium PSMA ? <\/strong><\/h4>\n<p>Le Lut\u00e9tium-177 est une substance radionucl\u00e9ide qui \u00e9met un rayonnement nocif destin\u00e9 \u00e0 d\u00e9truire les cellules \u00e0 proximit\u00e9. Il est associ\u00e9 \u00e0 la PSMA, une prot\u00e9ine ciblant les r\u00e9cepteurs PSMA situ\u00e9s \u00e0 la surface des cellules canc\u00e9reuses de la prostate.<br \/>Lorsqu\u2019il est inject\u00e9 dans le sang du patient, le Lut\u00e9tium-177 PSMA cible et se lie aux r\u00e9cepteurs PSMA des cellules canc\u00e9reuses de la prostate.<br \/>Le rayonnement \u00e9mis par le Lut\u00e9tium-177 entra\u00eene progressivement la destruction de ces cellules canc\u00e9reuses.<\/p>\n<h4><strong>Qui peut b\u00e9n\u00e9ficier de la th\u00e9rapie au Lut\u00e9tium ? <\/strong><\/h4>\n<p>Actuellement, la th\u00e9rapie au Lut\u00e9tium-177 PSMA est administr\u00e9e aux patients atteints d\u2019un cancer de la prostate m\u00e9tastatique ou avanc\u00e9, n\u2019ayant pas r\u00e9pondu aux traitements hormonaux ou \u00e0 la chimioth\u00e9rapie.<br \/>Avant de commencer le traitement, les patients doivent passer un PET-CT au PSMA pour confirmer la pr\u00e9sence de r\u00e9cepteurs PSMA sur les cellules canc\u00e9reuses, cibles de la th\u00e9rapie au Lut\u00e9tium-177 PSMA.<\/p>\n<h4><strong>Quels sont les avantages de la th\u00e9rapie au Lut\u00e9tium ? <\/strong><\/h4>\n<p>La majorit\u00e9 des patients trait\u00e9s par Lut\u00e9tium ressentent un soulagement des sympt\u00f4mes. Dans certains cas, la maladie peut pr\u00e9senter une r\u00e9gression \u00e0 long terme. De plus, l&rsquo;esp\u00e9rance de vie peut \u00eatre prolong\u00e9e.<br \/>Ces derni\u00e8res ann\u00e9es, de nombreuses \u00e9tudes, en Turquie et dans le monde, ont montr\u00e9 des r\u00e9sultats positifs avec cette th\u00e9rapie.<\/p>\n<h4><strong>Comment le traitement est-il administr\u00e9 ? <\/strong><\/h4>\n<p>Le traitement est administr\u00e9 par injection intraveineuse toutes les 6 \u00e0 8 semaines. Le jour du traitement, une perfusion est mise en place, et le Lut\u00e9tium-177 PSMA est inject\u00e9 pendant environ 30 minutes.<br \/>Des m\u00e9dicaments contre les naus\u00e9es (anti\u00e9m\u00e9tiques) et des diur\u00e9tiques (pour augmenter la production d\u2019urine) sont \u00e9galement administr\u00e9s en parall\u00e8le.<br \/>Pour s&rsquo;assurer que le traitement atteint correctement les zones touch\u00e9es, une scintigraphie SPECT est r\u00e9alis\u00e9e entre 24 et 72 heures apr\u00e8s le traitement.<br \/>La plupart des patients n\u00e9cessitent 4 s\u00e9ances de traitement. Apr\u00e8s deux s\u00e9ances, une nouvelle \u00e9valuation est r\u00e9alis\u00e9e \u00e0 l\u2019aide d\u2019un PET-CT au PSMA. Si les taux de PSA diminuent et que le PET-CT montre une r\u00e9ponse positive, les deux derni\u00e8res s\u00e9ances sont effectu\u00e9es pour compl\u00e9ter le cycle de 4 traitements.<\/p>\n<h4><strong>Quels sont les effets secondaires de la th\u00e9rapie au Lut\u00e9tium ? <\/strong><\/h4>\n<p>Les effets secondaires les plus fr\u00e9quents sont la s\u00e9cheresse buccale et oculaire. Des naus\u00e9es et vomissements peuvent survenir chez certains patients, mais cela reste rare. Une l\u00e9g\u00e8re somnolence peut \u00e9galement \u00eatre observ\u00e9e. La plupart de ces effets sont temporaires et disparaissent g\u00e9n\u00e9ralement en quelques jours.<br \/>Une suppression de la moelle osseuse est \u00e9galement possible chez les patients pr\u00e9sentant des m\u00e9tastases osseuses \u00e9tendues.<\/p>\n<h4><strong>Quel est le co\u00fbt ? <\/strong><\/h4>\n<p>La th\u00e9rapie au Lut\u00e9tium PSMA est l\u00e9galement pratiqu\u00e9e en Turquie et, si elle est m\u00e9dicalement justifi\u00e9e, prise en charge par la SGK (Institution de s\u00e9curit\u00e9 sociale). Si le traitement est financ\u00e9 de mani\u00e8re priv\u00e9e, des informations d\u00e9taill\u00e9es sur les prix en 2024 et le d\u00e9roulement du traitement seront fournies. Certaines assurances sant\u00e9 priv\u00e9es couvrent \u00e9galement les frais de traitement.<br \/>Pour plus d\u2019informations sur les \u00e9tapes du traitement et les prix, vous pouvez nous contacter via nos canaux de communication.<\/p>\n<h4><strong>Comment acc\u00e9der au traitement ? <\/strong><\/h4>\n<p>Pour b\u00e9n\u00e9ficier de la th\u00e9rapie au Lut\u00e9tium-177 PSMA, les patients peuvent simplement appeler notre \u00e9tablissement. Des informations d\u00e9taill\u00e9es sur le traitement seront fournies par nos experts.<br \/>Vous pouvez envoyer les documents m\u00e9dicaux \u00e0 <strong>ir@neolife.com.tr<\/strong> par e-mail ou nous contacter au <strong>+90 549 523 69 23<\/strong>.<br \/>Pour plus d&rsquo;informations sur le Lut\u00e9tium-177 PSMA, veuillez cliquer ici.<\/p>\n","protected":false},"excerpt":{"rendered":"<p>Qu&rsquo;est-ce que la th\u00e9rapie au Lut\u00e9tium PSMA ? La th\u00e9rapie au Lut\u00e9tium-177 PSMA (Antig\u00e8ne membranaire sp\u00e9cifique de la prostate) est une m\u00e9thode de traitement par radionucl\u00e9ide visant \u00e0 \u00e9liminer les cellules canc\u00e9reuses de la prostate qui se sont propag\u00e9es \u00e0 des zones telles que les ganglions lymphatiques et la moelle osseuse.La destruction des cellules canc\u00e9reuses [&hellip;]<\/p>\n","protected":false},"author":13,"featured_media":0,"parent":0,"menu_order":0,"comment_status":"closed","ping_status":"closed","template":"","meta":{"footnotes":""},"class_list":["post-27052","page","type-page","status-publish","hentry"],"yoast_head":"<!-- This site is optimized with the Yoast SEO plugin v22.5 - https:\/\/yoast.com\/wordpress\/plugins\/seo\/ -->\n<title>Traitement au Lut\u00e9tium \u2013 177 PSMA - Neolife T\u0131p Merkezi<\/title>\n<meta name=\"robots\" content=\"index, follow, max-snippet:-1, max-image-preview:large, max-video-preview:-1\" \/>\n<link rel=\"canonical\" href=\"https:\/\/www.neolife.com.tr\/fr\/traitement-au-lutetium-177-psma\/\" \/>\n<meta name=\"twitter:label1\" content=\"Dur\u00e9e de lecture estim\u00e9e\" \/>\n\t<meta name=\"twitter:data1\" content=\"6 minutes\" \/>\n<script type=\"application\/ld+json\" class=\"yoast-schema-graph\">{\"@context\":\"https:\/\/schema.org\",\"@graph\":[{\"@type\":\"WebPage\",\"@id\":\"https:\/\/www.neolife.com.tr\/fr\/traitement-au-lutetium-177-psma\/\",\"url\":\"https:\/\/www.neolife.com.tr\/fr\/traitement-au-lutetium-177-psma\/\",\"name\":\"Traitement au Lut\u00e9tium \u2013 177 PSMA - Neolife T\u0131p Merkezi\",\"isPartOf\":{\"@id\":\"https:\/\/www.neolife.com.tr\/#website\"},\"datePublished\":\"2025-07-15T14:20:23+00:00\",\"dateModified\":\"2025-07-15T14:25:55+00:00\",\"breadcrumb\":{\"@id\":\"https:\/\/www.neolife.com.tr\/fr\/traitement-au-lutetium-177-psma\/#breadcrumb\"},\"inLanguage\":\"fr-FR\",\"potentialAction\":[{\"@type\":\"ReadAction\",\"target\":[\"https:\/\/www.neolife.com.tr\/fr\/traitement-au-lutetium-177-psma\/\"]}]},{\"@type\":\"BreadcrumbList\",\"@id\":\"https:\/\/www.neolife.com.tr\/fr\/traitement-au-lutetium-177-psma\/#breadcrumb\",\"itemListElement\":[{\"@type\":\"ListItem\",\"position\":1,\"name\":\"Ana Sayfa\",\"item\":\"https:\/\/www.neolife.com.tr\/fr\/\"},{\"@type\":\"ListItem\",\"position\":2,\"name\":\"Traitement au Lut\u00e9tium \u2013 177 PSMA\"}]},{\"@type\":\"WebSite\",\"@id\":\"https:\/\/www.neolife.com.tr\/#website\",\"url\":\"https:\/\/www.neolife.com.tr\/\",\"name\":\"Neolife T\u0131p Merkezi\",\"description\":\"T\u00fcrkiye&#039;de kanser tedavisi - kanser te\u015fhisi ve tedavisi\",\"publisher\":{\"@id\":\"https:\/\/www.neolife.com.tr\/#organization\"},\"potentialAction\":[{\"@type\":\"SearchAction\",\"target\":{\"@type\":\"EntryPoint\",\"urlTemplate\":\"https:\/\/www.neolife.com.tr\/?s={search_term_string}\"},\"query-input\":\"required name=search_term_string\"}],\"inLanguage\":\"fr-FR\"},{\"@type\":\"Organization\",\"@id\":\"https:\/\/www.neolife.com.tr\/#organization\",\"name\":\"Neolife T\u0131p Merkezi\",\"url\":\"https:\/\/www.neolife.com.tr\/\",\"logo\":{\"@type\":\"ImageObject\",\"inLanguage\":\"fr-FR\",\"@id\":\"https:\/\/www.neolife.com.tr\/#\/schema\/logo\/image\/\",\"url\":\"https:\/\/www.neolife.com.tr\/wp-content\/uploads\/2021\/06\/Neolife-Logo.png\",\"contentUrl\":\"https:\/\/www.neolife.com.tr\/wp-content\/uploads\/2021\/06\/Neolife-Logo.png\",\"width\":348,\"height\":92,\"caption\":\"Neolife T\u0131p Merkezi\"},\"image\":{\"@id\":\"https:\/\/www.neolife.com.tr\/#\/schema\/logo\/image\/\"},\"sameAs\":[\"https:\/\/www.facebook.com\/NeoLifeIstanbul\/\",\"https:\/\/x.com\/NeoLifeIstanbul\",\"https:\/\/www.linkedin.com\/company\/neolife-oncology-center\/?originalSubdomain=tr\"]}]}<\/script>\n<!-- \/ Yoast SEO plugin. -->","yoast_head_json":{"title":"Traitement au Lut\u00e9tium \u2013 177 PSMA - Neolife T\u0131p Merkezi","robots":{"index":"index","follow":"follow","max-snippet":"max-snippet:-1","max-image-preview":"max-image-preview:large","max-video-preview":"max-video-preview:-1"},"canonical":"https:\/\/www.neolife.com.tr\/fr\/traitement-au-lutetium-177-psma\/","twitter_misc":{"Dur\u00e9e de lecture estim\u00e9e":"6 minutes"},"schema":{"@context":"https:\/\/schema.org","@graph":[{"@type":"WebPage","@id":"https:\/\/www.neolife.com.tr\/fr\/traitement-au-lutetium-177-psma\/","url":"https:\/\/www.neolife.com.tr\/fr\/traitement-au-lutetium-177-psma\/","name":"Traitement au Lut\u00e9tium \u2013 177 PSMA - Neolife T\u0131p Merkezi","isPartOf":{"@id":"https:\/\/www.neolife.com.tr\/#website"},"datePublished":"2025-07-15T14:20:23+00:00","dateModified":"2025-07-15T14:25:55+00:00","breadcrumb":{"@id":"https:\/\/www.neolife.com.tr\/fr\/traitement-au-lutetium-177-psma\/#breadcrumb"},"inLanguage":"fr-FR","potentialAction":[{"@type":"ReadAction","target":["https:\/\/www.neolife.com.tr\/fr\/traitement-au-lutetium-177-psma\/"]}]},{"@type":"BreadcrumbList","@id":"https:\/\/www.neolife.com.tr\/fr\/traitement-au-lutetium-177-psma\/#breadcrumb","itemListElement":[{"@type":"ListItem","position":1,"name":"Ana Sayfa","item":"https:\/\/www.neolife.com.tr\/fr\/"},{"@type":"ListItem","position":2,"name":"Traitement au Lut\u00e9tium \u2013 177 PSMA"}]},{"@type":"WebSite","@id":"https:\/\/www.neolife.com.tr\/#website","url":"https:\/\/www.neolife.com.tr\/","name":"Neolife T\u0131p Merkezi","description":"T\u00fcrkiye&#039;de kanser tedavisi - kanser te\u015fhisi ve tedavisi","publisher":{"@id":"https:\/\/www.neolife.com.tr\/#organization"},"potentialAction":[{"@type":"SearchAction","target":{"@type":"EntryPoint","urlTemplate":"https:\/\/www.neolife.com.tr\/?s={search_term_string}"},"query-input":"required name=search_term_string"}],"inLanguage":"fr-FR"},{"@type":"Organization","@id":"https:\/\/www.neolife.com.tr\/#organization","name":"Neolife T\u0131p Merkezi","url":"https:\/\/www.neolife.com.tr\/","logo":{"@type":"ImageObject","inLanguage":"fr-FR","@id":"https:\/\/www.neolife.com.tr\/#\/schema\/logo\/image\/","url":"https:\/\/www.neolife.com.tr\/wp-content\/uploads\/2021\/06\/Neolife-Logo.png","contentUrl":"https:\/\/www.neolife.com.tr\/wp-content\/uploads\/2021\/06\/Neolife-Logo.png","width":348,"height":92,"caption":"Neolife T\u0131p Merkezi"},"image":{"@id":"https:\/\/www.neolife.com.tr\/#\/schema\/logo\/image\/"},"sameAs":["https:\/\/www.facebook.com\/NeoLifeIstanbul\/","https:\/\/x.com\/NeoLifeIstanbul","https:\/\/www.linkedin.com\/company\/neolife-oncology-center\/?originalSubdomain=tr"]}]}},"_links":{"self":[{"href":"https:\/\/www.neolife.com.tr\/fr\/wp-json\/wp\/v2\/pages\/27052","targetHints":{"allow":["GET"]}}],"collection":[{"href":"https:\/\/www.neolife.com.tr\/fr\/wp-json\/wp\/v2\/pages"}],"about":[{"href":"https:\/\/www.neolife.com.tr\/fr\/wp-json\/wp\/v2\/types\/page"}],"author":[{"embeddable":true,"href":"https:\/\/www.neolife.com.tr\/fr\/wp-json\/wp\/v2\/users\/13"}],"replies":[{"embeddable":true,"href":"https:\/\/www.neolife.com.tr\/fr\/wp-json\/wp\/v2\/comments?post=27052"}],"version-history":[{"count":4,"href":"https:\/\/www.neolife.com.tr\/fr\/wp-json\/wp\/v2\/pages\/27052\/revisions"}],"predecessor-version":[{"id":27057,"href":"https:\/\/www.neolife.com.tr\/fr\/wp-json\/wp\/v2\/pages\/27052\/revisions\/27057"}],"wp:attachment":[{"href":"https:\/\/www.neolife.com.tr\/fr\/wp-json\/wp\/v2\/media?parent=27052"}],"curies":[{"name":"wp","href":"https:\/\/api.w.org\/{rel}","templated":true}]}}