{"id":27042,"date":"2025-07-15T16:49:59","date_gmt":"2025-07-15T13:49:59","guid":{"rendered":"https:\/\/www.neolife.com.tr\/?page_id=27042"},"modified":"2025-09-17T13:33:35","modified_gmt":"2025-09-17T10:33:35","slug":"laboratoire","status":"publish","type":"page","link":"https:\/\/www.neolife.com.tr\/fr\/laboratoire\/","title":{"rendered":"Laboratoire"},"content":{"rendered":"\t\t<div data-elementor-type=\"wp-page\" data-elementor-id=\"27042\" class=\"elementor elementor-27042\" data-elementor-post-type=\"page\">\n\t\t\t\t\t\t<section class=\"elementor-section elementor-top-section elementor-element elementor-element-1c4efb51 elementor-section-boxed elementor-section-height-default elementor-section-height-default\" data-id=\"1c4efb51\" data-element_type=\"section\">\n\t\t\t\t\t\t<div class=\"elementor-container elementor-column-gap-default\">\n\t\t\t\t\t<div class=\"elementor-column elementor-col-100 elementor-top-column elementor-element elementor-element-1df5b9d7\" data-id=\"1df5b9d7\" data-element_type=\"column\">\n\t\t\t<div class=\"elementor-widget-wrap elementor-element-populated\">\n\t\t\t\t\t\t<div class=\"elementor-element elementor-element-eff1ce4 elementor-widget elementor-widget-text-editor\" data-id=\"eff1ce4\" data-element_type=\"widget\" data-widget_type=\"text-editor.default\">\n\t\t\t\t<div class=\"elementor-widget-container\">\n\t\t\t\t\t\t\t\t\t<p><img fetchpriority=\"high\" decoding=\"async\" class=\"alignright wp-image-610 size-full\" style=\"margin: -95px 0 15px 0;\" src=\"https:\/\/neolife.com.tr\/wp-content\/uploads\/2016\/09\/laboratuvar.jpg\" width=\"1206\" height=\"416\" \/><\/p><p>Nous faisons appel aux services de laboratoire de SYNEVO, la cha\u00eene de laboratoires leader en Europe. Les laboratoires Synevo op\u00e8rent dans 11 pays d\u2019Europe centrale et de l\u2019Est, en collaboration avec les laboratoires IMD dont le si\u00e8ge se trouve en Allemagne. Le groupe compte 70 laboratoires, 4 100 employ\u00e9s et r\u00e9alise 94 millions de tests.<br \/>Les laboratoires Synevo disposent du certificat d\u2019accr\u00e9ditation TSE EN ISO 15189, d\u00e9livr\u00e9 par T\u00fcrkak.<br \/>Vous pouvez consulter le lien suivant pour obtenir des informations d\u00e9taill\u00e9es sur notre laboratoire et les tests propos\u00e9s. <a href=\"http:\/\/www.synevo.com.tr\/\">www.synevo.com.tr<\/a><\/p>\t\t\t\t\t\t\t\t<\/div>\n\t\t\t\t<\/div>\n\t\t\t\t\t<\/div>\n\t\t<\/div>\n\t\t\t\t\t<\/div>\n\t\t<\/section>\n\t\t\t\t<\/div>\n\t\t","protected":false},"excerpt":{"rendered":"<p>Nous faisons appel aux services de laboratoire de SYNEVO, la cha\u00eene de laboratoires leader en Europe. Les laboratoires Synevo op\u00e8rent dans 11 pays d\u2019Europe centrale et de l\u2019Est, en collaboration avec les laboratoires IMD dont le si\u00e8ge se trouve en Allemagne. Le groupe compte 70 laboratoires, 4 100 employ\u00e9s et r\u00e9alise 94 millions de tests. [&hellip;]<\/p>\n","protected":false},"author":13,"featured_media":27045,"parent":0,"menu_order":0,"comment_status":"open","ping_status":"open","template":"","meta":{"footnotes":""},"class_list":["post-27042","page","type-page","status-publish","has-post-thumbnail","hentry"],"yoast_head":"<!-- This site is optimized with the Yoast SEO plugin v22.5 - https:\/\/yoast.com\/wordpress\/plugins\/seo\/ -->\n<title>Laboratoire - Neolife T\u0131p Merkezi<\/title>\n<meta name=\"robots\" content=\"index, follow, max-snippet:-1, max-image-preview:large, max-video-preview:-1\" \/>\n<link rel=\"canonical\" href=\"https:\/\/www.neolife.com.tr\/fr\/laboratoire\/\" \/>\n<meta name=\"twitter:label1\" content=\"Dur\u00e9e de lecture estim\u00e9e\" \/>\n\t<meta name=\"twitter:data1\" content=\"1 minute\" \/>\n<script type=\"application\/ld+json\" class=\"yoast-schema-graph\">{\"@context\":\"https:\/\/schema.org\",\"@graph\":[{\"@type\":\"WebPage\",\"@id\":\"https:\/\/www.neolife.com.tr\/fr\/laboratoire\/\",\"url\":\"https:\/\/www.neolife.com.tr\/fr\/laboratoire\/\",\"name\":\"Laboratoire - Neolife T\u0131p Merkezi\",\"isPartOf\":{\"@id\":\"https:\/\/www.neolife.com.tr\/#website\"},\"primaryImageOfPage\":{\"@id\":\"https:\/\/www.neolife.com.tr\/fr\/laboratoire\/#primaryimage\"},\"image\":{\"@id\":\"https:\/\/www.neolife.com.tr\/fr\/laboratoire\/#primaryimage\"},\"thumbnailUrl\":\"https:\/\/www.neolife.com.tr\/wp-content\/uploads\/2016\/09\/laboratuvar.jpg\",\"datePublished\":\"2025-07-15T13:49:59+00:00\",\"dateModified\":\"2025-09-17T10:33:35+00:00\",\"breadcrumb\":{\"@id\":\"https:\/\/www.neolife.com.tr\/fr\/laboratoire\/#breadcrumb\"},\"inLanguage\":\"fr-FR\",\"potentialAction\":[{\"@type\":\"ReadAction\",\"target\":[\"https:\/\/www.neolife.com.tr\/fr\/laboratoire\/\"]}]},{\"@type\":\"ImageObject\",\"inLanguage\":\"fr-FR\",\"@id\":\"https:\/\/www.neolife.com.tr\/fr\/laboratoire\/#primaryimage\",\"url\":\"https:\/\/www.neolife.com.tr\/wp-content\/uploads\/2016\/09\/laboratuvar.jpg\",\"contentUrl\":\"https:\/\/www.neolife.com.tr\/wp-content\/uploads\/2016\/09\/laboratuvar.jpg\",\"width\":1206,\"height\":416},{\"@type\":\"BreadcrumbList\",\"@id\":\"https:\/\/www.neolife.com.tr\/fr\/laboratoire\/#breadcrumb\",\"itemListElement\":[{\"@type\":\"ListItem\",\"position\":1,\"name\":\"Ana Sayfa\",\"item\":\"https:\/\/www.neolife.com.tr\/fr\/\"},{\"@type\":\"ListItem\",\"position\":2,\"name\":\"Laboratoire\"}]},{\"@type\":\"WebSite\",\"@id\":\"https:\/\/www.neolife.com.tr\/#website\",\"url\":\"https:\/\/www.neolife.com.tr\/\",\"name\":\"Neolife T\u0131p Merkezi\",\"description\":\"T\u00fcrkiye&#039;de kanser tedavisi - kanser te\u015fhisi ve tedavisi\",\"publisher\":{\"@id\":\"https:\/\/www.neolife.com.tr\/#organization\"},\"potentialAction\":[{\"@type\":\"SearchAction\",\"target\":{\"@type\":\"EntryPoint\",\"urlTemplate\":\"https:\/\/www.neolife.com.tr\/?s={search_term_string}\"},\"query-input\":\"required name=search_term_string\"}],\"inLanguage\":\"fr-FR\"},{\"@type\":\"Organization\",\"@id\":\"https:\/\/www.neolife.com.tr\/#organization\",\"name\":\"Neolife T\u0131p Merkezi\",\"url\":\"https:\/\/www.neolife.com.tr\/\",\"logo\":{\"@type\":\"ImageObject\",\"inLanguage\":\"fr-FR\",\"@id\":\"https:\/\/www.neolife.com.tr\/#\/schema\/logo\/image\/\",\"url\":\"https:\/\/www.neolife.com.tr\/wp-content\/uploads\/2021\/06\/Neolife-Logo.png\",\"contentUrl\":\"https:\/\/www.neolife.com.tr\/wp-content\/uploads\/2021\/06\/Neolife-Logo.png\",\"width\":348,\"height\":92,\"caption\":\"Neolife T\u0131p Merkezi\"},\"image\":{\"@id\":\"https:\/\/www.neolife.com.tr\/#\/schema\/logo\/image\/\"},\"sameAs\":[\"https:\/\/www.facebook.com\/NeoLifeIstanbul\/\",\"https:\/\/x.com\/NeoLifeIstanbul\",\"https:\/\/www.linkedin.com\/company\/neolife-oncology-center\/?originalSubdomain=tr\"]}]}<\/script>\n<!-- \/ Yoast SEO plugin. -->","yoast_head_json":{"title":"Laboratoire - Neolife T\u0131p Merkezi","robots":{"index":"index","follow":"follow","max-snippet":"max-snippet:-1","max-image-preview":"max-image-preview:large","max-video-preview":"max-video-preview:-1"},"canonical":"https:\/\/www.neolife.com.tr\/fr\/laboratoire\/","twitter_misc":{"Dur\u00e9e de lecture estim\u00e9e":"1 minute"},"schema":{"@context":"https:\/\/schema.org","@graph":[{"@type":"WebPage","@id":"https:\/\/www.neolife.com.tr\/fr\/laboratoire\/","url":"https:\/\/www.neolife.com.tr\/fr\/laboratoire\/","name":"Laboratoire - Neolife T\u0131p Merkezi","isPartOf":{"@id":"https:\/\/www.neolife.com.tr\/#website"},"primaryImageOfPage":{"@id":"https:\/\/www.neolife.com.tr\/fr\/laboratoire\/#primaryimage"},"image":{"@id":"https:\/\/www.neolife.com.tr\/fr\/laboratoire\/#primaryimage"},"thumbnailUrl":"https:\/\/www.neolife.com.tr\/wp-content\/uploads\/2016\/09\/laboratuvar.jpg","datePublished":"2025-07-15T13:49:59+00:00","dateModified":"2025-09-17T10:33:35+00:00","breadcrumb":{"@id":"https:\/\/www.neolife.com.tr\/fr\/laboratoire\/#breadcrumb"},"inLanguage":"fr-FR","potentialAction":[{"@type":"ReadAction","target":["https:\/\/www.neolife.com.tr\/fr\/laboratoire\/"]}]},{"@type":"ImageObject","inLanguage":"fr-FR","@id":"https:\/\/www.neolife.com.tr\/fr\/laboratoire\/#primaryimage","url":"https:\/\/www.neolife.com.tr\/wp-content\/uploads\/2016\/09\/laboratuvar.jpg","contentUrl":"https:\/\/www.neolife.com.tr\/wp-content\/uploads\/2016\/09\/laboratuvar.jpg","width":1206,"height":416},{"@type":"BreadcrumbList","@id":"https:\/\/www.neolife.com.tr\/fr\/laboratoire\/#breadcrumb","itemListElement":[{"@type":"ListItem","position":1,"name":"Ana Sayfa","item":"https:\/\/www.neolife.com.tr\/fr\/"},{"@type":"ListItem","position":2,"name":"Laboratoire"}]},{"@type":"WebSite","@id":"https:\/\/www.neolife.com.tr\/#website","url":"https:\/\/www.neolife.com.tr\/","name":"Neolife T\u0131p Merkezi","description":"T\u00fcrkiye&#039;de kanser tedavisi - kanser te\u015fhisi ve tedavisi","publisher":{"@id":"https:\/\/www.neolife.com.tr\/#organization"},"potentialAction":[{"@type":"SearchAction","target":{"@type":"EntryPoint","urlTemplate":"https:\/\/www.neolife.com.tr\/?s={search_term_string}"},"query-input":"required name=search_term_string"}],"inLanguage":"fr-FR"},{"@type":"Organization","@id":"https:\/\/www.neolife.com.tr\/#organization","name":"Neolife T\u0131p Merkezi","url":"https:\/\/www.neolife.com.tr\/","logo":{"@type":"ImageObject","inLanguage":"fr-FR","@id":"https:\/\/www.neolife.com.tr\/#\/schema\/logo\/image\/","url":"https:\/\/www.neolife.com.tr\/wp-content\/uploads\/2021\/06\/Neolife-Logo.png","contentUrl":"https:\/\/www.neolife.com.tr\/wp-content\/uploads\/2021\/06\/Neolife-Logo.png","width":348,"height":92,"caption":"Neolife T\u0131p Merkezi"},"image":{"@id":"https:\/\/www.neolife.com.tr\/#\/schema\/logo\/image\/"},"sameAs":["https:\/\/www.facebook.com\/NeoLifeIstanbul\/","https:\/\/x.com\/NeoLifeIstanbul","https:\/\/www.linkedin.com\/company\/neolife-oncology-center\/?originalSubdomain=tr"]}]}},"_links":{"self":[{"href":"https:\/\/www.neolife.com.tr\/fr\/wp-json\/wp\/v2\/pages\/27042","targetHints":{"allow":["GET"]}}],"collection":[{"href":"https:\/\/www.neolife.com.tr\/fr\/wp-json\/wp\/v2\/pages"}],"about":[{"href":"https:\/\/www.neolife.com.tr\/fr\/wp-json\/wp\/v2\/types\/page"}],"author":[{"embeddable":true,"href":"https:\/\/www.neolife.com.tr\/fr\/wp-json\/wp\/v2\/users\/13"}],"replies":[{"embeddable":true,"href":"https:\/\/www.neolife.com.tr\/fr\/wp-json\/wp\/v2\/comments?post=27042"}],"version-history":[{"count":8,"href":"https:\/\/www.neolife.com.tr\/fr\/wp-json\/wp\/v2\/pages\/27042\/revisions"}],"predecessor-version":[{"id":28876,"href":"https:\/\/www.neolife.com.tr\/fr\/wp-json\/wp\/v2\/pages\/27042\/revisions\/28876"}],"wp:featuredmedia":[{"embeddable":true,"href":"https:\/\/www.neolife.com.tr\/fr\/wp-json\/wp\/v2\/media\/27045"}],"wp:attachment":[{"href":"https:\/\/www.neolife.com.tr\/fr\/wp-json\/wp\/v2\/media?parent=27042"}],"curies":[{"name":"wp","href":"https:\/\/api.w.org\/{rel}","templated":true}]}}