{"id":26870,"date":"2025-07-11T11:04:12","date_gmt":"2025-07-11T08:04:12","guid":{"rendered":"https:\/\/www.neolife.com.tr\/?page_id=26870"},"modified":"2025-07-21T15:38:47","modified_gmt":"2025-07-21T12:38:47","slug":"op-dr-zeynep-civelek-caynak","status":"publish","type":"page","link":"https:\/\/www.neolife.com.tr\/fr\/op-dr-zeynep-civelek-caynak\/","title":{"rendered":"Op. Dr. Zeynep Civelek \u00c7aynak"},"content":{"rendered":"\t\t<div data-elementor-type=\"wp-page\" data-elementor-id=\"26870\" class=\"elementor elementor-26870\" data-elementor-post-type=\"page\">\n\t\t\t\t\t\t<section class=\"elementor-section elementor-top-section elementor-element elementor-element-d260624 elementor-section-boxed elementor-section-height-default elementor-section-height-default\" data-id=\"d260624\" data-element_type=\"section\">\n\t\t\t\t\t\t<div class=\"elementor-container elementor-column-gap-default\">\n\t\t\t\t\t<div class=\"elementor-column elementor-col-50 elementor-top-column elementor-element elementor-element-1bec146\" data-id=\"1bec146\" data-element_type=\"column\">\n\t\t\t<div class=\"elementor-widget-wrap elementor-element-populated\">\n\t\t\t\t\t\t<section class=\"elementor-section elementor-inner-section elementor-element elementor-element-1b6a37a elementor-section-boxed elementor-section-height-default elementor-section-height-default\" data-id=\"1b6a37a\" data-element_type=\"section\">\n\t\t\t\t\t\t<div class=\"elementor-container elementor-column-gap-default\">\n\t\t\t\t\t<div class=\"elementor-column elementor-col-50 elementor-inner-column elementor-element elementor-element-2218384\" data-id=\"2218384\" data-element_type=\"column\">\n\t\t\t<div class=\"elementor-widget-wrap elementor-element-populated\">\n\t\t\t\t\t\t<div class=\"elementor-element elementor-element-7e637e8 elementor-widget elementor-widget-image\" data-id=\"7e637e8\" data-element_type=\"widget\" data-widget_type=\"image.default\">\n\t\t\t\t<div class=\"elementor-widget-container\">\n\t\t\t\t\t\t\t\t\t\t\t\t\t\t\t<img fetchpriority=\"high\" decoding=\"async\" width=\"1024\" height=\"1024\" src=\"https:\/\/www.neolife.com.tr\/wp-content\/uploads\/2025\/04\/Zeynep-Civelek-Caynak-1024x1024.jpg\" class=\"attachment-large size-large wp-image-24707\" alt=\"Zeynep Civelek \u00c7aynak\" srcset=\"https:\/\/www.neolife.com.tr\/wp-content\/uploads\/2025\/04\/Zeynep-Civelek-Caynak-1024x1024.jpg 1024w, https:\/\/www.neolife.com.tr\/wp-content\/uploads\/2025\/04\/Zeynep-Civelek-Caynak-300x300.jpg 300w, https:\/\/www.neolife.com.tr\/wp-content\/uploads\/2025\/04\/Zeynep-Civelek-Caynak-150x150.jpg 150w, https:\/\/www.neolife.com.tr\/wp-content\/uploads\/2025\/04\/Zeynep-Civelek-Caynak-768x768.jpg 768w, https:\/\/www.neolife.com.tr\/wp-content\/uploads\/2025\/04\/Zeynep-Civelek-Caynak-1536x1536.jpg 1536w, https:\/\/www.neolife.com.tr\/wp-content\/uploads\/2025\/04\/Zeynep-Civelek-Caynak-2048x2048.jpg 2048w\" sizes=\"(max-width: 1024px) 100vw, 1024px\" \/>\t\t\t\t\t\t\t\t\t\t\t\t\t\t\t<\/div>\n\t\t\t\t<\/div>\n\t\t\t\t<div class=\"elementor-element elementor-element-e92c8b6 elementor-widget elementor-widget-heading\" data-id=\"e92c8b6\" data-element_type=\"widget\" data-widget_type=\"heading.default\">\n\t\t\t\t<div class=\"elementor-widget-container\">\n\t\t\t\t\t<h2 class=\"elementor-heading-title elementor-size-default\">Sp\u00e9cialiste en chirurgie g\u00e9n\u00e9rale<\/h2>\t\t\t\t<\/div>\n\t\t\t\t<\/div>\n\t\t\t\t\t<\/div>\n\t\t<\/div>\n\t\t\t\t<div class=\"elementor-column elementor-col-50 elementor-inner-column elementor-element elementor-element-1029ff0\" data-id=\"1029ff0\" data-element_type=\"column\">\n\t\t\t<div class=\"elementor-widget-wrap elementor-element-populated\">\n\t\t\t\t\t\t<div class=\"elementor-element elementor-element-5f122d4 elementor-widget elementor-widget-heading\" data-id=\"5f122d4\" data-element_type=\"widget\" data-widget_type=\"heading.default\">\n\t\t\t\t<div class=\"elementor-widget-container\">\n\t\t\t\t\t<h2 class=\"elementor-heading-title elementor-size-default\">Op. Dr. Zeynep Civelek \u00c7aynak<\/h2>\t\t\t\t<\/div>\n\t\t\t\t<\/div>\n\t\t\t\t\t<\/div>\n\t\t<\/div>\n\t\t\t\t\t<\/div>\n\t\t<\/section>\n\t\t\t\t<div class=\"elementor-element elementor-element-0888e68 elementor-widget-divider--view-line elementor-widget elementor-widget-divider\" data-id=\"0888e68\" data-element_type=\"widget\" data-widget_type=\"divider.default\">\n\t\t\t\t<div class=\"elementor-widget-container\">\n\t\t\t\t\t\t\t<div class=\"elementor-divider\">\n\t\t\t<span class=\"elementor-divider-separator\">\n\t\t\t\t\t\t<\/span>\n\t\t<\/div>\n\t\t\t\t\t\t<\/div>\n\t\t\t\t<\/div>\n\t\t\t\t<div class=\"elementor-element elementor-element-ce97093 elementor-widget elementor-widget-heading\" data-id=\"ce97093\" data-element_type=\"widget\" data-widget_type=\"heading.default\">\n\t\t\t\t<div class=\"elementor-widget-container\">\n\t\t\t\t\t<h2 class=\"elementor-heading-title elementor-size-default\">Domaines d\u2019expertise<\/h2>\t\t\t\t<\/div>\n\t\t\t\t<\/div>\n\t\t\t\t<div class=\"elementor-element elementor-element-f3b85d1 elementor-widget elementor-widget-text-editor\" data-id=\"f3b85d1\" data-element_type=\"widget\" data-widget_type=\"text-editor.default\">\n\t\t\t\t<div class=\"elementor-widget-container\">\n\t\t\t\t\t\t\t\t\t<ul><li>Maladies b\u00e9nignes de la r\u00e9gion p\u00e9rianale<\/li><li>H\u00e9morro\u00efdes<\/li><li>Fissure anale<\/li><li>Fistule anale<\/li><li>Condylome anal<\/li><li>Chirurgie du sinus pilonidal<\/li><li>Ligature \u00e9lastique par anuscopie<\/li><li>Suivi et traitement des maladies du sein<\/li><li>Cancer du sein<\/li><li>Cancers cutan\u00e9s<\/li><li>Traitement chirurgical des l\u00e9sions b\u00e9nignes de la peau et du tissu sous-cutan\u00e9<\/li><li>Traitement chirurgical des l\u00e9sions malignes de la peau et du tissu sous-cutan\u00e9<\/li><li>Chol\u00e9cystectomie laparoscopique<\/li><\/ul>\t\t\t\t\t\t\t\t<\/div>\n\t\t\t\t<\/div>\n\t\t\t\t<div class=\"elementor-element elementor-element-0aa2779 elementor-widget elementor-widget-heading\" data-id=\"0aa2779\" data-element_type=\"widget\" data-widget_type=\"heading.default\">\n\t\t\t\t<div class=\"elementor-widget-container\">\n\t\t\t\t\t<h2 class=\"elementor-heading-title elementor-size-default\">Formation<\/h2>\t\t\t\t<\/div>\n\t\t\t\t<\/div>\n\t\t\t\t<div class=\"elementor-element elementor-element-2608144 elementor-widget elementor-widget-text-editor\" data-id=\"2608144\" data-element_type=\"widget\" data-widget_type=\"text-editor.default\">\n\t\t\t\t<div class=\"elementor-widget-container\">\n\t\t\t\t\t\t\t\t\t<div id=\"div_block-13-344\" class=\"ct-div-block doktor-div\"><div id=\"text_block-15-344\" class=\"ct-text-block doktor-text\"><p><strong>1995 \u2013 1999<\/strong><\/p><p>Facult\u00e9 de M\u00e9decine de l\u2019Universit\u00e9 de Marmara (Class\u00e9e 12e \u00e0 la fin des \u00e9tudes)<\/p><p><strong>1993 \u2013 1995<\/strong><\/p><p>Facult\u00e9 de M\u00e9decine de l\u2019Universit\u00e9 d\u2019Uluda\u011f<\/p><p><strong>1989 \u2013 1993<\/strong><\/p><p>Lyc\u00e9e Italien Priv\u00e9<\/p><p><strong>1985 \u2013 1989<\/strong><\/p>Coll\u00e8ge des Filles Italien<\/div><\/div>\t\t\t\t\t\t\t\t<\/div>\n\t\t\t\t<\/div>\n\t\t\t\t<div class=\"elementor-element elementor-element-fc340cd elementor-widget elementor-widget-heading\" data-id=\"fc340cd\" data-element_type=\"widget\" data-widget_type=\"heading.default\">\n\t\t\t\t<div class=\"elementor-widget-container\">\n\t\t\t\t\t<h2 class=\"elementor-heading-title elementor-size-default\">Exp\u00e9rience professionnelle<\/h2>\t\t\t\t<\/div>\n\t\t\t\t<\/div>\n\t\t\t\t<div class=\"elementor-element elementor-element-6a97b80 elementor-widget elementor-widget-text-editor\" data-id=\"6a97b80\" data-element_type=\"widget\" data-widget_type=\"text-editor.default\">\n\t\t\t\t<div class=\"elementor-widget-container\">\n\t\t\t\t\t\t\t\t\t<div id=\"div_block-13-344\" class=\"ct-div-block doktor-div\"><p><strong>2010 \u2013 2025<\/strong><\/p><p>Centre M\u00e9dical Bay\u0131nd\u0131r Levent (Temps plein)<\/p><p><strong>2014 \u2013 2019<\/strong><\/p><p>Membre du Conseil Municipal de Be\u015fikta\u015f \u2013 Chef de groupe parlementaire<\/p><p><strong>2011 \u2013 2018<\/strong><\/p><p>H\u00f4pital \u015ei\u015fli Florence Nightingale (Unit\u00e9 de greffe de cellules souches h\u00e9matopo\u00ef\u00e9tiques)<\/p><p><strong>2010 \u2013 2019<\/strong><\/p><p>H\u00f4pital Florence Nightingale Gayrettepe (Temps partiel)<\/p><p><strong>2007 \u2013 2010<\/strong><\/p><p>H\u00f4pital public Ba\u015fak\u015fehir (Minist\u00e8re de la Sant\u00e9)<\/p><p><strong>2000 \u2013 2006<\/strong><\/p><p>Clinique de Chirurgie G\u00e9n\u00e9rale n\u00b05, H\u00f4pital d\u2019Enseignement SSK Okmeydan\u0131 (Sp\u00e9cialisation)<\/p><\/div>\t\t\t\t\t\t\t\t<\/div>\n\t\t\t\t<\/div>\n\t\t\t\t<div class=\"elementor-element elementor-element-76453b6 elementor-widget elementor-widget-heading\" data-id=\"76453b6\" data-element_type=\"widget\" data-widget_type=\"heading.default\">\n\t\t\t\t<div class=\"elementor-widget-container\">\n\t\t\t\t\t<h2 class=\"elementor-heading-title elementor-size-default\">Formations professionnelles<\/h2>\t\t\t\t<\/div>\n\t\t\t\t<\/div>\n\t\t\t\t<div class=\"elementor-element elementor-element-7ff570e elementor-widget elementor-widget-text-editor\" data-id=\"7ff570e\" data-element_type=\"widget\" data-widget_type=\"text-editor.default\">\n\t\t\t\t<div class=\"elementor-widget-container\">\n\t\t\t\t\t\t\t\t\t<div id=\"div_block-13-344\" class=\"ct-div-block doktor-div\"><ul><li>08\/2000 Chirurgie gastro-intestinale (chirurgie des maladies inflammatoires de l\u2019intestin) \u2013 Facult\u00e9 de M\u00e9decine de l\u2019Universit\u00e9 de Florence, D\u00e9partement de Physiopathologie Clinique, Section de Chirurgie, ITALIE<\/li><\/ul><\/div>\t\t\t\t\t\t\t\t<\/div>\n\t\t\t\t<\/div>\n\t\t\t\t<div class=\"elementor-element elementor-element-63056c4 elementor-widget elementor-widget-heading\" data-id=\"63056c4\" data-element_type=\"widget\" data-widget_type=\"heading.default\">\n\t\t\t\t<div class=\"elementor-widget-container\">\n\t\t\t\t\t<h2 class=\"elementor-heading-title elementor-size-default\">Travaux Scientifiques<\/h2>\t\t\t\t<\/div>\n\t\t\t\t<\/div>\n\t\t\t\t<div class=\"elementor-element elementor-element-7324d5c elementor-widget elementor-widget-text-editor\" data-id=\"7324d5c\" data-element_type=\"widget\" data-widget_type=\"text-editor.default\">\n\t\t\t\t<div class=\"elementor-widget-container\">\n\t\t\t\t\t\t\t\t\t<div id=\"div_block-13-344\" class=\"ct-div-block doktor-div\"><p><strong>1)<\/strong> Kutan\u00f6z malin melanom&rsquo;da y\u00fcksek doz interferon tedavisi. 2006-<strong>Uzmanl\u0131k tezi.<\/strong><\/p><p><strong>2) <\/strong>Prognostic value of the 2002 TNM classification for breast carcinoma with regard to the number of metastatic axillary lymph nodes.<\/p><p>Duraker N, <strong>Caynak ZC<\/strong>.<\/p><p><strong>Cancer. 2005 Aug 15;104(4):700-7.<\/strong><\/p><p><strong>3)<\/strong> Perineural invasion has no prognostic value in patients with invasive breast carcinoma.<\/p><p>Duraker N, <strong>Caynak ZC<\/strong>, T\u00fcrk\u00f6z K.<\/p><p><strong>Breast. 2006 Oct;15(5):629-34. <\/strong><\/p><p><strong>4)<\/strong> Is there any prognostically different subgroup among patients with stage IIIC (any TN3M0) breast carcinoma?<\/p><p>Duraker N, <strong>Caynak ZC<\/strong>, Bati B.<\/p><p><strong>Ann Surg Oncol. 2008 Feb;15(2):430-7. Epub 2007 Oct 3. Erratum in: Ann Surg Oncol. 2008 May;15(5):1551<\/strong>.<\/p><p><strong>5)<\/strong>The prognosis of tumors with only microscopic skin involvement without clinical T4b signs is significantly better than T4b tumors in breast carcinoma.<\/p><p>Duraker N, Bat\u0131 B, <strong>Caynak ZC<\/strong>, Demir D, Kurtulu\u015f I.<\/p><p><strong>Breast J. 2011 Jan-Feb;17(1):47-55. <\/strong><\/p><p><strong>6)<\/strong> Prognostic Significance of the Number of Removed and Metastatic Lymph Nodes and Lymph Node Ratio in Breast Carcinoma Patients with 1-3 Axillary Lymph Node(s) Metastasis.<\/p><p>Duraker N, Bat\u0131 B, Demir D, <strong>Caynak ZC<\/strong>.<\/p><p><strong>ISRN Oncol. 2011;2011:645450.<\/strong><\/p><p><strong>7)<\/strong> Survival benefit of post-mastectomy radiotherapy in breast carcinoma patients with T1-2 tumor and 1-3 axillary lymph node(s) metastasis.<\/p><p>Duraker N, Demir D, Bati B, Yilmaz BD, Bati Y, <strong>\u00c7aynak ZC<\/strong>, Sobutay E.<\/p><p><strong>Jpn J Clin Oncol. 2012 Jul;42(7):601-8. <\/strong><\/p><p><strong>8)<\/strong> Lymph Node Ratio May Be Supplementary to TNM Nodal Classification in Node-positive Breast Carcinoma Based on the Results of 2151 Patients<\/p><p>Duraker N, Bat\u0131 B, <strong>Caynak ZC<\/strong>, Demir D<\/p><h4>World Journal of Surgery, 2013 Jun;37(6):1241-8<\/h4><p>\u00a0<\/p><p><strong>9)<\/strong>Axillary Lymph Node Status and Prognosis in Multifocal and Multicentric Breast Carcinoma<\/p><p>Duraker N, <strong>Caynak ZC<\/strong>.<\/p><h4>The Breast\u00a0 Journal, 2014 Jan-Feb;20(1):61-8<\/h4><p><strong>10)<\/strong>The impact of primary tumor resection on overall survival in patients with colorectal carcinoma and unresectable distatnt metastases: a prospective cohort study<\/p><p>Duraker N, <strong>Civelek \u00c7aynak Z,<\/strong> Hot Z<\/p><h4>Int J Surg. 2014;12(7):737-41<\/h4><p><strong>11)<\/strong> The prognostic value of the number of lymph nodes removed in patients with node-negative colorectal cancer<\/p><p>Duraker N, <strong>Civelek \u00c7aynak Z<\/strong>, Hot Z<\/p><p><strong>Int J Surg. 2014 Nov1;12(12):1324-1327<\/strong><\/p><p><strong>12)<\/strong> <a href=\"https:\/\/pubmed.ncbi.nlm.nih.gov\/24438065\/\">Axillary lymph node status and prognosis in multifocal and multicentric breast carcinoma.<\/a><\/p><p>Duraker N,\u00a0<strong>Caynak ZC.<\/strong><\/p><p><strong>Breast J. 2014 Jan-Feb;20(1):61-8. <\/strong><\/p><p><strong>13)<\/strong> <a href=\"https:\/\/pubmed.ncbi.nlm.nih.gov\/27447478\/\">Free\/Total Serum Prostate-Specific Antigen Ratio in Women with Colorectal Cancer Has Prognostic Significance.<\/a><\/p><p>Duraker N,\u00a0<strong>\u00c7aynak ZC<\/strong>, Trabulus DC.<\/p><p><strong>J Gastrointest Cancer. 2017 Mar;48(1):8-12. <\/strong><\/p><p><strong>14) <\/strong>T4b ve T4d Meme Karsinomas\u0131n\u0131n Klinikopatolojik \u00d6zellikler ve Prognoz A\u00e7\u0131s\u0131ndan Kar\u015f\u0131la\u015ft\u0131r\u0131lmas\u0131.<\/p><p>N\u00fcvit Duraker, Bak\u0131r Bat\u0131, Dr. <strong>Zeynep C\u00a0 \u00c7aynak<\/strong>.<\/p><p>Ulusal Meme Hastal\u0131klar\u0131 Kongresi 2007-S\u00f6zl\u00fc sunum.<\/p><p><strong>15)<\/strong> Kolorektal Karsinomal\u0131 Erkeklerde Serbest\/total Prostat Spesifik antijen oran\u0131 N\u00fcvit Duraker, <strong>Zeynep Civelek \u00c7aynak<\/strong> Didem Can Mualla Par\u0131lt\u0131<\/p><p>Ulusal Kolon ve Rektum Cerrahisi Kongresi 2009-S\u00f6zl\u00fc sunum<\/p><\/div>\t\t\t\t\t\t\t\t<\/div>\n\t\t\t\t<\/div>\n\t\t\t\t<div class=\"elementor-element elementor-element-b7c950e elementor-widget elementor-widget-heading\" data-id=\"b7c950e\" data-element_type=\"widget\" data-widget_type=\"heading.default\">\n\t\t\t\t<div class=\"elementor-widget-container\">\n\t\t\t\t\t<h2 class=\"elementor-heading-title elementor-size-default\">\u00dcyelikler<\/h2>\t\t\t\t<\/div>\n\t\t\t\t<\/div>\n\t\t\t\t\t<\/div>\n\t\t<\/div>\n\t\t\t\t<div class=\"elementor-column elementor-col-50 elementor-top-column elementor-element elementor-element-98f8e94\" data-id=\"98f8e94\" data-element_type=\"column\">\n\t\t\t<div class=\"elementor-widget-wrap elementor-element-populated\">\n\t\t\t\t\t\t\t<\/div>\n\t\t<\/div>\n\t\t\t\t\t<\/div>\n\t\t<\/section>\n\t\t\t\t<\/div>\n\t\t","protected":false},"excerpt":{"rendered":"<p>Sp\u00e9cialiste en chirurgie g\u00e9n\u00e9rale Op. Dr. Zeynep Civelek \u00c7aynak Domaines d\u2019expertise Maladies b\u00e9nignes de la r\u00e9gion p\u00e9rianale H\u00e9morro\u00efdes Fissure anale Fistule anale Condylome anal Chirurgie du sinus pilonidal Ligature \u00e9lastique par anuscopie Suivi et traitement des maladies du sein Cancer du sein Cancers cutan\u00e9s Traitement chirurgical des l\u00e9sions b\u00e9nignes de la peau et du tissu [&hellip;]<\/p>\n","protected":false},"author":13,"featured_media":26524,"parent":0,"menu_order":0,"comment_status":"closed","ping_status":"closed","template":"","meta":{"footnotes":""},"class_list":["post-26870","page","type-page","status-publish","has-post-thumbnail","hentry"],"yoast_head":"<!-- This site is optimized with the Yoast SEO plugin v22.5 - https:\/\/yoast.com\/wordpress\/plugins\/seo\/ -->\n<title>Op. Dr. Zeynep Civelek \u00c7aynak - Neolife T\u0131p Merkezi<\/title>\n<meta name=\"robots\" content=\"index, follow, max-snippet:-1, max-image-preview:large, max-video-preview:-1\" \/>\n<link rel=\"canonical\" href=\"https:\/\/www.neolife.com.tr\/fr\/op-dr-zeynep-civelek-caynak\/\" \/>\n<meta name=\"twitter:label1\" content=\"Dur\u00e9e de lecture estim\u00e9e\" \/>\n\t<meta name=\"twitter:data1\" content=\"29 minutes\" \/>\n<script type=\"application\/ld+json\" class=\"yoast-schema-graph\">{\"@context\":\"https:\/\/schema.org\",\"@graph\":[{\"@type\":\"WebPage\",\"@id\":\"https:\/\/www.neolife.com.tr\/fr\/op-dr-zeynep-civelek-caynak\/\",\"url\":\"https:\/\/www.neolife.com.tr\/fr\/op-dr-zeynep-civelek-caynak\/\",\"name\":\"Op. Dr. Zeynep Civelek \u00c7aynak - Neolife T\u0131p Merkezi\",\"isPartOf\":{\"@id\":\"https:\/\/www.neolife.com.tr\/#website\"},\"primaryImageOfPage\":{\"@id\":\"https:\/\/www.neolife.com.tr\/fr\/op-dr-zeynep-civelek-caynak\/#primaryimage\"},\"image\":{\"@id\":\"https:\/\/www.neolife.com.tr\/fr\/op-dr-zeynep-civelek-caynak\/#primaryimage\"},\"thumbnailUrl\":\"https:\/\/www.neolife.com.tr\/wp-content\/uploads\/2025\/06\/Zeynep-Civelek-Caynak.jpg\",\"datePublished\":\"2025-07-11T08:04:12+00:00\",\"dateModified\":\"2025-07-21T12:38:47+00:00\",\"breadcrumb\":{\"@id\":\"https:\/\/www.neolife.com.tr\/fr\/op-dr-zeynep-civelek-caynak\/#breadcrumb\"},\"inLanguage\":\"fr-FR\",\"potentialAction\":[{\"@type\":\"ReadAction\",\"target\":[\"https:\/\/www.neolife.com.tr\/fr\/op-dr-zeynep-civelek-caynak\/\"]}]},{\"@type\":\"ImageObject\",\"inLanguage\":\"fr-FR\",\"@id\":\"https:\/\/www.neolife.com.tr\/fr\/op-dr-zeynep-civelek-caynak\/#primaryimage\",\"url\":\"https:\/\/www.neolife.com.tr\/wp-content\/uploads\/2025\/06\/Zeynep-Civelek-Caynak.jpg\",\"contentUrl\":\"https:\/\/www.neolife.com.tr\/wp-content\/uploads\/2025\/06\/Zeynep-Civelek-Caynak.jpg\",\"width\":2545,\"height\":2545,\"caption\":\"\u0623\u0648\u0628. \u062f. \u0632\u064a\u0646\u0628 \u062c\u064a\u0641\u0644\u064a\u0643 \u062a\u0634\u0627\u064a\u0646\u0643\"},{\"@type\":\"BreadcrumbList\",\"@id\":\"https:\/\/www.neolife.com.tr\/fr\/op-dr-zeynep-civelek-caynak\/#breadcrumb\",\"itemListElement\":[{\"@type\":\"ListItem\",\"position\":1,\"name\":\"Ana Sayfa\",\"item\":\"https:\/\/www.neolife.com.tr\/fr\/\"},{\"@type\":\"ListItem\",\"position\":2,\"name\":\"Op. Dr. Zeynep Civelek \u00c7aynak\"}]},{\"@type\":\"WebSite\",\"@id\":\"https:\/\/www.neolife.com.tr\/#website\",\"url\":\"https:\/\/www.neolife.com.tr\/\",\"name\":\"Neolife T\u0131p Merkezi\",\"description\":\"T\u00fcrkiye&#039;de kanser tedavisi - kanser te\u015fhisi ve tedavisi\",\"publisher\":{\"@id\":\"https:\/\/www.neolife.com.tr\/#organization\"},\"potentialAction\":[{\"@type\":\"SearchAction\",\"target\":{\"@type\":\"EntryPoint\",\"urlTemplate\":\"https:\/\/www.neolife.com.tr\/?s={search_term_string}\"},\"query-input\":\"required name=search_term_string\"}],\"inLanguage\":\"fr-FR\"},{\"@type\":\"Organization\",\"@id\":\"https:\/\/www.neolife.com.tr\/#organization\",\"name\":\"Neolife T\u0131p Merkezi\",\"url\":\"https:\/\/www.neolife.com.tr\/\",\"logo\":{\"@type\":\"ImageObject\",\"inLanguage\":\"fr-FR\",\"@id\":\"https:\/\/www.neolife.com.tr\/#\/schema\/logo\/image\/\",\"url\":\"https:\/\/www.neolife.com.tr\/wp-content\/uploads\/2021\/06\/Neolife-Logo.png\",\"contentUrl\":\"https:\/\/www.neolife.com.tr\/wp-content\/uploads\/2021\/06\/Neolife-Logo.png\",\"width\":348,\"height\":92,\"caption\":\"Neolife T\u0131p Merkezi\"},\"image\":{\"@id\":\"https:\/\/www.neolife.com.tr\/#\/schema\/logo\/image\/\"},\"sameAs\":[\"https:\/\/www.facebook.com\/NeoLifeIstanbul\/\",\"https:\/\/x.com\/NeoLifeIstanbul\",\"https:\/\/www.linkedin.com\/company\/neolife-oncology-center\/?originalSubdomain=tr\"]}]}<\/script>\n<!-- \/ Yoast SEO plugin. -->","yoast_head_json":{"title":"Op. Dr. Zeynep Civelek \u00c7aynak - Neolife T\u0131p Merkezi","robots":{"index":"index","follow":"follow","max-snippet":"max-snippet:-1","max-image-preview":"max-image-preview:large","max-video-preview":"max-video-preview:-1"},"canonical":"https:\/\/www.neolife.com.tr\/fr\/op-dr-zeynep-civelek-caynak\/","twitter_misc":{"Dur\u00e9e de lecture estim\u00e9e":"29 minutes"},"schema":{"@context":"https:\/\/schema.org","@graph":[{"@type":"WebPage","@id":"https:\/\/www.neolife.com.tr\/fr\/op-dr-zeynep-civelek-caynak\/","url":"https:\/\/www.neolife.com.tr\/fr\/op-dr-zeynep-civelek-caynak\/","name":"Op. Dr. Zeynep Civelek \u00c7aynak - Neolife T\u0131p Merkezi","isPartOf":{"@id":"https:\/\/www.neolife.com.tr\/#website"},"primaryImageOfPage":{"@id":"https:\/\/www.neolife.com.tr\/fr\/op-dr-zeynep-civelek-caynak\/#primaryimage"},"image":{"@id":"https:\/\/www.neolife.com.tr\/fr\/op-dr-zeynep-civelek-caynak\/#primaryimage"},"thumbnailUrl":"https:\/\/www.neolife.com.tr\/wp-content\/uploads\/2025\/06\/Zeynep-Civelek-Caynak.jpg","datePublished":"2025-07-11T08:04:12+00:00","dateModified":"2025-07-21T12:38:47+00:00","breadcrumb":{"@id":"https:\/\/www.neolife.com.tr\/fr\/op-dr-zeynep-civelek-caynak\/#breadcrumb"},"inLanguage":"fr-FR","potentialAction":[{"@type":"ReadAction","target":["https:\/\/www.neolife.com.tr\/fr\/op-dr-zeynep-civelek-caynak\/"]}]},{"@type":"ImageObject","inLanguage":"fr-FR","@id":"https:\/\/www.neolife.com.tr\/fr\/op-dr-zeynep-civelek-caynak\/#primaryimage","url":"https:\/\/www.neolife.com.tr\/wp-content\/uploads\/2025\/06\/Zeynep-Civelek-Caynak.jpg","contentUrl":"https:\/\/www.neolife.com.tr\/wp-content\/uploads\/2025\/06\/Zeynep-Civelek-Caynak.jpg","width":2545,"height":2545,"caption":"\u0623\u0648\u0628. \u062f. \u0632\u064a\u0646\u0628 \u062c\u064a\u0641\u0644\u064a\u0643 \u062a\u0634\u0627\u064a\u0646\u0643"},{"@type":"BreadcrumbList","@id":"https:\/\/www.neolife.com.tr\/fr\/op-dr-zeynep-civelek-caynak\/#breadcrumb","itemListElement":[{"@type":"ListItem","position":1,"name":"Ana Sayfa","item":"https:\/\/www.neolife.com.tr\/fr\/"},{"@type":"ListItem","position":2,"name":"Op. Dr. Zeynep Civelek \u00c7aynak"}]},{"@type":"WebSite","@id":"https:\/\/www.neolife.com.tr\/#website","url":"https:\/\/www.neolife.com.tr\/","name":"Neolife T\u0131p Merkezi","description":"T\u00fcrkiye&#039;de kanser tedavisi - kanser te\u015fhisi ve tedavisi","publisher":{"@id":"https:\/\/www.neolife.com.tr\/#organization"},"potentialAction":[{"@type":"SearchAction","target":{"@type":"EntryPoint","urlTemplate":"https:\/\/www.neolife.com.tr\/?s={search_term_string}"},"query-input":"required name=search_term_string"}],"inLanguage":"fr-FR"},{"@type":"Organization","@id":"https:\/\/www.neolife.com.tr\/#organization","name":"Neolife T\u0131p Merkezi","url":"https:\/\/www.neolife.com.tr\/","logo":{"@type":"ImageObject","inLanguage":"fr-FR","@id":"https:\/\/www.neolife.com.tr\/#\/schema\/logo\/image\/","url":"https:\/\/www.neolife.com.tr\/wp-content\/uploads\/2021\/06\/Neolife-Logo.png","contentUrl":"https:\/\/www.neolife.com.tr\/wp-content\/uploads\/2021\/06\/Neolife-Logo.png","width":348,"height":92,"caption":"Neolife T\u0131p Merkezi"},"image":{"@id":"https:\/\/www.neolife.com.tr\/#\/schema\/logo\/image\/"},"sameAs":["https:\/\/www.facebook.com\/NeoLifeIstanbul\/","https:\/\/x.com\/NeoLifeIstanbul","https:\/\/www.linkedin.com\/company\/neolife-oncology-center\/?originalSubdomain=tr"]}]}},"_links":{"self":[{"href":"https:\/\/www.neolife.com.tr\/fr\/wp-json\/wp\/v2\/pages\/26870","targetHints":{"allow":["GET"]}}],"collection":[{"href":"https:\/\/www.neolife.com.tr\/fr\/wp-json\/wp\/v2\/pages"}],"about":[{"href":"https:\/\/www.neolife.com.tr\/fr\/wp-json\/wp\/v2\/types\/page"}],"author":[{"embeddable":true,"href":"https:\/\/www.neolife.com.tr\/fr\/wp-json\/wp\/v2\/users\/13"}],"replies":[{"embeddable":true,"href":"https:\/\/www.neolife.com.tr\/fr\/wp-json\/wp\/v2\/comments?post=26870"}],"version-history":[{"count":17,"href":"https:\/\/www.neolife.com.tr\/fr\/wp-json\/wp\/v2\/pages\/26870\/revisions"}],"predecessor-version":[{"id":27522,"href":"https:\/\/www.neolife.com.tr\/fr\/wp-json\/wp\/v2\/pages\/26870\/revisions\/27522"}],"wp:featuredmedia":[{"embeddable":true,"href":"https:\/\/www.neolife.com.tr\/fr\/wp-json\/wp\/v2\/media\/26524"}],"wp:attachment":[{"href":"https:\/\/www.neolife.com.tr\/fr\/wp-json\/wp\/v2\/media?parent=26870"}],"curies":[{"name":"wp","href":"https:\/\/api.w.org\/{rel}","templated":true}]}}