{"id":26859,"date":"2025-07-11T10:57:59","date_gmt":"2025-07-11T07:57:59","guid":{"rendered":"https:\/\/www.neolife.com.tr\/?page_id=26859"},"modified":"2025-07-11T11:02:43","modified_gmt":"2025-07-11T08:02:43","slug":"spec-dr-vildan-kayku","status":"publish","type":"page","link":"https:\/\/www.neolife.com.tr\/fr\/spec-dr-vildan-kayku\/","title":{"rendered":"Sp\u00e9c. Dr. Vildan Kayku"},"content":{"rendered":"\t\t<div data-elementor-type=\"wp-page\" data-elementor-id=\"26859\" class=\"elementor elementor-26859\" data-elementor-post-type=\"page\">\n\t\t\t\t\t\t<section class=\"elementor-section elementor-top-section elementor-element elementor-element-0476f88 elementor-section-boxed elementor-section-height-default elementor-section-height-default\" data-id=\"0476f88\" data-element_type=\"section\">\n\t\t\t\t\t\t<div class=\"elementor-container elementor-column-gap-default\">\n\t\t\t\t\t<div class=\"elementor-column elementor-col-50 elementor-top-column elementor-element elementor-element-5a41099\" data-id=\"5a41099\" data-element_type=\"column\">\n\t\t\t<div class=\"elementor-widget-wrap elementor-element-populated\">\n\t\t\t\t\t\t<section class=\"elementor-section elementor-inner-section elementor-element elementor-element-361e44d elementor-section-boxed elementor-section-height-default elementor-section-height-default\" data-id=\"361e44d\" data-element_type=\"section\">\n\t\t\t\t\t\t<div class=\"elementor-container elementor-column-gap-default\">\n\t\t\t\t\t<div class=\"elementor-column elementor-col-50 elementor-inner-column elementor-element elementor-element-934549f\" data-id=\"934549f\" data-element_type=\"column\">\n\t\t\t<div class=\"elementor-widget-wrap elementor-element-populated\">\n\t\t\t\t\t\t<div class=\"elementor-element elementor-element-2430770 elementor-widget elementor-widget-image\" data-id=\"2430770\" data-element_type=\"widget\" data-widget_type=\"image.default\">\n\t\t\t\t<div class=\"elementor-widget-container\">\n\t\t\t\t\t\t\t\t\t\t\t\t\t\t\t<img fetchpriority=\"high\" decoding=\"async\" width=\"1024\" height=\"1024\" src=\"https:\/\/www.neolife.com.tr\/wp-content\/uploads\/2024\/07\/image00002-kopya.i85-min-2-1024x1024.jpg\" class=\"attachment-large size-large wp-image-20683\" alt=\"\u0414\u043e\u043a\u0442\u043e\u0440 \u0412\u0438\u043b\u044c\u0434\u0430\u043d \u041a\u0430\u0439\u043a\u0443\" srcset=\"https:\/\/www.neolife.com.tr\/wp-content\/uploads\/2024\/07\/image00002-kopya.i85-min-2-1024x1024.jpg 1024w, https:\/\/www.neolife.com.tr\/wp-content\/uploads\/2024\/07\/image00002-kopya.i85-min-2-300x300.jpg 300w, https:\/\/www.neolife.com.tr\/wp-content\/uploads\/2024\/07\/image00002-kopya.i85-min-2-150x150.jpg 150w, https:\/\/www.neolife.com.tr\/wp-content\/uploads\/2024\/07\/image00002-kopya.i85-min-2-768x768.jpg 768w, https:\/\/www.neolife.com.tr\/wp-content\/uploads\/2024\/07\/image00002-kopya.i85-min-2.jpg 1067w\" sizes=\"(max-width: 1024px) 100vw, 1024px\" \/>\t\t\t\t\t\t\t\t\t\t\t\t\t\t\t<\/div>\n\t\t\t\t<\/div>\n\t\t\t\t<div class=\"elementor-element elementor-element-e895d56 elementor-widget elementor-widget-heading\" data-id=\"e895d56\" data-element_type=\"widget\" data-widget_type=\"heading.default\">\n\t\t\t\t<div class=\"elementor-widget-container\">\n\t\t\t\t\t<h2 class=\"elementor-heading-title elementor-size-default\">Sp\u00e9cialiste en Oncologie M\u00e9dicale<\/h2>\t\t\t\t<\/div>\n\t\t\t\t<\/div>\n\t\t\t\t\t<\/div>\n\t\t<\/div>\n\t\t\t\t<div class=\"elementor-column elementor-col-50 elementor-inner-column elementor-element elementor-element-8cb3035\" data-id=\"8cb3035\" data-element_type=\"column\">\n\t\t\t<div class=\"elementor-widget-wrap elementor-element-populated\">\n\t\t\t\t\t\t<div class=\"elementor-element elementor-element-a097e58 elementor-widget elementor-widget-heading\" data-id=\"a097e58\" data-element_type=\"widget\" data-widget_type=\"heading.default\">\n\t\t\t\t<div class=\"elementor-widget-container\">\n\t\t\t\t\t<h2 class=\"elementor-heading-title elementor-size-default\">Sp\u00e9c. Dr. Vildan Kayku<\/h2>\t\t\t\t<\/div>\n\t\t\t\t<\/div>\n\t\t\t\t\t<\/div>\n\t\t<\/div>\n\t\t\t\t\t<\/div>\n\t\t<\/section>\n\t\t\t\t<div class=\"elementor-element elementor-element-d971d9e elementor-widget-divider--view-line elementor-widget elementor-widget-divider\" data-id=\"d971d9e\" data-element_type=\"widget\" data-widget_type=\"divider.default\">\n\t\t\t\t<div class=\"elementor-widget-container\">\n\t\t\t\t\t\t\t<div class=\"elementor-divider\">\n\t\t\t<span class=\"elementor-divider-separator\">\n\t\t\t\t\t\t<\/span>\n\t\t<\/div>\n\t\t\t\t\t\t<\/div>\n\t\t\t\t<\/div>\n\t\t\t\t<div class=\"elementor-element elementor-element-27357ab elementor-widget elementor-widget-heading\" data-id=\"27357ab\" data-element_type=\"widget\" data-widget_type=\"heading.default\">\n\t\t\t\t<div class=\"elementor-widget-container\">\n\t\t\t\t\t<h2 class=\"elementor-heading-title elementor-size-default\">Domaines d\u2019int\u00e9r\u00eat<\/h2>\t\t\t\t<\/div>\n\t\t\t\t<\/div>\n\t\t\t\t<div class=\"elementor-element elementor-element-337662c elementor-widget elementor-widget-text-editor\" data-id=\"337662c\" data-element_type=\"widget\" data-widget_type=\"text-editor.default\">\n\t\t\t\t<div class=\"elementor-widget-container\">\n\t\t\t\t\t\t\t\t\t<ul><li>Cancer du sein<\/li><li>Cancer du poumon<\/li><li>Cancer colorectal<\/li><li>Cancer de la prostate<\/li><li>Cancer de la peau<\/li><li>Cancer de l\u2019estomac<\/li><li>Cancer du foie<\/li><li>Cancer du col de l\u2019ut\u00e9rus<\/li><li>Cancer du rein<\/li><li>Cancer du pancr\u00e9as<\/li><\/ul>\t\t\t\t\t\t\t\t<\/div>\n\t\t\t\t<\/div>\n\t\t\t\t<div class=\"elementor-element elementor-element-741eff1 elementor-widget elementor-widget-heading\" data-id=\"741eff1\" data-element_type=\"widget\" data-widget_type=\"heading.default\">\n\t\t\t\t<div class=\"elementor-widget-container\">\n\t\t\t\t\t<h2 class=\"elementor-heading-title elementor-size-default\">Formation<\/h2>\t\t\t\t<\/div>\n\t\t\t\t<\/div>\n\t\t\t\t<div class=\"elementor-element elementor-element-1c7af94 elementor-widget elementor-widget-text-editor\" data-id=\"1c7af94\" data-element_type=\"widget\" data-widget_type=\"text-editor.default\">\n\t\t\t\t<div class=\"elementor-widget-container\">\n\t\t\t\t\t\t\t\t\t<p><strong>2014 \u2013 2017<\/strong><br \/>Universit\u00e9 Hacettepe, Institut d\u2019Oncologie, D\u00e9partement d\u2019Oncologie M\u00e9dicale<\/p><p><strong>2009 \u2013 2013<\/strong><br \/>Universit\u00e9 Ufuk, Facult\u00e9 de M\u00e9decine, D\u00e9partement de M\u00e9decine Interne<\/p><p><strong>1999 \u2013 2006<\/strong><br \/>Universit\u00e9 Eski\u015fehir Osmangazi, Facult\u00e9 de M\u00e9decine<\/p>\t\t\t\t\t\t\t\t<\/div>\n\t\t\t\t<\/div>\n\t\t\t\t<div class=\"elementor-element elementor-element-083a849 elementor-widget elementor-widget-heading\" data-id=\"083a849\" data-element_type=\"widget\" data-widget_type=\"heading.default\">\n\t\t\t\t<div class=\"elementor-widget-container\">\n\t\t\t\t\t<h2 class=\"elementor-heading-title elementor-size-default\">Exp\u00e9rience professionnelle<\/h2>\t\t\t\t<\/div>\n\t\t\t\t<\/div>\n\t\t\t\t<div class=\"elementor-element elementor-element-cbaea1e elementor-widget elementor-widget-text-editor\" data-id=\"cbaea1e\" data-element_type=\"widget\" data-widget_type=\"text-editor.default\">\n\t\t\t\t<div class=\"elementor-widget-container\">\n\t\t\t\t\t\t\t\t\t<p><strong>2024<\/strong><br \/>Centre M\u00e9dical Neolife<\/p><p><strong>2024<\/strong><br \/>H\u00f4pital Kolan Beylikd\u00fcz\u00fc<\/p><p><strong>2023 \u2013 2024<\/strong><br \/>H\u00f4pital Memorial Bah\u00e7elievler<\/p><p><strong>2020 \u2013 2023<\/strong><br \/>H\u00f4pital Ac\u0131badem Maslak<\/p><p><strong>2019 \u2013 2020<\/strong><br \/>Universit\u00e9 Istanbul Ayd\u0131n, H\u00f4pital VM Medicalpark Florya<\/p><p><strong>2017 \u2013 2019<\/strong><br \/>R\u00e9publique de Turquie, Minist\u00e8re de la Sant\u00e9, Universit\u00e9 de Sant\u00e9 Publique de Turquie, H\u00f4pital Universitaire Van EAH<\/p><p><strong>2014 \u2013 2017<\/strong><br \/>Universit\u00e9 Hacettepe, Institut d\u2019Oncologie, D\u00e9partement d\u2019Oncologie M\u00e9dicale<\/p><p><strong>2013 \u2013 2014<\/strong><br \/>H\u00f4pital d\u2019\u00c9tat de Kars<\/p><p><strong>2009 \u2013 2013<\/strong><br \/>Universit\u00e9 Ufuk, H\u00f4pital Dr R\u0131dvan Ege, D\u00e9partement de M\u00e9decine Interne<\/p><p><strong>2007 \u2013 2009<\/strong><br \/>Universit\u00e9 Hacettepe, Facult\u00e9 de M\u00e9decine, D\u00e9partement de Physiologie<\/p>\t\t\t\t\t\t\t\t<\/div>\n\t\t\t\t<\/div>\n\t\t\t\t<div class=\"elementor-element elementor-element-1fb951b elementor-widget elementor-widget-heading\" data-id=\"1fb951b\" data-element_type=\"widget\" data-widget_type=\"heading.default\">\n\t\t\t\t<div class=\"elementor-widget-container\">\n\t\t\t\t\t<h2 class=\"elementor-heading-title elementor-size-default\">Formations professionnelles<\/h2>\t\t\t\t<\/div>\n\t\t\t\t<\/div>\n\t\t\t\t<div class=\"elementor-element elementor-element-c0dd6a2 elementor-widget elementor-widget-text-editor\" data-id=\"c0dd6a2\" data-element_type=\"widget\" data-widget_type=\"text-editor.default\">\n\t\t\t\t<div class=\"elementor-widget-container\">\n\t\t\t\t\t\t\t\t\t<ul><li>Participation aux congr\u00e8s turcs d\u2019oncologie m\u00e9dicale, congr\u00e8s nationaux sur le cancer, congr\u00e8s nationaux d\u2019immunoth\u00e9rapie et d\u2019oncologie<\/li><li>Cours de la Soci\u00e9t\u00e9 Turque d\u2019Oncologie M\u00e9dicale<\/li><\/ul>\t\t\t\t\t\t\t\t<\/div>\n\t\t\t\t<\/div>\n\t\t\t\t<div class=\"elementor-element elementor-element-afaad8e elementor-widget elementor-widget-heading\" data-id=\"afaad8e\" data-element_type=\"widget\" data-widget_type=\"heading.default\">\n\t\t\t\t<div class=\"elementor-widget-container\">\n\t\t\t\t\t<h2 class=\"elementor-heading-title elementor-size-default\">Adh\u00e9sions<\/h2>\t\t\t\t<\/div>\n\t\t\t\t<\/div>\n\t\t\t\t<div class=\"elementor-element elementor-element-0e51b4c elementor-widget elementor-widget-text-editor\" data-id=\"0e51b4c\" data-element_type=\"widget\" data-widget_type=\"text-editor.default\">\n\t\t\t\t<div class=\"elementor-widget-container\">\n\t\t\t\t\t\t\t\t\t<ul><li>Soci\u00e9t\u00e9 Turque d\u2019Oncologie M\u00e9dicale<\/li><li>Ordre des M\u00e9decins d\u2019Istanbul<\/li><\/ul>\t\t\t\t\t\t\t\t<\/div>\n\t\t\t\t<\/div>\n\t\t\t\t<div class=\"elementor-element elementor-element-8c4cc05 elementor-widget elementor-widget-heading\" data-id=\"8c4cc05\" data-element_type=\"widget\" data-widget_type=\"heading.default\">\n\t\t\t\t<div class=\"elementor-widget-container\">\n\t\t\t\t\t<h2 class=\"elementor-heading-title elementor-size-default\">Travaux Scientifiques<\/h2>\t\t\t\t<\/div>\n\t\t\t\t<\/div>\n\t\t\t\t<div class=\"elementor-element elementor-element-46dccd8 elementor-widget-tablet__width-initial elementor-widget elementor-widget-text-editor\" data-id=\"46dccd8\" data-element_type=\"widget\" data-widget_type=\"text-editor.default\">\n\t\t\t\t<div class=\"elementor-widget-container\">\n\t\t\t\t\t\t\t\t\t<ul><li>6 publications scientifiques publi\u00e9es dans des revues nationales et internationales<\/li><li>21 communications pr\u00e9sent\u00e9es dans des congr\u00e8s nationaux<\/li><li>3 communications pr\u00e9sent\u00e9es dans des congr\u00e8s internationaux<\/li><li>1 traduction de chapitre de livre : Atlas of Internal Medicine, 3e \u00e9dition, Chapitre 12 \u2013 Traduction turque de l\u2019H\u00e9patologie<\/li><li>3 chapitres de livre :<\/li><li>Immunoth\u00e9rapie en oncologie. Immunoth\u00e9rapie dans le cancer du poumon \u00e0 petites cellules, Chapitre 13, 2020<\/li><li>Tumeurs du syst\u00e8me endocrinien. R\u00f4le de l\u2019immunoth\u00e9rapie dans les tumeurs neuroendocrines, Chapitre 41, 2021<\/li><li>M\u00e9dicaments antin\u00e9oplasiques. M\u00e9canismes d\u2019action et classification des antim\u00e9tabolites, Chapitre 14, 2022<\/li><li>1 pr\u00e9sentation orale dans un congr\u00e8s national : Chimioth\u00e9rapie du cancer du col de l\u2019ut\u00e9rus, 3e Congr\u00e8s National des Cancers Urog\u00e9nitaux, 2019<\/li><li>3 communications pr\u00e9sent\u00e9es dans des congr\u00e8s internationaux<\/li><\/ul>\t\t\t\t\t\t\t\t<\/div>\n\t\t\t\t<\/div>\n\t\t\t\t\t<\/div>\n\t\t<\/div>\n\t\t\t\t<div class=\"elementor-column elementor-col-50 elementor-top-column elementor-element elementor-element-679e975\" data-id=\"679e975\" data-element_type=\"column\">\n\t\t\t<div class=\"elementor-widget-wrap elementor-element-populated\">\n\t\t\t\t\t\t\t<\/div>\n\t\t<\/div>\n\t\t\t\t\t<\/div>\n\t\t<\/section>\n\t\t\t\t<\/div>\n\t\t","protected":false},"excerpt":{"rendered":"<p>Sp\u00e9cialiste en Oncologie M\u00e9dicale Sp\u00e9c. Dr. Vildan Kayku Domaines d\u2019int\u00e9r\u00eat Cancer du sein Cancer du poumon Cancer colorectal Cancer de la prostate Cancer de la peau Cancer de l\u2019estomac Cancer du foie Cancer du col de l\u2019ut\u00e9rus Cancer du rein Cancer du pancr\u00e9as Formation 2014 \u2013 2017Universit\u00e9 Hacettepe, Institut d\u2019Oncologie, D\u00e9partement d\u2019Oncologie M\u00e9dicale 2009 \u2013 [&hellip;]<\/p>\n","protected":false},"author":13,"featured_media":25703,"parent":0,"menu_order":0,"comment_status":"closed","ping_status":"closed","template":"","meta":{"footnotes":""},"class_list":["post-26859","page","type-page","status-publish","has-post-thumbnail","hentry"],"yoast_head":"<!-- This site is optimized with the Yoast SEO plugin v22.5 - https:\/\/yoast.com\/wordpress\/plugins\/seo\/ -->\n<title>Sp\u00e9c. Dr. Vildan Kayku - Neolife T\u0131p Merkezi<\/title>\n<meta name=\"robots\" content=\"index, follow, max-snippet:-1, max-image-preview:large, max-video-preview:-1\" \/>\n<link rel=\"canonical\" href=\"https:\/\/www.neolife.com.tr\/fr\/spec-dr-vildan-kayku\/\" \/>\n<meta name=\"twitter:label1\" content=\"Dur\u00e9e de lecture estim\u00e9e\" \/>\n\t<meta name=\"twitter:data1\" content=\"18 minutes\" \/>\n<script type=\"application\/ld+json\" class=\"yoast-schema-graph\">{\"@context\":\"https:\/\/schema.org\",\"@graph\":[{\"@type\":\"WebPage\",\"@id\":\"https:\/\/www.neolife.com.tr\/fr\/spec-dr-vildan-kayku\/\",\"url\":\"https:\/\/www.neolife.com.tr\/fr\/spec-dr-vildan-kayku\/\",\"name\":\"Sp\u00e9c. Dr. Vildan Kayku - Neolife T\u0131p Merkezi\",\"isPartOf\":{\"@id\":\"https:\/\/www.neolife.com.tr\/#website\"},\"primaryImageOfPage\":{\"@id\":\"https:\/\/www.neolife.com.tr\/fr\/spec-dr-vildan-kayku\/#primaryimage\"},\"image\":{\"@id\":\"https:\/\/www.neolife.com.tr\/fr\/spec-dr-vildan-kayku\/#primaryimage\"},\"thumbnailUrl\":\"https:\/\/www.neolife.com.tr\/wp-content\/uploads\/2024\/07\/image00002-kopya.i85-min-2.jpg\",\"datePublished\":\"2025-07-11T07:57:59+00:00\",\"dateModified\":\"2025-07-11T08:02:43+00:00\",\"breadcrumb\":{\"@id\":\"https:\/\/www.neolife.com.tr\/fr\/spec-dr-vildan-kayku\/#breadcrumb\"},\"inLanguage\":\"fr-FR\",\"potentialAction\":[{\"@type\":\"ReadAction\",\"target\":[\"https:\/\/www.neolife.com.tr\/fr\/spec-dr-vildan-kayku\/\"]}]},{\"@type\":\"ImageObject\",\"inLanguage\":\"fr-FR\",\"@id\":\"https:\/\/www.neolife.com.tr\/fr\/spec-dr-vildan-kayku\/#primaryimage\",\"url\":\"https:\/\/www.neolife.com.tr\/wp-content\/uploads\/2024\/07\/image00002-kopya.i85-min-2.jpg\",\"contentUrl\":\"https:\/\/www.neolife.com.tr\/wp-content\/uploads\/2024\/07\/image00002-kopya.i85-min-2.jpg\",\"width\":1067,\"height\":1067,\"caption\":\"\u0627\u0644\u062f\u0643\u062a\u0648\u0631\u0629 \u0627\u0644\u0645\u062a\u062e\u0635\u0635\u0629 \u0641\u064a\u0644\u062f\u0627\u0646 \u0643\u0627\u064a\u0643\u0648\"},{\"@type\":\"BreadcrumbList\",\"@id\":\"https:\/\/www.neolife.com.tr\/fr\/spec-dr-vildan-kayku\/#breadcrumb\",\"itemListElement\":[{\"@type\":\"ListItem\",\"position\":1,\"name\":\"Ana Sayfa\",\"item\":\"https:\/\/www.neolife.com.tr\/fr\/\"},{\"@type\":\"ListItem\",\"position\":2,\"name\":\"Sp\u00e9c. Dr. Vildan Kayku\"}]},{\"@type\":\"WebSite\",\"@id\":\"https:\/\/www.neolife.com.tr\/#website\",\"url\":\"https:\/\/www.neolife.com.tr\/\",\"name\":\"Neolife T\u0131p Merkezi\",\"description\":\"T\u00fcrkiye&#039;de kanser tedavisi - kanser te\u015fhisi ve tedavisi\",\"publisher\":{\"@id\":\"https:\/\/www.neolife.com.tr\/#organization\"},\"potentialAction\":[{\"@type\":\"SearchAction\",\"target\":{\"@type\":\"EntryPoint\",\"urlTemplate\":\"https:\/\/www.neolife.com.tr\/?s={search_term_string}\"},\"query-input\":\"required name=search_term_string\"}],\"inLanguage\":\"fr-FR\"},{\"@type\":\"Organization\",\"@id\":\"https:\/\/www.neolife.com.tr\/#organization\",\"name\":\"Neolife T\u0131p Merkezi\",\"url\":\"https:\/\/www.neolife.com.tr\/\",\"logo\":{\"@type\":\"ImageObject\",\"inLanguage\":\"fr-FR\",\"@id\":\"https:\/\/www.neolife.com.tr\/#\/schema\/logo\/image\/\",\"url\":\"https:\/\/www.neolife.com.tr\/wp-content\/uploads\/2021\/06\/Neolife-Logo.png\",\"contentUrl\":\"https:\/\/www.neolife.com.tr\/wp-content\/uploads\/2021\/06\/Neolife-Logo.png\",\"width\":348,\"height\":92,\"caption\":\"Neolife T\u0131p Merkezi\"},\"image\":{\"@id\":\"https:\/\/www.neolife.com.tr\/#\/schema\/logo\/image\/\"},\"sameAs\":[\"https:\/\/www.facebook.com\/NeoLifeIstanbul\/\",\"https:\/\/x.com\/NeoLifeIstanbul\",\"https:\/\/www.linkedin.com\/company\/neolife-oncology-center\/?originalSubdomain=tr\"]}]}<\/script>\n<!-- \/ Yoast SEO plugin. -->","yoast_head_json":{"title":"Sp\u00e9c. Dr. Vildan Kayku - Neolife T\u0131p Merkezi","robots":{"index":"index","follow":"follow","max-snippet":"max-snippet:-1","max-image-preview":"max-image-preview:large","max-video-preview":"max-video-preview:-1"},"canonical":"https:\/\/www.neolife.com.tr\/fr\/spec-dr-vildan-kayku\/","twitter_misc":{"Dur\u00e9e de lecture estim\u00e9e":"18 minutes"},"schema":{"@context":"https:\/\/schema.org","@graph":[{"@type":"WebPage","@id":"https:\/\/www.neolife.com.tr\/fr\/spec-dr-vildan-kayku\/","url":"https:\/\/www.neolife.com.tr\/fr\/spec-dr-vildan-kayku\/","name":"Sp\u00e9c. Dr. Vildan Kayku - Neolife T\u0131p Merkezi","isPartOf":{"@id":"https:\/\/www.neolife.com.tr\/#website"},"primaryImageOfPage":{"@id":"https:\/\/www.neolife.com.tr\/fr\/spec-dr-vildan-kayku\/#primaryimage"},"image":{"@id":"https:\/\/www.neolife.com.tr\/fr\/spec-dr-vildan-kayku\/#primaryimage"},"thumbnailUrl":"https:\/\/www.neolife.com.tr\/wp-content\/uploads\/2024\/07\/image00002-kopya.i85-min-2.jpg","datePublished":"2025-07-11T07:57:59+00:00","dateModified":"2025-07-11T08:02:43+00:00","breadcrumb":{"@id":"https:\/\/www.neolife.com.tr\/fr\/spec-dr-vildan-kayku\/#breadcrumb"},"inLanguage":"fr-FR","potentialAction":[{"@type":"ReadAction","target":["https:\/\/www.neolife.com.tr\/fr\/spec-dr-vildan-kayku\/"]}]},{"@type":"ImageObject","inLanguage":"fr-FR","@id":"https:\/\/www.neolife.com.tr\/fr\/spec-dr-vildan-kayku\/#primaryimage","url":"https:\/\/www.neolife.com.tr\/wp-content\/uploads\/2024\/07\/image00002-kopya.i85-min-2.jpg","contentUrl":"https:\/\/www.neolife.com.tr\/wp-content\/uploads\/2024\/07\/image00002-kopya.i85-min-2.jpg","width":1067,"height":1067,"caption":"\u0627\u0644\u062f\u0643\u062a\u0648\u0631\u0629 \u0627\u0644\u0645\u062a\u062e\u0635\u0635\u0629 \u0641\u064a\u0644\u062f\u0627\u0646 \u0643\u0627\u064a\u0643\u0648"},{"@type":"BreadcrumbList","@id":"https:\/\/www.neolife.com.tr\/fr\/spec-dr-vildan-kayku\/#breadcrumb","itemListElement":[{"@type":"ListItem","position":1,"name":"Ana Sayfa","item":"https:\/\/www.neolife.com.tr\/fr\/"},{"@type":"ListItem","position":2,"name":"Sp\u00e9c. Dr. Vildan Kayku"}]},{"@type":"WebSite","@id":"https:\/\/www.neolife.com.tr\/#website","url":"https:\/\/www.neolife.com.tr\/","name":"Neolife T\u0131p Merkezi","description":"T\u00fcrkiye&#039;de kanser tedavisi - kanser te\u015fhisi ve tedavisi","publisher":{"@id":"https:\/\/www.neolife.com.tr\/#organization"},"potentialAction":[{"@type":"SearchAction","target":{"@type":"EntryPoint","urlTemplate":"https:\/\/www.neolife.com.tr\/?s={search_term_string}"},"query-input":"required name=search_term_string"}],"inLanguage":"fr-FR"},{"@type":"Organization","@id":"https:\/\/www.neolife.com.tr\/#organization","name":"Neolife T\u0131p Merkezi","url":"https:\/\/www.neolife.com.tr\/","logo":{"@type":"ImageObject","inLanguage":"fr-FR","@id":"https:\/\/www.neolife.com.tr\/#\/schema\/logo\/image\/","url":"https:\/\/www.neolife.com.tr\/wp-content\/uploads\/2021\/06\/Neolife-Logo.png","contentUrl":"https:\/\/www.neolife.com.tr\/wp-content\/uploads\/2021\/06\/Neolife-Logo.png","width":348,"height":92,"caption":"Neolife T\u0131p Merkezi"},"image":{"@id":"https:\/\/www.neolife.com.tr\/#\/schema\/logo\/image\/"},"sameAs":["https:\/\/www.facebook.com\/NeoLifeIstanbul\/","https:\/\/x.com\/NeoLifeIstanbul","https:\/\/www.linkedin.com\/company\/neolife-oncology-center\/?originalSubdomain=tr"]}]}},"_links":{"self":[{"href":"https:\/\/www.neolife.com.tr\/fr\/wp-json\/wp\/v2\/pages\/26859","targetHints":{"allow":["GET"]}}],"collection":[{"href":"https:\/\/www.neolife.com.tr\/fr\/wp-json\/wp\/v2\/pages"}],"about":[{"href":"https:\/\/www.neolife.com.tr\/fr\/wp-json\/wp\/v2\/types\/page"}],"author":[{"embeddable":true,"href":"https:\/\/www.neolife.com.tr\/fr\/wp-json\/wp\/v2\/users\/13"}],"replies":[{"embeddable":true,"href":"https:\/\/www.neolife.com.tr\/fr\/wp-json\/wp\/v2\/comments?post=26859"}],"version-history":[{"count":4,"href":"https:\/\/www.neolife.com.tr\/fr\/wp-json\/wp\/v2\/pages\/26859\/revisions"}],"predecessor-version":[{"id":26865,"href":"https:\/\/www.neolife.com.tr\/fr\/wp-json\/wp\/v2\/pages\/26859\/revisions\/26865"}],"wp:featuredmedia":[{"embeddable":true,"href":"https:\/\/www.neolife.com.tr\/fr\/wp-json\/wp\/v2\/media\/25703"}],"wp:attachment":[{"href":"https:\/\/www.neolife.com.tr\/fr\/wp-json\/wp\/v2\/media?parent=26859"}],"curies":[{"name":"wp","href":"https:\/\/api.w.org\/{rel}","templated":true}]}}