{"id":26817,"date":"2025-07-11T10:44:51","date_gmt":"2025-07-11T07:44:51","guid":{"rendered":"https:\/\/www.neolife.com.tr\/?page_id=26817"},"modified":"2025-07-11T10:47:54","modified_gmt":"2025-07-11T07:47:54","slug":"spec-dr-yusuf-ziya-benek","status":"publish","type":"page","link":"https:\/\/www.neolife.com.tr\/fr\/spec-dr-yusuf-ziya-benek\/","title":{"rendered":"Sp\u00e9c. Dr. Yusuf Ziya Benek"},"content":{"rendered":"\t\t<div data-elementor-type=\"wp-page\" data-elementor-id=\"26817\" class=\"elementor elementor-26817\" data-elementor-post-type=\"page\">\n\t\t\t\t\t\t<section class=\"elementor-section elementor-top-section elementor-element elementor-element-2a40d61 elementor-section-boxed elementor-section-height-default elementor-section-height-default\" data-id=\"2a40d61\" data-element_type=\"section\">\n\t\t\t\t\t\t<div class=\"elementor-container elementor-column-gap-default\">\n\t\t\t\t\t<div class=\"elementor-column elementor-col-50 elementor-top-column elementor-element elementor-element-5f3c786\" data-id=\"5f3c786\" data-element_type=\"column\">\n\t\t\t<div class=\"elementor-widget-wrap elementor-element-populated\">\n\t\t\t\t\t\t<section class=\"elementor-section elementor-inner-section elementor-element elementor-element-e04d392 elementor-section-boxed elementor-section-height-default elementor-section-height-default\" data-id=\"e04d392\" data-element_type=\"section\">\n\t\t\t\t\t\t<div class=\"elementor-container elementor-column-gap-default\">\n\t\t\t\t\t<div class=\"elementor-column elementor-col-50 elementor-inner-column elementor-element elementor-element-f7a9149\" data-id=\"f7a9149\" data-element_type=\"column\">\n\t\t\t<div class=\"elementor-widget-wrap elementor-element-populated\">\n\t\t\t\t\t\t<div class=\"elementor-element elementor-element-37b83e4 elementor-widget elementor-widget-image\" data-id=\"37b83e4\" data-element_type=\"widget\" data-widget_type=\"image.default\">\n\t\t\t\t<div class=\"elementor-widget-container\">\n\t\t\t\t\t\t\t\t\t\t\t\t\t\t\t<img fetchpriority=\"high\" decoding=\"async\" width=\"1024\" height=\"1024\" src=\"https:\/\/www.neolife.com.tr\/wp-content\/uploads\/2024\/09\/Yusuf-Ziya-Benek-256x256-min-1024x1024.jpg\" class=\"attachment-large size-large wp-image-21501\" alt=\"Yusuf Ziya Benek Radyoloji Uzman\u0131 Yusuf Ziya Benek radiology specialist\" srcset=\"https:\/\/www.neolife.com.tr\/wp-content\/uploads\/2024\/09\/Yusuf-Ziya-Benek-256x256-min-1024x1024.jpg 1024w, https:\/\/www.neolife.com.tr\/wp-content\/uploads\/2024\/09\/Yusuf-Ziya-Benek-256x256-min-300x300.jpg 300w, https:\/\/www.neolife.com.tr\/wp-content\/uploads\/2024\/09\/Yusuf-Ziya-Benek-256x256-min-150x150.jpg 150w, https:\/\/www.neolife.com.tr\/wp-content\/uploads\/2024\/09\/Yusuf-Ziya-Benek-256x256-min-768x768.jpg 768w, https:\/\/www.neolife.com.tr\/wp-content\/uploads\/2024\/09\/Yusuf-Ziya-Benek-256x256-min.jpg 1067w\" sizes=\"(max-width: 1024px) 100vw, 1024px\" \/>\t\t\t\t\t\t\t\t\t\t\t\t\t\t\t<\/div>\n\t\t\t\t<\/div>\n\t\t\t\t<div class=\"elementor-element elementor-element-f6f56a6 elementor-widget elementor-widget-heading\" data-id=\"f6f56a6\" data-element_type=\"widget\" data-widget_type=\"heading.default\">\n\t\t\t\t<div class=\"elementor-widget-container\">\n\t\t\t\t\t<h2 class=\"elementor-heading-title elementor-size-default\">Sp\u00e9cialiste en Radiologie<\/h2>\t\t\t\t<\/div>\n\t\t\t\t<\/div>\n\t\t\t\t\t<\/div>\n\t\t<\/div>\n\t\t\t\t<div class=\"elementor-column elementor-col-50 elementor-inner-column elementor-element elementor-element-b0d88ce\" data-id=\"b0d88ce\" data-element_type=\"column\">\n\t\t\t<div class=\"elementor-widget-wrap elementor-element-populated\">\n\t\t\t\t\t\t<div class=\"elementor-element elementor-element-a28621c elementor-widget elementor-widget-heading\" data-id=\"a28621c\" data-element_type=\"widget\" data-widget_type=\"heading.default\">\n\t\t\t\t<div class=\"elementor-widget-container\">\n\t\t\t\t\t<h2 class=\"elementor-heading-title elementor-size-default\">Sp\u00e9c. Dr. Yusuf Ziya Benek<\/h2>\t\t\t\t<\/div>\n\t\t\t\t<\/div>\n\t\t\t\t\t<\/div>\n\t\t<\/div>\n\t\t\t\t\t<\/div>\n\t\t<\/section>\n\t\t\t\t<div class=\"elementor-element elementor-element-bde6b75 elementor-widget-divider--view-line elementor-widget elementor-widget-divider\" data-id=\"bde6b75\" data-element_type=\"widget\" data-widget_type=\"divider.default\">\n\t\t\t\t<div class=\"elementor-widget-container\">\n\t\t\t\t\t\t\t<div class=\"elementor-divider\">\n\t\t\t<span class=\"elementor-divider-separator\">\n\t\t\t\t\t\t<\/span>\n\t\t<\/div>\n\t\t\t\t\t\t<\/div>\n\t\t\t\t<\/div>\n\t\t\t\t<div class=\"elementor-element elementor-element-4b89baa elementor-widget elementor-widget-heading\" data-id=\"4b89baa\" data-element_type=\"widget\" data-widget_type=\"heading.default\">\n\t\t\t\t<div class=\"elementor-widget-container\">\n\t\t\t\t\t<h2 class=\"elementor-heading-title elementor-size-default\">Centres d\u2019int\u00e9r\u00eat<\/h2>\t\t\t\t<\/div>\n\t\t\t\t<\/div>\n\t\t\t\t<div class=\"elementor-element elementor-element-237cc5a elementor-widget elementor-widget-text-editor\" data-id=\"237cc5a\" data-element_type=\"widget\" data-widget_type=\"text-editor.default\">\n\t\t\t\t<div class=\"elementor-widget-container\">\n\t\t\t\t\t\t\t\t\t<ul><li>Radiologie interventionnelle<\/li><li>Thyro\u00efde<\/li><li>Prostate<\/li><\/ul>\t\t\t\t\t\t\t\t<\/div>\n\t\t\t\t<\/div>\n\t\t\t\t<div class=\"elementor-element elementor-element-8edf697 elementor-widget elementor-widget-heading\" data-id=\"8edf697\" data-element_type=\"widget\" data-widget_type=\"heading.default\">\n\t\t\t\t<div class=\"elementor-widget-container\">\n\t\t\t\t\t<h2 class=\"elementor-heading-title elementor-size-default\">Formation<\/h2>\t\t\t\t<\/div>\n\t\t\t\t<\/div>\n\t\t\t\t<div class=\"elementor-element elementor-element-71c65b2 elementor-widget elementor-widget-text-editor\" data-id=\"71c65b2\" data-element_type=\"widget\" data-widget_type=\"text-editor.default\">\n\t\t\t\t<div class=\"elementor-widget-container\">\n\t\t\t\t\t\t\t\t\t<div id=\"text_block-173-5342\" class=\"ct-text-block doktor-text\"><p><strong>1980 \u2013 1986<br \/><\/strong>Facult\u00e9 de M\u00e9decine de l\u2019Universit\u00e9 d\u2019Istanbul &#8211; Cerrahpa\u015fa<\/p><p><strong>1976 \u2013 1980<\/strong><br \/>Lyc\u00e9e Kab Kabata\u015f Erkek<\/p><\/div>\t\t\t\t\t\t\t\t<\/div>\n\t\t\t\t<\/div>\n\t\t\t\t<div class=\"elementor-element elementor-element-d7eb9f7 elementor-widget elementor-widget-heading\" data-id=\"d7eb9f7\" data-element_type=\"widget\" data-widget_type=\"heading.default\">\n\t\t\t\t<div class=\"elementor-widget-container\">\n\t\t\t\t\t<h2 class=\"elementor-heading-title elementor-size-default\">Exp\u00e9rience professionnelle<\/h2>\t\t\t\t<\/div>\n\t\t\t\t<\/div>\n\t\t\t\t<div class=\"elementor-element elementor-element-a3745ea elementor-widget elementor-widget-text-editor\" data-id=\"a3745ea\" data-element_type=\"widget\" data-widget_type=\"text-editor.default\">\n\t\t\t\t<div class=\"elementor-widget-container\">\n\t\t\t\t\t\t\t\t\t<div id=\"text_block-177-5342\" class=\"ct-text-block doktor-text\"><ul><li>Centre M\u00e9dical Neolife<\/li><li>H\u00f4pital de l\u2019Universit\u00e9 Ba\u015fkent \u2013 Istanbul<\/li><li>H\u00f4pital de Formation et de Recherche S.B. Haydarpa\u015fa Numune<\/li><\/ul><\/div>\t\t\t\t\t\t\t\t<\/div>\n\t\t\t\t<\/div>\n\t\t\t\t<div class=\"elementor-element elementor-element-9b7f37d elementor-widget elementor-widget-heading\" data-id=\"9b7f37d\" data-element_type=\"widget\" data-widget_type=\"heading.default\">\n\t\t\t\t<div class=\"elementor-widget-container\">\n\t\t\t\t\t<h2 class=\"elementor-heading-title elementor-size-default\">Formations professionnelles<\/h2>\t\t\t\t<\/div>\n\t\t\t\t<\/div>\n\t\t\t\t<div class=\"elementor-element elementor-element-b650351 elementor-widget elementor-widget-text-editor\" data-id=\"b650351\" data-element_type=\"widget\" data-widget_type=\"text-editor.default\">\n\t\t\t\t<div class=\"elementor-widget-container\">\n\t\t\t\t\t\t\t\t\t<ul><li>Facult\u00e9 de M\u00e9decine de l\u2019Universit\u00e9 d\u2019Istanbul &#8211; Cerrahpa\u015fa (M\u00e9decine)<\/li><li>H\u00f4pital de Formation et de Recherche S.B. Haydarpa\u015fa Numune (Sp\u00e9cialisation en Radiologie)<\/li><li>Universit\u00e9 Anadolu \u2013 Facult\u00e9 d\u2019Enseignement Ouvert (Gestion des \u00e9tablissements de sant\u00e9)<\/li><\/ul>\t\t\t\t\t\t\t\t<\/div>\n\t\t\t\t<\/div>\n\t\t\t\t<div class=\"elementor-element elementor-element-7e1280a elementor-widget elementor-widget-heading\" data-id=\"7e1280a\" data-element_type=\"widget\" data-widget_type=\"heading.default\">\n\t\t\t\t<div class=\"elementor-widget-container\">\n\t\t\t\t\t<h2 class=\"elementor-heading-title elementor-size-default\">Adh\u00e9sions<\/h2>\t\t\t\t<\/div>\n\t\t\t\t<\/div>\n\t\t\t\t<div class=\"elementor-element elementor-element-cc6fb40 elementor-widget elementor-widget-text-editor\" data-id=\"cc6fb40\" data-element_type=\"widget\" data-widget_type=\"text-editor.default\">\n\t\t\t\t<div class=\"elementor-widget-container\">\n\t\t\t\t\t\t\t\t\t<ul><li>Ordre des M\u00e9decins d\u2019Istanbul<\/li><li>Soci\u00e9t\u00e9 de Radiologie d\u2019Istanbul\u00a0<\/li><\/ul>\t\t\t\t\t\t\t\t<\/div>\n\t\t\t\t<\/div>\n\t\t\t\t\t<\/div>\n\t\t<\/div>\n\t\t\t\t<div class=\"elementor-column elementor-col-50 elementor-top-column elementor-element elementor-element-d7e9231\" data-id=\"d7e9231\" data-element_type=\"column\">\n\t\t\t<div class=\"elementor-widget-wrap elementor-element-populated\">\n\t\t\t\t\t\t\t<\/div>\n\t\t<\/div>\n\t\t\t\t\t<\/div>\n\t\t<\/section>\n\t\t\t\t<\/div>\n\t\t","protected":false},"excerpt":{"rendered":"<p>Sp\u00e9cialiste en Radiologie Sp\u00e9c. Dr. Yusuf Ziya Benek Centres d\u2019int\u00e9r\u00eat Radiologie interventionnelle Thyro\u00efde Prostate Formation 1980 \u2013 1986Facult\u00e9 de M\u00e9decine de l\u2019Universit\u00e9 d\u2019Istanbul &#8211; Cerrahpa\u015fa 1976 \u2013 1980Lyc\u00e9e Kab Kabata\u015f Erkek Exp\u00e9rience professionnelle Centre M\u00e9dical Neolife H\u00f4pital de l\u2019Universit\u00e9 Ba\u015fkent \u2013 Istanbul H\u00f4pital de Formation et de Recherche S.B. Haydarpa\u015fa Numune Formations professionnelles Facult\u00e9 de [&hellip;]<\/p>\n","protected":false},"author":13,"featured_media":0,"parent":0,"menu_order":0,"comment_status":"closed","ping_status":"closed","template":"","meta":{"footnotes":""},"class_list":["post-26817","page","type-page","status-publish","hentry"],"yoast_head":"<!-- This site is optimized with the Yoast SEO plugin v22.5 - https:\/\/yoast.com\/wordpress\/plugins\/seo\/ -->\n<title>Sp\u00e9c. Dr. Yusuf Ziya Benek - Neolife T\u0131p Merkezi<\/title>\n<meta name=\"robots\" content=\"index, follow, max-snippet:-1, max-image-preview:large, max-video-preview:-1\" \/>\n<link rel=\"canonical\" href=\"https:\/\/www.neolife.com.tr\/fr\/spec-dr-yusuf-ziya-benek\/\" \/>\n<meta name=\"twitter:label1\" content=\"Dur\u00e9e de lecture estim\u00e9e\" \/>\n\t<meta name=\"twitter:data1\" content=\"17 minutes\" \/>\n<script type=\"application\/ld+json\" class=\"yoast-schema-graph\">{\"@context\":\"https:\/\/schema.org\",\"@graph\":[{\"@type\":\"WebPage\",\"@id\":\"https:\/\/www.neolife.com.tr\/fr\/spec-dr-yusuf-ziya-benek\/\",\"url\":\"https:\/\/www.neolife.com.tr\/fr\/spec-dr-yusuf-ziya-benek\/\",\"name\":\"Sp\u00e9c. Dr. Yusuf Ziya Benek - Neolife T\u0131p Merkezi\",\"isPartOf\":{\"@id\":\"https:\/\/www.neolife.com.tr\/#website\"},\"primaryImageOfPage\":{\"@id\":\"https:\/\/www.neolife.com.tr\/fr\/spec-dr-yusuf-ziya-benek\/#primaryimage\"},\"image\":{\"@id\":\"https:\/\/www.neolife.com.tr\/fr\/spec-dr-yusuf-ziya-benek\/#primaryimage\"},\"thumbnailUrl\":\"https:\/\/www.neolife.com.tr\/wp-content\/uploads\/2024\/09\/Yusuf-Ziya-Benek-256x256-min-1024x1024.jpg\",\"datePublished\":\"2025-07-11T07:44:51+00:00\",\"dateModified\":\"2025-07-11T07:47:54+00:00\",\"breadcrumb\":{\"@id\":\"https:\/\/www.neolife.com.tr\/fr\/spec-dr-yusuf-ziya-benek\/#breadcrumb\"},\"inLanguage\":\"fr-FR\",\"potentialAction\":[{\"@type\":\"ReadAction\",\"target\":[\"https:\/\/www.neolife.com.tr\/fr\/spec-dr-yusuf-ziya-benek\/\"]}]},{\"@type\":\"ImageObject\",\"inLanguage\":\"fr-FR\",\"@id\":\"https:\/\/www.neolife.com.tr\/fr\/spec-dr-yusuf-ziya-benek\/#primaryimage\",\"url\":\"https:\/\/www.neolife.com.tr\/wp-content\/uploads\/2024\/09\/Yusuf-Ziya-Benek-256x256-min-1024x1024.jpg\",\"contentUrl\":\"https:\/\/www.neolife.com.tr\/wp-content\/uploads\/2024\/09\/Yusuf-Ziya-Benek-256x256-min-1024x1024.jpg\"},{\"@type\":\"BreadcrumbList\",\"@id\":\"https:\/\/www.neolife.com.tr\/fr\/spec-dr-yusuf-ziya-benek\/#breadcrumb\",\"itemListElement\":[{\"@type\":\"ListItem\",\"position\":1,\"name\":\"Ana Sayfa\",\"item\":\"https:\/\/www.neolife.com.tr\/fr\/\"},{\"@type\":\"ListItem\",\"position\":2,\"name\":\"Sp\u00e9c. Dr. Yusuf Ziya Benek\"}]},{\"@type\":\"WebSite\",\"@id\":\"https:\/\/www.neolife.com.tr\/#website\",\"url\":\"https:\/\/www.neolife.com.tr\/\",\"name\":\"Neolife T\u0131p Merkezi\",\"description\":\"T\u00fcrkiye&#039;de kanser tedavisi - kanser te\u015fhisi ve tedavisi\",\"publisher\":{\"@id\":\"https:\/\/www.neolife.com.tr\/#organization\"},\"potentialAction\":[{\"@type\":\"SearchAction\",\"target\":{\"@type\":\"EntryPoint\",\"urlTemplate\":\"https:\/\/www.neolife.com.tr\/?s={search_term_string}\"},\"query-input\":\"required name=search_term_string\"}],\"inLanguage\":\"fr-FR\"},{\"@type\":\"Organization\",\"@id\":\"https:\/\/www.neolife.com.tr\/#organization\",\"name\":\"Neolife T\u0131p Merkezi\",\"url\":\"https:\/\/www.neolife.com.tr\/\",\"logo\":{\"@type\":\"ImageObject\",\"inLanguage\":\"fr-FR\",\"@id\":\"https:\/\/www.neolife.com.tr\/#\/schema\/logo\/image\/\",\"url\":\"https:\/\/www.neolife.com.tr\/wp-content\/uploads\/2021\/06\/Neolife-Logo.png\",\"contentUrl\":\"https:\/\/www.neolife.com.tr\/wp-content\/uploads\/2021\/06\/Neolife-Logo.png\",\"width\":348,\"height\":92,\"caption\":\"Neolife T\u0131p Merkezi\"},\"image\":{\"@id\":\"https:\/\/www.neolife.com.tr\/#\/schema\/logo\/image\/\"},\"sameAs\":[\"https:\/\/www.facebook.com\/NeoLifeIstanbul\/\",\"https:\/\/x.com\/NeoLifeIstanbul\",\"https:\/\/www.linkedin.com\/company\/neolife-oncology-center\/?originalSubdomain=tr\"]}]}<\/script>\n<!-- \/ Yoast SEO plugin. -->","yoast_head_json":{"title":"Sp\u00e9c. Dr. Yusuf Ziya Benek - Neolife T\u0131p Merkezi","robots":{"index":"index","follow":"follow","max-snippet":"max-snippet:-1","max-image-preview":"max-image-preview:large","max-video-preview":"max-video-preview:-1"},"canonical":"https:\/\/www.neolife.com.tr\/fr\/spec-dr-yusuf-ziya-benek\/","twitter_misc":{"Dur\u00e9e de lecture estim\u00e9e":"17 minutes"},"schema":{"@context":"https:\/\/schema.org","@graph":[{"@type":"WebPage","@id":"https:\/\/www.neolife.com.tr\/fr\/spec-dr-yusuf-ziya-benek\/","url":"https:\/\/www.neolife.com.tr\/fr\/spec-dr-yusuf-ziya-benek\/","name":"Sp\u00e9c. Dr. Yusuf Ziya Benek - Neolife T\u0131p Merkezi","isPartOf":{"@id":"https:\/\/www.neolife.com.tr\/#website"},"primaryImageOfPage":{"@id":"https:\/\/www.neolife.com.tr\/fr\/spec-dr-yusuf-ziya-benek\/#primaryimage"},"image":{"@id":"https:\/\/www.neolife.com.tr\/fr\/spec-dr-yusuf-ziya-benek\/#primaryimage"},"thumbnailUrl":"https:\/\/www.neolife.com.tr\/wp-content\/uploads\/2024\/09\/Yusuf-Ziya-Benek-256x256-min-1024x1024.jpg","datePublished":"2025-07-11T07:44:51+00:00","dateModified":"2025-07-11T07:47:54+00:00","breadcrumb":{"@id":"https:\/\/www.neolife.com.tr\/fr\/spec-dr-yusuf-ziya-benek\/#breadcrumb"},"inLanguage":"fr-FR","potentialAction":[{"@type":"ReadAction","target":["https:\/\/www.neolife.com.tr\/fr\/spec-dr-yusuf-ziya-benek\/"]}]},{"@type":"ImageObject","inLanguage":"fr-FR","@id":"https:\/\/www.neolife.com.tr\/fr\/spec-dr-yusuf-ziya-benek\/#primaryimage","url":"https:\/\/www.neolife.com.tr\/wp-content\/uploads\/2024\/09\/Yusuf-Ziya-Benek-256x256-min-1024x1024.jpg","contentUrl":"https:\/\/www.neolife.com.tr\/wp-content\/uploads\/2024\/09\/Yusuf-Ziya-Benek-256x256-min-1024x1024.jpg"},{"@type":"BreadcrumbList","@id":"https:\/\/www.neolife.com.tr\/fr\/spec-dr-yusuf-ziya-benek\/#breadcrumb","itemListElement":[{"@type":"ListItem","position":1,"name":"Ana Sayfa","item":"https:\/\/www.neolife.com.tr\/fr\/"},{"@type":"ListItem","position":2,"name":"Sp\u00e9c. Dr. Yusuf Ziya Benek"}]},{"@type":"WebSite","@id":"https:\/\/www.neolife.com.tr\/#website","url":"https:\/\/www.neolife.com.tr\/","name":"Neolife T\u0131p Merkezi","description":"T\u00fcrkiye&#039;de kanser tedavisi - kanser te\u015fhisi ve tedavisi","publisher":{"@id":"https:\/\/www.neolife.com.tr\/#organization"},"potentialAction":[{"@type":"SearchAction","target":{"@type":"EntryPoint","urlTemplate":"https:\/\/www.neolife.com.tr\/?s={search_term_string}"},"query-input":"required name=search_term_string"}],"inLanguage":"fr-FR"},{"@type":"Organization","@id":"https:\/\/www.neolife.com.tr\/#organization","name":"Neolife T\u0131p Merkezi","url":"https:\/\/www.neolife.com.tr\/","logo":{"@type":"ImageObject","inLanguage":"fr-FR","@id":"https:\/\/www.neolife.com.tr\/#\/schema\/logo\/image\/","url":"https:\/\/www.neolife.com.tr\/wp-content\/uploads\/2021\/06\/Neolife-Logo.png","contentUrl":"https:\/\/www.neolife.com.tr\/wp-content\/uploads\/2021\/06\/Neolife-Logo.png","width":348,"height":92,"caption":"Neolife T\u0131p Merkezi"},"image":{"@id":"https:\/\/www.neolife.com.tr\/#\/schema\/logo\/image\/"},"sameAs":["https:\/\/www.facebook.com\/NeoLifeIstanbul\/","https:\/\/x.com\/NeoLifeIstanbul","https:\/\/www.linkedin.com\/company\/neolife-oncology-center\/?originalSubdomain=tr"]}]}},"_links":{"self":[{"href":"https:\/\/www.neolife.com.tr\/fr\/wp-json\/wp\/v2\/pages\/26817","targetHints":{"allow":["GET"]}}],"collection":[{"href":"https:\/\/www.neolife.com.tr\/fr\/wp-json\/wp\/v2\/pages"}],"about":[{"href":"https:\/\/www.neolife.com.tr\/fr\/wp-json\/wp\/v2\/types\/page"}],"author":[{"embeddable":true,"href":"https:\/\/www.neolife.com.tr\/fr\/wp-json\/wp\/v2\/users\/13"}],"replies":[{"embeddable":true,"href":"https:\/\/www.neolife.com.tr\/fr\/wp-json\/wp\/v2\/comments?post=26817"}],"version-history":[{"count":4,"href":"https:\/\/www.neolife.com.tr\/fr\/wp-json\/wp\/v2\/pages\/26817\/revisions"}],"predecessor-version":[{"id":26822,"href":"https:\/\/www.neolife.com.tr\/fr\/wp-json\/wp\/v2\/pages\/26817\/revisions\/26822"}],"wp:attachment":[{"href":"https:\/\/www.neolife.com.tr\/fr\/wp-json\/wp\/v2\/media?parent=26817"}],"curies":[{"name":"wp","href":"https:\/\/api.w.org\/{rel}","templated":true}]}}