{"id":26055,"date":"2025-05-22T17:24:48","date_gmt":"2025-05-22T14:24:48","guid":{"rendered":"https:\/\/www.neolife.com.tr\/?page_id=26055"},"modified":"2025-09-17T10:58:15","modified_gmt":"2025-09-17T07:58:15","slug":"brachytherapiela-curietherapie","status":"publish","type":"page","link":"https:\/\/www.neolife.com.tr\/fr\/brachytherapiela-curietherapie\/","title":{"rendered":"Brachyth\u00e9rapie(La curieth\u00e9rapie )"},"content":{"rendered":"\t\t<div data-elementor-type=\"wp-page\" data-elementor-id=\"26055\" class=\"elementor elementor-26055\" data-elementor-post-type=\"page\">\n\t\t\t\t\t\t<section class=\"elementor-section elementor-top-section elementor-element elementor-element-4873a581 elementor-section-boxed elementor-section-height-default elementor-section-height-default\" data-id=\"4873a581\" data-element_type=\"section\">\n\t\t\t\t\t\t<div class=\"elementor-container elementor-column-gap-default\">\n\t\t\t\t\t<div class=\"elementor-column elementor-col-100 elementor-top-column elementor-element elementor-element-5155ab32\" data-id=\"5155ab32\" data-element_type=\"column\">\n\t\t\t<div class=\"elementor-widget-wrap elementor-element-populated\">\n\t\t\t\t\t\t<div class=\"elementor-element elementor-element-4490234 elementor-widget elementor-widget-image\" data-id=\"4490234\" data-element_type=\"widget\" data-widget_type=\"image.default\">\n\t\t\t\t<div class=\"elementor-widget-container\">\n\t\t\t\t\t\t\t\t\t\t\t\t\t\t\t<img fetchpriority=\"high\" decoding=\"async\" width=\"1024\" height=\"872\" src=\"https:\/\/www.neolife.com.tr\/wp-content\/uploads\/2024\/12\/IMG_6296-kopya-min-1024x872.jpg\" class=\"attachment-large size-large wp-image-22347\" alt=\"brachytherapy didem caracetin\" srcset=\"https:\/\/www.neolife.com.tr\/wp-content\/uploads\/2024\/12\/IMG_6296-kopya-min-1024x872.jpg 1024w, https:\/\/www.neolife.com.tr\/wp-content\/uploads\/2024\/12\/IMG_6296-kopya-min-300x255.jpg 300w, https:\/\/www.neolife.com.tr\/wp-content\/uploads\/2024\/12\/IMG_6296-kopya-min-768x654.jpg 768w, https:\/\/www.neolife.com.tr\/wp-content\/uploads\/2024\/12\/IMG_6296-kopya-min-1536x1308.jpg 1536w, https:\/\/www.neolife.com.tr\/wp-content\/uploads\/2024\/12\/IMG_6296-kopya-min-2048x1744.jpg 2048w\" sizes=\"(max-width: 1024px) 100vw, 1024px\" \/>\t\t\t\t\t\t\t\t\t\t\t\t\t\t\t<\/div>\n\t\t\t\t<\/div>\n\t\t\t\t<div class=\"elementor-element elementor-element-636bb742 elementor-widget elementor-widget-text-editor\" data-id=\"636bb742\" data-element_type=\"widget\" data-widget_type=\"text-editor.default\">\n\t\t\t\t<div class=\"elementor-widget-container\">\n\t\t\t\t\t\t\t\t\t<h3><strong>Brachytherapy Brachyth\u00e9rapie(La curieth\u00e9rapie )<\/strong><\/h3><p>La brachyth\u00e9rapie est un type de radioth\u00e9rapie qui utilise des sources radioactives plac\u00e9es \u00e0 l&rsquo;int\u00e9rieur ou \u00e0 proximit\u00e9 d&rsquo;une tumeur pour d\u00e9livrer des radiations directement \u00e0 la zone trait\u00e9e. Les sources de brachyth\u00e9rapie peuvent \u00eatre plac\u00e9es temporairement ou de fa\u00e7on permanente. Si elles sont plac\u00e9es temporairement, les sources sont retir\u00e9es apr\u00e8s le traitement, de sorte qu&rsquo;il n&rsquo;y a aucun risque d&rsquo;exposition aux radiations pour les autres.<\/p><h3>Comment la brachyth\u00e9rapie est-elle r\u00e9alis\u00e9e ?<\/h3><p>La brachyth\u00e9rapie est r\u00e9alis\u00e9e par une \u00e9quipe de radioth\u00e9rapeutes exp\u00e9riment\u00e9s, de physiciens m\u00e9dicaux et d&rsquo;infirmiers en radioth\u00e9rapie. Le radioth\u00e9rapeute \u00e9value le patient et d\u00e9termine le plan de traitement appropri\u00e9. Le physicien m\u00e9dical effectue ensuite les calculs d\u00e9taill\u00e9s du traitement. L&rsquo;infirmier en radioth\u00e9rapie fournit au patient des informations sur le traitement et les effets secondaires potentiels, et assiste lors de la proc\u00e9dure.<\/p>\t\t\t\t\t\t\t\t<\/div>\n\t\t\t\t<\/div>\n\t\t\t\t<div class=\"elementor-element elementor-element-d10014a elementor-widget elementor-widget-image\" data-id=\"d10014a\" data-element_type=\"widget\" data-widget_type=\"image.default\">\n\t\t\t\t<div class=\"elementor-widget-container\">\n\t\t\t\t\t\t\t\t\t\t\t\t\t\t\t<img decoding=\"async\" width=\"1024\" height=\"610\" src=\"https:\/\/www.neolife.com.tr\/wp-content\/uploads\/2024\/12\/04d53ab7-fb86-4f97-9a27-6c3fa3257055-kopya-1024x610.jpg\" class=\"attachment-large size-large wp-image-22289\" alt=\"Brachytherapy\" srcset=\"https:\/\/www.neolife.com.tr\/wp-content\/uploads\/2024\/12\/04d53ab7-fb86-4f97-9a27-6c3fa3257055-kopya-1024x610.jpg 1024w, https:\/\/www.neolife.com.tr\/wp-content\/uploads\/2024\/12\/04d53ab7-fb86-4f97-9a27-6c3fa3257055-kopya-300x179.jpg 300w, https:\/\/www.neolife.com.tr\/wp-content\/uploads\/2024\/12\/04d53ab7-fb86-4f97-9a27-6c3fa3257055-kopya-768x458.jpg 768w, https:\/\/www.neolife.com.tr\/wp-content\/uploads\/2024\/12\/04d53ab7-fb86-4f97-9a27-6c3fa3257055-kopya-1536x915.jpg 1536w, https:\/\/www.neolife.com.tr\/wp-content\/uploads\/2024\/12\/04d53ab7-fb86-4f97-9a27-6c3fa3257055-kopya-2048x1220.jpg 2048w\" sizes=\"(max-width: 1024px) 100vw, 1024px\" \/>\t\t\t\t\t\t\t\t\t\t\t\t\t\t\t<\/div>\n\t\t\t\t<\/div>\n\t\t\t\t<div class=\"elementor-element elementor-element-9cfeaaa elementor-widget elementor-widget-text-editor\" data-id=\"9cfeaaa\" data-element_type=\"widget\" data-widget_type=\"text-editor.default\">\n\t\t\t\t<div class=\"elementor-widget-container\">\n\t\t\t\t\t\t\t\t\t<p>Il existe deux principaux types de brachyth\u00e9rapie :<\/p><p>\u2022 Brachyth\u00e9rapie intracavitaire : Ce type de brachyth\u00e9rapie utilise des sources radioactives plac\u00e9es dans les cavit\u00e9s corporelles proches d&rsquo;une tumeur. Elle est le plus souvent utilis\u00e9e pour les cancers gyn\u00e9cologiques (comme les cancers du col de l&rsquo;ut\u00e9rus, de l&rsquo;ut\u00e9rus et du vagin) et le cancer du poumon.<br \/>\u2022 Brachyth\u00e9rapie interstitielle : Ce type de brachyth\u00e9rapie utilise des sources radioactives plac\u00e9es directement dans la tumeur ou les tissus environnants. Elle est le plus souvent utilis\u00e9e pour les cancers de la prostate, des tissus mous et du sein.<br \/>Il existe deux principales fa\u00e7ons d&rsquo;administrer la dose de radiation en brachyth\u00e9rapie :<br \/>\u2022 Brachyth\u00e9rapie \u00e0 haute dose (HDR) : Ce type de brachyth\u00e9rapie d\u00e9livre la dose de radiation rapidement et sur une courte p\u00e9riode de temps. C&rsquo;est le type de brachyth\u00e9rapie le plus courant. La radiation est d\u00e9livr\u00e9e par des cath\u00e9ters plac\u00e9s dans la tumeur ou dans la zone tumorale. Les traitements sont g\u00e9n\u00e9ralement administr\u00e9s une ou deux fois par semaine.<br \/>\u2022 Brachyth\u00e9rapie \u00e0 faible dose (LDR) : Ce type de brachyth\u00e9rapie d\u00e9livre la dose de radiation lentement et sur une p\u00e9riode plus longue. Le patient peut \u00eatre amen\u00e9 \u00e0 rester \u00e0 l&rsquo;h\u00f4pital pendant le traitement. Les traitements peuvent durer plusieurs jours ou semaines.<\/p>\t\t\t\t\t\t\t\t<\/div>\n\t\t\t\t<\/div>\n\t\t\t\t<div class=\"elementor-element elementor-element-7552e21 elementor-widget elementor-widget-image\" data-id=\"7552e21\" data-element_type=\"widget\" data-widget_type=\"image.default\">\n\t\t\t\t<div class=\"elementor-widget-container\">\n\t\t\t\t\t\t\t\t\t\t\t\t\t\t\t<img decoding=\"async\" width=\"1024\" height=\"353\" src=\"https:\/\/www.neolife.com.tr\/wp-content\/uploads\/2024\/12\/Brakiterapi_Nedir-1024x353.jpg\" class=\"attachment-large size-large wp-image-22310\" alt=\"What is Brachytherapy\" srcset=\"https:\/\/www.neolife.com.tr\/wp-content\/uploads\/2024\/12\/Brakiterapi_Nedir-1024x353.jpg 1024w, https:\/\/www.neolife.com.tr\/wp-content\/uploads\/2024\/12\/Brakiterapi_Nedir-300x103.jpg 300w, https:\/\/www.neolife.com.tr\/wp-content\/uploads\/2024\/12\/Brakiterapi_Nedir-768x265.jpg 768w, https:\/\/www.neolife.com.tr\/wp-content\/uploads\/2024\/12\/Brakiterapi_Nedir.jpg 1206w\" sizes=\"(max-width: 1024px) 100vw, 1024px\" \/>\t\t\t\t\t\t\t\t\t\t\t\t\t\t\t<\/div>\n\t\t\t\t<\/div>\n\t\t\t\t<div class=\"elementor-element elementor-element-0ab05cd elementor-widget elementor-widget-text-editor\" data-id=\"0ab05cd\" data-element_type=\"widget\" data-widget_type=\"text-editor.default\">\n\t\t\t\t<div class=\"elementor-widget-container\">\n\t\t\t\t\t\t\t\t\t<h3>Quels sont les effets secondaires de la brachyth\u00e9rapie ?<\/h3><div>Les effets secondaires de la brachyth\u00e9rapie varient en fonction du type de cancer trait\u00e9 et de la proc\u00e9dure de brachyth\u00e9rapie sp\u00e9cifique utilis\u00e9e. Les effets secondaires courants\u00a0<\/div><div>\u00a0<\/div><div>comprennent :<\/div><div>\u2022 Fatigue<br \/>\u2022 Irritation de la peau<br \/>\u2022 Naus\u00e9es et vomissements<br \/>\u2022 Diarrh\u00e9e<br \/>\u2022 Frequentation urinaire<br \/>\u2022 Irritation de la vessie<br \/>\u2022 Douleur<\/div><div>\u00a0<\/div><h3>Y a-t-il des pr\u00e9cautions particuli\u00e8res \u00e0 prendre apr\u00e8s la brachyth\u00e9rapie ?<\/h3><div>\u00a0<\/div><div>Les pr\u00e9cautions \u00e0 prendre apr\u00e8s la brachyth\u00e9rapie d\u00e9pendent du type de brachyth\u00e9rapie que vous avez re\u00e7u.<br \/>\u2022 Apr\u00e8s la brachyth\u00e9rapie HDR, vous pourrez rentrer chez vous le jour m\u00eame. Vous devrez \u00e9viter tout contact \u00e9troit avec les enfants et les femmes enceintes pendant 24 heures. Vous devrez \u00e9galement \u00e9viter de nager ou de prendre un bain pendant 24 heures.<br \/>\u2022 Apr\u00e8s la brachyth\u00e9rapie LDR, vous devrez peut-\u00eatre rester \u00e0 l&rsquo;h\u00f4pital pendant plusieurs jours ou semaines. Vous devrez \u00e9viter tout contact \u00e9troit avec les enfants et les femmes enceintes pendant la dur\u00e9e de votre s\u00e9jour. Vous devrez \u00e9galement porter un tablier ou une blouse en plomb pour prot\u00e9ger les autres de l&rsquo;exposition aux radiations.<br \/>Si vous envisagez une brachyth\u00e9rapie, ou si vous avez des questions ou des pr\u00e9occupations concernant ce type de traitement, contactez-nous pour obtenir un second avis.<\/div>\t\t\t\t\t\t\t\t<\/div>\n\t\t\t\t<\/div>\n\t\t\t\t\t<\/div>\n\t\t<\/div>\n\t\t\t\t\t<\/div>\n\t\t<\/section>\n\t\t\t\t<\/div>\n\t\t","protected":false},"excerpt":{"rendered":"<p>Brachytherapy Brachyth\u00e9rapie(La curieth\u00e9rapie ) La brachyth\u00e9rapie est un type de radioth\u00e9rapie qui utilise des sources radioactives plac\u00e9es \u00e0 l&rsquo;int\u00e9rieur ou \u00e0 proximit\u00e9 d&rsquo;une tumeur pour d\u00e9livrer des radiations directement \u00e0 la zone trait\u00e9e. Les sources de brachyth\u00e9rapie peuvent \u00eatre plac\u00e9es temporairement ou de fa\u00e7on permanente. Si elles sont plac\u00e9es temporairement, les sources sont retir\u00e9es apr\u00e8s [&hellip;]<\/p>\n","protected":false},"author":13,"featured_media":26057,"parent":0,"menu_order":0,"comment_status":"open","ping_status":"open","template":"","meta":{"footnotes":""},"class_list":["post-26055","page","type-page","status-publish","has-post-thumbnail","hentry"],"yoast_head":"<!-- This site is optimized with the Yoast SEO plugin v22.5 - https:\/\/yoast.com\/wordpress\/plugins\/seo\/ -->\n<title>Brachyth\u00e9rapie(La curieth\u00e9rapie ) - Neolife T\u0131p Merkezi<\/title>\n<meta name=\"robots\" content=\"index, follow, max-snippet:-1, max-image-preview:large, max-video-preview:-1\" \/>\n<link rel=\"canonical\" href=\"https:\/\/www.neolife.com.tr\/fr\/brachytherapiela-curietherapie\/\" \/>\n<meta name=\"twitter:label1\" content=\"Dur\u00e9e de lecture estim\u00e9e\" \/>\n\t<meta name=\"twitter:data1\" content=\"5 minutes\" \/>\n<script type=\"application\/ld+json\" class=\"yoast-schema-graph\">{\"@context\":\"https:\/\/schema.org\",\"@graph\":[{\"@type\":\"WebPage\",\"@id\":\"https:\/\/www.neolife.com.tr\/fr\/brachytherapiela-curietherapie\/\",\"url\":\"https:\/\/www.neolife.com.tr\/fr\/brachytherapiela-curietherapie\/\",\"name\":\"Brachyth\u00e9rapie(La curieth\u00e9rapie ) - Neolife T\u0131p Merkezi\",\"isPartOf\":{\"@id\":\"https:\/\/www.neolife.com.tr\/#website\"},\"primaryImageOfPage\":{\"@id\":\"https:\/\/www.neolife.com.tr\/fr\/brachytherapiela-curietherapie\/#primaryimage\"},\"image\":{\"@id\":\"https:\/\/www.neolife.com.tr\/fr\/brachytherapiela-curietherapie\/#primaryimage\"},\"thumbnailUrl\":\"https:\/\/www.neolife.com.tr\/wp-content\/uploads\/2016\/09\/brakiterapi-header.jpg\",\"datePublished\":\"2025-05-22T14:24:48+00:00\",\"dateModified\":\"2025-09-17T07:58:15+00:00\",\"breadcrumb\":{\"@id\":\"https:\/\/www.neolife.com.tr\/fr\/brachytherapiela-curietherapie\/#breadcrumb\"},\"inLanguage\":\"fr-FR\",\"potentialAction\":[{\"@type\":\"ReadAction\",\"target\":[\"https:\/\/www.neolife.com.tr\/fr\/brachytherapiela-curietherapie\/\"]}]},{\"@type\":\"ImageObject\",\"inLanguage\":\"fr-FR\",\"@id\":\"https:\/\/www.neolife.com.tr\/fr\/brachytherapiela-curietherapie\/#primaryimage\",\"url\":\"https:\/\/www.neolife.com.tr\/wp-content\/uploads\/2016\/09\/brakiterapi-header.jpg\",\"contentUrl\":\"https:\/\/www.neolife.com.tr\/wp-content\/uploads\/2016\/09\/brakiterapi-header.jpg\",\"width\":1206,\"height\":416},{\"@type\":\"BreadcrumbList\",\"@id\":\"https:\/\/www.neolife.com.tr\/fr\/brachytherapiela-curietherapie\/#breadcrumb\",\"itemListElement\":[{\"@type\":\"ListItem\",\"position\":1,\"name\":\"Ana Sayfa\",\"item\":\"https:\/\/www.neolife.com.tr\/fr\/\"},{\"@type\":\"ListItem\",\"position\":2,\"name\":\"Brachyth\u00e9rapie(La curieth\u00e9rapie )\"}]},{\"@type\":\"WebSite\",\"@id\":\"https:\/\/www.neolife.com.tr\/#website\",\"url\":\"https:\/\/www.neolife.com.tr\/\",\"name\":\"Neolife T\u0131p Merkezi\",\"description\":\"T\u00fcrkiye&#039;de kanser tedavisi - kanser te\u015fhisi ve tedavisi\",\"publisher\":{\"@id\":\"https:\/\/www.neolife.com.tr\/#organization\"},\"potentialAction\":[{\"@type\":\"SearchAction\",\"target\":{\"@type\":\"EntryPoint\",\"urlTemplate\":\"https:\/\/www.neolife.com.tr\/?s={search_term_string}\"},\"query-input\":\"required name=search_term_string\"}],\"inLanguage\":\"fr-FR\"},{\"@type\":\"Organization\",\"@id\":\"https:\/\/www.neolife.com.tr\/#organization\",\"name\":\"Neolife T\u0131p Merkezi\",\"url\":\"https:\/\/www.neolife.com.tr\/\",\"logo\":{\"@type\":\"ImageObject\",\"inLanguage\":\"fr-FR\",\"@id\":\"https:\/\/www.neolife.com.tr\/#\/schema\/logo\/image\/\",\"url\":\"https:\/\/www.neolife.com.tr\/wp-content\/uploads\/2021\/06\/Neolife-Logo.png\",\"contentUrl\":\"https:\/\/www.neolife.com.tr\/wp-content\/uploads\/2021\/06\/Neolife-Logo.png\",\"width\":348,\"height\":92,\"caption\":\"Neolife T\u0131p Merkezi\"},\"image\":{\"@id\":\"https:\/\/www.neolife.com.tr\/#\/schema\/logo\/image\/\"},\"sameAs\":[\"https:\/\/www.facebook.com\/NeoLifeIstanbul\/\",\"https:\/\/x.com\/NeoLifeIstanbul\",\"https:\/\/www.linkedin.com\/company\/neolife-oncology-center\/?originalSubdomain=tr\"]}]}<\/script>\n<!-- \/ Yoast SEO plugin. -->","yoast_head_json":{"title":"Brachyth\u00e9rapie(La curieth\u00e9rapie ) - Neolife T\u0131p Merkezi","robots":{"index":"index","follow":"follow","max-snippet":"max-snippet:-1","max-image-preview":"max-image-preview:large","max-video-preview":"max-video-preview:-1"},"canonical":"https:\/\/www.neolife.com.tr\/fr\/brachytherapiela-curietherapie\/","twitter_misc":{"Dur\u00e9e de lecture estim\u00e9e":"5 minutes"},"schema":{"@context":"https:\/\/schema.org","@graph":[{"@type":"WebPage","@id":"https:\/\/www.neolife.com.tr\/fr\/brachytherapiela-curietherapie\/","url":"https:\/\/www.neolife.com.tr\/fr\/brachytherapiela-curietherapie\/","name":"Brachyth\u00e9rapie(La curieth\u00e9rapie ) - Neolife T\u0131p Merkezi","isPartOf":{"@id":"https:\/\/www.neolife.com.tr\/#website"},"primaryImageOfPage":{"@id":"https:\/\/www.neolife.com.tr\/fr\/brachytherapiela-curietherapie\/#primaryimage"},"image":{"@id":"https:\/\/www.neolife.com.tr\/fr\/brachytherapiela-curietherapie\/#primaryimage"},"thumbnailUrl":"https:\/\/www.neolife.com.tr\/wp-content\/uploads\/2016\/09\/brakiterapi-header.jpg","datePublished":"2025-05-22T14:24:48+00:00","dateModified":"2025-09-17T07:58:15+00:00","breadcrumb":{"@id":"https:\/\/www.neolife.com.tr\/fr\/brachytherapiela-curietherapie\/#breadcrumb"},"inLanguage":"fr-FR","potentialAction":[{"@type":"ReadAction","target":["https:\/\/www.neolife.com.tr\/fr\/brachytherapiela-curietherapie\/"]}]},{"@type":"ImageObject","inLanguage":"fr-FR","@id":"https:\/\/www.neolife.com.tr\/fr\/brachytherapiela-curietherapie\/#primaryimage","url":"https:\/\/www.neolife.com.tr\/wp-content\/uploads\/2016\/09\/brakiterapi-header.jpg","contentUrl":"https:\/\/www.neolife.com.tr\/wp-content\/uploads\/2016\/09\/brakiterapi-header.jpg","width":1206,"height":416},{"@type":"BreadcrumbList","@id":"https:\/\/www.neolife.com.tr\/fr\/brachytherapiela-curietherapie\/#breadcrumb","itemListElement":[{"@type":"ListItem","position":1,"name":"Ana Sayfa","item":"https:\/\/www.neolife.com.tr\/fr\/"},{"@type":"ListItem","position":2,"name":"Brachyth\u00e9rapie(La curieth\u00e9rapie )"}]},{"@type":"WebSite","@id":"https:\/\/www.neolife.com.tr\/#website","url":"https:\/\/www.neolife.com.tr\/","name":"Neolife T\u0131p Merkezi","description":"T\u00fcrkiye&#039;de kanser tedavisi - kanser te\u015fhisi ve tedavisi","publisher":{"@id":"https:\/\/www.neolife.com.tr\/#organization"},"potentialAction":[{"@type":"SearchAction","target":{"@type":"EntryPoint","urlTemplate":"https:\/\/www.neolife.com.tr\/?s={search_term_string}"},"query-input":"required name=search_term_string"}],"inLanguage":"fr-FR"},{"@type":"Organization","@id":"https:\/\/www.neolife.com.tr\/#organization","name":"Neolife T\u0131p Merkezi","url":"https:\/\/www.neolife.com.tr\/","logo":{"@type":"ImageObject","inLanguage":"fr-FR","@id":"https:\/\/www.neolife.com.tr\/#\/schema\/logo\/image\/","url":"https:\/\/www.neolife.com.tr\/wp-content\/uploads\/2021\/06\/Neolife-Logo.png","contentUrl":"https:\/\/www.neolife.com.tr\/wp-content\/uploads\/2021\/06\/Neolife-Logo.png","width":348,"height":92,"caption":"Neolife T\u0131p Merkezi"},"image":{"@id":"https:\/\/www.neolife.com.tr\/#\/schema\/logo\/image\/"},"sameAs":["https:\/\/www.facebook.com\/NeoLifeIstanbul\/","https:\/\/x.com\/NeoLifeIstanbul","https:\/\/www.linkedin.com\/company\/neolife-oncology-center\/?originalSubdomain=tr"]}]}},"_links":{"self":[{"href":"https:\/\/www.neolife.com.tr\/fr\/wp-json\/wp\/v2\/pages\/26055","targetHints":{"allow":["GET"]}}],"collection":[{"href":"https:\/\/www.neolife.com.tr\/fr\/wp-json\/wp\/v2\/pages"}],"about":[{"href":"https:\/\/www.neolife.com.tr\/fr\/wp-json\/wp\/v2\/types\/page"}],"author":[{"embeddable":true,"href":"https:\/\/www.neolife.com.tr\/fr\/wp-json\/wp\/v2\/users\/13"}],"replies":[{"embeddable":true,"href":"https:\/\/www.neolife.com.tr\/fr\/wp-json\/wp\/v2\/comments?post=26055"}],"version-history":[{"count":11,"href":"https:\/\/www.neolife.com.tr\/fr\/wp-json\/wp\/v2\/pages\/26055\/revisions"}],"predecessor-version":[{"id":28641,"href":"https:\/\/www.neolife.com.tr\/fr\/wp-json\/wp\/v2\/pages\/26055\/revisions\/28641"}],"wp:featuredmedia":[{"embeddable":true,"href":"https:\/\/www.neolife.com.tr\/fr\/wp-json\/wp\/v2\/media\/26057"}],"wp:attachment":[{"href":"https:\/\/www.neolife.com.tr\/fr\/wp-json\/wp\/v2\/media?parent=26055"}],"curies":[{"name":"wp","href":"https:\/\/api.w.org\/{rel}","templated":true}]}}