{"id":25971,"date":"2025-05-21T15:30:11","date_gmt":"2025-05-21T12:30:11","guid":{"rendered":"https:\/\/www.neolife.com.tr\/?page_id=25971"},"modified":"2025-09-17T12:09:59","modified_gmt":"2025-09-17T09:09:59","slug":"check-up","status":"publish","type":"page","link":"https:\/\/www.neolife.com.tr\/fr\/check-up\/","title":{"rendered":"Check-Up"},"content":{"rendered":"<h3><strong>Bilan de sant\u00e9 (Check-Up) <\/strong><\/h3>\n<p>Prenez une longueur d\u2019avance sur les maladies gr\u00e2ce \u00e0 nos programmes de bilan de sant\u00e9, ne tardez pas\u2026<\/p>\n<p>Bien que nous sachions tous que nous devrions faire un bilan de sant\u00e9 \u00e0 intervalles r\u00e9guliers, nous avons tendance \u00e0 le reporter pour diverses raisons. Qu&rsquo;il s&rsquo;agisse d\u2019un manque de temps, de co\u00fbt ou de pens\u00e9es infond\u00e9es telles que \u00ab il ne m\u2019arrivera rien \u00bb, les bilans de sant\u00e9 doivent \u00eatre consid\u00e9r\u00e9s comme un investissement pour notre sant\u00e9 et notre avenir.<\/p>\n<p>Les probl\u00e8mes rencontr\u00e9s au quotidien peuvent \u00eatre le signe d\u2019un probl\u00e8me de sant\u00e9 futur. Vous pouvez ajouter des ann\u00e9es \u00e0 votre vie en consacrant simplement quelques heures \u00e0 vous-m\u00eame. Un bilan de sant\u00e9 une fois par an permet d\u2019identifier les causes sous-jacentes de vos troubles de sant\u00e9, vous permettant ainsi de recevoir un traitement appropri\u00e9.<\/p>\n<p>Les programmes de bilan de sant\u00e9 permettent de diagnostiquer de nombreuses maladies \u00e0 un stade pr\u00e9coce gr\u00e2ce aux techniques d\u2019imagerie avanc\u00e9es et aux analyses de laboratoire, ce qui permet d\u2019\u00e9liminer les maladies susceptibles d\u2019\u00e9voluer.<\/p>\n<h4><strong>Qu\u2019est-ce qu\u2019un Bilan de sant\u00e9 (Check-Up)?<\/strong><\/h4>\n<p>Le \u00ab check-up \u00bb, aussi appel\u00e9 \u00ab d\u00e9pistage de sant\u00e9 personnel \u00bb ou \u00ab bilan de sant\u00e9 g\u00e9n\u00e9ral p\u00e9riodique \u00bb, est un examen de sant\u00e9 que tout le monde devrait faire r\u00e9guli\u00e8rement, tous les ans, m\u00eame en l\u2019absence de probl\u00e8me m\u00e9dical. Ce programme a pour but de prot\u00e9ger la sant\u00e9, de d\u00e9tecter les risques de maladies \u00e0 un stade pr\u00e9coce et de commencer un traitement \u00e0 temps.<\/p>\n<h4><strong>Pourquoi faire Bilan de sant\u00e9 (Check-Up)?<\/strong><\/h4>\n<p>Le but d\u2019un check-up est de prendre des pr\u00e9cautions avant qu\u2019une maladie n\u2019apparaisse et de rester en bonne sant\u00e9.<\/p>\n<p>Si le check-up est repouss\u00e9 \u00e0 cause d\u2019un emploi du temps charg\u00e9 ou du manque de temps, de nombreux facteurs pouvant menacer la sant\u00e9 seront n\u00e9glig\u00e9s. C\u2019est pourquoi, en consacrant seulement quelques heures une fois par an, on peut pr\u00e9venir des risques potentiels qui se d\u00e9veloppent de mani\u00e8re silencieuse.<\/p>\n<h4><strong>Que faut-il prendre en compte avant Bilan de sant\u00e9 (Check-Up) ?<\/strong><\/h4>\n<p>Veuillez apporter vos anciens r\u00e9sultats d\u2019analyses.<\/p>\n<p>Vous devez absolument \u00eatre \u00e0 jeun. Ne mangez rien apr\u00e8s minuit la veille (vous pouvez seulement boire une quantit\u00e9 raisonnable d\u2019eau).<\/p>\n<p>Ne consommez pas d\u2019alcool dans les 24 heures pr\u00e9c\u00e9dant le check-up.<\/p>\n<p>Si vous \u00eates enceinte ou pensez l\u2019\u00eatre, informez votre m\u00e9decin.<\/p>\n<p>Si vous prenez des m\u00e9dicaments \u00e0 jeun, ne les prenez pas le jour du check-up.<\/p>\n<p>Les femmes ne doivent pas \u00eatre en p\u00e9riode de menstruation le jour du check-up.<\/p>\n<p>Consultez votre m\u00e9decin pour savoir si certains m\u00e9dicaments doivent \u00eatre arr\u00eat\u00e9s \u00e0 l\u2019avance.<\/p>\n<h4><strong>D\u00e9couvrez nos forfaits de check-up<\/strong><\/h4>\n<p><a href=\"https:\/\/www.neolife.com.tr\/wp-content\/uploads\/2025\/05\/Neo-Standard-MALE-.pdf\">Neo Check-Up Standard Homme<\/a><br \/>\n<a href=\"https:\/\/www.neolife.com.tr\/wp-content\/uploads\/2025\/05\/Neo-Standard-Female-.pdf\">Neo Check-Up Standard Femme \u00a0<\/a><\/p>\n<p><a href=\"https:\/\/www.neolife.com.tr\/wp-content\/uploads\/2025\/06\/Neo-Standard-Comphrensive-For-Male-.pdf\">Neo Check-Up Complet Homme<\/a><br \/>\n<a href=\"https:\/\/www.neolife.com.tr\/wp-content\/uploads\/2025\/06\/Neo-Standard-Comphrensive-For-Female-1-1.pdf\">Neo Check-Up Complet Femme<\/a><\/p>\n<p><a href=\"https:\/\/www.neolife.com.tr\/wp-content\/uploads\/2025\/06\/Neo-Metabolisme-Forfait-de-Bilan.pdf\">Neo Check-Up M\u00e9tabolisme<\/a><br \/>\n<a href=\"https:\/\/www.neolife.com.tr\/wp-content\/uploads\/2025\/06\/Systeme-Digestif-Neo.pdf\">Neo Check-Up Syst\u00e8me Digestif<\/a><br \/>\n<a href=\"https:\/\/www.neolife.com.tr\/wp-content\/uploads\/2025\/06\/Neo-Rhumatisme.pdf\">Neo Check-Up Rhumatisme<\/a><\/p>\n<p><a href=\"https:\/\/www.neolife.com.tr\/wp-content\/uploads\/2025\/06\/Neo-Anemie-Forfait-de-bilan-de-sante.pdf\">Neo Check-Up An\u00e9mie<\/a><\/p>\n<p><a href=\"https:\/\/www.neolife.com.tr\/wp-content\/uploads\/2025\/05\/Neo-Servical-Cancer.pdf\">Neo Check-Up Cancer du Col de l\u2019Ut\u00e9rus<\/a><\/p>\n<p><a href=\"https:\/\/www.neolife.com.tr\/wp-content\/uploads\/2025\/05\/Neo-Pre-Pregnancy-Check-Up-Package.pdf\">Neo Check-Up Pr\u00e9-Grossesse<\/a><br \/>\n<a href=\"https:\/\/www.neolife.com.tr\/wp-content\/uploads\/2025\/05\/Neo-Breast-Examnaton-woman-below-40-years.pdf\">Neo Check-Up Examen des Seins Femme de plus de 40 ans<\/a><br \/>\n<a href=\"https:\/\/www.neolife.com.tr\/wp-content\/uploads\/2025\/05\/Neo-Breast-ExamnatonPackage.pdf\">Neo Check-Up Examen des Seins Femme de moins de 40 ans<\/a><br \/>\n<a href=\"https:\/\/www.neolife.com.tr\/wp-content\/uploads\/2025\/05\/Neo-Thyrod-Check-Up.pdf\">Neo Forfaits Examen de la Thyro\u00efde<\/a><br \/>\n<a href=\"https:\/\/www.neolife.com.tr\/wp-content\/uploads\/2025\/05\/Neo-Female-STD.pdf\">Neo Check-Up IST Femme (Infections Sexuellement Transmissibles)<\/a><br \/>\n<a href=\"https:\/\/www.neolife.com.tr\/wp-content\/uploads\/2025\/06\/Neo-Male-Urology.pdf\">Neo Check-Up Urologie Homme<\/a><\/p>\n","protected":false},"excerpt":{"rendered":"<p>Bilan de sant\u00e9 (Check-Up) Prenez une longueur d\u2019avance sur les maladies gr\u00e2ce \u00e0 nos programmes de bilan de sant\u00e9, ne tardez pas\u2026 Bien que nous sachions tous que nous devrions faire un bilan de sant\u00e9 \u00e0 intervalles r\u00e9guliers, nous avons tendance \u00e0 le reporter pour diverses raisons. Qu&rsquo;il s&rsquo;agisse d\u2019un manque de temps, de co\u00fbt [&hellip;]<\/p>\n","protected":false},"author":13,"featured_media":25973,"parent":0,"menu_order":0,"comment_status":"open","ping_status":"open","template":"","meta":{"footnotes":""},"class_list":["post-25971","page","type-page","status-publish","has-post-thumbnail","hentry"],"yoast_head":"<!-- This site is optimized with the Yoast SEO plugin v22.5 - https:\/\/yoast.com\/wordpress\/plugins\/seo\/ -->\n<title>Check-Up - Neolife T\u0131p Merkezi<\/title>\n<meta name=\"robots\" content=\"index, follow, max-snippet:-1, max-image-preview:large, max-video-preview:-1\" \/>\n<link rel=\"canonical\" href=\"https:\/\/www.neolife.com.tr\/fr\/check-up\/\" \/>\n<meta name=\"twitter:label1\" content=\"Dur\u00e9e de lecture estim\u00e9e\" \/>\n\t<meta name=\"twitter:data1\" content=\"4 minutes\" \/>\n<script type=\"application\/ld+json\" class=\"yoast-schema-graph\">{\"@context\":\"https:\/\/schema.org\",\"@graph\":[{\"@type\":\"WebPage\",\"@id\":\"https:\/\/www.neolife.com.tr\/fr\/check-up\/\",\"url\":\"https:\/\/www.neolife.com.tr\/fr\/check-up\/\",\"name\":\"Check-Up - Neolife T\u0131p Merkezi\",\"isPartOf\":{\"@id\":\"https:\/\/www.neolife.com.tr\/#website\"},\"primaryImageOfPage\":{\"@id\":\"https:\/\/www.neolife.com.tr\/fr\/check-up\/#primaryimage\"},\"image\":{\"@id\":\"https:\/\/www.neolife.com.tr\/fr\/check-up\/#primaryimage\"},\"thumbnailUrl\":\"https:\/\/www.neolife.com.tr\/wp-content\/uploads\/2016\/09\/check-up-header.jpg\",\"datePublished\":\"2025-05-21T12:30:11+00:00\",\"dateModified\":\"2025-09-17T09:09:59+00:00\",\"breadcrumb\":{\"@id\":\"https:\/\/www.neolife.com.tr\/fr\/check-up\/#breadcrumb\"},\"inLanguage\":\"fr-FR\",\"potentialAction\":[{\"@type\":\"ReadAction\",\"target\":[\"https:\/\/www.neolife.com.tr\/fr\/check-up\/\"]}]},{\"@type\":\"ImageObject\",\"inLanguage\":\"fr-FR\",\"@id\":\"https:\/\/www.neolife.com.tr\/fr\/check-up\/#primaryimage\",\"url\":\"https:\/\/www.neolife.com.tr\/wp-content\/uploads\/2016\/09\/check-up-header.jpg\",\"contentUrl\":\"https:\/\/www.neolife.com.tr\/wp-content\/uploads\/2016\/09\/check-up-header.jpg\",\"width\":1206,\"height\":416},{\"@type\":\"BreadcrumbList\",\"@id\":\"https:\/\/www.neolife.com.tr\/fr\/check-up\/#breadcrumb\",\"itemListElement\":[{\"@type\":\"ListItem\",\"position\":1,\"name\":\"Ana Sayfa\",\"item\":\"https:\/\/www.neolife.com.tr\/fr\/\"},{\"@type\":\"ListItem\",\"position\":2,\"name\":\"Check-Up\"}]},{\"@type\":\"WebSite\",\"@id\":\"https:\/\/www.neolife.com.tr\/#website\",\"url\":\"https:\/\/www.neolife.com.tr\/\",\"name\":\"Neolife T\u0131p Merkezi\",\"description\":\"T\u00fcrkiye&#039;de kanser tedavisi - kanser te\u015fhisi ve tedavisi\",\"publisher\":{\"@id\":\"https:\/\/www.neolife.com.tr\/#organization\"},\"potentialAction\":[{\"@type\":\"SearchAction\",\"target\":{\"@type\":\"EntryPoint\",\"urlTemplate\":\"https:\/\/www.neolife.com.tr\/?s={search_term_string}\"},\"query-input\":\"required name=search_term_string\"}],\"inLanguage\":\"fr-FR\"},{\"@type\":\"Organization\",\"@id\":\"https:\/\/www.neolife.com.tr\/#organization\",\"name\":\"Neolife T\u0131p Merkezi\",\"url\":\"https:\/\/www.neolife.com.tr\/\",\"logo\":{\"@type\":\"ImageObject\",\"inLanguage\":\"fr-FR\",\"@id\":\"https:\/\/www.neolife.com.tr\/#\/schema\/logo\/image\/\",\"url\":\"https:\/\/www.neolife.com.tr\/wp-content\/uploads\/2021\/06\/Neolife-Logo.png\",\"contentUrl\":\"https:\/\/www.neolife.com.tr\/wp-content\/uploads\/2021\/06\/Neolife-Logo.png\",\"width\":348,\"height\":92,\"caption\":\"Neolife T\u0131p Merkezi\"},\"image\":{\"@id\":\"https:\/\/www.neolife.com.tr\/#\/schema\/logo\/image\/\"},\"sameAs\":[\"https:\/\/www.facebook.com\/NeoLifeIstanbul\/\",\"https:\/\/x.com\/NeoLifeIstanbul\",\"https:\/\/www.linkedin.com\/company\/neolife-oncology-center\/?originalSubdomain=tr\"]}]}<\/script>\n<!-- \/ Yoast SEO plugin. -->","yoast_head_json":{"title":"Check-Up - Neolife T\u0131p Merkezi","robots":{"index":"index","follow":"follow","max-snippet":"max-snippet:-1","max-image-preview":"max-image-preview:large","max-video-preview":"max-video-preview:-1"},"canonical":"https:\/\/www.neolife.com.tr\/fr\/check-up\/","twitter_misc":{"Dur\u00e9e de lecture estim\u00e9e":"4 minutes"},"schema":{"@context":"https:\/\/schema.org","@graph":[{"@type":"WebPage","@id":"https:\/\/www.neolife.com.tr\/fr\/check-up\/","url":"https:\/\/www.neolife.com.tr\/fr\/check-up\/","name":"Check-Up - Neolife T\u0131p Merkezi","isPartOf":{"@id":"https:\/\/www.neolife.com.tr\/#website"},"primaryImageOfPage":{"@id":"https:\/\/www.neolife.com.tr\/fr\/check-up\/#primaryimage"},"image":{"@id":"https:\/\/www.neolife.com.tr\/fr\/check-up\/#primaryimage"},"thumbnailUrl":"https:\/\/www.neolife.com.tr\/wp-content\/uploads\/2016\/09\/check-up-header.jpg","datePublished":"2025-05-21T12:30:11+00:00","dateModified":"2025-09-17T09:09:59+00:00","breadcrumb":{"@id":"https:\/\/www.neolife.com.tr\/fr\/check-up\/#breadcrumb"},"inLanguage":"fr-FR","potentialAction":[{"@type":"ReadAction","target":["https:\/\/www.neolife.com.tr\/fr\/check-up\/"]}]},{"@type":"ImageObject","inLanguage":"fr-FR","@id":"https:\/\/www.neolife.com.tr\/fr\/check-up\/#primaryimage","url":"https:\/\/www.neolife.com.tr\/wp-content\/uploads\/2016\/09\/check-up-header.jpg","contentUrl":"https:\/\/www.neolife.com.tr\/wp-content\/uploads\/2016\/09\/check-up-header.jpg","width":1206,"height":416},{"@type":"BreadcrumbList","@id":"https:\/\/www.neolife.com.tr\/fr\/check-up\/#breadcrumb","itemListElement":[{"@type":"ListItem","position":1,"name":"Ana Sayfa","item":"https:\/\/www.neolife.com.tr\/fr\/"},{"@type":"ListItem","position":2,"name":"Check-Up"}]},{"@type":"WebSite","@id":"https:\/\/www.neolife.com.tr\/#website","url":"https:\/\/www.neolife.com.tr\/","name":"Neolife T\u0131p Merkezi","description":"T\u00fcrkiye&#039;de kanser tedavisi - kanser te\u015fhisi ve tedavisi","publisher":{"@id":"https:\/\/www.neolife.com.tr\/#organization"},"potentialAction":[{"@type":"SearchAction","target":{"@type":"EntryPoint","urlTemplate":"https:\/\/www.neolife.com.tr\/?s={search_term_string}"},"query-input":"required name=search_term_string"}],"inLanguage":"fr-FR"},{"@type":"Organization","@id":"https:\/\/www.neolife.com.tr\/#organization","name":"Neolife T\u0131p Merkezi","url":"https:\/\/www.neolife.com.tr\/","logo":{"@type":"ImageObject","inLanguage":"fr-FR","@id":"https:\/\/www.neolife.com.tr\/#\/schema\/logo\/image\/","url":"https:\/\/www.neolife.com.tr\/wp-content\/uploads\/2021\/06\/Neolife-Logo.png","contentUrl":"https:\/\/www.neolife.com.tr\/wp-content\/uploads\/2021\/06\/Neolife-Logo.png","width":348,"height":92,"caption":"Neolife T\u0131p Merkezi"},"image":{"@id":"https:\/\/www.neolife.com.tr\/#\/schema\/logo\/image\/"},"sameAs":["https:\/\/www.facebook.com\/NeoLifeIstanbul\/","https:\/\/x.com\/NeoLifeIstanbul","https:\/\/www.linkedin.com\/company\/neolife-oncology-center\/?originalSubdomain=tr"]}]}},"_links":{"self":[{"href":"https:\/\/www.neolife.com.tr\/fr\/wp-json\/wp\/v2\/pages\/25971","targetHints":{"allow":["GET"]}}],"collection":[{"href":"https:\/\/www.neolife.com.tr\/fr\/wp-json\/wp\/v2\/pages"}],"about":[{"href":"https:\/\/www.neolife.com.tr\/fr\/wp-json\/wp\/v2\/types\/page"}],"author":[{"embeddable":true,"href":"https:\/\/www.neolife.com.tr\/fr\/wp-json\/wp\/v2\/users\/13"}],"replies":[{"embeddable":true,"href":"https:\/\/www.neolife.com.tr\/fr\/wp-json\/wp\/v2\/comments?post=25971"}],"version-history":[{"count":30,"href":"https:\/\/www.neolife.com.tr\/fr\/wp-json\/wp\/v2\/pages\/25971\/revisions"}],"predecessor-version":[{"id":28709,"href":"https:\/\/www.neolife.com.tr\/fr\/wp-json\/wp\/v2\/pages\/25971\/revisions\/28709"}],"wp:featuredmedia":[{"embeddable":true,"href":"https:\/\/www.neolife.com.tr\/fr\/wp-json\/wp\/v2\/media\/25973"}],"wp:attachment":[{"href":"https:\/\/www.neolife.com.tr\/fr\/wp-json\/wp\/v2\/media?parent=25971"}],"curies":[{"name":"wp","href":"https:\/\/api.w.org\/{rel}","templated":true}]}}