{"id":25772,"date":"2025-05-09T17:54:00","date_gmt":"2025-05-09T14:54:00","guid":{"rendered":"https:\/\/www.neolife.com.tr\/?page_id=25772"},"modified":"2025-09-17T13:24:10","modified_gmt":"2025-09-17T10:24:10","slug":"irm-prostat-multiparametrique","status":"publish","type":"page","link":"https:\/\/www.neolife.com.tr\/fr\/irm-prostat-multiparametrique\/","title":{"rendered":"IRM Prostat Multiparam\u00e9trique"},"content":{"rendered":"<p><img fetchpriority=\"high\" decoding=\"async\" src=\"https:\/\/www.neolife.com.tr\/wp-content\/uploads\/2022\/06\/Multiparametric_prostate_mri.jpg\" alt=\"\" width=\"1000\" height=\"345\" \/><\/p>\n<p><strong>Qu&rsquo;est-ce que l&rsquo;IRM Prostat Multiparam\u00e9trique 3 Tesla Assist\u00e9e par Intelligence Artificielle ?<\/strong><\/p>\n<p>L&rsquo;IRM Prostat Multiparam\u00e9trique 3 Tesla Assist\u00e9e par Intelligence Artificielle est un examen d&rsquo;imagerie par IRM non invasif et tr\u00e8s pr\u00e9cis pour le diagnostic du cancer de la prostate. Dans le monde et dans notre pays, environ 1 homme sur 6 sera atteint du cancer de la prostate au cours de sa vie. Le cancer de la prostate est le deuxi\u00e8me cancer le plus courant chez les hommes. C&rsquo;est pourquoi l&rsquo;IRM Prostat Multiparam\u00e9trique Assist\u00e9e par Intelligence Artificielle joue un r\u00f4le crucial dans la d\u00e9tection du cancer de la prostate. Elle permet non seulement de visualiser l&rsquo;anatomie et les fonctions de la glande prostatique, mais elle est \u00e9galement utilis\u00e9e comme un guide pr\u00e9cieux pour la d\u00e9tection et le stadification du cancer de la prostate. Dans notre centre, l&rsquo;examen Multiparam\u00e9trique de la prostate est r\u00e9alis\u00e9 \u00e0 l&rsquo;aide de l&rsquo;appareil IRM Multiparam\u00e9trique Assist\u00e9 par Intelligence Artificielle sous la direction du Dr. \u00dcmit T\u00fcz\u00fcn. Vous pouvez obtenir des informations d\u00e9taill\u00e9es sur l&rsquo;IRM de la prostate gr\u00e2ce \u00e0 l&rsquo;expertise du Dr. \u00dcmit T\u00fcz\u00fcn.<\/p>\n<p><strong>Pourquoi l&rsquo;IRM Prostat Multiparam\u00e9trique 3 Tesla Assist\u00e9e par Intelligence Artificielle est-elle r\u00e9alis\u00e9e ?<\/strong><\/p>\n<p>Chaque ann\u00e9e, plus de 300 000 hommes dans le monde meurent du cancer de la prostate. L&rsquo;IRM Prostat Multiparam\u00e9trique est privil\u00e9gi\u00e9e car elle est non seulement la m\u00e9thode la plus pr\u00e9cise pour d\u00e9tecter le cancer de la prostate, mais aussi la m\u00e9thode de diagnostic qui permet de d\u00e9tecter le cancer de la prostate \u00e0 ses stades les plus pr\u00e9coces.<\/p>\n<p><strong>\u00c0 qui est destin\u00e9e l&rsquo;IRM Multiparam\u00e9trique ?<\/strong><\/p>\n<p>L&rsquo;IRM Prostat Multiparam\u00e9trique 3 Tesla Assist\u00e9e par Intelligence Artificielle est r\u00e9alis\u00e9e pour les patients pr\u00e9sentant des suspicions cliniques de cancer de la prostate, pour ceux qui sont en suivi apr\u00e8s un cancer de la prostate, ainsi que pour ceux qui pr\u00e9sentent une suspicion clinique de cancer de la prostate malgr\u00e9 un r\u00e9sultat de biopsie n\u00e9gatif. Elle permet la d\u00e9tection de tumeurs dans la prostate ou prouve l&rsquo;absence de tumeurs avant de r\u00e9aliser une biopsie prostatique.<\/p>\n<p><strong>Quelle est l&rsquo;importance de l&rsquo;IRM Prostat Multiparam\u00e9trique ?<\/strong><\/p>\n<p>\u25cf Il s&rsquo;agit de la m\u00e9thode de diagnostic la plus pr\u00e9cise pour d\u00e9tecter le cancer de la prostate \u00e0 un stade pr\u00e9coce.<br \/>\n\u25cf Les images obtenues lors de l&rsquo;IRM Prostat Multiparam\u00e9trique permettent de localiser les anomalies et de guider la biopsie prostatique.<br \/>\n\u25cf Elle permet un diagnostic pr\u00e9coce du cancer de la prostate chez les hommes ayant des ant\u00e9c\u00e9dents familiaux de cancer de la prostate.<br \/>\n\u25cf Un diagnostic pr\u00e9coce du cancer de la prostate est possible chez les hommes \u00e0 haut risque avec des valeurs de PSA \u00e9lev\u00e9es.<\/p>\n<p><strong>Examen de l&rsquo;IRM Prostat Multiparam\u00e9trique et pr\u00e9paration<\/strong><\/p>\n<p>Avant l&rsquo;examen, il est conseill\u00e9 au patient de satisfaire ses besoins sanitaires et de r\u00e9duire les mouvements intestinaux en suivant un r\u00e9gime liquide un jour avant l&rsquo;examen. Comme pour les autres examens IRM, cet examen ne pr\u00e9sente aucun risque pour la sant\u00e9 humaine. Apr\u00e8s l&rsquo;examen, vous pouvez imm\u00e9diatement reprendre votre vie quotidienne.<\/p>\n","protected":false},"excerpt":{"rendered":"<p>Qu&rsquo;est-ce que l&rsquo;IRM Prostat Multiparam\u00e9trique 3 Tesla Assist\u00e9e par Intelligence Artificielle ? L&rsquo;IRM Prostat Multiparam\u00e9trique 3 Tesla Assist\u00e9e par Intelligence Artificielle est un examen d&rsquo;imagerie par IRM non invasif et tr\u00e8s pr\u00e9cis pour le diagnostic du cancer de la prostate. Dans le monde et dans notre pays, environ 1 homme sur 6 sera atteint du [&hellip;]<\/p>\n","protected":false},"author":13,"featured_media":25774,"parent":0,"menu_order":0,"comment_status":"open","ping_status":"open","template":"","meta":{"footnotes":""},"class_list":["post-25772","page","type-page","status-publish","has-post-thumbnail","hentry"],"yoast_head":"<!-- This site is optimized with the Yoast SEO plugin v22.5 - https:\/\/yoast.com\/wordpress\/plugins\/seo\/ -->\n<title>IRM Prostat Multiparam\u00e9trique - Neolife T\u0131p Merkezi<\/title>\n<meta name=\"robots\" content=\"index, follow, max-snippet:-1, max-image-preview:large, max-video-preview:-1\" \/>\n<link rel=\"canonical\" href=\"https:\/\/www.neolife.com.tr\/fr\/irm-prostat-multiparametrique\/\" \/>\n<meta name=\"twitter:label1\" content=\"Dur\u00e9e de lecture estim\u00e9e\" \/>\n\t<meta name=\"twitter:data1\" content=\"4 minutes\" \/>\n<script type=\"application\/ld+json\" class=\"yoast-schema-graph\">{\"@context\":\"https:\/\/schema.org\",\"@graph\":[{\"@type\":\"WebPage\",\"@id\":\"https:\/\/www.neolife.com.tr\/fr\/irm-prostat-multiparametrique\/\",\"url\":\"https:\/\/www.neolife.com.tr\/fr\/irm-prostat-multiparametrique\/\",\"name\":\"IRM Prostat Multiparam\u00e9trique - Neolife T\u0131p Merkezi\",\"isPartOf\":{\"@id\":\"https:\/\/www.neolife.com.tr\/#website\"},\"primaryImageOfPage\":{\"@id\":\"https:\/\/www.neolife.com.tr\/fr\/irm-prostat-multiparametrique\/#primaryimage\"},\"image\":{\"@id\":\"https:\/\/www.neolife.com.tr\/fr\/irm-prostat-multiparametrique\/#primaryimage\"},\"thumbnailUrl\":\"https:\/\/www.neolife.com.tr\/wp-content\/uploads\/2022\/04\/Multiparametrik_Prostat_MR_OCG.png\",\"datePublished\":\"2025-05-09T14:54:00+00:00\",\"dateModified\":\"2025-09-17T10:24:10+00:00\",\"breadcrumb\":{\"@id\":\"https:\/\/www.neolife.com.tr\/fr\/irm-prostat-multiparametrique\/#breadcrumb\"},\"inLanguage\":\"fr-FR\",\"potentialAction\":[{\"@type\":\"ReadAction\",\"target\":[\"https:\/\/www.neolife.com.tr\/fr\/irm-prostat-multiparametrique\/\"]}]},{\"@type\":\"ImageObject\",\"inLanguage\":\"fr-FR\",\"@id\":\"https:\/\/www.neolife.com.tr\/fr\/irm-prostat-multiparametrique\/#primaryimage\",\"url\":\"https:\/\/www.neolife.com.tr\/wp-content\/uploads\/2022\/04\/Multiparametrik_Prostat_MR_OCG.png\",\"contentUrl\":\"https:\/\/www.neolife.com.tr\/wp-content\/uploads\/2022\/04\/Multiparametrik_Prostat_MR_OCG.png\",\"width\":600,\"height\":600},{\"@type\":\"BreadcrumbList\",\"@id\":\"https:\/\/www.neolife.com.tr\/fr\/irm-prostat-multiparametrique\/#breadcrumb\",\"itemListElement\":[{\"@type\":\"ListItem\",\"position\":1,\"name\":\"Ana Sayfa\",\"item\":\"https:\/\/www.neolife.com.tr\/fr\/\"},{\"@type\":\"ListItem\",\"position\":2,\"name\":\"IRM Prostat Multiparam\u00e9trique\"}]},{\"@type\":\"WebSite\",\"@id\":\"https:\/\/www.neolife.com.tr\/#website\",\"url\":\"https:\/\/www.neolife.com.tr\/\",\"name\":\"Neolife T\u0131p Merkezi\",\"description\":\"T\u00fcrkiye&#039;de kanser tedavisi - kanser te\u015fhisi ve tedavisi\",\"publisher\":{\"@id\":\"https:\/\/www.neolife.com.tr\/#organization\"},\"potentialAction\":[{\"@type\":\"SearchAction\",\"target\":{\"@type\":\"EntryPoint\",\"urlTemplate\":\"https:\/\/www.neolife.com.tr\/?s={search_term_string}\"},\"query-input\":\"required name=search_term_string\"}],\"inLanguage\":\"fr-FR\"},{\"@type\":\"Organization\",\"@id\":\"https:\/\/www.neolife.com.tr\/#organization\",\"name\":\"Neolife T\u0131p Merkezi\",\"url\":\"https:\/\/www.neolife.com.tr\/\",\"logo\":{\"@type\":\"ImageObject\",\"inLanguage\":\"fr-FR\",\"@id\":\"https:\/\/www.neolife.com.tr\/#\/schema\/logo\/image\/\",\"url\":\"https:\/\/www.neolife.com.tr\/wp-content\/uploads\/2021\/06\/Neolife-Logo.png\",\"contentUrl\":\"https:\/\/www.neolife.com.tr\/wp-content\/uploads\/2021\/06\/Neolife-Logo.png\",\"width\":348,\"height\":92,\"caption\":\"Neolife T\u0131p Merkezi\"},\"image\":{\"@id\":\"https:\/\/www.neolife.com.tr\/#\/schema\/logo\/image\/\"},\"sameAs\":[\"https:\/\/www.facebook.com\/NeoLifeIstanbul\/\",\"https:\/\/x.com\/NeoLifeIstanbul\",\"https:\/\/www.linkedin.com\/company\/neolife-oncology-center\/?originalSubdomain=tr\"]}]}<\/script>\n<!-- \/ Yoast SEO plugin. -->","yoast_head_json":{"title":"IRM Prostat Multiparam\u00e9trique - Neolife T\u0131p Merkezi","robots":{"index":"index","follow":"follow","max-snippet":"max-snippet:-1","max-image-preview":"max-image-preview:large","max-video-preview":"max-video-preview:-1"},"canonical":"https:\/\/www.neolife.com.tr\/fr\/irm-prostat-multiparametrique\/","twitter_misc":{"Dur\u00e9e de lecture estim\u00e9e":"4 minutes"},"schema":{"@context":"https:\/\/schema.org","@graph":[{"@type":"WebPage","@id":"https:\/\/www.neolife.com.tr\/fr\/irm-prostat-multiparametrique\/","url":"https:\/\/www.neolife.com.tr\/fr\/irm-prostat-multiparametrique\/","name":"IRM Prostat Multiparam\u00e9trique - Neolife T\u0131p Merkezi","isPartOf":{"@id":"https:\/\/www.neolife.com.tr\/#website"},"primaryImageOfPage":{"@id":"https:\/\/www.neolife.com.tr\/fr\/irm-prostat-multiparametrique\/#primaryimage"},"image":{"@id":"https:\/\/www.neolife.com.tr\/fr\/irm-prostat-multiparametrique\/#primaryimage"},"thumbnailUrl":"https:\/\/www.neolife.com.tr\/wp-content\/uploads\/2022\/04\/Multiparametrik_Prostat_MR_OCG.png","datePublished":"2025-05-09T14:54:00+00:00","dateModified":"2025-09-17T10:24:10+00:00","breadcrumb":{"@id":"https:\/\/www.neolife.com.tr\/fr\/irm-prostat-multiparametrique\/#breadcrumb"},"inLanguage":"fr-FR","potentialAction":[{"@type":"ReadAction","target":["https:\/\/www.neolife.com.tr\/fr\/irm-prostat-multiparametrique\/"]}]},{"@type":"ImageObject","inLanguage":"fr-FR","@id":"https:\/\/www.neolife.com.tr\/fr\/irm-prostat-multiparametrique\/#primaryimage","url":"https:\/\/www.neolife.com.tr\/wp-content\/uploads\/2022\/04\/Multiparametrik_Prostat_MR_OCG.png","contentUrl":"https:\/\/www.neolife.com.tr\/wp-content\/uploads\/2022\/04\/Multiparametrik_Prostat_MR_OCG.png","width":600,"height":600},{"@type":"BreadcrumbList","@id":"https:\/\/www.neolife.com.tr\/fr\/irm-prostat-multiparametrique\/#breadcrumb","itemListElement":[{"@type":"ListItem","position":1,"name":"Ana Sayfa","item":"https:\/\/www.neolife.com.tr\/fr\/"},{"@type":"ListItem","position":2,"name":"IRM Prostat Multiparam\u00e9trique"}]},{"@type":"WebSite","@id":"https:\/\/www.neolife.com.tr\/#website","url":"https:\/\/www.neolife.com.tr\/","name":"Neolife T\u0131p Merkezi","description":"T\u00fcrkiye&#039;de kanser tedavisi - kanser te\u015fhisi ve tedavisi","publisher":{"@id":"https:\/\/www.neolife.com.tr\/#organization"},"potentialAction":[{"@type":"SearchAction","target":{"@type":"EntryPoint","urlTemplate":"https:\/\/www.neolife.com.tr\/?s={search_term_string}"},"query-input":"required name=search_term_string"}],"inLanguage":"fr-FR"},{"@type":"Organization","@id":"https:\/\/www.neolife.com.tr\/#organization","name":"Neolife T\u0131p Merkezi","url":"https:\/\/www.neolife.com.tr\/","logo":{"@type":"ImageObject","inLanguage":"fr-FR","@id":"https:\/\/www.neolife.com.tr\/#\/schema\/logo\/image\/","url":"https:\/\/www.neolife.com.tr\/wp-content\/uploads\/2021\/06\/Neolife-Logo.png","contentUrl":"https:\/\/www.neolife.com.tr\/wp-content\/uploads\/2021\/06\/Neolife-Logo.png","width":348,"height":92,"caption":"Neolife T\u0131p Merkezi"},"image":{"@id":"https:\/\/www.neolife.com.tr\/#\/schema\/logo\/image\/"},"sameAs":["https:\/\/www.facebook.com\/NeoLifeIstanbul\/","https:\/\/x.com\/NeoLifeIstanbul","https:\/\/www.linkedin.com\/company\/neolife-oncology-center\/?originalSubdomain=tr"]}]}},"_links":{"self":[{"href":"https:\/\/www.neolife.com.tr\/fr\/wp-json\/wp\/v2\/pages\/25772","targetHints":{"allow":["GET"]}}],"collection":[{"href":"https:\/\/www.neolife.com.tr\/fr\/wp-json\/wp\/v2\/pages"}],"about":[{"href":"https:\/\/www.neolife.com.tr\/fr\/wp-json\/wp\/v2\/types\/page"}],"author":[{"embeddable":true,"href":"https:\/\/www.neolife.com.tr\/fr\/wp-json\/wp\/v2\/users\/13"}],"replies":[{"embeddable":true,"href":"https:\/\/www.neolife.com.tr\/fr\/wp-json\/wp\/v2\/comments?post=25772"}],"version-history":[{"count":8,"href":"https:\/\/www.neolife.com.tr\/fr\/wp-json\/wp\/v2\/pages\/25772\/revisions"}],"predecessor-version":[{"id":28841,"href":"https:\/\/www.neolife.com.tr\/fr\/wp-json\/wp\/v2\/pages\/25772\/revisions\/28841"}],"wp:featuredmedia":[{"embeddable":true,"href":"https:\/\/www.neolife.com.tr\/fr\/wp-json\/wp\/v2\/media\/25774"}],"wp:attachment":[{"href":"https:\/\/www.neolife.com.tr\/fr\/wp-json\/wp\/v2\/media?parent=25772"}],"curies":[{"name":"wp","href":"https:\/\/api.w.org\/{rel}","templated":true}]}}