{"id":25713,"date":"2025-05-09T17:15:37","date_gmt":"2025-05-09T14:15:37","guid":{"rendered":"https:\/\/www.neolife.com.tr\/?page_id=25713"},"modified":"2025-09-17T14:38:44","modified_gmt":"2025-09-17T11:38:44","slug":"radiologie","status":"publish","type":"page","link":"https:\/\/www.neolife.com.tr\/fr\/radiologie\/","title":{"rendered":"Radiologie"},"content":{"rendered":"<p><img fetchpriority=\"high\" decoding=\"async\" style=\"margin: -80px 0 15px 0;\" src=\"https:\/\/neolife.com.tr\/wp-content\/uploads\/2016\/09\/radyoloji-header.jpg\" width=\"1206\" height=\"416\" \/><\/p>\n<p data-start=\"35\" data-end=\"208\">Un diagnostic correct et pr\u00e9coce est tr\u00e8s important avant de commencer un traitement. Des m\u00e9thodes d&rsquo;imagerie de pointe sont utilis\u00e9es pour le diagnostic dans notre h\u00f4pital.<\/p>\n<p data-start=\"210\" data-end=\"281\"><strong data-start=\"210\" data-end=\"281\">Proc\u00e9dures invasives effectu\u00e9es dans le D\u00e9partement de Radiologie :<\/strong><\/p>\n<ul data-start=\"282\" data-end=\"675\">\n<li data-start=\"282\" data-end=\"327\">\n<p data-start=\"284\" data-end=\"327\">Biopsies guid\u00e9es par IRM, CT et \u00e9chographie<\/p>\n<\/li>\n<li data-start=\"328\" data-end=\"421\">\n<p data-start=\"330\" data-end=\"421\">Drainage de kystes, de liquides, d&rsquo;abc\u00e8s et de bile, ainsi que l&rsquo;ablation de tumeurs\/kystes<\/p>\n<\/li>\n<li data-start=\"422\" data-end=\"675\">\n<p data-start=\"424\" data-end=\"675\">Traitements chirurgicaux minimaux tels que l&rsquo;angioplastie (expansion par ballonnet), le stent (vaisseau artificiel) et l&#8217;embolisation (fermeture de vaisseaux anormaux ou saignants) pour diff\u00e9rentes maladies vasculaires en Angiographie Num\u00e9rique Biplan<\/p>\n<\/li>\n<\/ul>\n<p data-start=\"677\" data-end=\"739\"><strong data-start=\"677\" data-end=\"739\">Quels dispositifs d&rsquo;imagerie sont utilis\u00e9s en Radiologie ?<\/strong><\/p>\n<ul data-start=\"740\" data-end=\"995\" data-is-last-node=\"\" data-is-only-node=\"\">\n<li data-start=\"740\" data-end=\"753\">\n<p data-start=\"742\" data-end=\"753\">IRM 3 Tesla<\/p>\n<\/li>\n<li data-start=\"754\" data-end=\"808\">\n<p data-start=\"756\" data-end=\"808\">Tomodensitom\u00e9trie Multid\u00e9tecteur (Sensation Cardiac)<\/p>\n<\/li>\n<li data-start=\"809\" data-end=\"846\">\n<p data-start=\"811\" data-end=\"846\">Angiographie Num\u00e9rique Biplan (DSA)<\/p>\n<\/li>\n<li data-start=\"847\" data-end=\"871\">\n<p data-start=\"849\" data-end=\"871\">Fluoroscopie Num\u00e9rique<\/p>\n<\/li>\n<li data-start=\"872\" data-end=\"896\">\n<p data-start=\"874\" data-end=\"896\">Radiographie Num\u00e9rique<\/p>\n<\/li>\n<li data-start=\"897\" data-end=\"932\">\n<p data-start=\"899\" data-end=\"932\">\u00c9chographie \u2013 \u00c9chographie Doppler<\/p>\n<\/li>\n<li data-start=\"933\" data-end=\"972\">\n<p data-start=\"935\" data-end=\"972\">Mammographie Num\u00e9rique (Tomosynth\u00e8se)<\/p>\n<\/li>\n<li data-start=\"973\" data-end=\"995\">\n<p data-start=\"975\" data-end=\"995\">\u00c9chographie Mammaire<\/p>\n<\/li>\n<\/ul>\n","protected":false},"excerpt":{"rendered":"<p>Un diagnostic correct et pr\u00e9coce est tr\u00e8s important avant de commencer un traitement. Des m\u00e9thodes d&rsquo;imagerie de pointe sont utilis\u00e9es pour le diagnostic dans notre h\u00f4pital. Proc\u00e9dures invasives effectu\u00e9es dans le D\u00e9partement de Radiologie : Biopsies guid\u00e9es par IRM, CT et \u00e9chographie Drainage de kystes, de liquides, d&rsquo;abc\u00e8s et de bile, ainsi que l&rsquo;ablation de [&hellip;]<\/p>\n","protected":false},"author":13,"featured_media":25716,"parent":0,"menu_order":0,"comment_status":"open","ping_status":"open","template":"","meta":{"footnotes":""},"class_list":["post-25713","page","type-page","status-publish","has-post-thumbnail","hentry"],"yoast_head":"<!-- This site is optimized with the Yoast SEO plugin v22.5 - https:\/\/yoast.com\/wordpress\/plugins\/seo\/ -->\n<title>Radiologie - Neolife T\u0131p Merkezi<\/title>\n<meta name=\"robots\" content=\"index, follow, max-snippet:-1, max-image-preview:large, max-video-preview:-1\" \/>\n<link rel=\"canonical\" href=\"https:\/\/www.neolife.com.tr\/fr\/radiologie\/\" \/>\n<meta name=\"twitter:label1\" content=\"Dur\u00e9e de lecture estim\u00e9e\" \/>\n\t<meta name=\"twitter:data1\" content=\"2 minutes\" \/>\n<script type=\"application\/ld+json\" class=\"yoast-schema-graph\">{\"@context\":\"https:\/\/schema.org\",\"@graph\":[{\"@type\":\"WebPage\",\"@id\":\"https:\/\/www.neolife.com.tr\/fr\/radiologie\/\",\"url\":\"https:\/\/www.neolife.com.tr\/fr\/radiologie\/\",\"name\":\"Radiologie - Neolife T\u0131p Merkezi\",\"isPartOf\":{\"@id\":\"https:\/\/www.neolife.com.tr\/#website\"},\"primaryImageOfPage\":{\"@id\":\"https:\/\/www.neolife.com.tr\/fr\/radiologie\/#primaryimage\"},\"image\":{\"@id\":\"https:\/\/www.neolife.com.tr\/fr\/radiologie\/#primaryimage\"},\"thumbnailUrl\":\"https:\/\/www.neolife.com.tr\/wp-content\/uploads\/2016\/09\/radyoloji-header.jpg\",\"datePublished\":\"2025-05-09T14:15:37+00:00\",\"dateModified\":\"2025-09-17T11:38:44+00:00\",\"breadcrumb\":{\"@id\":\"https:\/\/www.neolife.com.tr\/fr\/radiologie\/#breadcrumb\"},\"inLanguage\":\"fr-FR\",\"potentialAction\":[{\"@type\":\"ReadAction\",\"target\":[\"https:\/\/www.neolife.com.tr\/fr\/radiologie\/\"]}]},{\"@type\":\"ImageObject\",\"inLanguage\":\"fr-FR\",\"@id\":\"https:\/\/www.neolife.com.tr\/fr\/radiologie\/#primaryimage\",\"url\":\"https:\/\/www.neolife.com.tr\/wp-content\/uploads\/2016\/09\/radyoloji-header.jpg\",\"contentUrl\":\"https:\/\/www.neolife.com.tr\/wp-content\/uploads\/2016\/09\/radyoloji-header.jpg\",\"width\":1206,\"height\":416},{\"@type\":\"BreadcrumbList\",\"@id\":\"https:\/\/www.neolife.com.tr\/fr\/radiologie\/#breadcrumb\",\"itemListElement\":[{\"@type\":\"ListItem\",\"position\":1,\"name\":\"Ana Sayfa\",\"item\":\"https:\/\/www.neolife.com.tr\/fr\/\"},{\"@type\":\"ListItem\",\"position\":2,\"name\":\"Radiologie\"}]},{\"@type\":\"WebSite\",\"@id\":\"https:\/\/www.neolife.com.tr\/#website\",\"url\":\"https:\/\/www.neolife.com.tr\/\",\"name\":\"Neolife T\u0131p Merkezi\",\"description\":\"T\u00fcrkiye&#039;de kanser tedavisi - kanser te\u015fhisi ve tedavisi\",\"publisher\":{\"@id\":\"https:\/\/www.neolife.com.tr\/#organization\"},\"potentialAction\":[{\"@type\":\"SearchAction\",\"target\":{\"@type\":\"EntryPoint\",\"urlTemplate\":\"https:\/\/www.neolife.com.tr\/?s={search_term_string}\"},\"query-input\":\"required name=search_term_string\"}],\"inLanguage\":\"fr-FR\"},{\"@type\":\"Organization\",\"@id\":\"https:\/\/www.neolife.com.tr\/#organization\",\"name\":\"Neolife T\u0131p Merkezi\",\"url\":\"https:\/\/www.neolife.com.tr\/\",\"logo\":{\"@type\":\"ImageObject\",\"inLanguage\":\"fr-FR\",\"@id\":\"https:\/\/www.neolife.com.tr\/#\/schema\/logo\/image\/\",\"url\":\"https:\/\/www.neolife.com.tr\/wp-content\/uploads\/2021\/06\/Neolife-Logo.png\",\"contentUrl\":\"https:\/\/www.neolife.com.tr\/wp-content\/uploads\/2021\/06\/Neolife-Logo.png\",\"width\":348,\"height\":92,\"caption\":\"Neolife T\u0131p Merkezi\"},\"image\":{\"@id\":\"https:\/\/www.neolife.com.tr\/#\/schema\/logo\/image\/\"},\"sameAs\":[\"https:\/\/www.facebook.com\/NeoLifeIstanbul\/\",\"https:\/\/x.com\/NeoLifeIstanbul\",\"https:\/\/www.linkedin.com\/company\/neolife-oncology-center\/?originalSubdomain=tr\"]}]}<\/script>\n<!-- \/ Yoast SEO plugin. -->","yoast_head_json":{"title":"Radiologie - Neolife T\u0131p Merkezi","robots":{"index":"index","follow":"follow","max-snippet":"max-snippet:-1","max-image-preview":"max-image-preview:large","max-video-preview":"max-video-preview:-1"},"canonical":"https:\/\/www.neolife.com.tr\/fr\/radiologie\/","twitter_misc":{"Dur\u00e9e de lecture estim\u00e9e":"2 minutes"},"schema":{"@context":"https:\/\/schema.org","@graph":[{"@type":"WebPage","@id":"https:\/\/www.neolife.com.tr\/fr\/radiologie\/","url":"https:\/\/www.neolife.com.tr\/fr\/radiologie\/","name":"Radiologie - Neolife T\u0131p Merkezi","isPartOf":{"@id":"https:\/\/www.neolife.com.tr\/#website"},"primaryImageOfPage":{"@id":"https:\/\/www.neolife.com.tr\/fr\/radiologie\/#primaryimage"},"image":{"@id":"https:\/\/www.neolife.com.tr\/fr\/radiologie\/#primaryimage"},"thumbnailUrl":"https:\/\/www.neolife.com.tr\/wp-content\/uploads\/2016\/09\/radyoloji-header.jpg","datePublished":"2025-05-09T14:15:37+00:00","dateModified":"2025-09-17T11:38:44+00:00","breadcrumb":{"@id":"https:\/\/www.neolife.com.tr\/fr\/radiologie\/#breadcrumb"},"inLanguage":"fr-FR","potentialAction":[{"@type":"ReadAction","target":["https:\/\/www.neolife.com.tr\/fr\/radiologie\/"]}]},{"@type":"ImageObject","inLanguage":"fr-FR","@id":"https:\/\/www.neolife.com.tr\/fr\/radiologie\/#primaryimage","url":"https:\/\/www.neolife.com.tr\/wp-content\/uploads\/2016\/09\/radyoloji-header.jpg","contentUrl":"https:\/\/www.neolife.com.tr\/wp-content\/uploads\/2016\/09\/radyoloji-header.jpg","width":1206,"height":416},{"@type":"BreadcrumbList","@id":"https:\/\/www.neolife.com.tr\/fr\/radiologie\/#breadcrumb","itemListElement":[{"@type":"ListItem","position":1,"name":"Ana Sayfa","item":"https:\/\/www.neolife.com.tr\/fr\/"},{"@type":"ListItem","position":2,"name":"Radiologie"}]},{"@type":"WebSite","@id":"https:\/\/www.neolife.com.tr\/#website","url":"https:\/\/www.neolife.com.tr\/","name":"Neolife T\u0131p Merkezi","description":"T\u00fcrkiye&#039;de kanser tedavisi - kanser te\u015fhisi ve tedavisi","publisher":{"@id":"https:\/\/www.neolife.com.tr\/#organization"},"potentialAction":[{"@type":"SearchAction","target":{"@type":"EntryPoint","urlTemplate":"https:\/\/www.neolife.com.tr\/?s={search_term_string}"},"query-input":"required name=search_term_string"}],"inLanguage":"fr-FR"},{"@type":"Organization","@id":"https:\/\/www.neolife.com.tr\/#organization","name":"Neolife T\u0131p Merkezi","url":"https:\/\/www.neolife.com.tr\/","logo":{"@type":"ImageObject","inLanguage":"fr-FR","@id":"https:\/\/www.neolife.com.tr\/#\/schema\/logo\/image\/","url":"https:\/\/www.neolife.com.tr\/wp-content\/uploads\/2021\/06\/Neolife-Logo.png","contentUrl":"https:\/\/www.neolife.com.tr\/wp-content\/uploads\/2021\/06\/Neolife-Logo.png","width":348,"height":92,"caption":"Neolife T\u0131p Merkezi"},"image":{"@id":"https:\/\/www.neolife.com.tr\/#\/schema\/logo\/image\/"},"sameAs":["https:\/\/www.facebook.com\/NeoLifeIstanbul\/","https:\/\/x.com\/NeoLifeIstanbul","https:\/\/www.linkedin.com\/company\/neolife-oncology-center\/?originalSubdomain=tr"]}]}},"_links":{"self":[{"href":"https:\/\/www.neolife.com.tr\/fr\/wp-json\/wp\/v2\/pages\/25713","targetHints":{"allow":["GET"]}}],"collection":[{"href":"https:\/\/www.neolife.com.tr\/fr\/wp-json\/wp\/v2\/pages"}],"about":[{"href":"https:\/\/www.neolife.com.tr\/fr\/wp-json\/wp\/v2\/types\/page"}],"author":[{"embeddable":true,"href":"https:\/\/www.neolife.com.tr\/fr\/wp-json\/wp\/v2\/users\/13"}],"replies":[{"embeddable":true,"href":"https:\/\/www.neolife.com.tr\/fr\/wp-json\/wp\/v2\/comments?post=25713"}],"version-history":[{"count":8,"href":"https:\/\/www.neolife.com.tr\/fr\/wp-json\/wp\/v2\/pages\/25713\/revisions"}],"predecessor-version":[{"id":29065,"href":"https:\/\/www.neolife.com.tr\/fr\/wp-json\/wp\/v2\/pages\/25713\/revisions\/29065"}],"wp:featuredmedia":[{"embeddable":true,"href":"https:\/\/www.neolife.com.tr\/fr\/wp-json\/wp\/v2\/media\/25716"}],"wp:attachment":[{"href":"https:\/\/www.neolife.com.tr\/fr\/wp-json\/wp\/v2\/media?parent=25713"}],"curies":[{"name":"wp","href":"https:\/\/api.w.org\/{rel}","templated":true}]}}