{"id":9990,"date":"2023-03-01T18:26:42","date_gmt":"2023-03-01T15:26:42","guid":{"rendered":"https:\/\/www.neolife.com.tr\/?page_id=9990"},"modified":"2023-03-01T19:11:57","modified_gmt":"2023-03-01T16:11:57","slug":"rare-cancers","status":"publish","type":"page","link":"https:\/\/www.neolife.com.tr\/en\/rare-cancers\/","title":{"rendered":"Rare Cancers"},"content":{"rendered":"<h1>RARE CANCERS<\/h1>\n<p><img fetchpriority=\"high\" decoding=\"async\" class=\"alignnone size-full wp-image-9973\" src=\"https:\/\/www.neolife.com.tr\/wp-content\/uploads\/2023\/03\/nadir_hastaliklar.jpg\" alt=\"\" width=\"1000\" height=\"400\" srcset=\"https:\/\/www.neolife.com.tr\/wp-content\/uploads\/2023\/03\/nadir_hastaliklar.jpg 1000w, https:\/\/www.neolife.com.tr\/wp-content\/uploads\/2023\/03\/nadir_hastaliklar-300x120.jpg 300w, https:\/\/www.neolife.com.tr\/wp-content\/uploads\/2023\/03\/nadir_hastaliklar-768x307.jpg 768w\" sizes=\"(max-width: 1000px) 100vw, 1000px\" \/><\/p>\n<h2><strong>Rare Cancer Patients Deserve More Attention: The Importance of Genetic Testing for Improved Outcomes<\/strong><\/h2>\n<p>The last day of February is known as Rare Disease Day. With over 7,000 rare diseases identified so far, it is estimated that over 400 million people worldwide live with a rare disease. This includes approximately 20-25% of all cancer diagnoses, making rare cancers a significant global health challenge.<\/p>\n<p>Rare cancers are defined as those that have an incidence of less than 6 cases per 100,000 people per year. Some examples of rare cancers include:<\/p>\n<ul>\n<li>Adrenocortical carcinoma<\/li>\n<li>Cholangiocarcinoma<\/li>\n<li>Gastrointestinal stromal tumors (GIST)<\/li>\n<li>Merkel cell carcinoma<\/li>\n<li>Neuroendocrine tumors (NET)<\/li>\n<li>Pancreatic neuroendocrine tumors (PNET)<\/li>\n<li>Sarcomas<\/li>\n<li>Testicular cancer<\/li>\n<li>Thyroid cancer (some subtypes)<\/li>\n<\/ul>\n<p>One of the biggest challenges in treating rare cancers is the lack of research and clinical trials available. Most research funding and clinical trial opportunities are focused on more common cancers, leaving rare cancer patients with few treatment options. As a result, patients with rare cancers may receive suboptimal care and experience worse outcomes than those with more common cancers.<\/p>\n<p>However, recent developments in genetic testing have the potential to change this. Genetic testing involves analyzing a patient&#8217;s DNA to identify any mutations that may be driving their cancer. This information can help identify potential treatment options and guide clinical decision-making.<\/p>\n<p>For rare cancer patients, genetic testing can be particularly important. Since rare cancers are less studied, they may have unique genetic mutations that are not found in more common cancers. By identifying these mutations, physicians can tailor treatments to the patient&#8217;s unique genetic profile, potentially leading to better outcomes.<\/p>\n<p>In addition to improving treatment options, genetic testing can also provide important information for patients and their families. For example, if a patient is found to have a genetic mutation associated with their cancer, this information can be used to identify other family members who may be at increased risk of developing the same cancer.<\/p>\n<h2>Rare Disease Treatments<\/h2>\n<p>Another promising development is the use of precision medicine, which involves tailoring treatments to a patient\u2019s unique genetic profile. Precision medicine has the potential to revolutionize cancer treatment and could be particularly useful for rare cancer patients. While there are challenges associated with genetic testing, including cost and access to testing, recent advances have made genetic testing more accessible than ever before.<\/p>\n<p>In conclusion, rare cancer patients deserve more attention and access to the latest advances in cancer care. Genetic testing and precision medicine offer hope for improved outcomes and personalized treatments.<\/p>\n<p>&nbsp;<\/p>\n","protected":false},"excerpt":{"rendered":"<p>RARE CANCERS Rare Cancer Patients Deserve More Attention: The Importance of Genetic Testing for Improved Outcomes The last day of February is known as Rare Disease Day. With over 7,000 rare diseases identified so far, it is estimated that over 400 million people worldwide live with a rare disease. This includes approximately 20-25% of all [&hellip;]<\/p>\n","protected":false},"author":8,"featured_media":9405,"parent":0,"menu_order":0,"comment_status":"closed","ping_status":"closed","template":"","meta":{"footnotes":""},"class_list":["post-9990","page","type-page","status-publish","has-post-thumbnail","hentry"],"yoast_head":"<!-- This site is optimized with the Yoast SEO plugin v22.5 - https:\/\/yoast.com\/wordpress\/plugins\/seo\/ -->\n<title>Rare Cancers - Neolife<\/title>\n<meta name=\"description\" content=\"With over 7,000 rare diseases identified so far, it is estimated that over 400 million people worldwide live with a rare disease Rare cancers\" \/>\n<meta name=\"robots\" content=\"index, follow, max-snippet:-1, max-image-preview:large, max-video-preview:-1\" \/>\n<link rel=\"canonical\" href=\"https:\/\/www.neolife.com.tr\/en\/rare-cancers\/\" \/>\n<meta name=\"twitter:label1\" content=\"Est. reading time\" \/>\n\t<meta name=\"twitter:data1\" content=\"3 minutes\" \/>\n<script type=\"application\/ld+json\" class=\"yoast-schema-graph\">{\"@context\":\"https:\/\/schema.org\",\"@graph\":[{\"@type\":\"WebPage\",\"@id\":\"https:\/\/www.neolife.com.tr\/en\/rare-cancers\/\",\"url\":\"https:\/\/www.neolife.com.tr\/en\/rare-cancers\/\",\"name\":\"Rare Cancers - Neolife\",\"isPartOf\":{\"@id\":\"https:\/\/www.neolife.com.tr\/#website\"},\"primaryImageOfPage\":{\"@id\":\"https:\/\/www.neolife.com.tr\/en\/rare-cancers\/#primaryimage\"},\"image\":{\"@id\":\"https:\/\/www.neolife.com.tr\/en\/rare-cancers\/#primaryimage\"},\"thumbnailUrl\":\"https:\/\/www.neolife.com.tr\/wp-content\/uploads\/2022\/11\/we-canser-together.peg_.jpeg\",\"datePublished\":\"2023-03-01T15:26:42+00:00\",\"dateModified\":\"2023-03-01T16:11:57+00:00\",\"description\":\"With over 7,000 rare diseases identified so far, it is estimated that over 400 million people worldwide live with a rare disease Rare cancers\",\"breadcrumb\":{\"@id\":\"https:\/\/www.neolife.com.tr\/en\/rare-cancers\/#breadcrumb\"},\"inLanguage\":\"en-US\",\"potentialAction\":[{\"@type\":\"ReadAction\",\"target\":[\"https:\/\/www.neolife.com.tr\/en\/rare-cancers\/\"]}]},{\"@type\":\"ImageObject\",\"inLanguage\":\"en-US\",\"@id\":\"https:\/\/www.neolife.com.tr\/en\/rare-cancers\/#primaryimage\",\"url\":\"https:\/\/www.neolife.com.tr\/wp-content\/uploads\/2022\/11\/we-canser-together.peg_.jpeg\",\"contentUrl\":\"https:\/\/www.neolife.com.tr\/wp-content\/uploads\/2022\/11\/we-canser-together.peg_.jpeg\",\"width\":408,\"height\":218},{\"@type\":\"BreadcrumbList\",\"@id\":\"https:\/\/www.neolife.com.tr\/en\/rare-cancers\/#breadcrumb\",\"itemListElement\":[{\"@type\":\"ListItem\",\"position\":1,\"name\":\"Ana Sayfa\",\"item\":\"https:\/\/www.neolife.com.tr\/en\/\"},{\"@type\":\"ListItem\",\"position\":2,\"name\":\"Rare Cancers\"}]},{\"@type\":\"WebSite\",\"@id\":\"https:\/\/www.neolife.com.tr\/#website\",\"url\":\"https:\/\/www.neolife.com.tr\/\",\"name\":\"Neolife T\u0131p Merkezi\",\"description\":\"T\u00fcrkiye&#039;de kanser tedavisi - kanser te\u015fhisi ve tedavisi\",\"publisher\":{\"@id\":\"https:\/\/www.neolife.com.tr\/#organization\"},\"potentialAction\":[{\"@type\":\"SearchAction\",\"target\":{\"@type\":\"EntryPoint\",\"urlTemplate\":\"https:\/\/www.neolife.com.tr\/?s={search_term_string}\"},\"query-input\":\"required name=search_term_string\"}],\"inLanguage\":\"en-US\"},{\"@type\":\"Organization\",\"@id\":\"https:\/\/www.neolife.com.tr\/#organization\",\"name\":\"Neolife T\u0131p Merkezi\",\"url\":\"https:\/\/www.neolife.com.tr\/\",\"logo\":{\"@type\":\"ImageObject\",\"inLanguage\":\"en-US\",\"@id\":\"https:\/\/www.neolife.com.tr\/#\/schema\/logo\/image\/\",\"url\":\"https:\/\/www.neolife.com.tr\/wp-content\/uploads\/2021\/06\/Neolife-Logo.png\",\"contentUrl\":\"https:\/\/www.neolife.com.tr\/wp-content\/uploads\/2021\/06\/Neolife-Logo.png\",\"width\":348,\"height\":92,\"caption\":\"Neolife T\u0131p Merkezi\"},\"image\":{\"@id\":\"https:\/\/www.neolife.com.tr\/#\/schema\/logo\/image\/\"},\"sameAs\":[\"https:\/\/www.facebook.com\/NeoLifeIstanbul\/\",\"https:\/\/x.com\/NeoLifeIstanbul\",\"https:\/\/www.linkedin.com\/company\/neolife-oncology-center\/?originalSubdomain=tr\"]}]}<\/script>\n<!-- \/ Yoast SEO plugin. -->","yoast_head_json":{"title":"Rare Cancers - Neolife","description":"With over 7,000 rare diseases identified so far, it is estimated that over 400 million people worldwide live with a rare disease Rare cancers","robots":{"index":"index","follow":"follow","max-snippet":"max-snippet:-1","max-image-preview":"max-image-preview:large","max-video-preview":"max-video-preview:-1"},"canonical":"https:\/\/www.neolife.com.tr\/en\/rare-cancers\/","twitter_misc":{"Est. reading time":"3 minutes"},"schema":{"@context":"https:\/\/schema.org","@graph":[{"@type":"WebPage","@id":"https:\/\/www.neolife.com.tr\/en\/rare-cancers\/","url":"https:\/\/www.neolife.com.tr\/en\/rare-cancers\/","name":"Rare Cancers - Neolife","isPartOf":{"@id":"https:\/\/www.neolife.com.tr\/#website"},"primaryImageOfPage":{"@id":"https:\/\/www.neolife.com.tr\/en\/rare-cancers\/#primaryimage"},"image":{"@id":"https:\/\/www.neolife.com.tr\/en\/rare-cancers\/#primaryimage"},"thumbnailUrl":"https:\/\/www.neolife.com.tr\/wp-content\/uploads\/2022\/11\/we-canser-together.peg_.jpeg","datePublished":"2023-03-01T15:26:42+00:00","dateModified":"2023-03-01T16:11:57+00:00","description":"With over 7,000 rare diseases identified so far, it is estimated that over 400 million people worldwide live with a rare disease Rare cancers","breadcrumb":{"@id":"https:\/\/www.neolife.com.tr\/en\/rare-cancers\/#breadcrumb"},"inLanguage":"en-US","potentialAction":[{"@type":"ReadAction","target":["https:\/\/www.neolife.com.tr\/en\/rare-cancers\/"]}]},{"@type":"ImageObject","inLanguage":"en-US","@id":"https:\/\/www.neolife.com.tr\/en\/rare-cancers\/#primaryimage","url":"https:\/\/www.neolife.com.tr\/wp-content\/uploads\/2022\/11\/we-canser-together.peg_.jpeg","contentUrl":"https:\/\/www.neolife.com.tr\/wp-content\/uploads\/2022\/11\/we-canser-together.peg_.jpeg","width":408,"height":218},{"@type":"BreadcrumbList","@id":"https:\/\/www.neolife.com.tr\/en\/rare-cancers\/#breadcrumb","itemListElement":[{"@type":"ListItem","position":1,"name":"Ana Sayfa","item":"https:\/\/www.neolife.com.tr\/en\/"},{"@type":"ListItem","position":2,"name":"Rare Cancers"}]},{"@type":"WebSite","@id":"https:\/\/www.neolife.com.tr\/#website","url":"https:\/\/www.neolife.com.tr\/","name":"Neolife T\u0131p Merkezi","description":"T\u00fcrkiye&#039;de kanser tedavisi - kanser te\u015fhisi ve tedavisi","publisher":{"@id":"https:\/\/www.neolife.com.tr\/#organization"},"potentialAction":[{"@type":"SearchAction","target":{"@type":"EntryPoint","urlTemplate":"https:\/\/www.neolife.com.tr\/?s={search_term_string}"},"query-input":"required name=search_term_string"}],"inLanguage":"en-US"},{"@type":"Organization","@id":"https:\/\/www.neolife.com.tr\/#organization","name":"Neolife T\u0131p Merkezi","url":"https:\/\/www.neolife.com.tr\/","logo":{"@type":"ImageObject","inLanguage":"en-US","@id":"https:\/\/www.neolife.com.tr\/#\/schema\/logo\/image\/","url":"https:\/\/www.neolife.com.tr\/wp-content\/uploads\/2021\/06\/Neolife-Logo.png","contentUrl":"https:\/\/www.neolife.com.tr\/wp-content\/uploads\/2021\/06\/Neolife-Logo.png","width":348,"height":92,"caption":"Neolife T\u0131p Merkezi"},"image":{"@id":"https:\/\/www.neolife.com.tr\/#\/schema\/logo\/image\/"},"sameAs":["https:\/\/www.facebook.com\/NeoLifeIstanbul\/","https:\/\/x.com\/NeoLifeIstanbul","https:\/\/www.linkedin.com\/company\/neolife-oncology-center\/?originalSubdomain=tr"]}]}},"_links":{"self":[{"href":"https:\/\/www.neolife.com.tr\/en\/wp-json\/wp\/v2\/pages\/9990","targetHints":{"allow":["GET"]}}],"collection":[{"href":"https:\/\/www.neolife.com.tr\/en\/wp-json\/wp\/v2\/pages"}],"about":[{"href":"https:\/\/www.neolife.com.tr\/en\/wp-json\/wp\/v2\/types\/page"}],"author":[{"embeddable":true,"href":"https:\/\/www.neolife.com.tr\/en\/wp-json\/wp\/v2\/users\/8"}],"replies":[{"embeddable":true,"href":"https:\/\/www.neolife.com.tr\/en\/wp-json\/wp\/v2\/comments?post=9990"}],"version-history":[{"count":2,"href":"https:\/\/www.neolife.com.tr\/en\/wp-json\/wp\/v2\/pages\/9990\/revisions"}],"predecessor-version":[{"id":9994,"href":"https:\/\/www.neolife.com.tr\/en\/wp-json\/wp\/v2\/pages\/9990\/revisions\/9994"}],"wp:featuredmedia":[{"embeddable":true,"href":"https:\/\/www.neolife.com.tr\/en\/wp-json\/wp\/v2\/media\/9405"}],"wp:attachment":[{"href":"https:\/\/www.neolife.com.tr\/en\/wp-json\/wp\/v2\/media?parent=9990"}],"curies":[{"name":"wp","href":"https:\/\/api.w.org\/{rel}","templated":true}]}}