{"id":8567,"date":"2022-06-01T18:38:06","date_gmt":"2022-06-01T15:38:06","guid":{"rendered":"https:\/\/www.neolife.com.tr\/?page_id=8567"},"modified":"2023-04-25T01:38:21","modified_gmt":"2023-04-24T22:38:21","slug":"artificial-intelligence-3-tesla-mri","status":"publish","type":"page","link":"https:\/\/www.neolife.com.tr\/en\/artificial-intelligence-3-tesla-mri\/","title":{"rendered":"3 Tesla MRI"},"content":{"rendered":"\t\t<div data-elementor-type=\"wp-page\" data-elementor-id=\"8567\" class=\"elementor elementor-8567\" data-elementor-post-type=\"page\">\n\t\t\t\t\t\t<section class=\"elementor-section elementor-top-section elementor-element elementor-element-570f6208 elementor-section-boxed elementor-section-height-default elementor-section-height-default\" data-id=\"570f6208\" data-element_type=\"section\">\n\t\t\t\t\t\t<div class=\"elementor-container elementor-column-gap-default\">\n\t\t\t\t\t<div class=\"elementor-column elementor-col-50 elementor-top-column elementor-element elementor-element-445ba7e\" data-id=\"445ba7e\" data-element_type=\"column\">\n\t\t\t<div class=\"elementor-widget-wrap elementor-element-populated\">\n\t\t\t\t\t\t<div class=\"elementor-element elementor-element-2d75471e elementor-widget elementor-widget-text-editor\" data-id=\"2d75471e\" data-element_type=\"widget\" data-widget_type=\"text-editor.default\">\n\t\t\t\t<div class=\"elementor-widget-container\">\n\t\t\t\t\t\t\t\t\t<p><img fetchpriority=\"high\" decoding=\"async\" class=\"size-large wp-image-8577 aligncenter\" src=\"https:\/\/www.neolife.com.tr\/wp-content\/uploads\/2022\/06\/BANNER3T_AI-1024x353.jpg\" alt=\"\" width=\"1024\" height=\"353\" srcset=\"https:\/\/www.neolife.com.tr\/wp-content\/uploads\/2022\/06\/BANNER3T_AI-1024x353.jpg 1024w, https:\/\/www.neolife.com.tr\/wp-content\/uploads\/2022\/06\/BANNER3T_AI-300x104.jpg 300w, https:\/\/www.neolife.com.tr\/wp-content\/uploads\/2022\/06\/BANNER3T_AI-768x265.jpg 768w, https:\/\/www.neolife.com.tr\/wp-content\/uploads\/2022\/06\/BANNER3T_AI-1536x530.jpg 1536w, https:\/\/www.neolife.com.tr\/wp-content\/uploads\/2022\/06\/BANNER3T_AI.jpg 2000w\" sizes=\"(max-width: 1024px) 100vw, 1024px\" \/><\/p>\n<p><strong>What Is Artificial Intelligence Equipped 3 Tesla MRI?<\/strong><\/p>\n<p>Presentation of Artificial Intelligence MRI technology to healthcare users in 2022 caused critical changes in MRI imaging. We are now able to obtain high quality MRI images in a very short time period with Artificial Intelligence MRI technology. We are rewriting the rules of radiology with the SIEMENS 3 TESLA VIDA AI MRI device, which became operational in March 2022 under supervision of Neolife Center Radiology Unit, under management of \u00dcmit T\u00dcZ\u00dcN, M.D.<\/p>\n<p>The most critical difference of 3 Tesla MRI device, which is a very comfortable and safe device for our patients, in comparison to other MRI devices is its ability to obtain high quality images from all regions of human body. With aims of correct diagnosis and correct treatment, 3 Tesla MRI device is the preference of physicians, who require MRI study.<\/p>\n<p><strong>How is 3 Tesla Artificial Intelligence MRI Scanned?<\/strong><\/p>\n<p>Artificial Intelligence 3 Tesla MRI device provides highly successful and clear images of the zones in human anatomy, that are not eligible for imaging, due to its cutting edge technology. Cutting edge technology allows obtaining high quality images in very short periods of time.<\/p>\n<p>Being a perfect solution for overweight patients and patients with claustrophobia, Artificial Intelligence 3 Tesla MRI device overcame these problems with its speed and large-spacious structure. All studies of overweight patients can be performed in comfortable conditions with the MRI device in our center.<\/p>\n<p>All that is required from the patients is to stay still on device&#8217;s table during the MRI study.<\/p>\n<p><strong>What are The Advantages of Artificial Intelligence 3 Tesla MRI ?<\/strong><\/p>\n<p>Artificial Intelligence 3 Tesla MRI device provides more correct and clear images in a short period of time. As it\u2019s most distinctive feature in comparison to other MRI devices, Artificial Intelligence 3 Tesla MRI devices are equipped with new-generation artificial intelligence applications. Artificial Intelligence applications, which started to access all aspects of our lives on this date caused critical developments in MRI imaging and became irreplaceable tools for radiologists for making correct diagnoses. 3 Tesla MRI device in our center is equipped with all available artificial intelligence applications and rendered for the service of our physicians and patients.<\/p>\n<p><strong>Is There An Extra Fee For Artificial Intelligence Applications?<\/strong><\/p>\n<p>No extra fee is requested from our patients for the use of Artificial Intelligence MRI device, which became operational in our center in 2022. The fee of the principle study is solely requested. You may inquire regarding the fees of planned procedures by contacting our call center.<\/p>\n<p><strong>&nbsp;<\/strong><strong>What Is The Duration Of 3 Tesla MRI Scan?<\/strong><\/p>\n<p>The duration of examinations vary for 3 Tesla MRI device, depending on the area of study. However generally examinations are completed between 10 to 40 minutes. As the longest study, Whole Body MRI scan lasts 40 minutes. This technique is used to screen entire body of the human body with MRI device to investigate possible pathologies and cancer cells in the whole anatomic structure. You may click the link below to access detailed information on whole body MRI screening, which is started to be used as a cancer screening method nowadays.<\/p>\n<p><a href=\"https:\/\/www.neolife.com.tr\/en\/whole-body-mri\/\">Whole_Body_MRI_Link<\/a><\/p>\n<p><strong>When Are The Results For 3 Tesla MRI Study Reported?<\/strong><\/p>\n<p>3 Tesla MRI results are evaluated by our radiologist \u00dcmit T\u00fcz\u00fcn, M.D.. The quickest reporting option that is beneficial for both the patient and the physician is selected in accordance with the study method.<\/p>\n<p>We aim to deliver general report to the physicians and patients on the same day. All patients are informed by \u00dcmit T\u00fcz\u00fcn, M.D. after the scan and time of delivery for the result is determined with patient-physician discussion.<\/p>\t\t\t\t\t\t\t\t<\/div>\n\t\t\t\t<\/div>\n\t\t\t\t\t<\/div>\n\t\t<\/div>\n\t\t\t\t<div class=\"elementor-column elementor-col-50 elementor-top-column elementor-element elementor-element-6e113c8\" data-id=\"6e113c8\" data-element_type=\"column\">\n\t\t\t<div class=\"elementor-widget-wrap elementor-element-populated\">\n\t\t\t\t\t\t<div class=\"elementor-element elementor-element-1b1e286 elementor-widget elementor-widget-sidebar\" data-id=\"1b1e286\" data-element_type=\"widget\" data-widget_type=\"sidebar.default\">\n\t\t\t\t<div class=\"elementor-widget-container\">\n\t\t\t\t\t<div class=\"widget_text chw-widget\"><div class=\"textwidget custom-html-widget\">\t\t<div data-elementor-type=\"section\" data-elementor-id=\"17236\" class=\"elementor elementor-17236\" data-elementor-post-type=\"elementor_library\">\n\t\t\t\t\t<section class=\"elementor-section elementor-top-section elementor-element elementor-element-0fe5e4b elementor-section-boxed elementor-section-height-default elementor-section-height-default\" data-id=\"0fe5e4b\" data-element_type=\"section\">\n\t\t\t\t\t\t<div class=\"elementor-container elementor-column-gap-default\">\n\t\t\t\t\t<div class=\"elementor-column elementor-col-25 elementor-top-column elementor-element elementor-element-82496bf\" data-id=\"82496bf\" data-element_type=\"column\">\n\t\t\t<div class=\"elementor-widget-wrap elementor-element-populated\">\n\t\t\t\t\t\t<div class=\"elementor-element elementor-element-19a2732 elementor-position-left elementor-vertical-align-middle elementor-widget elementor-widget-image-box\" data-id=\"19a2732\" data-element_type=\"widget\" data-widget_type=\"image-box.default\">\n\t\t\t\t<div class=\"elementor-widget-container\">\n\t\t\t\t\t<div class=\"elementor-image-box-wrapper\"><figure class=\"elementor-image-box-img\"><a href=\"https:\/\/www.neolife.com.tr\/en\/cancer-screening\/\" tabindex=\"-1\"><img decoding=\"async\" width=\"65\" height=\"65\" src=\"https:\/\/www.neolife.com.tr\/wp-content\/uploads\/2025\/09\/66.png\" class=\"attachment-full size-full wp-image-29625\" alt=\"\" \/><\/a><\/figure><div class=\"elementor-image-box-content\"><p class=\"elementor-image-box-description\"><a href=\"https:\/\/www.neolife.com.tr\/en\/cancer-screening\/\"> Cancer Screening <\/a><\/p><\/div><\/div>\t\t\t\t<\/div>\n\t\t\t\t<\/div>\n\t\t\t\t\t<\/div>\n\t\t<\/div>\n\t\t\t\t<div class=\"elementor-column elementor-col-25 elementor-top-column elementor-element elementor-element-30f95f5\" data-id=\"30f95f5\" data-element_type=\"column\">\n\t\t\t<div class=\"elementor-widget-wrap elementor-element-populated\">\n\t\t\t\t\t\t<div class=\"elementor-element elementor-element-33c8143 elementor-position-left elementor-vertical-align-middle elementor-widget elementor-widget-image-box\" data-id=\"33c8143\" data-element_type=\"widget\" data-widget_type=\"image-box.default\">\n\t\t\t\t<div class=\"elementor-widget-container\">\n\t\t\t\t\t<div class=\"elementor-image-box-wrapper\"><figure class=\"elementor-image-box-img\"><a href=\"https:\/\/www.neolife.com.tr\/en\/technological-devices\/\" tabindex=\"-1\"><img decoding=\"async\" width=\"65\" height=\"65\" src=\"https:\/\/www.neolife.com.tr\/wp-content\/uploads\/2025\/09\/indir-2.png\" class=\"attachment-full size-full wp-image-30226\" alt=\"\" \/><\/a><\/figure><div class=\"elementor-image-box-content\"><p class=\"elementor-image-box-description\"><a href=\"https:\/\/www.neolife.com.tr\/en\/technological-devices\/\"> Technological Devices<\/a><\/p><\/div><\/div>\t\t\t\t<\/div>\n\t\t\t\t<\/div>\n\t\t\t\t\t<\/div>\n\t\t<\/div>\n\t\t\t\t<div class=\"elementor-column elementor-col-25 elementor-top-column elementor-element elementor-element-9f9a133\" data-id=\"9f9a133\" data-element_type=\"column\">\n\t\t\t<div class=\"elementor-widget-wrap elementor-element-populated\">\n\t\t\t\t\t\t<div class=\"elementor-element elementor-element-db1ae6e elementor-position-left elementor-vertical-align-middle elementor-widget elementor-widget-image-box\" data-id=\"db1ae6e\" data-element_type=\"widget\" data-widget_type=\"image-box.default\">\n\t\t\t\t<div class=\"elementor-widget-container\">\n\t\t\t\t\t<div class=\"elementor-image-box-wrapper\"><figure class=\"elementor-image-box-img\"><a href=\"https:\/\/www.neolife.com.tr\/en\/our-physicians-2\/\" tabindex=\"-1\"><img loading=\"lazy\" decoding=\"async\" width=\"65\" height=\"65\" src=\"https:\/\/www.neolife.com.tr\/wp-content\/uploads\/2025\/09\/indir.png\" class=\"attachment-full size-full wp-image-29632\" alt=\"\" \/><\/a><\/figure><div class=\"elementor-image-box-content\"><p class=\"elementor-image-box-description\"><a href=\"https:\/\/www.neolife.com.tr\/en\/our-physicians-2\/\"> Our Physicians<\/a><\/p><\/div><\/div>\t\t\t\t<\/div>\n\t\t\t\t<\/div>\n\t\t\t\t\t<\/div>\n\t\t<\/div>\n\t\t\t\t<div class=\"elementor-column elementor-col-25 elementor-top-column elementor-element elementor-element-c69c0d0\" data-id=\"c69c0d0\" data-element_type=\"column\">\n\t\t\t<div class=\"elementor-widget-wrap elementor-element-populated\">\n\t\t\t\t\t\t<div class=\"elementor-element elementor-element-eaef0fe elementor-position-left elementor-vertical-align-middle elementor-widget elementor-widget-image-box\" data-id=\"eaef0fe\" data-element_type=\"widget\" data-widget_type=\"image-box.default\">\n\t\t\t\t<div class=\"elementor-widget-container\">\n\t\t\t\t\t<div class=\"elementor-image-box-wrapper\"><figure class=\"elementor-image-box-img\"><a href=\"https:\/\/www.neolife.com.tr\/check-up-merkezi\/\" tabindex=\"-1\"><img loading=\"lazy\" decoding=\"async\" width=\"65\" height=\"65\" src=\"https:\/\/www.neolife.com.tr\/wp-content\/uploads\/2025\/09\/indir-1.png\" class=\"attachment-full size-full wp-image-29639\" alt=\"\" \/><\/a><\/figure><div class=\"elementor-image-box-content\"><p class=\"elementor-image-box-description\"><a href=\"https:\/\/www.neolife.com.tr\/check-up-merkezi\/\"> Neolife Check Up  <\/a><\/p><\/div><\/div>\t\t\t\t<\/div>\n\t\t\t\t<\/div>\n\t\t\t\t\t<\/div>\n\t\t<\/div>\n\t\t\t\t\t<\/div>\n\t\t<\/section>\n\t\t\t\t<\/div>\n\t\t<\/div><\/div>\t\t\t\t<\/div>\n\t\t\t\t<\/div>\n\t\t\t\t\t<\/div>\n\t\t<\/div>\n\t\t\t\t\t<\/div>\n\t\t<\/section>\n\t\t\t\t<\/div>\n\t\t","protected":false},"excerpt":{"rendered":"<p>What Is Artificial Intelligence Equipped 3 Tesla MRI? Presentation of Artificial Intelligence MRI technology to healthcare users in 2022 caused critical changes in MRI imaging. We are now able to obtain high quality MRI images in a very short time period with Artificial Intelligence MRI technology. We are rewriting the rules of radiology with the [&hellip;]<\/p>\n","protected":false},"author":8,"featured_media":8587,"parent":0,"menu_order":0,"comment_status":"open","ping_status":"open","template":"","meta":{"footnotes":""},"class_list":["post-8567","page","type-page","status-publish","has-post-thumbnail","hentry"],"yoast_head":"<!-- This site is optimized with the Yoast SEO plugin v22.5 - https:\/\/yoast.com\/wordpress\/plugins\/seo\/ -->\n<title>3 Tesla MRI - Neolife Oncology Center<\/title>\n<meta name=\"description\" content=\"Artificial Intelligence 3 Tesla MRI device provides highly successful and clear images of the zones in human anatomy\" \/>\n<meta name=\"robots\" content=\"index, follow, max-snippet:-1, max-image-preview:large, max-video-preview:-1\" \/>\n<link rel=\"canonical\" href=\"https:\/\/www.neolife.com.tr\/en\/artificial-intelligence-3-tesla-mri\/\" \/>\n<meta name=\"twitter:label1\" content=\"Est. reading time\" \/>\n\t<meta name=\"twitter:data1\" content=\"3 minutes\" \/>\n<script type=\"application\/ld+json\" class=\"yoast-schema-graph\">{\"@context\":\"https:\/\/schema.org\",\"@graph\":[{\"@type\":\"WebPage\",\"@id\":\"https:\/\/www.neolife.com.tr\/en\/artificial-intelligence-3-tesla-mri\/\",\"url\":\"https:\/\/www.neolife.com.tr\/en\/artificial-intelligence-3-tesla-mri\/\",\"name\":\"3 Tesla MRI - Neolife Oncology Center\",\"isPartOf\":{\"@id\":\"https:\/\/www.neolife.com.tr\/#website\"},\"primaryImageOfPage\":{\"@id\":\"https:\/\/www.neolife.com.tr\/en\/artificial-intelligence-3-tesla-mri\/#primaryimage\"},\"image\":{\"@id\":\"https:\/\/www.neolife.com.tr\/en\/artificial-intelligence-3-tesla-mri\/#primaryimage\"},\"thumbnailUrl\":\"https:\/\/www.neolife.com.tr\/wp-content\/uploads\/2022\/06\/3TESLAGORSEL-1.jpg\",\"datePublished\":\"2022-06-01T15:38:06+00:00\",\"dateModified\":\"2023-04-24T22:38:21+00:00\",\"description\":\"Artificial Intelligence 3 Tesla MRI device provides highly successful and clear images of the zones in human anatomy\",\"breadcrumb\":{\"@id\":\"https:\/\/www.neolife.com.tr\/en\/artificial-intelligence-3-tesla-mri\/#breadcrumb\"},\"inLanguage\":\"en-US\",\"potentialAction\":[{\"@type\":\"ReadAction\",\"target\":[\"https:\/\/www.neolife.com.tr\/en\/artificial-intelligence-3-tesla-mri\/\"]}]},{\"@type\":\"ImageObject\",\"inLanguage\":\"en-US\",\"@id\":\"https:\/\/www.neolife.com.tr\/en\/artificial-intelligence-3-tesla-mri\/#primaryimage\",\"url\":\"https:\/\/www.neolife.com.tr\/wp-content\/uploads\/2022\/06\/3TESLAGORSEL-1.jpg\",\"contentUrl\":\"https:\/\/www.neolife.com.tr\/wp-content\/uploads\/2022\/06\/3TESLAGORSEL-1.jpg\",\"width\":600,\"height\":600},{\"@type\":\"BreadcrumbList\",\"@id\":\"https:\/\/www.neolife.com.tr\/en\/artificial-intelligence-3-tesla-mri\/#breadcrumb\",\"itemListElement\":[{\"@type\":\"ListItem\",\"position\":1,\"name\":\"Ana Sayfa\",\"item\":\"https:\/\/www.neolife.com.tr\/en\/\"},{\"@type\":\"ListItem\",\"position\":2,\"name\":\"3 Tesla MRI\"}]},{\"@type\":\"WebSite\",\"@id\":\"https:\/\/www.neolife.com.tr\/#website\",\"url\":\"https:\/\/www.neolife.com.tr\/\",\"name\":\"Neolife T\u0131p Merkezi\",\"description\":\"T\u00fcrkiye&#039;de kanser tedavisi - kanser te\u015fhisi ve tedavisi\",\"publisher\":{\"@id\":\"https:\/\/www.neolife.com.tr\/#organization\"},\"potentialAction\":[{\"@type\":\"SearchAction\",\"target\":{\"@type\":\"EntryPoint\",\"urlTemplate\":\"https:\/\/www.neolife.com.tr\/?s={search_term_string}\"},\"query-input\":\"required name=search_term_string\"}],\"inLanguage\":\"en-US\"},{\"@type\":\"Organization\",\"@id\":\"https:\/\/www.neolife.com.tr\/#organization\",\"name\":\"Neolife T\u0131p Merkezi\",\"url\":\"https:\/\/www.neolife.com.tr\/\",\"logo\":{\"@type\":\"ImageObject\",\"inLanguage\":\"en-US\",\"@id\":\"https:\/\/www.neolife.com.tr\/#\/schema\/logo\/image\/\",\"url\":\"https:\/\/www.neolife.com.tr\/wp-content\/uploads\/2021\/06\/Neolife-Logo.png\",\"contentUrl\":\"https:\/\/www.neolife.com.tr\/wp-content\/uploads\/2021\/06\/Neolife-Logo.png\",\"width\":348,\"height\":92,\"caption\":\"Neolife T\u0131p Merkezi\"},\"image\":{\"@id\":\"https:\/\/www.neolife.com.tr\/#\/schema\/logo\/image\/\"},\"sameAs\":[\"https:\/\/www.facebook.com\/NeoLifeIstanbul\/\",\"https:\/\/x.com\/NeoLifeIstanbul\",\"https:\/\/www.linkedin.com\/company\/neolife-oncology-center\/?originalSubdomain=tr\"]}]}<\/script>\n<!-- \/ Yoast SEO plugin. -->","yoast_head_json":{"title":"3 Tesla MRI - Neolife Oncology Center","description":"Artificial Intelligence 3 Tesla MRI device provides highly successful and clear images of the zones in human anatomy","robots":{"index":"index","follow":"follow","max-snippet":"max-snippet:-1","max-image-preview":"max-image-preview:large","max-video-preview":"max-video-preview:-1"},"canonical":"https:\/\/www.neolife.com.tr\/en\/artificial-intelligence-3-tesla-mri\/","twitter_misc":{"Est. reading time":"3 minutes"},"schema":{"@context":"https:\/\/schema.org","@graph":[{"@type":"WebPage","@id":"https:\/\/www.neolife.com.tr\/en\/artificial-intelligence-3-tesla-mri\/","url":"https:\/\/www.neolife.com.tr\/en\/artificial-intelligence-3-tesla-mri\/","name":"3 Tesla MRI - Neolife Oncology Center","isPartOf":{"@id":"https:\/\/www.neolife.com.tr\/#website"},"primaryImageOfPage":{"@id":"https:\/\/www.neolife.com.tr\/en\/artificial-intelligence-3-tesla-mri\/#primaryimage"},"image":{"@id":"https:\/\/www.neolife.com.tr\/en\/artificial-intelligence-3-tesla-mri\/#primaryimage"},"thumbnailUrl":"https:\/\/www.neolife.com.tr\/wp-content\/uploads\/2022\/06\/3TESLAGORSEL-1.jpg","datePublished":"2022-06-01T15:38:06+00:00","dateModified":"2023-04-24T22:38:21+00:00","description":"Artificial Intelligence 3 Tesla MRI device provides highly successful and clear images of the zones in human anatomy","breadcrumb":{"@id":"https:\/\/www.neolife.com.tr\/en\/artificial-intelligence-3-tesla-mri\/#breadcrumb"},"inLanguage":"en-US","potentialAction":[{"@type":"ReadAction","target":["https:\/\/www.neolife.com.tr\/en\/artificial-intelligence-3-tesla-mri\/"]}]},{"@type":"ImageObject","inLanguage":"en-US","@id":"https:\/\/www.neolife.com.tr\/en\/artificial-intelligence-3-tesla-mri\/#primaryimage","url":"https:\/\/www.neolife.com.tr\/wp-content\/uploads\/2022\/06\/3TESLAGORSEL-1.jpg","contentUrl":"https:\/\/www.neolife.com.tr\/wp-content\/uploads\/2022\/06\/3TESLAGORSEL-1.jpg","width":600,"height":600},{"@type":"BreadcrumbList","@id":"https:\/\/www.neolife.com.tr\/en\/artificial-intelligence-3-tesla-mri\/#breadcrumb","itemListElement":[{"@type":"ListItem","position":1,"name":"Ana Sayfa","item":"https:\/\/www.neolife.com.tr\/en\/"},{"@type":"ListItem","position":2,"name":"3 Tesla MRI"}]},{"@type":"WebSite","@id":"https:\/\/www.neolife.com.tr\/#website","url":"https:\/\/www.neolife.com.tr\/","name":"Neolife T\u0131p Merkezi","description":"T\u00fcrkiye&#039;de kanser tedavisi - kanser te\u015fhisi ve tedavisi","publisher":{"@id":"https:\/\/www.neolife.com.tr\/#organization"},"potentialAction":[{"@type":"SearchAction","target":{"@type":"EntryPoint","urlTemplate":"https:\/\/www.neolife.com.tr\/?s={search_term_string}"},"query-input":"required name=search_term_string"}],"inLanguage":"en-US"},{"@type":"Organization","@id":"https:\/\/www.neolife.com.tr\/#organization","name":"Neolife T\u0131p Merkezi","url":"https:\/\/www.neolife.com.tr\/","logo":{"@type":"ImageObject","inLanguage":"en-US","@id":"https:\/\/www.neolife.com.tr\/#\/schema\/logo\/image\/","url":"https:\/\/www.neolife.com.tr\/wp-content\/uploads\/2021\/06\/Neolife-Logo.png","contentUrl":"https:\/\/www.neolife.com.tr\/wp-content\/uploads\/2021\/06\/Neolife-Logo.png","width":348,"height":92,"caption":"Neolife T\u0131p Merkezi"},"image":{"@id":"https:\/\/www.neolife.com.tr\/#\/schema\/logo\/image\/"},"sameAs":["https:\/\/www.facebook.com\/NeoLifeIstanbul\/","https:\/\/x.com\/NeoLifeIstanbul","https:\/\/www.linkedin.com\/company\/neolife-oncology-center\/?originalSubdomain=tr"]}]}},"_links":{"self":[{"href":"https:\/\/www.neolife.com.tr\/en\/wp-json\/wp\/v2\/pages\/8567","targetHints":{"allow":["GET"]}}],"collection":[{"href":"https:\/\/www.neolife.com.tr\/en\/wp-json\/wp\/v2\/pages"}],"about":[{"href":"https:\/\/www.neolife.com.tr\/en\/wp-json\/wp\/v2\/types\/page"}],"author":[{"embeddable":true,"href":"https:\/\/www.neolife.com.tr\/en\/wp-json\/wp\/v2\/users\/8"}],"replies":[{"embeddable":true,"href":"https:\/\/www.neolife.com.tr\/en\/wp-json\/wp\/v2\/comments?post=8567"}],"version-history":[{"count":11,"href":"https:\/\/www.neolife.com.tr\/en\/wp-json\/wp\/v2\/pages\/8567\/revisions"}],"predecessor-version":[{"id":22599,"href":"https:\/\/www.neolife.com.tr\/en\/wp-json\/wp\/v2\/pages\/8567\/revisions\/22599"}],"wp:featuredmedia":[{"embeddable":true,"href":"https:\/\/www.neolife.com.tr\/en\/wp-json\/wp\/v2\/media\/8587"}],"wp:attachment":[{"href":"https:\/\/www.neolife.com.tr\/en\/wp-json\/wp\/v2\/media?parent=8567"}],"curies":[{"name":"wp","href":"https:\/\/api.w.org\/{rel}","templated":true}]}}