{"id":5322,"date":"2021-09-03T15:48:11","date_gmt":"2021-09-03T12:48:11","guid":{"rendered":"https:\/\/neolife.com.tr\/?page_id=5322"},"modified":"2025-09-17T13:08:55","modified_gmt":"2025-09-17T10:08:55","slug":"imaging-with-ga-68-psma","status":"publish","type":"page","link":"https:\/\/www.neolife.com.tr\/en\/imaging-with-ga-68-psma\/","title":{"rendered":"Ga-68 PET\/CT"},"content":{"rendered":"<p><img fetchpriority=\"high\" decoding=\"async\" src=\"https:\/\/www.neolife.com.tr\/wp-content\/uploads\/2024\/12\/asdad-kopya-min-3.jpeg\" alt=\"Ga-68 PET\/CT\" width=\"1024\" height=\"576\" \/><\/p>\n<h2 style=\"color: #7a7a7a;\">Imaging with Ga-68 PSMA \u2013 Treatment of Prostate Cancer<\/h2>\n<p>Ga-68 PSMA and Prostate Cancer<\/p>\n<p>There have been new developments in the diagnosis and treatment of Prostate Cancer, in recent years. The name of this important development is the PET\/CT procedure which is performed with Ga-68 PSMA.<\/p>\n<p>Prostate cancer is the most common and fatal cancer type in men older than 50 years of age, after lung cancer.<\/p>\n<p>PSMA, meaning Prostate Specific Membrane Antigen, is a molecule which has the trait of attaching to the receptors, on the surface of 95% of the prostate tumor cells. When we connect this molecule to a radioactive material, named Ga-68, it becomes a radiopharmaceutical, extremely suitable for imaging. PSMA, marked with Ga-68, allows the detection of recurrences, even at very low levels of PSA. We successfully use Ga-68 PSA in diagnosis, staging, treatment planning and evaluation of response to therapy for prostate cancer.<\/p>\n<h2 style=\"color: #7a7a7a;\">Ga-68-Dotatate and Neuroendocrine Tumors<\/h2>\n<p>Neuroendocrine tumors is a disease group, which is rarely seen and can be originated from many organs and whose signs can be confused with other diseases; for this reason, it is a disease group which is very difficult to diagnose.<\/p>\n<p>The sensitivity of the classical imaging methods like ultrasound, tomography and MRI is low especially in the diagnosis of small-sized neuroendocrine tumors. Neuroendocrine tumors are one of the ideal tumor types for molecular imaging. The existence of peptides which can attach to the somatostatin receptors, known to be on the surfaces of neuroendocrine tumors, provides an opportunity for imaging these tumors.<\/p>\n<p>On PET\/CT imaging, made with Ga-68 DOTA-TATE, it was determined that 29% of patients\u2019 stages changed and changes were made in 75% patients\u2019 treatment plans. The combination of the peptides, known to attach to the somatostatin receptors, located on the neuroendocrine tumor cells, with a radioactive component allows them to be visualized. DOTA-TATE, marked with Ga-68, is one of the ideal agents, developed for this purpose. Especially in the treatment methods, performed with theranostic agents, the imaging of somatostatin receptors\u2019 existence with Ga-68 shows that this tumor type is also convenient for Rutesium-177 therapy, and this means the beginning of a new treatment method.<\/p>\n","protected":false},"excerpt":{"rendered":"<p>Imaging with Ga-68 PSMA \u2013 Treatment of Prostate Cancer Ga-68 PSMA and Prostate Cancer There have been new developments in the diagnosis and treatment of Prostate Cancer, in recent years. The name of this important development is the PET\/CT procedure which is performed with Ga-68 PSMA. Prostate cancer is the most common and fatal cancer [&hellip;]<\/p>\n","protected":false},"author":3,"featured_media":0,"parent":0,"menu_order":0,"comment_status":"closed","ping_status":"closed","template":"","meta":{"footnotes":""},"class_list":["post-5322","page","type-page","status-publish","hentry"],"yoast_head":"<!-- This site is optimized with the Yoast SEO plugin v22.5 - https:\/\/yoast.com\/wordpress\/plugins\/seo\/ -->\n<title>Ga-68 PET\/CT - Neolife T\u0131p Merkezi<\/title>\n<meta name=\"description\" content=\"There have been new developments in the diagnosis and treatment of Prostate Cancer, in recent years. The name of this important development is the PET\/CT procedure which is performed with Ga-68 PSMA.\" \/>\n<meta name=\"robots\" content=\"index, follow, max-snippet:-1, max-image-preview:large, max-video-preview:-1\" \/>\n<link rel=\"canonical\" href=\"https:\/\/www.neolife.com.tr\/en\/imaging-with-ga-68-psma\/\" \/>\n<meta name=\"twitter:label1\" content=\"Est. reading time\" \/>\n\t<meta name=\"twitter:data1\" content=\"3 minutes\" \/>\n<script type=\"application\/ld+json\" class=\"yoast-schema-graph\">{\"@context\":\"https:\/\/schema.org\",\"@graph\":[{\"@type\":\"WebPage\",\"@id\":\"https:\/\/www.neolife.com.tr\/en\/imaging-with-ga-68-psma\/\",\"url\":\"https:\/\/www.neolife.com.tr\/en\/imaging-with-ga-68-psma\/\",\"name\":\"Ga-68 PET\/CT - Neolife T\u0131p Merkezi\",\"isPartOf\":{\"@id\":\"https:\/\/www.neolife.com.tr\/#website\"},\"primaryImageOfPage\":{\"@id\":\"https:\/\/www.neolife.com.tr\/en\/imaging-with-ga-68-psma\/#primaryimage\"},\"image\":{\"@id\":\"https:\/\/www.neolife.com.tr\/en\/imaging-with-ga-68-psma\/#primaryimage\"},\"thumbnailUrl\":\"https:\/\/www.neolife.com.tr\/wp-content\/uploads\/2024\/12\/asdad-kopya-min-3.jpeg\",\"datePublished\":\"2021-09-03T12:48:11+00:00\",\"dateModified\":\"2025-09-17T10:08:55+00:00\",\"description\":\"There have been new developments in the diagnosis and treatment of Prostate Cancer, in recent years. The name of this important development is the PET\/CT procedure which is performed with Ga-68 PSMA.\",\"breadcrumb\":{\"@id\":\"https:\/\/www.neolife.com.tr\/en\/imaging-with-ga-68-psma\/#breadcrumb\"},\"inLanguage\":\"en-US\",\"potentialAction\":[{\"@type\":\"ReadAction\",\"target\":[\"https:\/\/www.neolife.com.tr\/en\/imaging-with-ga-68-psma\/\"]}]},{\"@type\":\"ImageObject\",\"inLanguage\":\"en-US\",\"@id\":\"https:\/\/www.neolife.com.tr\/en\/imaging-with-ga-68-psma\/#primaryimage\",\"url\":\"https:\/\/www.neolife.com.tr\/wp-content\/uploads\/2024\/12\/asdad-kopya-min-3.jpeg\",\"contentUrl\":\"https:\/\/www.neolife.com.tr\/wp-content\/uploads\/2024\/12\/asdad-kopya-min-3.jpeg\"},{\"@type\":\"BreadcrumbList\",\"@id\":\"https:\/\/www.neolife.com.tr\/en\/imaging-with-ga-68-psma\/#breadcrumb\",\"itemListElement\":[{\"@type\":\"ListItem\",\"position\":1,\"name\":\"Ana Sayfa\",\"item\":\"https:\/\/www.neolife.com.tr\/en\/\"},{\"@type\":\"ListItem\",\"position\":2,\"name\":\"Ga-68 PET\/CT\"}]},{\"@type\":\"WebSite\",\"@id\":\"https:\/\/www.neolife.com.tr\/#website\",\"url\":\"https:\/\/www.neolife.com.tr\/\",\"name\":\"Neolife T\u0131p Merkezi\",\"description\":\"T\u00fcrkiye&#039;de kanser tedavisi - kanser te\u015fhisi ve tedavisi\",\"publisher\":{\"@id\":\"https:\/\/www.neolife.com.tr\/#organization\"},\"potentialAction\":[{\"@type\":\"SearchAction\",\"target\":{\"@type\":\"EntryPoint\",\"urlTemplate\":\"https:\/\/www.neolife.com.tr\/?s={search_term_string}\"},\"query-input\":\"required name=search_term_string\"}],\"inLanguage\":\"en-US\"},{\"@type\":\"Organization\",\"@id\":\"https:\/\/www.neolife.com.tr\/#organization\",\"name\":\"Neolife T\u0131p Merkezi\",\"url\":\"https:\/\/www.neolife.com.tr\/\",\"logo\":{\"@type\":\"ImageObject\",\"inLanguage\":\"en-US\",\"@id\":\"https:\/\/www.neolife.com.tr\/#\/schema\/logo\/image\/\",\"url\":\"https:\/\/www.neolife.com.tr\/wp-content\/uploads\/2021\/06\/Neolife-Logo.png\",\"contentUrl\":\"https:\/\/www.neolife.com.tr\/wp-content\/uploads\/2021\/06\/Neolife-Logo.png\",\"width\":348,\"height\":92,\"caption\":\"Neolife T\u0131p Merkezi\"},\"image\":{\"@id\":\"https:\/\/www.neolife.com.tr\/#\/schema\/logo\/image\/\"},\"sameAs\":[\"https:\/\/www.facebook.com\/NeoLifeIstanbul\/\",\"https:\/\/x.com\/NeoLifeIstanbul\",\"https:\/\/www.linkedin.com\/company\/neolife-oncology-center\/?originalSubdomain=tr\"]}]}<\/script>\n<!-- \/ Yoast SEO plugin. -->","yoast_head_json":{"title":"Ga-68 PET\/CT - Neolife T\u0131p Merkezi","description":"There have been new developments in the diagnosis and treatment of Prostate Cancer, in recent years. The name of this important development is the PET\/CT procedure which is performed with Ga-68 PSMA.","robots":{"index":"index","follow":"follow","max-snippet":"max-snippet:-1","max-image-preview":"max-image-preview:large","max-video-preview":"max-video-preview:-1"},"canonical":"https:\/\/www.neolife.com.tr\/en\/imaging-with-ga-68-psma\/","twitter_misc":{"Est. reading time":"3 minutes"},"schema":{"@context":"https:\/\/schema.org","@graph":[{"@type":"WebPage","@id":"https:\/\/www.neolife.com.tr\/en\/imaging-with-ga-68-psma\/","url":"https:\/\/www.neolife.com.tr\/en\/imaging-with-ga-68-psma\/","name":"Ga-68 PET\/CT - Neolife T\u0131p Merkezi","isPartOf":{"@id":"https:\/\/www.neolife.com.tr\/#website"},"primaryImageOfPage":{"@id":"https:\/\/www.neolife.com.tr\/en\/imaging-with-ga-68-psma\/#primaryimage"},"image":{"@id":"https:\/\/www.neolife.com.tr\/en\/imaging-with-ga-68-psma\/#primaryimage"},"thumbnailUrl":"https:\/\/www.neolife.com.tr\/wp-content\/uploads\/2024\/12\/asdad-kopya-min-3.jpeg","datePublished":"2021-09-03T12:48:11+00:00","dateModified":"2025-09-17T10:08:55+00:00","description":"There have been new developments in the diagnosis and treatment of Prostate Cancer, in recent years. The name of this important development is the PET\/CT procedure which is performed with Ga-68 PSMA.","breadcrumb":{"@id":"https:\/\/www.neolife.com.tr\/en\/imaging-with-ga-68-psma\/#breadcrumb"},"inLanguage":"en-US","potentialAction":[{"@type":"ReadAction","target":["https:\/\/www.neolife.com.tr\/en\/imaging-with-ga-68-psma\/"]}]},{"@type":"ImageObject","inLanguage":"en-US","@id":"https:\/\/www.neolife.com.tr\/en\/imaging-with-ga-68-psma\/#primaryimage","url":"https:\/\/www.neolife.com.tr\/wp-content\/uploads\/2024\/12\/asdad-kopya-min-3.jpeg","contentUrl":"https:\/\/www.neolife.com.tr\/wp-content\/uploads\/2024\/12\/asdad-kopya-min-3.jpeg"},{"@type":"BreadcrumbList","@id":"https:\/\/www.neolife.com.tr\/en\/imaging-with-ga-68-psma\/#breadcrumb","itemListElement":[{"@type":"ListItem","position":1,"name":"Ana Sayfa","item":"https:\/\/www.neolife.com.tr\/en\/"},{"@type":"ListItem","position":2,"name":"Ga-68 PET\/CT"}]},{"@type":"WebSite","@id":"https:\/\/www.neolife.com.tr\/#website","url":"https:\/\/www.neolife.com.tr\/","name":"Neolife T\u0131p Merkezi","description":"T\u00fcrkiye&#039;de kanser tedavisi - kanser te\u015fhisi ve tedavisi","publisher":{"@id":"https:\/\/www.neolife.com.tr\/#organization"},"potentialAction":[{"@type":"SearchAction","target":{"@type":"EntryPoint","urlTemplate":"https:\/\/www.neolife.com.tr\/?s={search_term_string}"},"query-input":"required name=search_term_string"}],"inLanguage":"en-US"},{"@type":"Organization","@id":"https:\/\/www.neolife.com.tr\/#organization","name":"Neolife T\u0131p Merkezi","url":"https:\/\/www.neolife.com.tr\/","logo":{"@type":"ImageObject","inLanguage":"en-US","@id":"https:\/\/www.neolife.com.tr\/#\/schema\/logo\/image\/","url":"https:\/\/www.neolife.com.tr\/wp-content\/uploads\/2021\/06\/Neolife-Logo.png","contentUrl":"https:\/\/www.neolife.com.tr\/wp-content\/uploads\/2021\/06\/Neolife-Logo.png","width":348,"height":92,"caption":"Neolife T\u0131p Merkezi"},"image":{"@id":"https:\/\/www.neolife.com.tr\/#\/schema\/logo\/image\/"},"sameAs":["https:\/\/www.facebook.com\/NeoLifeIstanbul\/","https:\/\/x.com\/NeoLifeIstanbul","https:\/\/www.linkedin.com\/company\/neolife-oncology-center\/?originalSubdomain=tr"]}]}},"_links":{"self":[{"href":"https:\/\/www.neolife.com.tr\/en\/wp-json\/wp\/v2\/pages\/5322","targetHints":{"allow":["GET"]}}],"collection":[{"href":"https:\/\/www.neolife.com.tr\/en\/wp-json\/wp\/v2\/pages"}],"about":[{"href":"https:\/\/www.neolife.com.tr\/en\/wp-json\/wp\/v2\/types\/page"}],"author":[{"embeddable":true,"href":"https:\/\/www.neolife.com.tr\/en\/wp-json\/wp\/v2\/users\/3"}],"replies":[{"embeddable":true,"href":"https:\/\/www.neolife.com.tr\/en\/wp-json\/wp\/v2\/comments?post=5322"}],"version-history":[{"count":54,"href":"https:\/\/www.neolife.com.tr\/en\/wp-json\/wp\/v2\/pages\/5322\/revisions"}],"predecessor-version":[{"id":28795,"href":"https:\/\/www.neolife.com.tr\/en\/wp-json\/wp\/v2\/pages\/5322\/revisions\/28795"}],"wp:attachment":[{"href":"https:\/\/www.neolife.com.tr\/en\/wp-json\/wp\/v2\/media?parent=5322"}],"curies":[{"name":"wp","href":"https:\/\/api.w.org\/{rel}","templated":true}]}}