{"id":34610,"date":"2025-11-28T15:01:45","date_gmt":"2025-11-28T12:01:45","guid":{"rendered":"https:\/\/www.neolife.com.tr\/?page_id=34610"},"modified":"2025-11-28T15:01:45","modified_gmt":"2025-11-28T12:01:45","slug":"videos","status":"publish","type":"page","link":"https:\/\/www.neolife.com.tr\/en\/videos\/","title":{"rendered":"Videos"},"content":{"rendered":"\t\t<div data-elementor-type=\"wp-page\" data-elementor-id=\"34610\" class=\"elementor elementor-34610\" data-elementor-post-type=\"page\">\n\t\t\t\t\t\t<section class=\"elementor-section elementor-top-section elementor-element elementor-element-19093de elementor-section-boxed elementor-section-height-default elementor-section-height-default\" data-id=\"19093de\" data-element_type=\"section\">\n\t\t\t\t\t\t<div class=\"elementor-container elementor-column-gap-default\">\n\t\t\t\t\t<div class=\"elementor-column elementor-col-50 elementor-top-column elementor-element elementor-element-921157a\" data-id=\"921157a\" data-element_type=\"column\">\n\t\t\t<div class=\"elementor-widget-wrap elementor-element-populated\">\n\t\t\t\t\t\t<div class=\"elementor-element elementor-element-afb5167 elementor-widget elementor-widget-image\" data-id=\"afb5167\" data-element_type=\"widget\" data-widget_type=\"image.default\">\n\t\t\t\t<div class=\"elementor-widget-container\">\n\t\t\t\t\t\t\t\t\t\t\t\t\t\t\t\t<a href=\"https:\/\/www.neolife.com.tr\/op-dr-zeynep-civelek-caynak-videolar-2\/\">\n\t\t\t\t\t\t\t<img fetchpriority=\"high\" decoding=\"async\" width=\"1024\" height=\"576\" src=\"https:\/\/www.neolife.com.tr\/wp-content\/uploads\/2025\/11\/Zeynep-civelek-caynak-video-1024x576.webp\" class=\"attachment-large size-large wp-image-33027\" alt=\"\" srcset=\"https:\/\/www.neolife.com.tr\/wp-content\/uploads\/2025\/11\/Zeynep-civelek-caynak-video-1024x576.webp 1024w, https:\/\/www.neolife.com.tr\/wp-content\/uploads\/2025\/11\/Zeynep-civelek-caynak-video-300x169.webp 300w, https:\/\/www.neolife.com.tr\/wp-content\/uploads\/2025\/11\/Zeynep-civelek-caynak-video-768x432.webp 768w, https:\/\/www.neolife.com.tr\/wp-content\/uploads\/2025\/11\/Zeynep-civelek-caynak-video-1536x864.webp 1536w, https:\/\/www.neolife.com.tr\/wp-content\/uploads\/2025\/11\/Zeynep-civelek-caynak-video.webp 1920w\" sizes=\"(max-width: 1024px) 100vw, 1024px\" \/>\t\t\t\t\t\t\t\t<\/a>\n\t\t\t\t\t\t\t\t\t\t\t\t\t\t\t<\/div>\n\t\t\t\t<\/div>\n\t\t\t\t\t<\/div>\n\t\t<\/div>\n\t\t\t\t<div class=\"elementor-column elementor-col-50 elementor-top-column elementor-element elementor-element-e016b41\" data-id=\"e016b41\" data-element_type=\"column\">\n\t\t\t<div class=\"elementor-widget-wrap elementor-element-populated\">\n\t\t\t\t\t\t<div class=\"elementor-element elementor-element-1a14a73 elementor-widget elementor-widget-image\" data-id=\"1a14a73\" data-element_type=\"widget\" data-widget_type=\"image.default\">\n\t\t\t\t<div class=\"elementor-widget-container\">\n\t\t\t\t\t\t\t\t\t\t\t\t\t\t\t\t<a href=\"https:\/\/www.neolife.com.tr\/uzm-dr-nesrin-aslan-ilkmen-videolar-2\/\">\n\t\t\t\t\t\t\t<img decoding=\"async\" width=\"1024\" height=\"576\" src=\"https:\/\/www.neolife.com.tr\/wp-content\/uploads\/2025\/11\/Nesrin-aslan-ilkmen-video-1024x576.webp\" class=\"attachment-large size-large wp-image-33034\" alt=\"\" srcset=\"https:\/\/www.neolife.com.tr\/wp-content\/uploads\/2025\/11\/Nesrin-aslan-ilkmen-video-1024x576.webp 1024w, https:\/\/www.neolife.com.tr\/wp-content\/uploads\/2025\/11\/Nesrin-aslan-ilkmen-video-300x169.webp 300w, https:\/\/www.neolife.com.tr\/wp-content\/uploads\/2025\/11\/Nesrin-aslan-ilkmen-video-768x432.webp 768w, https:\/\/www.neolife.com.tr\/wp-content\/uploads\/2025\/11\/Nesrin-aslan-ilkmen-video-1536x864.webp 1536w, https:\/\/www.neolife.com.tr\/wp-content\/uploads\/2025\/11\/Nesrin-aslan-ilkmen-video.webp 1920w\" sizes=\"(max-width: 1024px) 100vw, 1024px\" \/>\t\t\t\t\t\t\t\t<\/a>\n\t\t\t\t\t\t\t\t\t\t\t\t\t\t\t<\/div>\n\t\t\t\t<\/div>\n\t\t\t\t\t<\/div>\n\t\t<\/div>\n\t\t\t\t\t<\/div>\n\t\t<\/section>\n\t\t\t\t<section class=\"elementor-section elementor-top-section elementor-element elementor-element-69cd148 elementor-section-boxed elementor-section-height-default elementor-section-height-default\" data-id=\"69cd148\" data-element_type=\"section\">\n\t\t\t\t\t\t<div class=\"elementor-container elementor-column-gap-default\">\n\t\t\t\t\t<div class=\"elementor-column elementor-col-50 elementor-top-column elementor-element elementor-element-9c066d9\" data-id=\"9c066d9\" data-element_type=\"column\">\n\t\t\t<div class=\"elementor-widget-wrap elementor-element-populated\">\n\t\t\t\t\t\t<div class=\"elementor-element elementor-element-223495a elementor-widget elementor-widget-image\" data-id=\"223495a\" data-element_type=\"widget\" data-widget_type=\"image.default\">\n\t\t\t\t<div class=\"elementor-widget-container\">\n\t\t\t\t\t\t\t\t\t\t\t\t\t\t\t<img decoding=\"async\" width=\"1024\" height=\"576\" src=\"https:\/\/www.neolife.com.tr\/wp-content\/uploads\/2025\/11\/Didem-Karacetin-Video-1024x576.webp\" class=\"attachment-large size-large wp-image-33041\" alt=\"\" srcset=\"https:\/\/www.neolife.com.tr\/wp-content\/uploads\/2025\/11\/Didem-Karacetin-Video-1024x576.webp 1024w, https:\/\/www.neolife.com.tr\/wp-content\/uploads\/2025\/11\/Didem-Karacetin-Video-300x169.webp 300w, https:\/\/www.neolife.com.tr\/wp-content\/uploads\/2025\/11\/Didem-Karacetin-Video-768x432.webp 768w, https:\/\/www.neolife.com.tr\/wp-content\/uploads\/2025\/11\/Didem-Karacetin-Video-1536x864.webp 1536w, https:\/\/www.neolife.com.tr\/wp-content\/uploads\/2025\/11\/Didem-Karacetin-Video.webp 1920w\" sizes=\"(max-width: 1024px) 100vw, 1024px\" \/>\t\t\t\t\t\t\t\t\t\t\t\t\t\t\t<\/div>\n\t\t\t\t<\/div>\n\t\t\t\t\t<\/div>\n\t\t<\/div>\n\t\t\t\t<div class=\"elementor-column elementor-col-50 elementor-top-column elementor-element elementor-element-3b68610\" data-id=\"3b68610\" data-element_type=\"column\">\n\t\t\t<div class=\"elementor-widget-wrap elementor-element-populated\">\n\t\t\t\t\t\t<div class=\"elementor-element elementor-element-ba9d424 elementor-widget elementor-widget-image\" data-id=\"ba9d424\" data-element_type=\"widget\" data-widget_type=\"image.default\">\n\t\t\t\t<div class=\"elementor-widget-container\">\n\t\t\t\t\t\t\t\t\t\t\t\t\t\t\t<img loading=\"lazy\" decoding=\"async\" width=\"1024\" height=\"576\" src=\"https:\/\/www.neolife.com.tr\/wp-content\/uploads\/2025\/11\/Nurten-Isik-Dinckal-Video-1024x576.webp\" class=\"attachment-large size-large wp-image-33048\" alt=\"\" srcset=\"https:\/\/www.neolife.com.tr\/wp-content\/uploads\/2025\/11\/Nurten-Isik-Dinckal-Video-1024x576.webp 1024w, https:\/\/www.neolife.com.tr\/wp-content\/uploads\/2025\/11\/Nurten-Isik-Dinckal-Video-300x169.webp 300w, https:\/\/www.neolife.com.tr\/wp-content\/uploads\/2025\/11\/Nurten-Isik-Dinckal-Video-768x432.webp 768w, https:\/\/www.neolife.com.tr\/wp-content\/uploads\/2025\/11\/Nurten-Isik-Dinckal-Video-1536x864.webp 1536w, https:\/\/www.neolife.com.tr\/wp-content\/uploads\/2025\/11\/Nurten-Isik-Dinckal-Video.webp 1920w\" sizes=\"(max-width: 1024px) 100vw, 1024px\" \/>\t\t\t\t\t\t\t\t\t\t\t\t\t\t\t<\/div>\n\t\t\t\t<\/div>\n\t\t\t\t\t<\/div>\n\t\t<\/div>\n\t\t\t\t\t<\/div>\n\t\t<\/section>\n\t\t\t\t<section class=\"elementor-section elementor-top-section elementor-element elementor-element-5829fbd elementor-section-boxed elementor-section-height-default elementor-section-height-default\" data-id=\"5829fbd\" data-element_type=\"section\">\n\t\t\t\t\t\t<div class=\"elementor-container elementor-column-gap-default\">\n\t\t\t\t\t<div class=\"elementor-column elementor-col-50 elementor-top-column elementor-element elementor-element-7dac702\" data-id=\"7dac702\" data-element_type=\"column\">\n\t\t\t<div class=\"elementor-widget-wrap elementor-element-populated\">\n\t\t\t\t\t\t<div class=\"elementor-element elementor-element-12b3c14 elementor-widget elementor-widget-image\" data-id=\"12b3c14\" data-element_type=\"widget\" data-widget_type=\"image.default\">\n\t\t\t\t<div class=\"elementor-widget-container\">\n\t\t\t\t\t\t\t\t\t\t\t\t\t\t\t<img loading=\"lazy\" decoding=\"async\" width=\"1024\" height=\"576\" src=\"https:\/\/www.neolife.com.tr\/wp-content\/uploads\/2025\/11\/Umit-Tuzun-Video-1024x576.webp\" class=\"attachment-large size-large wp-image-33055\" alt=\"\" srcset=\"https:\/\/www.neolife.com.tr\/wp-content\/uploads\/2025\/11\/Umit-Tuzun-Video-1024x576.webp 1024w, https:\/\/www.neolife.com.tr\/wp-content\/uploads\/2025\/11\/Umit-Tuzun-Video-300x169.webp 300w, https:\/\/www.neolife.com.tr\/wp-content\/uploads\/2025\/11\/Umit-Tuzun-Video-768x432.webp 768w, https:\/\/www.neolife.com.tr\/wp-content\/uploads\/2025\/11\/Umit-Tuzun-Video-1536x864.webp 1536w, https:\/\/www.neolife.com.tr\/wp-content\/uploads\/2025\/11\/Umit-Tuzun-Video.webp 1920w\" sizes=\"(max-width: 1024px) 100vw, 1024px\" \/>\t\t\t\t\t\t\t\t\t\t\t\t\t\t\t<\/div>\n\t\t\t\t<\/div>\n\t\t\t\t\t<\/div>\n\t\t<\/div>\n\t\t\t\t<div class=\"elementor-column elementor-col-50 elementor-top-column elementor-element elementor-element-877b52c\" data-id=\"877b52c\" data-element_type=\"column\">\n\t\t\t<div class=\"elementor-widget-wrap elementor-element-populated\">\n\t\t\t\t\t\t<div class=\"elementor-element elementor-element-757e21c elementor-widget elementor-widget-image\" data-id=\"757e21c\" data-element_type=\"widget\" data-widget_type=\"image.default\">\n\t\t\t\t<div class=\"elementor-widget-container\">\n\t\t\t\t\t\t\t\t\t\t\t\t\t\t\t<img loading=\"lazy\" decoding=\"async\" width=\"1024\" height=\"576\" src=\"https:\/\/www.neolife.com.tr\/wp-content\/uploads\/2025\/11\/Nevit-Dilmen-Video-1024x576.webp\" class=\"attachment-large size-large wp-image-33062\" alt=\"\" srcset=\"https:\/\/www.neolife.com.tr\/wp-content\/uploads\/2025\/11\/Nevit-Dilmen-Video-1024x576.webp 1024w, https:\/\/www.neolife.com.tr\/wp-content\/uploads\/2025\/11\/Nevit-Dilmen-Video-300x169.webp 300w, https:\/\/www.neolife.com.tr\/wp-content\/uploads\/2025\/11\/Nevit-Dilmen-Video-768x432.webp 768w, https:\/\/www.neolife.com.tr\/wp-content\/uploads\/2025\/11\/Nevit-Dilmen-Video-1536x864.webp 1536w, https:\/\/www.neolife.com.tr\/wp-content\/uploads\/2025\/11\/Nevit-Dilmen-Video.webp 1920w\" sizes=\"(max-width: 1024px) 100vw, 1024px\" \/>\t\t\t\t\t\t\t\t\t\t\t\t\t\t\t<\/div>\n\t\t\t\t<\/div>\n\t\t\t\t\t<\/div>\n\t\t<\/div>\n\t\t\t\t\t<\/div>\n\t\t<\/section>\n\t\t\t\t<section class=\"elementor-section elementor-top-section elementor-element elementor-element-6888ef1 elementor-section-boxed elementor-section-height-default elementor-section-height-default\" data-id=\"6888ef1\" data-element_type=\"section\">\n\t\t\t\t\t\t<div class=\"elementor-container elementor-column-gap-default\">\n\t\t\t\t\t<div class=\"elementor-column elementor-col-50 elementor-top-column elementor-element elementor-element-9543290\" data-id=\"9543290\" data-element_type=\"column\">\n\t\t\t<div class=\"elementor-widget-wrap elementor-element-populated\">\n\t\t\t\t\t\t<div class=\"elementor-element elementor-element-0204c5f elementor-widget elementor-widget-image\" data-id=\"0204c5f\" data-element_type=\"widget\" data-widget_type=\"image.default\">\n\t\t\t\t<div class=\"elementor-widget-container\">\n\t\t\t\t\t\t\t\t\t\t\t\t\t\t\t<img loading=\"lazy\" decoding=\"async\" width=\"1024\" height=\"576\" src=\"https:\/\/www.neolife.com.tr\/wp-content\/uploads\/2025\/11\/Zerrin-Aydin-Video-1024x576.webp\" class=\"attachment-large size-large wp-image-33069\" alt=\"\" srcset=\"https:\/\/www.neolife.com.tr\/wp-content\/uploads\/2025\/11\/Zerrin-Aydin-Video-1024x576.webp 1024w, https:\/\/www.neolife.com.tr\/wp-content\/uploads\/2025\/11\/Zerrin-Aydin-Video-300x169.webp 300w, https:\/\/www.neolife.com.tr\/wp-content\/uploads\/2025\/11\/Zerrin-Aydin-Video-768x432.webp 768w, https:\/\/www.neolife.com.tr\/wp-content\/uploads\/2025\/11\/Zerrin-Aydin-Video-1536x864.webp 1536w, https:\/\/www.neolife.com.tr\/wp-content\/uploads\/2025\/11\/Zerrin-Aydin-Video.webp 1920w\" sizes=\"(max-width: 1024px) 100vw, 1024px\" \/>\t\t\t\t\t\t\t\t\t\t\t\t\t\t\t<\/div>\n\t\t\t\t<\/div>\n\t\t\t\t\t<\/div>\n\t\t<\/div>\n\t\t\t\t<div class=\"elementor-column elementor-col-50 elementor-top-column elementor-element elementor-element-9adf881\" data-id=\"9adf881\" data-element_type=\"column\">\n\t\t\t<div class=\"elementor-widget-wrap\">\n\t\t\t\t\t\t\t<\/div>\n\t\t<\/div>\n\t\t\t\t\t<\/div>\n\t\t<\/section>\n\t\t\t\t<\/div>\n\t\t","protected":false},"excerpt":{"rendered":"","protected":false},"author":15,"featured_media":0,"parent":0,"menu_order":0,"comment_status":"closed","ping_status":"closed","template":"elementor_header_footer","meta":{"footnotes":""},"class_list":["post-34610","page","type-page","status-publish","hentry"],"yoast_head":"<!-- This site is optimized with the Yoast SEO plugin v22.5 - https:\/\/yoast.com\/wordpress\/plugins\/seo\/ -->\n<title>Videos - Neolife T\u0131p Merkezi<\/title>\n<meta name=\"robots\" content=\"index, follow, max-snippet:-1, max-image-preview:large, max-video-preview:-1\" \/>\n<link rel=\"canonical\" href=\"https:\/\/www.neolife.com.tr\/en\/videos\/\" \/>\n<script type=\"application\/ld+json\" class=\"yoast-schema-graph\">{\"@context\":\"https:\/\/schema.org\",\"@graph\":[{\"@type\":\"WebPage\",\"@id\":\"https:\/\/www.neolife.com.tr\/en\/videos\/\",\"url\":\"https:\/\/www.neolife.com.tr\/en\/videos\/\",\"name\":\"Videos - Neolife T\u0131p Merkezi\",\"isPartOf\":{\"@id\":\"https:\/\/www.neolife.com.tr\/#website\"},\"datePublished\":\"2025-11-28T12:01:45+00:00\",\"dateModified\":\"2025-11-28T12:01:45+00:00\",\"breadcrumb\":{\"@id\":\"https:\/\/www.neolife.com.tr\/en\/videos\/#breadcrumb\"},\"inLanguage\":\"en-US\",\"potentialAction\":[{\"@type\":\"ReadAction\",\"target\":[\"https:\/\/www.neolife.com.tr\/en\/videos\/\"]}]},{\"@type\":\"BreadcrumbList\",\"@id\":\"https:\/\/www.neolife.com.tr\/en\/videos\/#breadcrumb\",\"itemListElement\":[{\"@type\":\"ListItem\",\"position\":1,\"name\":\"Ana Sayfa\",\"item\":\"https:\/\/www.neolife.com.tr\/en\/\"},{\"@type\":\"ListItem\",\"position\":2,\"name\":\"Videos\"}]},{\"@type\":\"WebSite\",\"@id\":\"https:\/\/www.neolife.com.tr\/#website\",\"url\":\"https:\/\/www.neolife.com.tr\/\",\"name\":\"Neolife T\u0131p Merkezi\",\"description\":\"T\u00fcrkiye&#039;de kanser tedavisi - kanser te\u015fhisi ve tedavisi\",\"publisher\":{\"@id\":\"https:\/\/www.neolife.com.tr\/#organization\"},\"potentialAction\":[{\"@type\":\"SearchAction\",\"target\":{\"@type\":\"EntryPoint\",\"urlTemplate\":\"https:\/\/www.neolife.com.tr\/?s={search_term_string}\"},\"query-input\":\"required name=search_term_string\"}],\"inLanguage\":\"en-US\"},{\"@type\":\"Organization\",\"@id\":\"https:\/\/www.neolife.com.tr\/#organization\",\"name\":\"Neolife T\u0131p Merkezi\",\"url\":\"https:\/\/www.neolife.com.tr\/\",\"logo\":{\"@type\":\"ImageObject\",\"inLanguage\":\"en-US\",\"@id\":\"https:\/\/www.neolife.com.tr\/#\/schema\/logo\/image\/\",\"url\":\"https:\/\/www.neolife.com.tr\/wp-content\/uploads\/2021\/06\/Neolife-Logo.png\",\"contentUrl\":\"https:\/\/www.neolife.com.tr\/wp-content\/uploads\/2021\/06\/Neolife-Logo.png\",\"width\":348,\"height\":92,\"caption\":\"Neolife T\u0131p Merkezi\"},\"image\":{\"@id\":\"https:\/\/www.neolife.com.tr\/#\/schema\/logo\/image\/\"},\"sameAs\":[\"https:\/\/www.facebook.com\/NeoLifeIstanbul\/\",\"https:\/\/x.com\/NeoLifeIstanbul\",\"https:\/\/www.linkedin.com\/company\/neolife-oncology-center\/?originalSubdomain=tr\"]}]}<\/script>\n<!-- \/ Yoast SEO plugin. -->","yoast_head_json":{"title":"Videos - Neolife T\u0131p Merkezi","robots":{"index":"index","follow":"follow","max-snippet":"max-snippet:-1","max-image-preview":"max-image-preview:large","max-video-preview":"max-video-preview:-1"},"canonical":"https:\/\/www.neolife.com.tr\/en\/videos\/","schema":{"@context":"https:\/\/schema.org","@graph":[{"@type":"WebPage","@id":"https:\/\/www.neolife.com.tr\/en\/videos\/","url":"https:\/\/www.neolife.com.tr\/en\/videos\/","name":"Videos - Neolife T\u0131p Merkezi","isPartOf":{"@id":"https:\/\/www.neolife.com.tr\/#website"},"datePublished":"2025-11-28T12:01:45+00:00","dateModified":"2025-11-28T12:01:45+00:00","breadcrumb":{"@id":"https:\/\/www.neolife.com.tr\/en\/videos\/#breadcrumb"},"inLanguage":"en-US","potentialAction":[{"@type":"ReadAction","target":["https:\/\/www.neolife.com.tr\/en\/videos\/"]}]},{"@type":"BreadcrumbList","@id":"https:\/\/www.neolife.com.tr\/en\/videos\/#breadcrumb","itemListElement":[{"@type":"ListItem","position":1,"name":"Ana Sayfa","item":"https:\/\/www.neolife.com.tr\/en\/"},{"@type":"ListItem","position":2,"name":"Videos"}]},{"@type":"WebSite","@id":"https:\/\/www.neolife.com.tr\/#website","url":"https:\/\/www.neolife.com.tr\/","name":"Neolife T\u0131p Merkezi","description":"T\u00fcrkiye&#039;de kanser tedavisi - kanser te\u015fhisi ve tedavisi","publisher":{"@id":"https:\/\/www.neolife.com.tr\/#organization"},"potentialAction":[{"@type":"SearchAction","target":{"@type":"EntryPoint","urlTemplate":"https:\/\/www.neolife.com.tr\/?s={search_term_string}"},"query-input":"required name=search_term_string"}],"inLanguage":"en-US"},{"@type":"Organization","@id":"https:\/\/www.neolife.com.tr\/#organization","name":"Neolife T\u0131p Merkezi","url":"https:\/\/www.neolife.com.tr\/","logo":{"@type":"ImageObject","inLanguage":"en-US","@id":"https:\/\/www.neolife.com.tr\/#\/schema\/logo\/image\/","url":"https:\/\/www.neolife.com.tr\/wp-content\/uploads\/2021\/06\/Neolife-Logo.png","contentUrl":"https:\/\/www.neolife.com.tr\/wp-content\/uploads\/2021\/06\/Neolife-Logo.png","width":348,"height":92,"caption":"Neolife T\u0131p Merkezi"},"image":{"@id":"https:\/\/www.neolife.com.tr\/#\/schema\/logo\/image\/"},"sameAs":["https:\/\/www.facebook.com\/NeoLifeIstanbul\/","https:\/\/x.com\/NeoLifeIstanbul","https:\/\/www.linkedin.com\/company\/neolife-oncology-center\/?originalSubdomain=tr"]}]}},"_links":{"self":[{"href":"https:\/\/www.neolife.com.tr\/en\/wp-json\/wp\/v2\/pages\/34610","targetHints":{"allow":["GET"]}}],"collection":[{"href":"https:\/\/www.neolife.com.tr\/en\/wp-json\/wp\/v2\/pages"}],"about":[{"href":"https:\/\/www.neolife.com.tr\/en\/wp-json\/wp\/v2\/types\/page"}],"author":[{"embeddable":true,"href":"https:\/\/www.neolife.com.tr\/en\/wp-json\/wp\/v2\/users\/15"}],"replies":[{"embeddable":true,"href":"https:\/\/www.neolife.com.tr\/en\/wp-json\/wp\/v2\/comments?post=34610"}],"version-history":[{"count":1,"href":"https:\/\/www.neolife.com.tr\/en\/wp-json\/wp\/v2\/pages\/34610\/revisions"}],"predecessor-version":[{"id":34614,"href":"https:\/\/www.neolife.com.tr\/en\/wp-json\/wp\/v2\/pages\/34610\/revisions\/34614"}],"wp:attachment":[{"href":"https:\/\/www.neolife.com.tr\/en\/wp-json\/wp\/v2\/media?parent=34610"}],"curies":[{"name":"wp","href":"https:\/\/api.w.org\/{rel}","templated":true}]}}