{"id":28199,"date":"2025-09-08T00:12:33","date_gmt":"2025-09-07T21:12:33","guid":{"rendered":"https:\/\/www.neolife.com.tr\/?page_id=28199"},"modified":"2025-09-08T00:19:18","modified_gmt":"2025-09-07T21:19:18","slug":"dr-nevit-dilmen","status":"publish","type":"page","link":"https:\/\/www.neolife.com.tr\/en\/dr-nevit-dilmen\/","title":{"rendered":"Dr. Nevit Dilmen"},"content":{"rendered":"\t\t<div data-elementor-type=\"wp-page\" data-elementor-id=\"28199\" class=\"elementor elementor-28199\" data-elementor-post-type=\"page\">\n\t\t\t\t\t\t<section class=\"elementor-section elementor-top-section elementor-element elementor-element-c7c62a1 elementor-section-boxed elementor-section-height-default elementor-section-height-default\" data-id=\"c7c62a1\" data-element_type=\"section\">\n\t\t\t\t\t\t<div class=\"elementor-container elementor-column-gap-default\">\n\t\t\t\t\t<div class=\"elementor-column elementor-col-50 elementor-top-column elementor-element elementor-element-6e40ea0\" data-id=\"6e40ea0\" data-element_type=\"column\">\n\t\t\t<div class=\"elementor-widget-wrap elementor-element-populated\">\n\t\t\t\t\t\t<section class=\"elementor-section elementor-inner-section elementor-element elementor-element-66531f9 elementor-section-boxed elementor-section-height-default elementor-section-height-default\" data-id=\"66531f9\" data-element_type=\"section\">\n\t\t\t\t\t\t<div class=\"elementor-container elementor-column-gap-default\">\n\t\t\t\t\t<div class=\"elementor-column elementor-col-50 elementor-inner-column elementor-element elementor-element-715ab8f\" data-id=\"715ab8f\" data-element_type=\"column\">\n\t\t\t<div class=\"elementor-widget-wrap elementor-element-populated\">\n\t\t\t\t\t\t<div class=\"elementor-element elementor-element-437f44a elementor-widget elementor-widget-image\" data-id=\"437f44a\" data-element_type=\"widget\" data-widget_type=\"image.default\">\n\t\t\t\t<div class=\"elementor-widget-container\">\n\t\t\t\t\t\t\t\t\t\t\t\t\t\t\t<img fetchpriority=\"high\" decoding=\"async\" width=\"1024\" height=\"1024\" src=\"https:\/\/www.neolife.com.tr\/wp-content\/uploads\/2025\/09\/Nevit-Dilmen-256x256-4-1024x1024.webp\" class=\"attachment-large size-large wp-image-28176\" alt=\"\" srcset=\"https:\/\/www.neolife.com.tr\/wp-content\/uploads\/2025\/09\/Nevit-Dilmen-256x256-4-1024x1024.webp 1024w, https:\/\/www.neolife.com.tr\/wp-content\/uploads\/2025\/09\/Nevit-Dilmen-256x256-4-300x300.webp 300w, https:\/\/www.neolife.com.tr\/wp-content\/uploads\/2025\/09\/Nevit-Dilmen-256x256-4-150x150.webp 150w, https:\/\/www.neolife.com.tr\/wp-content\/uploads\/2025\/09\/Nevit-Dilmen-256x256-4-768x768.webp 768w, https:\/\/www.neolife.com.tr\/wp-content\/uploads\/2025\/09\/Nevit-Dilmen-256x256-4-1536x1536.webp 1536w, https:\/\/www.neolife.com.tr\/wp-content\/uploads\/2025\/09\/Nevit-Dilmen-256x256-4.webp 1850w\" sizes=\"(max-width: 1024px) 100vw, 1024px\" \/>\t\t\t\t\t\t\t\t\t\t\t\t\t\t\t<\/div>\n\t\t\t\t<\/div>\n\t\t\t\t<div class=\"elementor-element elementor-element-49b27af elementor-widget elementor-widget-heading\" data-id=\"49b27af\" data-element_type=\"widget\" data-widget_type=\"heading.default\">\n\t\t\t\t<div class=\"elementor-widget-container\">\n\t\t\t\t\t<h2 class=\"elementor-heading-title elementor-size-default\">Radiology Specialist<\/h2>\t\t\t\t<\/div>\n\t\t\t\t<\/div>\n\t\t\t\t\t<\/div>\n\t\t<\/div>\n\t\t\t\t<div class=\"elementor-column elementor-col-50 elementor-inner-column elementor-element elementor-element-d24eb54\" data-id=\"d24eb54\" data-element_type=\"column\">\n\t\t\t<div class=\"elementor-widget-wrap elementor-element-populated\">\n\t\t\t\t\t\t<div class=\"elementor-element elementor-element-6833439 elementor-widget elementor-widget-heading\" data-id=\"6833439\" data-element_type=\"widget\" data-widget_type=\"heading.default\">\n\t\t\t\t<div class=\"elementor-widget-container\">\n\t\t\t\t\t<h2 class=\"elementor-heading-title elementor-size-default\">Dr. Nevit Dilmen<\/h2>\t\t\t\t<\/div>\n\t\t\t\t<\/div>\n\t\t\t\t\t<\/div>\n\t\t<\/div>\n\t\t\t\t\t<\/div>\n\t\t<\/section>\n\t\t\t\t<div class=\"elementor-element elementor-element-733b8f9 elementor-widget-divider--view-line elementor-widget elementor-widget-divider\" data-id=\"733b8f9\" data-element_type=\"widget\" data-widget_type=\"divider.default\">\n\t\t\t\t<div class=\"elementor-widget-container\">\n\t\t\t\t\t\t\t<div class=\"elementor-divider\">\n\t\t\t<span class=\"elementor-divider-separator\">\n\t\t\t\t\t\t<\/span>\n\t\t<\/div>\n\t\t\t\t\t\t<\/div>\n\t\t\t\t<\/div>\n\t\t\t\t<div class=\"elementor-element elementor-element-9436c91 elementor-widget elementor-widget-heading\" data-id=\"9436c91\" data-element_type=\"widget\" data-widget_type=\"heading.default\">\n\t\t\t\t<div class=\"elementor-widget-container\">\n\t\t\t\t\t<h2 class=\"elementor-heading-title elementor-size-default\">Areas of Interest<\/h2>\t\t\t\t<\/div>\n\t\t\t\t<\/div>\n\t\t\t\t<div class=\"elementor-element elementor-element-e79bee1 elementor-widget elementor-widget-text-editor\" data-id=\"e79bee1\" data-element_type=\"widget\" data-widget_type=\"text-editor.default\">\n\t\t\t\t<div class=\"elementor-widget-container\">\n\t\t\t\t\t\t\t\t\t<div id=\"text_block-173-5342\" class=\"ct-text-block doktor-text\"><ul><li>Radiology (MRI, MR angiography, \u201cColored MRI\u201d techniques)<\/li><li>Artificial intelligence in medical imaging; open-source software development (Osirix Color MRI)<\/li><li>Photography technologies (infrared, ultraviolet, macro, micro, panorama, photomanipulation)<\/li><li>Photographic aesthetics, visual interpretation, and critical perspective<\/li><\/ul><\/div>\t\t\t\t\t\t\t\t<\/div>\n\t\t\t\t<\/div>\n\t\t\t\t<div class=\"elementor-element elementor-element-7a654b3 elementor-widget elementor-widget-heading\" data-id=\"7a654b3\" data-element_type=\"widget\" data-widget_type=\"heading.default\">\n\t\t\t\t<div class=\"elementor-widget-container\">\n\t\t\t\t\t<h2 class=\"elementor-heading-title elementor-size-default\">Education<\/h2>\t\t\t\t<\/div>\n\t\t\t\t<\/div>\n\t\t\t\t<div class=\"elementor-element elementor-element-a14c67a elementor-widget elementor-widget-text-editor\" data-id=\"a14c67a\" data-element_type=\"widget\" data-widget_type=\"text-editor.default\">\n\t\t\t\t<div class=\"elementor-widget-container\">\n\t\t\t\t\t\t\t\t\t<div id=\"text_block-173-5342\" class=\"ct-text-block doktor-text\"><p><b>1990<\/b><\/p><p>Doctor of Medicine (MD), Istanbul University Faculty of Medicine<\/p><\/div><div id=\"text_block-174-5342\" class=\"ct-text-block doktor-text\"><b>&#8211;<\/b><br \/>Radiology Residency, Istanbul University Faculty of Medicine<\/div>\t\t\t\t\t\t\t\t<\/div>\n\t\t\t\t<\/div>\n\t\t\t\t<div class=\"elementor-element elementor-element-fba288c elementor-widget elementor-widget-heading\" data-id=\"fba288c\" data-element_type=\"widget\" data-widget_type=\"heading.default\">\n\t\t\t\t<div class=\"elementor-widget-container\">\n\t\t\t\t\t<h2 class=\"elementor-heading-title elementor-size-default\">Work Experience<\/h2>\t\t\t\t<\/div>\n\t\t\t\t<\/div>\n\t\t\t\t<div class=\"elementor-element elementor-element-51577e9 elementor-widget elementor-widget-text-editor\" data-id=\"51577e9\" data-element_type=\"widget\" data-widget_type=\"text-editor.default\">\n\t\t\t\t<div class=\"elementor-widget-container\">\n\t\t\t\t\t\t\t\t\t<div id=\"text_block-177-5342\" class=\"ct-text-block doktor-text\"><p><b>2025<\/b><\/p><p>Neolife Medical Center, Radiology Specialist<\/p><\/div><div id=\"text_block-178-5342\" class=\"ct-text-block doktor-text\"><p><b>2024 \u2013 2025<\/b><br \/>NB Kad\u0131k\u00f6y Hospital, Radiology Specialist and Chief Physician<\/p><\/div><div id=\"text_block-179-5342\" class=\"ct-text-block doktor-text\"><b>2015\u2013 2024<br \/><\/b>Sonomed Medical Imaging Center (Istanbul, Kad\u0131k\u00f6y), Radiology Specialist and Director<\/div>\t\t\t\t\t\t\t\t<\/div>\n\t\t\t\t<\/div>\n\t\t\t\t<div class=\"elementor-element elementor-element-4c6d1d1 elementor-widget elementor-widget-heading\" data-id=\"4c6d1d1\" data-element_type=\"widget\" data-widget_type=\"heading.default\">\n\t\t\t\t<div class=\"elementor-widget-container\">\n\t\t\t\t\t<h2 class=\"elementor-heading-title elementor-size-default\">Memberships<\/h2>\t\t\t\t<\/div>\n\t\t\t\t<\/div>\n\t\t\t\t<div class=\"elementor-element elementor-element-b0c6beb elementor-widget elementor-widget-text-editor\" data-id=\"b0c6beb\" data-element_type=\"widget\" data-widget_type=\"text-editor.default\">\n\t\t\t\t<div class=\"elementor-widget-container\">\n\t\t\t\t\t\t\t\t\t<ul><li>\u0130FSAK (Istanbul Photography and Cinema Amateurs Association) \u2013 Board Member (2 years), Honorary Board Member (2 years)<\/li><li>\u0130STFOK \u2013 Contributed to reorganization of the club; exhibitions and mixed projects<\/li><li>DMOZ.org \u2013 Photography Editor (4 years)<\/li><li>Gimp.org \u2013 Contributed to Turkish localization of software-<\/li><\/ul>\t\t\t\t\t\t\t\t<\/div>\n\t\t\t\t<\/div>\n\t\t\t\t<div class=\"elementor-element elementor-element-629ba33 elementor-widget elementor-widget-heading\" data-id=\"629ba33\" data-element_type=\"widget\" data-widget_type=\"heading.default\">\n\t\t\t\t<div class=\"elementor-widget-container\">\n\t\t\t\t\t<h2 class=\"elementor-heading-title elementor-size-default\">Scientific Studies<\/h2>\t\t\t\t<\/div>\n\t\t\t\t<\/div>\n\t\t\t\t<div class=\"elementor-element elementor-element-fd71465 elementor-widget-tablet__width-initial elementor-widget elementor-widget-text-editor\" data-id=\"fd71465\" data-element_type=\"widget\" data-widget_type=\"text-editor.default\">\n\t\t\t\t<div class=\"elementor-widget-container\">\n\t\t\t\t\t\t\t\t\t<ul><li><p>Articles published in peer-reviewed journals; presentations at national and international conferences<\/p><p>\u00a0<\/p><p>Book: Artificial Intelligence in Health Sciences \u2013 first book published in Turkish on the subject. Editor and chapter author, \u00c7a\u011flayan Publishing, 2018<\/p><p>\u00a0<\/p><p>Book: New Generation Technologies in Healthcare, Akademisyen Publishing, 2019, Chapter author<\/p><p>\u00a0<\/p><p>Book: Rhyme Dictionary, 2016<\/p><p>\u00a0<\/p><p>Book: A Thousand and One Light Points, 2025, 7 Couple Book<\/p><p>\u00a0<\/p><p>\u00a0<\/p><p>Award<\/p><p>\u00a0<\/p><p>Creative Physician of the Year 2018: Awarded by DoktorClub, by jury and physicians in Turkey<\/p><p>\u00a0<\/p><p>\u00a0<\/p><p>Innovative Technology: Colored MRI \u2013 approach and open-source software Osirix Color MRI<\/p><p>\u00a0<\/p><p>Converting black-and-white MRI scans into color series to accelerate interpretation<\/p><p>\u00a0<\/p><p>Example color codes: fat tissue \u2013 yellow, fluids \u2013 blue, blood and muscle \u2013 red<\/p><p>\u00a0<\/p><p>In colored MR angiography, arteries appear red, veins appear blue<\/p><\/li><\/ul>\t\t\t\t\t\t\t\t<\/div>\n\t\t\t\t<\/div>\n\t\t\t\t\t<\/div>\n\t\t<\/div>\n\t\t\t\t<div class=\"elementor-column elementor-col-50 elementor-top-column elementor-element elementor-element-ae87246\" data-id=\"ae87246\" data-element_type=\"column\">\n\t\t\t<div class=\"elementor-widget-wrap elementor-element-populated\">\n\t\t\t\t\t\t<div class=\"elementor-element elementor-element-73a3684 elementor-widget elementor-widget-sidebar\" data-id=\"73a3684\" data-element_type=\"widget\" data-widget_type=\"sidebar.default\">\n\t\t\t\t<div class=\"elementor-widget-container\">\n\t\t\t\t\t<div class=\"widget_text chw-widget\"><div class=\"textwidget custom-html-widget\">\t\t<div data-elementor-type=\"section\" data-elementor-id=\"17716\" class=\"elementor elementor-17716\" data-elementor-post-type=\"elementor_library\">\n\t\t\t\t\t<\/div>\n\t\t<\/div><\/div>\t\t\t\t<\/div>\n\t\t\t\t<\/div>\n\t\t\t\t\t<\/div>\n\t\t<\/div>\n\t\t\t\t\t<\/div>\n\t\t<\/section>\n\t\t\t\t<\/div>\n\t\t","protected":false},"excerpt":{"rendered":"<p>Radiology Specialist Dr. Nevit Dilmen Areas of Interest Radiology (MRI, MR angiography, \u201cColored MRI\u201d techniques) Artificial intelligence in medical imaging; open-source software development (Osirix Color MRI) Photography technologies (infrared, ultraviolet, macro, micro, panorama, photomanipulation) Photographic aesthetics, visual interpretation, and critical perspective Education 1990 Doctor of Medicine (MD), Istanbul University Faculty of Medicine &#8211;Radiology Residency, Istanbul [&hellip;]<\/p>\n","protected":false},"author":13,"featured_media":28172,"parent":0,"menu_order":0,"comment_status":"closed","ping_status":"closed","template":"","meta":{"footnotes":""},"class_list":["post-28199","page","type-page","status-publish","has-post-thumbnail","hentry"],"yoast_head":"<!-- This site is optimized with the Yoast SEO plugin v22.5 - https:\/\/yoast.com\/wordpress\/plugins\/seo\/ -->\n<title>Dr. Nevit Dilmen - Neolife T\u0131p Merkezi<\/title>\n<meta name=\"robots\" content=\"index, follow, max-snippet:-1, max-image-preview:large, max-video-preview:-1\" \/>\n<link rel=\"canonical\" href=\"https:\/\/www.neolife.com.tr\/en\/dr-nevit-dilmen\/\" \/>\n<meta name=\"twitter:label1\" content=\"Est. reading time\" \/>\n\t<meta name=\"twitter:data1\" content=\"27 minutes\" \/>\n<script type=\"application\/ld+json\" class=\"yoast-schema-graph\">{\"@context\":\"https:\/\/schema.org\",\"@graph\":[{\"@type\":\"WebPage\",\"@id\":\"https:\/\/www.neolife.com.tr\/en\/dr-nevit-dilmen\/\",\"url\":\"https:\/\/www.neolife.com.tr\/en\/dr-nevit-dilmen\/\",\"name\":\"Dr. Nevit Dilmen - Neolife T\u0131p Merkezi\",\"isPartOf\":{\"@id\":\"https:\/\/www.neolife.com.tr\/#website\"},\"primaryImageOfPage\":{\"@id\":\"https:\/\/www.neolife.com.tr\/en\/dr-nevit-dilmen\/#primaryimage\"},\"image\":{\"@id\":\"https:\/\/www.neolife.com.tr\/en\/dr-nevit-dilmen\/#primaryimage\"},\"thumbnailUrl\":\"https:\/\/www.neolife.com.tr\/wp-content\/uploads\/2025\/09\/Nevit-Dilmen-256x256-3.webp\",\"datePublished\":\"2025-09-07T21:12:33+00:00\",\"dateModified\":\"2025-09-07T21:19:18+00:00\",\"breadcrumb\":{\"@id\":\"https:\/\/www.neolife.com.tr\/en\/dr-nevit-dilmen\/#breadcrumb\"},\"inLanguage\":\"en-US\",\"potentialAction\":[{\"@type\":\"ReadAction\",\"target\":[\"https:\/\/www.neolife.com.tr\/en\/dr-nevit-dilmen\/\"]}]},{\"@type\":\"ImageObject\",\"inLanguage\":\"en-US\",\"@id\":\"https:\/\/www.neolife.com.tr\/en\/dr-nevit-dilmen\/#primaryimage\",\"url\":\"https:\/\/www.neolife.com.tr\/wp-content\/uploads\/2025\/09\/Nevit-Dilmen-256x256-3.webp\",\"contentUrl\":\"https:\/\/www.neolife.com.tr\/wp-content\/uploads\/2025\/09\/Nevit-Dilmen-256x256-3.webp\",\"width\":1850,\"height\":1850},{\"@type\":\"BreadcrumbList\",\"@id\":\"https:\/\/www.neolife.com.tr\/en\/dr-nevit-dilmen\/#breadcrumb\",\"itemListElement\":[{\"@type\":\"ListItem\",\"position\":1,\"name\":\"Ana Sayfa\",\"item\":\"https:\/\/www.neolife.com.tr\/en\/\"},{\"@type\":\"ListItem\",\"position\":2,\"name\":\"Dr. Nevit Dilmen\"}]},{\"@type\":\"WebSite\",\"@id\":\"https:\/\/www.neolife.com.tr\/#website\",\"url\":\"https:\/\/www.neolife.com.tr\/\",\"name\":\"Neolife T\u0131p Merkezi\",\"description\":\"T\u00fcrkiye&#039;de kanser tedavisi - kanser te\u015fhisi ve tedavisi\",\"publisher\":{\"@id\":\"https:\/\/www.neolife.com.tr\/#organization\"},\"potentialAction\":[{\"@type\":\"SearchAction\",\"target\":{\"@type\":\"EntryPoint\",\"urlTemplate\":\"https:\/\/www.neolife.com.tr\/?s={search_term_string}\"},\"query-input\":\"required name=search_term_string\"}],\"inLanguage\":\"en-US\"},{\"@type\":\"Organization\",\"@id\":\"https:\/\/www.neolife.com.tr\/#organization\",\"name\":\"Neolife T\u0131p Merkezi\",\"url\":\"https:\/\/www.neolife.com.tr\/\",\"logo\":{\"@type\":\"ImageObject\",\"inLanguage\":\"en-US\",\"@id\":\"https:\/\/www.neolife.com.tr\/#\/schema\/logo\/image\/\",\"url\":\"https:\/\/www.neolife.com.tr\/wp-content\/uploads\/2021\/06\/Neolife-Logo.png\",\"contentUrl\":\"https:\/\/www.neolife.com.tr\/wp-content\/uploads\/2021\/06\/Neolife-Logo.png\",\"width\":348,\"height\":92,\"caption\":\"Neolife T\u0131p Merkezi\"},\"image\":{\"@id\":\"https:\/\/www.neolife.com.tr\/#\/schema\/logo\/image\/\"},\"sameAs\":[\"https:\/\/www.facebook.com\/NeoLifeIstanbul\/\",\"https:\/\/x.com\/NeoLifeIstanbul\",\"https:\/\/www.linkedin.com\/company\/neolife-oncology-center\/?originalSubdomain=tr\"]}]}<\/script>\n<!-- \/ Yoast SEO plugin. -->","yoast_head_json":{"title":"Dr. Nevit Dilmen - Neolife T\u0131p Merkezi","robots":{"index":"index","follow":"follow","max-snippet":"max-snippet:-1","max-image-preview":"max-image-preview:large","max-video-preview":"max-video-preview:-1"},"canonical":"https:\/\/www.neolife.com.tr\/en\/dr-nevit-dilmen\/","twitter_misc":{"Est. reading time":"27 minutes"},"schema":{"@context":"https:\/\/schema.org","@graph":[{"@type":"WebPage","@id":"https:\/\/www.neolife.com.tr\/en\/dr-nevit-dilmen\/","url":"https:\/\/www.neolife.com.tr\/en\/dr-nevit-dilmen\/","name":"Dr. Nevit Dilmen - Neolife T\u0131p Merkezi","isPartOf":{"@id":"https:\/\/www.neolife.com.tr\/#website"},"primaryImageOfPage":{"@id":"https:\/\/www.neolife.com.tr\/en\/dr-nevit-dilmen\/#primaryimage"},"image":{"@id":"https:\/\/www.neolife.com.tr\/en\/dr-nevit-dilmen\/#primaryimage"},"thumbnailUrl":"https:\/\/www.neolife.com.tr\/wp-content\/uploads\/2025\/09\/Nevit-Dilmen-256x256-3.webp","datePublished":"2025-09-07T21:12:33+00:00","dateModified":"2025-09-07T21:19:18+00:00","breadcrumb":{"@id":"https:\/\/www.neolife.com.tr\/en\/dr-nevit-dilmen\/#breadcrumb"},"inLanguage":"en-US","potentialAction":[{"@type":"ReadAction","target":["https:\/\/www.neolife.com.tr\/en\/dr-nevit-dilmen\/"]}]},{"@type":"ImageObject","inLanguage":"en-US","@id":"https:\/\/www.neolife.com.tr\/en\/dr-nevit-dilmen\/#primaryimage","url":"https:\/\/www.neolife.com.tr\/wp-content\/uploads\/2025\/09\/Nevit-Dilmen-256x256-3.webp","contentUrl":"https:\/\/www.neolife.com.tr\/wp-content\/uploads\/2025\/09\/Nevit-Dilmen-256x256-3.webp","width":1850,"height":1850},{"@type":"BreadcrumbList","@id":"https:\/\/www.neolife.com.tr\/en\/dr-nevit-dilmen\/#breadcrumb","itemListElement":[{"@type":"ListItem","position":1,"name":"Ana Sayfa","item":"https:\/\/www.neolife.com.tr\/en\/"},{"@type":"ListItem","position":2,"name":"Dr. Nevit Dilmen"}]},{"@type":"WebSite","@id":"https:\/\/www.neolife.com.tr\/#website","url":"https:\/\/www.neolife.com.tr\/","name":"Neolife T\u0131p Merkezi","description":"T\u00fcrkiye&#039;de kanser tedavisi - kanser te\u015fhisi ve tedavisi","publisher":{"@id":"https:\/\/www.neolife.com.tr\/#organization"},"potentialAction":[{"@type":"SearchAction","target":{"@type":"EntryPoint","urlTemplate":"https:\/\/www.neolife.com.tr\/?s={search_term_string}"},"query-input":"required name=search_term_string"}],"inLanguage":"en-US"},{"@type":"Organization","@id":"https:\/\/www.neolife.com.tr\/#organization","name":"Neolife T\u0131p Merkezi","url":"https:\/\/www.neolife.com.tr\/","logo":{"@type":"ImageObject","inLanguage":"en-US","@id":"https:\/\/www.neolife.com.tr\/#\/schema\/logo\/image\/","url":"https:\/\/www.neolife.com.tr\/wp-content\/uploads\/2021\/06\/Neolife-Logo.png","contentUrl":"https:\/\/www.neolife.com.tr\/wp-content\/uploads\/2021\/06\/Neolife-Logo.png","width":348,"height":92,"caption":"Neolife T\u0131p Merkezi"},"image":{"@id":"https:\/\/www.neolife.com.tr\/#\/schema\/logo\/image\/"},"sameAs":["https:\/\/www.facebook.com\/NeoLifeIstanbul\/","https:\/\/x.com\/NeoLifeIstanbul","https:\/\/www.linkedin.com\/company\/neolife-oncology-center\/?originalSubdomain=tr"]}]}},"_links":{"self":[{"href":"https:\/\/www.neolife.com.tr\/en\/wp-json\/wp\/v2\/pages\/28199","targetHints":{"allow":["GET"]}}],"collection":[{"href":"https:\/\/www.neolife.com.tr\/en\/wp-json\/wp\/v2\/pages"}],"about":[{"href":"https:\/\/www.neolife.com.tr\/en\/wp-json\/wp\/v2\/types\/page"}],"author":[{"embeddable":true,"href":"https:\/\/www.neolife.com.tr\/en\/wp-json\/wp\/v2\/users\/13"}],"replies":[{"embeddable":true,"href":"https:\/\/www.neolife.com.tr\/en\/wp-json\/wp\/v2\/comments?post=28199"}],"version-history":[{"count":4,"href":"https:\/\/www.neolife.com.tr\/en\/wp-json\/wp\/v2\/pages\/28199\/revisions"}],"predecessor-version":[{"id":28204,"href":"https:\/\/www.neolife.com.tr\/en\/wp-json\/wp\/v2\/pages\/28199\/revisions\/28204"}],"wp:featuredmedia":[{"embeddable":true,"href":"https:\/\/www.neolife.com.tr\/en\/wp-json\/wp\/v2\/media\/28172"}],"wp:attachment":[{"href":"https:\/\/www.neolife.com.tr\/en\/wp-json\/wp\/v2\/media?parent=28199"}],"curies":[{"name":"wp","href":"https:\/\/api.w.org\/{rel}","templated":true}]}}