{"id":26568,"date":"2025-06-25T16:46:44","date_gmt":"2025-06-25T13:46:44","guid":{"rendered":"https:\/\/www.neolife.com.tr\/?page_id=26568"},"modified":"2025-06-25T16:52:35","modified_gmt":"2025-06-25T13:52:35","slug":"dr-nurten-isik-dinckal","status":"publish","type":"page","link":"https:\/\/www.neolife.com.tr\/en\/dr-nurten-isik-dinckal\/","title":{"rendered":"Dr. Nurten I\u015f\u0131k Din\u00e7kal"},"content":{"rendered":"\t\t<div data-elementor-type=\"wp-page\" data-elementor-id=\"26568\" class=\"elementor elementor-26568\" data-elementor-post-type=\"page\">\n\t\t\t\t\t\t<section class=\"elementor-section elementor-top-section elementor-element elementor-element-2841949 elementor-section-boxed elementor-section-height-default elementor-section-height-default\" data-id=\"2841949\" data-element_type=\"section\">\n\t\t\t\t\t\t<div class=\"elementor-container elementor-column-gap-default\">\n\t\t\t\t\t<div class=\"elementor-column elementor-col-50 elementor-top-column elementor-element elementor-element-cfacdb7\" data-id=\"cfacdb7\" data-element_type=\"column\">\n\t\t\t<div class=\"elementor-widget-wrap elementor-element-populated\">\n\t\t\t\t\t\t<section class=\"elementor-section elementor-inner-section elementor-element elementor-element-94d3aee elementor-section-boxed elementor-section-height-default elementor-section-height-default\" data-id=\"94d3aee\" data-element_type=\"section\">\n\t\t\t\t\t\t<div class=\"elementor-container elementor-column-gap-default\">\n\t\t\t\t\t<div class=\"elementor-column elementor-col-50 elementor-inner-column elementor-element elementor-element-18deec8\" data-id=\"18deec8\" data-element_type=\"column\">\n\t\t\t<div class=\"elementor-widget-wrap elementor-element-populated\">\n\t\t\t\t\t\t<div class=\"elementor-element elementor-element-674767d elementor-widget elementor-widget-image\" data-id=\"674767d\" data-element_type=\"widget\" data-widget_type=\"image.default\">\n\t\t\t\t<div class=\"elementor-widget-container\">\n\t\t\t\t\t\t\t\t\t\t\t\t\t\t\t<img fetchpriority=\"high\" decoding=\"async\" width=\"1024\" height=\"1024\" src=\"https:\/\/www.neolife.com.tr\/wp-content\/uploads\/2025\/04\/nURTEN-iSIK-dINCKAL-1024x1024.jpg\" class=\"attachment-large size-large wp-image-24778\" alt=\"Nurten I\u015f\u0131k Din\u00e7kal\" srcset=\"https:\/\/www.neolife.com.tr\/wp-content\/uploads\/2025\/04\/nURTEN-iSIK-dINCKAL-1024x1024.jpg 1024w, https:\/\/www.neolife.com.tr\/wp-content\/uploads\/2025\/04\/nURTEN-iSIK-dINCKAL-300x300.jpg 300w, https:\/\/www.neolife.com.tr\/wp-content\/uploads\/2025\/04\/nURTEN-iSIK-dINCKAL-150x150.jpg 150w, https:\/\/www.neolife.com.tr\/wp-content\/uploads\/2025\/04\/nURTEN-iSIK-dINCKAL-768x769.jpg 768w, https:\/\/www.neolife.com.tr\/wp-content\/uploads\/2025\/04\/nURTEN-iSIK-dINCKAL.jpg 1388w\" sizes=\"(max-width: 1024px) 100vw, 1024px\" \/>\t\t\t\t\t\t\t\t\t\t\t\t\t\t\t<\/div>\n\t\t\t\t<\/div>\n\t\t\t\t<div class=\"elementor-element elementor-element-4414ee7 elementor-widget elementor-widget-heading\" data-id=\"4414ee7\" data-element_type=\"widget\" data-widget_type=\"heading.default\">\n\t\t\t\t<div class=\"elementor-widget-container\">\n\t\t\t\t\t<h2 class=\"elementor-heading-title elementor-size-default\">Internal Medicine Specialist<\/h2>\t\t\t\t<\/div>\n\t\t\t\t<\/div>\n\t\t\t\t\t<\/div>\n\t\t<\/div>\n\t\t\t\t<div class=\"elementor-column elementor-col-50 elementor-inner-column elementor-element elementor-element-4205fac\" data-id=\"4205fac\" data-element_type=\"column\">\n\t\t\t<div class=\"elementor-widget-wrap elementor-element-populated\">\n\t\t\t\t\t\t<div class=\"elementor-element elementor-element-df683bb elementor-widget elementor-widget-heading\" data-id=\"df683bb\" data-element_type=\"widget\" data-widget_type=\"heading.default\">\n\t\t\t\t<div class=\"elementor-widget-container\">\n\t\t\t\t\t<h2 class=\"elementor-heading-title elementor-size-default\">Dr. Nurten I\u015f\u0131k Din\u00e7kal<\/h2>\t\t\t\t<\/div>\n\t\t\t\t<\/div>\n\t\t\t\t\t<\/div>\n\t\t<\/div>\n\t\t\t\t\t<\/div>\n\t\t<\/section>\n\t\t\t\t<div class=\"elementor-element elementor-element-94dcfa1 elementor-widget-divider--view-line elementor-widget elementor-widget-divider\" data-id=\"94dcfa1\" data-element_type=\"widget\" data-widget_type=\"divider.default\">\n\t\t\t\t<div class=\"elementor-widget-container\">\n\t\t\t\t\t\t\t<div class=\"elementor-divider\">\n\t\t\t<span class=\"elementor-divider-separator\">\n\t\t\t\t\t\t<\/span>\n\t\t<\/div>\n\t\t\t\t\t\t<\/div>\n\t\t\t\t<\/div>\n\t\t\t\t<div class=\"elementor-element elementor-element-e1ebf55 elementor-widget elementor-widget-heading\" data-id=\"e1ebf55\" data-element_type=\"widget\" data-widget_type=\"heading.default\">\n\t\t\t\t<div class=\"elementor-widget-container\">\n\t\t\t\t\t<h2 class=\"elementor-heading-title elementor-size-default\">Areas of \u0130nterest<\/h2>\t\t\t\t<\/div>\n\t\t\t\t<\/div>\n\t\t\t\t<div class=\"elementor-element elementor-element-8377fb6 elementor-widget elementor-widget-text-editor\" data-id=\"8377fb6\" data-element_type=\"widget\" data-widget_type=\"text-editor.default\">\n\t\t\t\t<div class=\"elementor-widget-container\">\n\t\t\t\t\t\t\t\t\t<div id=\"text_block-173-5342\" class=\"ct-text-block doktor-text\"><p>\u2022 Thyroid Disorders<br \/>\u2022 Diabetes<br \/>\u2022 Anemia<br \/>\u2022 Metabolic Syndrome<br \/>\u2022 Pulmonary Infections<br \/>\u2022 Liver Steatosis (Fatty Liver)<br \/>\u2022 Hyperlipidemia<\/p><\/div>\t\t\t\t\t\t\t\t<\/div>\n\t\t\t\t<\/div>\n\t\t\t\t<div class=\"elementor-element elementor-element-21df56a elementor-widget elementor-widget-heading\" data-id=\"21df56a\" data-element_type=\"widget\" data-widget_type=\"heading.default\">\n\t\t\t\t<div class=\"elementor-widget-container\">\n\t\t\t\t\t<h2 class=\"elementor-heading-title elementor-size-default\">Education\n<\/h2>\t\t\t\t<\/div>\n\t\t\t\t<\/div>\n\t\t\t\t<div class=\"elementor-element elementor-element-854ec2f elementor-widget elementor-widget-text-editor\" data-id=\"854ec2f\" data-element_type=\"widget\" data-widget_type=\"text-editor.default\">\n\t\t\t\t<div class=\"elementor-widget-container\">\n\t\t\t\t\t\t\t\t\t<div id=\"text_block-173-5342\" class=\"ct-text-block doktor-text\"><p><b>1986 \u2013 1993<br \/><\/b>Marmara University Faculty of Medicine (English Program)<\/p><\/div><div id=\"text_block-174-5342\" class=\"ct-text-block doktor-text\"><b>1982 \u2013 1985<\/b><br \/>Ankara High School<\/div>\t\t\t\t\t\t\t\t<\/div>\n\t\t\t\t<\/div>\n\t\t\t\t<div class=\"elementor-element elementor-element-91cea0a elementor-widget elementor-widget-heading\" data-id=\"91cea0a\" data-element_type=\"widget\" data-widget_type=\"heading.default\">\n\t\t\t\t<div class=\"elementor-widget-container\">\n\t\t\t\t\t<h2 class=\"elementor-heading-title elementor-size-default\">Work Experience<\/h2>\t\t\t\t<\/div>\n\t\t\t\t<\/div>\n\t\t\t\t<div class=\"elementor-element elementor-element-d534f81 elementor-widget elementor-widget-text-editor\" data-id=\"d534f81\" data-element_type=\"widget\" data-widget_type=\"text-editor.default\">\n\t\t\t\t<div class=\"elementor-widget-container\">\n\t\t\t\t\t\t\t\t\t<div id=\"text_block-177-5342\" class=\"ct-text-block doktor-text\"><p><b>2025<\/b><br \/>Neolife Medical Center<\/p><p><b>2009 \u2013 2025<\/b><br \/>Bay\u0131nd\u0131r Levent Surgical Medical Center<\/p><p><b>2008 \u2013 2009<\/b><br \/>International Hospital Levent Medical Center<\/p><p><b>2002 \u2013 2007<\/b><br \/>Gaziantep State Hospital (Internal Medicine Specialist)<\/p><p><b>2000 \u2013 2001<\/b><br \/>\u0130zmir Atat\u00fcrk Training Hospital (Internal Medicine Specialist)<\/p><p><b>1998 \u2013 2000<\/b><br \/>Celal Bayar University, Department of Internal Medicine (Assistant Doctor)<\/p><\/div><div id=\"text_block-178-5342\" class=\"ct-text-block doktor-text\"><p><b>1994 \u2013 1998<\/b><br \/>Haydarpa\u015fa Numune Hospital, Internal Medicine Clinic (Assistant Doctor)<\/p><\/div><div id=\"text_block-179-5342\" class=\"ct-text-block doktor-text\"><b>1993 \u2013 1994<br \/><\/b>Marmara University Faculty of Medicine, Department of General Surgery (Assistant Doctor)<\/div>\t\t\t\t\t\t\t\t<\/div>\n\t\t\t\t<\/div>\n\t\t\t\t<div class=\"elementor-element elementor-element-79c9f39 elementor-widget elementor-widget-heading\" data-id=\"79c9f39\" data-element_type=\"widget\" data-widget_type=\"heading.default\">\n\t\t\t\t<div class=\"elementor-widget-container\">\n\t\t\t\t\t<h2 class=\"elementor-heading-title elementor-size-default\">Professional Trainings<\/h2>\t\t\t\t<\/div>\n\t\t\t\t<\/div>\n\t\t\t\t<div class=\"elementor-element elementor-element-021dd8f elementor-widget elementor-widget-text-editor\" data-id=\"021dd8f\" data-element_type=\"widget\" data-widget_type=\"text-editor.default\">\n\t\t\t\t<div class=\"elementor-widget-container\">\n\t\t\t\t\t\t\t\t\t<div id=\"text_block-173-5342\" class=\"ct-text-block doktor-text\"><ul><li>Successfully passed the Turkish Internal Medicine Board Certification Exam by the Turkish Society of Internal Medicine (December 11, 2004)<\/li><\/ul><\/div>\t\t\t\t\t\t\t\t<\/div>\n\t\t\t\t<\/div>\n\t\t\t\t<div class=\"elementor-element elementor-element-5766c03 elementor-widget elementor-widget-heading\" data-id=\"5766c03\" data-element_type=\"widget\" data-widget_type=\"heading.default\">\n\t\t\t\t<div class=\"elementor-widget-container\">\n\t\t\t\t\t<h2 class=\"elementor-heading-title elementor-size-default\">Memberships<\/h2>\t\t\t\t<\/div>\n\t\t\t\t<\/div>\n\t\t\t\t<div class=\"elementor-element elementor-element-a3a64a2 elementor-widget elementor-widget-text-editor\" data-id=\"a3a64a2\" data-element_type=\"widget\" data-widget_type=\"text-editor.default\">\n\t\t\t\t<div class=\"elementor-widget-container\">\n\t\t\t\t\t\t\t\t\t<ul><li>Turkish Society of Internal Medicine<\/li><li>Istanbul Medical Chamber<\/li><\/ul>\t\t\t\t\t\t\t\t<\/div>\n\t\t\t\t<\/div>\n\t\t\t\t<div class=\"elementor-element elementor-element-81be929 elementor-widget elementor-widget-accordion\" data-id=\"81be929\" data-element_type=\"widget\" data-widget_type=\"accordion.default\">\n\t\t\t\t<div class=\"elementor-widget-container\">\n\t\t\t\t\t\t\t<div class=\"elementor-accordion\">\n\t\t\t\t\t\t\t<div class=\"elementor-accordion-item\">\n\t\t\t\t\t<h4 id=\"elementor-tab-title-1361\" class=\"elementor-tab-title\" data-tab=\"1\" role=\"button\" aria-controls=\"elementor-tab-content-1361\" aria-expanded=\"false\">\n\t\t\t\t\t\t\t\t\t\t\t\t\t<span class=\"elementor-accordion-icon elementor-accordion-icon-left\" aria-hidden=\"true\">\n\t\t\t\t\t\t\t\t\t\t\t\t\t\t\t<span class=\"elementor-accordion-icon-closed\"><i class=\"fas fa-angle-down\"><\/i><\/span>\n\t\t\t\t\t\t\t\t<span class=\"elementor-accordion-icon-opened\"><i class=\"fas fa-minus\"><\/i><\/span>\n\t\t\t\t\t\t\t\t\t\t\t\t\t\t<\/span>\n\t\t\t\t\t\t\t\t\t\t\t\t<a class=\"elementor-accordion-title\" tabindex=\"0\">Scientific Publications<\/a>\n\t\t\t\t\t<\/h4>\n\t\t\t\t\t<div id=\"elementor-tab-content-1361\" class=\"elementor-tab-content elementor-clearfix\" data-tab=\"1\" role=\"region\" aria-labelledby=\"elementor-tab-title-1361\"><div id=\"text_block-173-5342\" class=\"ct-text-block doktor-text\"><p><strong>A- ULUSLARARASI\u00a0 HAKEML\u0130\u00a0 DERG\u0130LERDE YAYINLAR (makale, derleme, vaka raporu ve di\u011fer)<\/strong><\/p><p><strong>A1.\u00a0\u00a0\u00a0\u00a0\u00a0\u00a0 <\/strong>Dinckal, MH., Aksoy, N., Aksoy, M., Davutoglu, V., Soydinc, S., Kirilmaz, A., <u>Dinckal, N.<\/u> ve I Akdemir, \u201cEffect of homocysteine-lowering therapy on vascular endothelial function and exercise performance in coronary patients with hyperhomocysteinemia\u201d <em>Acta Cardiol<\/em>, <strong>58,<\/strong> 389-396 (2003).<strong>A2.\u00a0\u00a0\u00a0\u00a0\u00a0\u00a0 <\/strong>Dinckal, MH., Aksoy, N., Aksoy, M., Davutoglu, V., <u>Dinckal, N<\/u>. Soydinc, S., ve I Akdemir, \u201cAcute rest perfusion imaging in high risk unstable angina: association with troponin T and clinical endpoints\u201d <em>Int J Cardiovasc Imag<\/em>, <strong>19,<\/strong> 511-517 (2003).<\/p><p><strong>B-ULUSAL HAKEML\u0130 DERG\u0130LERDE YAYINLAR (makale, derleme, vaka raporu ve di\u011fer)<\/strong><\/p><ul><li>Y\u00fcceyar, H., G\u00f6ksel, G., Saru\u00e7, M., <u>I\u015f\u0131k, N., <\/u>\u00d6zbakkalo\u011flu, B., Ayhan, S., Kandilo\u011flu, AR ve AZ Sengil, \u201cIntragastric distribution of Helicobacter pylori after eradication thearpy,\u201d <em>Turkish Journal of Gastroenterology,<\/em> <strong>11<\/strong>, 20-24, (2000).<\/li><\/ul><p><strong>D-ULUSAL KONGRE B\u0130LD\u0130R\u0130LER\u0130<\/strong><\/p><ul><li>Y\u00fcksel, \u015e., Saru\u00e7, M., Arslan, \u015e., <u>I\u015f\u0131k, N<\/u>., P\u0131r\u0131ldar, T., G\u00f6ksel, G. ve H. Y\u00fcceyar, \u201cGlikojen depo hastal\u0131\u011f\u0131na ba\u011fl\u0131 karaci\u011fer sirozu olgusu\u201d, <em>Ulusal Gastroenteroloji Kongresi <\/em>Kongre \u00d6zet Kitap\u00e7\u0131\u011f\u0131, Vol 9, 377, \u0130stanbul, 1998<\/li><li>P\u0131r\u0131ldar, T., Saru\u00e7, M., Tarhan, S., Yorulmaz, \u0130., G\u00f6ksel, G., <u>I\u015f\u0131k, N<\/u>. ve H. Y\u00fcceyar, \u201c\u0130ritab\u0131l barsak sendromlu hastalarda tedavi ama\u00e7l\u0131 kullan\u0131lan Tributamine ve Alverine\u2019in safra kesesi bo\u015fal\u0131m\u0131 \u00fczerine etkileri\u201d, <em>Ulusal Gastroenteroloji Kongresi <\/em>Kongre \u00d6zet Kitap\u00e7\u0131\u011f\u0131, Vol 9, 270, \u0130stanbul, 1998<\/li><li>G\u00f6ksel, G., Y\u00fcceyar, M., Saru\u00e7, M., P\u0131r\u0131ldar, T., Arslan, \u015e., <u>I\u015f\u0131k, N,<\/u> \u00d6zbakkalo\u011flu, B., \u015eengil, AZ., \u00c7etinkaya, Z. ve P. T\u00fcrkdo\u011fan. \u201cHelikobakter pilorinin aile i\u00e7i eradikasyonu gerekli midir?\u201d, <em>Ulusal Gastroenteroloji Kongresi <\/em>Kongre \u00d6zet Kitap\u00e7\u0131\u011f\u0131, Vol 9, 120, \u0130stanbul, 1998<\/li><li>G\u00f6ksel, G., Saru\u00e7, M., P\u0131r\u0131ldar, T., <u>I\u015f\u0131k, N,<\/u> Arslan, \u015e.,. Al\u0131c\u0131, T. ve M. Y\u00fcceyar. \u201cHelikobakter pilorinin eradikasyon tedavisinde ranitidin bizmut sitratl\u0131 ve lansoprazollu protokollerin kar\u015f\u0131la\u015ft\u0131r\u0131lmas\u0131?\u201d, <em>Ulusal Gastroenteroloji Kongresi <\/em>Kongre \u00d6zet Kitap\u00e7\u0131\u011f\u0131, Vol 9, 122, \u0130stanbul, 1998<\/li><li>Y\u00fcceyar, H., G\u00f6ksel, G., Saru\u00e7, M., P\u0131r\u0131ldar, T., <u>I\u015f\u0131k, N,<\/u> Arslan, \u015e., Ayhan, S.,ve AZ \u015eengil. \u201cEradikasyon tedavisi sonras\u0131 Helikobakter pilorinin intragastrik da\u011f\u0131l\u0131m\u0131\u201d, <em>Ulusal Gastroenteroloji Kongresi <\/em>Kongre \u00d6zet Kitap\u00e7\u0131\u011f\u0131, Vol 9, 119, \u0130stanbul, 1998<\/li><li>Y\u00fcceyar, H., G\u00f6ksel, G., Saru\u00e7, M., P\u0131r\u0131ldar, T., Arslan, \u015e., <u>I\u015f\u0131k, N,<\/u> Ertilav, N., Kandilo\u011flu AR. ve AZ \u015eengil. \u201cEradikasyon tedavisi sonras\u0131 refl\u00fc \u00f6zofajit geli\u015fiminde risk fakt\u00f6rleri\u201d, <em>Ulusal Gastroenteroloji Kongresi <\/em>Kongre \u00d6zet Kitap\u00e7\u0131\u011f\u0131, Vol 9, 51, \u0130stanbul, 1998<\/li><li>Saru\u00e7, M., G\u00f6ksel, G., \u015eengil, AZ., <u>I\u015f\u0131k, N,<\/u> Arslan, \u015e., Yi\u011fito\u011flu, MR., Uyan\u0131k, BS. ve H. Y\u00fcceyar. \u201cTNF\u03ac Helikobakter pilori ile ili\u015fkili gastroduedonal hastal\u0131klar\u0131n belirlenmesinde bir g\u00f6sterge midir?\u201d, <em>Ulusal Gastroenteroloji Kongresi <\/em>Kongre \u00d6zet Kitap\u00e7\u0131\u011f\u0131, Vol 9, 23, \u0130stanbul, 1998.<\/li><\/ul><\/div><\/div>\n\t\t\t\t<\/div>\n\t\t\t\t\t\t\t\t<\/div>\n\t\t\t\t\t\t<\/div>\n\t\t\t\t<\/div>\n\t\t\t\t\t<\/div>\n\t\t<\/div>\n\t\t\t\t<div class=\"elementor-column elementor-col-50 elementor-top-column elementor-element elementor-element-ec94cdc\" data-id=\"ec94cdc\" data-element_type=\"column\">\n\t\t\t<div class=\"elementor-widget-wrap elementor-element-populated\">\n\t\t\t\t\t\t<div class=\"elementor-element elementor-element-aabefc3 elementor-widget elementor-widget-sidebar\" data-id=\"aabefc3\" data-element_type=\"widget\" data-widget_type=\"sidebar.default\">\n\t\t\t\t<div class=\"elementor-widget-container\">\n\t\t\t\t\t<div class=\"widget_text chw-widget\"><div class=\"textwidget custom-html-widget\">\t\t<div data-elementor-type=\"section\" data-elementor-id=\"17716\" class=\"elementor elementor-17716\" data-elementor-post-type=\"elementor_library\">\n\t\t\t\t\t<\/div>\n\t\t<\/div><\/div>\t\t\t\t<\/div>\n\t\t\t\t<\/div>\n\t\t\t\t\t<\/div>\n\t\t<\/div>\n\t\t\t\t\t<\/div>\n\t\t<\/section>\n\t\t\t\t<\/div>\n\t\t","protected":false},"excerpt":{"rendered":"<p>Internal Medicine Specialist Dr. Nurten I\u015f\u0131k Din\u00e7kal Areas of \u0130nterest \u2022 Thyroid Disorders\u2022 Diabetes\u2022 Anemia\u2022 Metabolic Syndrome\u2022 Pulmonary Infections\u2022 Liver Steatosis (Fatty Liver)\u2022 Hyperlipidemia Education 1986 \u2013 1993Marmara University Faculty of Medicine (English Program) 1982 \u2013 1985Ankara High School Work Experience 2025Neolife Medical Center 2009 \u2013 2025Bay\u0131nd\u0131r Levent Surgical Medical Center 2008 \u2013 2009International Hospital [&hellip;]<\/p>\n","protected":false},"author":13,"featured_media":0,"parent":0,"menu_order":0,"comment_status":"closed","ping_status":"closed","template":"","meta":{"footnotes":""},"class_list":["post-26568","page","type-page","status-publish","hentry"],"yoast_head":"<!-- This site is optimized with the Yoast SEO plugin v22.5 - https:\/\/yoast.com\/wordpress\/plugins\/seo\/ -->\n<title>Dr. Nurten I\u015f\u0131k Din\u00e7kal - Neolife T\u0131p Merkezi<\/title>\n<meta name=\"robots\" content=\"index, follow, max-snippet:-1, max-image-preview:large, max-video-preview:-1\" \/>\n<link rel=\"canonical\" href=\"https:\/\/www.neolife.com.tr\/en\/dr-nurten-isik-dinckal\/\" \/>\n<meta name=\"twitter:label1\" content=\"Est. reading time\" \/>\n\t<meta name=\"twitter:data1\" content=\"20 minutes\" \/>\n<script type=\"application\/ld+json\" class=\"yoast-schema-graph\">{\"@context\":\"https:\/\/schema.org\",\"@graph\":[{\"@type\":\"WebPage\",\"@id\":\"https:\/\/www.neolife.com.tr\/en\/dr-nurten-isik-dinckal\/\",\"url\":\"https:\/\/www.neolife.com.tr\/en\/dr-nurten-isik-dinckal\/\",\"name\":\"Dr. Nurten I\u015f\u0131k Din\u00e7kal - Neolife T\u0131p Merkezi\",\"isPartOf\":{\"@id\":\"https:\/\/www.neolife.com.tr\/#website\"},\"primaryImageOfPage\":{\"@id\":\"https:\/\/www.neolife.com.tr\/en\/dr-nurten-isik-dinckal\/#primaryimage\"},\"image\":{\"@id\":\"https:\/\/www.neolife.com.tr\/en\/dr-nurten-isik-dinckal\/#primaryimage\"},\"thumbnailUrl\":\"https:\/\/www.neolife.com.tr\/wp-content\/uploads\/2025\/04\/nURTEN-iSIK-dINCKAL-1024x1024.jpg\",\"datePublished\":\"2025-06-25T13:46:44+00:00\",\"dateModified\":\"2025-06-25T13:52:35+00:00\",\"breadcrumb\":{\"@id\":\"https:\/\/www.neolife.com.tr\/en\/dr-nurten-isik-dinckal\/#breadcrumb\"},\"inLanguage\":\"en-US\",\"potentialAction\":[{\"@type\":\"ReadAction\",\"target\":[\"https:\/\/www.neolife.com.tr\/en\/dr-nurten-isik-dinckal\/\"]}]},{\"@type\":\"ImageObject\",\"inLanguage\":\"en-US\",\"@id\":\"https:\/\/www.neolife.com.tr\/en\/dr-nurten-isik-dinckal\/#primaryimage\",\"url\":\"https:\/\/www.neolife.com.tr\/wp-content\/uploads\/2025\/04\/nURTEN-iSIK-dINCKAL-1024x1024.jpg\",\"contentUrl\":\"https:\/\/www.neolife.com.tr\/wp-content\/uploads\/2025\/04\/nURTEN-iSIK-dINCKAL-1024x1024.jpg\"},{\"@type\":\"BreadcrumbList\",\"@id\":\"https:\/\/www.neolife.com.tr\/en\/dr-nurten-isik-dinckal\/#breadcrumb\",\"itemListElement\":[{\"@type\":\"ListItem\",\"position\":1,\"name\":\"Ana Sayfa\",\"item\":\"https:\/\/www.neolife.com.tr\/en\/\"},{\"@type\":\"ListItem\",\"position\":2,\"name\":\"Dr. Nurten I\u015f\u0131k Din\u00e7kal\"}]},{\"@type\":\"WebSite\",\"@id\":\"https:\/\/www.neolife.com.tr\/#website\",\"url\":\"https:\/\/www.neolife.com.tr\/\",\"name\":\"Neolife T\u0131p Merkezi\",\"description\":\"T\u00fcrkiye&#039;de kanser tedavisi - kanser te\u015fhisi ve tedavisi\",\"publisher\":{\"@id\":\"https:\/\/www.neolife.com.tr\/#organization\"},\"potentialAction\":[{\"@type\":\"SearchAction\",\"target\":{\"@type\":\"EntryPoint\",\"urlTemplate\":\"https:\/\/www.neolife.com.tr\/?s={search_term_string}\"},\"query-input\":\"required name=search_term_string\"}],\"inLanguage\":\"en-US\"},{\"@type\":\"Organization\",\"@id\":\"https:\/\/www.neolife.com.tr\/#organization\",\"name\":\"Neolife T\u0131p Merkezi\",\"url\":\"https:\/\/www.neolife.com.tr\/\",\"logo\":{\"@type\":\"ImageObject\",\"inLanguage\":\"en-US\",\"@id\":\"https:\/\/www.neolife.com.tr\/#\/schema\/logo\/image\/\",\"url\":\"https:\/\/www.neolife.com.tr\/wp-content\/uploads\/2021\/06\/Neolife-Logo.png\",\"contentUrl\":\"https:\/\/www.neolife.com.tr\/wp-content\/uploads\/2021\/06\/Neolife-Logo.png\",\"width\":348,\"height\":92,\"caption\":\"Neolife T\u0131p Merkezi\"},\"image\":{\"@id\":\"https:\/\/www.neolife.com.tr\/#\/schema\/logo\/image\/\"},\"sameAs\":[\"https:\/\/www.facebook.com\/NeoLifeIstanbul\/\",\"https:\/\/x.com\/NeoLifeIstanbul\",\"https:\/\/www.linkedin.com\/company\/neolife-oncology-center\/?originalSubdomain=tr\"]}]}<\/script>\n<!-- \/ Yoast SEO plugin. -->","yoast_head_json":{"title":"Dr. Nurten I\u015f\u0131k Din\u00e7kal - Neolife T\u0131p Merkezi","robots":{"index":"index","follow":"follow","max-snippet":"max-snippet:-1","max-image-preview":"max-image-preview:large","max-video-preview":"max-video-preview:-1"},"canonical":"https:\/\/www.neolife.com.tr\/en\/dr-nurten-isik-dinckal\/","twitter_misc":{"Est. reading time":"20 minutes"},"schema":{"@context":"https:\/\/schema.org","@graph":[{"@type":"WebPage","@id":"https:\/\/www.neolife.com.tr\/en\/dr-nurten-isik-dinckal\/","url":"https:\/\/www.neolife.com.tr\/en\/dr-nurten-isik-dinckal\/","name":"Dr. Nurten I\u015f\u0131k Din\u00e7kal - Neolife T\u0131p Merkezi","isPartOf":{"@id":"https:\/\/www.neolife.com.tr\/#website"},"primaryImageOfPage":{"@id":"https:\/\/www.neolife.com.tr\/en\/dr-nurten-isik-dinckal\/#primaryimage"},"image":{"@id":"https:\/\/www.neolife.com.tr\/en\/dr-nurten-isik-dinckal\/#primaryimage"},"thumbnailUrl":"https:\/\/www.neolife.com.tr\/wp-content\/uploads\/2025\/04\/nURTEN-iSIK-dINCKAL-1024x1024.jpg","datePublished":"2025-06-25T13:46:44+00:00","dateModified":"2025-06-25T13:52:35+00:00","breadcrumb":{"@id":"https:\/\/www.neolife.com.tr\/en\/dr-nurten-isik-dinckal\/#breadcrumb"},"inLanguage":"en-US","potentialAction":[{"@type":"ReadAction","target":["https:\/\/www.neolife.com.tr\/en\/dr-nurten-isik-dinckal\/"]}]},{"@type":"ImageObject","inLanguage":"en-US","@id":"https:\/\/www.neolife.com.tr\/en\/dr-nurten-isik-dinckal\/#primaryimage","url":"https:\/\/www.neolife.com.tr\/wp-content\/uploads\/2025\/04\/nURTEN-iSIK-dINCKAL-1024x1024.jpg","contentUrl":"https:\/\/www.neolife.com.tr\/wp-content\/uploads\/2025\/04\/nURTEN-iSIK-dINCKAL-1024x1024.jpg"},{"@type":"BreadcrumbList","@id":"https:\/\/www.neolife.com.tr\/en\/dr-nurten-isik-dinckal\/#breadcrumb","itemListElement":[{"@type":"ListItem","position":1,"name":"Ana Sayfa","item":"https:\/\/www.neolife.com.tr\/en\/"},{"@type":"ListItem","position":2,"name":"Dr. Nurten I\u015f\u0131k Din\u00e7kal"}]},{"@type":"WebSite","@id":"https:\/\/www.neolife.com.tr\/#website","url":"https:\/\/www.neolife.com.tr\/","name":"Neolife T\u0131p Merkezi","description":"T\u00fcrkiye&#039;de kanser tedavisi - kanser te\u015fhisi ve tedavisi","publisher":{"@id":"https:\/\/www.neolife.com.tr\/#organization"},"potentialAction":[{"@type":"SearchAction","target":{"@type":"EntryPoint","urlTemplate":"https:\/\/www.neolife.com.tr\/?s={search_term_string}"},"query-input":"required name=search_term_string"}],"inLanguage":"en-US"},{"@type":"Organization","@id":"https:\/\/www.neolife.com.tr\/#organization","name":"Neolife T\u0131p Merkezi","url":"https:\/\/www.neolife.com.tr\/","logo":{"@type":"ImageObject","inLanguage":"en-US","@id":"https:\/\/www.neolife.com.tr\/#\/schema\/logo\/image\/","url":"https:\/\/www.neolife.com.tr\/wp-content\/uploads\/2021\/06\/Neolife-Logo.png","contentUrl":"https:\/\/www.neolife.com.tr\/wp-content\/uploads\/2021\/06\/Neolife-Logo.png","width":348,"height":92,"caption":"Neolife T\u0131p Merkezi"},"image":{"@id":"https:\/\/www.neolife.com.tr\/#\/schema\/logo\/image\/"},"sameAs":["https:\/\/www.facebook.com\/NeoLifeIstanbul\/","https:\/\/x.com\/NeoLifeIstanbul","https:\/\/www.linkedin.com\/company\/neolife-oncology-center\/?originalSubdomain=tr"]}]}},"_links":{"self":[{"href":"https:\/\/www.neolife.com.tr\/en\/wp-json\/wp\/v2\/pages\/26568","targetHints":{"allow":["GET"]}}],"collection":[{"href":"https:\/\/www.neolife.com.tr\/en\/wp-json\/wp\/v2\/pages"}],"about":[{"href":"https:\/\/www.neolife.com.tr\/en\/wp-json\/wp\/v2\/types\/page"}],"author":[{"embeddable":true,"href":"https:\/\/www.neolife.com.tr\/en\/wp-json\/wp\/v2\/users\/13"}],"replies":[{"embeddable":true,"href":"https:\/\/www.neolife.com.tr\/en\/wp-json\/wp\/v2\/comments?post=26568"}],"version-history":[{"count":4,"href":"https:\/\/www.neolife.com.tr\/en\/wp-json\/wp\/v2\/pages\/26568\/revisions"}],"predecessor-version":[{"id":26572,"href":"https:\/\/www.neolife.com.tr\/en\/wp-json\/wp\/v2\/pages\/26568\/revisions\/26572"}],"wp:attachment":[{"href":"https:\/\/www.neolife.com.tr\/en\/wp-json\/wp\/v2\/media?parent=26568"}],"curies":[{"name":"wp","href":"https:\/\/api.w.org\/{rel}","templated":true}]}}