{"id":26554,"date":"2025-06-25T16:23:03","date_gmt":"2025-06-25T13:23:03","guid":{"rendered":"https:\/\/www.neolife.com.tr\/?page_id=26554"},"modified":"2025-06-25T16:45:09","modified_gmt":"2025-06-25T13:45:09","slug":"rdn-zerrin-aydin","status":"publish","type":"page","link":"https:\/\/www.neolife.com.tr\/en\/rdn-zerrin-aydin\/","title":{"rendered":"RDN. Zerrin Ayd\u0131n"},"content":{"rendered":"\t\t<div data-elementor-type=\"wp-page\" data-elementor-id=\"26554\" class=\"elementor elementor-26554\" data-elementor-post-type=\"page\">\n\t\t\t\t\t\t<section class=\"elementor-section elementor-top-section elementor-element elementor-element-3f219f9 elementor-section-boxed elementor-section-height-default elementor-section-height-default\" data-id=\"3f219f9\" data-element_type=\"section\">\n\t\t\t\t\t\t<div class=\"elementor-container elementor-column-gap-default\">\n\t\t\t\t\t<div class=\"elementor-column elementor-col-50 elementor-top-column elementor-element elementor-element-c6f738a\" data-id=\"c6f738a\" data-element_type=\"column\">\n\t\t\t<div class=\"elementor-widget-wrap elementor-element-populated\">\n\t\t\t\t\t\t<section class=\"elementor-section elementor-inner-section elementor-element elementor-element-5c47eb4 elementor-section-boxed elementor-section-height-default elementor-section-height-default\" data-id=\"5c47eb4\" data-element_type=\"section\">\n\t\t\t\t\t\t<div class=\"elementor-container elementor-column-gap-default\">\n\t\t\t\t\t<div class=\"elementor-column elementor-col-50 elementor-inner-column elementor-element elementor-element-58b8798\" data-id=\"58b8798\" data-element_type=\"column\">\n\t\t\t<div class=\"elementor-widget-wrap elementor-element-populated\">\n\t\t\t\t\t\t<div class=\"elementor-element elementor-element-d2bfa1a elementor-widget elementor-widget-image\" data-id=\"d2bfa1a\" data-element_type=\"widget\" data-widget_type=\"image.default\">\n\t\t\t\t<div class=\"elementor-widget-container\">\n\t\t\t\t\t\t\t\t\t\t\t\t\t\t\t<img fetchpriority=\"high\" decoding=\"async\" width=\"1024\" height=\"1024\" src=\"https:\/\/www.neolife.com.tr\/wp-content\/uploads\/2025\/04\/Zerrin-Aydin-1024x1024.jpg\" class=\"attachment-large size-large wp-image-24721\" alt=\"Zerrin Ayd\u0131n\" srcset=\"https:\/\/www.neolife.com.tr\/wp-content\/uploads\/2025\/04\/Zerrin-Aydin-1024x1024.jpg 1024w, https:\/\/www.neolife.com.tr\/wp-content\/uploads\/2025\/04\/Zerrin-Aydin-300x300.jpg 300w, https:\/\/www.neolife.com.tr\/wp-content\/uploads\/2025\/04\/Zerrin-Aydin-150x150.jpg 150w, https:\/\/www.neolife.com.tr\/wp-content\/uploads\/2025\/04\/Zerrin-Aydin-768x768.jpg 768w, https:\/\/www.neolife.com.tr\/wp-content\/uploads\/2025\/04\/Zerrin-Aydin-1536x1536.jpg 1536w, https:\/\/www.neolife.com.tr\/wp-content\/uploads\/2025\/04\/Zerrin-Aydin-2048x2048.jpg 2048w\" sizes=\"(max-width: 1024px) 100vw, 1024px\" \/>\t\t\t\t\t\t\t\t\t\t\t\t\t\t\t<\/div>\n\t\t\t\t<\/div>\n\t\t\t\t<div class=\"elementor-element elementor-element-f55638f elementor-widget elementor-widget-heading\" data-id=\"f55638f\" data-element_type=\"widget\" data-widget_type=\"heading.default\">\n\t\t\t\t<div class=\"elementor-widget-container\">\n\t\t\t\t\t<h2 class=\"elementor-heading-title elementor-size-default\">Dietitian<\/h2>\t\t\t\t<\/div>\n\t\t\t\t<\/div>\n\t\t\t\t\t<\/div>\n\t\t<\/div>\n\t\t\t\t<div class=\"elementor-column elementor-col-50 elementor-inner-column elementor-element elementor-element-e6243f8\" data-id=\"e6243f8\" data-element_type=\"column\">\n\t\t\t<div class=\"elementor-widget-wrap elementor-element-populated\">\n\t\t\t\t\t\t<div class=\"elementor-element elementor-element-5fe7269 elementor-widget elementor-widget-heading\" data-id=\"5fe7269\" data-element_type=\"widget\" data-widget_type=\"heading.default\">\n\t\t\t\t<div class=\"elementor-widget-container\">\n\t\t\t\t\t<h2 class=\"elementor-heading-title elementor-size-default\">RDN. Zerrin Ayd\u0131n<\/h2>\t\t\t\t<\/div>\n\t\t\t\t<\/div>\n\t\t\t\t\t<\/div>\n\t\t<\/div>\n\t\t\t\t\t<\/div>\n\t\t<\/section>\n\t\t\t\t<div class=\"elementor-element elementor-element-053e077 elementor-widget-divider--view-line elementor-widget elementor-widget-divider\" data-id=\"053e077\" data-element_type=\"widget\" data-widget_type=\"divider.default\">\n\t\t\t\t<div class=\"elementor-widget-container\">\n\t\t\t\t\t\t\t<div class=\"elementor-divider\">\n\t\t\t<span class=\"elementor-divider-separator\">\n\t\t\t\t\t\t<\/span>\n\t\t<\/div>\n\t\t\t\t\t\t<\/div>\n\t\t\t\t<\/div>\n\t\t\t\t<div class=\"elementor-element elementor-element-b02e05d elementor-widget elementor-widget-heading\" data-id=\"b02e05d\" data-element_type=\"widget\" data-widget_type=\"heading.default\">\n\t\t\t\t<div class=\"elementor-widget-container\">\n\t\t\t\t\t<h2 class=\"elementor-heading-title elementor-size-default\">Areas of \u0130nterest<\/h2>\t\t\t\t<\/div>\n\t\t\t\t<\/div>\n\t\t\t\t<div class=\"elementor-element elementor-element-0cc6917 elementor-widget elementor-widget-heading\" data-id=\"0cc6917\" data-element_type=\"widget\" data-widget_type=\"heading.default\">\n\t\t\t\t<div class=\"elementor-widget-container\">\n\t\t\t\t\t<h2 class=\"elementor-heading-title elementor-size-default\">Education<\/h2>\t\t\t\t<\/div>\n\t\t\t\t<\/div>\n\t\t\t\t<div class=\"elementor-element elementor-element-052268f elementor-widget elementor-widget-text-editor\" data-id=\"052268f\" data-element_type=\"widget\" data-widget_type=\"text-editor.default\">\n\t\t\t\t<div class=\"elementor-widget-container\">\n\t\t\t\t\t\t\t\t\t<div id=\"text_block-173-5342\" class=\"ct-text-block doktor-text\"><p><b>1979 \u2013 1984<\/b><\/p><\/div><div id=\"text_block-174-5342\" class=\"ct-text-block doktor-text\">Hacettepe University<\/div>\t\t\t\t\t\t\t\t<\/div>\n\t\t\t\t<\/div>\n\t\t\t\t<div class=\"elementor-element elementor-element-f004ec9 elementor-widget elementor-widget-heading\" data-id=\"f004ec9\" data-element_type=\"widget\" data-widget_type=\"heading.default\">\n\t\t\t\t<div class=\"elementor-widget-container\">\n\t\t\t\t\t<h2 class=\"elementor-heading-title elementor-size-default\">Work Experience<\/h2>\t\t\t\t<\/div>\n\t\t\t\t<\/div>\n\t\t\t\t<div class=\"elementor-element elementor-element-0b15576 elementor-widget elementor-widget-text-editor\" data-id=\"0b15576\" data-element_type=\"widget\" data-widget_type=\"text-editor.default\">\n\t\t\t\t<div class=\"elementor-widget-container\">\n\t\t\t\t\t\t\t\t\t<div id=\"text_block-173-5342\" class=\"ct-text-block doktor-text\"><p><b>2025<br \/><\/b>Neolife Medical Center<\/p><p><b>2006 \u2013 2021<br \/><\/b>Bay\u0131nd\u0131r Medical Center<\/p><p><b>1999 \u2013 2006<br \/><\/b>International Hospital &#8211; Etiler<\/p><p><b>1994 \u2013 1997<br \/><\/b>International Hospital &#8211; Ye\u015filk\u00f6y<\/p><p><b>1992 \u2013 1984<br \/><\/b>Nutra Slim Weight Loss Centre<\/p><\/div><div id=\"text_block-174-5342\" class=\"ct-text-block doktor-text\"><b>1984 \u2013 1989<\/b><br \/>Bak\u0131rk\u00f6y Children&#8217;s Home<\/div>\t\t\t\t\t\t\t\t<\/div>\n\t\t\t\t<\/div>\n\t\t\t\t<div class=\"elementor-element elementor-element-99ea1cc elementor-widget elementor-widget-heading\" data-id=\"99ea1cc\" data-element_type=\"widget\" data-widget_type=\"heading.default\">\n\t\t\t\t<div class=\"elementor-widget-container\">\n\t\t\t\t\t<h2 class=\"elementor-heading-title elementor-size-default\">Professional Trainings<\/h2>\t\t\t\t<\/div>\n\t\t\t\t<\/div>\n\t\t\t\t<div class=\"elementor-element elementor-element-2ce01e8 elementor-widget elementor-widget-heading\" data-id=\"2ce01e8\" data-element_type=\"widget\" data-widget_type=\"heading.default\">\n\t\t\t\t<div class=\"elementor-widget-container\">\n\t\t\t\t\t<h2 class=\"elementor-heading-title elementor-size-default\">Memberships<\/h2>\t\t\t\t<\/div>\n\t\t\t\t<\/div>\n\t\t\t\t<div class=\"elementor-element elementor-element-4b6e2df elementor-widget elementor-widget-heading\" data-id=\"4b6e2df\" data-element_type=\"widget\" data-widget_type=\"heading.default\">\n\t\t\t\t<div class=\"elementor-widget-container\">\n\t\t\t\t\t<h2 class=\"elementor-heading-title elementor-size-default\">Scientific Publications<\/h2>\t\t\t\t<\/div>\n\t\t\t\t<\/div>\n\t\t\t\t\t<\/div>\n\t\t<\/div>\n\t\t\t\t<div class=\"elementor-column elementor-col-50 elementor-top-column elementor-element elementor-element-151b42e\" data-id=\"151b42e\" data-element_type=\"column\">\n\t\t\t<div class=\"elementor-widget-wrap elementor-element-populated\">\n\t\t\t\t\t\t<div class=\"elementor-element elementor-element-19ea968 elementor-widget elementor-widget-sidebar\" data-id=\"19ea968\" data-element_type=\"widget\" data-widget_type=\"sidebar.default\">\n\t\t\t\t<div class=\"elementor-widget-container\">\n\t\t\t\t\t<div class=\"widget_text chw-widget\"><div class=\"textwidget custom-html-widget\">\t\t<div data-elementor-type=\"section\" data-elementor-id=\"17716\" class=\"elementor elementor-17716\" data-elementor-post-type=\"elementor_library\">\n\t\t\t\t\t<\/div>\n\t\t<\/div><\/div>\t\t\t\t<\/div>\n\t\t\t\t<\/div>\n\t\t\t\t\t<\/div>\n\t\t<\/div>\n\t\t\t\t\t<\/div>\n\t\t<\/section>\n\t\t\t\t<\/div>\n\t\t","protected":false},"excerpt":{"rendered":"<p>Dietitian RDN. Zerrin Ayd\u0131n Areas of \u0130nterest Education 1979 \u2013 1984 Hacettepe University Work Experience 2025Neolife Medical Center 2006 \u2013 2021Bay\u0131nd\u0131r Medical Center 1999 \u2013 2006International Hospital &#8211; Etiler 1994 \u2013 1997International Hospital &#8211; Ye\u015filk\u00f6y 1992 \u2013 1984Nutra Slim Weight Loss Centre 1984 \u2013 1989Bak\u0131rk\u00f6y Children&#8217;s Home Professional Trainings Memberships Scientific Publications<\/p>\n","protected":false},"author":13,"featured_media":0,"parent":0,"menu_order":0,"comment_status":"closed","ping_status":"closed","template":"","meta":{"footnotes":""},"class_list":["post-26554","page","type-page","status-publish","hentry"],"yoast_head":"<!-- This site is optimized with the Yoast SEO plugin v22.5 - https:\/\/yoast.com\/wordpress\/plugins\/seo\/ -->\n<title>RDN. Zerrin Ayd\u0131n - Neolife T\u0131p Merkezi<\/title>\n<meta name=\"robots\" content=\"index, follow, max-snippet:-1, max-image-preview:large, max-video-preview:-1\" \/>\n<link rel=\"canonical\" href=\"https:\/\/www.neolife.com.tr\/en\/rdn-zerrin-aydin\/\" \/>\n<meta name=\"twitter:label1\" content=\"Est. reading time\" \/>\n\t<meta name=\"twitter:data1\" content=\"17 minutes\" \/>\n<script type=\"application\/ld+json\" class=\"yoast-schema-graph\">{\"@context\":\"https:\/\/schema.org\",\"@graph\":[{\"@type\":\"WebPage\",\"@id\":\"https:\/\/www.neolife.com.tr\/en\/rdn-zerrin-aydin\/\",\"url\":\"https:\/\/www.neolife.com.tr\/en\/rdn-zerrin-aydin\/\",\"name\":\"RDN. Zerrin Ayd\u0131n - Neolife T\u0131p Merkezi\",\"isPartOf\":{\"@id\":\"https:\/\/www.neolife.com.tr\/#website\"},\"primaryImageOfPage\":{\"@id\":\"https:\/\/www.neolife.com.tr\/en\/rdn-zerrin-aydin\/#primaryimage\"},\"image\":{\"@id\":\"https:\/\/www.neolife.com.tr\/en\/rdn-zerrin-aydin\/#primaryimage\"},\"thumbnailUrl\":\"https:\/\/www.neolife.com.tr\/wp-content\/uploads\/2025\/04\/Zerrin-Aydin-1024x1024.jpg\",\"datePublished\":\"2025-06-25T13:23:03+00:00\",\"dateModified\":\"2025-06-25T13:45:09+00:00\",\"breadcrumb\":{\"@id\":\"https:\/\/www.neolife.com.tr\/en\/rdn-zerrin-aydin\/#breadcrumb\"},\"inLanguage\":\"en-US\",\"potentialAction\":[{\"@type\":\"ReadAction\",\"target\":[\"https:\/\/www.neolife.com.tr\/en\/rdn-zerrin-aydin\/\"]}]},{\"@type\":\"ImageObject\",\"inLanguage\":\"en-US\",\"@id\":\"https:\/\/www.neolife.com.tr\/en\/rdn-zerrin-aydin\/#primaryimage\",\"url\":\"https:\/\/www.neolife.com.tr\/wp-content\/uploads\/2025\/04\/Zerrin-Aydin-1024x1024.jpg\",\"contentUrl\":\"https:\/\/www.neolife.com.tr\/wp-content\/uploads\/2025\/04\/Zerrin-Aydin-1024x1024.jpg\"},{\"@type\":\"BreadcrumbList\",\"@id\":\"https:\/\/www.neolife.com.tr\/en\/rdn-zerrin-aydin\/#breadcrumb\",\"itemListElement\":[{\"@type\":\"ListItem\",\"position\":1,\"name\":\"Ana Sayfa\",\"item\":\"https:\/\/www.neolife.com.tr\/en\/\"},{\"@type\":\"ListItem\",\"position\":2,\"name\":\"RDN. Zerrin Ayd\u0131n\"}]},{\"@type\":\"WebSite\",\"@id\":\"https:\/\/www.neolife.com.tr\/#website\",\"url\":\"https:\/\/www.neolife.com.tr\/\",\"name\":\"Neolife T\u0131p Merkezi\",\"description\":\"T\u00fcrkiye&#039;de kanser tedavisi - kanser te\u015fhisi ve tedavisi\",\"publisher\":{\"@id\":\"https:\/\/www.neolife.com.tr\/#organization\"},\"potentialAction\":[{\"@type\":\"SearchAction\",\"target\":{\"@type\":\"EntryPoint\",\"urlTemplate\":\"https:\/\/www.neolife.com.tr\/?s={search_term_string}\"},\"query-input\":\"required name=search_term_string\"}],\"inLanguage\":\"en-US\"},{\"@type\":\"Organization\",\"@id\":\"https:\/\/www.neolife.com.tr\/#organization\",\"name\":\"Neolife T\u0131p Merkezi\",\"url\":\"https:\/\/www.neolife.com.tr\/\",\"logo\":{\"@type\":\"ImageObject\",\"inLanguage\":\"en-US\",\"@id\":\"https:\/\/www.neolife.com.tr\/#\/schema\/logo\/image\/\",\"url\":\"https:\/\/www.neolife.com.tr\/wp-content\/uploads\/2021\/06\/Neolife-Logo.png\",\"contentUrl\":\"https:\/\/www.neolife.com.tr\/wp-content\/uploads\/2021\/06\/Neolife-Logo.png\",\"width\":348,\"height\":92,\"caption\":\"Neolife T\u0131p Merkezi\"},\"image\":{\"@id\":\"https:\/\/www.neolife.com.tr\/#\/schema\/logo\/image\/\"},\"sameAs\":[\"https:\/\/www.facebook.com\/NeoLifeIstanbul\/\",\"https:\/\/x.com\/NeoLifeIstanbul\",\"https:\/\/www.linkedin.com\/company\/neolife-oncology-center\/?originalSubdomain=tr\"]}]}<\/script>\n<!-- \/ Yoast SEO plugin. -->","yoast_head_json":{"title":"RDN. Zerrin Ayd\u0131n - Neolife T\u0131p Merkezi","robots":{"index":"index","follow":"follow","max-snippet":"max-snippet:-1","max-image-preview":"max-image-preview:large","max-video-preview":"max-video-preview:-1"},"canonical":"https:\/\/www.neolife.com.tr\/en\/rdn-zerrin-aydin\/","twitter_misc":{"Est. reading time":"17 minutes"},"schema":{"@context":"https:\/\/schema.org","@graph":[{"@type":"WebPage","@id":"https:\/\/www.neolife.com.tr\/en\/rdn-zerrin-aydin\/","url":"https:\/\/www.neolife.com.tr\/en\/rdn-zerrin-aydin\/","name":"RDN. Zerrin Ayd\u0131n - Neolife T\u0131p Merkezi","isPartOf":{"@id":"https:\/\/www.neolife.com.tr\/#website"},"primaryImageOfPage":{"@id":"https:\/\/www.neolife.com.tr\/en\/rdn-zerrin-aydin\/#primaryimage"},"image":{"@id":"https:\/\/www.neolife.com.tr\/en\/rdn-zerrin-aydin\/#primaryimage"},"thumbnailUrl":"https:\/\/www.neolife.com.tr\/wp-content\/uploads\/2025\/04\/Zerrin-Aydin-1024x1024.jpg","datePublished":"2025-06-25T13:23:03+00:00","dateModified":"2025-06-25T13:45:09+00:00","breadcrumb":{"@id":"https:\/\/www.neolife.com.tr\/en\/rdn-zerrin-aydin\/#breadcrumb"},"inLanguage":"en-US","potentialAction":[{"@type":"ReadAction","target":["https:\/\/www.neolife.com.tr\/en\/rdn-zerrin-aydin\/"]}]},{"@type":"ImageObject","inLanguage":"en-US","@id":"https:\/\/www.neolife.com.tr\/en\/rdn-zerrin-aydin\/#primaryimage","url":"https:\/\/www.neolife.com.tr\/wp-content\/uploads\/2025\/04\/Zerrin-Aydin-1024x1024.jpg","contentUrl":"https:\/\/www.neolife.com.tr\/wp-content\/uploads\/2025\/04\/Zerrin-Aydin-1024x1024.jpg"},{"@type":"BreadcrumbList","@id":"https:\/\/www.neolife.com.tr\/en\/rdn-zerrin-aydin\/#breadcrumb","itemListElement":[{"@type":"ListItem","position":1,"name":"Ana Sayfa","item":"https:\/\/www.neolife.com.tr\/en\/"},{"@type":"ListItem","position":2,"name":"RDN. Zerrin Ayd\u0131n"}]},{"@type":"WebSite","@id":"https:\/\/www.neolife.com.tr\/#website","url":"https:\/\/www.neolife.com.tr\/","name":"Neolife T\u0131p Merkezi","description":"T\u00fcrkiye&#039;de kanser tedavisi - kanser te\u015fhisi ve tedavisi","publisher":{"@id":"https:\/\/www.neolife.com.tr\/#organization"},"potentialAction":[{"@type":"SearchAction","target":{"@type":"EntryPoint","urlTemplate":"https:\/\/www.neolife.com.tr\/?s={search_term_string}"},"query-input":"required name=search_term_string"}],"inLanguage":"en-US"},{"@type":"Organization","@id":"https:\/\/www.neolife.com.tr\/#organization","name":"Neolife T\u0131p Merkezi","url":"https:\/\/www.neolife.com.tr\/","logo":{"@type":"ImageObject","inLanguage":"en-US","@id":"https:\/\/www.neolife.com.tr\/#\/schema\/logo\/image\/","url":"https:\/\/www.neolife.com.tr\/wp-content\/uploads\/2021\/06\/Neolife-Logo.png","contentUrl":"https:\/\/www.neolife.com.tr\/wp-content\/uploads\/2021\/06\/Neolife-Logo.png","width":348,"height":92,"caption":"Neolife T\u0131p Merkezi"},"image":{"@id":"https:\/\/www.neolife.com.tr\/#\/schema\/logo\/image\/"},"sameAs":["https:\/\/www.facebook.com\/NeoLifeIstanbul\/","https:\/\/x.com\/NeoLifeIstanbul","https:\/\/www.linkedin.com\/company\/neolife-oncology-center\/?originalSubdomain=tr"]}]}},"_links":{"self":[{"href":"https:\/\/www.neolife.com.tr\/en\/wp-json\/wp\/v2\/pages\/26554","targetHints":{"allow":["GET"]}}],"collection":[{"href":"https:\/\/www.neolife.com.tr\/en\/wp-json\/wp\/v2\/pages"}],"about":[{"href":"https:\/\/www.neolife.com.tr\/en\/wp-json\/wp\/v2\/types\/page"}],"author":[{"embeddable":true,"href":"https:\/\/www.neolife.com.tr\/en\/wp-json\/wp\/v2\/users\/13"}],"replies":[{"embeddable":true,"href":"https:\/\/www.neolife.com.tr\/en\/wp-json\/wp\/v2\/comments?post=26554"}],"version-history":[{"count":4,"href":"https:\/\/www.neolife.com.tr\/en\/wp-json\/wp\/v2\/pages\/26554\/revisions"}],"predecessor-version":[{"id":26564,"href":"https:\/\/www.neolife.com.tr\/en\/wp-json\/wp\/v2\/pages\/26554\/revisions\/26564"}],"wp:attachment":[{"href":"https:\/\/www.neolife.com.tr\/en\/wp-json\/wp\/v2\/media?parent=26554"}],"curies":[{"name":"wp","href":"https:\/\/api.w.org\/{rel}","templated":true}]}}