{"id":26512,"date":"2025-06-25T14:00:06","date_gmt":"2025-06-25T11:00:06","guid":{"rendered":"https:\/\/www.neolife.com.tr\/?page_id=26512"},"modified":"2025-06-25T14:20:58","modified_gmt":"2025-06-25T11:20:58","slug":"prof-dr-ahmet-ober","status":"publish","type":"page","link":"https:\/\/www.neolife.com.tr\/en\/prof-dr-ahmet-ober\/","title":{"rendered":"Prof. Dr. Ahmet \u00d6ber"},"content":{"rendered":"\t\t<div data-elementor-type=\"wp-page\" data-elementor-id=\"26512\" class=\"elementor elementor-26512\" data-elementor-post-type=\"page\">\n\t\t\t\t\t\t<section class=\"elementor-section elementor-top-section elementor-element elementor-element-e90e943 elementor-section-boxed elementor-section-height-default elementor-section-height-default\" data-id=\"e90e943\" data-element_type=\"section\">\n\t\t\t\t\t\t<div class=\"elementor-container elementor-column-gap-default\">\n\t\t\t\t\t<div class=\"elementor-column elementor-col-50 elementor-top-column elementor-element elementor-element-d6a9a9a\" data-id=\"d6a9a9a\" data-element_type=\"column\">\n\t\t\t<div class=\"elementor-widget-wrap elementor-element-populated\">\n\t\t\t\t\t\t<section class=\"elementor-section elementor-inner-section elementor-element elementor-element-bee25f0 elementor-section-boxed elementor-section-height-default elementor-section-height-default\" data-id=\"bee25f0\" data-element_type=\"section\">\n\t\t\t\t\t\t<div class=\"elementor-container elementor-column-gap-default\">\n\t\t\t\t\t<div class=\"elementor-column elementor-col-50 elementor-inner-column elementor-element elementor-element-9c473de\" data-id=\"9c473de\" data-element_type=\"column\">\n\t\t\t<div class=\"elementor-widget-wrap elementor-element-populated\">\n\t\t\t\t\t\t<div class=\"elementor-element elementor-element-c8f9f1d elementor-widget elementor-widget-image\" data-id=\"c8f9f1d\" data-element_type=\"widget\" data-widget_type=\"image.default\">\n\t\t\t\t<div class=\"elementor-widget-container\">\n\t\t\t\t\t\t\t\t\t\t\t\t\t\t\t<img fetchpriority=\"high\" decoding=\"async\" width=\"1024\" height=\"1024\" src=\"https:\/\/www.neolife.com.tr\/wp-content\/uploads\/2025\/06\/ahmet-ober-256x256-min-1-1024x1024.jpg\" class=\"attachment-large size-large wp-image-26497\" alt=\"\" srcset=\"https:\/\/www.neolife.com.tr\/wp-content\/uploads\/2025\/06\/ahmet-ober-256x256-min-1-1024x1024.jpg 1024w, https:\/\/www.neolife.com.tr\/wp-content\/uploads\/2025\/06\/ahmet-ober-256x256-min-1-300x300.jpg 300w, https:\/\/www.neolife.com.tr\/wp-content\/uploads\/2025\/06\/ahmet-ober-256x256-min-1-150x150.jpg 150w, https:\/\/www.neolife.com.tr\/wp-content\/uploads\/2025\/06\/ahmet-ober-256x256-min-1-768x768.jpg 768w, https:\/\/www.neolife.com.tr\/wp-content\/uploads\/2025\/06\/ahmet-ober-256x256-min-1.jpg 1067w\" sizes=\"(max-width: 1024px) 100vw, 1024px\" \/>\t\t\t\t\t\t\t\t\t\t\t\t\t\t\t<\/div>\n\t\t\t\t<\/div>\n\t\t\t\t<div class=\"elementor-element elementor-element-def0311 elementor-widget elementor-widget-heading\" data-id=\"def0311\" data-element_type=\"widget\" data-widget_type=\"heading.default\">\n\t\t\t\t<div class=\"elementor-widget-container\">\n\t\t\t\t\t<h2 class=\"elementor-heading-title elementor-size-default\">Radiation Oncology Specialist<\/h2>\t\t\t\t<\/div>\n\t\t\t\t<\/div>\n\t\t\t\t\t<\/div>\n\t\t<\/div>\n\t\t\t\t<div class=\"elementor-column elementor-col-50 elementor-inner-column elementor-element elementor-element-162c640\" data-id=\"162c640\" data-element_type=\"column\">\n\t\t\t<div class=\"elementor-widget-wrap elementor-element-populated\">\n\t\t\t\t\t\t<div class=\"elementor-element elementor-element-84f3da9 elementor-widget elementor-widget-heading\" data-id=\"84f3da9\" data-element_type=\"widget\" data-widget_type=\"heading.default\">\n\t\t\t\t<div class=\"elementor-widget-container\">\n\t\t\t\t\t<h2 class=\"elementor-heading-title elementor-size-default\">Prof. Dr. Ahmet \u00d6ber<\/h2>\t\t\t\t<\/div>\n\t\t\t\t<\/div>\n\t\t\t\t\t<\/div>\n\t\t<\/div>\n\t\t\t\t\t<\/div>\n\t\t<\/section>\n\t\t\t\t<div class=\"elementor-element elementor-element-00573d2 elementor-widget-divider--view-line elementor-widget elementor-widget-divider\" data-id=\"00573d2\" data-element_type=\"widget\" data-widget_type=\"divider.default\">\n\t\t\t\t<div class=\"elementor-widget-container\">\n\t\t\t\t\t\t\t<div class=\"elementor-divider\">\n\t\t\t<span class=\"elementor-divider-separator\">\n\t\t\t\t\t\t<\/span>\n\t\t<\/div>\n\t\t\t\t\t\t<\/div>\n\t\t\t\t<\/div>\n\t\t\t\t<div class=\"elementor-element elementor-element-ca32189 elementor-widget elementor-widget-heading\" data-id=\"ca32189\" data-element_type=\"widget\" data-widget_type=\"heading.default\">\n\t\t\t\t<div class=\"elementor-widget-container\">\n\t\t\t\t\t<h2 class=\"elementor-heading-title elementor-size-default\">Areas of \u0130nterest<\/h2>\t\t\t\t<\/div>\n\t\t\t\t<\/div>\n\t\t\t\t<div class=\"elementor-element elementor-element-dd4a1a2 elementor-widget elementor-widget-heading\" data-id=\"dd4a1a2\" data-element_type=\"widget\" data-widget_type=\"heading.default\">\n\t\t\t\t<div class=\"elementor-widget-container\">\n\t\t\t\t\t<h2 class=\"elementor-heading-title elementor-size-default\">Education<\/h2>\t\t\t\t<\/div>\n\t\t\t\t<\/div>\n\t\t\t\t<div class=\"elementor-element elementor-element-df00e39 elementor-widget elementor-widget-text-editor\" data-id=\"df00e39\" data-element_type=\"widget\" data-widget_type=\"text-editor.default\">\n\t\t\t\t<div class=\"elementor-widget-container\">\n\t\t\t\t\t\t\t\t\t<div id=\"text_block-173-5342\" class=\"ct-text-block doktor-text\"><p><strong>2008<\/strong><\/p><p>Cerrahpa\u015fa Medical Faculty Radiation Oncology<br \/>Department, Professor (Last academic duty)<\/p><p><strong>2000 &#8211; 2006<\/strong><\/p><p>Cerrahpa\u015fa Medical Faculty Radiation Oncology<br \/>Department(Head of department)<\/p><p><strong>1992<\/strong><\/p><p>Cerrahpa\u015fa Medical Faculty Radiation Oncology<br \/>Department(Professor)<\/p><p><strong>1985 &#8211; 1992<\/strong><\/p><p>Cerrahpa\u015fa Medical Faculty Radiation Oncology<br \/>Department(Associate professor)<\/p><p><strong>1984 &#8211; 1985<\/strong><\/p><p>Cerrahpa\u015fa Medical Faculty Radiation Oncology<br \/>Department (Assistant professor)<\/p><p><strong>1982 &#8211; 1983<\/strong><\/p><p>The British Council Fellowship, London,<br \/>The Royal Marsden Hospital (Study abroad)<\/p><p><strong>1982 &#8211; 1984<\/strong><\/p><p>Cerrahpa\u015fa Medical Faculty Radiation Oncology<br \/>Department (Research Assistant)<\/p><p><strong>1976 &#8211; 1981\u00a0<\/strong><\/p><p>Cerrahpa\u015fa Medical Faculty,<br \/>Department of Radiotherapy (Expertise)<\/p><p><b>1976<br \/><\/b>Cerrahpa\u015fa Faculty of Medicine<\/p><p><b>1969<br \/><\/b>Kad\u0131k\u00f6y Maarif College<\/p><\/div><div id=\"text_block-174-5342\" class=\"ct-text-block doktor-text\"><b>&#8211;<\/b><br \/>Bursa, Setba\u015f\u0131 Primary School<\/div>\t\t\t\t\t\t\t\t<\/div>\n\t\t\t\t<\/div>\n\t\t\t\t<div class=\"elementor-element elementor-element-f060ffe elementor-widget elementor-widget-heading\" data-id=\"f060ffe\" data-element_type=\"widget\" data-widget_type=\"heading.default\">\n\t\t\t\t<div class=\"elementor-widget-container\">\n\t\t\t\t\t<h2 class=\"elementor-heading-title elementor-size-default\">Administrative Tasks\n<\/h2>\t\t\t\t<\/div>\n\t\t\t\t<\/div>\n\t\t\t\t<div class=\"elementor-element elementor-element-ca33c7c elementor-widget elementor-widget-text-editor\" data-id=\"ca33c7c\" data-element_type=\"widget\" data-widget_type=\"text-editor.default\">\n\t\t\t\t<div class=\"elementor-widget-container\">\n\t\t\t\t\t\t\t\t\t<div id=\"text_block-177-5342\" class=\"ct-text-block doktor-text\"><p><b>1998- Halen<\/b><\/p><p>Coordinator for Continuing Education Meetings in Breast Cancer<\/p><p><b>2002- 2011\u00a0<\/b><\/p><p>The Academy of Sciences of Turkey\u2019s Cancer Study Group Membership<\/p><p><b>2007- 2010\u00a0<\/b><\/p><p>Italian Hospital Medical Director \/ Coordinator<\/p><p><b>1996 &#8211; 2006\u00a0<\/b><\/p><p>Board Member of Radiation Oncology Association<\/p><p><b>1996 &#8211; 2005\u00a0<\/b><\/p><p>Cerrahpa\u015fa Faculty of Medicine Ethics Committee Member<\/p><p><b>2003 &#8211; 2004\u00a0<\/b><\/p><p>Istanbul Medical Chamber Ethics Committee Membership<\/p><p><b>2002 &#8211; 2004\u00a0<\/b><\/p><p>President of Radiation Oncology Association<\/p><p><b>1996 &#8211; 2003<\/b><\/p><p>Member of the Board of Directors of Cerrahpa\u015fa Medical Faculty Foundation<\/p><p><b>1990 \u2013 1998<\/b><br \/>Board Member of the Foundation for Cancer Control<\/p><\/div><div id=\"text_block-178-5342\" class=\"ct-text-block doktor-text\"><p><b>1988 \u2013 1991<\/b><br \/>Faculty Member of Cerrahpa\u015fa Faculty of Medicine<\/p><\/div><div id=\"text_block-179-5342\" class=\"ct-text-block doktor-text\"><b>1985 \u2013 1990<br \/><\/b>Board Member of Cancer Society<\/div>\t\t\t\t\t\t\t\t<\/div>\n\t\t\t\t<\/div>\n\t\t\t\t<div class=\"elementor-element elementor-element-dc9c5bc elementor-widget elementor-widget-heading\" data-id=\"dc9c5bc\" data-element_type=\"widget\" data-widget_type=\"heading.default\">\n\t\t\t\t<div class=\"elementor-widget-container\">\n\t\t\t\t\t<h2 class=\"elementor-heading-title elementor-size-default\">Professional Trainings<\/h2>\t\t\t\t<\/div>\n\t\t\t\t<\/div>\n\t\t\t\t<div class=\"elementor-element elementor-element-f6efa35 elementor-widget elementor-widget-heading\" data-id=\"f6efa35\" data-element_type=\"widget\" data-widget_type=\"heading.default\">\n\t\t\t\t<div class=\"elementor-widget-container\">\n\t\t\t\t\t<h2 class=\"elementor-heading-title elementor-size-default\">Memberships<\/h2>\t\t\t\t<\/div>\n\t\t\t\t<\/div>\n\t\t\t\t<div class=\"elementor-element elementor-element-570e5fc elementor-widget elementor-widget-heading\" data-id=\"570e5fc\" data-element_type=\"widget\" data-widget_type=\"heading.default\">\n\t\t\t\t<div class=\"elementor-widget-container\">\n\t\t\t\t\t<h2 class=\"elementor-heading-title elementor-size-default\">Scientific Publications<\/h2>\t\t\t\t<\/div>\n\t\t\t\t<\/div>\n\t\t\t\t\t<\/div>\n\t\t<\/div>\n\t\t\t\t<div class=\"elementor-column elementor-col-50 elementor-top-column elementor-element elementor-element-32c7e6b\" data-id=\"32c7e6b\" data-element_type=\"column\">\n\t\t\t<div class=\"elementor-widget-wrap elementor-element-populated\">\n\t\t\t\t\t\t<div class=\"elementor-element elementor-element-108a883 elementor-widget elementor-widget-sidebar\" data-id=\"108a883\" data-element_type=\"widget\" data-widget_type=\"sidebar.default\">\n\t\t\t\t<div class=\"elementor-widget-container\">\n\t\t\t\t\t<div class=\"widget_text chw-widget\"><div class=\"textwidget custom-html-widget\">\t\t<div data-elementor-type=\"section\" data-elementor-id=\"17716\" class=\"elementor elementor-17716\" data-elementor-post-type=\"elementor_library\">\n\t\t\t\t\t<\/div>\n\t\t<\/div><\/div>\t\t\t\t<\/div>\n\t\t\t\t<\/div>\n\t\t\t\t\t<\/div>\n\t\t<\/div>\n\t\t\t\t\t<\/div>\n\t\t<\/section>\n\t\t\t\t<\/div>\n\t\t","protected":false},"excerpt":{"rendered":"<p>Radiation Oncology Specialist Prof. Dr. Ahmet \u00d6ber Areas of \u0130nterest Education 2008 Cerrahpa\u015fa Medical Faculty Radiation OncologyDepartment, Professor (Last academic duty) 2000 &#8211; 2006 Cerrahpa\u015fa Medical Faculty Radiation OncologyDepartment(Head of department) 1992 Cerrahpa\u015fa Medical Faculty Radiation OncologyDepartment(Professor) 1985 &#8211; 1992 Cerrahpa\u015fa Medical Faculty Radiation OncologyDepartment(Associate professor) 1984 &#8211; 1985 Cerrahpa\u015fa Medical Faculty Radiation OncologyDepartment (Assistant [&hellip;]<\/p>\n","protected":false},"author":13,"featured_media":0,"parent":0,"menu_order":0,"comment_status":"closed","ping_status":"closed","template":"","meta":{"footnotes":""},"class_list":["post-26512","page","type-page","status-publish","hentry"],"yoast_head":"<!-- This site is optimized with the Yoast SEO plugin v22.5 - https:\/\/yoast.com\/wordpress\/plugins\/seo\/ -->\n<title>Prof. Dr. Ahmet \u00d6ber - Neolife T\u0131p Merkezi<\/title>\n<meta name=\"robots\" content=\"index, follow, max-snippet:-1, max-image-preview:large, max-video-preview:-1\" \/>\n<link rel=\"canonical\" href=\"https:\/\/www.neolife.com.tr\/en\/prof-dr-ahmet-ober\/\" \/>\n<meta name=\"twitter:label1\" content=\"Est. reading time\" \/>\n\t<meta name=\"twitter:data1\" content=\"18 minutes\" \/>\n<script type=\"application\/ld+json\" class=\"yoast-schema-graph\">{\"@context\":\"https:\/\/schema.org\",\"@graph\":[{\"@type\":\"WebPage\",\"@id\":\"https:\/\/www.neolife.com.tr\/en\/prof-dr-ahmet-ober\/\",\"url\":\"https:\/\/www.neolife.com.tr\/en\/prof-dr-ahmet-ober\/\",\"name\":\"Prof. Dr. Ahmet \u00d6ber - Neolife T\u0131p Merkezi\",\"isPartOf\":{\"@id\":\"https:\/\/www.neolife.com.tr\/#website\"},\"primaryImageOfPage\":{\"@id\":\"https:\/\/www.neolife.com.tr\/en\/prof-dr-ahmet-ober\/#primaryimage\"},\"image\":{\"@id\":\"https:\/\/www.neolife.com.tr\/en\/prof-dr-ahmet-ober\/#primaryimage\"},\"thumbnailUrl\":\"https:\/\/www.neolife.com.tr\/wp-content\/uploads\/2025\/06\/ahmet-ober-256x256-min-1-1024x1024.jpg\",\"datePublished\":\"2025-06-25T11:00:06+00:00\",\"dateModified\":\"2025-06-25T11:20:58+00:00\",\"breadcrumb\":{\"@id\":\"https:\/\/www.neolife.com.tr\/en\/prof-dr-ahmet-ober\/#breadcrumb\"},\"inLanguage\":\"en-US\",\"potentialAction\":[{\"@type\":\"ReadAction\",\"target\":[\"https:\/\/www.neolife.com.tr\/en\/prof-dr-ahmet-ober\/\"]}]},{\"@type\":\"ImageObject\",\"inLanguage\":\"en-US\",\"@id\":\"https:\/\/www.neolife.com.tr\/en\/prof-dr-ahmet-ober\/#primaryimage\",\"url\":\"https:\/\/www.neolife.com.tr\/wp-content\/uploads\/2025\/06\/ahmet-ober-256x256-min-1-1024x1024.jpg\",\"contentUrl\":\"https:\/\/www.neolife.com.tr\/wp-content\/uploads\/2025\/06\/ahmet-ober-256x256-min-1-1024x1024.jpg\"},{\"@type\":\"BreadcrumbList\",\"@id\":\"https:\/\/www.neolife.com.tr\/en\/prof-dr-ahmet-ober\/#breadcrumb\",\"itemListElement\":[{\"@type\":\"ListItem\",\"position\":1,\"name\":\"Ana Sayfa\",\"item\":\"https:\/\/www.neolife.com.tr\/en\/\"},{\"@type\":\"ListItem\",\"position\":2,\"name\":\"Prof. Dr. Ahmet \u00d6ber\"}]},{\"@type\":\"WebSite\",\"@id\":\"https:\/\/www.neolife.com.tr\/#website\",\"url\":\"https:\/\/www.neolife.com.tr\/\",\"name\":\"Neolife T\u0131p Merkezi\",\"description\":\"T\u00fcrkiye&#039;de kanser tedavisi - kanser te\u015fhisi ve tedavisi\",\"publisher\":{\"@id\":\"https:\/\/www.neolife.com.tr\/#organization\"},\"potentialAction\":[{\"@type\":\"SearchAction\",\"target\":{\"@type\":\"EntryPoint\",\"urlTemplate\":\"https:\/\/www.neolife.com.tr\/?s={search_term_string}\"},\"query-input\":\"required name=search_term_string\"}],\"inLanguage\":\"en-US\"},{\"@type\":\"Organization\",\"@id\":\"https:\/\/www.neolife.com.tr\/#organization\",\"name\":\"Neolife T\u0131p Merkezi\",\"url\":\"https:\/\/www.neolife.com.tr\/\",\"logo\":{\"@type\":\"ImageObject\",\"inLanguage\":\"en-US\",\"@id\":\"https:\/\/www.neolife.com.tr\/#\/schema\/logo\/image\/\",\"url\":\"https:\/\/www.neolife.com.tr\/wp-content\/uploads\/2021\/06\/Neolife-Logo.png\",\"contentUrl\":\"https:\/\/www.neolife.com.tr\/wp-content\/uploads\/2021\/06\/Neolife-Logo.png\",\"width\":348,\"height\":92,\"caption\":\"Neolife T\u0131p Merkezi\"},\"image\":{\"@id\":\"https:\/\/www.neolife.com.tr\/#\/schema\/logo\/image\/\"},\"sameAs\":[\"https:\/\/www.facebook.com\/NeoLifeIstanbul\/\",\"https:\/\/x.com\/NeoLifeIstanbul\",\"https:\/\/www.linkedin.com\/company\/neolife-oncology-center\/?originalSubdomain=tr\"]}]}<\/script>\n<!-- \/ Yoast SEO plugin. -->","yoast_head_json":{"title":"Prof. Dr. Ahmet \u00d6ber - Neolife T\u0131p Merkezi","robots":{"index":"index","follow":"follow","max-snippet":"max-snippet:-1","max-image-preview":"max-image-preview:large","max-video-preview":"max-video-preview:-1"},"canonical":"https:\/\/www.neolife.com.tr\/en\/prof-dr-ahmet-ober\/","twitter_misc":{"Est. reading time":"18 minutes"},"schema":{"@context":"https:\/\/schema.org","@graph":[{"@type":"WebPage","@id":"https:\/\/www.neolife.com.tr\/en\/prof-dr-ahmet-ober\/","url":"https:\/\/www.neolife.com.tr\/en\/prof-dr-ahmet-ober\/","name":"Prof. Dr. Ahmet \u00d6ber - Neolife T\u0131p Merkezi","isPartOf":{"@id":"https:\/\/www.neolife.com.tr\/#website"},"primaryImageOfPage":{"@id":"https:\/\/www.neolife.com.tr\/en\/prof-dr-ahmet-ober\/#primaryimage"},"image":{"@id":"https:\/\/www.neolife.com.tr\/en\/prof-dr-ahmet-ober\/#primaryimage"},"thumbnailUrl":"https:\/\/www.neolife.com.tr\/wp-content\/uploads\/2025\/06\/ahmet-ober-256x256-min-1-1024x1024.jpg","datePublished":"2025-06-25T11:00:06+00:00","dateModified":"2025-06-25T11:20:58+00:00","breadcrumb":{"@id":"https:\/\/www.neolife.com.tr\/en\/prof-dr-ahmet-ober\/#breadcrumb"},"inLanguage":"en-US","potentialAction":[{"@type":"ReadAction","target":["https:\/\/www.neolife.com.tr\/en\/prof-dr-ahmet-ober\/"]}]},{"@type":"ImageObject","inLanguage":"en-US","@id":"https:\/\/www.neolife.com.tr\/en\/prof-dr-ahmet-ober\/#primaryimage","url":"https:\/\/www.neolife.com.tr\/wp-content\/uploads\/2025\/06\/ahmet-ober-256x256-min-1-1024x1024.jpg","contentUrl":"https:\/\/www.neolife.com.tr\/wp-content\/uploads\/2025\/06\/ahmet-ober-256x256-min-1-1024x1024.jpg"},{"@type":"BreadcrumbList","@id":"https:\/\/www.neolife.com.tr\/en\/prof-dr-ahmet-ober\/#breadcrumb","itemListElement":[{"@type":"ListItem","position":1,"name":"Ana Sayfa","item":"https:\/\/www.neolife.com.tr\/en\/"},{"@type":"ListItem","position":2,"name":"Prof. Dr. Ahmet \u00d6ber"}]},{"@type":"WebSite","@id":"https:\/\/www.neolife.com.tr\/#website","url":"https:\/\/www.neolife.com.tr\/","name":"Neolife T\u0131p Merkezi","description":"T\u00fcrkiye&#039;de kanser tedavisi - kanser te\u015fhisi ve tedavisi","publisher":{"@id":"https:\/\/www.neolife.com.tr\/#organization"},"potentialAction":[{"@type":"SearchAction","target":{"@type":"EntryPoint","urlTemplate":"https:\/\/www.neolife.com.tr\/?s={search_term_string}"},"query-input":"required name=search_term_string"}],"inLanguage":"en-US"},{"@type":"Organization","@id":"https:\/\/www.neolife.com.tr\/#organization","name":"Neolife T\u0131p Merkezi","url":"https:\/\/www.neolife.com.tr\/","logo":{"@type":"ImageObject","inLanguage":"en-US","@id":"https:\/\/www.neolife.com.tr\/#\/schema\/logo\/image\/","url":"https:\/\/www.neolife.com.tr\/wp-content\/uploads\/2021\/06\/Neolife-Logo.png","contentUrl":"https:\/\/www.neolife.com.tr\/wp-content\/uploads\/2021\/06\/Neolife-Logo.png","width":348,"height":92,"caption":"Neolife T\u0131p Merkezi"},"image":{"@id":"https:\/\/www.neolife.com.tr\/#\/schema\/logo\/image\/"},"sameAs":["https:\/\/www.facebook.com\/NeoLifeIstanbul\/","https:\/\/x.com\/NeoLifeIstanbul","https:\/\/www.linkedin.com\/company\/neolife-oncology-center\/?originalSubdomain=tr"]}]}},"_links":{"self":[{"href":"https:\/\/www.neolife.com.tr\/en\/wp-json\/wp\/v2\/pages\/26512","targetHints":{"allow":["GET"]}}],"collection":[{"href":"https:\/\/www.neolife.com.tr\/en\/wp-json\/wp\/v2\/pages"}],"about":[{"href":"https:\/\/www.neolife.com.tr\/en\/wp-json\/wp\/v2\/types\/page"}],"author":[{"embeddable":true,"href":"https:\/\/www.neolife.com.tr\/en\/wp-json\/wp\/v2\/users\/13"}],"replies":[{"embeddable":true,"href":"https:\/\/www.neolife.com.tr\/en\/wp-json\/wp\/v2\/comments?post=26512"}],"version-history":[{"count":7,"href":"https:\/\/www.neolife.com.tr\/en\/wp-json\/wp\/v2\/pages\/26512\/revisions"}],"predecessor-version":[{"id":26520,"href":"https:\/\/www.neolife.com.tr\/en\/wp-json\/wp\/v2\/pages\/26512\/revisions\/26520"}],"wp:attachment":[{"href":"https:\/\/www.neolife.com.tr\/en\/wp-json\/wp\/v2\/media?parent=26512"}],"curies":[{"name":"wp","href":"https:\/\/api.w.org\/{rel}","templated":true}]}}