{"id":2094,"date":"2019-06-19T11:56:54","date_gmt":"2019-06-19T08:56:54","guid":{"rendered":"https:\/\/neolife.com.tr\/brachytherapy\/"},"modified":"2025-09-17T10:58:21","modified_gmt":"2025-09-17T07:58:21","slug":"brachytherapy","status":"publish","type":"page","link":"https:\/\/www.neolife.com.tr\/en\/brachytherapy\/","title":{"rendered":"Brachytherapy"},"content":{"rendered":"\t\t<div data-elementor-type=\"wp-page\" data-elementor-id=\"2094\" class=\"elementor elementor-2094\" data-elementor-post-type=\"page\">\n\t\t\t\t\t\t<section class=\"elementor-section elementor-top-section elementor-element elementor-element-4873a581 elementor-section-boxed elementor-section-height-default elementor-section-height-default\" data-id=\"4873a581\" data-element_type=\"section\">\n\t\t\t\t\t\t<div class=\"elementor-container elementor-column-gap-default\">\n\t\t\t\t\t<div class=\"elementor-column elementor-col-100 elementor-top-column elementor-element elementor-element-5155ab32\" data-id=\"5155ab32\" data-element_type=\"column\">\n\t\t\t<div class=\"elementor-widget-wrap elementor-element-populated\">\n\t\t\t\t\t\t<div class=\"elementor-element elementor-element-4490234 elementor-widget elementor-widget-image\" data-id=\"4490234\" data-element_type=\"widget\" data-widget_type=\"image.default\">\n\t\t\t\t<div class=\"elementor-widget-container\">\n\t\t\t\t\t\t\t\t\t\t\t\t\t\t\t<img fetchpriority=\"high\" decoding=\"async\" width=\"1024\" height=\"872\" src=\"https:\/\/www.neolife.com.tr\/wp-content\/uploads\/2024\/12\/IMG_6296-kopya-min-1024x872.jpg\" class=\"attachment-large size-large wp-image-22347\" alt=\"brachytherapy didem caracetin\" srcset=\"https:\/\/www.neolife.com.tr\/wp-content\/uploads\/2024\/12\/IMG_6296-kopya-min-1024x872.jpg 1024w, https:\/\/www.neolife.com.tr\/wp-content\/uploads\/2024\/12\/IMG_6296-kopya-min-300x255.jpg 300w, https:\/\/www.neolife.com.tr\/wp-content\/uploads\/2024\/12\/IMG_6296-kopya-min-768x654.jpg 768w, https:\/\/www.neolife.com.tr\/wp-content\/uploads\/2024\/12\/IMG_6296-kopya-min-1536x1308.jpg 1536w, https:\/\/www.neolife.com.tr\/wp-content\/uploads\/2024\/12\/IMG_6296-kopya-min-2048x1744.jpg 2048w\" sizes=\"(max-width: 1024px) 100vw, 1024px\" \/>\t\t\t\t\t\t\t\t\t\t\t\t\t\t\t<\/div>\n\t\t\t\t<\/div>\n\t\t\t\t<div class=\"elementor-element elementor-element-636bb742 elementor-widget elementor-widget-text-editor\" data-id=\"636bb742\" data-element_type=\"widget\" data-widget_type=\"text-editor.default\">\n\t\t\t\t<div class=\"elementor-widget-container\">\n\t\t\t\t\t\t\t\t\t<h2>Brachytherapy<\/h2><p><strong>What is brachytherapy?<\/strong><\/p><p>Brachitherapy is a type of radiation therapy that uses radioactive sources placed inside or near a tumor to deliver radiation directly to the treatment area. Brachytherapy sources may be placed temporarily or permanently. If placed temporarily, the sources are removed after treatment, so there is no risk of radiation exposure to others.<\/p><p><b>How is brachytherapy performed?<\/b><\/p><p>Brachitherapy is performed by a team of experienced radiation oncologists, medical physicists, and radiation therapy nurses. The radiation oncologist evaluates the patient and determines the appropriate treatment plan. The medical physicist then performs detailed treatment calculations. The radiation therapy nurse provides the patient with information about the treatment and potential side effects, and assists with the procedure.<\/p>\t\t\t\t\t\t\t\t<\/div>\n\t\t\t\t<\/div>\n\t\t\t\t<div class=\"elementor-element elementor-element-d10014a elementor-widget elementor-widget-image\" data-id=\"d10014a\" data-element_type=\"widget\" data-widget_type=\"image.default\">\n\t\t\t\t<div class=\"elementor-widget-container\">\n\t\t\t\t\t\t\t\t\t\t\t\t\t\t\t<img decoding=\"async\" width=\"1024\" height=\"610\" src=\"https:\/\/www.neolife.com.tr\/wp-content\/uploads\/2024\/12\/04d53ab7-fb86-4f97-9a27-6c3fa3257055-kopya-1024x610.jpg\" class=\"attachment-large size-large wp-image-22289\" alt=\"Brachytherapy\" srcset=\"https:\/\/www.neolife.com.tr\/wp-content\/uploads\/2024\/12\/04d53ab7-fb86-4f97-9a27-6c3fa3257055-kopya-1024x610.jpg 1024w, https:\/\/www.neolife.com.tr\/wp-content\/uploads\/2024\/12\/04d53ab7-fb86-4f97-9a27-6c3fa3257055-kopya-300x179.jpg 300w, https:\/\/www.neolife.com.tr\/wp-content\/uploads\/2024\/12\/04d53ab7-fb86-4f97-9a27-6c3fa3257055-kopya-768x458.jpg 768w, https:\/\/www.neolife.com.tr\/wp-content\/uploads\/2024\/12\/04d53ab7-fb86-4f97-9a27-6c3fa3257055-kopya-1536x915.jpg 1536w, https:\/\/www.neolife.com.tr\/wp-content\/uploads\/2024\/12\/04d53ab7-fb86-4f97-9a27-6c3fa3257055-kopya-2048x1220.jpg 2048w\" sizes=\"(max-width: 1024px) 100vw, 1024px\" \/>\t\t\t\t\t\t\t\t\t\t\t\t\t\t\t<\/div>\n\t\t\t\t<\/div>\n\t\t\t\t<div class=\"elementor-element elementor-element-9cfeaaa elementor-widget elementor-widget-text-editor\" data-id=\"9cfeaaa\" data-element_type=\"widget\" data-widget_type=\"text-editor.default\">\n\t\t\t\t<div class=\"elementor-widget-container\">\n\t\t\t\t\t\t\t\t\t<h2><b style=\"color: var( --e-global-color-text ); font-family: var( --e-global-typography-text-font-family ), Sans-serif; background-color: var(--bs-body-bg); font-size: var(--bs-body-font-size); text-align: var(--bs-body-text-align);\">There are two main types of brachytherapy:<\/b><\/h2><ul><li>Intracavitary brachytherapy:\u00a0This type of brachytherapy uses radioactive sources placed in body cavities near a tumor.\u00a0It is most commonly used for gynecologic cancers (such as cervical,\u00a0uterine,\u00a0and vaginal cancer) and lung cancer.<\/li><li>Interstitial brachytherapy:\u00a0This type of brachytherapy uses radioactive sources placed directly into the tumor or surrounding tissue.\u00a0It is most commonly used for prostate,\u00a0soft tissue,\u00a0and breast cancer.<\/li><\/ul><p><b>There are two main ways to deliver the radiation dose in brachytherapy:<\/b><\/p><ul><li>High-dose rate (HDR) brachytherapy:\u00a0This type of brachytherapy delivers the radiation dose quickly and over a short period of time.\u00a0It is the most common type of brachytherapy.\u00a0The radiation is delivered through catheters placed in the tumor or tumor bed.\u00a0Treatments are usually given once or twice a week.<\/li><li>Low-dose rate (LDR) brachytherapy:\u00a0This type of brachytherapy delivers the radiation dose slowly and over a longer period of time.\u00a0The patient may need to stay in the hospital during treatment.\u00a0Treatments can last for several days or weeks.<\/li><\/ul>\t\t\t\t\t\t\t\t<\/div>\n\t\t\t\t<\/div>\n\t\t\t\t<div class=\"elementor-element elementor-element-7552e21 elementor-widget elementor-widget-image\" data-id=\"7552e21\" data-element_type=\"widget\" data-widget_type=\"image.default\">\n\t\t\t\t<div class=\"elementor-widget-container\">\n\t\t\t\t\t\t\t\t\t\t\t\t\t\t\t<img decoding=\"async\" width=\"1024\" height=\"353\" src=\"https:\/\/www.neolife.com.tr\/wp-content\/uploads\/2024\/12\/Brakiterapi_Nedir-1024x353.jpg\" class=\"attachment-large size-large wp-image-22310\" alt=\"What is Brachytherapy\" srcset=\"https:\/\/www.neolife.com.tr\/wp-content\/uploads\/2024\/12\/Brakiterapi_Nedir-1024x353.jpg 1024w, https:\/\/www.neolife.com.tr\/wp-content\/uploads\/2024\/12\/Brakiterapi_Nedir-300x103.jpg 300w, https:\/\/www.neolife.com.tr\/wp-content\/uploads\/2024\/12\/Brakiterapi_Nedir-768x265.jpg 768w, https:\/\/www.neolife.com.tr\/wp-content\/uploads\/2024\/12\/Brakiterapi_Nedir.jpg 1206w\" sizes=\"(max-width: 1024px) 100vw, 1024px\" \/>\t\t\t\t\t\t\t\t\t\t\t\t\t\t\t<\/div>\n\t\t\t\t<\/div>\n\t\t\t\t<div class=\"elementor-element elementor-element-0ab05cd elementor-widget elementor-widget-text-editor\" data-id=\"0ab05cd\" data-element_type=\"widget\" data-widget_type=\"text-editor.default\">\n\t\t\t\t<div class=\"elementor-widget-container\">\n\t\t\t\t\t\t\t\t\t<p><strong>What are the side effects of brachytherapy?<\/strong><\/p><p>The side effects of brachytherapy vary depending on the type of cancer being treated and the specific brachytherapy procedure used. Common side effects include:<\/p><ul><li>Fatigue<\/li><li>Skin irritation<\/li><li>Nausea and vomiting<\/li><li>Diarrhea<\/li><li>Urinary frequency<\/li><li>Bladder irritation<\/li><li>Pain<\/li><\/ul>\t\t\t\t\t\t\t\t<\/div>\n\t\t\t\t<\/div>\n\t\t\t\t<div class=\"elementor-element elementor-element-d9e26b1 elementor-widget elementor-widget-text-editor\" data-id=\"d9e26b1\" data-element_type=\"widget\" data-widget_type=\"text-editor.default\">\n\t\t\t\t<div class=\"elementor-widget-container\">\n\t\t\t\t\t\t\t\t\t<p><strong>Are there any special precautions I need to take after brachytherapy?<\/strong><\/p><p>The precautions you need to take after brachytherapy depend on the type of brachytherapy you received.<\/p><ul><li>After HDR brachytherapy, you will be able to go home the same day.\u00a0You will need to avoid close contact with children and pregnant women for 24 hours.\u00a0You may also need to avoid swimming or taking a bath for 24 hours.<\/li><li>After LDR brachytherapy, you may need to stay in the hospital for several days or weeks.\u00a0You will need to avoid close contact with children and pregnant women for the duration of your stay.\u00a0You may also need to wear a lead apron or gown to protect others from radiation exposure.<\/li><\/ul><p>If you are considering brachytherapy, or if you have any questions or concerns about this type of treatment, contact us to get a second opinion<\/p>\t\t\t\t\t\t\t\t<\/div>\n\t\t\t\t<\/div>\n\t\t\t\t\t<\/div>\n\t\t<\/div>\n\t\t\t\t\t<\/div>\n\t\t<\/section>\n\t\t\t\t<\/div>\n\t\t","protected":false},"excerpt":{"rendered":"<p>Brachytherapy What is brachytherapy? Brachitherapy is a type of radiation therapy that uses radioactive sources placed inside or near a tumor to deliver radiation directly to the treatment area. Brachytherapy sources may be placed temporarily or permanently. If placed temporarily, the sources are removed after treatment, so there is no risk of radiation exposure to [&hellip;]<\/p>\n","protected":false},"author":3,"featured_media":2095,"parent":0,"menu_order":0,"comment_status":"open","ping_status":"open","template":"","meta":{"footnotes":""},"class_list":["post-2094","page","type-page","status-publish","has-post-thumbnail","hentry"],"yoast_head":"<!-- This site is optimized with the Yoast SEO plugin v22.5 - https:\/\/yoast.com\/wordpress\/plugins\/seo\/ -->\n<title>Brachytherapy - Neolife T\u0131p Merkezi<\/title>\n<meta name=\"description\" content=\"Brachytherapy is an effective treatment especially for gynecologic cancers, but it can also be used some tumors located in different body parts.\" \/>\n<meta name=\"robots\" content=\"index, follow, max-snippet:-1, max-image-preview:large, max-video-preview:-1\" \/>\n<link rel=\"canonical\" href=\"https:\/\/www.neolife.com.tr\/en\/brachytherapy\/\" \/>\n<meta name=\"twitter:label1\" content=\"Est. reading time\" \/>\n\t<meta name=\"twitter:data1\" content=\"4 minutes\" \/>\n<script type=\"application\/ld+json\" class=\"yoast-schema-graph\">{\"@context\":\"https:\/\/schema.org\",\"@graph\":[{\"@type\":\"WebPage\",\"@id\":\"https:\/\/www.neolife.com.tr\/en\/brachytherapy\/\",\"url\":\"https:\/\/www.neolife.com.tr\/en\/brachytherapy\/\",\"name\":\"Brachytherapy - Neolife T\u0131p Merkezi\",\"isPartOf\":{\"@id\":\"https:\/\/www.neolife.com.tr\/#website\"},\"primaryImageOfPage\":{\"@id\":\"https:\/\/www.neolife.com.tr\/en\/brachytherapy\/#primaryimage\"},\"image\":{\"@id\":\"https:\/\/www.neolife.com.tr\/en\/brachytherapy\/#primaryimage\"},\"thumbnailUrl\":\"https:\/\/www.neolife.com.tr\/wp-content\/uploads\/2016\/09\/brakiterapi-header.jpg\",\"datePublished\":\"2019-06-19T08:56:54+00:00\",\"dateModified\":\"2025-09-17T07:58:21+00:00\",\"description\":\"Brachytherapy is an effective treatment especially for gynecologic cancers, but it can also be used some tumors located in different body parts.\",\"breadcrumb\":{\"@id\":\"https:\/\/www.neolife.com.tr\/en\/brachytherapy\/#breadcrumb\"},\"inLanguage\":\"en-US\",\"potentialAction\":[{\"@type\":\"ReadAction\",\"target\":[\"https:\/\/www.neolife.com.tr\/en\/brachytherapy\/\"]}]},{\"@type\":\"ImageObject\",\"inLanguage\":\"en-US\",\"@id\":\"https:\/\/www.neolife.com.tr\/en\/brachytherapy\/#primaryimage\",\"url\":\"https:\/\/www.neolife.com.tr\/wp-content\/uploads\/2016\/09\/brakiterapi-header.jpg\",\"contentUrl\":\"https:\/\/www.neolife.com.tr\/wp-content\/uploads\/2016\/09\/brakiterapi-header.jpg\",\"width\":1206,\"height\":416},{\"@type\":\"BreadcrumbList\",\"@id\":\"https:\/\/www.neolife.com.tr\/en\/brachytherapy\/#breadcrumb\",\"itemListElement\":[{\"@type\":\"ListItem\",\"position\":1,\"name\":\"Ana Sayfa\",\"item\":\"https:\/\/www.neolife.com.tr\/en\/\"},{\"@type\":\"ListItem\",\"position\":2,\"name\":\"Brachytherapy\"}]},{\"@type\":\"WebSite\",\"@id\":\"https:\/\/www.neolife.com.tr\/#website\",\"url\":\"https:\/\/www.neolife.com.tr\/\",\"name\":\"Neolife T\u0131p Merkezi\",\"description\":\"T\u00fcrkiye&#039;de kanser tedavisi - kanser te\u015fhisi ve tedavisi\",\"publisher\":{\"@id\":\"https:\/\/www.neolife.com.tr\/#organization\"},\"potentialAction\":[{\"@type\":\"SearchAction\",\"target\":{\"@type\":\"EntryPoint\",\"urlTemplate\":\"https:\/\/www.neolife.com.tr\/?s={search_term_string}\"},\"query-input\":\"required name=search_term_string\"}],\"inLanguage\":\"en-US\"},{\"@type\":\"Organization\",\"@id\":\"https:\/\/www.neolife.com.tr\/#organization\",\"name\":\"Neolife T\u0131p Merkezi\",\"url\":\"https:\/\/www.neolife.com.tr\/\",\"logo\":{\"@type\":\"ImageObject\",\"inLanguage\":\"en-US\",\"@id\":\"https:\/\/www.neolife.com.tr\/#\/schema\/logo\/image\/\",\"url\":\"https:\/\/www.neolife.com.tr\/wp-content\/uploads\/2021\/06\/Neolife-Logo.png\",\"contentUrl\":\"https:\/\/www.neolife.com.tr\/wp-content\/uploads\/2021\/06\/Neolife-Logo.png\",\"width\":348,\"height\":92,\"caption\":\"Neolife T\u0131p Merkezi\"},\"image\":{\"@id\":\"https:\/\/www.neolife.com.tr\/#\/schema\/logo\/image\/\"},\"sameAs\":[\"https:\/\/www.facebook.com\/NeoLifeIstanbul\/\",\"https:\/\/x.com\/NeoLifeIstanbul\",\"https:\/\/www.linkedin.com\/company\/neolife-oncology-center\/?originalSubdomain=tr\"]}]}<\/script>\n<!-- \/ Yoast SEO plugin. -->","yoast_head_json":{"title":"Brachytherapy - Neolife T\u0131p Merkezi","description":"Brachytherapy is an effective treatment especially for gynecologic cancers, but it can also be used some tumors located in different body parts.","robots":{"index":"index","follow":"follow","max-snippet":"max-snippet:-1","max-image-preview":"max-image-preview:large","max-video-preview":"max-video-preview:-1"},"canonical":"https:\/\/www.neolife.com.tr\/en\/brachytherapy\/","twitter_misc":{"Est. reading time":"4 minutes"},"schema":{"@context":"https:\/\/schema.org","@graph":[{"@type":"WebPage","@id":"https:\/\/www.neolife.com.tr\/en\/brachytherapy\/","url":"https:\/\/www.neolife.com.tr\/en\/brachytherapy\/","name":"Brachytherapy - Neolife T\u0131p Merkezi","isPartOf":{"@id":"https:\/\/www.neolife.com.tr\/#website"},"primaryImageOfPage":{"@id":"https:\/\/www.neolife.com.tr\/en\/brachytherapy\/#primaryimage"},"image":{"@id":"https:\/\/www.neolife.com.tr\/en\/brachytherapy\/#primaryimage"},"thumbnailUrl":"https:\/\/www.neolife.com.tr\/wp-content\/uploads\/2016\/09\/brakiterapi-header.jpg","datePublished":"2019-06-19T08:56:54+00:00","dateModified":"2025-09-17T07:58:21+00:00","description":"Brachytherapy is an effective treatment especially for gynecologic cancers, but it can also be used some tumors located in different body parts.","breadcrumb":{"@id":"https:\/\/www.neolife.com.tr\/en\/brachytherapy\/#breadcrumb"},"inLanguage":"en-US","potentialAction":[{"@type":"ReadAction","target":["https:\/\/www.neolife.com.tr\/en\/brachytherapy\/"]}]},{"@type":"ImageObject","inLanguage":"en-US","@id":"https:\/\/www.neolife.com.tr\/en\/brachytherapy\/#primaryimage","url":"https:\/\/www.neolife.com.tr\/wp-content\/uploads\/2016\/09\/brakiterapi-header.jpg","contentUrl":"https:\/\/www.neolife.com.tr\/wp-content\/uploads\/2016\/09\/brakiterapi-header.jpg","width":1206,"height":416},{"@type":"BreadcrumbList","@id":"https:\/\/www.neolife.com.tr\/en\/brachytherapy\/#breadcrumb","itemListElement":[{"@type":"ListItem","position":1,"name":"Ana Sayfa","item":"https:\/\/www.neolife.com.tr\/en\/"},{"@type":"ListItem","position":2,"name":"Brachytherapy"}]},{"@type":"WebSite","@id":"https:\/\/www.neolife.com.tr\/#website","url":"https:\/\/www.neolife.com.tr\/","name":"Neolife T\u0131p Merkezi","description":"T\u00fcrkiye&#039;de kanser tedavisi - kanser te\u015fhisi ve tedavisi","publisher":{"@id":"https:\/\/www.neolife.com.tr\/#organization"},"potentialAction":[{"@type":"SearchAction","target":{"@type":"EntryPoint","urlTemplate":"https:\/\/www.neolife.com.tr\/?s={search_term_string}"},"query-input":"required name=search_term_string"}],"inLanguage":"en-US"},{"@type":"Organization","@id":"https:\/\/www.neolife.com.tr\/#organization","name":"Neolife T\u0131p Merkezi","url":"https:\/\/www.neolife.com.tr\/","logo":{"@type":"ImageObject","inLanguage":"en-US","@id":"https:\/\/www.neolife.com.tr\/#\/schema\/logo\/image\/","url":"https:\/\/www.neolife.com.tr\/wp-content\/uploads\/2021\/06\/Neolife-Logo.png","contentUrl":"https:\/\/www.neolife.com.tr\/wp-content\/uploads\/2021\/06\/Neolife-Logo.png","width":348,"height":92,"caption":"Neolife T\u0131p Merkezi"},"image":{"@id":"https:\/\/www.neolife.com.tr\/#\/schema\/logo\/image\/"},"sameAs":["https:\/\/www.facebook.com\/NeoLifeIstanbul\/","https:\/\/x.com\/NeoLifeIstanbul","https:\/\/www.linkedin.com\/company\/neolife-oncology-center\/?originalSubdomain=tr"]}]}},"_links":{"self":[{"href":"https:\/\/www.neolife.com.tr\/en\/wp-json\/wp\/v2\/pages\/2094","targetHints":{"allow":["GET"]}}],"collection":[{"href":"https:\/\/www.neolife.com.tr\/en\/wp-json\/wp\/v2\/pages"}],"about":[{"href":"https:\/\/www.neolife.com.tr\/en\/wp-json\/wp\/v2\/types\/page"}],"author":[{"embeddable":true,"href":"https:\/\/www.neolife.com.tr\/en\/wp-json\/wp\/v2\/users\/3"}],"replies":[{"embeddable":true,"href":"https:\/\/www.neolife.com.tr\/en\/wp-json\/wp\/v2\/comments?post=2094"}],"version-history":[{"count":42,"href":"https:\/\/www.neolife.com.tr\/en\/wp-json\/wp\/v2\/pages\/2094\/revisions"}],"predecessor-version":[{"id":28644,"href":"https:\/\/www.neolife.com.tr\/en\/wp-json\/wp\/v2\/pages\/2094\/revisions\/28644"}],"wp:featuredmedia":[{"embeddable":true,"href":"https:\/\/www.neolife.com.tr\/en\/wp-json\/wp\/v2\/media\/2095"}],"wp:attachment":[{"href":"https:\/\/www.neolife.com.tr\/en\/wp-json\/wp\/v2\/media?parent=2094"}],"curies":[{"name":"wp","href":"https:\/\/api.w.org\/{rel}","templated":true}]}}