{"id":20900,"date":"2024-08-20T14:45:49","date_gmt":"2024-08-20T11:45:49","guid":{"rendered":"https:\/\/www.neolife.com.tr\/?page_id=20900"},"modified":"2025-09-17T14:32:39","modified_gmt":"2025-09-17T11:32:39","slug":"personal-data-protection-law-information-form-2","status":"publish","type":"page","link":"https:\/\/www.neolife.com.tr\/en\/personal-data-protection-law-information-form-2\/","title":{"rendered":"PERSONAL DATA PROTECTION LAW INFORMATION FORM"},"content":{"rendered":"<p><b>PERSONAL DATA PROTECTION LAW INFORMATION FORM<\/b><\/p>\n<p>Our Firm, MNT Tan\u0131 ve Tedavi Merkezleri Ticaret A..\u015e. (Neolife), takes necessary measures to protect and ensure security of your data. Therefore, we have issued this Information Text pursuant to Procedures and Principles to Follow for Meeting Obligation of Informing and to meet requirements of the Personal Data Protection Law No. 6698 and to inform you about how we protect your personal data (hereinafter referred to as \u201cInformation\u201d) and how we use your information.<\/p>\n<p>Personal information implies the information that determines your identity details and\/or make such details determinable. Processing the personal information implies \u201cany and all processes performed on personal information, including obtaining, recording, storing, and changing personal information as well as sharing thereof with third parties and transferring the information to other countries with automated processes or non-automated processes that are already a part of any data recording system\u201d.<\/p>\n<p>We obtain your personal data by verbal, written, visual or electronic means via Call Center, internet, mobile applications, physical spaces and over the phone depending on the essence of service rendered to provide high standard services for you.<\/p>\n<p>Neolife (the \u201cData Controller\u201d) processes your information in line with relevant legislation, including the Personal Data Protection Law. Neolife also takes appropriate technical and organization security measures to protect your information against accidental loss, misuse, unauthorized access, changes and damages.<\/p>\n<p><b>Purpose and Legal Basis of Data Processing<\/b><\/p>\n<p>Your personal data and your sensitive personal data are processes and stored pursuant to your explicit consent and to the extent it is required to deliver all medical diagnosis, examination, treatment, consultation and care services, it is clearly obligated by laws, it is directly related with entering into any agreement or fulfilling contractual obligations, it is mandatory for the data controller to fulfill a legal obligation, it is required to set, use ad protect a right and it is necessary to perform medical diagnosis, treatment and care services.<\/p>\n<p>Your above mentioned personal data and your sensitive personal data can be processed in line with the Law for below stated purposes;<\/p>\n<p>\u2022 Protection of public health, and carrying out protective medicine, medical diagnosis, treatment and care services,<\/p>\n<p>\u2022 Sharing the information that is requested by Ministry of Health and other state institutions and organizations pursuant to relevant legislation,<\/p>\n<p>Verifying your identity details by relevant units of Neolife; financing your healthcare services and paying costs of examination, diagnosis, consultation and treatments; planning and managing in-house organizational operations; analyzing relevant data to improve healthcare services; designing contents for web sites and mobile applications to ensure participation to campaigns and informing patients about campaigns; measuring, investigation and improving patient satisfaction; performing risk management and quality improvement activities; training employees; issuing invoices for services; verifying your relation with organizations that have entered into contract with our medical center; answering all your questions and complaints about our healthcare services; taking all necessary technical and administrative measures for data security of our systems and applications; monitoring and preventing unauthorized procedures.<\/p>\n<p>\u2022 Fulfilling legal and regulatory obligations,<\/p>\n<p>\u2022 Requesting the information with private insurance firms to check coverage of insurance policies,<\/p>\n<p>\u2022 Informing you about your appointment through Call Center and our digital channels,<\/p>\n<p>\u2022 Fulfilling education and training activities by educational institutions cooperating with the institution.<\/p>\n<p>\u2022 To inform you about our products and services and to send you commercial electronic messages,<\/p>\n<p>\u2022 Verifying identity details of a person who purchases services over web site and mobile applications; increasing spectrum of services and products measuring thereof and also for legal tracking and similar aims.<\/p>\n<p><b>Processes Data and Duration of Storage\u00a0<\/b><\/p>\n<p>Your below written personal data can be processed for said activities:<\/p>\n<p>General and sensitive personal data, especially the personal health data necessary for maintaining all medical diagnosis, examination, treatment and care services and obtained for this purpose are listed below;<\/p>\n<p>Your identity details such as name, surname, R.T. ID number, passport number and temporary R.T. ID number if you are not a Turkish citizen, your place and date of birth, marital status, gender information as well as copy of your R.T. ID Card or Driving License that you have submitted,<\/p>\n<p>\u2022 Your contact details such as address, phone number, and e-mail address,<\/p>\n<p>\u2022 Your financial data such as bank account number, IBAN,<\/p>\n<p>\u2022 Your information about health and sexual life obtained while you receive medical diagnosis, treatment, consultation and care services, such as laboratory and imaging test results, other test results, examination data, prescription data, which you submitted so that they are followed up in your file,<\/p>\n<p>\u2022 Your responses and comments you share to evaluate our services,<\/p>\n<p>\u2022 The information you shared voluntarily and your video and voice records obtained during your physical visit to our medical center or your video calls to our physicians,<\/p>\n<p>\u2022 Your voice recorded during your communication with our Call Center,<\/p>\n<p>\u2022 Your Social Security Institution data and private health insurance data in order to finance and plan your healthcare services,<\/p>\n<p>\u2022 Information about your car\u2019s license plate in cases you receive valet parking service.<\/p>\n<p>\u2022 Your web browsing information, IP address, browser information obtained when you use our web site and mobile applications and medical documents, surveys, form data and location data that you submit voluntarily.<\/p>\n<p>Neolife will store your information and your sensitive personal data in physical and electronic archives that are located in Neolife and external service providers as long as aim of data processing is valid and for 10 years after aim of processing expires.<\/p>\n<p><b>Who can access to your personal information?<\/b><\/p>\n<p>Your information will be stored in servers of Neolife and your information will be accessed by Neolife and its subsidiaries. Moreover, your personal data and your sensitive personal data pursuant to relevant legislation or your explicit consent:<\/p>\n<p>\u2022 Ministry of Health, affiliated departments and family medicine centers,<\/p>\n<p>\u2022 Private insurance companies (health, retirement, life insurance etc.),<\/p>\n<p>\u2022 Social Insurance Institute,<\/p>\n<p>\u2022 General Directorate of Security and other law enforcement institutions,<\/p>\n<p>\u2022 General Directorate of Census,<\/p>\n<p>\u2022 Turkish Pharmacists\u2019 Association,<\/p>\n<p>\u2022 Judicial authorities,<\/p>\n<p>\u2022 Local and abroad laboratories, medical centers, ambulance, medical device and healthcare institutions we are in cooperation with for medical diagnosis and treatment,<\/p>\n<p>\u2022 Healthcare institution to which the patient is referred or present to,<\/p>\n<p>\u2022 The legal representatives you authorized,<\/p>\n<p>\u2022 Third parties that deliver consultancy services to our firm including lawyers, tax consultants and auditors we work with,<\/p>\n<p>\u2022 Regulation and inspection bodies as well as other legal bodies, such as courts and execution offices; other public bodies and organizations that are authorized to request your personal data,<\/p>\n<p>\u2022 The business partners, supplies, supportive service providers, and archive service provides that sell products and services or that we cooperate with to deliver and promote our services,<\/p>\n<p>Shareholders, provided it is limited to design strategies for commercial activities of NEOLIFE, inform them about corporate producedures and to carry out inspection activities in line with provisions of relevant legislation.<\/p>\n<p>Can be shared with third parties and transferred abroad in order to provide you with diagnosis and treatment services, to fulfill our contractual and legal obligations.<\/p>\n<p><b>Your Rights about Protection of Personal Data<\/b><\/p>\n<p>You have following rights to perform following procedures whenever you wish pursuant to Article 11 of Relevant Law:<\/p>\n<p>a) Learn whether your personal data is processed or not,<\/p>\n<p>b) Request relevant information, if personal data is processed,<\/p>\n<p>c) Learn the intent of processing your personal data and whether they are used as intended,<\/p>\n<p>d) Learn local and international third parties who are shared your personal data,<\/p>\n<p>e) Request correction of missing or incorrect data, if any,<\/p>\n<p>f) Request deletion or disposal of your personal data in line with the conditions mentioned in Article 7 of relevant law,<\/p>\n<p>g) Request that the operations performed about the third parties, which are transferred your personal data, are reported pursuant to paragraphs (d) and (e),<\/p>\n<p>h) Object any result as the data that is processed solely on automated systems is analyzed,<\/p>\n<p>i) Request compensation for damages that arise out of processing your personal data illegally,<\/p>\n<p>You can communicate your request to use above mentioned rights by filling in the \u201cMNT Tan\u0131 ve Tedavi Merkezleri Ticaret A.\u015e. Application Form\u201d at https:\/\/neolife.com.tr\/kisisel-verilerin-korunmasi:<\/p>\n<p>\u2022 A minute that you signed can be sent to Nispetiye Mahallesi Y\u00fccel Sokak No: 6 34340 1. Levent, Be\u015fikta\u015f, \u0130stanbul with courier service,<\/p>\n<p>\u2022 Sending your request through a notary public,<\/p>\n<p>\u2022 Your request with secure electronic or mobile signature can be e-mailed to mnttanivetedavi@hs01.kep.tr.<\/p>\n<p>Otherwise, applications will not be taken into consideration.<\/p>\n<p>The applications will be responded as soon as possible, but not later than 30 days.<\/p>\n<p>If your application is refused or the response is insufficient according to your opinion or the application is not responded within mentioned period of time, you can submit a complaint latter to Personal Data Protection Committee in 30 days after you get our response to your application or in 60 days after date of application.<\/p>\n<p>&nbsp;<\/p>\n","protected":false},"excerpt":{"rendered":"<p>PERSONAL DATA PROTECTION LAW INFORMATION FORM Our Firm, MNT Tan\u0131 ve Tedavi Merkezleri Ticaret A..\u015e. (Neolife), takes necessary measures to protect and ensure security of your data. Therefore, we have issued this Information Text pursuant to Procedures and Principles to Follow for Meeting Obligation of Informing and to meet requirements of the Personal Data Protection [&hellip;]<\/p>\n","protected":false},"author":13,"featured_media":0,"parent":0,"menu_order":0,"comment_status":"closed","ping_status":"closed","template":"","meta":{"footnotes":""},"class_list":["post-20900","page","type-page","status-publish","hentry"],"yoast_head":"<!-- This site is optimized with the Yoast SEO plugin v22.5 - https:\/\/yoast.com\/wordpress\/plugins\/seo\/ -->\n<title>PERSONAL DATA PROTECTION LAW INFORMATION FORM - Neolife T\u0131p Merkezi<\/title>\n<meta name=\"robots\" content=\"index, follow, max-snippet:-1, max-image-preview:large, max-video-preview:-1\" \/>\n<link rel=\"canonical\" href=\"https:\/\/www.neolife.com.tr\/en\/personal-data-protection-law-information-form-2\/\" \/>\n<meta name=\"twitter:label1\" content=\"Est. reading time\" \/>\n\t<meta name=\"twitter:data1\" content=\"9 minutes\" \/>\n<script type=\"application\/ld+json\" class=\"yoast-schema-graph\">{\"@context\":\"https:\/\/schema.org\",\"@graph\":[{\"@type\":\"WebPage\",\"@id\":\"https:\/\/www.neolife.com.tr\/en\/personal-data-protection-law-information-form-2\/\",\"url\":\"https:\/\/www.neolife.com.tr\/en\/personal-data-protection-law-information-form-2\/\",\"name\":\"PERSONAL DATA PROTECTION LAW INFORMATION FORM - Neolife T\u0131p Merkezi\",\"isPartOf\":{\"@id\":\"https:\/\/www.neolife.com.tr\/#website\"},\"datePublished\":\"2024-08-20T11:45:49+00:00\",\"dateModified\":\"2025-09-17T11:32:39+00:00\",\"breadcrumb\":{\"@id\":\"https:\/\/www.neolife.com.tr\/en\/personal-data-protection-law-information-form-2\/#breadcrumb\"},\"inLanguage\":\"en-US\",\"potentialAction\":[{\"@type\":\"ReadAction\",\"target\":[\"https:\/\/www.neolife.com.tr\/en\/personal-data-protection-law-information-form-2\/\"]}]},{\"@type\":\"BreadcrumbList\",\"@id\":\"https:\/\/www.neolife.com.tr\/en\/personal-data-protection-law-information-form-2\/#breadcrumb\",\"itemListElement\":[{\"@type\":\"ListItem\",\"position\":1,\"name\":\"Ana Sayfa\",\"item\":\"https:\/\/www.neolife.com.tr\/en\/\"},{\"@type\":\"ListItem\",\"position\":2,\"name\":\"PERSONAL DATA PROTECTION LAW INFORMATION FORM\"}]},{\"@type\":\"WebSite\",\"@id\":\"https:\/\/www.neolife.com.tr\/#website\",\"url\":\"https:\/\/www.neolife.com.tr\/\",\"name\":\"Neolife T\u0131p Merkezi\",\"description\":\"T\u00fcrkiye&#039;de kanser tedavisi - kanser te\u015fhisi ve tedavisi\",\"publisher\":{\"@id\":\"https:\/\/www.neolife.com.tr\/#organization\"},\"potentialAction\":[{\"@type\":\"SearchAction\",\"target\":{\"@type\":\"EntryPoint\",\"urlTemplate\":\"https:\/\/www.neolife.com.tr\/?s={search_term_string}\"},\"query-input\":\"required name=search_term_string\"}],\"inLanguage\":\"en-US\"},{\"@type\":\"Organization\",\"@id\":\"https:\/\/www.neolife.com.tr\/#organization\",\"name\":\"Neolife T\u0131p Merkezi\",\"url\":\"https:\/\/www.neolife.com.tr\/\",\"logo\":{\"@type\":\"ImageObject\",\"inLanguage\":\"en-US\",\"@id\":\"https:\/\/www.neolife.com.tr\/#\/schema\/logo\/image\/\",\"url\":\"https:\/\/www.neolife.com.tr\/wp-content\/uploads\/2021\/06\/Neolife-Logo.png\",\"contentUrl\":\"https:\/\/www.neolife.com.tr\/wp-content\/uploads\/2021\/06\/Neolife-Logo.png\",\"width\":348,\"height\":92,\"caption\":\"Neolife T\u0131p Merkezi\"},\"image\":{\"@id\":\"https:\/\/www.neolife.com.tr\/#\/schema\/logo\/image\/\"},\"sameAs\":[\"https:\/\/www.facebook.com\/NeoLifeIstanbul\/\",\"https:\/\/x.com\/NeoLifeIstanbul\",\"https:\/\/www.linkedin.com\/company\/neolife-oncology-center\/?originalSubdomain=tr\"]}]}<\/script>\n<!-- \/ Yoast SEO plugin. -->","yoast_head_json":{"title":"PERSONAL DATA PROTECTION LAW INFORMATION FORM - Neolife T\u0131p Merkezi","robots":{"index":"index","follow":"follow","max-snippet":"max-snippet:-1","max-image-preview":"max-image-preview:large","max-video-preview":"max-video-preview:-1"},"canonical":"https:\/\/www.neolife.com.tr\/en\/personal-data-protection-law-information-form-2\/","twitter_misc":{"Est. reading time":"9 minutes"},"schema":{"@context":"https:\/\/schema.org","@graph":[{"@type":"WebPage","@id":"https:\/\/www.neolife.com.tr\/en\/personal-data-protection-law-information-form-2\/","url":"https:\/\/www.neolife.com.tr\/en\/personal-data-protection-law-information-form-2\/","name":"PERSONAL DATA PROTECTION LAW INFORMATION FORM - Neolife T\u0131p Merkezi","isPartOf":{"@id":"https:\/\/www.neolife.com.tr\/#website"},"datePublished":"2024-08-20T11:45:49+00:00","dateModified":"2025-09-17T11:32:39+00:00","breadcrumb":{"@id":"https:\/\/www.neolife.com.tr\/en\/personal-data-protection-law-information-form-2\/#breadcrumb"},"inLanguage":"en-US","potentialAction":[{"@type":"ReadAction","target":["https:\/\/www.neolife.com.tr\/en\/personal-data-protection-law-information-form-2\/"]}]},{"@type":"BreadcrumbList","@id":"https:\/\/www.neolife.com.tr\/en\/personal-data-protection-law-information-form-2\/#breadcrumb","itemListElement":[{"@type":"ListItem","position":1,"name":"Ana Sayfa","item":"https:\/\/www.neolife.com.tr\/en\/"},{"@type":"ListItem","position":2,"name":"PERSONAL DATA PROTECTION LAW INFORMATION FORM"}]},{"@type":"WebSite","@id":"https:\/\/www.neolife.com.tr\/#website","url":"https:\/\/www.neolife.com.tr\/","name":"Neolife T\u0131p Merkezi","description":"T\u00fcrkiye&#039;de kanser tedavisi - kanser te\u015fhisi ve tedavisi","publisher":{"@id":"https:\/\/www.neolife.com.tr\/#organization"},"potentialAction":[{"@type":"SearchAction","target":{"@type":"EntryPoint","urlTemplate":"https:\/\/www.neolife.com.tr\/?s={search_term_string}"},"query-input":"required name=search_term_string"}],"inLanguage":"en-US"},{"@type":"Organization","@id":"https:\/\/www.neolife.com.tr\/#organization","name":"Neolife T\u0131p Merkezi","url":"https:\/\/www.neolife.com.tr\/","logo":{"@type":"ImageObject","inLanguage":"en-US","@id":"https:\/\/www.neolife.com.tr\/#\/schema\/logo\/image\/","url":"https:\/\/www.neolife.com.tr\/wp-content\/uploads\/2021\/06\/Neolife-Logo.png","contentUrl":"https:\/\/www.neolife.com.tr\/wp-content\/uploads\/2021\/06\/Neolife-Logo.png","width":348,"height":92,"caption":"Neolife T\u0131p Merkezi"},"image":{"@id":"https:\/\/www.neolife.com.tr\/#\/schema\/logo\/image\/"},"sameAs":["https:\/\/www.facebook.com\/NeoLifeIstanbul\/","https:\/\/x.com\/NeoLifeIstanbul","https:\/\/www.linkedin.com\/company\/neolife-oncology-center\/?originalSubdomain=tr"]}]}},"_links":{"self":[{"href":"https:\/\/www.neolife.com.tr\/en\/wp-json\/wp\/v2\/pages\/20900","targetHints":{"allow":["GET"]}}],"collection":[{"href":"https:\/\/www.neolife.com.tr\/en\/wp-json\/wp\/v2\/pages"}],"about":[{"href":"https:\/\/www.neolife.com.tr\/en\/wp-json\/wp\/v2\/types\/page"}],"author":[{"embeddable":true,"href":"https:\/\/www.neolife.com.tr\/en\/wp-json\/wp\/v2\/users\/13"}],"replies":[{"embeddable":true,"href":"https:\/\/www.neolife.com.tr\/en\/wp-json\/wp\/v2\/comments?post=20900"}],"version-history":[{"count":6,"href":"https:\/\/www.neolife.com.tr\/en\/wp-json\/wp\/v2\/pages\/20900\/revisions"}],"predecessor-version":[{"id":20907,"href":"https:\/\/www.neolife.com.tr\/en\/wp-json\/wp\/v2\/pages\/20900\/revisions\/20907"}],"wp:attachment":[{"href":"https:\/\/www.neolife.com.tr\/en\/wp-json\/wp\/v2\/media?parent=20900"}],"curies":[{"name":"wp","href":"https:\/\/api.w.org\/{rel}","templated":true}]}}