{"id":2050,"date":"2017-03-07T21:00:00","date_gmt":"2017-03-07T18:00:00","guid":{"rendered":"https:\/\/neolife.com.tr\/check-up\/"},"modified":"2025-09-17T12:09:48","modified_gmt":"2025-09-17T09:09:48","slug":"check-up","status":"publish","type":"page","link":"https:\/\/www.neolife.com.tr\/en\/check-up\/","title":{"rendered":"Check-Up"},"content":{"rendered":"<p>Move ahead of illnesses with our Check-up Programs, don\u2019t be late\u2026<\/p>\n<p>Although we all know that we should have check-up at regular intervals, we all have a tendency to delay it due to reasons whatsoever. Being ignored due to reasons, such as lack of time and cost, or groundless thoughts such as \u201cnothing will happen to me, the check-up programs should be considered as an investment to our health and future.<\/p>\n<p>Problems faced during daily routines may be a sign of a future health problem. You can add years to your lifetime just by sparing a couple of hours for yourself. Check-up once a year will clarify underlying cause of your health problems and thus, you can receive treatment.<\/p>\n<p>Check-up programs can diagnose many diseases in early stages with the help of advanced imaging techniques and laboratory tests and thus, diseases with potential progression can be eliminated.<\/p>\n<h2><strong>What is Check-Up?<\/strong><\/h2>\n<p>\u201cCheck-up\u201d, also mentioned as \u201cPersonal Health Screening&#8221; or &#8220;Periodic General Health Check&#8221;, is a health screening that everyone needs to have regularly at 1-year intervals, irrespective of presence of a medical condition; the program intends protecting health, diagnosing risks of diseases early in order to start treatment timely.<\/p>\n<h2><strong>Why one should have a Check-up?<\/strong><\/h2>\n<p>The purpose of having a check-up is to take precautions before one is caught by a disease and to keep the person healthy.<\/p>\n<p>If check-up is delayed due to busy work schedules and lack of time, many factors that pose threat to the health will be ignored.\u00a0 Therefore, potential health risks that develop insidiously can be prevented by sparing a couple of hours once a year.<\/p>\n<h2>What should be considered before having a check-up?<\/h2>\n<p>Please bring prior test reports.<\/p>\n<p>You should absolutely be hungry. Avoid eating after 12.00 AM in the previous night (you may only drink reasonable amount of water).<\/p>\n<p>Do not consume alcohol starting 24 hours beforehand.<\/p>\n<p>If you are pregnant or have suspicious pregnancy, inform your physician.<\/p>\n<p>If you have any medication that needs to be taken before meal, skip them in the check-up day.<\/p>\n<p>Females should not have a period (menstruation) in the check-up day.<\/p>\n<p>Consult your physician for the medications that need to be stopped in advance.<\/p>\n<h2>Take a Look At Our Check-up Packages<\/h2>\n<p><a href=\"https:\/\/www.neolife.com.tr\/wp-content\/uploads\/2025\/07\/Standard-Check-Up-Man.pdf\">Standard-Check-Up-Man<\/a><\/p>\n<p><a href=\"https:\/\/www.neolife.com.tr\/wp-content\/uploads\/2025\/07\/Standard-Check-Up-Woman.pdf\">Standard-Check-Up-Woman<\/a><\/p>\n<p><a href=\"https:\/\/www.neolife.com.tr\/wp-content\/uploads\/2025\/07\/Comprehensive-Check-Up-Man.pdf\">Comprehensive-Check-Up-Man<\/a><\/p>\n<p><a href=\"https:\/\/www.neolife.com.tr\/wp-content\/uploads\/2025\/07\/Comprehensive-Check-Up-Woman.pdf\">Comprehensive-Check-Up-Woman<\/a><\/p>\n<p><a href=\"https:\/\/www.neolife.com.tr\/wp-content\/uploads\/2025\/07\/Neo-Anemia-Check-Up-compressed.pdf\">Neo-Anemia-Check-Up<\/a><\/p>\n<p><a href=\"https:\/\/www.neolife.com.tr\/wp-content\/uploads\/2025\/07\/Neo-Breast-Examination-Check-Up-Woman-Above-40-years.pdf\">Neo-Breast-Examination-Check-Up-Woman-Above-40-years<\/a><\/p>\n<p><a href=\"https:\/\/www.neolife.com.tr\/wp-content\/uploads\/2025\/07\/Neo-Breast-Examination-Check-Up-Woman-Below-40-years.pdf\">Neo-Breast-Examination-Check-Up-Woman-Below-40-years<\/a><\/p>\n<p><a href=\"https:\/\/www.neolife.com.tr\/wp-content\/uploads\/2025\/07\/Neo-Cervical-Cancer-Check-Up.pdf\">Neo-Cervical-Cancer-Check-Up<\/a><\/p>\n<p><a href=\"https:\/\/www.neolife.com.tr\/wp-content\/uploads\/2025\/07\/Neo-Digestive-System-Checkp-up-compressed.pdf\">Neo-Digestive-System-Check-Up<\/a><\/p>\n<p><a href=\"https:\/\/www.neolife.com.tr\/wp-content\/uploads\/2025\/07\/Neo-Female-STD-Check-Up.pdf\">Neo-Female-STD-Check-Up<\/a><\/p>\n<p><a href=\"https:\/\/www.neolife.com.tr\/wp-content\/uploads\/2025\/07\/Neo-Male-Urology-Check-Up.pdf\">Neo-Male-Urology-Check-Up<\/a><\/p>\n<p><a href=\"https:\/\/www.neolife.com.tr\/wp-content\/uploads\/2025\/07\/Neo-Metabolism-Check-Up-compressed.pdf\">Neo-Metabolism-Check-Up<\/a><\/p>\n<p><a href=\"https:\/\/www.neolife.com.tr\/wp-content\/uploads\/2025\/07\/Neo-Pre-Pregnancy-Check-Up.pdf\">Neo-Pre-Pregnancy-Check-Up<\/a><\/p>\n<p><a href=\"https:\/\/www.neolife.com.tr\/wp-content\/uploads\/2025\/07\/Neo-Rheumatism-Check-Up-compressed.pdf\">Neo-Rheumatism-Check-Up<\/a><\/p>\n<p><a href=\"https:\/\/www.neolife.com.tr\/wp-content\/uploads\/2025\/07\/Neo-Thyroid-Examiniton-Pachages-compressed.pdf\">Neo-Thyroid-Examiniton-Pachages<\/a><\/p>\n","protected":false},"excerpt":{"rendered":"<p>Move ahead of illnesses with our Check-up Programs, don\u2019t be late\u2026 Although we all know that we should have check-up at regular intervals, we all have a tendency to delay it due to reasons whatsoever. Being ignored due to reasons, such as lack of time and cost, or groundless thoughts such as \u201cnothing will happen [&hellip;]<\/p>\n","protected":false},"author":3,"featured_media":1385,"parent":0,"menu_order":0,"comment_status":"open","ping_status":"open","template":"","meta":{"footnotes":""},"class_list":["post-2050","page","type-page","status-publish","has-post-thumbnail","hentry"],"yoast_head":"<!-- This site is optimized with the Yoast SEO plugin v22.5 - https:\/\/yoast.com\/wordpress\/plugins\/seo\/ -->\n<title>Cancer Check-Up - Full-range Check-Up and Oncological Screening<\/title>\n<meta name=\"description\" content=\"Check-up is applied to protect health, to detect and treat possible disease risks in the early period, without any health problems.\" \/>\n<meta name=\"robots\" content=\"index, follow, max-snippet:-1, max-image-preview:large, max-video-preview:-1\" \/>\n<link rel=\"canonical\" href=\"https:\/\/www.neolife.com.tr\/en\/check-up\/\" \/>\n<meta name=\"twitter:label1\" content=\"Est. reading time\" \/>\n\t<meta name=\"twitter:data1\" content=\"3 minutes\" \/>\n<script type=\"application\/ld+json\" class=\"yoast-schema-graph\">{\"@context\":\"https:\/\/schema.org\",\"@graph\":[{\"@type\":\"WebPage\",\"@id\":\"https:\/\/www.neolife.com.tr\/en\/check-up\/\",\"url\":\"https:\/\/www.neolife.com.tr\/en\/check-up\/\",\"name\":\"Cancer Check-Up - Full-range Check-Up and Oncological Screening\",\"isPartOf\":{\"@id\":\"https:\/\/www.neolife.com.tr\/#website\"},\"primaryImageOfPage\":{\"@id\":\"https:\/\/www.neolife.com.tr\/en\/check-up\/#primaryimage\"},\"image\":{\"@id\":\"https:\/\/www.neolife.com.tr\/en\/check-up\/#primaryimage\"},\"thumbnailUrl\":\"https:\/\/www.neolife.com.tr\/wp-content\/uploads\/2016\/09\/check-up-header.jpg\",\"datePublished\":\"2017-03-07T18:00:00+00:00\",\"dateModified\":\"2025-09-17T09:09:48+00:00\",\"description\":\"Check-up is applied to protect health, to detect and treat possible disease risks in the early period, without any health problems.\",\"breadcrumb\":{\"@id\":\"https:\/\/www.neolife.com.tr\/en\/check-up\/#breadcrumb\"},\"inLanguage\":\"en-US\",\"potentialAction\":[{\"@type\":\"ReadAction\",\"target\":[\"https:\/\/www.neolife.com.tr\/en\/check-up\/\"]}]},{\"@type\":\"ImageObject\",\"inLanguage\":\"en-US\",\"@id\":\"https:\/\/www.neolife.com.tr\/en\/check-up\/#primaryimage\",\"url\":\"https:\/\/www.neolife.com.tr\/wp-content\/uploads\/2016\/09\/check-up-header.jpg\",\"contentUrl\":\"https:\/\/www.neolife.com.tr\/wp-content\/uploads\/2016\/09\/check-up-header.jpg\",\"width\":1206,\"height\":416},{\"@type\":\"BreadcrumbList\",\"@id\":\"https:\/\/www.neolife.com.tr\/en\/check-up\/#breadcrumb\",\"itemListElement\":[{\"@type\":\"ListItem\",\"position\":1,\"name\":\"Ana Sayfa\",\"item\":\"https:\/\/www.neolife.com.tr\/en\/\"},{\"@type\":\"ListItem\",\"position\":2,\"name\":\"Check-Up\"}]},{\"@type\":\"WebSite\",\"@id\":\"https:\/\/www.neolife.com.tr\/#website\",\"url\":\"https:\/\/www.neolife.com.tr\/\",\"name\":\"Neolife T\u0131p Merkezi\",\"description\":\"T\u00fcrkiye&#039;de kanser tedavisi - kanser te\u015fhisi ve tedavisi\",\"publisher\":{\"@id\":\"https:\/\/www.neolife.com.tr\/#organization\"},\"potentialAction\":[{\"@type\":\"SearchAction\",\"target\":{\"@type\":\"EntryPoint\",\"urlTemplate\":\"https:\/\/www.neolife.com.tr\/?s={search_term_string}\"},\"query-input\":\"required name=search_term_string\"}],\"inLanguage\":\"en-US\"},{\"@type\":\"Organization\",\"@id\":\"https:\/\/www.neolife.com.tr\/#organization\",\"name\":\"Neolife T\u0131p Merkezi\",\"url\":\"https:\/\/www.neolife.com.tr\/\",\"logo\":{\"@type\":\"ImageObject\",\"inLanguage\":\"en-US\",\"@id\":\"https:\/\/www.neolife.com.tr\/#\/schema\/logo\/image\/\",\"url\":\"https:\/\/www.neolife.com.tr\/wp-content\/uploads\/2021\/06\/Neolife-Logo.png\",\"contentUrl\":\"https:\/\/www.neolife.com.tr\/wp-content\/uploads\/2021\/06\/Neolife-Logo.png\",\"width\":348,\"height\":92,\"caption\":\"Neolife T\u0131p Merkezi\"},\"image\":{\"@id\":\"https:\/\/www.neolife.com.tr\/#\/schema\/logo\/image\/\"},\"sameAs\":[\"https:\/\/www.facebook.com\/NeoLifeIstanbul\/\",\"https:\/\/x.com\/NeoLifeIstanbul\",\"https:\/\/www.linkedin.com\/company\/neolife-oncology-center\/?originalSubdomain=tr\"]}]}<\/script>\n<!-- \/ Yoast SEO plugin. -->","yoast_head_json":{"title":"Cancer Check-Up - Full-range Check-Up and Oncological Screening","description":"Check-up is applied to protect health, to detect and treat possible disease risks in the early period, without any health problems.","robots":{"index":"index","follow":"follow","max-snippet":"max-snippet:-1","max-image-preview":"max-image-preview:large","max-video-preview":"max-video-preview:-1"},"canonical":"https:\/\/www.neolife.com.tr\/en\/check-up\/","twitter_misc":{"Est. reading time":"3 minutes"},"schema":{"@context":"https:\/\/schema.org","@graph":[{"@type":"WebPage","@id":"https:\/\/www.neolife.com.tr\/en\/check-up\/","url":"https:\/\/www.neolife.com.tr\/en\/check-up\/","name":"Cancer Check-Up - Full-range Check-Up and Oncological Screening","isPartOf":{"@id":"https:\/\/www.neolife.com.tr\/#website"},"primaryImageOfPage":{"@id":"https:\/\/www.neolife.com.tr\/en\/check-up\/#primaryimage"},"image":{"@id":"https:\/\/www.neolife.com.tr\/en\/check-up\/#primaryimage"},"thumbnailUrl":"https:\/\/www.neolife.com.tr\/wp-content\/uploads\/2016\/09\/check-up-header.jpg","datePublished":"2017-03-07T18:00:00+00:00","dateModified":"2025-09-17T09:09:48+00:00","description":"Check-up is applied to protect health, to detect and treat possible disease risks in the early period, without any health problems.","breadcrumb":{"@id":"https:\/\/www.neolife.com.tr\/en\/check-up\/#breadcrumb"},"inLanguage":"en-US","potentialAction":[{"@type":"ReadAction","target":["https:\/\/www.neolife.com.tr\/en\/check-up\/"]}]},{"@type":"ImageObject","inLanguage":"en-US","@id":"https:\/\/www.neolife.com.tr\/en\/check-up\/#primaryimage","url":"https:\/\/www.neolife.com.tr\/wp-content\/uploads\/2016\/09\/check-up-header.jpg","contentUrl":"https:\/\/www.neolife.com.tr\/wp-content\/uploads\/2016\/09\/check-up-header.jpg","width":1206,"height":416},{"@type":"BreadcrumbList","@id":"https:\/\/www.neolife.com.tr\/en\/check-up\/#breadcrumb","itemListElement":[{"@type":"ListItem","position":1,"name":"Ana Sayfa","item":"https:\/\/www.neolife.com.tr\/en\/"},{"@type":"ListItem","position":2,"name":"Check-Up"}]},{"@type":"WebSite","@id":"https:\/\/www.neolife.com.tr\/#website","url":"https:\/\/www.neolife.com.tr\/","name":"Neolife T\u0131p Merkezi","description":"T\u00fcrkiye&#039;de kanser tedavisi - kanser te\u015fhisi ve tedavisi","publisher":{"@id":"https:\/\/www.neolife.com.tr\/#organization"},"potentialAction":[{"@type":"SearchAction","target":{"@type":"EntryPoint","urlTemplate":"https:\/\/www.neolife.com.tr\/?s={search_term_string}"},"query-input":"required name=search_term_string"}],"inLanguage":"en-US"},{"@type":"Organization","@id":"https:\/\/www.neolife.com.tr\/#organization","name":"Neolife T\u0131p Merkezi","url":"https:\/\/www.neolife.com.tr\/","logo":{"@type":"ImageObject","inLanguage":"en-US","@id":"https:\/\/www.neolife.com.tr\/#\/schema\/logo\/image\/","url":"https:\/\/www.neolife.com.tr\/wp-content\/uploads\/2021\/06\/Neolife-Logo.png","contentUrl":"https:\/\/www.neolife.com.tr\/wp-content\/uploads\/2021\/06\/Neolife-Logo.png","width":348,"height":92,"caption":"Neolife T\u0131p Merkezi"},"image":{"@id":"https:\/\/www.neolife.com.tr\/#\/schema\/logo\/image\/"},"sameAs":["https:\/\/www.facebook.com\/NeoLifeIstanbul\/","https:\/\/x.com\/NeoLifeIstanbul","https:\/\/www.linkedin.com\/company\/neolife-oncology-center\/?originalSubdomain=tr"]}]}},"_links":{"self":[{"href":"https:\/\/www.neolife.com.tr\/en\/wp-json\/wp\/v2\/pages\/2050","targetHints":{"allow":["GET"]}}],"collection":[{"href":"https:\/\/www.neolife.com.tr\/en\/wp-json\/wp\/v2\/pages"}],"about":[{"href":"https:\/\/www.neolife.com.tr\/en\/wp-json\/wp\/v2\/types\/page"}],"author":[{"embeddable":true,"href":"https:\/\/www.neolife.com.tr\/en\/wp-json\/wp\/v2\/users\/3"}],"replies":[{"embeddable":true,"href":"https:\/\/www.neolife.com.tr\/en\/wp-json\/wp\/v2\/comments?post=2050"}],"version-history":[{"count":51,"href":"https:\/\/www.neolife.com.tr\/en\/wp-json\/wp\/v2\/pages\/2050\/revisions"}],"predecessor-version":[{"id":28708,"href":"https:\/\/www.neolife.com.tr\/en\/wp-json\/wp\/v2\/pages\/2050\/revisions\/28708"}],"wp:featuredmedia":[{"embeddable":true,"href":"https:\/\/www.neolife.com.tr\/en\/wp-json\/wp\/v2\/media\/1385"}],"wp:attachment":[{"href":"https:\/\/www.neolife.com.tr\/en\/wp-json\/wp\/v2\/media?parent=2050"}],"curies":[{"name":"wp","href":"https:\/\/api.w.org\/{rel}","templated":true}]}}