{"id":2047,"date":"2017-03-07T21:00:00","date_gmt":"2017-03-07T18:00:00","guid":{"rendered":"https:\/\/neolife.com.tr\/radiology\/"},"modified":"2025-09-17T14:40:26","modified_gmt":"2025-09-17T11:40:26","slug":"radiology","status":"publish","type":"page","link":"https:\/\/www.neolife.com.tr\/en\/radiology\/","title":{"rendered":"Radiology"},"content":{"rendered":"<p><img fetchpriority=\"high\" decoding=\"async\" style=\"margin: -80px 0 15px 0;\" src=\"https:\/\/neolife.com.tr\/wp-content\/uploads\/2016\/09\/radyoloji-header.jpg\" width=\"1206\" height=\"416\" \/><\/p>\n<p>Correct and early diagnosis is very important before a treatment is started. State-of-the-art imaging methods are used for diagnosis in our hospital.<br \/>\nInvasive procedures performed in Department of Radiology<\/p>\n<ul>\n<li>MRI-, CT- and Ultrasound-guided biopsies<\/li>\n<li>Cyst, fluid, abscess and bile drainage and ablation of tumor\/cyst<\/li>\n<li>Minimal surgical treatments such as angioplasty (expansion with balloon), stent (artificial vessel) and embolization (closure of abnormal or bleeding vessel) for different vascular diseases in Biplan Digital Angiography<\/li>\n<\/ul>\n<h3>Which Imaging Devices are used in Radiology?<\/h3>\n<ul>\n<li>3 Tesla MRI<\/li>\n<li>Multidetector Row MD Computed Tomography (Sensation Cardiac)<\/li>\n<li>Bi-planar Digital Angiography (DSA)<\/li>\n<li>Digital Fluoroscopy<\/li>\n<li>Digital X-ray<\/li>\n<li>Ultrasound &#8211; Doppler Ultrasound<\/li>\n<li>Digital Mammography (Tomosynthesis)<\/li>\n<li>Breast Ultrasound<\/li>\n<\/ul>\n<p>&nbsp;<\/p>\n","protected":false},"excerpt":{"rendered":"<p>Correct and early diagnosis is very important before a treatment is started. State-of-the-art imaging methods are used for diagnosis in our hospital. Invasive procedures performed in Department of Radiology MRI-, CT- and Ultrasound-guided biopsies Cyst, fluid, abscess and bile drainage and ablation of tumor\/cyst Minimal surgical treatments such as angioplasty (expansion with balloon), stent (artificial [&hellip;]<\/p>\n","protected":false},"author":3,"featured_media":2048,"parent":0,"menu_order":0,"comment_status":"open","ping_status":"open","template":"","meta":{"footnotes":""},"class_list":["post-2047","page","type-page","status-publish","has-post-thumbnail","hentry"],"yoast_head":"<!-- This site is optimized with the Yoast SEO plugin v22.5 - https:\/\/yoast.com\/wordpress\/plugins\/seo\/ -->\n<title>Radiology Center - Neolife Medical Center - Istanbul<\/title>\n<meta name=\"description\" content=\"Radiology is very important for accurate and early diagnosis before cancer treatment. It is frequently used in cancer diagnosis.\" \/>\n<meta name=\"robots\" content=\"index, follow, max-snippet:-1, max-image-preview:large, max-video-preview:-1\" \/>\n<link rel=\"canonical\" href=\"https:\/\/www.neolife.com.tr\/en\/radiology\/\" \/>\n<meta name=\"twitter:label1\" content=\"Est. reading time\" \/>\n\t<meta name=\"twitter:data1\" content=\"2 minutes\" \/>\n<script type=\"application\/ld+json\" class=\"yoast-schema-graph\">{\"@context\":\"https:\/\/schema.org\",\"@graph\":[{\"@type\":\"WebPage\",\"@id\":\"https:\/\/www.neolife.com.tr\/en\/radiology\/\",\"url\":\"https:\/\/www.neolife.com.tr\/en\/radiology\/\",\"name\":\"Radiology Center - Neolife Medical Center - Istanbul\",\"isPartOf\":{\"@id\":\"https:\/\/www.neolife.com.tr\/#website\"},\"primaryImageOfPage\":{\"@id\":\"https:\/\/www.neolife.com.tr\/en\/radiology\/#primaryimage\"},\"image\":{\"@id\":\"https:\/\/www.neolife.com.tr\/en\/radiology\/#primaryimage\"},\"thumbnailUrl\":\"https:\/\/www.neolife.com.tr\/wp-content\/uploads\/2016\/09\/radyoloji-header.jpg\",\"datePublished\":\"2017-03-07T18:00:00+00:00\",\"dateModified\":\"2025-09-17T11:40:26+00:00\",\"description\":\"Radiology is very important for accurate and early diagnosis before cancer treatment. It is frequently used in cancer diagnosis.\",\"breadcrumb\":{\"@id\":\"https:\/\/www.neolife.com.tr\/en\/radiology\/#breadcrumb\"},\"inLanguage\":\"en-US\",\"potentialAction\":[{\"@type\":\"ReadAction\",\"target\":[\"https:\/\/www.neolife.com.tr\/en\/radiology\/\"]}]},{\"@type\":\"ImageObject\",\"inLanguage\":\"en-US\",\"@id\":\"https:\/\/www.neolife.com.tr\/en\/radiology\/#primaryimage\",\"url\":\"https:\/\/www.neolife.com.tr\/wp-content\/uploads\/2016\/09\/radyoloji-header.jpg\",\"contentUrl\":\"https:\/\/www.neolife.com.tr\/wp-content\/uploads\/2016\/09\/radyoloji-header.jpg\",\"width\":1206,\"height\":416},{\"@type\":\"BreadcrumbList\",\"@id\":\"https:\/\/www.neolife.com.tr\/en\/radiology\/#breadcrumb\",\"itemListElement\":[{\"@type\":\"ListItem\",\"position\":1,\"name\":\"Ana Sayfa\",\"item\":\"https:\/\/www.neolife.com.tr\/en\/\"},{\"@type\":\"ListItem\",\"position\":2,\"name\":\"Radiology\"}]},{\"@type\":\"WebSite\",\"@id\":\"https:\/\/www.neolife.com.tr\/#website\",\"url\":\"https:\/\/www.neolife.com.tr\/\",\"name\":\"Neolife T\u0131p Merkezi\",\"description\":\"T\u00fcrkiye&#039;de kanser tedavisi - kanser te\u015fhisi ve tedavisi\",\"publisher\":{\"@id\":\"https:\/\/www.neolife.com.tr\/#organization\"},\"potentialAction\":[{\"@type\":\"SearchAction\",\"target\":{\"@type\":\"EntryPoint\",\"urlTemplate\":\"https:\/\/www.neolife.com.tr\/?s={search_term_string}\"},\"query-input\":\"required name=search_term_string\"}],\"inLanguage\":\"en-US\"},{\"@type\":\"Organization\",\"@id\":\"https:\/\/www.neolife.com.tr\/#organization\",\"name\":\"Neolife T\u0131p Merkezi\",\"url\":\"https:\/\/www.neolife.com.tr\/\",\"logo\":{\"@type\":\"ImageObject\",\"inLanguage\":\"en-US\",\"@id\":\"https:\/\/www.neolife.com.tr\/#\/schema\/logo\/image\/\",\"url\":\"https:\/\/www.neolife.com.tr\/wp-content\/uploads\/2021\/06\/Neolife-Logo.png\",\"contentUrl\":\"https:\/\/www.neolife.com.tr\/wp-content\/uploads\/2021\/06\/Neolife-Logo.png\",\"width\":348,\"height\":92,\"caption\":\"Neolife T\u0131p Merkezi\"},\"image\":{\"@id\":\"https:\/\/www.neolife.com.tr\/#\/schema\/logo\/image\/\"},\"sameAs\":[\"https:\/\/www.facebook.com\/NeoLifeIstanbul\/\",\"https:\/\/x.com\/NeoLifeIstanbul\",\"https:\/\/www.linkedin.com\/company\/neolife-oncology-center\/?originalSubdomain=tr\"]}]}<\/script>\n<!-- \/ Yoast SEO plugin. -->","yoast_head_json":{"title":"Radiology Center - Neolife Medical Center - Istanbul","description":"Radiology is very important for accurate and early diagnosis before cancer treatment. It is frequently used in cancer diagnosis.","robots":{"index":"index","follow":"follow","max-snippet":"max-snippet:-1","max-image-preview":"max-image-preview:large","max-video-preview":"max-video-preview:-1"},"canonical":"https:\/\/www.neolife.com.tr\/en\/radiology\/","twitter_misc":{"Est. reading time":"2 minutes"},"schema":{"@context":"https:\/\/schema.org","@graph":[{"@type":"WebPage","@id":"https:\/\/www.neolife.com.tr\/en\/radiology\/","url":"https:\/\/www.neolife.com.tr\/en\/radiology\/","name":"Radiology Center - Neolife Medical Center - Istanbul","isPartOf":{"@id":"https:\/\/www.neolife.com.tr\/#website"},"primaryImageOfPage":{"@id":"https:\/\/www.neolife.com.tr\/en\/radiology\/#primaryimage"},"image":{"@id":"https:\/\/www.neolife.com.tr\/en\/radiology\/#primaryimage"},"thumbnailUrl":"https:\/\/www.neolife.com.tr\/wp-content\/uploads\/2016\/09\/radyoloji-header.jpg","datePublished":"2017-03-07T18:00:00+00:00","dateModified":"2025-09-17T11:40:26+00:00","description":"Radiology is very important for accurate and early diagnosis before cancer treatment. It is frequently used in cancer diagnosis.","breadcrumb":{"@id":"https:\/\/www.neolife.com.tr\/en\/radiology\/#breadcrumb"},"inLanguage":"en-US","potentialAction":[{"@type":"ReadAction","target":["https:\/\/www.neolife.com.tr\/en\/radiology\/"]}]},{"@type":"ImageObject","inLanguage":"en-US","@id":"https:\/\/www.neolife.com.tr\/en\/radiology\/#primaryimage","url":"https:\/\/www.neolife.com.tr\/wp-content\/uploads\/2016\/09\/radyoloji-header.jpg","contentUrl":"https:\/\/www.neolife.com.tr\/wp-content\/uploads\/2016\/09\/radyoloji-header.jpg","width":1206,"height":416},{"@type":"BreadcrumbList","@id":"https:\/\/www.neolife.com.tr\/en\/radiology\/#breadcrumb","itemListElement":[{"@type":"ListItem","position":1,"name":"Ana Sayfa","item":"https:\/\/www.neolife.com.tr\/en\/"},{"@type":"ListItem","position":2,"name":"Radiology"}]},{"@type":"WebSite","@id":"https:\/\/www.neolife.com.tr\/#website","url":"https:\/\/www.neolife.com.tr\/","name":"Neolife T\u0131p Merkezi","description":"T\u00fcrkiye&#039;de kanser tedavisi - kanser te\u015fhisi ve tedavisi","publisher":{"@id":"https:\/\/www.neolife.com.tr\/#organization"},"potentialAction":[{"@type":"SearchAction","target":{"@type":"EntryPoint","urlTemplate":"https:\/\/www.neolife.com.tr\/?s={search_term_string}"},"query-input":"required name=search_term_string"}],"inLanguage":"en-US"},{"@type":"Organization","@id":"https:\/\/www.neolife.com.tr\/#organization","name":"Neolife T\u0131p Merkezi","url":"https:\/\/www.neolife.com.tr\/","logo":{"@type":"ImageObject","inLanguage":"en-US","@id":"https:\/\/www.neolife.com.tr\/#\/schema\/logo\/image\/","url":"https:\/\/www.neolife.com.tr\/wp-content\/uploads\/2021\/06\/Neolife-Logo.png","contentUrl":"https:\/\/www.neolife.com.tr\/wp-content\/uploads\/2021\/06\/Neolife-Logo.png","width":348,"height":92,"caption":"Neolife T\u0131p Merkezi"},"image":{"@id":"https:\/\/www.neolife.com.tr\/#\/schema\/logo\/image\/"},"sameAs":["https:\/\/www.facebook.com\/NeoLifeIstanbul\/","https:\/\/x.com\/NeoLifeIstanbul","https:\/\/www.linkedin.com\/company\/neolife-oncology-center\/?originalSubdomain=tr"]}]}},"_links":{"self":[{"href":"https:\/\/www.neolife.com.tr\/en\/wp-json\/wp\/v2\/pages\/2047","targetHints":{"allow":["GET"]}}],"collection":[{"href":"https:\/\/www.neolife.com.tr\/en\/wp-json\/wp\/v2\/pages"}],"about":[{"href":"https:\/\/www.neolife.com.tr\/en\/wp-json\/wp\/v2\/types\/page"}],"author":[{"embeddable":true,"href":"https:\/\/www.neolife.com.tr\/en\/wp-json\/wp\/v2\/users\/3"}],"replies":[{"embeddable":true,"href":"https:\/\/www.neolife.com.tr\/en\/wp-json\/wp\/v2\/comments?post=2047"}],"version-history":[{"count":10,"href":"https:\/\/www.neolife.com.tr\/en\/wp-json\/wp\/v2\/pages\/2047\/revisions"}],"predecessor-version":[{"id":29073,"href":"https:\/\/www.neolife.com.tr\/en\/wp-json\/wp\/v2\/pages\/2047\/revisions\/29073"}],"wp:featuredmedia":[{"embeddable":true,"href":"https:\/\/www.neolife.com.tr\/en\/wp-json\/wp\/v2\/media\/2048"}],"wp:attachment":[{"href":"https:\/\/www.neolife.com.tr\/en\/wp-json\/wp\/v2\/media?parent=2047"}],"curies":[{"name":"wp","href":"https:\/\/api.w.org\/{rel}","templated":true}]}}