{"id":2045,"date":"2017-03-07T21:00:00","date_gmt":"2017-03-07T18:00:00","guid":{"rendered":"https:\/\/neolife.com.tr\/laboratory\/"},"modified":"2025-09-17T13:32:21","modified_gmt":"2025-09-17T10:32:21","slug":"laboratory","status":"publish","type":"page","link":"https:\/\/www.neolife.com.tr\/en\/laboratory\/","title":{"rendered":"Laboratory"},"content":{"rendered":"\t\t<div data-elementor-type=\"wp-page\" data-elementor-id=\"2045\" class=\"elementor elementor-2045\" data-elementor-post-type=\"page\">\n\t\t\t\t\t\t<section class=\"elementor-section elementor-top-section elementor-element elementor-element-1c4efb51 elementor-section-boxed elementor-section-height-default elementor-section-height-default\" data-id=\"1c4efb51\" data-element_type=\"section\">\n\t\t\t\t\t\t<div class=\"elementor-container elementor-column-gap-default\">\n\t\t\t\t\t<div class=\"elementor-column elementor-col-100 elementor-top-column elementor-element elementor-element-1df5b9d7\" data-id=\"1df5b9d7\" data-element_type=\"column\">\n\t\t\t<div class=\"elementor-widget-wrap elementor-element-populated\">\n\t\t\t\t\t\t<div class=\"elementor-element elementor-element-eff1ce4 elementor-widget elementor-widget-text-editor\" data-id=\"eff1ce4\" data-element_type=\"widget\" data-widget_type=\"text-editor.default\">\n\t\t\t\t<div class=\"elementor-widget-container\">\n\t\t\t\t\t\t\t\t\t<img fetchpriority=\"high\" decoding=\"async\" class=\"alignright wp-image-610 size-full\" style=\"margin: -95px 0 15px 0;\" src=\"https:\/\/neolife.com.tr\/wp-content\/uploads\/2016\/09\/laboratuvar.jpg\" width=\"1206\" height=\"416\" \/>\r\n\r\nWe purchase laboratory services from SYNEVO, the leader laboratory chain of Europe.\r\n\r\nSynevo Laboratories render services in 11 countries in Middle and East Europe with IMD laboratories, the corporate office in Germany, with its 70 laboratories, 4100 employees and 94 million tests.\r\n\r\nSynevo Laboratories have TSE EN ISO 15189 accreditation certificate given by T\u00fcrkak.\r\n\r\nYou can visit following link for detailed information about our laboratory and tests.\r\n\r\n<a href=\"http:\/\/www.synevo.com.tr\" target=\"_blank\" rel=\"noopener\">www.synevo.com.tr<\/a>\t\t\t\t\t\t\t\t<\/div>\n\t\t\t\t<\/div>\n\t\t\t\t\t<\/div>\n\t\t<\/div>\n\t\t\t\t\t<\/div>\n\t\t<\/section>\n\t\t\t\t<\/div>\n\t\t","protected":false},"excerpt":{"rendered":"<p>We purchase laboratory services from SYNEVO, the leader laboratory chain of Europe. Synevo Laboratories render services in 11 countries in Middle and East Europe with IMD laboratories, the corporate office in Germany, with its 70 laboratories, 4100 employees and 94 million tests. Synevo Laboratories have TSE EN ISO 15189 accreditation certificate given by T\u00fcrkak. You [&hellip;]<\/p>\n","protected":false},"author":3,"featured_media":1430,"parent":0,"menu_order":0,"comment_status":"open","ping_status":"open","template":"","meta":{"footnotes":""},"class_list":["post-2045","page","type-page","status-publish","has-post-thumbnail","hentry"],"yoast_head":"<!-- This site is optimized with the Yoast SEO plugin v22.5 - https:\/\/yoast.com\/wordpress\/plugins\/seo\/ -->\n<title>Laboratory - Neolife T\u0131p Merkezi<\/title>\n<meta name=\"description\" content=\"Synevo Laboratories render services in 11 countries in Middle and East Europe with IMD laboratories, the corporate office in Germany, with its 70 laboratories, 4100 employees and 94 million tests.\" \/>\n<meta name=\"robots\" content=\"index, follow, max-snippet:-1, max-image-preview:large, max-video-preview:-1\" \/>\n<link rel=\"canonical\" href=\"https:\/\/www.neolife.com.tr\/en\/laboratory\/\" \/>\n<meta name=\"twitter:label1\" content=\"Est. reading time\" \/>\n\t<meta name=\"twitter:data1\" content=\"1 minute\" \/>\n<script type=\"application\/ld+json\" class=\"yoast-schema-graph\">{\"@context\":\"https:\/\/schema.org\",\"@graph\":[{\"@type\":\"WebPage\",\"@id\":\"https:\/\/www.neolife.com.tr\/en\/laboratory\/\",\"url\":\"https:\/\/www.neolife.com.tr\/en\/laboratory\/\",\"name\":\"Laboratory - Neolife T\u0131p Merkezi\",\"isPartOf\":{\"@id\":\"https:\/\/www.neolife.com.tr\/#website\"},\"primaryImageOfPage\":{\"@id\":\"https:\/\/www.neolife.com.tr\/en\/laboratory\/#primaryimage\"},\"image\":{\"@id\":\"https:\/\/www.neolife.com.tr\/en\/laboratory\/#primaryimage\"},\"thumbnailUrl\":\"https:\/\/www.neolife.com.tr\/wp-content\/uploads\/2016\/09\/laboratuvar.jpg\",\"datePublished\":\"2017-03-07T18:00:00+00:00\",\"dateModified\":\"2025-09-17T10:32:21+00:00\",\"description\":\"Synevo Laboratories render services in 11 countries in Middle and East Europe with IMD laboratories, the corporate office in Germany, with its 70 laboratories, 4100 employees and 94 million tests.\",\"breadcrumb\":{\"@id\":\"https:\/\/www.neolife.com.tr\/en\/laboratory\/#breadcrumb\"},\"inLanguage\":\"en-US\",\"potentialAction\":[{\"@type\":\"ReadAction\",\"target\":[\"https:\/\/www.neolife.com.tr\/en\/laboratory\/\"]}]},{\"@type\":\"ImageObject\",\"inLanguage\":\"en-US\",\"@id\":\"https:\/\/www.neolife.com.tr\/en\/laboratory\/#primaryimage\",\"url\":\"https:\/\/www.neolife.com.tr\/wp-content\/uploads\/2016\/09\/laboratuvar.jpg\",\"contentUrl\":\"https:\/\/www.neolife.com.tr\/wp-content\/uploads\/2016\/09\/laboratuvar.jpg\",\"width\":1206,\"height\":416},{\"@type\":\"BreadcrumbList\",\"@id\":\"https:\/\/www.neolife.com.tr\/en\/laboratory\/#breadcrumb\",\"itemListElement\":[{\"@type\":\"ListItem\",\"position\":1,\"name\":\"Ana Sayfa\",\"item\":\"https:\/\/www.neolife.com.tr\/en\/\"},{\"@type\":\"ListItem\",\"position\":2,\"name\":\"Laboratory\"}]},{\"@type\":\"WebSite\",\"@id\":\"https:\/\/www.neolife.com.tr\/#website\",\"url\":\"https:\/\/www.neolife.com.tr\/\",\"name\":\"Neolife T\u0131p Merkezi\",\"description\":\"T\u00fcrkiye&#039;de kanser tedavisi - kanser te\u015fhisi ve tedavisi\",\"publisher\":{\"@id\":\"https:\/\/www.neolife.com.tr\/#organization\"},\"potentialAction\":[{\"@type\":\"SearchAction\",\"target\":{\"@type\":\"EntryPoint\",\"urlTemplate\":\"https:\/\/www.neolife.com.tr\/?s={search_term_string}\"},\"query-input\":\"required name=search_term_string\"}],\"inLanguage\":\"en-US\"},{\"@type\":\"Organization\",\"@id\":\"https:\/\/www.neolife.com.tr\/#organization\",\"name\":\"Neolife T\u0131p Merkezi\",\"url\":\"https:\/\/www.neolife.com.tr\/\",\"logo\":{\"@type\":\"ImageObject\",\"inLanguage\":\"en-US\",\"@id\":\"https:\/\/www.neolife.com.tr\/#\/schema\/logo\/image\/\",\"url\":\"https:\/\/www.neolife.com.tr\/wp-content\/uploads\/2021\/06\/Neolife-Logo.png\",\"contentUrl\":\"https:\/\/www.neolife.com.tr\/wp-content\/uploads\/2021\/06\/Neolife-Logo.png\",\"width\":348,\"height\":92,\"caption\":\"Neolife T\u0131p Merkezi\"},\"image\":{\"@id\":\"https:\/\/www.neolife.com.tr\/#\/schema\/logo\/image\/\"},\"sameAs\":[\"https:\/\/www.facebook.com\/NeoLifeIstanbul\/\",\"https:\/\/x.com\/NeoLifeIstanbul\",\"https:\/\/www.linkedin.com\/company\/neolife-oncology-center\/?originalSubdomain=tr\"]}]}<\/script>\n<!-- \/ Yoast SEO plugin. -->","yoast_head_json":{"title":"Laboratory - Neolife T\u0131p Merkezi","description":"Synevo Laboratories render services in 11 countries in Middle and East Europe with IMD laboratories, the corporate office in Germany, with its 70 laboratories, 4100 employees and 94 million tests.","robots":{"index":"index","follow":"follow","max-snippet":"max-snippet:-1","max-image-preview":"max-image-preview:large","max-video-preview":"max-video-preview:-1"},"canonical":"https:\/\/www.neolife.com.tr\/en\/laboratory\/","twitter_misc":{"Est. reading time":"1 minute"},"schema":{"@context":"https:\/\/schema.org","@graph":[{"@type":"WebPage","@id":"https:\/\/www.neolife.com.tr\/en\/laboratory\/","url":"https:\/\/www.neolife.com.tr\/en\/laboratory\/","name":"Laboratory - Neolife T\u0131p Merkezi","isPartOf":{"@id":"https:\/\/www.neolife.com.tr\/#website"},"primaryImageOfPage":{"@id":"https:\/\/www.neolife.com.tr\/en\/laboratory\/#primaryimage"},"image":{"@id":"https:\/\/www.neolife.com.tr\/en\/laboratory\/#primaryimage"},"thumbnailUrl":"https:\/\/www.neolife.com.tr\/wp-content\/uploads\/2016\/09\/laboratuvar.jpg","datePublished":"2017-03-07T18:00:00+00:00","dateModified":"2025-09-17T10:32:21+00:00","description":"Synevo Laboratories render services in 11 countries in Middle and East Europe with IMD laboratories, the corporate office in Germany, with its 70 laboratories, 4100 employees and 94 million tests.","breadcrumb":{"@id":"https:\/\/www.neolife.com.tr\/en\/laboratory\/#breadcrumb"},"inLanguage":"en-US","potentialAction":[{"@type":"ReadAction","target":["https:\/\/www.neolife.com.tr\/en\/laboratory\/"]}]},{"@type":"ImageObject","inLanguage":"en-US","@id":"https:\/\/www.neolife.com.tr\/en\/laboratory\/#primaryimage","url":"https:\/\/www.neolife.com.tr\/wp-content\/uploads\/2016\/09\/laboratuvar.jpg","contentUrl":"https:\/\/www.neolife.com.tr\/wp-content\/uploads\/2016\/09\/laboratuvar.jpg","width":1206,"height":416},{"@type":"BreadcrumbList","@id":"https:\/\/www.neolife.com.tr\/en\/laboratory\/#breadcrumb","itemListElement":[{"@type":"ListItem","position":1,"name":"Ana Sayfa","item":"https:\/\/www.neolife.com.tr\/en\/"},{"@type":"ListItem","position":2,"name":"Laboratory"}]},{"@type":"WebSite","@id":"https:\/\/www.neolife.com.tr\/#website","url":"https:\/\/www.neolife.com.tr\/","name":"Neolife T\u0131p Merkezi","description":"T\u00fcrkiye&#039;de kanser tedavisi - kanser te\u015fhisi ve tedavisi","publisher":{"@id":"https:\/\/www.neolife.com.tr\/#organization"},"potentialAction":[{"@type":"SearchAction","target":{"@type":"EntryPoint","urlTemplate":"https:\/\/www.neolife.com.tr\/?s={search_term_string}"},"query-input":"required name=search_term_string"}],"inLanguage":"en-US"},{"@type":"Organization","@id":"https:\/\/www.neolife.com.tr\/#organization","name":"Neolife T\u0131p Merkezi","url":"https:\/\/www.neolife.com.tr\/","logo":{"@type":"ImageObject","inLanguage":"en-US","@id":"https:\/\/www.neolife.com.tr\/#\/schema\/logo\/image\/","url":"https:\/\/www.neolife.com.tr\/wp-content\/uploads\/2021\/06\/Neolife-Logo.png","contentUrl":"https:\/\/www.neolife.com.tr\/wp-content\/uploads\/2021\/06\/Neolife-Logo.png","width":348,"height":92,"caption":"Neolife T\u0131p Merkezi"},"image":{"@id":"https:\/\/www.neolife.com.tr\/#\/schema\/logo\/image\/"},"sameAs":["https:\/\/www.facebook.com\/NeoLifeIstanbul\/","https:\/\/x.com\/NeoLifeIstanbul","https:\/\/www.linkedin.com\/company\/neolife-oncology-center\/?originalSubdomain=tr"]}]}},"_links":{"self":[{"href":"https:\/\/www.neolife.com.tr\/en\/wp-json\/wp\/v2\/pages\/2045","targetHints":{"allow":["GET"]}}],"collection":[{"href":"https:\/\/www.neolife.com.tr\/en\/wp-json\/wp\/v2\/pages"}],"about":[{"href":"https:\/\/www.neolife.com.tr\/en\/wp-json\/wp\/v2\/types\/page"}],"author":[{"embeddable":true,"href":"https:\/\/www.neolife.com.tr\/en\/wp-json\/wp\/v2\/users\/3"}],"replies":[{"embeddable":true,"href":"https:\/\/www.neolife.com.tr\/en\/wp-json\/wp\/v2\/comments?post=2045"}],"version-history":[{"count":10,"href":"https:\/\/www.neolife.com.tr\/en\/wp-json\/wp\/v2\/pages\/2045\/revisions"}],"predecessor-version":[{"id":28871,"href":"https:\/\/www.neolife.com.tr\/en\/wp-json\/wp\/v2\/pages\/2045\/revisions\/28871"}],"wp:featuredmedia":[{"embeddable":true,"href":"https:\/\/www.neolife.com.tr\/en\/wp-json\/wp\/v2\/media\/1430"}],"wp:attachment":[{"href":"https:\/\/www.neolife.com.tr\/en\/wp-json\/wp\/v2\/media?parent=2045"}],"curies":[{"name":"wp","href":"https:\/\/api.w.org\/{rel}","templated":true}]}}