{"id":18902,"date":"2023-12-05T07:42:18","date_gmt":"2023-12-05T04:42:18","guid":{"rendered":"https:\/\/www.neolife.com.tr\/?page_id=18902"},"modified":"2025-09-17T12:51:28","modified_gmt":"2025-09-17T09:51:28","slug":"check-up-in-cancer-diagnosis","status":"publish","type":"page","link":"https:\/\/www.neolife.com.tr\/en\/check-up-in-cancer-diagnosis\/","title":{"rendered":"Check-up in Cancer Diagnosis"},"content":{"rendered":"\t\t<div data-elementor-type=\"wp-page\" data-elementor-id=\"18902\" class=\"elementor elementor-18902\" data-elementor-post-type=\"page\">\n\t\t\t\t\t\t<section class=\"elementor-section elementor-top-section elementor-element elementor-element-818208d elementor-section-boxed elementor-section-height-default elementor-section-height-default\" data-id=\"818208d\" data-element_type=\"section\">\n\t\t\t\t\t\t<div class=\"elementor-container elementor-column-gap-default\">\n\t\t\t\t\t<div class=\"elementor-column elementor-col-100 elementor-top-column elementor-element elementor-element-5c59368\" data-id=\"5c59368\" data-element_type=\"column\">\n\t\t\t<div class=\"elementor-widget-wrap elementor-element-populated\">\n\t\t\t\t\t\t<div class=\"elementor-element elementor-element-9f31de8 elementor-widget elementor-widget-text-editor\" data-id=\"9f31de8\" data-element_type=\"widget\" data-widget_type=\"text-editor.default\">\n\t\t\t\t<div class=\"elementor-widget-container\">\n\t\t\t\t\t\t\t\t\t<h2>Check-up in Cancer Diagnosis<\/h2>\n<p>Move ahead of illnesses with our Check-up Programs, don\u2019t be late\u2026<\/p>\n<p>Although we all know that we should have check-up at regular intervals, we all have a tendency to delay it due to reasons whatsoever. Being ignored due to reasons, such as lack of time and cost, or groundless thoughts such as \u201cnothing will happen to me, the check-up programs should be considered as an investment to our health and future.<\/p>\n<p>Problems faced during daily routines may be a sign of a future health problem. You can add years to your lifetime just by sparing a couple of hours for yourself. Check-up once a year will clarify underlying cause of your health problems and thus, you can receive treatment.<\/p>\n<p>Check-up programs can diagnose many diseases in early stages with the help of advanced imaging techniques and laboratory tests and thus, diseases with potential progression can be eliminated.<\/p>\n<h3><strong>What is Check-Up?<\/strong><\/h3>\n<p>\u201cCheck-up\u201d, also mentioned as \u201cPersonal Health Screening&#8221; or &#8220;Periodic General Health Check&#8221;, is a health screening that everyone needs to have regularly at 1-year intervals, irrespective of presence of a medical condition; the program intends protecting health, diagnosing risks of diseases early in order to start treatment timely.<\/p>\n<h3><strong>Why one should have a Check-up?<\/strong><\/h3>\n<p>The purpose of having a check-up is to take precautions before one is caught by a disease and to keep the person healthy.<\/p>\n<p>If check-up is delayed due to busy work schedules and lack of time, many factors that pose threat to the health will be ignored.&nbsp; Therefore, potential health risks that develop insidiously can be prevented by sparing a couple of hours once a year.<\/p>\n<h3>What should be considered before having a check-up?<\/h3>\n<p>Please bring prior test reports.<\/p>\n<p>You should absolutely be hungry. Avoid eating after 12.00 AM in the previous night (you may only drink reasonable amount of water).<\/p>\n<p>Do not consume alcohol starting 24 hours beforehand.<\/p>\n<p>If you are pregnant or have suspicious pregnancy, inform your physician.<\/p>\n<p>If you have any medication that needs to be taken before meal, skip them in the check-up day.<\/p>\n<p>Females should not have a period (menstruation) in the check-up day.<\/p>\n<p>Consult your physician for the medications that need to be stopped in advance.<\/p>\t\t\t\t\t\t\t\t<\/div>\n\t\t\t\t<\/div>\n\t\t\t\t\t<\/div>\n\t\t<\/div>\n\t\t\t\t\t<\/div>\n\t\t<\/section>\n\t\t\t\t<\/div>\n\t\t","protected":false},"excerpt":{"rendered":"<p>Check-up in Cancer Diagnosis Move ahead of illnesses with our Check-up Programs, don\u2019t be late\u2026 Although we all know that we should have check-up at regular intervals, we all have a tendency to delay it due to reasons whatsoever. Being ignored due to reasons, such as lack of time and cost, or groundless thoughts such [&hellip;]<\/p>\n","protected":false},"author":12,"featured_media":0,"parent":0,"menu_order":0,"comment_status":"closed","ping_status":"closed","template":"","meta":{"footnotes":""},"class_list":["post-18902","page","type-page","status-publish","hentry"],"yoast_head":"<!-- This site is optimized with the Yoast SEO plugin v22.5 - https:\/\/yoast.com\/wordpress\/plugins\/seo\/ -->\n<title>Check-up in Cancer Diagnosis - Neolife T\u0131p Merkezi<\/title>\n<meta name=\"robots\" content=\"index, follow, max-snippet:-1, max-image-preview:large, max-video-preview:-1\" \/>\n<link rel=\"canonical\" href=\"https:\/\/www.neolife.com.tr\/en\/check-up-in-cancer-diagnosis\/\" \/>\n<meta name=\"twitter:label1\" content=\"Est. reading time\" \/>\n\t<meta name=\"twitter:data1\" content=\"3 minutes\" \/>\n<script type=\"application\/ld+json\" class=\"yoast-schema-graph\">{\"@context\":\"https:\/\/schema.org\",\"@graph\":[{\"@type\":\"WebPage\",\"@id\":\"https:\/\/www.neolife.com.tr\/en\/check-up-in-cancer-diagnosis\/\",\"url\":\"https:\/\/www.neolife.com.tr\/en\/check-up-in-cancer-diagnosis\/\",\"name\":\"Check-up in Cancer Diagnosis - Neolife T\u0131p Merkezi\",\"isPartOf\":{\"@id\":\"https:\/\/www.neolife.com.tr\/#website\"},\"datePublished\":\"2023-12-05T04:42:18+00:00\",\"dateModified\":\"2025-09-17T09:51:28+00:00\",\"breadcrumb\":{\"@id\":\"https:\/\/www.neolife.com.tr\/en\/check-up-in-cancer-diagnosis\/#breadcrumb\"},\"inLanguage\":\"en-US\",\"potentialAction\":[{\"@type\":\"ReadAction\",\"target\":[\"https:\/\/www.neolife.com.tr\/en\/check-up-in-cancer-diagnosis\/\"]}]},{\"@type\":\"BreadcrumbList\",\"@id\":\"https:\/\/www.neolife.com.tr\/en\/check-up-in-cancer-diagnosis\/#breadcrumb\",\"itemListElement\":[{\"@type\":\"ListItem\",\"position\":1,\"name\":\"Ana Sayfa\",\"item\":\"https:\/\/www.neolife.com.tr\/en\/\"},{\"@type\":\"ListItem\",\"position\":2,\"name\":\"Check-up in Cancer Diagnosis\"}]},{\"@type\":\"WebSite\",\"@id\":\"https:\/\/www.neolife.com.tr\/#website\",\"url\":\"https:\/\/www.neolife.com.tr\/\",\"name\":\"Neolife T\u0131p Merkezi\",\"description\":\"T\u00fcrkiye&#039;de kanser tedavisi - kanser te\u015fhisi ve tedavisi\",\"publisher\":{\"@id\":\"https:\/\/www.neolife.com.tr\/#organization\"},\"potentialAction\":[{\"@type\":\"SearchAction\",\"target\":{\"@type\":\"EntryPoint\",\"urlTemplate\":\"https:\/\/www.neolife.com.tr\/?s={search_term_string}\"},\"query-input\":\"required name=search_term_string\"}],\"inLanguage\":\"en-US\"},{\"@type\":\"Organization\",\"@id\":\"https:\/\/www.neolife.com.tr\/#organization\",\"name\":\"Neolife T\u0131p Merkezi\",\"url\":\"https:\/\/www.neolife.com.tr\/\",\"logo\":{\"@type\":\"ImageObject\",\"inLanguage\":\"en-US\",\"@id\":\"https:\/\/www.neolife.com.tr\/#\/schema\/logo\/image\/\",\"url\":\"https:\/\/www.neolife.com.tr\/wp-content\/uploads\/2021\/06\/Neolife-Logo.png\",\"contentUrl\":\"https:\/\/www.neolife.com.tr\/wp-content\/uploads\/2021\/06\/Neolife-Logo.png\",\"width\":348,\"height\":92,\"caption\":\"Neolife T\u0131p Merkezi\"},\"image\":{\"@id\":\"https:\/\/www.neolife.com.tr\/#\/schema\/logo\/image\/\"},\"sameAs\":[\"https:\/\/www.facebook.com\/NeoLifeIstanbul\/\",\"https:\/\/x.com\/NeoLifeIstanbul\",\"https:\/\/www.linkedin.com\/company\/neolife-oncology-center\/?originalSubdomain=tr\"]}]}<\/script>\n<!-- \/ Yoast SEO plugin. -->","yoast_head_json":{"title":"Check-up in Cancer Diagnosis - Neolife T\u0131p Merkezi","robots":{"index":"index","follow":"follow","max-snippet":"max-snippet:-1","max-image-preview":"max-image-preview:large","max-video-preview":"max-video-preview:-1"},"canonical":"https:\/\/www.neolife.com.tr\/en\/check-up-in-cancer-diagnosis\/","twitter_misc":{"Est. reading time":"3 minutes"},"schema":{"@context":"https:\/\/schema.org","@graph":[{"@type":"WebPage","@id":"https:\/\/www.neolife.com.tr\/en\/check-up-in-cancer-diagnosis\/","url":"https:\/\/www.neolife.com.tr\/en\/check-up-in-cancer-diagnosis\/","name":"Check-up in Cancer Diagnosis - Neolife T\u0131p Merkezi","isPartOf":{"@id":"https:\/\/www.neolife.com.tr\/#website"},"datePublished":"2023-12-05T04:42:18+00:00","dateModified":"2025-09-17T09:51:28+00:00","breadcrumb":{"@id":"https:\/\/www.neolife.com.tr\/en\/check-up-in-cancer-diagnosis\/#breadcrumb"},"inLanguage":"en-US","potentialAction":[{"@type":"ReadAction","target":["https:\/\/www.neolife.com.tr\/en\/check-up-in-cancer-diagnosis\/"]}]},{"@type":"BreadcrumbList","@id":"https:\/\/www.neolife.com.tr\/en\/check-up-in-cancer-diagnosis\/#breadcrumb","itemListElement":[{"@type":"ListItem","position":1,"name":"Ana Sayfa","item":"https:\/\/www.neolife.com.tr\/en\/"},{"@type":"ListItem","position":2,"name":"Check-up in Cancer Diagnosis"}]},{"@type":"WebSite","@id":"https:\/\/www.neolife.com.tr\/#website","url":"https:\/\/www.neolife.com.tr\/","name":"Neolife T\u0131p Merkezi","description":"T\u00fcrkiye&#039;de kanser tedavisi - kanser te\u015fhisi ve tedavisi","publisher":{"@id":"https:\/\/www.neolife.com.tr\/#organization"},"potentialAction":[{"@type":"SearchAction","target":{"@type":"EntryPoint","urlTemplate":"https:\/\/www.neolife.com.tr\/?s={search_term_string}"},"query-input":"required name=search_term_string"}],"inLanguage":"en-US"},{"@type":"Organization","@id":"https:\/\/www.neolife.com.tr\/#organization","name":"Neolife T\u0131p Merkezi","url":"https:\/\/www.neolife.com.tr\/","logo":{"@type":"ImageObject","inLanguage":"en-US","@id":"https:\/\/www.neolife.com.tr\/#\/schema\/logo\/image\/","url":"https:\/\/www.neolife.com.tr\/wp-content\/uploads\/2021\/06\/Neolife-Logo.png","contentUrl":"https:\/\/www.neolife.com.tr\/wp-content\/uploads\/2021\/06\/Neolife-Logo.png","width":348,"height":92,"caption":"Neolife T\u0131p Merkezi"},"image":{"@id":"https:\/\/www.neolife.com.tr\/#\/schema\/logo\/image\/"},"sameAs":["https:\/\/www.facebook.com\/NeoLifeIstanbul\/","https:\/\/x.com\/NeoLifeIstanbul","https:\/\/www.linkedin.com\/company\/neolife-oncology-center\/?originalSubdomain=tr"]}]}},"_links":{"self":[{"href":"https:\/\/www.neolife.com.tr\/en\/wp-json\/wp\/v2\/pages\/18902","targetHints":{"allow":["GET"]}}],"collection":[{"href":"https:\/\/www.neolife.com.tr\/en\/wp-json\/wp\/v2\/pages"}],"about":[{"href":"https:\/\/www.neolife.com.tr\/en\/wp-json\/wp\/v2\/types\/page"}],"author":[{"embeddable":true,"href":"https:\/\/www.neolife.com.tr\/en\/wp-json\/wp\/v2\/users\/12"}],"replies":[{"embeddable":true,"href":"https:\/\/www.neolife.com.tr\/en\/wp-json\/wp\/v2\/comments?post=18902"}],"version-history":[{"count":9,"href":"https:\/\/www.neolife.com.tr\/en\/wp-json\/wp\/v2\/pages\/18902\/revisions"}],"predecessor-version":[{"id":28726,"href":"https:\/\/www.neolife.com.tr\/en\/wp-json\/wp\/v2\/pages\/18902\/revisions\/28726"}],"wp:attachment":[{"href":"https:\/\/www.neolife.com.tr\/en\/wp-json\/wp\/v2\/media?parent=18902"}],"curies":[{"name":"wp","href":"https:\/\/api.w.org\/{rel}","templated":true}]}}