{"id":27354,"date":"2025-07-17T16:48:17","date_gmt":"2025-07-17T13:48:17","guid":{"rendered":"https:\/\/www.neolife.com.tr\/?page_id=27354"},"modified":"2025-07-17T16:52:14","modified_gmt":"2025-07-17T13:52:14","slug":"%d8%a7%d9%84%d8%a8%d8%b1%d9%88%d9%81%d9%8a%d8%b3%d9%88%d8%b1-%d8%a7%d9%84%d8%af%d9%83%d8%aa%d9%88%d8%b1-%d8%a3%d8%ad%d9%85%d8%af-%d8%a3%d9%88%d8%a8%d9%8e%d8%b1","status":"publish","type":"page","link":"https:\/\/www.neolife.com.tr\/ar\/%d8%a7%d9%84%d8%a8%d8%b1%d9%88%d9%81%d9%8a%d8%b3%d9%88%d8%b1-%d8%a7%d9%84%d8%af%d9%83%d8%aa%d9%88%d8%b1-%d8%a3%d8%ad%d9%85%d8%af-%d8%a3%d9%88%d8%a8%d9%8e%d8%b1\/","title":{"rendered":"\u0627\u0644\u0628\u0631\u0648\u0641\u064a\u0633\u0648\u0631 \u0627\u0644\u062f\u0643\u062a\u0648\u0631 \u0623\u062d\u0645\u062f \u0623\u0648\u0628\u064e\u0631"},"content":{"rendered":"\t\t<div data-elementor-type=\"wp-page\" data-elementor-id=\"27354\" class=\"elementor elementor-27354\" data-elementor-post-type=\"page\">\n\t\t\t\t\t\t<section class=\"elementor-section elementor-top-section elementor-element elementor-element-e90e943 elementor-section-boxed elementor-section-height-default elementor-section-height-default\" data-id=\"e90e943\" data-element_type=\"section\">\n\t\t\t\t\t\t<div class=\"elementor-container elementor-column-gap-default\">\n\t\t\t\t\t<div class=\"elementor-column elementor-col-50 elementor-top-column elementor-element elementor-element-d6a9a9a\" data-id=\"d6a9a9a\" data-element_type=\"column\">\n\t\t\t<div class=\"elementor-widget-wrap elementor-element-populated\">\n\t\t\t\t\t\t<section class=\"elementor-section elementor-inner-section elementor-element elementor-element-bee25f0 elementor-section-boxed elementor-section-height-default elementor-section-height-default\" data-id=\"bee25f0\" data-element_type=\"section\">\n\t\t\t\t\t\t<div class=\"elementor-container elementor-column-gap-default\">\n\t\t\t\t\t<div class=\"elementor-column elementor-col-50 elementor-inner-column elementor-element elementor-element-9c473de\" data-id=\"9c473de\" data-element_type=\"column\">\n\t\t\t<div class=\"elementor-widget-wrap elementor-element-populated\">\n\t\t\t\t\t\t<div class=\"elementor-element elementor-element-c8f9f1d elementor-widget elementor-widget-image\" data-id=\"c8f9f1d\" data-element_type=\"widget\" data-widget_type=\"image.default\">\n\t\t\t\t<div class=\"elementor-widget-container\">\n\t\t\t\t\t\t\t\t\t\t\t\t\t\t\t<img fetchpriority=\"high\" decoding=\"async\" width=\"1024\" height=\"1024\" src=\"https:\/\/www.neolife.com.tr\/wp-content\/uploads\/2025\/06\/ahmet-ober-256x256-min-1-1024x1024.jpg\" class=\"attachment-large size-large wp-image-26497\" alt=\"\" srcset=\"https:\/\/www.neolife.com.tr\/wp-content\/uploads\/2025\/06\/ahmet-ober-256x256-min-1-1024x1024.jpg 1024w, https:\/\/www.neolife.com.tr\/wp-content\/uploads\/2025\/06\/ahmet-ober-256x256-min-1-300x300.jpg 300w, https:\/\/www.neolife.com.tr\/wp-content\/uploads\/2025\/06\/ahmet-ober-256x256-min-1-150x150.jpg 150w, https:\/\/www.neolife.com.tr\/wp-content\/uploads\/2025\/06\/ahmet-ober-256x256-min-1-768x768.jpg 768w, https:\/\/www.neolife.com.tr\/wp-content\/uploads\/2025\/06\/ahmet-ober-256x256-min-1.jpg 1067w\" sizes=\"(max-width: 1024px) 100vw, 1024px\" \/>\t\t\t\t\t\t\t\t\t\t\t\t\t\t\t<\/div>\n\t\t\t\t<\/div>\n\t\t\t\t<div class=\"elementor-element elementor-element-def0311 elementor-widget elementor-widget-heading\" data-id=\"def0311\" data-element_type=\"widget\" data-widget_type=\"heading.default\">\n\t\t\t\t<div class=\"elementor-widget-container\">\n\t\t\t\t\t<h2 class=\"elementor-heading-title elementor-size-default\">\u0623\u062e\u0635\u0627\u0626\u064a \u0639\u0644\u0627\u062c \u0627\u0644\u0623\u0648\u0631\u0627\u0645 \u0628\u0627\u0644\u0625\u0634\u0639\u0627\u0639<\/h2>\t\t\t\t<\/div>\n\t\t\t\t<\/div>\n\t\t\t\t\t<\/div>\n\t\t<\/div>\n\t\t\t\t<div class=\"elementor-column elementor-col-50 elementor-inner-column elementor-element elementor-element-162c640\" data-id=\"162c640\" data-element_type=\"column\">\n\t\t\t<div class=\"elementor-widget-wrap elementor-element-populated\">\n\t\t\t\t\t\t<div class=\"elementor-element elementor-element-84f3da9 elementor-widget elementor-widget-heading\" data-id=\"84f3da9\" data-element_type=\"widget\" data-widget_type=\"heading.default\">\n\t\t\t\t<div class=\"elementor-widget-container\">\n\t\t\t\t\t<h2 class=\"elementor-heading-title elementor-size-default\">\u0627\u0644\u0628\u0631\u0648\u0641\u064a\u0633\u0648\u0631 \u0627\u0644\u062f\u0643\u062a\u0648\u0631 \u0623\u062d\u0645\u062f \u0623\u0648\u0628\u064e\u0631\n<\/h2>\t\t\t\t<\/div>\n\t\t\t\t<\/div>\n\t\t\t\t\t<\/div>\n\t\t<\/div>\n\t\t\t\t\t<\/div>\n\t\t<\/section>\n\t\t\t\t<div class=\"elementor-element elementor-element-00573d2 elementor-widget-divider--view-line elementor-widget elementor-widget-divider\" data-id=\"00573d2\" data-element_type=\"widget\" data-widget_type=\"divider.default\">\n\t\t\t\t<div class=\"elementor-widget-container\">\n\t\t\t\t\t\t\t<div class=\"elementor-divider\">\n\t\t\t<span class=\"elementor-divider-separator\">\n\t\t\t\t\t\t<\/span>\n\t\t<\/div>\n\t\t\t\t\t\t<\/div>\n\t\t\t\t<\/div>\n\t\t\t\t<div class=\"elementor-element elementor-element-dd4a1a2 elementor-widget elementor-widget-heading\" data-id=\"dd4a1a2\" data-element_type=\"widget\" data-widget_type=\"heading.default\">\n\t\t\t\t<div class=\"elementor-widget-container\">\n\t\t\t\t\t<h2 class=\"elementor-heading-title elementor-size-default\">\u0627\u0644\u062a\u0639\u0644\u064a\u0645<\/h2>\t\t\t\t<\/div>\n\t\t\t\t<\/div>\n\t\t\t\t<div class=\"elementor-element elementor-element-df00e39 elementor-widget elementor-widget-text-editor\" data-id=\"df00e39\" data-element_type=\"widget\" data-widget_type=\"text-editor.default\">\n\t\t\t\t<div class=\"elementor-widget-container\">\n\t\t\t\t\t\t\t\t\t<div id=\"text_block-173-5342\" class=\"ct-text-block doktor-text\"><p><strong>2008<\/strong><\/p><p>\u0643\u0644\u064a\u0629 \u0637\u0628 \u062c\u0631\u0627\u062d \u0628\u0627\u0634\u0627 \u2013 \u0642\u0633\u0645 \u0639\u0644\u0627\u062c \u0627\u0644\u0623\u0648\u0631\u0627\u0645 \u0628\u0627\u0644\u0625\u0634\u0639\u0627\u0639<br \/>(\u0628\u0631\u0648\u0641\u064a\u0633\u0648\u0631 &#8211; \u0622\u062e\u0631 \u0645\u0646\u0635\u0628 \u0623\u0643\u0627\u062f\u064a\u0645\u064a)<\/p><p><strong>2000 &#8211; 2006<\/strong><\/p><p>\u0643\u0644\u064a\u0629 \u0637\u0628 \u062c\u0631\u0627\u062d \u0628\u0627\u0634\u0627 \u2013 \u0642\u0633\u0645 \u0639\u0644\u0627\u062c \u0627\u0644\u0623\u0648\u0631\u0627\u0645 \u0628\u0627\u0644\u0625\u0634\u0639\u0627\u0639<br \/>(\u0631\u0626\u064a\u0633 \u0627\u0644\u0642\u0633\u0645)<\/p><p><strong>1992<\/strong><\/p><p>\u0643\u0644\u064a\u0629 \u0637\u0628 \u062c\u0631\u0627\u062d \u0628\u0627\u0634\u0627 \u2013 \u0642\u0633\u0645 \u0639\u0644\u0627\u062c \u0627\u0644\u0623\u0648\u0631\u0627\u0645 \u0628\u0627\u0644\u0625\u0634\u0639\u0627\u0639<br \/>(\u0628\u0631\u0648\u0641\u064a\u0633\u0648\u0631)<\/p><p><strong>1985 &#8211; 1992<\/strong><\/p><p>\u0643\u0644\u064a\u0629 \u0637\u0628 \u062c\u0631\u0627\u062d \u0628\u0627\u0634\u0627 \u2013 \u0642\u0633\u0645 \u0639\u0644\u0627\u062c \u0627\u0644\u0623\u0648\u0631\u0627\u0645 \u0628\u0627\u0644\u0625\u0634\u0639\u0627\u0639<br \/>(\u0623\u0633\u062a\u0627\u0630 \u0645\u0634\u0627\u0631\u0643)<\/p><p><strong>1984 &#8211; 1985<\/strong><\/p><p>\u0643\u0644\u064a\u0629 \u0637\u0628 \u062c\u0631\u0627\u062d \u0628\u0627\u0634\u0627 \u2013 \u0642\u0633\u0645 \u0639\u0644\u0627\u062c \u0627\u0644\u0623\u0648\u0631\u0627\u0645 \u0628\u0627\u0644\u0625\u0634\u0639\u0627\u0639<br \/>(\u0623\u0633\u062a\u0627\u0630 \u0645\u0633\u0627\u0639\u062f)<\/p><p><strong>1982 &#8211; 1983<\/strong><\/p><p><br \/>\u0645\u0646\u062d\u0629 \u0627\u0644\u0645\u062c\u0644\u0633 \u0627\u0644\u0628\u0631\u064a\u0637\u0627\u0646\u064a \u2013 \u0644\u0646\u062f\u0646<br \/>\u0645\u0633\u062a\u0634\u0641\u0649 \u0631\u0648\u064a\u0627\u0644 \u0645\u0627\u0631\u0633\u062f\u0646 (\u062f\u0631\u0627\u0633\u0629 \u0641\u064a \u0627\u0644\u062e\u0627\u0631\u062c)<\/p><p><strong>1982 &#8211; 1984<\/strong><\/p><p><br \/>\u0643\u0644\u064a\u0629 \u0637\u0628 \u062c\u0631\u0627\u062d \u0628\u0627\u0634\u0627 \u2013 \u0642\u0633\u0645 \u0639\u0644\u0627\u062c \u0627\u0644\u0623\u0648\u0631\u0627\u0645 \u0628\u0627\u0644\u0625\u0634\u0639\u0627\u0639<br \/>(\u0645\u0633\u0627\u0639\u062f \u0628\u0627\u062d\u062b)<\/p><p><strong>1976 &#8211; 1981\u00a0<\/strong><\/p><p>\u0643\u0644\u064a\u0629 \u0637\u0628 \u062c\u0631\u0627\u062d \u0628\u0627\u0634\u0627 \u2013 \u0642\u0633\u0645 \u0627\u0644\u0639\u0644\u0627\u062c \u0627\u0644\u0625\u0634\u0639\u0627\u0639\u064a<br \/>(\u062a\u062e\u0635\u0635)<\/p><p><b>1976<br \/><\/b>\u062a\u062e\u0631\u062c \u0645\u0646 \u0643\u0644\u064a\u0629 \u0637\u0628 \u062c\u0631\u0627\u062d \u0628\u0627\u0634\u0627<\/p><p><b>1969<br \/><\/b>\u0645\u062f\u0631\u0633\u0629 \u0642\u0627\u0636\u064a \u0643\u0648\u064a \u0645\u0627\u0631\u064a\u0641 \u0627\u0644\u062b\u0627\u0646\u0648\u064a\u0629<\/p><\/div><div id=\"text_block-174-5342\" class=\"ct-text-block doktor-text\"><b>&#8211;<\/b><br \/>\u0645\u062f\u0631\u0633\u0629 \u0628\u0648\u0631\u0635\u0629 \u0633\u062a\u0628\u0627\u0634\u064a \u0627\u0644\u0627\u0628\u062a\u062f\u0627\u0626\u064a\u0629<\/div>\t\t\t\t\t\t\t\t<\/div>\n\t\t\t\t<\/div>\n\t\t\t\t<div class=\"elementor-element elementor-element-f060ffe elementor-widget elementor-widget-heading\" data-id=\"f060ffe\" data-element_type=\"widget\" data-widget_type=\"heading.default\">\n\t\t\t\t<div class=\"elementor-widget-container\">\n\t\t\t\t\t<h2 class=\"elementor-heading-title elementor-size-default\">\u0627\u0644\u0645\u0647\u0627\u0645 \u0627\u0644\u0625\u062f\u0627\u0631\u064a\u0629<\/h2>\t\t\t\t<\/div>\n\t\t\t\t<\/div>\n\t\t\t\t<div class=\"elementor-element elementor-element-ca33c7c elementor-widget elementor-widget-text-editor\" data-id=\"ca33c7c\" data-element_type=\"widget\" data-widget_type=\"text-editor.default\">\n\t\t\t\t<div class=\"elementor-widget-container\">\n\t\t\t\t\t\t\t\t\t<div id=\"text_block-177-5342\" class=\"ct-text-block doktor-text\"><p><b>1998- \u062d\u062a\u0649 \u0627\u0644\u0622\u0646<\/b><\/p><p>\u0639\u0636\u0648 \u0645\u062c\u0645\u0648\u0639\u0629 \u0639\u0645\u0644 \u0627\u0644\u0633\u0631\u0637\u0627\u0646 \u2013 \u0623\u0643\u0627\u062f\u064a\u0645\u064a\u0629 \u0627\u0644\u0639\u0644\u0648\u0645 \u0627\u0644\u062a\u0631\u0643\u064a\u0629<\/p><p><b>2002- 2011\u00a0<\/b><\/p><p>\u0639\u0636\u0648 \u0645\u062c\u0645\u0648\u0639\u0629 \u0639\u0645\u0644 \u0627\u0644\u0633\u0631\u0637\u0627\u0646 \u2013 \u0623\u0643\u0627\u062f\u064a\u0645\u064a\u0629 \u0627\u0644\u0639\u0644\u0648\u0645 \u0627\u0644\u062a\u0631\u0643\u064a\u0629<\/p><p><b>2007- 2010\u00a0<\/b><\/p><p>\u0627\u0644\u0645\u062f\u064a\u0631 \u0627\u0644\u0637\u0628\u064a \/ \u0627\u0644\u0645\u0646\u0633\u0642 \u2013 \u0627\u0644\u0645\u0633\u062a\u0634\u0641\u0649 \u0627\u0644\u0625\u064a\u0637\u0627\u0644\u064a<\/p><p><b>1996 &#8211; 2006\u00a0<\/b><\/p><p>\u0639\u0636\u0648 \u0645\u062c\u0644\u0633 \u0627\u0644\u0625\u062f\u0627\u0631\u0629 \u2013 \u062c\u0645\u0639\u064a\u0629 \u0639\u0644\u0627\u062c \u0627\u0644\u0623\u0648\u0631\u0627\u0645 \u0628\u0627\u0644\u0625\u0634\u0639\u0627\u0639<\/p><p><b>1996 &#8211; 2005\u00a0<\/b><\/p><p>\u0639\u0636\u0648 \u0644\u062c\u0646\u0629 \u0627\u0644\u0623\u062e\u0644\u0627\u0642\u064a\u0627\u062a \u2013 \u0643\u0644\u064a\u0629 \u0637\u0628 \u062c\u0631\u0627\u062d \u0628\u0627\u0634\u0627<\/p><p><b>2003 &#8211; 2004\u00a0<\/b><\/p><p>\u0639\u0636\u0648 \u0644\u062c\u0646\u0629 \u0627\u0644\u0623\u062e\u0644\u0627\u0642\u064a\u0627\u062a \u2013 \u0627\u062a\u062d\u0627\u062f \u0627\u0644\u0623\u0637\u0628\u0627\u0621 \u0641\u064a \u0625\u0633\u0637\u0646\u0628\u0648\u0644<\/p><p><b>2002 &#8211; 2004\u00a0<\/b><\/p><p>\u0631\u0626\u064a\u0633 \u062c\u0645\u0639\u064a\u0629 \u0639\u0644\u0627\u062c \u0627\u0644\u0623\u0648\u0631\u0627\u0645 \u0628\u0627\u0644\u0625\u0634\u0639\u0627\u0639<\/p><p><b>1996 &#8211; 2003<\/b><\/p><p>\u0639\u0636\u0648 \u0645\u062c\u0644\u0633 \u0625\u062f\u0627\u0631\u0629 \u2013 \u0645\u0624\u0633\u0633\u0629 \u0643\u0644\u064a\u0629 \u0637\u0628 \u062c\u0631\u0627\u062d \u0628\u0627\u0634\u0627<\/p><p><b>1990 \u2013 1998<\/b><br \/>\u0639\u0636\u0648 \u0645\u062c\u0644\u0633 \u0625\u062f\u0627\u0631\u0629 \u2013 \u0645\u0624\u0633\u0633\u0629 \u0645\u0643\u0627\u0641\u062d\u0629 \u0627\u0644\u0633\u0631\u0637\u0627\u0646<\/p><\/div><div id=\"text_block-178-5342\" class=\"ct-text-block doktor-text\"><p><b>1988 \u2013 1991<\/b><br \/>\u0639\u0636\u0648 \u0647\u064a\u0626\u0629 \u0627\u0644\u062a\u062f\u0631\u064a\u0633 \u2013 \u0643\u0644\u064a\u0629 \u0637\u0628 \u062c\u0631\u0627\u062d \u0628\u0627\u0634\u0627<\/p><\/div><div id=\"text_block-179-5342\" class=\"ct-text-block doktor-text\"><b>1985 \u2013 1990<br \/><\/b>\u0639\u0636\u0648 \u0645\u062c\u0644\u0633 \u0625\u062f\u0627\u0631\u0629 \u2013 \u062c\u0645\u0639\u064a\u0629 \u0627\u0644\u0633\u0631\u0637\u0627\u0646<\/div>\t\t\t\t\t\t\t\t<\/div>\n\t\t\t\t<\/div>\n\t\t\t\t\t<\/div>\n\t\t<\/div>\n\t\t\t\t<div class=\"elementor-column elementor-col-50 elementor-top-column elementor-element elementor-element-32c7e6b\" data-id=\"32c7e6b\" data-element_type=\"column\">\n\t\t\t<div class=\"elementor-widget-wrap elementor-element-populated\">\n\t\t\t\t\t\t<div class=\"elementor-element elementor-element-108a883 elementor-widget elementor-widget-sidebar\" data-id=\"108a883\" data-element_type=\"widget\" data-widget_type=\"sidebar.default\">\n\t\t\t\t<div class=\"elementor-widget-container\">\n\t\t\t\t\t<div class=\"widget_text chw-widget\"><div class=\"textwidget custom-html-widget\">\t\t<div data-elementor-type=\"section\" data-elementor-id=\"17716\" class=\"elementor elementor-17716\" data-elementor-post-type=\"elementor_library\">\n\t\t\t\t\t<\/div>\n\t\t<\/div><\/div>\t\t\t\t<\/div>\n\t\t\t\t<\/div>\n\t\t\t\t\t<\/div>\n\t\t<\/div>\n\t\t\t\t\t<\/div>\n\t\t<\/section>\n\t\t\t\t<\/div>\n\t\t","protected":false},"excerpt":{"rendered":"<p>\u0623\u062e\u0635\u0627\u0626\u064a \u0639\u0644\u0627\u062c \u0627\u0644\u0623\u0648\u0631\u0627\u0645 \u0628\u0627\u0644\u0625\u0634\u0639\u0627\u0639 \u0627\u0644\u0628\u0631\u0648\u0641\u064a\u0633\u0648\u0631 \u0627\u0644\u062f\u0643\u062a\u0648\u0631 \u0623\u062d\u0645\u062f \u0623\u0648\u0628\u064e\u0631 \u0627\u0644\u062a\u0639\u0644\u064a\u0645 2008 \u0643\u0644\u064a\u0629 \u0637\u0628 \u062c\u0631\u0627\u062d \u0628\u0627\u0634\u0627 \u2013 \u0642\u0633\u0645 \u0639\u0644\u0627\u062c \u0627\u0644\u0623\u0648\u0631\u0627\u0645 \u0628\u0627\u0644\u0625\u0634\u0639\u0627\u0639(\u0628\u0631\u0648\u0641\u064a\u0633\u0648\u0631 &#8211; \u0622\u062e\u0631 \u0645\u0646\u0635\u0628 \u0623\u0643\u0627\u062f\u064a\u0645\u064a) 2000 &#8211; 2006 \u0643\u0644\u064a\u0629 \u0637\u0628 \u062c\u0631\u0627\u062d \u0628\u0627\u0634\u0627 \u2013 \u0642\u0633\u0645 \u0639\u0644\u0627\u062c \u0627\u0644\u0623\u0648\u0631\u0627\u0645 \u0628\u0627\u0644\u0625\u0634\u0639\u0627\u0639(\u0631\u0626\u064a\u0633 \u0627\u0644\u0642\u0633\u0645) 1992 \u0643\u0644\u064a\u0629 \u0637\u0628 \u062c\u0631\u0627\u062d \u0628\u0627\u0634\u0627 \u2013 \u0642\u0633\u0645 \u0639\u0644\u0627\u062c \u0627\u0644\u0623\u0648\u0631\u0627\u0645 \u0628\u0627\u0644\u0625\u0634\u0639\u0627\u0639(\u0628\u0631\u0648\u0641\u064a\u0633\u0648\u0631) 1985 &#8211; 1992 \u0643\u0644\u064a\u0629 \u0637\u0628 \u062c\u0631\u0627\u062d \u0628\u0627\u0634\u0627 \u2013 \u0642\u0633\u0645 [&hellip;]<\/p>\n","protected":false},"author":13,"featured_media":26499,"parent":0,"menu_order":0,"comment_status":"closed","ping_status":"closed","template":"","meta":{"footnotes":""},"class_list":["post-27354","page","type-page","status-publish","has-post-thumbnail","hentry"],"yoast_head":"<!-- This site is optimized with the Yoast SEO plugin v22.5 - https:\/\/yoast.com\/wordpress\/plugins\/seo\/ -->\n<title>\u0627\u0644\u0628\u0631\u0648\u0641\u064a\u0633\u0648\u0631 \u0627\u0644\u062f\u0643\u062a\u0648\u0631 \u0623\u062d\u0645\u062f \u0623\u0648\u0628\u064e\u0631 - Neolife T\u0131p Merkezi<\/title>\n<meta name=\"robots\" content=\"index, follow, max-snippet:-1, max-image-preview:large, max-video-preview:-1\" \/>\n<link rel=\"canonical\" href=\"https:\/\/www.neolife.com.tr\/ar\/%d8%a7%d9%84%d8%a8%d8%b1%d9%88%d9%81%d9%8a%d8%b3%d9%88%d8%b1-%d8%a7%d9%84%d8%af%d9%83%d8%aa%d9%88%d8%b1-%d8%a3%d8%ad%d9%85%d8%af-%d8%a3%d9%88%d8%a8%d9%8e%d8%b1\/\" \/>\n<meta name=\"twitter:label1\" content=\"\u0648\u0642\u062a \u0627\u0644\u0642\u0631\u0627\u0621\u0629 \u0627\u0644\u0645\u064f\u0642\u062f\u0651\u0631\" \/>\n\t<meta name=\"twitter:data1\" content=\"18 \u062f\u0642\u064a\u0642\u0629\" \/>\n<script type=\"application\/ld+json\" class=\"yoast-schema-graph\">{\"@context\":\"https:\/\/schema.org\",\"@graph\":[{\"@type\":\"WebPage\",\"@id\":\"https:\/\/www.neolife.com.tr\/ar\/%d8%a7%d9%84%d8%a8%d8%b1%d9%88%d9%81%d9%8a%d8%b3%d9%88%d8%b1-%d8%a7%d9%84%d8%af%d9%83%d8%aa%d9%88%d8%b1-%d8%a3%d8%ad%d9%85%d8%af-%d8%a3%d9%88%d8%a8%d9%8e%d8%b1\/\",\"url\":\"https:\/\/www.neolife.com.tr\/ar\/%d8%a7%d9%84%d8%a8%d8%b1%d9%88%d9%81%d9%8a%d8%b3%d9%88%d8%b1-%d8%a7%d9%84%d8%af%d9%83%d8%aa%d9%88%d8%b1-%d8%a3%d8%ad%d9%85%d8%af-%d8%a3%d9%88%d8%a8%d9%8e%d8%b1\/\",\"name\":\"\u0627\u0644\u0628\u0631\u0648\u0641\u064a\u0633\u0648\u0631 \u0627\u0644\u062f\u0643\u062a\u0648\u0631 \u0623\u062d\u0645\u062f \u0623\u0648\u0628\u064e\u0631 - Neolife T\u0131p Merkezi\",\"isPartOf\":{\"@id\":\"https:\/\/www.neolife.com.tr\/#website\"},\"primaryImageOfPage\":{\"@id\":\"https:\/\/www.neolife.com.tr\/ar\/%d8%a7%d9%84%d8%a8%d8%b1%d9%88%d9%81%d9%8a%d8%b3%d9%88%d8%b1-%d8%a7%d9%84%d8%af%d9%83%d8%aa%d9%88%d8%b1-%d8%a3%d8%ad%d9%85%d8%af-%d8%a3%d9%88%d8%a8%d9%8e%d8%b1\/#primaryimage\"},\"image\":{\"@id\":\"https:\/\/www.neolife.com.tr\/ar\/%d8%a7%d9%84%d8%a8%d8%b1%d9%88%d9%81%d9%8a%d8%b3%d9%88%d8%b1-%d8%a7%d9%84%d8%af%d9%83%d8%aa%d9%88%d8%b1-%d8%a3%d8%ad%d9%85%d8%af-%d8%a3%d9%88%d8%a8%d9%8e%d8%b1\/#primaryimage\"},\"thumbnailUrl\":\"https:\/\/www.neolife.com.tr\/wp-content\/uploads\/2025\/06\/ahmet-ober-256x256-min-1.jpg\",\"datePublished\":\"2025-07-17T13:48:17+00:00\",\"dateModified\":\"2025-07-17T13:52:14+00:00\",\"breadcrumb\":{\"@id\":\"https:\/\/www.neolife.com.tr\/ar\/%d8%a7%d9%84%d8%a8%d8%b1%d9%88%d9%81%d9%8a%d8%b3%d9%88%d8%b1-%d8%a7%d9%84%d8%af%d9%83%d8%aa%d9%88%d8%b1-%d8%a3%d8%ad%d9%85%d8%af-%d8%a3%d9%88%d8%a8%d9%8e%d8%b1\/#breadcrumb\"},\"inLanguage\":\"ar\",\"potentialAction\":[{\"@type\":\"ReadAction\",\"target\":[\"https:\/\/www.neolife.com.tr\/ar\/%d8%a7%d9%84%d8%a8%d8%b1%d9%88%d9%81%d9%8a%d8%b3%d9%88%d8%b1-%d8%a7%d9%84%d8%af%d9%83%d8%aa%d9%88%d8%b1-%d8%a3%d8%ad%d9%85%d8%af-%d8%a3%d9%88%d8%a8%d9%8e%d8%b1\/\"]}]},{\"@type\":\"ImageObject\",\"inLanguage\":\"ar\",\"@id\":\"https:\/\/www.neolife.com.tr\/ar\/%d8%a7%d9%84%d8%a8%d8%b1%d9%88%d9%81%d9%8a%d8%b3%d9%88%d8%b1-%d8%a7%d9%84%d8%af%d9%83%d8%aa%d9%88%d8%b1-%d8%a3%d8%ad%d9%85%d8%af-%d8%a3%d9%88%d8%a8%d9%8e%d8%b1\/#primaryimage\",\"url\":\"https:\/\/www.neolife.com.tr\/wp-content\/uploads\/2025\/06\/ahmet-ober-256x256-min-1.jpg\",\"contentUrl\":\"https:\/\/www.neolife.com.tr\/wp-content\/uploads\/2025\/06\/ahmet-ober-256x256-min-1.jpg\",\"width\":1067,\"height\":1067,\"caption\":\"\u0627\u0644\u0628\u0631\u0648\u0641\u064a\u0633\u0648\u0631 \u0627\u0644\u062f\u0643\u062a\u0648\u0631 \u0623\u062d\u0645\u062f \u0623\u0648\u0628\u064e\u0631\"},{\"@type\":\"BreadcrumbList\",\"@id\":\"https:\/\/www.neolife.com.tr\/ar\/%d8%a7%d9%84%d8%a8%d8%b1%d9%88%d9%81%d9%8a%d8%b3%d9%88%d8%b1-%d8%a7%d9%84%d8%af%d9%83%d8%aa%d9%88%d8%b1-%d8%a3%d8%ad%d9%85%d8%af-%d8%a3%d9%88%d8%a8%d9%8e%d8%b1\/#breadcrumb\",\"itemListElement\":[{\"@type\":\"ListItem\",\"position\":1,\"name\":\"Ana Sayfa\",\"item\":\"https:\/\/www.neolife.com.tr\/ar\/\"},{\"@type\":\"ListItem\",\"position\":2,\"name\":\"\u0627\u0644\u0628\u0631\u0648\u0641\u064a\u0633\u0648\u0631 \u0627\u0644\u062f\u0643\u062a\u0648\u0631 \u0623\u062d\u0645\u062f \u0623\u0648\u0628\u064e\u0631\"}]},{\"@type\":\"WebSite\",\"@id\":\"https:\/\/www.neolife.com.tr\/#website\",\"url\":\"https:\/\/www.neolife.com.tr\/\",\"name\":\"Neolife T\u0131p Merkezi\",\"description\":\"T\u00fcrkiye&#039;de kanser tedavisi - kanser te\u015fhisi ve tedavisi\",\"publisher\":{\"@id\":\"https:\/\/www.neolife.com.tr\/#organization\"},\"potentialAction\":[{\"@type\":\"SearchAction\",\"target\":{\"@type\":\"EntryPoint\",\"urlTemplate\":\"https:\/\/www.neolife.com.tr\/?s={search_term_string}\"},\"query-input\":\"required name=search_term_string\"}],\"inLanguage\":\"ar\"},{\"@type\":\"Organization\",\"@id\":\"https:\/\/www.neolife.com.tr\/#organization\",\"name\":\"Neolife T\u0131p Merkezi\",\"url\":\"https:\/\/www.neolife.com.tr\/\",\"logo\":{\"@type\":\"ImageObject\",\"inLanguage\":\"ar\",\"@id\":\"https:\/\/www.neolife.com.tr\/#\/schema\/logo\/image\/\",\"url\":\"https:\/\/www.neolife.com.tr\/wp-content\/uploads\/2021\/06\/Neolife-Logo.png\",\"contentUrl\":\"https:\/\/www.neolife.com.tr\/wp-content\/uploads\/2021\/06\/Neolife-Logo.png\",\"width\":348,\"height\":92,\"caption\":\"Neolife T\u0131p Merkezi\"},\"image\":{\"@id\":\"https:\/\/www.neolife.com.tr\/#\/schema\/logo\/image\/\"},\"sameAs\":[\"https:\/\/www.facebook.com\/NeoLifeIstanbul\/\",\"https:\/\/x.com\/NeoLifeIstanbul\",\"https:\/\/www.linkedin.com\/company\/neolife-oncology-center\/?originalSubdomain=tr\"]}]}<\/script>\n<!-- \/ Yoast SEO plugin. -->","yoast_head_json":{"title":"\u0627\u0644\u0628\u0631\u0648\u0641\u064a\u0633\u0648\u0631 \u0627\u0644\u062f\u0643\u062a\u0648\u0631 \u0623\u062d\u0645\u062f \u0623\u0648\u0628\u064e\u0631 - Neolife T\u0131p Merkezi","robots":{"index":"index","follow":"follow","max-snippet":"max-snippet:-1","max-image-preview":"max-image-preview:large","max-video-preview":"max-video-preview:-1"},"canonical":"https:\/\/www.neolife.com.tr\/ar\/%d8%a7%d9%84%d8%a8%d8%b1%d9%88%d9%81%d9%8a%d8%b3%d9%88%d8%b1-%d8%a7%d9%84%d8%af%d9%83%d8%aa%d9%88%d8%b1-%d8%a3%d8%ad%d9%85%d8%af-%d8%a3%d9%88%d8%a8%d9%8e%d8%b1\/","twitter_misc":{"\u0648\u0642\u062a \u0627\u0644\u0642\u0631\u0627\u0621\u0629 \u0627\u0644\u0645\u064f\u0642\u062f\u0651\u0631":"18 \u062f\u0642\u064a\u0642\u0629"},"schema":{"@context":"https:\/\/schema.org","@graph":[{"@type":"WebPage","@id":"https:\/\/www.neolife.com.tr\/ar\/%d8%a7%d9%84%d8%a8%d8%b1%d9%88%d9%81%d9%8a%d8%b3%d9%88%d8%b1-%d8%a7%d9%84%d8%af%d9%83%d8%aa%d9%88%d8%b1-%d8%a3%d8%ad%d9%85%d8%af-%d8%a3%d9%88%d8%a8%d9%8e%d8%b1\/","url":"https:\/\/www.neolife.com.tr\/ar\/%d8%a7%d9%84%d8%a8%d8%b1%d9%88%d9%81%d9%8a%d8%b3%d9%88%d8%b1-%d8%a7%d9%84%d8%af%d9%83%d8%aa%d9%88%d8%b1-%d8%a3%d8%ad%d9%85%d8%af-%d8%a3%d9%88%d8%a8%d9%8e%d8%b1\/","name":"\u0627\u0644\u0628\u0631\u0648\u0641\u064a\u0633\u0648\u0631 \u0627\u0644\u062f\u0643\u062a\u0648\u0631 \u0623\u062d\u0645\u062f \u0623\u0648\u0628\u064e\u0631 - Neolife T\u0131p Merkezi","isPartOf":{"@id":"https:\/\/www.neolife.com.tr\/#website"},"primaryImageOfPage":{"@id":"https:\/\/www.neolife.com.tr\/ar\/%d8%a7%d9%84%d8%a8%d8%b1%d9%88%d9%81%d9%8a%d8%b3%d9%88%d8%b1-%d8%a7%d9%84%d8%af%d9%83%d8%aa%d9%88%d8%b1-%d8%a3%d8%ad%d9%85%d8%af-%d8%a3%d9%88%d8%a8%d9%8e%d8%b1\/#primaryimage"},"image":{"@id":"https:\/\/www.neolife.com.tr\/ar\/%d8%a7%d9%84%d8%a8%d8%b1%d9%88%d9%81%d9%8a%d8%b3%d9%88%d8%b1-%d8%a7%d9%84%d8%af%d9%83%d8%aa%d9%88%d8%b1-%d8%a3%d8%ad%d9%85%d8%af-%d8%a3%d9%88%d8%a8%d9%8e%d8%b1\/#primaryimage"},"thumbnailUrl":"https:\/\/www.neolife.com.tr\/wp-content\/uploads\/2025\/06\/ahmet-ober-256x256-min-1.jpg","datePublished":"2025-07-17T13:48:17+00:00","dateModified":"2025-07-17T13:52:14+00:00","breadcrumb":{"@id":"https:\/\/www.neolife.com.tr\/ar\/%d8%a7%d9%84%d8%a8%d8%b1%d9%88%d9%81%d9%8a%d8%b3%d9%88%d8%b1-%d8%a7%d9%84%d8%af%d9%83%d8%aa%d9%88%d8%b1-%d8%a3%d8%ad%d9%85%d8%af-%d8%a3%d9%88%d8%a8%d9%8e%d8%b1\/#breadcrumb"},"inLanguage":"ar","potentialAction":[{"@type":"ReadAction","target":["https:\/\/www.neolife.com.tr\/ar\/%d8%a7%d9%84%d8%a8%d8%b1%d9%88%d9%81%d9%8a%d8%b3%d9%88%d8%b1-%d8%a7%d9%84%d8%af%d9%83%d8%aa%d9%88%d8%b1-%d8%a3%d8%ad%d9%85%d8%af-%d8%a3%d9%88%d8%a8%d9%8e%d8%b1\/"]}]},{"@type":"ImageObject","inLanguage":"ar","@id":"https:\/\/www.neolife.com.tr\/ar\/%d8%a7%d9%84%d8%a8%d8%b1%d9%88%d9%81%d9%8a%d8%b3%d9%88%d8%b1-%d8%a7%d9%84%d8%af%d9%83%d8%aa%d9%88%d8%b1-%d8%a3%d8%ad%d9%85%d8%af-%d8%a3%d9%88%d8%a8%d9%8e%d8%b1\/#primaryimage","url":"https:\/\/www.neolife.com.tr\/wp-content\/uploads\/2025\/06\/ahmet-ober-256x256-min-1.jpg","contentUrl":"https:\/\/www.neolife.com.tr\/wp-content\/uploads\/2025\/06\/ahmet-ober-256x256-min-1.jpg","width":1067,"height":1067,"caption":"\u0627\u0644\u0628\u0631\u0648\u0641\u064a\u0633\u0648\u0631 \u0627\u0644\u062f\u0643\u062a\u0648\u0631 \u0623\u062d\u0645\u062f \u0623\u0648\u0628\u064e\u0631"},{"@type":"BreadcrumbList","@id":"https:\/\/www.neolife.com.tr\/ar\/%d8%a7%d9%84%d8%a8%d8%b1%d9%88%d9%81%d9%8a%d8%b3%d9%88%d8%b1-%d8%a7%d9%84%d8%af%d9%83%d8%aa%d9%88%d8%b1-%d8%a3%d8%ad%d9%85%d8%af-%d8%a3%d9%88%d8%a8%d9%8e%d8%b1\/#breadcrumb","itemListElement":[{"@type":"ListItem","position":1,"name":"Ana Sayfa","item":"https:\/\/www.neolife.com.tr\/ar\/"},{"@type":"ListItem","position":2,"name":"\u0627\u0644\u0628\u0631\u0648\u0641\u064a\u0633\u0648\u0631 \u0627\u0644\u062f\u0643\u062a\u0648\u0631 \u0623\u062d\u0645\u062f \u0623\u0648\u0628\u064e\u0631"}]},{"@type":"WebSite","@id":"https:\/\/www.neolife.com.tr\/#website","url":"https:\/\/www.neolife.com.tr\/","name":"Neolife T\u0131p Merkezi","description":"T\u00fcrkiye&#039;de kanser tedavisi - kanser te\u015fhisi ve tedavisi","publisher":{"@id":"https:\/\/www.neolife.com.tr\/#organization"},"potentialAction":[{"@type":"SearchAction","target":{"@type":"EntryPoint","urlTemplate":"https:\/\/www.neolife.com.tr\/?s={search_term_string}"},"query-input":"required name=search_term_string"}],"inLanguage":"ar"},{"@type":"Organization","@id":"https:\/\/www.neolife.com.tr\/#organization","name":"Neolife T\u0131p Merkezi","url":"https:\/\/www.neolife.com.tr\/","logo":{"@type":"ImageObject","inLanguage":"ar","@id":"https:\/\/www.neolife.com.tr\/#\/schema\/logo\/image\/","url":"https:\/\/www.neolife.com.tr\/wp-content\/uploads\/2021\/06\/Neolife-Logo.png","contentUrl":"https:\/\/www.neolife.com.tr\/wp-content\/uploads\/2021\/06\/Neolife-Logo.png","width":348,"height":92,"caption":"Neolife T\u0131p Merkezi"},"image":{"@id":"https:\/\/www.neolife.com.tr\/#\/schema\/logo\/image\/"},"sameAs":["https:\/\/www.facebook.com\/NeoLifeIstanbul\/","https:\/\/x.com\/NeoLifeIstanbul","https:\/\/www.linkedin.com\/company\/neolife-oncology-center\/?originalSubdomain=tr"]}]}},"_links":{"self":[{"href":"https:\/\/www.neolife.com.tr\/ar\/wp-json\/wp\/v2\/pages\/27354","targetHints":{"allow":["GET"]}}],"collection":[{"href":"https:\/\/www.neolife.com.tr\/ar\/wp-json\/wp\/v2\/pages"}],"about":[{"href":"https:\/\/www.neolife.com.tr\/ar\/wp-json\/wp\/v2\/types\/page"}],"author":[{"embeddable":true,"href":"https:\/\/www.neolife.com.tr\/ar\/wp-json\/wp\/v2\/users\/13"}],"replies":[{"embeddable":true,"href":"https:\/\/www.neolife.com.tr\/ar\/wp-json\/wp\/v2\/comments?post=27354"}],"version-history":[{"count":4,"href":"https:\/\/www.neolife.com.tr\/ar\/wp-json\/wp\/v2\/pages\/27354\/revisions"}],"predecessor-version":[{"id":27358,"href":"https:\/\/www.neolife.com.tr\/ar\/wp-json\/wp\/v2\/pages\/27354\/revisions\/27358"}],"wp:featuredmedia":[{"embeddable":true,"href":"https:\/\/www.neolife.com.tr\/ar\/wp-json\/wp\/v2\/media\/26499"}],"wp:attachment":[{"href":"https:\/\/www.neolife.com.tr\/ar\/wp-json\/wp\/v2\/media?parent=27354"}],"curies":[{"name":"wp","href":"https:\/\/api.w.org\/{rel}","templated":true}]}}