{"id":27345,"date":"2025-07-17T16:43:05","date_gmt":"2025-07-17T13:43:05","guid":{"rendered":"https:\/\/www.neolife.com.tr\/?page_id=27345"},"modified":"2025-07-17T16:44:50","modified_gmt":"2025-07-17T13:44:50","slug":"27345-2","status":"publish","type":"page","link":"https:\/\/www.neolife.com.tr\/ar\/27345-2\/","title":{"rendered":"\u0623\u062e\u0635\u0627\u0626\u064a\u0629 \u0627\u0644\u062a\u063a\u0630\u064a\u0629 \u0632\u064a\u0631\u064a\u0646 \u0622\u064a\u062f\u0646"},"content":{"rendered":"\t\t<div data-elementor-type=\"wp-page\" data-elementor-id=\"27345\" class=\"elementor elementor-27345\" data-elementor-post-type=\"page\">\n\t\t\t\t\t\t<section class=\"elementor-section elementor-top-section elementor-element elementor-element-3f219f9 elementor-section-boxed elementor-section-height-default elementor-section-height-default\" data-id=\"3f219f9\" data-element_type=\"section\">\n\t\t\t\t\t\t<div class=\"elementor-container elementor-column-gap-default\">\n\t\t\t\t\t<div class=\"elementor-column elementor-col-50 elementor-top-column elementor-element elementor-element-c6f738a\" data-id=\"c6f738a\" data-element_type=\"column\">\n\t\t\t<div class=\"elementor-widget-wrap elementor-element-populated\">\n\t\t\t\t\t\t<section class=\"elementor-section elementor-inner-section elementor-element elementor-element-5c47eb4 elementor-section-boxed elementor-section-height-default elementor-section-height-default\" data-id=\"5c47eb4\" data-element_type=\"section\">\n\t\t\t\t\t\t<div class=\"elementor-container elementor-column-gap-default\">\n\t\t\t\t\t<div class=\"elementor-column elementor-col-50 elementor-inner-column elementor-element elementor-element-58b8798\" data-id=\"58b8798\" data-element_type=\"column\">\n\t\t\t<div class=\"elementor-widget-wrap elementor-element-populated\">\n\t\t\t\t\t\t<div class=\"elementor-element elementor-element-d2bfa1a elementor-widget elementor-widget-image\" data-id=\"d2bfa1a\" data-element_type=\"widget\" data-widget_type=\"image.default\">\n\t\t\t\t<div class=\"elementor-widget-container\">\n\t\t\t\t\t\t\t\t\t\t\t\t\t\t\t<img fetchpriority=\"high\" decoding=\"async\" width=\"1024\" height=\"1024\" src=\"https:\/\/www.neolife.com.tr\/wp-content\/uploads\/2025\/04\/Zerrin-Aydin-1024x1024.jpg\" class=\"attachment-large size-large wp-image-24721\" alt=\"Zerrin Ayd\u0131n\" srcset=\"https:\/\/www.neolife.com.tr\/wp-content\/uploads\/2025\/04\/Zerrin-Aydin-1024x1024.jpg 1024w, https:\/\/www.neolife.com.tr\/wp-content\/uploads\/2025\/04\/Zerrin-Aydin-300x300.jpg 300w, https:\/\/www.neolife.com.tr\/wp-content\/uploads\/2025\/04\/Zerrin-Aydin-150x150.jpg 150w, https:\/\/www.neolife.com.tr\/wp-content\/uploads\/2025\/04\/Zerrin-Aydin-768x768.jpg 768w, https:\/\/www.neolife.com.tr\/wp-content\/uploads\/2025\/04\/Zerrin-Aydin-1536x1536.jpg 1536w, https:\/\/www.neolife.com.tr\/wp-content\/uploads\/2025\/04\/Zerrin-Aydin-2048x2048.jpg 2048w\" sizes=\"(max-width: 1024px) 100vw, 1024px\" \/>\t\t\t\t\t\t\t\t\t\t\t\t\t\t\t<\/div>\n\t\t\t\t<\/div>\n\t\t\t\t<div class=\"elementor-element elementor-element-f55638f elementor-widget elementor-widget-heading\" data-id=\"f55638f\" data-element_type=\"widget\" data-widget_type=\"heading.default\">\n\t\t\t\t<div class=\"elementor-widget-container\">\n\t\t\t\t\t<h2 class=\"elementor-heading-title elementor-size-default\">\u0623\u062e\u0635\u0627\u0626\u064a\u0629 \u062a\u063a\u0630\u064a\u0629<\/h2>\t\t\t\t<\/div>\n\t\t\t\t<\/div>\n\t\t\t\t\t<\/div>\n\t\t<\/div>\n\t\t\t\t<div class=\"elementor-column elementor-col-50 elementor-inner-column elementor-element elementor-element-e6243f8\" data-id=\"e6243f8\" data-element_type=\"column\">\n\t\t\t<div class=\"elementor-widget-wrap elementor-element-populated\">\n\t\t\t\t\t\t<div class=\"elementor-element elementor-element-5fe7269 elementor-widget elementor-widget-heading\" data-id=\"5fe7269\" data-element_type=\"widget\" data-widget_type=\"heading.default\">\n\t\t\t\t<div class=\"elementor-widget-container\">\n\t\t\t\t\t<h2 class=\"elementor-heading-title elementor-size-default\">\u0623\u062e\u0635\u0627\u0626\u064a\u0629 \u0627\u0644\u062a\u063a\u0630\u064a\u0629 \u0632\u064a\u0631\u064a\u0646 \u0622\u064a\u062f\u0646<\/h2>\t\t\t\t<\/div>\n\t\t\t\t<\/div>\n\t\t\t\t\t<\/div>\n\t\t<\/div>\n\t\t\t\t\t<\/div>\n\t\t<\/section>\n\t\t\t\t<div class=\"elementor-element elementor-element-053e077 elementor-widget-divider--view-line elementor-widget elementor-widget-divider\" data-id=\"053e077\" data-element_type=\"widget\" data-widget_type=\"divider.default\">\n\t\t\t\t<div class=\"elementor-widget-container\">\n\t\t\t\t\t\t\t<div class=\"elementor-divider\">\n\t\t\t<span class=\"elementor-divider-separator\">\n\t\t\t\t\t\t<\/span>\n\t\t<\/div>\n\t\t\t\t\t\t<\/div>\n\t\t\t\t<\/div>\n\t\t\t\t<div class=\"elementor-element elementor-element-b02e05d elementor-widget elementor-widget-heading\" data-id=\"b02e05d\" data-element_type=\"widget\" data-widget_type=\"heading.default\">\n\t\t\t\t<div class=\"elementor-widget-container\">\n\t\t\t\t\t<h2 class=\"elementor-heading-title elementor-size-default\">\u0645\u062c\u0627\u0644\u0627\u062a \u0627\u0644\u0627\u0647\u062a\u0645\u0627\u0645<\/h2>\t\t\t\t<\/div>\n\t\t\t\t<\/div>\n\t\t\t\t<div class=\"elementor-element elementor-element-0cc6917 elementor-widget elementor-widget-heading\" data-id=\"0cc6917\" data-element_type=\"widget\" data-widget_type=\"heading.default\">\n\t\t\t\t<div class=\"elementor-widget-container\">\n\t\t\t\t\t<h2 class=\"elementor-heading-title elementor-size-default\">\u0627\u0644\u062a\u0639\u0644\u064a\u0645<\/h2>\t\t\t\t<\/div>\n\t\t\t\t<\/div>\n\t\t\t\t<div class=\"elementor-element elementor-element-54b4ad1 elementor-widget elementor-widget-text-editor\" data-id=\"54b4ad1\" data-element_type=\"widget\" data-widget_type=\"text-editor.default\">\n\t\t\t\t<div class=\"elementor-widget-container\">\n\t\t\t\t\t\t\t\t\t<div id=\"text_block-173-5342\" class=\"ct-text-block doktor-text\"><p><b>1979 \u2013 1984<\/b><\/p><\/div><div id=\"text_block-174-5342\" class=\"ct-text-block doktor-text\">\u062c\u0627\u0645\u0639\u0629 \u062d\u0627\u062c\u062a \u062a\u064e\u0628\u0647<\/div>\t\t\t\t\t\t\t\t<\/div>\n\t\t\t\t<\/div>\n\t\t\t\t<div class=\"elementor-element elementor-element-f004ec9 elementor-widget elementor-widget-heading\" data-id=\"f004ec9\" data-element_type=\"widget\" data-widget_type=\"heading.default\">\n\t\t\t\t<div class=\"elementor-widget-container\">\n\t\t\t\t\t<h2 class=\"elementor-heading-title elementor-size-default\">\u0627\u0644\u062e\u0628\u0631\u0627\u062a \u0627\u0644\u0639\u0645\u0644\u064a\u0629<\/h2>\t\t\t\t<\/div>\n\t\t\t\t<\/div>\n\t\t\t\t<div class=\"elementor-element elementor-element-03b56e5 elementor-widget elementor-widget-text-editor\" data-id=\"03b56e5\" data-element_type=\"widget\" data-widget_type=\"text-editor.default\">\n\t\t\t\t<div class=\"elementor-widget-container\">\n\t\t\t\t\t\t\t\t\t<div id=\"text_block-173-5342\" class=\"ct-text-block doktor-text\"><p><b>2025<br \/><\/b>\u0645\u0631\u0643\u0632 \u0646\u064a\u0648\u0644\u0627\u064a\u0641 \u0627\u0644\u0637\u0628\u064a<\/p><p><b>2006 \u2013 2021<br \/><\/b>\u0645\u0631\u0643\u0632 \u0628\u0627\u064a\u0646\u062f\u064a\u0631 \u0627\u0644\u0637\u0628\u064a<\/p><p><b>1999 \u2013 2006<br \/><\/b>\u0645\u0633\u062a\u0634\u0641\u0649 \u0625\u0646\u062a\u0631\u0646\u0627\u0634\u0648\u0646\u0627\u0644 \u2013 \u0625\u064a\u062a\u064a\u0644\u064e\u0631<\/p><p><b>1994 \u2013 1997<br \/><\/b>\u0645\u0633\u062a\u0634\u0641\u0649 \u0625\u0646\u062a\u0631\u0646\u0627\u0634\u0648\u0646\u0627\u0644 \u2013 \u064a\u0634\u064a\u0644\u0643\u0648\u064a<\/p><p><b>1992 \u2013 1984<br \/><\/b>\u0645\u0631\u0643\u0632 \u0646\u0648\u062a\u0631\u0627 \u0633\u0644\u064a\u0645 \u0644\u0644\u062a\u0646\u062d\u064a\u0641<\/p><\/div><div id=\"text_block-174-5342\" class=\"ct-text-block doktor-text\"><b>1984 \u2013 1989<\/b><br \/>\u062f\u0627\u0631 \u0631\u0639\u0627\u064a\u0629 \u0627\u0644\u0623\u0637\u0641\u0627\u0644 \u0641\u064a \u0628\u0627\u0643\u064a\u0631\u0643\u0648\u064a<\/div>\t\t\t\t\t\t\t\t<\/div>\n\t\t\t\t<\/div>\n\t\t\t\t\t<\/div>\n\t\t<\/div>\n\t\t\t\t<div class=\"elementor-column elementor-col-50 elementor-top-column elementor-element elementor-element-151b42e\" data-id=\"151b42e\" data-element_type=\"column\">\n\t\t\t<div class=\"elementor-widget-wrap elementor-element-populated\">\n\t\t\t\t\t\t<div class=\"elementor-element elementor-element-19ea968 elementor-widget elementor-widget-sidebar\" data-id=\"19ea968\" data-element_type=\"widget\" data-widget_type=\"sidebar.default\">\n\t\t\t\t<div class=\"elementor-widget-container\">\n\t\t\t\t\t<div class=\"widget_text chw-widget\"><div class=\"textwidget custom-html-widget\">\t\t<div data-elementor-type=\"section\" data-elementor-id=\"17716\" class=\"elementor elementor-17716\" data-elementor-post-type=\"elementor_library\">\n\t\t\t\t\t<\/div>\n\t\t<\/div><\/div>\t\t\t\t<\/div>\n\t\t\t\t<\/div>\n\t\t\t\t\t<\/div>\n\t\t<\/div>\n\t\t\t\t\t<\/div>\n\t\t<\/section>\n\t\t\t\t<\/div>\n\t\t","protected":false},"excerpt":{"rendered":"<p>\u0623\u062e\u0635\u0627\u0626\u064a\u0629 \u062a\u063a\u0630\u064a\u0629 \u0623\u062e\u0635\u0627\u0626\u064a\u0629 \u0627\u0644\u062a\u063a\u0630\u064a\u0629 \u0632\u064a\u0631\u064a\u0646 \u0622\u064a\u062f\u0646 \u0645\u062c\u0627\u0644\u0627\u062a \u0627\u0644\u0627\u0647\u062a\u0645\u0627\u0645 \u0627\u0644\u062a\u0639\u0644\u064a\u0645 1979 \u2013 1984 \u062c\u0627\u0645\u0639\u0629 \u062d\u0627\u062c\u062a \u062a\u064e\u0628\u0647 \u0627\u0644\u062e\u0628\u0631\u0627\u062a \u0627\u0644\u0639\u0645\u0644\u064a\u0629 2025\u0645\u0631\u0643\u0632 \u0646\u064a\u0648\u0644\u0627\u064a\u0641 \u0627\u0644\u0637\u0628\u064a 2006 \u2013 2021\u0645\u0631\u0643\u0632 \u0628\u0627\u064a\u0646\u062f\u064a\u0631 \u0627\u0644\u0637\u0628\u064a 1999 \u2013 2006\u0645\u0633\u062a\u0634\u0641\u0649 \u0625\u0646\u062a\u0631\u0646\u0627\u0634\u0648\u0646\u0627\u0644 \u2013 \u0625\u064a\u062a\u064a\u0644\u064e\u0631 1994 \u2013 1997\u0645\u0633\u062a\u0634\u0641\u0649 \u0625\u0646\u062a\u0631\u0646\u0627\u0634\u0648\u0646\u0627\u0644 \u2013 \u064a\u0634\u064a\u0644\u0643\u0648\u064a 1992 \u2013 1984\u0645\u0631\u0643\u0632 \u0646\u0648\u062a\u0631\u0627 \u0633\u0644\u064a\u0645 \u0644\u0644\u062a\u0646\u062d\u064a\u0641 1984 \u2013 1989\u062f\u0627\u0631 \u0631\u0639\u0627\u064a\u0629 \u0627\u0644\u0623\u0637\u0641\u0627\u0644 \u0641\u064a \u0628\u0627\u0643\u064a\u0631\u0643\u0648\u064a<\/p>\n","protected":false},"author":13,"featured_media":26530,"parent":0,"menu_order":0,"comment_status":"closed","ping_status":"closed","template":"","meta":{"footnotes":""},"class_list":["post-27345","page","type-page","status-publish","has-post-thumbnail","hentry"],"yoast_head":"<!-- This site is optimized with the Yoast SEO plugin v22.5 - https:\/\/yoast.com\/wordpress\/plugins\/seo\/ -->\n<title>\u0623\u062e\u0635\u0627\u0626\u064a\u0629 \u0627\u0644\u062a\u063a\u0630\u064a\u0629 \u0632\u064a\u0631\u064a\u0646 \u0622\u064a\u062f\u0646 - Neolife T\u0131p Merkezi<\/title>\n<meta name=\"robots\" content=\"index, follow, max-snippet:-1, max-image-preview:large, max-video-preview:-1\" \/>\n<link rel=\"canonical\" href=\"https:\/\/www.neolife.com.tr\/ar\/27345-2\/\" \/>\n<meta name=\"twitter:label1\" content=\"\u0648\u0642\u062a \u0627\u0644\u0642\u0631\u0627\u0621\u0629 \u0627\u0644\u0645\u064f\u0642\u062f\u0651\u0631\" \/>\n\t<meta name=\"twitter:data1\" content=\"17 \u062f\u0642\u064a\u0642\u0629\" \/>\n<script type=\"application\/ld+json\" class=\"yoast-schema-graph\">{\"@context\":\"https:\/\/schema.org\",\"@graph\":[{\"@type\":\"WebPage\",\"@id\":\"https:\/\/www.neolife.com.tr\/ar\/27345-2\/\",\"url\":\"https:\/\/www.neolife.com.tr\/ar\/27345-2\/\",\"name\":\"\u0623\u062e\u0635\u0627\u0626\u064a\u0629 \u0627\u0644\u062a\u063a\u0630\u064a\u0629 \u0632\u064a\u0631\u064a\u0646 \u0622\u064a\u062f\u0646 - Neolife T\u0131p Merkezi\",\"isPartOf\":{\"@id\":\"https:\/\/www.neolife.com.tr\/#website\"},\"primaryImageOfPage\":{\"@id\":\"https:\/\/www.neolife.com.tr\/ar\/27345-2\/#primaryimage\"},\"image\":{\"@id\":\"https:\/\/www.neolife.com.tr\/ar\/27345-2\/#primaryimage\"},\"thumbnailUrl\":\"https:\/\/www.neolife.com.tr\/wp-content\/uploads\/2025\/06\/Zerrin-Aydin.jpg\",\"datePublished\":\"2025-07-17T13:43:05+00:00\",\"dateModified\":\"2025-07-17T13:44:50+00:00\",\"breadcrumb\":{\"@id\":\"https:\/\/www.neolife.com.tr\/ar\/27345-2\/#breadcrumb\"},\"inLanguage\":\"ar\",\"potentialAction\":[{\"@type\":\"ReadAction\",\"target\":[\"https:\/\/www.neolife.com.tr\/ar\/27345-2\/\"]}]},{\"@type\":\"ImageObject\",\"inLanguage\":\"ar\",\"@id\":\"https:\/\/www.neolife.com.tr\/ar\/27345-2\/#primaryimage\",\"url\":\"https:\/\/www.neolife.com.tr\/wp-content\/uploads\/2025\/06\/Zerrin-Aydin.jpg\",\"contentUrl\":\"https:\/\/www.neolife.com.tr\/wp-content\/uploads\/2025\/06\/Zerrin-Aydin.jpg\",\"width\":2276,\"height\":2277,\"caption\":\"\u0623\u062e\u0635\u0627\u0626\u064a\u0629 \u0627\u0644\u062a\u063a\u0630\u064a\u0629 \u0632\u064a\u0631\u064a\u0646 \u0622\u064a\u062f\u0646\"},{\"@type\":\"BreadcrumbList\",\"@id\":\"https:\/\/www.neolife.com.tr\/ar\/27345-2\/#breadcrumb\",\"itemListElement\":[{\"@type\":\"ListItem\",\"position\":1,\"name\":\"Ana Sayfa\",\"item\":\"https:\/\/www.neolife.com.tr\/ar\/\"},{\"@type\":\"ListItem\",\"position\":2,\"name\":\"\u0623\u062e\u0635\u0627\u0626\u064a\u0629 \u0627\u0644\u062a\u063a\u0630\u064a\u0629 \u0632\u064a\u0631\u064a\u0646 \u0622\u064a\u062f\u0646\"}]},{\"@type\":\"WebSite\",\"@id\":\"https:\/\/www.neolife.com.tr\/#website\",\"url\":\"https:\/\/www.neolife.com.tr\/\",\"name\":\"Neolife T\u0131p Merkezi\",\"description\":\"T\u00fcrkiye&#039;de kanser tedavisi - kanser te\u015fhisi ve tedavisi\",\"publisher\":{\"@id\":\"https:\/\/www.neolife.com.tr\/#organization\"},\"potentialAction\":[{\"@type\":\"SearchAction\",\"target\":{\"@type\":\"EntryPoint\",\"urlTemplate\":\"https:\/\/www.neolife.com.tr\/?s={search_term_string}\"},\"query-input\":\"required name=search_term_string\"}],\"inLanguage\":\"ar\"},{\"@type\":\"Organization\",\"@id\":\"https:\/\/www.neolife.com.tr\/#organization\",\"name\":\"Neolife T\u0131p Merkezi\",\"url\":\"https:\/\/www.neolife.com.tr\/\",\"logo\":{\"@type\":\"ImageObject\",\"inLanguage\":\"ar\",\"@id\":\"https:\/\/www.neolife.com.tr\/#\/schema\/logo\/image\/\",\"url\":\"https:\/\/www.neolife.com.tr\/wp-content\/uploads\/2021\/06\/Neolife-Logo.png\",\"contentUrl\":\"https:\/\/www.neolife.com.tr\/wp-content\/uploads\/2021\/06\/Neolife-Logo.png\",\"width\":348,\"height\":92,\"caption\":\"Neolife T\u0131p Merkezi\"},\"image\":{\"@id\":\"https:\/\/www.neolife.com.tr\/#\/schema\/logo\/image\/\"},\"sameAs\":[\"https:\/\/www.facebook.com\/NeoLifeIstanbul\/\",\"https:\/\/x.com\/NeoLifeIstanbul\",\"https:\/\/www.linkedin.com\/company\/neolife-oncology-center\/?originalSubdomain=tr\"]}]}<\/script>\n<!-- \/ Yoast SEO plugin. -->","yoast_head_json":{"title":"\u0623\u062e\u0635\u0627\u0626\u064a\u0629 \u0627\u0644\u062a\u063a\u0630\u064a\u0629 \u0632\u064a\u0631\u064a\u0646 \u0622\u064a\u062f\u0646 - Neolife T\u0131p Merkezi","robots":{"index":"index","follow":"follow","max-snippet":"max-snippet:-1","max-image-preview":"max-image-preview:large","max-video-preview":"max-video-preview:-1"},"canonical":"https:\/\/www.neolife.com.tr\/ar\/27345-2\/","twitter_misc":{"\u0648\u0642\u062a \u0627\u0644\u0642\u0631\u0627\u0621\u0629 \u0627\u0644\u0645\u064f\u0642\u062f\u0651\u0631":"17 \u062f\u0642\u064a\u0642\u0629"},"schema":{"@context":"https:\/\/schema.org","@graph":[{"@type":"WebPage","@id":"https:\/\/www.neolife.com.tr\/ar\/27345-2\/","url":"https:\/\/www.neolife.com.tr\/ar\/27345-2\/","name":"\u0623\u062e\u0635\u0627\u0626\u064a\u0629 \u0627\u0644\u062a\u063a\u0630\u064a\u0629 \u0632\u064a\u0631\u064a\u0646 \u0622\u064a\u062f\u0646 - Neolife T\u0131p Merkezi","isPartOf":{"@id":"https:\/\/www.neolife.com.tr\/#website"},"primaryImageOfPage":{"@id":"https:\/\/www.neolife.com.tr\/ar\/27345-2\/#primaryimage"},"image":{"@id":"https:\/\/www.neolife.com.tr\/ar\/27345-2\/#primaryimage"},"thumbnailUrl":"https:\/\/www.neolife.com.tr\/wp-content\/uploads\/2025\/06\/Zerrin-Aydin.jpg","datePublished":"2025-07-17T13:43:05+00:00","dateModified":"2025-07-17T13:44:50+00:00","breadcrumb":{"@id":"https:\/\/www.neolife.com.tr\/ar\/27345-2\/#breadcrumb"},"inLanguage":"ar","potentialAction":[{"@type":"ReadAction","target":["https:\/\/www.neolife.com.tr\/ar\/27345-2\/"]}]},{"@type":"ImageObject","inLanguage":"ar","@id":"https:\/\/www.neolife.com.tr\/ar\/27345-2\/#primaryimage","url":"https:\/\/www.neolife.com.tr\/wp-content\/uploads\/2025\/06\/Zerrin-Aydin.jpg","contentUrl":"https:\/\/www.neolife.com.tr\/wp-content\/uploads\/2025\/06\/Zerrin-Aydin.jpg","width":2276,"height":2277,"caption":"\u0623\u062e\u0635\u0627\u0626\u064a\u0629 \u0627\u0644\u062a\u063a\u0630\u064a\u0629 \u0632\u064a\u0631\u064a\u0646 \u0622\u064a\u062f\u0646"},{"@type":"BreadcrumbList","@id":"https:\/\/www.neolife.com.tr\/ar\/27345-2\/#breadcrumb","itemListElement":[{"@type":"ListItem","position":1,"name":"Ana Sayfa","item":"https:\/\/www.neolife.com.tr\/ar\/"},{"@type":"ListItem","position":2,"name":"\u0623\u062e\u0635\u0627\u0626\u064a\u0629 \u0627\u0644\u062a\u063a\u0630\u064a\u0629 \u0632\u064a\u0631\u064a\u0646 \u0622\u064a\u062f\u0646"}]},{"@type":"WebSite","@id":"https:\/\/www.neolife.com.tr\/#website","url":"https:\/\/www.neolife.com.tr\/","name":"Neolife T\u0131p Merkezi","description":"T\u00fcrkiye&#039;de kanser tedavisi - kanser te\u015fhisi ve tedavisi","publisher":{"@id":"https:\/\/www.neolife.com.tr\/#organization"},"potentialAction":[{"@type":"SearchAction","target":{"@type":"EntryPoint","urlTemplate":"https:\/\/www.neolife.com.tr\/?s={search_term_string}"},"query-input":"required name=search_term_string"}],"inLanguage":"ar"},{"@type":"Organization","@id":"https:\/\/www.neolife.com.tr\/#organization","name":"Neolife T\u0131p Merkezi","url":"https:\/\/www.neolife.com.tr\/","logo":{"@type":"ImageObject","inLanguage":"ar","@id":"https:\/\/www.neolife.com.tr\/#\/schema\/logo\/image\/","url":"https:\/\/www.neolife.com.tr\/wp-content\/uploads\/2021\/06\/Neolife-Logo.png","contentUrl":"https:\/\/www.neolife.com.tr\/wp-content\/uploads\/2021\/06\/Neolife-Logo.png","width":348,"height":92,"caption":"Neolife T\u0131p Merkezi"},"image":{"@id":"https:\/\/www.neolife.com.tr\/#\/schema\/logo\/image\/"},"sameAs":["https:\/\/www.facebook.com\/NeoLifeIstanbul\/","https:\/\/x.com\/NeoLifeIstanbul","https:\/\/www.linkedin.com\/company\/neolife-oncology-center\/?originalSubdomain=tr"]}]}},"_links":{"self":[{"href":"https:\/\/www.neolife.com.tr\/ar\/wp-json\/wp\/v2\/pages\/27345","targetHints":{"allow":["GET"]}}],"collection":[{"href":"https:\/\/www.neolife.com.tr\/ar\/wp-json\/wp\/v2\/pages"}],"about":[{"href":"https:\/\/www.neolife.com.tr\/ar\/wp-json\/wp\/v2\/types\/page"}],"author":[{"embeddable":true,"href":"https:\/\/www.neolife.com.tr\/ar\/wp-json\/wp\/v2\/users\/13"}],"replies":[{"embeddable":true,"href":"https:\/\/www.neolife.com.tr\/ar\/wp-json\/wp\/v2\/comments?post=27345"}],"version-history":[{"count":5,"href":"https:\/\/www.neolife.com.tr\/ar\/wp-json\/wp\/v2\/pages\/27345\/revisions"}],"predecessor-version":[{"id":27350,"href":"https:\/\/www.neolife.com.tr\/ar\/wp-json\/wp\/v2\/pages\/27345\/revisions\/27350"}],"wp:featuredmedia":[{"embeddable":true,"href":"https:\/\/www.neolife.com.tr\/ar\/wp-json\/wp\/v2\/media\/26530"}],"wp:attachment":[{"href":"https:\/\/www.neolife.com.tr\/ar\/wp-json\/wp\/v2\/media?parent=27345"}],"curies":[{"name":"wp","href":"https:\/\/api.w.org\/{rel}","templated":true}]}}